{"id":5021,"date":"2024-05-03T06:35:36","date_gmt":"2024-05-03T06:35:36","guid":{"rendered":"https:\/\/elfsight.com\/pl\/?page_id=5021"},"modified":"2024-11-14T12:41:45","modified_gmt":"2024-11-14T12:41:45","slug":"joomla","status":"publish","type":"page","link":"https:\/\/elfsight.com\/pl\/facebook-chat-widget\/joomla\/","title":{"rendered":"Facebook Chat &#8211; Joomla"},"content":{"rendered":"<div class=\"application-platform-content-item-description application-platform-content-item\" id=\"description\" data-nav-section=\"description\"> <h2>Opis<\/h2> <p>Czat na Facebooku opracowany przez Elfsight umo\u017cliwia najszybszym u\u017cytkownikom Twojej witryny wysy\u0142anie wiadomo\u015bci do Ciebie i uzyskiwanie ich odpowiedzi na pytania. W ka\u017cdej chwili mo\u017cesz by\u0107 dost\u0119pny dla klient\u00f3w online w najbardziej ukochanym komunikatorze. Umie\u015b\u0107 Live Chat Box w swoim sklepie i ustaw jego wy\u015bwietlanie na okre\u015blonych stronach lub dla wybranych kategorii odbiorc\u00f3w, wybierz wyzwalacze rozpocz\u0119cia czatu, wprowad\u017a unikaln\u0105 wiadomo\u015b\u0107 powitaln\u0105, ustaw ikony i zastosuj inne dostosowania. Dzi\u0119ki zainstalowanemu na stronie komunikatorowi Facebook, b\u0119dziesz w kontakcie ze swoimi klientami o ka\u017cdej porze i niezale\u017cnie od miejsca, w kt\u00f3rym si\u0119 znajdujesz. <\/p> <div class=\"faq\" data-component=\"FAQ\"> <div class=\"faq-item\">\r\n\t\t\t\t\t<div class=\"faq-item-question\">\r\n\t\t\t\t\t\t<h3 class=\"faq-item-question-text\">Gdzie mog\u0119 opublikowa\u0107 czat na Facebooku<\/h3>\r\n\r\n\t\t\t\t\t\t<div class=\"faq-item-question-icon\"><\/div>\r\n\t\t\t\t\t<\/div>\r\n\r\n\t\t\t\t\t<div class=\"faq-item-answer\">\r\n\t\t\t\t\t\t<div class=\"faq-item-answer-text\"> \u200b\u200b<p>Widget mo\u017ce pojawi\u0107 si\u0119 na ka\u017cdej stronie Twojej witryny lub tylko na wybranych stronach. Mo\u017cliwe jest r\u00f3wnie\u017c ograniczenie go do okre\u015blonych stron, na kt\u00f3rych nie potrzebujesz czatu. <\/p> <\/div>\r\n\t\t\t\t\t<\/div>\r\n\t\t\t\t<\/div> <div class=\"faq-item\">\r\n\t\t\t\t\t<div class=\"faq-item-question\">\r\n\t\t\t\t\t\t<h3 class=\"faq-item-question-text\">Jakie korzy\u015bci mi to da? <\/h3>\r\n\r\n\t\t\t\t\t\t<div class=\"faq-item-question-icon\"><\/div>\r\n\t\t\t\t\t<\/div>\r\n\r\n\t\t\t\t\t<div class=\"faq-item-answer\">\r\n\t\t\t\t\t\t<div class=\"faq-item-answer-text\"> <p>Pomo\u017ce to wi\u0119kszej liczbie odbiorc\u00f3w skontaktowa\u0107 si\u0119 z Tob\u0105 w sprawie zapyta\u0144, pr\u00f3\u015bb lub problem\u00f3w. Mo\u017ce to pom\u00f3c zwi\u0119kszy\u0107 liczb\u0119 potencjalnych klient\u00f3w i sprzeda\u017c. Dodatkowo szybkie odpowiedzi i osobiste podej\u015bcie do ludzi podnios\u0105 jako\u015b\u0107 relacji z Twoimi klientami. <\/p> <\/div>\r\n\t\t\t\t\t<\/div>\r\n\t\t\t\t<\/div> <div class=\"faq-item\">\r\n\t\t\t\t\t<div class=\"faq-item-question\">\r\n\t\t\t\t\t\t<h3 class=\"faq-item-question-text\">Jak zainstalowa\u0107 czat z Facebooka na mojej stronie internetowej Joomla? <\/h3>\r\n\r\n\t\t\t\t\t\t<div class=\"faq-item-question-icon\"><\/div>\r\n\t\t\t\t\t<\/div>\r\n\r\n\t\t\t\t\t<div class=\"faq-item-answer\">\r\n\t\t\t\t\t\t<div class=\"faq-item-answer-text\"> <p>Wystarczy tylko minuta czasu, aby uruchomi\u0107 wid\u017cet. Instalacja jest niezwykle szybka, bezp\u0142atna i nie wymaga kodowania. <\/p> <p>Wid\u017cet mo\u017cna zintegrowa\u0107 bezpo\u015brednio z naszym serwisem lub rynkiem. Mo\u017cesz por\u00f3wna\u0107 wszystkie szczeg\u00f3\u0142y obu opcji i wybra\u0107 bardziej odpowiedni\u0105. <\/p> <\/div>\r\n\t\t\t\t\t<\/div>\r\n\t\t\t\t<\/div> <\/div> <\/div> <div class=\"application-platform-content-item-features application-platform-content-item\" id=\"features\" data-nav-section=\"features\"> <h2>Funkcje<\/h2> <p>Aby pozna\u0107 funkcjonalno\u015b\u0107 czatu na Facebooku, odkryj jego list\u0119 cechy podstawowe. Sprawiaj\u0105, \u017ce ten widget jest niezwykle skuteczny w Twojej promocji: <\/p> <ul><li>Dodaj komunikator na \u017cywo Facebooka na swojej stronie internetowej, aby nawi\u0105za\u0107 komunikacj\u0119 z klientami; <\/li><li>Udziel odpowiedzi bezpo\u015brednio ze swojego konta na Facebooku; <\/li><li>Wybierz jedn\u0105 z 3 opcji lokalizacji czatu: p\u0142ywaj\u0105ca ba\u0144ka, osadzana ba\u0144ka i osadzane okno czatu; <\/li><li>Odkryj kolekcj\u0119 ikon b\u0105belk\u00f3w, z kt\u00f3rych mo\u017cesz skorzysta\u0107| Wybierz wariant ikony b\u0105belkowej w bibliotece dost\u0119pnych ikon; <\/li><li>Edytuj tekst dymku czatu. <\/li><\/ul><p><a href=\"#demo\">Nasza wersja demonstracyjna udost\u0119pni Ci wszystkie funkcje<\/a><\/p> <\/div> <div class=\"application-platform-content-item-installation application-platform-content-item\" id=\"installation\" data-nav-section=\"installation\"> <h2>Oto jak osadzi\u0107 czat na Facebooku w witrynie Joomla<\/h2> <p>Wystarczy post\u0119powa\u0107 zgodnie z poni\u017cszymi instrukcjami, aby rozpocz\u0105\u0107 prac\u0119 z czatem na Facebooku w Joomla.<\/p> <ol><li><b>Skorzystaj z naszego bezp\u0142atnego edytor i zacznij kszta\u0142towa\u0107 swoje spersonalizowane rozszerzenie. <\/b><br> Okre\u015bl preferowany wygl\u0105d i specyfikacje wid\u017cetu i zapisz zmiany. <\/li> <li><b>Odbierz sw\u00f3j unikalny kod widoczny w pude\u0142ku w aplikacjach Elfsight. <\/b><br> Po dostosowaniu wtyczki skopiuj indywidualny kod z wy\u015bwietlonego pola i zachowaj go do dalszego wykorzystania. <\/li> <li><b>Zacznij u\u017cywa\u0107 rozszerzenia w witrynie Joomla. <\/b><br> Wklej zapisany wcze\u015bniej kod na swoj\u0105 stron\u0119 i zapisz zmiany. <\/li> <li><b>Gotowe! Konfiguracja zosta\u0142a pomy\u015blnie przeprowadzona. <\/b><br> Odwied\u017a swoj\u0105 witryn\u0119, aby sprawdzi\u0107 dzia\u0142anie narz\u0119dzia. <\/li><\/ol><p>Nadal nie mo\u017cesz si\u0119 zdecydowa\u0107? Albo natkn\u0105\u0142e\u015b si\u0119 na co\u015b? Po prostu skieruj swoj\u0105 pro\u015bb\u0119 do naszego zespo\u0142u obs\u0142ugi klienta, a oni pomog\u0105 w ka\u017cdej sprawie. <\/p> <\/div>","protected":false},"excerpt":{"rendered":"","protected":false},"author":9,"featured_media":0,"parent":898,"menu_order":0,"comment_status":"closed","ping_status":"closed","template":"templates\/template-application-platform.php","meta":{"publish_to_discourse":"","publish_post_category":"","wpdc_auto_publish_overridden":"","wpdc_topic_tags":"","wpdc_pin_topic":"","wpdc_pin_until":"","discourse_post_id":"","discourse_permalink":"","wpdc_publishing_response":"","wpdc_publishing_error":"","footnotes":""},"class_list":["post-5021","page","type-page","status-publish","hentry"],"yoast_head":"<!-- This site is optimized with the Yoast SEO plugin v25.3.1 - https:\/\/yoast.com\/wordpress\/plugins\/seo\/ -->\n<title>Czat na Facebooku - dodaj rozszerzenie Messenger do strony Joomla (w 2 min)<\/title>\n<meta name=\"description\" content=\"Skonstruowanie rozszerzenia czatu na Facebooku i umieszczenie go w witrynie Joomla jest \u0142atwe. Obs\u0142uga klienta Elfsight jest bezp\u0142atna.\" \/>\n<meta name=\"robots\" content=\"index, follow, max-snippet:-1, max-image-preview:large, max-video-preview:-1\" \/>\n<link rel=\"canonical\" href=\"https:\/\/elfsight.com\/pl\/facebook-chat-widget\/joomla\/\" \/>\n<meta property=\"og:locale\" content=\"pl_PL\" \/>\n<meta property=\"og:type\" content=\"article\" \/>\n<meta property=\"og:title\" content=\"Czat na Facebooku - dodaj rozszerzenie Messenger do strony Joomla (w 2 min)\" \/>\n<meta property=\"og:description\" content=\"Skonstruowanie rozszerzenia czatu na Facebooku i umieszczenie go w witrynie Joomla jest \u0142atwe. Obs\u0142uga klienta Elfsight jest bezp\u0142atna.\" \/>\n<meta property=\"og:url\" content=\"https:\/\/elfsight.com\/pl\/facebook-chat-widget\/joomla\/\" \/>\n<meta property=\"og:site_name\" content=\"Elfsight PL\" \/>\n<meta property=\"article:modified_time\" content=\"2024-11-14T12:41:45+00:00\" \/>\n<meta name=\"twitter:card\" content=\"summary_large_image\" \/>\n<meta name=\"twitter:label1\" content=\"Szacowany czas czytania\" \/>\n\t<meta name=\"twitter:data1\" content=\"3 minuty\" \/>\n<!-- \/ Yoast SEO plugin. -->","yoast_head_json":{"title":"Czat na Facebooku - dodaj rozszerzenie Messenger do strony Joomla (w 2 min)","description":"Skonstruowanie rozszerzenia czatu na Facebooku i umieszczenie go w witrynie Joomla jest \u0142atwe. Obs\u0142uga klienta Elfsight jest bezp\u0142atna.","robots":{"index":"index","follow":"follow","max-snippet":"max-snippet:-1","max-image-preview":"max-image-preview:large","max-video-preview":"max-video-preview:-1"},"canonical":"https:\/\/elfsight.com\/pl\/facebook-chat-widget\/joomla\/","og_locale":"pl_PL","og_type":"article","og_title":"Czat na Facebooku - dodaj rozszerzenie Messenger do strony Joomla (w 2 min)","og_description":"Skonstruowanie rozszerzenia czatu na Facebooku i umieszczenie go w witrynie Joomla jest \u0142atwe. Obs\u0142uga klienta Elfsight jest bezp\u0142atna.","og_url":"https:\/\/elfsight.com\/pl\/facebook-chat-widget\/joomla\/","og_site_name":"Elfsight PL","article_modified_time":"2024-11-14T12:41:45+00:00","twitter_card":"summary_large_image","twitter_misc":{"Szacowany czas czytania":"3 minuty"},"schema":{"@context":"https:\/\/schema.org","@graph":[{"@type":"WebPage","@id":"https:\/\/elfsight.com\/pl\/facebook-chat-widget\/joomla\/","url":"https:\/\/elfsight.com\/pl\/facebook-chat-widget\/joomla\/","name":"Czat na Facebooku - dodaj rozszerzenie Messenger do strony Joomla (w 2 min)","isPartOf":{"@id":"https:\/\/elfsight.com\/pl\/#website"},"datePublished":"2024-05-03T06:35:36+00:00","dateModified":"2024-11-14T12:41:45+00:00","description":"Skonstruowanie rozszerzenia czatu na Facebooku i umieszczenie go w witrynie Joomla jest \u0142atwe. Obs\u0142uga klienta Elfsight jest bezp\u0142atna.","breadcrumb":{"@id":"https:\/\/elfsight.com\/pl\/facebook-chat-widget\/joomla\/#breadcrumb"},"inLanguage":"pl-PL","potentialAction":[{"@type":"ReadAction","target":["https:\/\/elfsight.com\/pl\/facebook-chat-widget\/joomla\/"]}]},{"@type":"BreadcrumbList","@id":"https:\/\/elfsight.com\/pl\/facebook-chat-widget\/joomla\/#breadcrumb","itemListElement":[{"@type":"ListItem","position":1,"name":"Home","item":"https:\/\/elfsight.com\/pl\/"},{"@type":"ListItem","position":2,"name":"Facebook Chat","item":"https:\/\/elfsight.com\/pl\/facebook-chat-widget\/"},{"@type":"ListItem","position":3,"name":"Facebook Chat &#8211; Joomla"}]},{"@type":"WebSite","@id":"https:\/\/elfsight.com\/pl\/#website","url":"https:\/\/elfsight.com\/pl\/","name":"Elfsight PL","description":"Just another Elfsight Sites site","potentialAction":[{"@type":"SearchAction","target":{"@type":"EntryPoint","urlTemplate":"https:\/\/elfsight.com\/pl\/?s={search_term_string}"},"query-input":{"@type":"PropertyValueSpecification","valueRequired":true,"valueName":"search_term_string"}}],"inLanguage":"pl-PL"}]}},"meta_box":{"industry":"","seo_heading":"","heading":"","description":"","cta_heading":"","cta_description":"","application":"897","h1":"Rozszerzenie Joomla Facebook Chat","h1_caption":"Dodaj rozszerzenie czatu na Facebooku do swojej witryny, zapewniaj\u0105c u\u017cytkownikom \u0142atwy spos\u00f3b na bezproblemowe kontaktowanie si\u0119 z Tob\u0105 w witrynie Joomla.","application_category":[],"applications_title":"","applications_request_title":"","applications_request_button_text":"","hero_text":"","hero_video":"","hero_video_schema_markup":"","selling_points_title":"","selling_points_caption":"","selling_points":[],"selling_points_cta_text":"","features_title":"","features":"","ed_cta_examples_text":"","ed_cta_examples_hidden":"","ed_cta_demo_text":"","ed_cta_demo_hidden":"","why_caption":"","why_editor_title":"","why_editor_text":"","why_team_title":"","why_team_text":"","why_service_title":"","why_service_text":"","template_catalog_visible":"","template_catalog_title":"","template_catalog_text":"","template_catalog_categories_visible":"","demo_title":"Utw\u00f3rz wtyczk\u0119 czatu na Facebooku","demo_caption":"Skonfiguruj sw\u00f3j czat na Facebooku i dodaj go do swojej witryny Joomla za darmo!","default_faq_hidden":"","app_template_category":[],"platform":"53","template_public_id":"","codecanyon_url":"","codecanyon_item_id":"","codecanyon_price":"","pricing_caption":"","pricing_elfsight_apps_hide_column":"","pricing_elfsight_apps_url":"","pricing_codecanyon_price_caption":"","integration_category":[],"integration_request_title":"","integration_request_cta":"","integration_platform":"","integrations":[],"platform_category":[],"video_schema_markup":"","price":"od 0 USD \/ miesi\u0105c","trial":"","benefits":[{"text":"Bezp\u0142atna us\u0142uga monta\u017cu"},{"text":"Kompetentna obs\u0142uga klienta"},{"text":"14-dniowa gwarancja zwrotu pieni\u0119dzy"}],"button_url":"#demo","button_target_blank":"","button_nofollow":"","attributes":[{"name":"Instaluje"},{"name":"Czu\u0142y"},{"name":"Kompatybilne przegl\u0105darki"}],"tags":[],"tags_disable_links":"","hide_more_platforms":"","video_object":"","demo_hide_cta":"","demo_hide_cloud_options":"","pricing_title":"","pricing":[{"pricing_icon":"platform","pricing_title":"Elfsight Apps","pricing_title_caption":"Rozwi\u0105zanie wieloplatformowe, kt\u00f3re dzia\u0142a na ka\u017cdej stronie internetowej","pricing_price":"od 0 USD \/ miesi\u0105c","pricing_price_caption":"zacznij od bezp\u0142atnego planu","pricing_benefits":[{"text":"Nielimitowane strony internetowe"},{"text":"Wsparcie premium, terminowe i dobrze udokumentowane"},{"text":"Bezp\u0142atna us\u0142uga monta\u017cu"},{"text":"Cena do z\u0142apania dla wielu aplikacji"}],"pricing_button_text":"Dodaj do witryny","pricing_button_url":"#demo"}],"related_apps_title":"","related_apps_hidden":"","author":"","image":[],"title":"","job":"","social_networks":[]},"_links":{"self":[{"href":"https:\/\/elfsight.com\/pl\/wp-json\/wp\/v2\/pages\/5021","targetHints":{"allow":["GET"]}}],"collection":[{"href":"https:\/\/elfsight.com\/pl\/wp-json\/wp\/v2\/pages"}],"about":[{"href":"https:\/\/elfsight.com\/pl\/wp-json\/wp\/v2\/types\/page"}],"author":[{"embeddable":true,"href":"https:\/\/elfsight.com\/pl\/wp-json\/wp\/v2\/users\/9"}],"replies":[{"embeddable":true,"href":"https:\/\/elfsight.com\/pl\/wp-json\/wp\/v2\/comments?post=5021"}],"version-history":[{"count":1,"href":"https:\/\/elfsight.com\/pl\/wp-json\/wp\/v2\/pages\/5021\/revisions"}],"predecessor-version":[{"id":5025,"href":"https:\/\/elfsight.com\/pl\/wp-json\/wp\/v2\/pages\/5021\/revisions\/5025"}],"up":[{"embeddable":true,"href":"https:\/\/elfsight.com\/pl\/wp-json\/wp\/v2\/pages\/898"}],"wp:attachment":[{"href":"https:\/\/elfsight.com\/pl\/wp-json\/wp\/v2\/media?parent=5021"}],"curies":[{"name":"wp","href":"https:\/\/api.w.org\/{rel}","templated":true}]}}