{"id":5015,"date":"2024-05-03T06:35:34","date_gmt":"2024-05-03T06:35:34","guid":{"rendered":"https:\/\/elfsight.com\/pl\/?page_id=5015"},"modified":"2024-11-14T12:41:37","modified_gmt":"2024-11-14T12:41:37","slug":"webnode","status":"publish","type":"page","link":"https:\/\/elfsight.com\/pl\/facebook-chat-widget\/webnode\/","title":{"rendered":"Facebook Chat &#8211; Webnode"},"content":{"rendered":"<div class=\"application-platform-content-item-description application-platform-content-item\" id=\"description\" data-nav-section=\"description\"> <h2>Opis<\/h2> <p>Czat na Facebooku stworzony przez Elfsight to najprostszy spos\u00f3b, aby u\u017cytkownicy Twojej witryny mogli si\u0119 z Tob\u0105 skontaktowa\u0107 i uzyska\u0107 odpowiedzi na pytania ich pytania. B\u0105d\u017a zawsze dost\u0119pny na \u017cywo dla swoich go\u015bci w ulubionym komunikatorze. Zintegruj czat na \u017cywo ze swoj\u0105 stron\u0105 internetow\u0105, a b\u0119dzie on wy\u015bwietlany na okre\u015blonych stronach lub dla okre\u015blonych grup klient\u00f3w, ustaw wyzwalacze rozpocz\u0119cia czatu, skomponuj unikaln\u0105 wiadomo\u015b\u0107 powitaln\u0105, zmie\u0144 ikony i r\u00f3b wi\u0119cej. Dzi\u0119ki komunikatorowi Facebook b\u0119dziesz \u0142atwo dost\u0119pny dla swoich ludzi o ka\u017cdej porze i z ka\u017cdego miejsca. <\/p> <div class=\"faq\" data-component=\"FAQ\"> <div class=\"faq-item\">\r\n\t\t\t\t\t<div class=\"faq-item-question\">\r\n\t\t\t\t\t\t<h3 class=\"faq-item-question-text\">Gdzie w mojej witrynie mog\u0119 wy\u015bwietli\u0107 czat na Facebooku<\/h3>\r\n\r\n\t\t\t\t\t\t<div class=\"faq-item-question-icon\"><\/div>\r\n\t\t\t\t\t<\/div>\r\n\r\n\t\t\t\t\t<div class=\"faq-item-answer\">\r\n\t\t\t\t\t\t<div class=\"faq-item-answer-text\"> \u200b\u200b<p>Czat na \u017cywo na Facebooku mo\u017ce by\u0107 wy\u015bwietlany na ka\u017cdej stronie Twojej witryny lub tylko na wybranych przez Ciebie stronach. Inn\u0105 opcj\u0105 jest wykluczenie okre\u015blonych stron, je\u015bli chcesz, aby by\u0142y bez czatu. <\/p> <\/div>\r\n\t\t\t\t\t<\/div>\r\n\t\t\t\t<\/div> <div class=\"faq-item\">\r\n\t\t\t\t\t<div class=\"faq-item-question\">\r\n\t\t\t\t\t\t<h3 class=\"faq-item-question-text\">Jakie korzy\u015bci mi to da? <\/h3>\r\n\r\n\t\t\t\t\t\t<div class=\"faq-item-question-icon\"><\/div>\r\n\t\t\t\t\t<\/div>\r\n\r\n\t\t\t\t\t<div class=\"faq-item-answer\">\r\n\t\t\t\t\t\t<div class=\"faq-item-answer-text\"> <p>Dzi\u0119ki tej wtyczce klienci b\u0119d\u0105 ca\u0142kowicie prosto mogli przesy\u0142a\u0107 do Ciebie swoje zapytania lub problemy. W ten spos\u00f3b mo\u017cesz zwi\u0119kszy\u0107 liczb\u0119 lead\u00f3w i zakup\u00f3w. Co wi\u0119cej, szybkie odpowiedzi i spersonalizowane podej\u015bcie do ludzi podnios\u0105 poziom relacji z Twoimi klientami. <\/p> <\/div>\r\n\t\t\t\t\t<\/div>\r\n\t\t\t\t<\/div> <div class=\"faq-item\">\r\n\t\t\t\t\t<div class=\"faq-item-question\">\r\n\t\t\t\t\t\t<h3 class=\"faq-item-question-text\">Jak mog\u0119 zainstalowa\u0107 komunikator Facebook na mojej stronie internetowej? <\/h3>\r\n\r\n\t\t\t\t\t\t<div class=\"faq-item-question-icon\"><\/div>\r\n\t\t\t\t\t<\/div>\r\n\r\n\t\t\t\t\t<div class=\"faq-item-answer\">\r\n\t\t\t\t\t\t<div class=\"faq-item-answer-text\"> <p>B\u0119dziesz potrzebowa\u0107 tylko trzech minut, aby rozpocz\u0105\u0107 korzystanie z wid\u017cetu. Dodawanie jest bardzo szybkie, bezp\u0142atne i nie wymaga kodowania. <\/p> <p>Czat Elfsight na Facebooku mo\u017cna skonfigurowa\u0107 w naszym serwisie lub za po\u015brednictwem rynku. Tutaj mo\u017cesz por\u00f3wna\u0107 wszystkie szczeg\u00f3\u0142y obu opcji i wybra\u0107 swoj\u0105. <\/p> <\/div>\r\n\t\t\t\t\t<\/div>\r\n\t\t\t\t<\/div> <\/div> <\/div><div class=\"application-platform-content-item-features application-platform-content-item\" id=\"features\" data-nav-section=\"features\"> <h2>Funkcje<\/h2> <p>Aby lepiej zrozumie\u0107 Chat Box na Facebooku, mo\u017cesz zajrze\u0107 poprzez list\u0119 cech podstawowych. Dzi\u0119ki nim ten widget jest dla Ciebie maksymalnie skuteczny: <\/p> <ul><li>Umie\u015b\u0107 komunikator Facebook na swojej stronie, aby prowadzi\u0107 czaty na \u017cywo z innymi osobami;<\/li><li>Czatuj bezpo\u015brednio ze swojej strony na Facebooku;<\/li><li>Wybierz jedn\u0105 z 3 opcji lokalizacji czatu: p\u0142ywaj\u0105c\u0105 ba\u0144k\u0119, osadzon\u0105 ba\u0144k\u0119 i osadzon\u0105 okno czatu;<\/li><li> Wybierz ikon\u0119 b\u0105belka z naszej kolekcji; <\/li><li>Edytuj tekst dymku czatu.<\/li><\/ul><p><a href=\"#demo\">Zobacz pe\u0142n\u0105 list\u0119 funkcji w naszej wersji demonstracyjnej<\/a><\/p> <\/div><div class=\"application-platform-content-item-installation application-platform-content-item\" id=\"installation\" data-nav-section=\"installation\"> <h2>Oto jak osadzi\u0107 czat z Facebooka w witrynie Webnode. Jest to nieskomplikowane i szybkie.<\/h2> <p>Wystarcz\u0105 poni\u017csze kroki, aby aktywowa\u0107 komunikator. <\/p> <ol><li><b>Stw\u00f3rz w\u0142asn\u0105 wtyczk\u0119 czatu<\/b><br> Korzystaj\u0105c z naszego bezp\u0142atnego konfiguratora, skonfiguruj wtyczk\u0119 z niestandardowym interfejsem i funkcjami. <\/li><li><b>Odbierz osobisty kod umo\u017cliwiaj\u0105cy wy\u015bwietlenie wtyczki<\/b><br> Po skonfigurowaniu wid\u017cetu otrzymasz unikalny kod z wyskakuj\u0105cego powiadomienia w aplikacji Elfsight. Skopiuj kod.<\/li> <li><b>Zintegruj wtyczk\u0119 na swojej stronie<\/b><br> Wybierz obszar, w kt\u00f3rym planujesz osadzi\u0107 wtyczk\u0119 i tam wklej zapisany kod. Zastosuj wyniki.<\/li> <li><b>Gotowe! <\/b><br> Odwied\u017a swoj\u0105 stron\u0119 internetow\u0105 i obejrzyj swoj\u0105 prac\u0119.<\/li> <\/ol><p>Nadal nie jeste\u015b pewien? Lub masz pytania? Wystarczy wys\u0142a\u0107 zapytanie do naszego dzia\u0142u obs\u0142ugi klienta. Rozwi\u0105\u017cemy ka\u017cdy k\u0142opot. <\/p> <\/div>","protected":false},"excerpt":{"rendered":"","protected":false},"author":9,"featured_media":0,"parent":898,"menu_order":0,"comment_status":"closed","ping_status":"closed","template":"templates\/template-application-platform.php","meta":{"publish_to_discourse":"","publish_post_category":"","wpdc_auto_publish_overridden":"","wpdc_topic_tags":"","wpdc_pin_topic":"","wpdc_pin_until":"","discourse_post_id":"","discourse_permalink":"","wpdc_publishing_response":"","wpdc_publishing_error":"","footnotes":""},"class_list":["post-5015","page","type-page","status-publish","hentry"],"yoast_head":"<!-- This site is optimized with the Yoast SEO plugin v25.3.1 - https:\/\/yoast.com\/wordpress\/plugins\/seo\/ -->\n<title>Czat na Facebooku - dodaj Messenger do strony Webnode (2025)<\/title>\n<meta name=\"description\" content=\"Dzi\u0119ki Elfsight mo\u017cesz b\u0142yskawicznie utworzy\u0107 czat na Facebooku i pokaza\u0107 go na swojej stronie internetowej Webnode. Mamy bezp\u0142atn\u0105 obs\u0142ug\u0119 klienta i inne bonusy.\" \/>\n<meta name=\"robots\" content=\"index, follow, max-snippet:-1, max-image-preview:large, max-video-preview:-1\" \/>\n<link rel=\"canonical\" href=\"https:\/\/elfsight.com\/pl\/facebook-chat-widget\/webnode\/\" \/>\n<meta property=\"og:locale\" content=\"pl_PL\" \/>\n<meta property=\"og:type\" content=\"article\" \/>\n<meta property=\"og:title\" content=\"Czat na Facebooku - dodaj Messenger do strony Webnode (2025)\" \/>\n<meta property=\"og:description\" content=\"Dzi\u0119ki Elfsight mo\u017cesz b\u0142yskawicznie utworzy\u0107 czat na Facebooku i pokaza\u0107 go na swojej stronie internetowej Webnode. Mamy bezp\u0142atn\u0105 obs\u0142ug\u0119 klienta i inne bonusy.\" \/>\n<meta property=\"og:url\" content=\"https:\/\/elfsight.com\/pl\/facebook-chat-widget\/webnode\/\" \/>\n<meta property=\"og:site_name\" content=\"Elfsight PL\" \/>\n<meta property=\"article:modified_time\" content=\"2024-11-14T12:41:37+00:00\" \/>\n<meta name=\"twitter:card\" content=\"summary_large_image\" \/>\n<meta name=\"twitter:label1\" content=\"Szacowany czas czytania\" \/>\n\t<meta name=\"twitter:data1\" content=\"3 minuty\" \/>\n<!-- \/ Yoast SEO plugin. -->","yoast_head_json":{"title":"Czat na Facebooku - dodaj Messenger do strony Webnode (2025)","description":"Dzi\u0119ki Elfsight mo\u017cesz b\u0142yskawicznie utworzy\u0107 czat na Facebooku i pokaza\u0107 go na swojej stronie internetowej Webnode. Mamy bezp\u0142atn\u0105 obs\u0142ug\u0119 klienta i inne bonusy.","robots":{"index":"index","follow":"follow","max-snippet":"max-snippet:-1","max-image-preview":"max-image-preview:large","max-video-preview":"max-video-preview:-1"},"canonical":"https:\/\/elfsight.com\/pl\/facebook-chat-widget\/webnode\/","og_locale":"pl_PL","og_type":"article","og_title":"Czat na Facebooku - dodaj Messenger do strony Webnode (2025)","og_description":"Dzi\u0119ki Elfsight mo\u017cesz b\u0142yskawicznie utworzy\u0107 czat na Facebooku i pokaza\u0107 go na swojej stronie internetowej Webnode. Mamy bezp\u0142atn\u0105 obs\u0142ug\u0119 klienta i inne bonusy.","og_url":"https:\/\/elfsight.com\/pl\/facebook-chat-widget\/webnode\/","og_site_name":"Elfsight PL","article_modified_time":"2024-11-14T12:41:37+00:00","twitter_card":"summary_large_image","twitter_misc":{"Szacowany czas czytania":"3 minuty"},"schema":{"@context":"https:\/\/schema.org","@graph":[{"@type":"WebPage","@id":"https:\/\/elfsight.com\/pl\/facebook-chat-widget\/webnode\/","url":"https:\/\/elfsight.com\/pl\/facebook-chat-widget\/webnode\/","name":"Czat na Facebooku - dodaj Messenger do strony Webnode (2025)","isPartOf":{"@id":"https:\/\/elfsight.com\/pl\/#website"},"datePublished":"2024-05-03T06:35:34+00:00","dateModified":"2024-11-14T12:41:37+00:00","description":"Dzi\u0119ki Elfsight mo\u017cesz b\u0142yskawicznie utworzy\u0107 czat na Facebooku i pokaza\u0107 go na swojej stronie internetowej Webnode. Mamy bezp\u0142atn\u0105 obs\u0142ug\u0119 klienta i inne bonusy.","breadcrumb":{"@id":"https:\/\/elfsight.com\/pl\/facebook-chat-widget\/webnode\/#breadcrumb"},"inLanguage":"pl-PL","potentialAction":[{"@type":"ReadAction","target":["https:\/\/elfsight.com\/pl\/facebook-chat-widget\/webnode\/"]}]},{"@type":"BreadcrumbList","@id":"https:\/\/elfsight.com\/pl\/facebook-chat-widget\/webnode\/#breadcrumb","itemListElement":[{"@type":"ListItem","position":1,"name":"Home","item":"https:\/\/elfsight.com\/pl\/"},{"@type":"ListItem","position":2,"name":"Facebook Chat","item":"https:\/\/elfsight.com\/pl\/facebook-chat-widget\/"},{"@type":"ListItem","position":3,"name":"Facebook Chat &#8211; Webnode"}]},{"@type":"WebSite","@id":"https:\/\/elfsight.com\/pl\/#website","url":"https:\/\/elfsight.com\/pl\/","name":"Elfsight PL","description":"Just another Elfsight Sites site","potentialAction":[{"@type":"SearchAction","target":{"@type":"EntryPoint","urlTemplate":"https:\/\/elfsight.com\/pl\/?s={search_term_string}"},"query-input":{"@type":"PropertyValueSpecification","valueRequired":true,"valueName":"search_term_string"}}],"inLanguage":"pl-PL"}]}},"meta_box":{"industry":"","seo_heading":"","heading":"","description":"","cta_heading":"","cta_description":"","application":"897","h1":"Komunikator Webnode na Facebooku","h1_caption":"Najwygodniejszy kana\u0142 komunikacji dla u\u017cytkownik\u00f3w Twojej witryny","application_category":[],"applications_title":"","applications_request_title":"","applications_request_button_text":"","hero_text":"","hero_video":"","hero_video_schema_markup":"","selling_points_title":"","selling_points_caption":"","selling_points":[],"selling_points_cta_text":"","features_title":"","features":"","ed_cta_examples_text":"","ed_cta_examples_hidden":"","ed_cta_demo_text":"","ed_cta_demo_hidden":"","why_caption":"","why_editor_title":"","why_editor_text":"","why_team_title":"","why_team_text":"","why_service_title":"","why_service_text":"","template_catalog_visible":"","template_catalog_title":"","template_catalog_text":"","template_catalog_categories_visible":"","demo_title":"Utw\u00f3rz wid\u017cet czatu na Facebooku","demo_caption":"Skonfiguruj sw\u00f3j czat na Facebooku i dodaj go do swojej witryny Webnode za darmo!","default_faq_hidden":"","app_template_category":[],"platform":"138","template_public_id":"","codecanyon_url":"","codecanyon_item_id":"","codecanyon_price":"","pricing_caption":"","pricing_elfsight_apps_hide_column":"","pricing_elfsight_apps_url":"","pricing_codecanyon_price_caption":"","integration_category":[],"integration_request_title":"","integration_request_cta":"","integration_platform":"","integrations":[],"platform_category":[],"video_schema_markup":"","price":"od 0 USD \/ miesi\u0105c","trial":"","benefits":[{"text":"Bezp\u0142atna pomoc w monta\u017cu"},{"text":"Do\u015bwiadczona obs\u0142uga klienta"},{"text":"14-dniowa gwarancja zwrotu pieni\u0119dzy"}],"button_url":"#demo","button_target_blank":"","button_nofollow":"","attributes":[{"name":"Instaluje"},{"name":"Czu\u0142y"},{"name":"Kompatybilne przegl\u0105darki"}],"tags":[],"tags_disable_links":"","hide_more_platforms":"","video_object":"","demo_hide_cta":"","demo_hide_cloud_options":"","pricing_title":"","pricing":[{"pricing_icon":"platform","pricing_title":"Elfsight Apps","pricing_title_caption":"Wersja wieloplatformowa, kt\u00f3ra pasuje do ka\u017cdej witryny","pricing_price":"od 0 USD \/ miesi\u0105c","pricing_price_caption":"zacznij od bezp\u0142atnego planu","pricing_benefits":[{"text":"Nielimitowane domeny"},{"text":"Bezp\u0142atna pomoc w monta\u017cu"},{"text":"Profesjonalne wsparcie"},{"text":"Specjalna oferta na wiele aplikacji"}],"pricing_button_text":"Dodaj do witryny","pricing_button_url":"#demo"}],"related_apps_title":"","related_apps_hidden":"","author":"","image":[],"title":"","job":"","social_networks":[]},"_links":{"self":[{"href":"https:\/\/elfsight.com\/pl\/wp-json\/wp\/v2\/pages\/5015","targetHints":{"allow":["GET"]}}],"collection":[{"href":"https:\/\/elfsight.com\/pl\/wp-json\/wp\/v2\/pages"}],"about":[{"href":"https:\/\/elfsight.com\/pl\/wp-json\/wp\/v2\/types\/page"}],"author":[{"embeddable":true,"href":"https:\/\/elfsight.com\/pl\/wp-json\/wp\/v2\/users\/9"}],"replies":[{"embeddable":true,"href":"https:\/\/elfsight.com\/pl\/wp-json\/wp\/v2\/comments?post=5015"}],"version-history":[{"count":1,"href":"https:\/\/elfsight.com\/pl\/wp-json\/wp\/v2\/pages\/5015\/revisions"}],"predecessor-version":[{"id":5019,"href":"https:\/\/elfsight.com\/pl\/wp-json\/wp\/v2\/pages\/5015\/revisions\/5019"}],"up":[{"embeddable":true,"href":"https:\/\/elfsight.com\/pl\/wp-json\/wp\/v2\/pages\/898"}],"wp:attachment":[{"href":"https:\/\/elfsight.com\/pl\/wp-json\/wp\/v2\/media?parent=5015"}],"curies":[{"name":"wp","href":"https:\/\/api.w.org\/{rel}","templated":true}]}}