{"id":5013,"date":"2024-05-03T06:35:32","date_gmt":"2024-05-03T06:35:32","guid":{"rendered":"https:\/\/elfsight.com\/pl\/?page_id=5013"},"modified":"2024-11-14T12:41:37","modified_gmt":"2024-11-14T12:41:37","slug":"bigcommerce","status":"publish","type":"page","link":"https:\/\/elfsight.com\/pl\/facebook-chat-widget\/bigcommerce\/","title":{"rendered":"Facebook Chat &#8211; BigCommerce"},"content":{"rendered":"<div class=\"application-platform-content-item-description application-platform-content-item\" id=\"description\" data-nav-section=\"description\"> <h2>Opis<\/h2> <p>Facebook Chat Box opracowany przez Elfsight to p\u0142ynny i szybki wariant umo\u017cliwiaj\u0105cy u\u017cytkownikom Twojej witryny rozpocz\u0119cie komunikacji z Tob\u0105 i uzyskaj odpowiedzi na ich pytania i pro\u015bby. B\u0105d\u017a dost\u0119pny online dla swoich odbiorc\u00f3w za pomoc\u0105 jednego z najwygodniejszych komunikator\u00f3w, niezale\u017cnie od tego, gdzie si\u0119 znajdujesz. Dodaj Czat na \u017cywo w sklepie i wybierz, aby wy\u015bwietla\u0142 si\u0119 na okre\u015blonych stronach lub dla okre\u015blonych grup widz\u00f3w; wprowadzi\u0107 wyzwalacze rozpoczynaj\u0105ce czat; wprowad\u017a swoj\u0105 niestandardow\u0105 wiadomo\u015b\u0107 powitaln\u0105; wybierz ikony i zastosuj inne dostosowania. Dzi\u0119ki zainstalowanemu na stronie komunikatorowi Facebook b\u0119dziesz w kontakcie ze swoimi lud\u017ami o ka\u017cdej porze i z dowolnego miejsca.<\/p> <div class=\"faq\" data-component=\"FAQ\"> <div class=\"faq-item\">\r\n\t\t\t\t\t<div class=\"faq-item-question\">\r\n\t\t\t\t\t\t<h3 class=\"faq-item-question-text\">Gdzie na mojej stronie mog\u0119 go zainstalowa\u0107<\/h3>\r\n\r\n\t\t\t\t\t\t<div class=\"faq-item-question-icon\"><\/div>\r\n\t\t\t\t\t<\/div>\r\n\r\n\t\t\t\t\t<div class=\"faq-item-answer\">\r\n\t\t\t\t\t\t<div class=\"faq-item-answer-text\"> <p>Mo\u017cesz wstawi\u0107 widget do ka\u017cdej strony Twojej witryny lub tylko do wybranych przez Ciebie stron. Mo\u017cesz tak\u017ce ograniczy\u0107 go do wybranych stron, na kt\u00f3rych nie chcesz czatu.<\/p> <\/div>\r\n\t\t\t\t\t<\/div>\r\n\t\t\t\t<\/div> <div class=\"faq-item\">\r\n\t\t\t\t\t<div class=\"faq-item-question\">\r\n\t\t\t\t\t\t<h3 class=\"faq-item-question-text\">Jak mog\u0119 skorzysta\u0107 z czatu na Facebooku?<\/h3>\r\n\r\n\t\t\t\t\t\t<div class=\"faq-item-question-icon\"><\/div>\r\n\t\t\t\t\t<\/div>\r\n\r\n\t\t\t\t\t<div class=\"faq-item-answer\">\r\n\t\t\t\t\t\t<div class=\"faq-item-answer-text\"> <p>Messa\u017cer Facebooka u\u0142atwi to aby ludzie mogli przesy\u0142a\u0107 Ci swoje pytania, pro\u015bby lub problemy. Mo\u017ce pom\u00f3c zwi\u0119kszy\u0107 liczb\u0119 lead\u00f3w i zakup\u00f3w. Co wi\u0119cej, szybka reakcja i indywidualne podej\u015bcie do ludzi podnios\u0105 jako\u015b\u0107 interakcji z Twoim klientem. <\/p> <\/div>\r\n\t\t\t\t\t<\/div>\r\n\t\t\t\t<\/div> <div class=\"faq-item\">\r\n\t\t\t\t\t<div class=\"faq-item-question\">\r\n\t\t\t\t\t\t<h3 class=\"faq-item-question-text\">Czego potrzebuj\u0119, aby umie\u015bci\u0107 komunikator Facebook na mojej stronie internetowej?<\/h3>\r\n\r\n\t\t\t\t\t\t<div class=\"faq-item-question-icon\"><\/div>\r\n\t\t\t\t\t<\/div>\r\n\r\n\t\t\t\t\t<div class=\"faq-item-answer\">\r\n\t\t\t\t\t\t<div class=\"faq-item-answer-text\"> <p>Wystarczy tylko jedna minuta, aby widget m\u00f3g\u0142 dzia\u0142a\u0107. Osadzanie jest niezwykle szybkie, bezp\u0142atne i nie wymaga kodowania. <\/p> <p>Czat na \u017cywo Elfsight na Facebooku mo\u017cna doda\u0107 za po\u015brednictwem naszej us\u0142ugi lub za po\u015brednictwem rynku. Mo\u017cesz por\u00f3wna\u0107 zalety i wady obu wariant\u00f3w i wybra\u0107 bardziej odpowiedni. <\/p> <\/div>\r\n\t\t\t\t\t<\/div>\r\n\t\t\t\t<\/div> <\/div> <\/div> <div class=\"application-platform-content-item-features application-platform-content-item\" id=\"features\" data-nav-section=\"features\"> <h2>Funkcje<\/h2> <p>Aby lepiej zrozumie\u0107 komunikator Facebook, przejrzyj list\u0119 g\u0142\u00f3wnych Funkcje. Sprawiaj\u0105, \u017ce nasz widget jest naprawd\u0119 przydatny w Twojej promocji: <\/p> <ul><li>Umie\u015b\u0107 komunikator Facebook w swoim sklepie, aby pozosta\u0107 w kontakcie z lud\u017ami; <\/li><li>Odpowiadaj na wiadomo\u015bci bezpo\u015brednio ze swojej strony na Facebooku; <\/li><li>Korzystaj z trzech typ\u00f3w pozycji czatu: p\u0142ywaj\u0105ca ba\u0144ka, osadzana ba\u0144ka i osadzane okno czatu; <\/li><li> Znajd\u017a swoj\u0105 ikon\u0119 b\u0105belka w naszej kolekcji dost\u0119pnych ikon; <\/li><li>Edytowalny tekst w dymku. <\/li><\/ul><p><a href=\"#demo\">Aby pozna\u0107 pe\u0142n\u0105 list\u0119 funkcji, zobacz nasz\u0105 wersj\u0119 demonstracyjn\u0105<\/a><\/p> <\/div> <div class=\"application-platform-content-item-installation application-platform-content-item\" id=\"installation\" data-nav-section=\"installation\"> <h2>Jak doda\u0107 Facebook Messenger do swojego sklepu BigCommerce<\/h2><iframe width=\"720\" height=\"405\" src=\"https:\/\/www.youtube.com\/embed\/Yh0wk3ukOeg\" frameborder=\"0\" allowfullscreen=\"\"><\/iframe><p>Wystarczy wykona\u0107 kroki opisane poni\u017cej, aby rozpocz\u0105\u0107 prac\u0119 z wid\u017cetem w BigCommerce.<\/p> <ol><li><b>Wykonaj nasz darmowy konfigurator i zacznij tworzy\u0107 sw\u00f3j w\u0142asny aplikacja. <\/b><br> Okre\u015bl wybran\u0105 form\u0119 i parametry wtyczki oraz zastosuj modyfikacje. <\/li> <li><b>Zdob\u0105d\u017a unikalny kod pokazany w oknie aplikacji Elfsight. <\/b><br> Po zako\u0144czeniu konfiguracji osobistego wid\u017cetu Czatu na Facebooku skopiuj indywidualny kod w pojawiaj\u0105cym si\u0119 oknie i zapisz go na kolejne okazje. <\/li> <li><b>Rozpocznij korzystanie z aplikacji na stronie BigCommerce. <\/b><br> Wpisz kod, kt\u00f3ry ostatnio skopiowa\u0142e\u015b na swojej stronie i zastosuj ulepszenia. <\/li> <li><b>Konfiguracja zosta\u0142a w pe\u0142ni przeprowadzona. <\/b><br> Przejd\u017a do swojej witryny i sprawd\u017a dzia\u0142anie widgetu. <\/li><\/ol><p>Nadal nie jeste\u015b pewien? Albo natkn\u0105\u0142e\u015b si\u0119 na co\u015b? Wystarczy jedno zg\u0142oszenie do naszego dzia\u0142u obs\u0142ugi klienta, aby rozwi\u0105za\u0107 ka\u017cdy problem. <\/p> <\/div>","protected":false},"excerpt":{"rendered":"","protected":false},"author":9,"featured_media":0,"parent":898,"menu_order":0,"comment_status":"closed","ping_status":"closed","template":"templates\/template-application-platform.php","meta":{"publish_to_discourse":"","publish_post_category":"","wpdc_auto_publish_overridden":"","wpdc_topic_tags":"","wpdc_pin_topic":"","wpdc_pin_until":"","discourse_post_id":"","discourse_permalink":"","wpdc_publishing_response":"","wpdc_publishing_error":"","footnotes":""},"class_list":["post-5013","page","type-page","status-publish","hentry"],"yoast_head":"<!-- This site is optimized with the Yoast SEO plugin v25.3.1 - https:\/\/yoast.com\/wordpress\/plugins\/seo\/ -->\n<title>Dodaj Facebook Messenger do witryny BigCommerce (bezp\u0142atnie i szybko)<\/title>\n<meta name=\"description\" content=\"Dzi\u0119ki Elfsight zaprojektuj wid\u017cet Facebook Messenger i szybko dodaj go do sklepu BigCommerce. Oferujemy bezp\u0142atn\u0105 obs\u0142ug\u0119 klienta i wi\u0119cej bonus\u00f3w.\" \/>\n<meta name=\"robots\" content=\"index, follow, max-snippet:-1, max-image-preview:large, max-video-preview:-1\" \/>\n<link rel=\"canonical\" href=\"https:\/\/elfsight.com\/pl\/facebook-chat-widget\/bigcommerce\/\" \/>\n<meta property=\"og:locale\" content=\"pl_PL\" \/>\n<meta property=\"og:type\" content=\"article\" \/>\n<meta property=\"og:title\" content=\"Dodaj Facebook Messenger do witryny BigCommerce (bezp\u0142atnie i szybko)\" \/>\n<meta property=\"og:description\" content=\"Dzi\u0119ki Elfsight zaprojektuj wid\u017cet Facebook Messenger i szybko dodaj go do sklepu BigCommerce. Oferujemy bezp\u0142atn\u0105 obs\u0142ug\u0119 klienta i wi\u0119cej bonus\u00f3w.\" \/>\n<meta property=\"og:url\" content=\"https:\/\/elfsight.com\/pl\/facebook-chat-widget\/bigcommerce\/\" \/>\n<meta property=\"og:site_name\" content=\"Elfsight PL\" \/>\n<meta property=\"article:modified_time\" content=\"2024-11-14T12:41:37+00:00\" \/>\n<meta name=\"twitter:card\" content=\"summary_large_image\" \/>\n<meta name=\"twitter:label1\" content=\"Szacowany czas czytania\" \/>\n\t<meta name=\"twitter:data1\" content=\"3 minuty\" \/>\n<!-- \/ Yoast SEO plugin. -->","yoast_head_json":{"title":"Dodaj Facebook Messenger do witryny BigCommerce (bezp\u0142atnie i szybko)","description":"Dzi\u0119ki Elfsight zaprojektuj wid\u017cet Facebook Messenger i szybko dodaj go do sklepu BigCommerce. Oferujemy bezp\u0142atn\u0105 obs\u0142ug\u0119 klienta i wi\u0119cej bonus\u00f3w.","robots":{"index":"index","follow":"follow","max-snippet":"max-snippet:-1","max-image-preview":"max-image-preview:large","max-video-preview":"max-video-preview:-1"},"canonical":"https:\/\/elfsight.com\/pl\/facebook-chat-widget\/bigcommerce\/","og_locale":"pl_PL","og_type":"article","og_title":"Dodaj Facebook Messenger do witryny BigCommerce (bezp\u0142atnie i szybko)","og_description":"Dzi\u0119ki Elfsight zaprojektuj wid\u017cet Facebook Messenger i szybko dodaj go do sklepu BigCommerce. Oferujemy bezp\u0142atn\u0105 obs\u0142ug\u0119 klienta i wi\u0119cej bonus\u00f3w.","og_url":"https:\/\/elfsight.com\/pl\/facebook-chat-widget\/bigcommerce\/","og_site_name":"Elfsight PL","article_modified_time":"2024-11-14T12:41:37+00:00","twitter_card":"summary_large_image","twitter_misc":{"Szacowany czas czytania":"3 minuty"},"schema":{"@context":"https:\/\/schema.org","@graph":[{"@type":"WebPage","@id":"https:\/\/elfsight.com\/pl\/facebook-chat-widget\/bigcommerce\/","url":"https:\/\/elfsight.com\/pl\/facebook-chat-widget\/bigcommerce\/","name":"Dodaj Facebook Messenger do witryny BigCommerce (bezp\u0142atnie i szybko)","isPartOf":{"@id":"https:\/\/elfsight.com\/pl\/#website"},"datePublished":"2024-05-03T06:35:32+00:00","dateModified":"2024-11-14T12:41:37+00:00","description":"Dzi\u0119ki Elfsight zaprojektuj wid\u017cet Facebook Messenger i szybko dodaj go do sklepu BigCommerce. Oferujemy bezp\u0142atn\u0105 obs\u0142ug\u0119 klienta i wi\u0119cej bonus\u00f3w.","breadcrumb":{"@id":"https:\/\/elfsight.com\/pl\/facebook-chat-widget\/bigcommerce\/#breadcrumb"},"inLanguage":"pl-PL","potentialAction":[{"@type":"ReadAction","target":["https:\/\/elfsight.com\/pl\/facebook-chat-widget\/bigcommerce\/"]}]},{"@type":"BreadcrumbList","@id":"https:\/\/elfsight.com\/pl\/facebook-chat-widget\/bigcommerce\/#breadcrumb","itemListElement":[{"@type":"ListItem","position":1,"name":"Home","item":"https:\/\/elfsight.com\/pl\/"},{"@type":"ListItem","position":2,"name":"Facebook Chat","item":"https:\/\/elfsight.com\/pl\/facebook-chat-widget\/"},{"@type":"ListItem","position":3,"name":"Facebook Chat &#8211; BigCommerce"}]},{"@type":"WebSite","@id":"https:\/\/elfsight.com\/pl\/#website","url":"https:\/\/elfsight.com\/pl\/","name":"Elfsight PL","description":"Just another Elfsight Sites site","potentialAction":[{"@type":"SearchAction","target":{"@type":"EntryPoint","urlTemplate":"https:\/\/elfsight.com\/pl\/?s={search_term_string}"},"query-input":{"@type":"PropertyValueSpecification","valueRequired":true,"valueName":"search_term_string"}}],"inLanguage":"pl-PL"}]}},"meta_box":{"industry":"","seo_heading":"","heading":"","description":"","cta_heading":"","cta_description":"","application":"897","h1":"Aplikacja BigCommerce na Facebooku Messenger","h1_caption":"Dodaj aplikacj\u0119 do czatowania na Facebooku do swojej witryny, zapewniaj\u0105c u\u017cytkownikom \u0142atwy spos\u00f3b na bezproblemowe kontaktowanie si\u0119 z Tob\u0105 w witrynie BigCommerce.","application_category":[],"applications_title":"","applications_request_title":"","applications_request_button_text":"","hero_text":"","hero_video":"","hero_video_schema_markup":"","selling_points_title":"","selling_points_caption":"","selling_points":[],"selling_points_cta_text":"","features_title":"","features":"","ed_cta_examples_text":"","ed_cta_examples_hidden":"","ed_cta_demo_text":"","ed_cta_demo_hidden":"","why_caption":"","why_editor_title":"","why_editor_text":"","why_team_title":"","why_team_text":"","why_service_title":"","why_service_text":"","template_catalog_visible":"","template_catalog_title":"","template_catalog_text":"","template_catalog_categories_visible":"","demo_title":"Utw\u00f3rz aplikacj\u0119 do czatowania na Facebooku","demo_caption":"Skonfiguruj sw\u00f3j czat na Facebooku i dodaj go do swojej witryny BigCommerce za darmo!","default_faq_hidden":"","app_template_category":[],"platform":"41","template_public_id":"","codecanyon_url":"","codecanyon_item_id":"","codecanyon_price":"","pricing_caption":"","pricing_elfsight_apps_hide_column":"","pricing_elfsight_apps_url":"","pricing_codecanyon_price_caption":"","integration_category":[],"integration_request_title":"","integration_request_cta":"","integration_platform":"","integrations":[],"platform_category":[],"video_schema_markup":"","price":"od 0 USD \/ miesi\u0105c","trial":"","benefits":[{"text":"Bezp\u0142atna us\u0142uga monta\u017cu"},{"text":"Skuteczna obs\u0142uga klienta"},{"text":"14-dniowa gwarancja zwrotu pieni\u0119dzy"}],"button_url":"#demo","button_target_blank":"","button_nofollow":"","attributes":[{"name":"Instaluje"},{"name":"Czu\u0142y"},{"name":"Kompatybilne przegl\u0105darki"}],"tags":[],"tags_disable_links":"","hide_more_platforms":"","video_object":"","demo_hide_cta":"","demo_hide_cloud_options":"","pricing_title":"","pricing":[{"pricing_icon":"platform","pricing_title":"Elfsight Apps","pricing_title_caption":"Niezale\u017cne od platformy rozwi\u0105zanie cyfrowe","pricing_price":"od 0 USD \/ miesi\u0105c","pricing_price_caption":"zacznij od bezp\u0142atnego planu","pricing_benefits":[{"text":"Nielimitowane domeny"},{"text":"Szybka pomoc firmy i dobrze udokumentowana"},{"text":"Bezp\u0142atna pomoc w monta\u017cu"},{"text":"Elastyczny projekt"}],"pricing_button_text":"Dodaj do witryny","pricing_button_url":"#demo"}],"related_apps_title":"","related_apps_hidden":"","author":"","image":[],"title":"","job":"","social_networks":[]},"_links":{"self":[{"href":"https:\/\/elfsight.com\/pl\/wp-json\/wp\/v2\/pages\/5013","targetHints":{"allow":["GET"]}}],"collection":[{"href":"https:\/\/elfsight.com\/pl\/wp-json\/wp\/v2\/pages"}],"about":[{"href":"https:\/\/elfsight.com\/pl\/wp-json\/wp\/v2\/types\/page"}],"author":[{"embeddable":true,"href":"https:\/\/elfsight.com\/pl\/wp-json\/wp\/v2\/users\/9"}],"replies":[{"embeddable":true,"href":"https:\/\/elfsight.com\/pl\/wp-json\/wp\/v2\/comments?post=5013"}],"version-history":[{"count":2,"href":"https:\/\/elfsight.com\/pl\/wp-json\/wp\/v2\/pages\/5013\/revisions"}],"predecessor-version":[{"id":7762,"href":"https:\/\/elfsight.com\/pl\/wp-json\/wp\/v2\/pages\/5013\/revisions\/7762"}],"up":[{"embeddable":true,"href":"https:\/\/elfsight.com\/pl\/wp-json\/wp\/v2\/pages\/898"}],"wp:attachment":[{"href":"https:\/\/elfsight.com\/pl\/wp-json\/wp\/v2\/media?parent=5013"}],"curies":[{"name":"wp","href":"https:\/\/api.w.org\/{rel}","templated":true}]}}