{"id":5008,"date":"2024-05-03T06:35:31","date_gmt":"2024-05-03T06:35:31","guid":{"rendered":"https:\/\/elfsight.com\/pl\/?page_id=5008"},"modified":"2024-11-14T12:41:37","modified_gmt":"2024-11-14T12:41:37","slug":"drupal","status":"publish","type":"page","link":"https:\/\/elfsight.com\/pl\/facebook-chat-widget\/drupal\/","title":{"rendered":"Facebook Chat &#8211; Drupal"},"content":{"rendered":"<div class=\"application-platform-content-item-description application-platform-content-item\" id=\"description\" data-nav-section=\"description\"> <h2>Opis<\/h2> <p>Czat na Facebooku stworzony przez Elfsight to najprostszy spos\u00f3b, aby klienci Twojej witryny mogli wys\u0142a\u0107 do Ciebie wiadomo\u015b\u0107 i uzyska\u0107 odpowiedzi na ich pytania i pro\u015bby. W ka\u017cdej chwili mo\u017cesz pozosta\u0107 dost\u0119pny online w jednym z ulubionych komunikator\u00f3w. Skonfiguruj modu\u0142 komunikatora na stronie internetowej, aby m\u00f3g\u0142 pojawia\u0107 si\u0119 na najwa\u017cniejszych stronach lub dla okre\u015blonych typ\u00f3w os\u00f3b, wybierz wyzwalacze rozpocz\u0119cia czatu, wy\u015bwietlaj niestandardow\u0105 wiadomo\u015b\u0107 powitaln\u0105, zmieniaj ikony i stosuj inn\u0105 personalizacj\u0119. Za pomoc\u0105 czatu na \u017cywo zainstalowanego na stronie b\u0119dziesz dost\u0119pny dla swoich klient\u00f3w o ka\u017cdej porze i z dowolnego miejsca.<\/p> <div class=\"faq\" data-component=\"FAQ\"> <div class=\"faq-item\">\r\n\t\t\t\t\t<div class=\"faq-item-question\">\r\n\t\t\t\t\t\t<h3 class=\"faq-item-question-text\">Gdzie mog\u0119 to osadzi\u0107<\/h3>\r\n\r\n\t\t\t\t\t\t<div class=\"faq-item-question-icon\"><\/div>\r\n\t\t\t\t\t<\/div>\r\n\r\n\t\t\t\t\t<div class=\"faq-item-answer\">\r\n\t\t\t\t\t\t<div class=\"faq-item-answer-text\"> <p>Mo\u017cesz ustawi\u0107 do\u0142\u0105cz czat na Facebooku do ka\u017cdej strony Twojej witryny lub tylko do wybranych przez Ciebie stron. Mo\u017cliwe jest r\u00f3wnie\u017c wykluczenie wybranych stron, je\u015bli nie chcesz, aby widget si\u0119 na nich znajdowa\u0142. <\/p> <\/div>\r\n\t\t\t\t\t<\/div>\r\n\t\t\t\t<\/div> <div class=\"faq-item\">\r\n\t\t\t\t\t<div class=\"faq-item-question\">\r\n\t\t\t\t\t\t<h3 class=\"faq-item-question-text\">Jakie s\u0105 zalety posiadania wid\u017cetu dla mnie?<\/h3>\r\n\r\n\t\t\t\t\t\t<div class=\"faq-item-question-icon\"><\/div>\r\n\t\t\t\t\t<\/div>\r\n\r\n\t\t\t\t\t<div class=\"faq-item-answer\">\r\n\t\t\t\t\t\t<div class=\"faq-item-answer-text\"> <p>Pomo\u017ce to wi\u0119kszej liczbie odwiedzaj\u0105cych witryn\u0119 skontaktowa\u0107 si\u0119 z Tob\u0105 w sprawie pyta\u0144 i pr\u00f3\u015bb. Wspieraj komunikacj\u0119 na \u017cywo i zwi\u0119kszaj liczb\u0119 lead\u00f3w i zakup\u00f3w. Co wi\u0119cej, szybka reakcja i indywidualne podej\u015bcie podnios\u0105 poziom obs\u0142ugi klienta. <\/p> <\/div>\r\n\t\t\t\t\t<\/div>\r\n\t\t\t\t<\/div> <div class=\"faq-item\">\r\n\t\t\t\t\t<div class=\"faq-item-question\">\r\n\t\t\t\t\t\t<h3 class=\"faq-item-question-text\">Czego potrzebuj\u0119, aby doda\u0107 czat na Facebooku do mojej witryny?<\/h3>\r\n\r\n\t\t\t\t\t\t<div class=\"faq-item-question-icon\"><\/div>\r\n\t\t\t\t\t<\/div>\r\n\r\n\t\t\t\t\t<div class=\"faq-item-answer\">\r\n\t\t\t\t\t\t<div class=\"faq-item-answer-text\"> <p>B\u0119dziesz potrzebowa\u0107 tylko trzech minut, aby osadzi\u0107 wid\u017cet. Jest super szybki, darmowy i nie wymaga kodowania. <\/p> <p>Modu\u0142 Elfsight Chat mo\u017cna osadzi\u0107 za po\u015brednictwem naszej us\u0142ugi lub na rynku. Mo\u017cesz przeczyta\u0107 wi\u0119cej o tych wariantach i wybra\u0107 sw\u00f3j. <\/p> <\/div>\r\n\t\t\t\t\t<\/div>\r\n\t\t\t\t<\/div> <\/div> <\/div> <div class=\"application-platform-content-item-features application-platform-content-item\" id=\"features\" data-nav-section=\"features\"> <h2>Funkcje<\/h2> <p>Aby lepiej zrozumie\u0107 Facebook Messenger dla Drupala, sprawd\u017a list\u0119 g\u0142\u00f3wne cechy. Dzi\u0119ki nim nasz modu\u0142 jest niezwykle korzystny dla Twojej firmy: <\/p> <ul><li>Umie\u015b\u0107 czat na swojej stronie, aby pozosta\u0107 w kontakcie z klientami; <\/li><li>Udziel odpowiedzi bezpo\u015brednio ze swojej strony na Facebooku; <\/li><li>Wybierz jedn\u0105 z 3 opcji pozycji czatu: jako p\u0142ywaj\u0105ca ba\u0144ka, osadzona ba\u0144ka i osadzona okno czatu; <\/li><li>Wybierz ikon\u0119 b\u0105belka z kolekcji dost\u0119pnych ikon; <\/li><li>Edytuj tekst dymku czatu. <\/li><\/ul><p><a href=\"#demo\">Zobacz pe\u0142n\u0105 list\u0119 funkcji w naszej wersji demonstracyjnej na \u017cywo<\/a><\/p> <\/div> <div class=\"application-platform-content-item-installation application-platform-content-item\" id=\"installation\" data-nav-section=\"installation\"> <h2>Jak doda\u0107 modu\u0142 Facebook Messenger do swojej strony Drupal<\/h2> <p>Wystarczy wykona\u0107 poni\u017csze kroki, aby doda\u0107 modu\u0142 na Drupalu.<\/p> <ol><li><b>Skorzystaj naszego bezp\u0142atnego demo i zacznij tworzy\u0107 w\u0142asne narz\u0119dzie. <\/b><br> Okre\u015bl niestandardow\u0105 form\u0119 i funkcjonalno\u015b\u0107 modu\u0142u oraz zapisz zmiany. <\/li> <li><b>Wy\u015bwietl sw\u00f3j osobisty kod w oknie aplikacji Elfsight. <\/b><br> Po zako\u0144czeniu generowania modu\u0142u czatu na Facebooku skopiuj ekskluzywny kod z wy\u015bwietlonego wyskakuj\u0105cego okienka i zapisz go do dalszego wykorzystania. <\/li> <li><b>Rozpocznij korzystanie z narz\u0119dzia na stronie Drupal. <\/b><br> Wstaw skopiowany ostatnio kod na swoj\u0105 stron\u0119 i zastosuj poprawki. <\/li> <li><b>Instalacja zosta\u0142a w pe\u0142ni przeprowadzona. <\/b><br> Odwied\u017a swoj\u0105 stron\u0119 internetow\u0105, aby zobaczy\u0107 w akcji dzia\u0142anie modu\u0142u. <\/li><\/ol><p>Nadal nie mo\u017cesz si\u0119 zdecydowa\u0107? Lub masz pytania? Wystarczy wys\u0142a\u0107 zapytanie do naszego dzia\u0142u obs\u0142ugi klienta. Zapewniamy pomoc w przypadku ka\u017cdego problemu.<\/p> <\/div><p><\/p><!-- \/ wp:akapit -->","protected":false},"excerpt":{"rendered":"","protected":false},"author":9,"featured_media":0,"parent":898,"menu_order":0,"comment_status":"closed","ping_status":"closed","template":"templates\/template-application-platform.php","meta":{"publish_to_discourse":"","publish_post_category":"","wpdc_auto_publish_overridden":"","wpdc_topic_tags":"","wpdc_pin_topic":"","wpdc_pin_until":"","discourse_post_id":"","discourse_permalink":"","wpdc_publishing_response":"","wpdc_publishing_error":"","footnotes":""},"class_list":["post-5008","page","type-page","status-publish","hentry"],"yoast_head":"<!-- This site is optimized with the Yoast SEO plugin v25.3.1 - https:\/\/yoast.com\/wordpress\/plugins\/seo\/ -->\n<title>Czat na Facebooku - dodaj modu\u0142 Messenger do strony Drupal (w 2 minuty)<\/title>\n<meta name=\"description\" content=\"Oto szansa na zaprojektowanie czatu na Facebooku i zintegrowanie modu\u0142u Messenger z Twoj\u0105 witryn\u0105 Drupal. B\u0119dziesz cieszy\u0107 si\u0119 bezp\u0142atn\u0105 pomoc\u0105 techniczn\u0105 i innymi bonusami od Elfsight.\" \/>\n<meta name=\"robots\" content=\"index, follow, max-snippet:-1, max-image-preview:large, max-video-preview:-1\" \/>\n<link rel=\"canonical\" href=\"https:\/\/elfsight.com\/pl\/facebook-chat-widget\/drupal\/\" \/>\n<meta property=\"og:locale\" content=\"pl_PL\" \/>\n<meta property=\"og:type\" content=\"article\" \/>\n<meta property=\"og:title\" content=\"Czat na Facebooku - dodaj modu\u0142 Messenger do strony Drupal (w 2 minuty)\" \/>\n<meta property=\"og:description\" content=\"Oto szansa na zaprojektowanie czatu na Facebooku i zintegrowanie modu\u0142u Messenger z Twoj\u0105 witryn\u0105 Drupal. B\u0119dziesz cieszy\u0107 si\u0119 bezp\u0142atn\u0105 pomoc\u0105 techniczn\u0105 i innymi bonusami od Elfsight.\" \/>\n<meta property=\"og:url\" content=\"https:\/\/elfsight.com\/pl\/facebook-chat-widget\/drupal\/\" \/>\n<meta property=\"og:site_name\" content=\"Elfsight PL\" \/>\n<meta property=\"article:modified_time\" content=\"2024-11-14T12:41:37+00:00\" \/>\n<meta name=\"twitter:card\" content=\"summary_large_image\" \/>\n<meta name=\"twitter:label1\" content=\"Szacowany czas czytania\" \/>\n\t<meta name=\"twitter:data1\" content=\"3 minuty\" \/>\n<!-- \/ Yoast SEO plugin. -->","yoast_head_json":{"title":"Czat na Facebooku - dodaj modu\u0142 Messenger do strony Drupal (w 2 minuty)","description":"Oto szansa na zaprojektowanie czatu na Facebooku i zintegrowanie modu\u0142u Messenger z Twoj\u0105 witryn\u0105 Drupal. B\u0119dziesz cieszy\u0107 si\u0119 bezp\u0142atn\u0105 pomoc\u0105 techniczn\u0105 i innymi bonusami od Elfsight.","robots":{"index":"index","follow":"follow","max-snippet":"max-snippet:-1","max-image-preview":"max-image-preview:large","max-video-preview":"max-video-preview:-1"},"canonical":"https:\/\/elfsight.com\/pl\/facebook-chat-widget\/drupal\/","og_locale":"pl_PL","og_type":"article","og_title":"Czat na Facebooku - dodaj modu\u0142 Messenger do strony Drupal (w 2 minuty)","og_description":"Oto szansa na zaprojektowanie czatu na Facebooku i zintegrowanie modu\u0142u Messenger z Twoj\u0105 witryn\u0105 Drupal. B\u0119dziesz cieszy\u0107 si\u0119 bezp\u0142atn\u0105 pomoc\u0105 techniczn\u0105 i innymi bonusami od Elfsight.","og_url":"https:\/\/elfsight.com\/pl\/facebook-chat-widget\/drupal\/","og_site_name":"Elfsight PL","article_modified_time":"2024-11-14T12:41:37+00:00","twitter_card":"summary_large_image","twitter_misc":{"Szacowany czas czytania":"3 minuty"},"schema":{"@context":"https:\/\/schema.org","@graph":[{"@type":"WebPage","@id":"https:\/\/elfsight.com\/pl\/facebook-chat-widget\/drupal\/","url":"https:\/\/elfsight.com\/pl\/facebook-chat-widget\/drupal\/","name":"Czat na Facebooku - dodaj modu\u0142 Messenger do strony Drupal (w 2 minuty)","isPartOf":{"@id":"https:\/\/elfsight.com\/pl\/#website"},"datePublished":"2024-05-03T06:35:31+00:00","dateModified":"2024-11-14T12:41:37+00:00","description":"Oto szansa na zaprojektowanie czatu na Facebooku i zintegrowanie modu\u0142u Messenger z Twoj\u0105 witryn\u0105 Drupal. B\u0119dziesz cieszy\u0107 si\u0119 bezp\u0142atn\u0105 pomoc\u0105 techniczn\u0105 i innymi bonusami od Elfsight.","breadcrumb":{"@id":"https:\/\/elfsight.com\/pl\/facebook-chat-widget\/drupal\/#breadcrumb"},"inLanguage":"pl-PL","potentialAction":[{"@type":"ReadAction","target":["https:\/\/elfsight.com\/pl\/facebook-chat-widget\/drupal\/"]}]},{"@type":"BreadcrumbList","@id":"https:\/\/elfsight.com\/pl\/facebook-chat-widget\/drupal\/#breadcrumb","itemListElement":[{"@type":"ListItem","position":1,"name":"Home","item":"https:\/\/elfsight.com\/pl\/"},{"@type":"ListItem","position":2,"name":"Facebook Chat","item":"https:\/\/elfsight.com\/pl\/facebook-chat-widget\/"},{"@type":"ListItem","position":3,"name":"Facebook Chat &#8211; Drupal"}]},{"@type":"WebSite","@id":"https:\/\/elfsight.com\/pl\/#website","url":"https:\/\/elfsight.com\/pl\/","name":"Elfsight PL","description":"Just another Elfsight Sites site","potentialAction":[{"@type":"SearchAction","target":{"@type":"EntryPoint","urlTemplate":"https:\/\/elfsight.com\/pl\/?s={search_term_string}"},"query-input":{"@type":"PropertyValueSpecification","valueRequired":true,"valueName":"search_term_string"}}],"inLanguage":"pl-PL"}]}},"meta_box":{"industry":"","seo_heading":"","heading":"","description":"","cta_heading":"","cta_description":"","application":"897","h1":"Modu\u0142 Drupal Facebook Messenger","h1_caption":"Dodaj modu\u0142 czatu na Facebooku do swojej witryny, zapewniaj\u0105c u\u017cytkownikom \u0142atwy spos\u00f3b na skontaktowanie si\u0119 z Tob\u0105 w witrynie Drupal.","application_category":[],"applications_title":"","applications_request_title":"","applications_request_button_text":"","hero_text":"","hero_video":"","hero_video_schema_markup":"","selling_points_title":"","selling_points_caption":"","selling_points":[],"selling_points_cta_text":"","features_title":"","features":"","ed_cta_examples_text":"","ed_cta_examples_hidden":"","ed_cta_demo_text":"","ed_cta_demo_hidden":"","why_caption":"","why_editor_title":"","why_editor_text":"","why_team_title":"","why_team_text":"","why_service_title":"","why_service_text":"","template_catalog_visible":"","template_catalog_title":"","template_catalog_text":"","template_catalog_categories_visible":"","demo_title":"Utw\u00f3rz modu\u0142 czatu na Facebooku","demo_caption":"Skonfiguruj sw\u00f3j czat na Facebooku i dodaj go do swojej witryny Drupal za darmo!","default_faq_hidden":"","app_template_category":[],"platform":"47","template_public_id":"","codecanyon_url":"","codecanyon_item_id":"","codecanyon_price":"","pricing_caption":"","pricing_elfsight_apps_hide_column":"","pricing_elfsight_apps_url":"","pricing_codecanyon_price_caption":"","integration_category":[],"integration_request_title":"","integration_request_cta":"","integration_platform":"","integrations":[],"platform_category":[],"video_schema_markup":"","price":"od 0 USD \/ miesi\u0105c","trial":"","benefits":[{"text":"Bezp\u0142atna pomoc w instalacji"},{"text":"Kompetentna obs\u0142uga klienta"},{"text":"14-dniowa gwarancja zwrotu pieni\u0119dzy"}],"button_url":"#demo","button_target_blank":"","button_nofollow":"","attributes":[{"name":"Instaluje"},{"name":"Czu\u0142y"},{"name":"Kompatybilne przegl\u0105darki"}],"tags":[],"tags_disable_links":"","hide_more_platforms":"","video_object":"","demo_hide_cta":"","demo_hide_cloud_options":"","pricing_title":"","pricing":[{"pricing_icon":"platform","pricing_title":"Elfsight Apps","pricing_title_caption":"Oprogramowanie niezale\u017cne od platformy, kt\u00f3re pasuje do ka\u017cdej witryny internetowej","pricing_price":"od 0 USD \/ miesi\u0105c","pricing_price_caption":"zacznij od bezp\u0142atnego planu","pricing_benefits":[{"text":"Nielimitowane domeny"},{"text":"Profesjonalne wsparcie i dobrze udokumentowane"},{"text":"Bezp\u0142atna pomoc w monta\u017cu"},{"text":"Bezp\u0142atna pomoc w monta\u017cu"}],"pricing_button_text":"Dodaj do witryny","pricing_button_url":"#demo"}],"related_apps_title":"","related_apps_hidden":"","author":"","image":[],"title":"","job":"","social_networks":[]},"_links":{"self":[{"href":"https:\/\/elfsight.com\/pl\/wp-json\/wp\/v2\/pages\/5008","targetHints":{"allow":["GET"]}}],"collection":[{"href":"https:\/\/elfsight.com\/pl\/wp-json\/wp\/v2\/pages"}],"about":[{"href":"https:\/\/elfsight.com\/pl\/wp-json\/wp\/v2\/types\/page"}],"author":[{"embeddable":true,"href":"https:\/\/elfsight.com\/pl\/wp-json\/wp\/v2\/users\/9"}],"replies":[{"embeddable":true,"href":"https:\/\/elfsight.com\/pl\/wp-json\/wp\/v2\/comments?post=5008"}],"version-history":[{"count":1,"href":"https:\/\/elfsight.com\/pl\/wp-json\/wp\/v2\/pages\/5008\/revisions"}],"predecessor-version":[{"id":5012,"href":"https:\/\/elfsight.com\/pl\/wp-json\/wp\/v2\/pages\/5008\/revisions\/5012"}],"up":[{"embeddable":true,"href":"https:\/\/elfsight.com\/pl\/wp-json\/wp\/v2\/pages\/898"}],"wp:attachment":[{"href":"https:\/\/elfsight.com\/pl\/wp-json\/wp\/v2\/media?parent=5008"}],"curies":[{"name":"wp","href":"https:\/\/api.w.org\/{rel}","templated":true}]}}