{"id":5007,"date":"2024-05-03T06:35:30","date_gmt":"2024-05-03T06:35:30","guid":{"rendered":"https:\/\/elfsight.com\/pl\/?page_id=5007"},"modified":"2024-11-14T12:41:28","modified_gmt":"2024-11-14T12:41:28","slug":"weebly","status":"publish","type":"page","link":"https:\/\/elfsight.com\/pl\/facebook-chat-widget\/weebly\/","title":{"rendered":"Facebook Chat &#8211; Weebly"},"content":{"rendered":"<div class=\"application-platform-content-item-description application-platform-content-item\" id=\"description\" data-nav-section=\"description\"> <h2>Opis<\/h2> <p>Okno czatu na Facebooku opracowane przez Elfsight to prosty spos\u00f3b, aby odbiorcy Twojej witryny mogli pozosta\u0107 z Tob\u0105 w kontakcie i uzyska\u0107 odpowiedzi na ich pytania. B\u0105d\u017a ju\u017c teraz dost\u0119pny dla swoich go\u015bci w popularnym komunikatorze, gdziekolwiek jeste\u015b. Dodaj Live Chat do swojego sklepu i pozw\u00f3l, aby pojawia\u0142 si\u0119 bez ogranicze\u0144 lub tylko na wybranych stronach lub dla wybranych typ\u00f3w klient\u00f3w; przypisz wyzwalacze rozpocz\u0119cia czatu, utw\u00f3rz w\u0142asn\u0105 wiadomo\u015b\u0107 powitaln\u0105, dopasuj ikony i wiele wi\u0119cej. Korzystaj\u0105c z komunikatora Facebook, b\u0119dziesz w kontakcie ze swoimi klientami o ka\u017cdej porze i z dowolnego miejsca. <\/p> <div class=\"faq\" data-component=\"FAQ\"> <div class=\"faq-item\">\r\n\t\t\t\t\t<div class=\"faq-item-question\">\r\n\t\t\t\t\t\t<h3 class=\"faq-item-question-text\">Gdzie na mojej stronie mog\u0119 osadzi\u0107 czat na Facebooku<\/h3>\r\n\r\n\t\t\t\t\t\t<div class=\"faq-item-question-icon\"><\/div>\r\n\t\t\t\t\t<\/div>\r\n\r\n\t\t\t\t\t<div class=\"faq-item-answer\">\r\n\t\t\t\t\t\t<div class=\"faq-item-answer-text\"> \u200b\u200b<p>Nasz komunikator mo\u017ce dzia\u0142a\u0107 zar\u00f3wno na wszystkich stronach Twojej witryny, jak i tylko na wybranych stronach. Inn\u0105 opcj\u0105 jest po prostu wykluczenie stron, na kt\u00f3rych nie potrzebujesz wid\u017cetu. <\/p> <\/div>\r\n\t\t\t\t\t<\/div>\r\n\t\t\t\t<\/div> <div class=\"faq-item\">\r\n\t\t\t\t\t<div class=\"faq-item-question\">\r\n\t\t\t\t\t\t<h3 class=\"faq-item-question-text\">Jakie s\u0105 dla mnie korzy\u015bci z posiadania czatu na \u017cywo?<\/h3>\r\n\r\n\t\t\t\t\t\t<div class=\"faq-item-question-icon\"><\/div>\r\n\t\t\t\t\t<\/div>\r\n\r\n\t\t\t\t\t<div class=\"faq-item-answer\">\r\n\t\t\t\t\t\t<div class=\"faq-item-answer-text\"> <p>Dzi\u0119ki tej wtyczce odwiedzaj\u0105cy b\u0119d\u0105 \u0142atwiej kontaktowa\u0107 si\u0119 z Tob\u0105 w przypadku pyta\u0144, zapyta\u0144 lub problem\u00f3w. Mo\u017ce pom\u00f3c zwi\u0119kszy\u0107 liczb\u0119 lead\u00f3w i zakup\u00f3w w Twoim sklepie. Dodatkowo szybkie odpowiedzi i spersonalizowane podej\u015bcie do ludzi podnios\u0105 poziom relacji z Twoimi klientami. <\/p> <\/div>\r\n\t\t\t\t\t<\/div>\r\n\t\t\t\t<\/div> <div class=\"faq-item\">\r\n\t\t\t\t\t<div class=\"faq-item-question\">\r\n\t\t\t\t\t\t<h3 class=\"faq-item-question-text\">Jak doda\u0107 czat na Facebooku do mojej witryny Weebly?<\/h3>\r\n\r\n\t\t\t\t\t\t<div class=\"faq-item-question-icon\"><\/div>\r\n\t\t\t\t\t<\/div>\r\n\r\n\t\t\t\t\t<div class=\"faq-item-answer\">\r\n\t\t\t\t\t\t<div class=\"faq-item-answer-text\"> <p>Potrzebujesz tylko minuty, aby wid\u017cet zacz\u0105\u0142 dzia\u0142a\u0107. Osadzanie jest bardzo szybkie, bezp\u0142atne i nie wymaga kodowania. <\/p> <p>Pos\u0142aniec Elfsight Facebook mo\u017cna doda\u0107 za po\u015brednictwem naszej us\u0142ugi lub za po\u015brednictwem rynku. Mo\u017cesz pozna\u0107 wi\u0119cej szczeg\u00f3\u0142\u00f3w na temat obu wariant\u00f3w i zdecydowa\u0107, kt\u00f3ry jest Tw\u00f3j. <\/p> <\/div>\r\n\t\t\t\t\t<\/div>\r\n\t\t\t\t<\/div> <\/div> <\/div> <div class=\"application-platform-content-item-features application-platform-content-item\" id=\"features\" data-nav-section=\"features\"> <h2>Funkcje<\/h2> <p>Aby w pe\u0142ni zrozumie\u0107 funkcjonalno\u015b\u0107 wid\u017cetu, sp\u00f3jrz na list\u0119 jego zasadnicze cechy. Dzi\u0119ki nim ten widget jest niezwykle korzystny dla Twojej witryny: <\/p> <ul><li>Wprowad\u017a komunikator Facebook na swojej stronie internetowej, aby pozosta\u0107 w kontakcie z odwiedzaj\u0105cymi; <\/li><li>Odpowiadaj na wiadomo\u015bci bezpo\u015brednio ze swojej strony na Facebooku; <\/li><li>Korzystaj z 3 typ\u00f3w lokalizacji czatu: p\u0142ywaj\u0105ca ba\u0144ka, osadzana ba\u0144ka i osadzane okno czatu; <\/li><li>Odkryj bibliotek\u0119 ikon b\u0105belk\u00f3w do wyboru; <\/li><li>Wprowad\u017a sw\u00f3j unikalny tekst w dymku czatu. <\/li><\/ul><p><a href=\"#demo\">Zobacz pe\u0142n\u0105 list\u0119 funkcji w naszej wersji demonstracyjnej na \u017cywo<\/a><\/p> <\/div><div class=\"application-platform-content-item-installation application-platform-content-item\" id=\"installation\" data-nav-section=\"installation\"> <h2>Dowiedz si\u0119, jak doda\u0107 czat na Facebooku do swojej witryny Weebly<\/h2><div class=\"video-container\"><iframe width=\"720\" height=\"405\" src=\"https:\/\/www.youtube.com\/embed\/BWvWoNWaFFw\" frameborder=\"0\" allowfullscreen=\"\"><\/iframe><\/div><p>Wystarczy wykona\u0107 kilka czynno\u015bci opisanych poni\u017cej, aby wid\u017cet zacz\u0105\u0142 dzia\u0142a\u0107. <\/p> <ol><li><b>Zarz\u0105dzaj nasz\u0105 bezp\u0142atn\u0105 wersj\u0105 demonstracyjn\u0105 i zacznij tworzy\u0107 spersonalizowan\u0105 aplikacj\u0119. <\/b><br> Znajd\u017a odpowiedni interfejs i opcje aplikacji i zapisz wszystkie zmiany. <\/li> <li><b>Skopiuj sw\u00f3j osobisty kod pokazany w oknie aplikacji Elfsight. <\/b><br> Zaraz po utworzeniu aplikacji osobistej skopiuj kod z wy\u015bwietlonego pola i zachowaj go na dalsze potrzeby. <\/li> <li><b>Rozpocznij stosowanie aplikacji na stronie internetowej Weebly. <\/b><br> Dodaj skopiowany ostatnio kod na swoj\u0105 stron\u0119 i zapisz zmiany. <\/li> <li><b>Gotowe! Konfiguracja zosta\u0142a pomy\u015blnie zako\u0144czona. <\/b><br> Przejd\u017a do swojej witryny i zobacz, jak dzia\u0142a aplikacja. <\/li><\/ol><p>Nadal nie mo\u017cesz si\u0119 zdecydowa\u0107? Lub masz pytania? Tylko jedna pro\u015bba do naszego zespo\u0142u wsparcia rozwi\u0105\u017ce ka\u017cdy problem. <\/p> <\/div>","protected":false},"excerpt":{"rendered":"","protected":false},"author":9,"featured_media":0,"parent":898,"menu_order":0,"comment_status":"closed","ping_status":"closed","template":"templates\/template-application-platform.php","meta":{"publish_to_discourse":"","publish_post_category":"","wpdc_auto_publish_overridden":"","wpdc_topic_tags":"","wpdc_pin_topic":"","wpdc_pin_until":"","discourse_post_id":"","discourse_permalink":"","wpdc_publishing_response":"","wpdc_publishing_error":"","footnotes":""},"class_list":["post-5007","page","type-page","status-publish","hentry"],"yoast_head":"<!-- This site is optimized with the Yoast SEO plugin v25.3.1 - https:\/\/yoast.com\/wordpress\/plugins\/seo\/ -->\n<title>Czat na Facebooku - dodaj aplikacj\u0119 Messenger do witryny Weebly (w 2 minuty)<\/title>\n<meta name=\"description\" content=\"Dzi\u0119ki Elfsight mo\u017cesz szybko i \u0142atwo kszta\u0142towa\u0107 sw\u00f3j czat na Facebooku i publikowa\u0107 go w witrynie Weebly. Mamy bezp\u0142atn\u0105 obs\u0142ug\u0119 klienta i inne bonusy.\" \/>\n<meta name=\"robots\" content=\"index, follow, max-snippet:-1, max-image-preview:large, max-video-preview:-1\" \/>\n<link rel=\"canonical\" href=\"https:\/\/elfsight.com\/pl\/facebook-chat-widget\/weebly\/\" \/>\n<meta property=\"og:locale\" content=\"pl_PL\" \/>\n<meta property=\"og:type\" content=\"article\" \/>\n<meta property=\"og:title\" content=\"Czat na Facebooku - dodaj aplikacj\u0119 Messenger do witryny Weebly (w 2 minuty)\" \/>\n<meta property=\"og:description\" content=\"Dzi\u0119ki Elfsight mo\u017cesz szybko i \u0142atwo kszta\u0142towa\u0107 sw\u00f3j czat na Facebooku i publikowa\u0107 go w witrynie Weebly. Mamy bezp\u0142atn\u0105 obs\u0142ug\u0119 klienta i inne bonusy.\" \/>\n<meta property=\"og:url\" content=\"https:\/\/elfsight.com\/pl\/facebook-chat-widget\/weebly\/\" \/>\n<meta property=\"og:site_name\" content=\"Elfsight PL\" \/>\n<meta property=\"article:modified_time\" content=\"2024-11-14T12:41:28+00:00\" \/>\n<meta name=\"twitter:card\" content=\"summary_large_image\" \/>\n<meta name=\"twitter:label1\" content=\"Szacowany czas czytania\" \/>\n\t<meta name=\"twitter:data1\" content=\"3 minuty\" \/>\n<!-- \/ Yoast SEO plugin. -->","yoast_head_json":{"title":"Czat na Facebooku - dodaj aplikacj\u0119 Messenger do witryny Weebly (w 2 minuty)","description":"Dzi\u0119ki Elfsight mo\u017cesz szybko i \u0142atwo kszta\u0142towa\u0107 sw\u00f3j czat na Facebooku i publikowa\u0107 go w witrynie Weebly. Mamy bezp\u0142atn\u0105 obs\u0142ug\u0119 klienta i inne bonusy.","robots":{"index":"index","follow":"follow","max-snippet":"max-snippet:-1","max-image-preview":"max-image-preview:large","max-video-preview":"max-video-preview:-1"},"canonical":"https:\/\/elfsight.com\/pl\/facebook-chat-widget\/weebly\/","og_locale":"pl_PL","og_type":"article","og_title":"Czat na Facebooku - dodaj aplikacj\u0119 Messenger do witryny Weebly (w 2 minuty)","og_description":"Dzi\u0119ki Elfsight mo\u017cesz szybko i \u0142atwo kszta\u0142towa\u0107 sw\u00f3j czat na Facebooku i publikowa\u0107 go w witrynie Weebly. Mamy bezp\u0142atn\u0105 obs\u0142ug\u0119 klienta i inne bonusy.","og_url":"https:\/\/elfsight.com\/pl\/facebook-chat-widget\/weebly\/","og_site_name":"Elfsight PL","article_modified_time":"2024-11-14T12:41:28+00:00","twitter_card":"summary_large_image","twitter_misc":{"Szacowany czas czytania":"3 minuty"},"schema":{"@context":"https:\/\/schema.org","@graph":[{"@type":"WebPage","@id":"https:\/\/elfsight.com\/pl\/facebook-chat-widget\/weebly\/","url":"https:\/\/elfsight.com\/pl\/facebook-chat-widget\/weebly\/","name":"Czat na Facebooku - dodaj aplikacj\u0119 Messenger do witryny Weebly (w 2 minuty)","isPartOf":{"@id":"https:\/\/elfsight.com\/pl\/#website"},"datePublished":"2024-05-03T06:35:30+00:00","dateModified":"2024-11-14T12:41:28+00:00","description":"Dzi\u0119ki Elfsight mo\u017cesz szybko i \u0142atwo kszta\u0142towa\u0107 sw\u00f3j czat na Facebooku i publikowa\u0107 go w witrynie Weebly. Mamy bezp\u0142atn\u0105 obs\u0142ug\u0119 klienta i inne bonusy.","breadcrumb":{"@id":"https:\/\/elfsight.com\/pl\/facebook-chat-widget\/weebly\/#breadcrumb"},"inLanguage":"pl-PL","potentialAction":[{"@type":"ReadAction","target":["https:\/\/elfsight.com\/pl\/facebook-chat-widget\/weebly\/"]}]},{"@type":"BreadcrumbList","@id":"https:\/\/elfsight.com\/pl\/facebook-chat-widget\/weebly\/#breadcrumb","itemListElement":[{"@type":"ListItem","position":1,"name":"Home","item":"https:\/\/elfsight.com\/pl\/"},{"@type":"ListItem","position":2,"name":"Facebook Chat","item":"https:\/\/elfsight.com\/pl\/facebook-chat-widget\/"},{"@type":"ListItem","position":3,"name":"Facebook Chat &#8211; Weebly"}]},{"@type":"WebSite","@id":"https:\/\/elfsight.com\/pl\/#website","url":"https:\/\/elfsight.com\/pl\/","name":"Elfsight PL","description":"Just another Elfsight Sites site","potentialAction":[{"@type":"SearchAction","target":{"@type":"EntryPoint","urlTemplate":"https:\/\/elfsight.com\/pl\/?s={search_term_string}"},"query-input":{"@type":"PropertyValueSpecification","valueRequired":true,"valueName":"search_term_string"}}],"inLanguage":"pl-PL"}]}},"meta_box":{"industry":"","seo_heading":"","heading":"","description":"","cta_heading":"","cta_description":"","application":"897","h1":"Aplikacja Weebly Facebook Messenger","h1_caption":"Dodaj do swojej witryny aplikacj\u0119 do czatowania na Facebooku, dzi\u0119ki kt\u00f3rej u\u017cytkownicy b\u0119d\u0105 mogli w \u0142atwy spos\u00f3b kontaktowa\u0107 si\u0119 z Tob\u0105 w witrynie Weebly.","application_category":[],"applications_title":"","applications_request_title":"","applications_request_button_text":"","hero_text":"","hero_video":"","hero_video_schema_markup":"","selling_points_title":"","selling_points_caption":"","selling_points":[],"selling_points_cta_text":"","features_title":"","features":"","ed_cta_examples_text":"","ed_cta_examples_hidden":"","ed_cta_demo_text":"","ed_cta_demo_hidden":"","why_caption":"","why_editor_title":"","why_editor_text":"","why_team_title":"","why_team_text":"","why_service_title":"","why_service_text":"","template_catalog_visible":"","template_catalog_title":"","template_catalog_text":"","template_catalog_categories_visible":"","demo_title":"Utw\u00f3rz aplikacj\u0119 do czatowania na Facebooku","demo_caption":"Skonfiguruj sw\u00f3j czat na Facebooku i dodaj go do swojej witryny Weebly za darmo!","default_faq_hidden":"","app_template_category":[],"platform":"132","template_public_id":"","codecanyon_url":"","codecanyon_item_id":"","codecanyon_price":"","pricing_caption":"","pricing_elfsight_apps_hide_column":"","pricing_elfsight_apps_url":"","pricing_codecanyon_price_caption":"","integration_category":[],"integration_request_title":"","integration_request_cta":"","integration_platform":"","integrations":[],"platform_category":[],"video_schema_markup":"","price":"od 0 USD \/ miesi\u0105c","trial":"","benefits":[{"text":"Bezp\u0142atna pomoc w monta\u017cu"},{"text":"Kompetentna obs\u0142uga klienta"},{"text":"14-dniowa gwarancja zwrotu pieni\u0119dzy"}],"button_url":"#demo","button_target_blank":"","button_nofollow":"","attributes":[{"name":"Instaluje"},{"name":"Czu\u0142y"},{"name":"Kompatybilne przegl\u0105darki"}],"tags":[],"tags_disable_links":"","hide_more_platforms":"","video_object":"","demo_hide_cta":"","demo_hide_cloud_options":"","pricing_title":"","pricing":[{"pricing_icon":"cloud","pricing_title":"Elfsight Apps","pricing_title_caption":"Wieloplatformowe rozwi\u0105zanie cyfrowe","pricing_price":"od 0 USD \/ miesi\u0105c","pricing_price_caption":"zacznij od bezp\u0142atnego planu","pricing_benefits":[{"text":"Nielimitowane strony internetowe"},{"text":"Szybkie wsparcie firmy"},{"text":"Bezp\u0142atna pomoc w monta\u017cu"},{"text":"Elastyczny projekt"}],"pricing_button_text":"Dodaj do witryny","pricing_button_url":"#demo"}],"related_apps_title":"","related_apps_hidden":"","author":"","image":[],"title":"","job":"","social_networks":[]},"_links":{"self":[{"href":"https:\/\/elfsight.com\/pl\/wp-json\/wp\/v2\/pages\/5007","targetHints":{"allow":["GET"]}}],"collection":[{"href":"https:\/\/elfsight.com\/pl\/wp-json\/wp\/v2\/pages"}],"about":[{"href":"https:\/\/elfsight.com\/pl\/wp-json\/wp\/v2\/types\/page"}],"author":[{"embeddable":true,"href":"https:\/\/elfsight.com\/pl\/wp-json\/wp\/v2\/users\/9"}],"replies":[{"embeddable":true,"href":"https:\/\/elfsight.com\/pl\/wp-json\/wp\/v2\/comments?post=5007"}],"version-history":[{"count":2,"href":"https:\/\/elfsight.com\/pl\/wp-json\/wp\/v2\/pages\/5007\/revisions"}],"predecessor-version":[{"id":7761,"href":"https:\/\/elfsight.com\/pl\/wp-json\/wp\/v2\/pages\/5007\/revisions\/7761"}],"up":[{"embeddable":true,"href":"https:\/\/elfsight.com\/pl\/wp-json\/wp\/v2\/pages\/898"}],"wp:attachment":[{"href":"https:\/\/elfsight.com\/pl\/wp-json\/wp\/v2\/media?parent=5007"}],"curies":[{"name":"wp","href":"https:\/\/api.w.org\/{rel}","templated":true}]}}