{"id":5006,"date":"2024-05-03T06:35:29","date_gmt":"2024-05-03T06:35:29","guid":{"rendered":"https:\/\/elfsight.com\/pl\/?page_id=5006"},"modified":"2024-11-14T12:41:28","modified_gmt":"2024-11-14T12:41:28","slug":"magento","status":"publish","type":"page","link":"https:\/\/elfsight.com\/pl\/facebook-chat-widget\/magento\/","title":{"rendered":"Facebook Chat &#8211; Magento"},"content":{"rendered":"<div class=\"application-platform-content-item-description application-platform-content-item\" id=\"description\" data-nav-section=\"description\"> <h2>Opis<\/h2> <p>Okno czatu na Facebooku opracowane przez Elfsight to najwygodniejsze narz\u0119dzie, dzi\u0119ki kt\u00f3remu ludzie z Twojej witryny mog\u0105 wys\u0142a\u0107 do Ciebie wiadomo\u015b\u0107 i us\u0142ysze\u0107 odpowiedzi na ich pytania i pro\u015bby. Teraz jeste\u015b zawsze dost\u0119pny dla go\u015bci w jednym z najbardziej ulubionych komunikator\u00f3w. Umie\u015b\u0107 Czat na \u017cywo na swojej stronie internetowej, a mo\u017ce on pojawi\u0107 si\u0119 na najwa\u017cniejszych stronach lub dla okre\u015blonych kategorii klient\u00f3w, wybra\u0107 wyzwalacze rozpocz\u0119cia czatu, zaprezentowa\u0107 w\u0142asn\u0105 wiadomo\u015b\u0107 powitaln\u0105, ustawi\u0107 ikony i wiele wi\u0119cej. Za pomoc\u0105 komunikatora Facebook dzia\u0142aj\u0105cego na stronie internetowej b\u0119dziesz po\u0142\u0105czony ze swoimi klientami w dowolnym momencie i niezale\u017cnie od tego, gdzie si\u0119 znajdujesz. <\/p> <div class=\"faq\" data-component=\"FAQ\"><div class=\"faq-item\">\r\n\t\t\t\t\t<div class=\"faq-item-question\">\r\n\t\t\t\t\t\t<h3 class=\"faq-item-question-text\">W jaki spos\u00f3b mog\u0119 osadzi\u0107 czat Facebook Messenger w witrynie Magento? <\/h3>\r\n\r\n\t\t\t\t\t\t<div class=\"faq-item-question-icon\"><\/div>\r\n\t\t\t\t\t<\/div>\r\n\r\n\t\t\t\t\t<div class=\"faq-item-answer\">\r\n\t\t\t\t\t\t<div class=\"faq-item-answer-text\"><p>Tworzenie narz\u0119dzia odbywa si\u0119 w Elfsight stron i nie musisz kodowa\u0107. Przejd\u017a do wersji demonstracyjnej online, aby zbudowa\u0107 aplikacj\u0119, zdoby\u0107 kod i umie\u015bci\u0107 go na swojej stronie. <\/p><\/div>\r\n\t\t\t\t\t<\/div>\r\n\t\t\t\t<\/div><div class=\"faq-item\">\r\n\t\t\t\t\t<div class=\"faq-item-question\">\r\n\t\t\t\t\t\t<h3 class=\"faq-item-question-text\">Najlepsze sposoby wykorzystania integracji z czatem na \u017cywo na Facebooku<\/h3>\r\n\r\n\t\t\t\t\t\t<div class=\"faq-item-question-icon\"><\/div>\r\n\t\t\t\t\t<\/div>\r\n\r\n\t\t\t\t\t<div class=\"faq-item-answer\">\r\n\t\t\t\t\t\t<div class=\"faq-item-answer-text\"><p>Oferujemy mn\u00f3stwo mo\u017cliwo\u015bci personalizacji: pe\u0142nowymiarowe wid\u017cety do wstawiania w obszarze tre\u015bci , p\u0142ywaj\u0105ce wtyczki z opcjami przewijania, miniatury stopki Twojej witryny, sekcj\u0119 nag\u0142\u00f3wka i wszystkie warianty mo\u017cliwo\u015bci pionowych pask\u00f3w bocznych i menu. <\/p><\/div>\r\n\t\t\t\t\t<\/div>\r\n\t\t\t\t<\/div><div class=\"faq-item\">\r\n\t\t\t\t\t<div class=\"faq-item-question\">\r\n\t\t\t\t\t\t<h3 class=\"faq-item-question-text\">Jak zbudowa\u0107 czat na Facebooku z informacj\u0105 zwrotn\u0105 lub wprowadzeniem za pomoc\u0105 edytora? <\/h3>\r\n\r\n\t\t\t\t\t\t<div class=\"faq-item-question-icon\"><\/div>\r\n\t\t\t\t\t<\/div>\r\n\r\n\t\t\t\t\t<div class=\"faq-item-answer\">\r\n\t\t\t\t\t\t<div class=\"faq-item-answer-text\"><p>Mo\u017cesz kszta\u0142towa\u0107 modyfikacje dowolnego wid\u017cetu. W edytorze mo\u017cna zastosowa\u0107 szerok\u0105 gam\u0119 uk\u0142ad\u00f3w, a ka\u017cdy z nich mo\u017cna \u0142atwo dostosowa\u0107 do w\u0142asnych potrzeb. <\/p><\/div>\r\n\t\t\t\t\t<\/div>\r\n\t\t\t\t<\/div><\/div><\/div> <div class=\"application-platform-content-item-features application-platform-content-item\" id=\"features\" data-nav-section=\"features\"> <h2>Funkcje<\/h2> <p>Aby uzyska\u0107 pe\u0142n\u0105 wiedz\u0119 na temat rozszerze\u0144, mo\u017cesz przestudiowa\u0107 list\u0119 z jego najwa\u017cniejszych funkcji. Dzi\u0119ki nim ten widget jest niezwykle wydajny dla Twojego sklepu:<\/p> <ul><li>Skonfiguruj komunikator Facebook na swojej stronie, aby rozmawia\u0107 z klientami;<\/li><li>Czatuj bezpo\u015brednio ze swojej strony na Facebooku;<\/li><li> Trzy typy pozycji czatu: p\u0142ywaj\u0105ca ba\u0144ka, osadzona ba\u0144ka i osadzona okno czatu;<\/li><li> Wybierz wariant ikony b\u0105belkowej z biblioteki dost\u0119pnych ikon; <\/li><li>Wprowad\u017a w\u0142asny tekst dymka czatu.<\/li><\/ul><p><a href=\"#demo\">Dowiedz si\u0119 wi\u0119cej o funkcjach w naszej wersji demonstracyjnej<\/a><\/p> <\/div> <div class=\"application-platform-content-item-installation application-platform-content-item\" id=\"installation\" data-nav-section=\"installation\"> <h2>Jak doda\u0107 czat na Facebooku do swojej witryny Magento<\/h2> <p>Wystarczy wykona\u0107 poni\u017csze wskaz\u00f3wki, aby rozpocz\u0105\u0107 prac\u0119 z rozszerzeniem w Magento.<\/p> <ol><li><b>Skorzystaj z naszego bezp\u0142atnego edytora i zacznij tworzy\u0107 w\u0142asne rozszerzenie czatu na Facebooku. <\/b><br> Okre\u015bl niestandardowy interfejs i specyfikacj\u0119 narz\u0119dzia i zastosuj poprawki. <\/li> <li><b>Skopiuj indywidualny kod wy\u015bwietlony w oknie aplikacji Elfsight. <\/b><br> Po zako\u0144czeniu dostosowywania wid\u017cetu skopiuj indywidualny kod w wy\u015bwietlonym oknie i zachowaj go na dalsze potrzeby. <\/li> <li><b>Rozpocznij korzystanie z narz\u0119dzia na stronie internetowej Magento. <\/b><br> Zaimplementuj ostatnio zapisany kod na swojej stronie internetowej i zapisz zmiany. <\/li> <li><b>Gotowe! Integracja zosta\u0142a w pe\u0142ni wykonana. <\/b><br> Przejd\u017a do swojej witryny i sprawd\u017a dzia\u0142anie wid\u017cetu. <\/li><\/ol><p>Nadal masz w\u0105tpliwo\u015bci? Albo natkn\u0105\u0142e\u015b si\u0119 na co\u015b? Tylko jedna pro\u015bba do naszego zespo\u0142u wsparcia pomo\u017ce w rozwi\u0105zaniu ka\u017cdego pytania. <\/p> <\/div>","protected":false},"excerpt":{"rendered":"","protected":false},"author":9,"featured_media":0,"parent":898,"menu_order":0,"comment_status":"closed","ping_status":"closed","template":"templates\/template-application-platform.php","meta":{"publish_to_discourse":"","publish_post_category":"","wpdc_auto_publish_overridden":"","wpdc_topic_tags":"","wpdc_pin_topic":"","wpdc_pin_until":"","discourse_post_id":"","discourse_permalink":"","wpdc_publishing_response":"","wpdc_publishing_error":"","footnotes":""},"class_list":["post-5006","page","type-page","status-publish","hentry"],"yoast_head":"<!-- This site is optimized with the Yoast SEO plugin v25.3.1 - https:\/\/yoast.com\/wordpress\/plugins\/seo\/ -->\n<title>Facebook Chat - dodanie rozszerzenia Messenger do strony Magento (2025)<\/title>\n<meta name=\"description\" content=\"Stworzenie wid\u017cetu czatu na Facebooku i umieszczenie go na stronie internetowej Magento jest maksymalnie \u0142atwe. Obs\u0142uga klienta Elfsight jest bezp\u0142atna.\" \/>\n<meta name=\"robots\" content=\"index, follow, max-snippet:-1, max-image-preview:large, max-video-preview:-1\" \/>\n<link rel=\"canonical\" href=\"https:\/\/elfsight.com\/pl\/facebook-chat-widget\/magento\/\" \/>\n<meta property=\"og:locale\" content=\"pl_PL\" \/>\n<meta property=\"og:type\" content=\"article\" \/>\n<meta property=\"og:title\" content=\"Facebook Chat - dodanie rozszerzenia Messenger do strony Magento (2025)\" \/>\n<meta property=\"og:description\" content=\"Stworzenie wid\u017cetu czatu na Facebooku i umieszczenie go na stronie internetowej Magento jest maksymalnie \u0142atwe. Obs\u0142uga klienta Elfsight jest bezp\u0142atna.\" \/>\n<meta property=\"og:url\" content=\"https:\/\/elfsight.com\/pl\/facebook-chat-widget\/magento\/\" \/>\n<meta property=\"og:site_name\" content=\"Elfsight PL\" \/>\n<meta property=\"article:modified_time\" content=\"2024-11-14T12:41:28+00:00\" \/>\n<meta name=\"twitter:card\" content=\"summary_large_image\" \/>\n<meta name=\"twitter:label1\" content=\"Szacowany czas czytania\" \/>\n\t<meta name=\"twitter:data1\" content=\"3 minuty\" \/>\n<!-- \/ Yoast SEO plugin. -->","yoast_head_json":{"title":"Facebook Chat - dodanie rozszerzenia Messenger do strony Magento (2025)","description":"Stworzenie wid\u017cetu czatu na Facebooku i umieszczenie go na stronie internetowej Magento jest maksymalnie \u0142atwe. Obs\u0142uga klienta Elfsight jest bezp\u0142atna.","robots":{"index":"index","follow":"follow","max-snippet":"max-snippet:-1","max-image-preview":"max-image-preview:large","max-video-preview":"max-video-preview:-1"},"canonical":"https:\/\/elfsight.com\/pl\/facebook-chat-widget\/magento\/","og_locale":"pl_PL","og_type":"article","og_title":"Facebook Chat - dodanie rozszerzenia Messenger do strony Magento (2025)","og_description":"Stworzenie wid\u017cetu czatu na Facebooku i umieszczenie go na stronie internetowej Magento jest maksymalnie \u0142atwe. Obs\u0142uga klienta Elfsight jest bezp\u0142atna.","og_url":"https:\/\/elfsight.com\/pl\/facebook-chat-widget\/magento\/","og_site_name":"Elfsight PL","article_modified_time":"2024-11-14T12:41:28+00:00","twitter_card":"summary_large_image","twitter_misc":{"Szacowany czas czytania":"3 minuty"},"schema":{"@context":"https:\/\/schema.org","@graph":[{"@type":"WebPage","@id":"https:\/\/elfsight.com\/pl\/facebook-chat-widget\/magento\/","url":"https:\/\/elfsight.com\/pl\/facebook-chat-widget\/magento\/","name":"Facebook Chat - dodanie rozszerzenia Messenger do strony Magento (2025)","isPartOf":{"@id":"https:\/\/elfsight.com\/pl\/#website"},"datePublished":"2024-05-03T06:35:29+00:00","dateModified":"2024-11-14T12:41:28+00:00","description":"Stworzenie wid\u017cetu czatu na Facebooku i umieszczenie go na stronie internetowej Magento jest maksymalnie \u0142atwe. Obs\u0142uga klienta Elfsight jest bezp\u0142atna.","breadcrumb":{"@id":"https:\/\/elfsight.com\/pl\/facebook-chat-widget\/magento\/#breadcrumb"},"inLanguage":"pl-PL","potentialAction":[{"@type":"ReadAction","target":["https:\/\/elfsight.com\/pl\/facebook-chat-widget\/magento\/"]}]},{"@type":"BreadcrumbList","@id":"https:\/\/elfsight.com\/pl\/facebook-chat-widget\/magento\/#breadcrumb","itemListElement":[{"@type":"ListItem","position":1,"name":"Home","item":"https:\/\/elfsight.com\/pl\/"},{"@type":"ListItem","position":2,"name":"Facebook Chat","item":"https:\/\/elfsight.com\/pl\/facebook-chat-widget\/"},{"@type":"ListItem","position":3,"name":"Facebook Chat &#8211; Magento"}]},{"@type":"WebSite","@id":"https:\/\/elfsight.com\/pl\/#website","url":"https:\/\/elfsight.com\/pl\/","name":"Elfsight PL","description":"Just another Elfsight Sites site","potentialAction":[{"@type":"SearchAction","target":{"@type":"EntryPoint","urlTemplate":"https:\/\/elfsight.com\/pl\/?s={search_term_string}"},"query-input":{"@type":"PropertyValueSpecification","valueRequired":true,"valueName":"search_term_string"}}],"inLanguage":"pl-PL"}]}},"meta_box":{"industry":"","seo_heading":"","heading":"","description":"","cta_heading":"","cta_description":"","application":"897","h1":"Czat w Magento na Facebooku","h1_caption":"Dodaj rozszerzenie czatu na Facebooku do swojej witryny, zapewniaj\u0105c u\u017cytkownikom \u0142atwy spos\u00f3b na bezproblemowe skontaktowanie si\u0119 z Tob\u0105 w witrynie Magento.","application_category":[],"applications_title":"","applications_request_title":"","applications_request_button_text":"","hero_text":"","hero_video":"","hero_video_schema_markup":"","selling_points_title":"","selling_points_caption":"","selling_points":[],"selling_points_cta_text":"","features_title":"","features":"","ed_cta_examples_text":"","ed_cta_examples_hidden":"","ed_cta_demo_text":"","ed_cta_demo_hidden":"","why_caption":"","why_editor_title":"","why_editor_text":"","why_team_title":"","why_team_text":"","why_service_title":"","why_service_text":"","template_catalog_visible":"","template_catalog_title":"","template_catalog_text":"","template_catalog_categories_visible":"","demo_title":"Utw\u00f3rz rozszerzenie czatu na Facebooku","demo_caption":"Skonfiguruj sw\u00f3j czat na Facebooku i dodaj go do swojej witryny Magento za darmo!","default_faq_hidden":"","app_template_category":[],"platform":"92","template_public_id":"","codecanyon_url":"","codecanyon_item_id":"","codecanyon_price":"","pricing_caption":"","pricing_elfsight_apps_hide_column":"","pricing_elfsight_apps_url":"","pricing_codecanyon_price_caption":"","integration_category":[],"integration_request_title":"","integration_request_cta":"","integration_platform":"","integrations":[],"platform_category":[],"video_schema_markup":"","price":"od 0 USD \/ miesi\u0105c","trial":"","benefits":[{"text":"Bezp\u0142atna pomoc w instalacji"},{"text":"Profesjonalna obs\u0142uga klienta"},{"text":"14-dniowa gwarancja zwrotu pieni\u0119dzy"}],"button_url":"#demo","button_target_blank":"","button_nofollow":"","attributes":[{"name":"Instaluje"},{"name":"Czu\u0142y"},{"name":"Kompatybilne przegl\u0105darki"}],"tags":[],"tags_disable_links":"","hide_more_platforms":"","video_object":"","demo_hide_cta":"","demo_hide_cloud_options":"","pricing_title":"","pricing":[{"pricing_icon":"platform","pricing_title":"Elfsight Apps","pricing_title_caption":"Wersja wieloplatformowa, kt\u00f3ra dzia\u0142a na dowolnej witrynie","pricing_price":"od 0 USD \/ miesi\u0105c","pricing_price_caption":"zacznij od bezp\u0142atnego planu","pricing_benefits":[{"text":"Nielimitowane strony internetowe"},{"text":"Profesjonalna i terminowa pomoc oraz dobrze udokumentowana"},{"text":"Bezp\u0142atne wsparcie instalacyjne"},{"text":"W pe\u0142ni konfigurowalny"}],"pricing_button_text":"Dodaj do witryny","pricing_button_url":"#demo"}],"related_apps_title":"","related_apps_hidden":"","author":"","image":[],"title":"","job":"","social_networks":[]},"_links":{"self":[{"href":"https:\/\/elfsight.com\/pl\/wp-json\/wp\/v2\/pages\/5006","targetHints":{"allow":["GET"]}}],"collection":[{"href":"https:\/\/elfsight.com\/pl\/wp-json\/wp\/v2\/pages"}],"about":[{"href":"https:\/\/elfsight.com\/pl\/wp-json\/wp\/v2\/types\/page"}],"author":[{"embeddable":true,"href":"https:\/\/elfsight.com\/pl\/wp-json\/wp\/v2\/users\/9"}],"replies":[{"embeddable":true,"href":"https:\/\/elfsight.com\/pl\/wp-json\/wp\/v2\/comments?post=5006"}],"version-history":[{"count":1,"href":"https:\/\/elfsight.com\/pl\/wp-json\/wp\/v2\/pages\/5006\/revisions"}],"predecessor-version":[{"id":5010,"href":"https:\/\/elfsight.com\/pl\/wp-json\/wp\/v2\/pages\/5006\/revisions\/5010"}],"up":[{"embeddable":true,"href":"https:\/\/elfsight.com\/pl\/wp-json\/wp\/v2\/pages\/898"}],"wp:attachment":[{"href":"https:\/\/elfsight.com\/pl\/wp-json\/wp\/v2\/media?parent=5006"}],"curies":[{"name":"wp","href":"https:\/\/api.w.org\/{rel}","templated":true}]}}