{"id":5000,"date":"2024-05-03T06:35:27","date_gmt":"2024-05-03T06:35:27","guid":{"rendered":"https:\/\/elfsight.com\/pl\/?page_id=5000"},"modified":"2024-11-14T12:41:28","modified_gmt":"2024-11-14T12:41:28","slug":"opencart","status":"publish","type":"page","link":"https:\/\/elfsight.com\/pl\/facebook-chat-widget\/opencart\/","title":{"rendered":"Facebook Chat &#8211; OpenCart"},"content":{"rendered":"<div class=\"application-platform-content-item-description application-platform-content-item\" id=\"description\" data-nav-section=\"description\"> <h2>Opis<\/h2> <p>Facebook Chat Box firmy Elfsight to najprostszy spos\u00f3b, aby klienci Twojej witryny mogli rozpocz\u0105\u0107 komunikacj\u0119 z Tob\u0105 i otrzyma\u0107 odpowiedzi lub pom\u00f3c. B\u0105d\u017a dost\u0119pny na \u017cywo dla klient\u00f3w w ulubionym komunikatorze 24\/7. Skonfiguruj Czat na \u017cywo na stronie internetowej, a b\u0119dzie on wy\u015bwietlany na okre\u015blonych stronach lub dla okre\u015blonych grup klient\u00f3w, przypisz wyzwalacze rozpocz\u0119cia czatu, wy\u015blij osobist\u0105 wiadomo\u015b\u0107 powitaln\u0105, zmie\u0144 ikony i zastosuj inn\u0105 personalizacj\u0119. Dzi\u0119ki zainstalowanemu na stronie internetowej komunikatorowi Facebook b\u0119dziesz po\u0142\u0105czony z klientami o ka\u017cdej porze i niezale\u017cnie od tego, gdzie si\u0119 znajdujesz.<\/p> <div class=\"faq\" data-component=\"FAQ\"> <div class=\"faq-item\">\r\n\t\t\t\t\t<div class=\"faq-item-question\">\r\n\t\t\t\t\t\t<h3 class=\"faq-item-question-text\">Gdzie na mojej stronie internetowej mog\u0119 umie\u015bci\u0107 t\u0119 wtyczk\u0119<\/h3>\r\n\r\n\t\t\t\t\t\t<div class=\"faq-item-question-icon\"><\/div>\r\n\t\t\t\t\t<\/div>\r\n\r\n\t\t\t\t\t<div class=\"faq-item-answer\">\r\n\t\t\t\t\t\t<div class=\"faq-item-answer-text\"> <p>Mo\u017cesz wy\u015bwietla\u0107 czat na \u017cywo na Facebooku na wszystkich stronach swojej witryny lub tylko na tych, kt\u00f3re wybierzesz. Mo\u017cesz tak\u017ce ukry\u0107 go na wybranych stronach, na kt\u00f3rych nie chcesz komunikatora.<\/p> <\/div>\r\n\t\t\t\t\t<\/div>\r\n\t\t\t\t<\/div> <div class=\"faq-item\">\r\n\t\t\t\t\t<div class=\"faq-item-question\">\r\n\t\t\t\t\t\t<h3 class=\"faq-item-question-text\">Jakie mam z tego korzy\u015bci?<\/h3>\r\n\r\n\t\t\t\t\t\t<div class=\"faq-item-question-icon\"><\/div>\r\n\t\t\t\t\t<\/div>\r\n\r\n\t\t\t\t\t<div class=\"faq-item-answer\">\r\n\t\t\t\t\t\t<div class=\"faq-item-answer-text\"> <p>Wid\u017cet sprawi, \u017ce b\u0119d\u0105 to klienci kontaktowa\u0107 si\u0119 z Tob\u0105 w sprawie zapyta\u0144, pr\u00f3\u015bb lub problem\u00f3w. Mo\u017ce pom\u00f3c zwi\u0119kszy\u0107 liczb\u0119 potencjalnych klient\u00f3w i sprzeda\u017c. Co wi\u0119cej, szybka reakcja i osobiste podej\u015bcie podnios\u0105 jako\u015b\u0107 obs\u0142ugi klienta.<\/p> <\/div>\r\n\t\t\t\t\t<\/div>\r\n\t\t\t\t<\/div> <div class=\"faq-item\">\r\n\t\t\t\t\t<div class=\"faq-item-question\">\r\n\t\t\t\t\t\t<h3 class=\"faq-item-question-text\">Jak mog\u0119 osadzi\u0107 komunikator Facebook na mojej stronie OpenCart?<\/h3>\r\n\r\n\t\t\t\t\t\t<div class=\"faq-item-question-icon\"><\/div>\r\n\t\t\t\t\t<\/div>\r\n\r\n\t\t\t\t\t<div class=\"faq-item-answer\">\r\n\t\t\t\t\t\t<div class=\"faq-item-answer-text\"> <p>To tylko trwa kilka minut Twojego czasu na osadzenie wid\u017cetu na stronie. Jest naprawd\u0119 szybki, darmowy i nie wymaga kodowania. <\/p> <p>Czat Elfsight na Facebooku mo\u017cna zintegrowa\u0107 ze stron\u0105 internetow\u0105 za po\u015brednictwem naszej us\u0142ugi lub za po\u015brednictwem rynku. Mo\u017cesz przejrze\u0107 zalety i wady obu opcji i wybra\u0107 bardziej odpowiedni\u0105.<\/p> <\/div>\r\n\t\t\t\t\t<\/div>\r\n\t\t\t\t<\/div> <\/div> <\/div> <div class=\"application-platform-content-item-features application-platform-content-item\" id=\"features\" data-nav-section=\"features\"> <h2>Funkcje<\/h2> <p>Aby mie\u0107 przejrzyst\u0105 wiedz\u0119 na temat wid\u017cetu, oto lista g\u0142\u00f3wnych funkcji. Dzi\u0119ki nim widget jest niezwykle wydajny:<\/p> <ul><li>Umie\u015b\u0107 komunikator Facebook na swojej stronie internetowej, aby nawi\u0105za\u0107 komunikacj\u0119 z lud\u017ami;<\/li><li>Korzystaj z wysy\u0142ania wiadomo\u015bci bezpo\u015brednio ze swojego konta na Facebooku;<\/li> <li>U\u017cyj 3 opcji lokalizacji czatu: p\u0142ywaj\u0105ca ba\u0144ka, osadzona ba\u0144ka i osadzona okno czatu;<\/li><li>U\u017cyj zestawu ikon b\u0105belk\u00f3w do wyboru| Wybierz ikon\u0119 dymka z naszej kolekcji dost\u0119pnych ikon;<\/li><li>Edytowalny tekst w dymku.<\/li><\/ul><p><a href=\"#demo\">Zobacz wi\u0119cej funkcji w naszej wersji demonstracyjnej na \u017cywo<\/a><\/p> <\/div> <div class=\"application-platform-content-item-installation application-platform-content-item\" id=\"installation\" data-nav-section=\"installation\"> <h2>Zobacz, jak doda\u0107 Facebook Messenger do swojej strony OpenCart<\/h2> <p>Aby uruchomi\u0107 wid\u017cet w swojej witrynie , wystarczy wykona\u0107 poni\u017csze kroki.<\/p> <ol><li><b>Uruchom nasz darmowy konfigurator i zacznij tworzy\u0107 swoje unikalne rozszerzenie. <\/b><br> Wybierz odpowiedni uk\u0142ad i parametry rozszerzenia i zastosuj wszystkie zmiany. <\/li> <li><b>Skopiuj sw\u00f3j unikalny kod, kt\u00f3ry pojawi si\u0119 w oknie aplikacji Elfsight. <\/b><br> Po zako\u0144czeniu generowania osobistego rozszerzenia skopiuj sw\u00f3j kod w wyskakuj\u0105cym okienku i zapisz go na dalsze potrzeby. <\/li> <li><b>Rozpocznij korzystanie z rozszerzenia na stronie internetowej OpenCart. <\/b><br> Zintegruj skopiowany wcze\u015bniej kod ze swoj\u0105 witryn\u0105 i zapisz zmiany. <\/li> <li><b>Gotowe! Integracja zosta\u0142a w pe\u0142ni uko\u0144czona. <\/b><br> Odwied\u017a swoj\u0105 witryn\u0119, aby sprawdzi\u0107 dzia\u0142anie rozszerzenia. <\/li><\/ol><p>Nadal masz w\u0105tpliwo\u015bci? Lub masz pytania? Po prostu wy\u015blij swoj\u0105 pro\u015bb\u0119 do naszego dzia\u0142u obs\u0142ugi klienta, kt\u00f3ry rozwi\u0105\u017ce ka\u017cde pytanie. <\/p> <\/div>","protected":false},"excerpt":{"rendered":"","protected":false},"author":9,"featured_media":0,"parent":898,"menu_order":0,"comment_status":"closed","ping_status":"closed","template":"templates\/template-application-platform.php","meta":{"publish_to_discourse":"","publish_post_category":"","wpdc_auto_publish_overridden":"","wpdc_topic_tags":"","wpdc_pin_topic":"","wpdc_pin_until":"","discourse_post_id":"","discourse_permalink":"","wpdc_publishing_response":"","wpdc_publishing_error":"","footnotes":""},"class_list":["post-5000","page","type-page","status-publish","hentry"],"yoast_head":"<!-- This site is optimized with the Yoast SEO plugin v25.3.1 - https:\/\/yoast.com\/wordpress\/plugins\/seo\/ -->\n<title>Facebook Messenger - dodaj rozszerzenie Chat do strony OpenCart (2025)<\/title>\n<meta name=\"description\" content=\"Oto mo\u017cliwo\u015b\u0107 skonstruowania wid\u017cetu czatu na Facebooku i osadzenia go na swojej stronie OpenCart. B\u0119dziesz cieszy\u0107 si\u0119 bezp\u0142atn\u0105 obs\u0142ug\u0105 klienta i innymi korzy\u015bciami.\" \/>\n<meta name=\"robots\" content=\"index, follow, max-snippet:-1, max-image-preview:large, max-video-preview:-1\" \/>\n<link rel=\"canonical\" href=\"https:\/\/elfsight.com\/pl\/facebook-chat-widget\/opencart\/\" \/>\n<meta property=\"og:locale\" content=\"pl_PL\" \/>\n<meta property=\"og:type\" content=\"article\" \/>\n<meta property=\"og:title\" content=\"Facebook Messenger - dodaj rozszerzenie Chat do strony OpenCart (2025)\" \/>\n<meta property=\"og:description\" content=\"Oto mo\u017cliwo\u015b\u0107 skonstruowania wid\u017cetu czatu na Facebooku i osadzenia go na swojej stronie OpenCart. B\u0119dziesz cieszy\u0107 si\u0119 bezp\u0142atn\u0105 obs\u0142ug\u0105 klienta i innymi korzy\u015bciami.\" \/>\n<meta property=\"og:url\" content=\"https:\/\/elfsight.com\/pl\/facebook-chat-widget\/opencart\/\" \/>\n<meta property=\"og:site_name\" content=\"Elfsight PL\" \/>\n<meta property=\"article:modified_time\" content=\"2024-11-14T12:41:28+00:00\" \/>\n<meta name=\"twitter:card\" content=\"summary_large_image\" \/>\n<meta name=\"twitter:label1\" content=\"Szacowany czas czytania\" \/>\n\t<meta name=\"twitter:data1\" content=\"3 minuty\" \/>\n<!-- \/ Yoast SEO plugin. -->","yoast_head_json":{"title":"Facebook Messenger - dodaj rozszerzenie Chat do strony OpenCart (2025)","description":"Oto mo\u017cliwo\u015b\u0107 skonstruowania wid\u017cetu czatu na Facebooku i osadzenia go na swojej stronie OpenCart. B\u0119dziesz cieszy\u0107 si\u0119 bezp\u0142atn\u0105 obs\u0142ug\u0105 klienta i innymi korzy\u015bciami.","robots":{"index":"index","follow":"follow","max-snippet":"max-snippet:-1","max-image-preview":"max-image-preview:large","max-video-preview":"max-video-preview:-1"},"canonical":"https:\/\/elfsight.com\/pl\/facebook-chat-widget\/opencart\/","og_locale":"pl_PL","og_type":"article","og_title":"Facebook Messenger - dodaj rozszerzenie Chat do strony OpenCart (2025)","og_description":"Oto mo\u017cliwo\u015b\u0107 skonstruowania wid\u017cetu czatu na Facebooku i osadzenia go na swojej stronie OpenCart. B\u0119dziesz cieszy\u0107 si\u0119 bezp\u0142atn\u0105 obs\u0142ug\u0105 klienta i innymi korzy\u015bciami.","og_url":"https:\/\/elfsight.com\/pl\/facebook-chat-widget\/opencart\/","og_site_name":"Elfsight PL","article_modified_time":"2024-11-14T12:41:28+00:00","twitter_card":"summary_large_image","twitter_misc":{"Szacowany czas czytania":"3 minuty"},"schema":{"@context":"https:\/\/schema.org","@graph":[{"@type":"WebPage","@id":"https:\/\/elfsight.com\/pl\/facebook-chat-widget\/opencart\/","url":"https:\/\/elfsight.com\/pl\/facebook-chat-widget\/opencart\/","name":"Facebook Messenger - dodaj rozszerzenie Chat do strony OpenCart (2025)","isPartOf":{"@id":"https:\/\/elfsight.com\/pl\/#website"},"datePublished":"2024-05-03T06:35:27+00:00","dateModified":"2024-11-14T12:41:28+00:00","description":"Oto mo\u017cliwo\u015b\u0107 skonstruowania wid\u017cetu czatu na Facebooku i osadzenia go na swojej stronie OpenCart. B\u0119dziesz cieszy\u0107 si\u0119 bezp\u0142atn\u0105 obs\u0142ug\u0105 klienta i innymi korzy\u015bciami.","breadcrumb":{"@id":"https:\/\/elfsight.com\/pl\/facebook-chat-widget\/opencart\/#breadcrumb"},"inLanguage":"pl-PL","potentialAction":[{"@type":"ReadAction","target":["https:\/\/elfsight.com\/pl\/facebook-chat-widget\/opencart\/"]}]},{"@type":"BreadcrumbList","@id":"https:\/\/elfsight.com\/pl\/facebook-chat-widget\/opencart\/#breadcrumb","itemListElement":[{"@type":"ListItem","position":1,"name":"Home","item":"https:\/\/elfsight.com\/pl\/"},{"@type":"ListItem","position":2,"name":"Facebook Chat","item":"https:\/\/elfsight.com\/pl\/facebook-chat-widget\/"},{"@type":"ListItem","position":3,"name":"Facebook Chat &#8211; OpenCart"}]},{"@type":"WebSite","@id":"https:\/\/elfsight.com\/pl\/#website","url":"https:\/\/elfsight.com\/pl\/","name":"Elfsight PL","description":"Just another Elfsight Sites site","potentialAction":[{"@type":"SearchAction","target":{"@type":"EntryPoint","urlTemplate":"https:\/\/elfsight.com\/pl\/?s={search_term_string}"},"query-input":{"@type":"PropertyValueSpecification","valueRequired":true,"valueName":"search_term_string"}}],"inLanguage":"pl-PL"}]}},"meta_box":{"industry":"","seo_heading":"","heading":"","description":"","cta_heading":"","cta_description":"","application":"897","h1":"Rozszerzenie czatu na Facebooku OpenCart","h1_caption":"Dodaj rozszerzenie czatu na Facebooku do swojej witryny, zapewniaj\u0105c u\u017cytkownikom \u0142atwy spos\u00f3b na bezproblemowe skontaktowanie si\u0119 z Tob\u0105 w witrynie Opencart.","application_category":[],"applications_title":"","applications_request_title":"","applications_request_button_text":"","hero_text":"","hero_video":"","hero_video_schema_markup":"","selling_points_title":"","selling_points_caption":"","selling_points":[],"selling_points_cta_text":"","features_title":"","features":"","ed_cta_examples_text":"","ed_cta_examples_hidden":"","ed_cta_demo_text":"","ed_cta_demo_hidden":"","why_caption":"","why_editor_title":"","why_editor_text":"","why_team_title":"","why_team_text":"","why_service_title":"","why_service_text":"","template_catalog_visible":"","template_catalog_title":"","template_catalog_text":"","template_catalog_categories_visible":"","demo_title":"Utw\u00f3rz rozszerzenie czatu na Facebooku","demo_caption":"Skonfiguruj sw\u00f3j czat na Facebooku i dodaj go do swojej witryny OpenCart za darmo!","default_faq_hidden":"","app_template_category":[],"platform":"107","template_public_id":"","codecanyon_url":"","codecanyon_item_id":"","codecanyon_price":"","pricing_caption":"","pricing_elfsight_apps_hide_column":"","pricing_elfsight_apps_url":"","pricing_codecanyon_price_caption":"","integration_category":[],"integration_request_title":"","integration_request_cta":"","integration_platform":"","integrations":[],"platform_category":[],"video_schema_markup":"","price":"od 0 USD \/ miesi\u0105c","trial":"","benefits":[{"text":"Bezp\u0142atna pomoc w instalacji"},{"text":"Wyj\u0105tkowe wsparcie"},{"text":"14-dniowa gwarancja zwrotu pieni\u0119dzy"}],"button_url":"#demo","button_target_blank":"","button_nofollow":"","attributes":[{"name":"Instaluje"},{"name":"Czu\u0142y"},{"name":"Kompatybilne przegl\u0105darki"}],"tags":[],"tags_disable_links":"","hide_more_platforms":"","video_object":"","demo_hide_cta":"","demo_hide_cloud_options":"","pricing_title":"","pricing":[{"pricing_icon":"platform","pricing_title":"Elfsight Apps","pricing_title_caption":"Niezale\u017cne od platformy rozwi\u0105zanie cyfrowe, kt\u00f3re dzia\u0142a na ka\u017cdej stronie internetowej","pricing_price":"od 0 USD \/ miesi\u0105c","pricing_price_caption":"zacznij od bezp\u0142atnego planu","pricing_benefits":[{"text":"Nielimitowane strony internetowe"},{"text":"Bezp\u0142atne i terminowe wsparcie"},{"text":"Bezp\u0142atne wsparcie przy instalacji"},{"text":"W pe\u0142ni konfigurowalny"}],"pricing_button_text":"Dodaj do witryny","pricing_button_url":"#demo"}],"related_apps_title":"","related_apps_hidden":"","author":"","image":[],"title":"","job":"","social_networks":[]},"_links":{"self":[{"href":"https:\/\/elfsight.com\/pl\/wp-json\/wp\/v2\/pages\/5000","targetHints":{"allow":["GET"]}}],"collection":[{"href":"https:\/\/elfsight.com\/pl\/wp-json\/wp\/v2\/pages"}],"about":[{"href":"https:\/\/elfsight.com\/pl\/wp-json\/wp\/v2\/types\/page"}],"author":[{"embeddable":true,"href":"https:\/\/elfsight.com\/pl\/wp-json\/wp\/v2\/users\/9"}],"replies":[{"embeddable":true,"href":"https:\/\/elfsight.com\/pl\/wp-json\/wp\/v2\/comments?post=5000"}],"version-history":[{"count":1,"href":"https:\/\/elfsight.com\/pl\/wp-json\/wp\/v2\/pages\/5000\/revisions"}],"predecessor-version":[{"id":5004,"href":"https:\/\/elfsight.com\/pl\/wp-json\/wp\/v2\/pages\/5000\/revisions\/5004"}],"up":[{"embeddable":true,"href":"https:\/\/elfsight.com\/pl\/wp-json\/wp\/v2\/pages\/898"}],"wp:attachment":[{"href":"https:\/\/elfsight.com\/pl\/wp-json\/wp\/v2\/media?parent=5000"}],"curies":[{"name":"wp","href":"https:\/\/api.w.org\/{rel}","templated":true}]}}