{"id":4998,"date":"2024-05-03T06:35:25","date_gmt":"2024-05-03T06:35:25","guid":{"rendered":"https:\/\/elfsight.com\/pl\/?page_id=4998"},"modified":"2024-11-14T12:41:20","modified_gmt":"2024-11-14T12:41:20","slug":"wordpress","status":"publish","type":"page","link":"https:\/\/elfsight.com\/pl\/facebook-chat-widget\/wordpress\/","title":{"rendered":"Facebook Chat &#8211; WordPress"},"content":{"rendered":"<div class=\"application-platform-content-item-description application-platform-content-item\" id=\"description\" data-nav-section=\"description\"> <h2>Osad\u017a czat na Facebooku w WordPress za pomoc\u0105 wid\u017cetu Elfsight<\/h2> <p>Czat na Facebooku opracowany przez Elfsight to najprostszy spos\u00f3b, w jaki mog\u0105 to zrobi\u0107 osoby przegl\u0105daj\u0105ce Twoj\u0105 witryn\u0119 porozmawia\u0107 z Tob\u0105 i us\u0142ysze\u0107 odpowiedzi na ich pytania i pro\u015bby. Teraz mo\u017cesz by\u0107 dost\u0119pny online dla odbiorc\u00f3w w ich najpopularniejszym komunikatorze w dowolnym momencie. Wstaw Czat na \u017cywo do swojego sklepu i wy\u015bwietlaj go na ka\u017cdej stronie lub tylko na niekt\u00f3rych stronach lub dla okre\u015blonych kategorii klient\u00f3w, ustaw wyzwalacze czatu rozpoczynaj\u0105cego, wprowad\u017a osobist\u0105 wiadomo\u015b\u0107 powitaln\u0105, wybierz ikony i zastosuj inne dostosowania. Komunikator Facebook dzia\u0142aj\u0105cy na Twojej stronie internetowej zapewni Ci kontakt z klientami w dowolnym miejscu i czasie.<\/p> <\/div><div class=\"application-platform-content-item-features application-platform-content-item\" id=\"features\" data-nav-section=\"features\"> <h2>G\u0142\u00f3wne funkcje wid\u017cetu Czat na Facebooku<\/h2> <p> Aby lepiej zrozumie\u0107 wtyczk\u0119, sp\u00f3jrz na list\u0119 jej najwa\u017cniejszych funkcji. Sprawiaj\u0105, \u017ce nasz widget jest niezwykle korzystny dla Twojego sklepu: <\/p> <ul><li>Wprowad\u017a komunikator Facebook na swojej stronie internetowej, aby pozosta\u0107 w kontakcie z lud\u017ami; <\/li><li>Udzielaj odpowiedzi bezpo\u015brednio ze swojego konta na Facebooku; <\/li><li>Wybierz jeden z 3 wariant\u00f3w lokalizacji czatu: p\u0142ywaj\u0105ca ba\u0144ka, osadzona ba\u0144ka i osadzona okno czatu; <\/li><li>Znajd\u017a ikon\u0119 dymka w naszej kolekcji dost\u0119pnych ikon; <\/li><li>Edytowalny tekst w dymku. <\/li><\/ul><p><a href=\"#demo\">Poznaj wszystkie funkcje w wersji demonstracyjnej<\/a><\/p> <\/div> <div class=\"application-platform-content-item-installation application-platform-content-item\" id=\"installation\" data-nav-section=\"installation\"> <h2>Jak dodaj czat na Facebooku do swojej witryny WordPress<\/h2><div class=\"video-container\"><iframe width=\"720\" height=\"405\" src=\"https:\/\/www.youtube.com\/embed\/7iDMKXqv4Io\" frameborder=\"0\" allowfullscreen=\"\"><\/iframe><\/div><p>Wystarczy post\u0119powa\u0107 zgodnie z poni\u017cszymi wskaz\u00f3wkami, aby osadzi\u0107 narz\u0119dzie w WordPressie.<\/p> <ol><li><b>Uruchom nasze bezp\u0142atne edytorze i zacznij tworzy\u0107 sw\u00f3j w\u0142asny instrument. <\/b><br> Okre\u015bl niestandardowy interfejs i charakterystyk\u0119 wid\u017cetu i zastosuj poprawki. <\/li> <li><b>Wy\u015bwietl sw\u00f3j unikalny kod w specjalnym formularzu w aplikacjach Elfsight. <\/b><br> Zaraz po zako\u0144czeniu tworzenia widgetu skopiuj kod osobisty z wyskakuj\u0105cego okienka i zachowaj go na dalsze potrzeby. <\/li> <li><b>Wpisz opcj\u0119 korzystania z wid\u017cetu Czat na Facebooku w witrynie WordPress. <\/b><br> Zintegruj kod, kt\u00f3ry ostatnio zapisa\u0142e\u015b w swojej witrynie i zastosuj zmiany. <\/li> <li><b>Konfiguracja zosta\u0142a pomy\u015blnie uko\u0144czona. <\/b><br> Wejd\u017a na swoj\u0105 stron\u0119 i sprawd\u017a dzia\u0142anie narz\u0119dzia. <\/li><\/ol> <p>Nadal nie mo\u017cesz si\u0119 zdecydowa\u0107? Albo natkn\u0105\u0142e\u015b si\u0119 na co\u015b? Po prostu napisz pro\u015bb\u0119 do naszego zespo\u0142u wsparcia, pomo\u017cemy rozwi\u0105za\u0107 ka\u017cdy problem. <\/p> <\/div><div class=\"faq\" data-component=\"FAQ\"><div class=\"faq-item\">\r\n\t\t\t\t\t<div class=\"faq-item-question\">\r\n\t\t\t\t\t\t<h3 class=\"faq-item-question-text\">W jaki spos\u00f3b mog\u0119 osadzi\u0107 czat z Facebook Messenger w moim WordPressie? <\/h3>\r\n\r\n\t\t\t\t\t\t<div class=\"faq-item-question-icon\"><\/div>\r\n\t\t\t\t\t<\/div>\r\n\r\n\t\t\t\t\t<div class=\"faq-item-answer\">\r\n\t\t\t\t\t\t<div class=\"faq-item-answer-text\"><p>Konstrukcja wid\u017cetu jest wykonywane na stronach Elfsight i nie ma potrzeby uczenia si\u0119 kodowania. Skorzystaj z wersji demonstracyjnej online, aby dostosowa\u0107 swoje osobiste narz\u0119dzie, uzyskaj kod i dodaj go do swojej witryny. <\/p><\/div>\r\n\t\t\t\t\t<\/div>\r\n\t\t\t\t<\/div><div class=\"faq-item\">\r\n\t\t\t\t\t<div class=\"faq-item-question\">\r\n\t\t\t\t\t\t<h3 class=\"faq-item-question-text\">Najlepsze przyk\u0142ady wykorzystania integracji czatu na \u017cywo z Facebookiem<\/h3>\r\n\r\n\t\t\t\t\t\t<div class=\"faq-item-question-icon\"><\/div>\r\n\t\t\t\t\t<\/div>\r\n\r\n\t\t\t\t\t<div class=\"faq-item-answer\">\r\n\t\t\t\t\t\t<div class=\"faq-item-answer-text\"><p>Oferujemy szerok\u0105 gam\u0119 mo\u017cliwo\u015bci personalizacji: pe\u0142nowymiarowe wid\u017cety do dodawania tre\u015bci obszar, p\u0142ywaj\u0105ce wtyczki z funkcj\u0105 przewijania, miniatury stopki Twojej witryny, nag\u0142\u00f3wek i wszelkiego rodzaju opcje pionowe dla pask\u00f3w bocznych i menu witryny. <\/p><\/div>\r\n\t\t\t\t\t<\/div>\r\n\t\t\t\t<\/div><div class=\"faq-item\">\r\n\t\t\t\t\t<div class=\"faq-item-question\">\r\n\t\t\t\t\t\t<h3 class=\"faq-item-question-text\">Czy istnieje mo\u017cliwo\u015b\u0107 utworzenia czatu dotycz\u0105cego rezerwacji lub opinii za pomoc\u0105 edytora? <\/h3>\r\n\r\n\t\t\t\t\t\t<div class=\"faq-item-question-icon\"><\/div>\r\n\t\t\t\t\t<\/div>\r\n\r\n\t\t\t\t\t<div class=\"faq-item-answer\">\r\n\t\t\t\t\t\t<div class=\"faq-item-answer-text\"><p>Mo\u017cesz tworzy\u0107 dowolne modyfikacje wid\u017cetu. W edytorze dost\u0119pnych jest mn\u00f3stwo uk\u0142ad\u00f3w, a ka\u017cdy z nich mo\u017cna \u0142atwo spersonalizowa\u0107 wed\u0142ug potrzeb. <\/p><\/div>\r\n\t\t\t\t\t<\/div>\r\n\t\t\t\t<\/div><div class=\"faq-item\">\r\n\t\t\t\t\t<div class=\"faq-item-question\">\r\n\t\t\t\t\t\t<h3 class=\"faq-item-question-text\">Jakich innych wid\u017cet\u00f3w mog\u0119 u\u017cywa\u0107 w mojej witrynie WordPress?<\/h3>\r\n\r\n\t\t\t\t\t\t<div class=\"faq-item-question-icon\"><\/div>\r\n\t\t\t\t\t<\/div>\r\n\r\n\t\t\t\t\t<div class=\"faq-item-answer\">\r\n\t\t\t\t\t\t<div class=\"faq-item-answer-text\"><p>Mo\u017cesz na przyk\u0142ad u\u017cy\u0107 <a href=\"https:\/\/elfsight .com\/telegram-chat-widget\/wordpress\/\" target=\"_blank\" rel=\"noopener\">Czat telegramowy<\/a>, <a href=\"https:\/\/elfsight.com\/whatsapp-chat-widget\/wordpress \/\" target=\"_blank\" rel=\"noopener\">Czat WhatsApp<\/a> lub <a href=\"https:\/\/elfsight.com\/viber-chat-widget\/wordpress\/\" target=\"_blank\" rel=\"noopener\">Czat Viber<\/a> umo\u017cliwiaj\u0105cy kontakt z odwiedzaj\u0105cymi witryn\u0119 za po\u015brednictwem ich ulubionego komunikatora. Mo\u017cesz tak\u017ce doda\u0107 do witryny suwak Recenzji i Referencji Google, aby zaprezentowa\u0107 najbardziej niesamowite referencje na temat Twojej firmy. Aby zwi\u0119kszy\u0107 r\u00f3\u017cnorodno\u015b\u0107 tre\u015bci na swojej stronie internetowej za pomoc\u0105 film\u00f3w, dodaj galeri\u0119 YouTube.<\/p><\/div>\r\n\t\t\t\t\t<\/div>\r\n\t\t\t\t<\/div><\/div>","protected":false},"excerpt":{"rendered":"","protected":false},"author":9,"featured_media":0,"parent":898,"menu_order":0,"comment_status":"closed","ping_status":"closed","template":"templates\/template-application-platform.php","meta":{"publish_to_discourse":"","publish_post_category":"","wpdc_auto_publish_overridden":"","wpdc_topic_tags":"","wpdc_pin_topic":"","wpdc_pin_until":"","discourse_post_id":"","discourse_permalink":"","wpdc_publishing_response":"","wpdc_publishing_error":"","footnotes":""},"class_list":["post-4998","page","type-page","status-publish","hentry"],"yoast_head":"<!-- This site is optimized with the Yoast SEO plugin v25.3.1 - https:\/\/yoast.com\/wordpress\/plugins\/seo\/ -->\n<title>Wtyczka Facebook Messenger Chat dla witryny WordPress (2025)<\/title>\n<meta name=\"description\" content=\"Utw\u00f3rz wtyczk\u0119 Facebook Messenger Chat i z \u0142atwo\u015bci\u0105 dodaj j\u0105 do swojej witryny WordPress. Oferujemy bezp\u0142atn\u0105 obs\u0142ug\u0119 klienta i inne bonusy.\" \/>\n<meta name=\"robots\" content=\"index, follow, max-snippet:-1, max-image-preview:large, max-video-preview:-1\" \/>\n<link rel=\"canonical\" href=\"https:\/\/elfsight.com\/pl\/facebook-chat-widget\/wordpress\/\" \/>\n<meta property=\"og:locale\" content=\"pl_PL\" \/>\n<meta property=\"og:type\" content=\"article\" \/>\n<meta property=\"og:title\" content=\"Wtyczka Facebook Messenger Chat dla witryny WordPress (2025)\" \/>\n<meta property=\"og:description\" content=\"Utw\u00f3rz wtyczk\u0119 Facebook Messenger Chat i z \u0142atwo\u015bci\u0105 dodaj j\u0105 do swojej witryny WordPress. Oferujemy bezp\u0142atn\u0105 obs\u0142ug\u0119 klienta i inne bonusy.\" \/>\n<meta property=\"og:url\" content=\"https:\/\/elfsight.com\/pl\/facebook-chat-widget\/wordpress\/\" \/>\n<meta property=\"og:site_name\" content=\"Elfsight PL\" \/>\n<meta property=\"article:modified_time\" content=\"2024-11-14T12:41:20+00:00\" \/>\n<meta name=\"twitter:card\" content=\"summary_large_image\" \/>\n<meta name=\"twitter:label1\" content=\"Szacowany czas czytania\" \/>\n\t<meta name=\"twitter:data1\" content=\"3 minuty\" \/>\n<!-- \/ Yoast SEO plugin. -->","yoast_head_json":{"title":"Wtyczka Facebook Messenger Chat dla witryny WordPress (2025)","description":"Utw\u00f3rz wtyczk\u0119 Facebook Messenger Chat i z \u0142atwo\u015bci\u0105 dodaj j\u0105 do swojej witryny WordPress. Oferujemy bezp\u0142atn\u0105 obs\u0142ug\u0119 klienta i inne bonusy.","robots":{"index":"index","follow":"follow","max-snippet":"max-snippet:-1","max-image-preview":"max-image-preview:large","max-video-preview":"max-video-preview:-1"},"canonical":"https:\/\/elfsight.com\/pl\/facebook-chat-widget\/wordpress\/","og_locale":"pl_PL","og_type":"article","og_title":"Wtyczka Facebook Messenger Chat dla witryny WordPress (2025)","og_description":"Utw\u00f3rz wtyczk\u0119 Facebook Messenger Chat i z \u0142atwo\u015bci\u0105 dodaj j\u0105 do swojej witryny WordPress. Oferujemy bezp\u0142atn\u0105 obs\u0142ug\u0119 klienta i inne bonusy.","og_url":"https:\/\/elfsight.com\/pl\/facebook-chat-widget\/wordpress\/","og_site_name":"Elfsight PL","article_modified_time":"2024-11-14T12:41:20+00:00","twitter_card":"summary_large_image","twitter_misc":{"Szacowany czas czytania":"3 minuty"},"schema":{"@context":"https:\/\/schema.org","@graph":[{"@type":"WebPage","@id":"https:\/\/elfsight.com\/pl\/facebook-chat-widget\/wordpress\/","url":"https:\/\/elfsight.com\/pl\/facebook-chat-widget\/wordpress\/","name":"Wtyczka Facebook Messenger Chat dla witryny WordPress (2025)","isPartOf":{"@id":"https:\/\/elfsight.com\/pl\/#website"},"datePublished":"2024-05-03T06:35:25+00:00","dateModified":"2024-11-14T12:41:20+00:00","description":"Utw\u00f3rz wtyczk\u0119 Facebook Messenger Chat i z \u0142atwo\u015bci\u0105 dodaj j\u0105 do swojej witryny WordPress. Oferujemy bezp\u0142atn\u0105 obs\u0142ug\u0119 klienta i inne bonusy.","breadcrumb":{"@id":"https:\/\/elfsight.com\/pl\/facebook-chat-widget\/wordpress\/#breadcrumb"},"inLanguage":"pl-PL","potentialAction":[{"@type":"ReadAction","target":["https:\/\/elfsight.com\/pl\/facebook-chat-widget\/wordpress\/"]}]},{"@type":"BreadcrumbList","@id":"https:\/\/elfsight.com\/pl\/facebook-chat-widget\/wordpress\/#breadcrumb","itemListElement":[{"@type":"ListItem","position":1,"name":"Home","item":"https:\/\/elfsight.com\/pl\/"},{"@type":"ListItem","position":2,"name":"Facebook Chat","item":"https:\/\/elfsight.com\/pl\/facebook-chat-widget\/"},{"@type":"ListItem","position":3,"name":"Facebook Chat &#8211; WordPress"}]},{"@type":"WebSite","@id":"https:\/\/elfsight.com\/pl\/#website","url":"https:\/\/elfsight.com\/pl\/","name":"Elfsight PL","description":"Just another Elfsight Sites site","potentialAction":[{"@type":"SearchAction","target":{"@type":"EntryPoint","urlTemplate":"https:\/\/elfsight.com\/pl\/?s={search_term_string}"},"query-input":{"@type":"PropertyValueSpecification","valueRequired":true,"valueName":"search_term_string"}}],"inLanguage":"pl-PL"}]}},"meta_box":{"industry":"","seo_heading":"","heading":"","description":"","cta_heading":"","cta_description":"","application":"897","h1":"Wtyczka Facebook Messenger Chat dla WordPress","h1_caption":"Dodaj wtyczk\u0119 czatu do komunikatora Facebook do swojej witryny, zapewniaj\u0105c u\u017cytkownikom \u0142atwy spos\u00f3b na bezproblemowe kontaktowanie si\u0119 z Tob\u0105 w witrynie WordPress.","application_category":[],"applications_title":"","applications_request_title":"","applications_request_button_text":"","hero_text":"","hero_video":"","hero_video_schema_markup":"","selling_points_title":"","selling_points_caption":"","selling_points":[],"selling_points_cta_text":"","features_title":"","features":"","ed_cta_examples_text":"","ed_cta_examples_hidden":"","ed_cta_demo_text":"","ed_cta_demo_hidden":"","why_caption":"","why_editor_title":"","why_editor_text":"","why_team_title":"","why_team_text":"","why_service_title":"","why_service_text":"","template_catalog_visible":"","template_catalog_title":"","template_catalog_text":"","template_catalog_categories_visible":"","demo_title":"Utw\u00f3rz wtyczk\u0119 czatu na Facebooku","demo_caption":"Skonfiguruj sw\u00f3j czat na Facebooku i dodaj go do swojej witryny WordPress za darmo!","default_faq_hidden":"","app_template_category":[],"platform":"31","template_public_id":"","codecanyon_url":"","codecanyon_item_id":"","codecanyon_price":"","pricing_caption":"","pricing_elfsight_apps_hide_column":"","pricing_elfsight_apps_url":"","pricing_codecanyon_price_caption":"","integration_category":[],"integration_request_title":"","integration_request_cta":"","integration_platform":"","integrations":[],"platform_category":[],"video_schema_markup":"","price":"od 0 USD \/ miesi\u0105c","trial":"","benefits":[{"text":"Bezp\u0142atna pomoc w instalacji"},{"text":"Skuteczna obs\u0142uga klienta"},{"text":"14-dniowa gwarancja zwrotu pieni\u0119dzy"}],"button_url":"#demo","button_target_blank":"","button_nofollow":"","attributes":[{"name":"Instaluje"},{"name":"Czu\u0142y"},{"name":"Kompatybilne przegl\u0105darki"}],"tags":[],"tags_disable_links":"","hide_more_platforms":"","video_object":"","demo_hide_cta":"","demo_hide_cloud_options":"","pricing_title":"","pricing":[{"pricing_icon":"platform","pricing_title":"Elfsight Apps","pricing_title_caption":"Oprogramowanie wieloplatformowe, kt\u00f3re pasuje do ka\u017cdej witryny internetowej","pricing_price":"od 0 USD \/ miesi\u0105c","pricing_price_caption":"zacznij od bezp\u0142atnego planu","pricing_benefits":[{"text":"Nielimitowane strony internetowe"},{"text":"Wsparcie premium i na czas"},{"text":"Bezp\u0142atna pomoc w monta\u017cu"},{"text":"\u015awietna oferta na wiele aplikacji"}],"pricing_button_text":"Dodaj do witryny","pricing_button_url":"#demo"}],"related_apps_title":"","related_apps_hidden":"","author":"","image":[],"title":"","job":"","social_networks":[]},"_links":{"self":[{"href":"https:\/\/elfsight.com\/pl\/wp-json\/wp\/v2\/pages\/4998","targetHints":{"allow":["GET"]}}],"collection":[{"href":"https:\/\/elfsight.com\/pl\/wp-json\/wp\/v2\/pages"}],"about":[{"href":"https:\/\/elfsight.com\/pl\/wp-json\/wp\/v2\/types\/page"}],"author":[{"embeddable":true,"href":"https:\/\/elfsight.com\/pl\/wp-json\/wp\/v2\/users\/9"}],"replies":[{"embeddable":true,"href":"https:\/\/elfsight.com\/pl\/wp-json\/wp\/v2\/comments?post=4998"}],"version-history":[{"count":2,"href":"https:\/\/elfsight.com\/pl\/wp-json\/wp\/v2\/pages\/4998\/revisions"}],"predecessor-version":[{"id":7759,"href":"https:\/\/elfsight.com\/pl\/wp-json\/wp\/v2\/pages\/4998\/revisions\/7759"}],"up":[{"embeddable":true,"href":"https:\/\/elfsight.com\/pl\/wp-json\/wp\/v2\/pages\/898"}],"wp:attachment":[{"href":"https:\/\/elfsight.com\/pl\/wp-json\/wp\/v2\/media?parent=4998"}],"curies":[{"name":"wp","href":"https:\/\/api.w.org\/{rel}","templated":true}]}}