{"id":4991,"date":"2024-05-03T06:35:22","date_gmt":"2024-05-03T06:35:22","guid":{"rendered":"https:\/\/elfsight.com\/pl\/?page_id=4991"},"modified":"2024-11-14T09:27:46","modified_gmt":"2024-11-14T09:27:46","slug":"facebook","status":"publish","type":"page","link":"https:\/\/elfsight.com\/pl\/facebook-chat-widget\/facebook\/","title":{"rendered":"Facebok Chat &#8211; Facebook Page"},"content":{"rendered":"<div class=\"application-platform-content-item-description application-platform-content-item\" id=\"description\" data-nav-section=\"description\"><h2>Opis<\/h2><p>Komunikator na Facebooku stworzony przez Elfsight to \u0142atwe narz\u0119dzie dla u\u017cytkownik\u00f3w Twojej strony, umo\u017cliwiaj\u0105ce rozpocz\u0119cie z Tob\u0105 czatu i odpowiedzi na ich pytania. Mo\u017cesz by\u0107 dost\u0119pny dla u\u017cytkownik\u00f3w w najpopularniejszym komunikatorze, gdziekolwiek si\u0119 znajdujesz. Dodaj Facebook Chat do swojej strony, a b\u0119dzie on wy\u015bwietlany wybranym grupom klient\u00f3w. Wybierz wyzwalacze czatu, zaprezentuj niestandardow\u0105 wiadomo\u015b\u0107 powitaln\u0105, dopasuj ikony i wiele wi\u0119cej. Dzi\u0119ki widgetowi komunikatora b\u0119dziesz zawsze \u0142atwo dost\u0119pny dla swoich klient\u00f3w, niezale\u017cnie od miejsca, w kt\u00f3rym si\u0119 znajdujesz. <\/p><\/div> <div class=\"application-platform-content-item-features application-platform-content-item\" id=\"features\" data-nav-section=\"features\"><h2>Funkcje<\/h2><p>Oto lista wszystkich funkcji wtyczki. S\u0105 one dost\u0119pne bezpo\u015brednio w edytorze i pomog\u0105 Ci skonfigurowa\u0107 widget dok\u0142adnie dla Twojego przypadku.<\/p><ul><li>Zintegruj komunikator Facebook na swojej stronie internetowej, aby prowadzi\u0107 czaty na \u017cywo z odbiorcami;<\/li><li>Kontynuuj komunikacj\u0119 bezpo\u015brednio ze swojej strony na Facebooku;<\/li><li>Wypr\u00f3buj 3 warianty lokalizacji czatu: p\u0142ywaj\u0105ca ba\u0144ka, osadzona ba\u0144ka i osadzenie okna czatu;<\/li><li>Wybierz ikon\u0119 dymka z zestawu dost\u0119pnych ikon;<\/li><li>Edytuj tekst dymka czatu.<\/li><\/ul><p><a href=\"#demo\">Mo\u017cesz wypr\u00f3bowa\u0107 wszystkie funkcje wid\u017cetu bezpo\u015brednio w wersji demonstracyjnej <\/a><\/p><\/div> <div class=\"application-platform-content-item-installation application-platform-content-item\" id=\"installation\" data-nav-section=\"installation\"><h2>Jak osadzi\u0107 komunikator Facebook na stronie firmowej na Facebooku<\/h2><p>Aby rozpocz\u0105\u0107 korzystanie z wid\u017cetu, wystarczy zastosowa\u0107 si\u0119 do poni\u017cszych instrukcji<\/p><ul><li><b>Stw\u00f3rz spersonalizowany wid\u017cet czatu<\/b><br>Korzystaj\u0105c z naszego bezp\u0142atnego edytora, utw\u00f3rz wtyczk\u0119 o preferowanym wygl\u0105dzie i funkcjonalno\u015bci.<\/li><li><b>Pobierz indywidualny kod do integracji wtyczki<\/b><br>Po dostosowaniu wid\u017cetu otrzymasz indywidualny kod z pojawiaj\u0105cego si\u0119 okna aplikacji Elfsight. Skopiuj go do wykorzystania w przysz\u0142o\u015bci.<\/li><li><b>Dodaj wid\u017cet do strony na Facebooku<\/b><br> Utw\u00f3rz w\u0142asn\u0105 zak\u0142adk\u0119 na Facebooku. Wpisz w zak\u0142adce kod otrzymany w aplikacji elfsight. Je\u015bli masz jakiekolwiek problemy, po prostu zapoznaj si\u0119 z naszym przewodnikiem na stronie <a href=\"https:\/\/elfsight.com\/blog\/how-to-add-custom-tab-to-facebook-page\/\" target=\"_blank\" rel=\"noopener noreferrer\">tworzenie niestandardowej karty Facebook<\/a><\/li><li><b>Instalacja zosta\u0142a uko\u0144czona<\/b><br>Przejd\u017a na swoj\u0105 stron\u0119, aby obejrze\u0107 swoj\u0105 wtyczk\u0119.<\/li> <\/ul><p>Je\u015bli potrzebujesz pomocy lub masz pytania, skontaktuj si\u0119 z obs\u0142ug\u0105 klienta. Nasi specjali\u015bci udziel\u0105 pomocy przy ka\u017cdym zapytaniu.<\/p><\/div>","protected":false},"excerpt":{"rendered":"","protected":false},"author":9,"featured_media":0,"parent":898,"menu_order":0,"comment_status":"closed","ping_status":"closed","template":"templates\/template-application-platform.php","meta":{"publish_to_discourse":"","publish_post_category":"","wpdc_auto_publish_overridden":"","wpdc_topic_tags":"","wpdc_pin_topic":"","wpdc_pin_until":"","discourse_post_id":"","discourse_permalink":"","wpdc_publishing_response":"","wpdc_publishing_error":"","footnotes":""},"class_list":["post-4991","page","type-page","status-publish","hentry"],"yoast_head":"<!-- This site is optimized with the Yoast SEO plugin v25.3.1 - https:\/\/yoast.com\/wordpress\/plugins\/seo\/ -->\n<title>Dodaj wid\u017cet komunikatora Facebook do strony firmowej na Facebooku (2026)<\/title>\n<meta name=\"description\" content=\"Dzi\u0119ki Elfsight zaprojektuj wid\u017cet komunikatora Facebook i dodaj go do strony na Facebooku. Oferujemy bezp\u0142atn\u0105 obs\u0142ug\u0119 klienta i wi\u0119cej bonus\u00f3w.\" \/>\n<meta name=\"robots\" content=\"index, follow, max-snippet:-1, max-image-preview:large, max-video-preview:-1\" \/>\n<link rel=\"canonical\" href=\"https:\/\/elfsight.com\/pl\/facebook-chat-widget\/facebook\/\" \/>\n<meta property=\"og:locale\" content=\"pl_PL\" \/>\n<meta property=\"og:type\" content=\"article\" \/>\n<meta property=\"og:title\" content=\"Dodaj wid\u017cet komunikatora Facebook do strony firmowej na Facebooku (2026)\" \/>\n<meta property=\"og:description\" content=\"Dzi\u0119ki Elfsight zaprojektuj wid\u017cet komunikatora Facebook i dodaj go do strony na Facebooku. Oferujemy bezp\u0142atn\u0105 obs\u0142ug\u0119 klienta i wi\u0119cej bonus\u00f3w.\" \/>\n<meta property=\"og:url\" content=\"https:\/\/elfsight.com\/pl\/facebook-chat-widget\/facebook\/\" \/>\n<meta property=\"og:site_name\" content=\"Elfsight PL\" \/>\n<meta property=\"article:modified_time\" content=\"2024-11-14T09:27:46+00:00\" \/>\n<meta name=\"twitter:card\" content=\"summary_large_image\" \/>\n<meta name=\"twitter:label1\" content=\"Szacowany czas czytania\" \/>\n\t<meta name=\"twitter:data1\" content=\"2 minuty\" \/>\n<!-- \/ Yoast SEO plugin. -->","yoast_head_json":{"title":"Dodaj wid\u017cet komunikatora Facebook do strony firmowej na Facebooku (2026)","description":"Dzi\u0119ki Elfsight zaprojektuj wid\u017cet komunikatora Facebook i dodaj go do strony na Facebooku. Oferujemy bezp\u0142atn\u0105 obs\u0142ug\u0119 klienta i wi\u0119cej bonus\u00f3w.","robots":{"index":"index","follow":"follow","max-snippet":"max-snippet:-1","max-image-preview":"max-image-preview:large","max-video-preview":"max-video-preview:-1"},"canonical":"https:\/\/elfsight.com\/pl\/facebook-chat-widget\/facebook\/","og_locale":"pl_PL","og_type":"article","og_title":"Dodaj wid\u017cet komunikatora Facebook do strony firmowej na Facebooku (2026)","og_description":"Dzi\u0119ki Elfsight zaprojektuj wid\u017cet komunikatora Facebook i dodaj go do strony na Facebooku. Oferujemy bezp\u0142atn\u0105 obs\u0142ug\u0119 klienta i wi\u0119cej bonus\u00f3w.","og_url":"https:\/\/elfsight.com\/pl\/facebook-chat-widget\/facebook\/","og_site_name":"Elfsight PL","article_modified_time":"2024-11-14T09:27:46+00:00","twitter_card":"summary_large_image","twitter_misc":{"Szacowany czas czytania":"2 minuty"},"schema":{"@context":"https:\/\/schema.org","@graph":[{"@type":"WebPage","@id":"https:\/\/elfsight.com\/pl\/facebook-chat-widget\/facebook\/","url":"https:\/\/elfsight.com\/pl\/facebook-chat-widget\/facebook\/","name":"Dodaj wid\u017cet komunikatora Facebook do strony firmowej na Facebooku (2026)","isPartOf":{"@id":"https:\/\/elfsight.com\/pl\/#website"},"datePublished":"2024-05-03T06:35:22+00:00","dateModified":"2024-11-14T09:27:46+00:00","description":"Dzi\u0119ki Elfsight zaprojektuj wid\u017cet komunikatora Facebook i dodaj go do strony na Facebooku. Oferujemy bezp\u0142atn\u0105 obs\u0142ug\u0119 klienta i wi\u0119cej bonus\u00f3w.","breadcrumb":{"@id":"https:\/\/elfsight.com\/pl\/facebook-chat-widget\/facebook\/#breadcrumb"},"inLanguage":"pl-PL","potentialAction":[{"@type":"ReadAction","target":["https:\/\/elfsight.com\/pl\/facebook-chat-widget\/facebook\/"]}]},{"@type":"BreadcrumbList","@id":"https:\/\/elfsight.com\/pl\/facebook-chat-widget\/facebook\/#breadcrumb","itemListElement":[{"@type":"ListItem","position":1,"name":"Home","item":"https:\/\/elfsight.com\/pl\/"},{"@type":"ListItem","position":2,"name":"Facebook Chat","item":"https:\/\/elfsight.com\/pl\/facebook-chat-widget\/"},{"@type":"ListItem","position":3,"name":"Facebok Chat &#8211; Facebook Page"}]},{"@type":"WebSite","@id":"https:\/\/elfsight.com\/pl\/#website","url":"https:\/\/elfsight.com\/pl\/","name":"Elfsight PL","description":"Just another Elfsight Sites site","potentialAction":[{"@type":"SearchAction","target":{"@type":"EntryPoint","urlTemplate":"https:\/\/elfsight.com\/pl\/?s={search_term_string}"},"query-input":{"@type":"PropertyValueSpecification","valueRequired":true,"valueName":"search_term_string"}}],"inLanguage":"pl-PL"}]}},"meta_box":{"industry":"","seo_heading":"","heading":"","description":"","cta_heading":"","cta_description":"","application":"897","h1":"Czat w komunikatorze Facebook dla strony na Facebooku","h1_caption":"Najwygodniejszy spos\u00f3b interakcji dla odwiedzaj\u0105cych stron\u0119 Twojej firmy","application_category":[],"applications_title":"","applications_request_title":"","applications_request_button_text":"","hero_text":"","hero_video":"","hero_video_schema_markup":"","selling_points_title":"","selling_points_caption":"","selling_points":[],"selling_points_cta_text":"","features_title":"","features":"","ed_cta_examples_text":"","ed_cta_examples_hidden":"","ed_cta_demo_text":"","ed_cta_demo_hidden":"","why_caption":"","why_editor_title":"","why_editor_text":"","why_team_title":"","why_team_text":"","why_service_title":"","why_service_text":"","template_catalog_visible":"","template_catalog_title":"","template_catalog_text":"","template_catalog_categories_visible":"","demo_title":"Utw\u00f3rz wid\u017cet czatu na Facebooku","demo_caption":"Skonfiguruj czat na Facebooku i dodaj go za darmo do swojej strony na Facebooku!","default_faq_hidden":"","app_template_category":[],"platform":"319","template_public_id":"","codecanyon_url":"","codecanyon_item_id":"","codecanyon_price":"","pricing_caption":"","pricing_elfsight_apps_hide_column":"","pricing_elfsight_apps_url":"","pricing_codecanyon_price_caption":"","integration_category":[],"integration_request_title":"","integration_request_cta":"","integration_platform":"","integrations":[],"platform_category":[],"video_schema_markup":"","price":"od 0 USD \/ miesi\u0105c","trial":"","benefits":[{"text":"Bezp\u0142atna pomoc w instalacji"},{"text":"Profesjonalna obs\u0142uga klienta"},{"text":"14-dniowa gwarancja zwrotu pieni\u0119dzy"}],"button_url":"#demo","button_target_blank":"","button_nofollow":"","attributes":[{"name":"Instaluje"},{"name":"Czu\u0142y"},{"name":"Kompatybilne przegl\u0105darki"}],"tags":[],"tags_disable_links":"","hide_more_platforms":"","video_object":"","demo_hide_cta":"","demo_hide_cloud_options":"","pricing_title":"","pricing":[{"pricing_icon":"platform","pricing_title":"Elfsight Apps","pricing_title_caption":"Wersja niezale\u017cna od platformy","pricing_price":"od 0 USD \/ miesi\u0105c","pricing_price_caption":"zacznij od bezp\u0142atnego planu","pricing_benefits":[{"text":"Nielimitowane strony internetowe"},{"text":"Wsparcie firmy premium"},{"text":"Bezp\u0142atna pomoc w instalacji"},{"text":"100% konfigurowalny"}],"pricing_button_text":"Dodaj do witryny","pricing_button_url":"#demo"}],"related_apps_title":"","related_apps_hidden":"","author":"","image":[],"title":"","job":"","social_networks":[]},"_links":{"self":[{"href":"https:\/\/elfsight.com\/pl\/wp-json\/wp\/v2\/pages\/4991","targetHints":{"allow":["GET"]}}],"collection":[{"href":"https:\/\/elfsight.com\/pl\/wp-json\/wp\/v2\/pages"}],"about":[{"href":"https:\/\/elfsight.com\/pl\/wp-json\/wp\/v2\/types\/page"}],"author":[{"embeddable":true,"href":"https:\/\/elfsight.com\/pl\/wp-json\/wp\/v2\/users\/9"}],"replies":[{"embeddable":true,"href":"https:\/\/elfsight.com\/pl\/wp-json\/wp\/v2\/comments?post=4991"}],"version-history":[{"count":1,"href":"https:\/\/elfsight.com\/pl\/wp-json\/wp\/v2\/pages\/4991\/revisions"}],"predecessor-version":[{"id":4995,"href":"https:\/\/elfsight.com\/pl\/wp-json\/wp\/v2\/pages\/4991\/revisions\/4995"}],"up":[{"embeddable":true,"href":"https:\/\/elfsight.com\/pl\/wp-json\/wp\/v2\/pages\/898"}],"wp:attachment":[{"href":"https:\/\/elfsight.com\/pl\/wp-json\/wp\/v2\/media?parent=4991"}],"curies":[{"name":"wp","href":"https:\/\/api.w.org\/{rel}","templated":true}]}}