{"id":4990,"date":"2024-05-03T06:35:21","date_gmt":"2024-05-03T06:35:21","guid":{"rendered":"https:\/\/elfsight.com\/pl\/?page_id=4990"},"modified":"2024-11-14T09:19:51","modified_gmt":"2024-11-14T09:19:51","slug":"woocommerce","status":"publish","type":"page","link":"https:\/\/elfsight.com\/pl\/facebook-chat-widget\/woocommerce\/","title":{"rendered":"Facebook Chat &#8211; WooCommerce"},"content":{"rendered":"<div class=\"application-platform-content-item-description application-platform-content-item\" id=\"description\" data-nav-section=\"description\"><h2>Opis<\/h2><p>Wtyczka komunikatora Facebooka opracowana przez Elfsight to p\u0142ynna metoda umo\u017cliwiaj\u0105ca odwiedzaj\u0105cym Twoj\u0105 witryn\u0119 komunikowanie si\u0119 z Tob\u0105 i us\u0142yszenie odpowiedzi ich pytania i pro\u015bby. B\u0105d\u017a dost\u0119pny online dla swoich klient\u00f3w za po\u015brednictwem jednego z najbardziej lubianych komunikator\u00f3w 24 godziny na dob\u0119, 7 dni w tygodniu. Umie\u015b\u0107 czat na Facebooku na swojej stronie internetowej, a b\u0119dzie on wy\u015bwietlany na wybranych stronach lub dla okre\u015blonych grup klient\u00f3w, przypisz wyzwalacze rozpocz\u0119cia czatu, skomponuj spersonalizowan\u0105 wiadomo\u015b\u0107 powitaln\u0105, wybierz ikony i zastosuj inne zmiany.<\/p><p><b>Korzystaj z Facebook Messenger, aby szybciej osi\u0105gn\u0105\u0107 swoje cele biznesowe!<\/b><\/p><\/div> <div class=\"application-platform-content-item-features application-platform-content-item\" id=\"features\" data-nav-section=\"features\"><h2>Oferta podstawowych funkcji widgetu<\/h2><ul><li>Ustaw Zainstaluj komunikator Facebook na swojej stronie internetowej, aby nawi\u0105za\u0107 komunikacj\u0119 z widzami; <\/li><li>Komunikuj si\u0119 bezpo\u015brednio ze swojej strony na Facebooku; <\/li><li>Wybierz jedn\u0105 z trzech opcji lokalizacji czatu: p\u0142ywaj\u0105ca ba\u0144ka, osadzana ba\u0144ka i osadzane okno czatu; <\/li><li>Odkryj kolekcj\u0119 ikon b\u0105belk\u00f3w do wyboru; <\/li><li>Wprowad\u017a w\u0142asny tekst dymka czatu. <\/li><\/ul><p><a href=\"#demo\">Mo\u017cesz sprawdzi\u0107, czy wid\u017cet jest dla Ciebie, korzystaj\u0105c z wersji demonstracyjnej<\/a><\/p><\/div><div class=\"application-platform-content-item-installation application-platform-content-item\" id=\"installation\" data-nav-section=\"installation\"><h2>Jak doda\u0107 Czat na Facebooku do mojej witryny WooCommerce?<\/h2><p>Wystarczy wykona\u0107 poni\u017csze kroki opisane poni\u017cej, aby rozpocz\u0105\u0107 korzystanie z wid\u017cetu.<\/p><ol><li><b>Wykonaj nasz\u0105 bezp\u0142atn\u0105 wersj\u0119 demonstracyjn\u0105 i zacznij tworzy\u0107 w\u0142asn\u0105 wtyczk\u0119.<\/b><br>Okre\u015bl po\u017c\u0105dany interfejs i funkcje wtyczki oraz zapisz modyfikacje.<\/li><li><b>Skopiuj osobisty kod widoczny w w polu Elfsight Apps.<\/b><br>Gdy tylko tworzenie wtyczki zostanie zako\u0144czone, skopiuj osobisty kod z wy\u015bwietlonego wyskakuj\u0105cego okienka i zachowaj go na przysz\u0142o\u015b\u0107.<\/li><li><b>Zainicjuj wykorzystanie narz\u0119dzia na Twojej stronie internetowej \u043f\u043b\u0430\u0442\u0444\u043e\u0440\u043c\u0430.<\/b><br>Zintegruj kod zapisany ostatnio w Twojej witrynie i zapisz zmiany.<\/li><li><b>Gotowe! Integracja zosta\u0142a pomy\u015blnie zako\u0144czona.<\/b><br>Odwied\u017a swoj\u0105 stron\u0119 internetow\u0105, aby sprawdzi\u0107 dzia\u0142anie narz\u0119dzia.<\/li><\/ol><p>W przypadku napotkania jakichkolwiek trudno\u015bci, skontaktuj si\u0119 z naszym wsparciem personel. Nasi konsultanci z przyjemno\u015bci\u0105 rozwi\u0105\u017c\u0105 wszystkie problemy, jakie mo\u017cesz mie\u0107 z wtyczk\u0105.<\/p><div class=\"faq\" data-component=\"FAQ\"> <div class=\"faq-item\">\r\n\t\t\t\t\t<div class=\"faq-item-question\">\r\n\t\t\t\t\t\t<h3 class=\"faq-item-question-text\">Jak doda\u0107 czat na Facebooku do mojej witryny WooCommerce bez umiej\u0119tno\u015bci kodowania?<\/h3>\r\n\r\n\t\t\t\t\t\t<div class=\"faq-item-question-icon\"><\/div>\r\n\t\t\t\t\t<\/div>\r\n\r\n\t\t\t\t\t<div class=\"faq-item-answer\">\r\n\t\t\t\t\t\t<div class=\"faq-item-answer-text\"> <p>Elfsight zapewnia Rozwi\u0105zanie SaaS, kt\u00f3re pozwala samodzielnie utworzy\u0107 wid\u017cet czatu na Facebooku. Przekonaj si\u0119, jak prosty jest to proces: Pracuj bezpo\u015brednio w edytorze online, aby utworzy\u0107 wid\u017cet czatu na Facebooku, kt\u00f3ry chcesz widzie\u0107 na swojej stronie WooCommerce. Wybierz jeden z gotowych szablon\u00f3w i dostosuj ustawienia czatu na Facebooku, dodaj tre\u015b\u0107, zmie\u0144 uk\u0142ad i kolory bez umiej\u0119tno\u015bci kodowania. Zapisz czat na Facebooku i skopiuj jego kod instalacyjny, aby\u015b m\u00f3g\u0142 \u0142atwo doda\u0107 go do swojej witryny WooCommerce bez konieczno\u015bci kupowania p\u0142atnego planu. Dzi\u0119ki naszemu intuicyjnemu edytorowi ka\u017cdy u\u017cytkownik Internetu mo\u017ce stworzy\u0107 wid\u017cet Facebook Chat online i \u0142atwo osadzi\u0107 go na swojej stronie WooCommerce. Aby uzyska\u0107 dost\u0119p do us\u0142ugi, nie trzeba p\u0142aci\u0107 ani wprowadza\u0107 danych uwierzytelniaj\u0105cych karty. Je\u015bli na kt\u00f3rymkolwiek etapie napotkasz jakiekolwiek problemy, skontaktuj si\u0119 z naszym zespo\u0142em pomocy technicznej.<\/p> <\/div>\r\n\t\t\t\t\t<\/div>\r\n\t\t\t\t<\/div> <\/div> <\/div>","protected":false},"excerpt":{"rendered":"","protected":false},"author":9,"featured_media":0,"parent":898,"menu_order":0,"comment_status":"closed","ping_status":"closed","template":"templates\/template-application-platform.php","meta":{"publish_to_discourse":"","publish_post_category":"","wpdc_auto_publish_overridden":"","wpdc_topic_tags":"","wpdc_pin_topic":"","wpdc_pin_until":"","discourse_post_id":"","discourse_permalink":"","wpdc_publishing_response":"","wpdc_publishing_error":"","footnotes":""},"class_list":["post-4990","page","type-page","status-publish","hentry"],"yoast_head":"<!-- This site is optimized with the Yoast SEO plugin v25.3.1 - https:\/\/yoast.com\/wordpress\/plugins\/seo\/ -->\n<title>Wtyczka WooCommerce Facebook Chat dla Twojej witryny (2026)<\/title>\n<meta name=\"description\" content=\"Skorzystaj z okazji i dostosuj wtyczk\u0119 Facebook Chat w edytorze i dodaj j\u0105 do swojej witryny WooCommerce zaraz po wyj\u0119ciu z wersji demonstracyjnej.\" \/>\n<meta name=\"robots\" content=\"index, follow, max-snippet:-1, max-image-preview:large, max-video-preview:-1\" \/>\n<link rel=\"canonical\" href=\"https:\/\/elfsight.com\/pl\/facebook-chat-widget\/woocommerce\/\" \/>\n<meta property=\"og:locale\" content=\"pl_PL\" \/>\n<meta property=\"og:type\" content=\"article\" \/>\n<meta property=\"og:title\" content=\"Wtyczka WooCommerce Facebook Chat dla Twojej witryny (2026)\" \/>\n<meta property=\"og:description\" content=\"Skorzystaj z okazji i dostosuj wtyczk\u0119 Facebook Chat w edytorze i dodaj j\u0105 do swojej witryny WooCommerce zaraz po wyj\u0119ciu z wersji demonstracyjnej.\" \/>\n<meta property=\"og:url\" content=\"https:\/\/elfsight.com\/pl\/facebook-chat-widget\/woocommerce\/\" \/>\n<meta property=\"og:site_name\" content=\"Elfsight PL\" \/>\n<meta property=\"article:modified_time\" content=\"2024-11-14T09:19:51+00:00\" \/>\n<meta name=\"twitter:card\" content=\"summary_large_image\" \/>\n<meta name=\"twitter:label1\" content=\"Szacowany czas czytania\" \/>\n\t<meta name=\"twitter:data1\" content=\"3 minuty\" \/>\n<!-- \/ Yoast SEO plugin. -->","yoast_head_json":{"title":"Wtyczka WooCommerce Facebook Chat dla Twojej witryny (2026)","description":"Skorzystaj z okazji i dostosuj wtyczk\u0119 Facebook Chat w edytorze i dodaj j\u0105 do swojej witryny WooCommerce zaraz po wyj\u0119ciu z wersji demonstracyjnej.","robots":{"index":"index","follow":"follow","max-snippet":"max-snippet:-1","max-image-preview":"max-image-preview:large","max-video-preview":"max-video-preview:-1"},"canonical":"https:\/\/elfsight.com\/pl\/facebook-chat-widget\/woocommerce\/","og_locale":"pl_PL","og_type":"article","og_title":"Wtyczka WooCommerce Facebook Chat dla Twojej witryny (2026)","og_description":"Skorzystaj z okazji i dostosuj wtyczk\u0119 Facebook Chat w edytorze i dodaj j\u0105 do swojej witryny WooCommerce zaraz po wyj\u0119ciu z wersji demonstracyjnej.","og_url":"https:\/\/elfsight.com\/pl\/facebook-chat-widget\/woocommerce\/","og_site_name":"Elfsight PL","article_modified_time":"2024-11-14T09:19:51+00:00","twitter_card":"summary_large_image","twitter_misc":{"Szacowany czas czytania":"3 minuty"},"schema":{"@context":"https:\/\/schema.org","@graph":[{"@type":"WebPage","@id":"https:\/\/elfsight.com\/pl\/facebook-chat-widget\/woocommerce\/","url":"https:\/\/elfsight.com\/pl\/facebook-chat-widget\/woocommerce\/","name":"Wtyczka WooCommerce Facebook Chat dla Twojej witryny (2026)","isPartOf":{"@id":"https:\/\/elfsight.com\/pl\/#website"},"datePublished":"2024-05-03T06:35:21+00:00","dateModified":"2024-11-14T09:19:51+00:00","description":"Skorzystaj z okazji i dostosuj wtyczk\u0119 Facebook Chat w edytorze i dodaj j\u0105 do swojej witryny WooCommerce zaraz po wyj\u0119ciu z wersji demonstracyjnej.","breadcrumb":{"@id":"https:\/\/elfsight.com\/pl\/facebook-chat-widget\/woocommerce\/#breadcrumb"},"inLanguage":"pl-PL","potentialAction":[{"@type":"ReadAction","target":["https:\/\/elfsight.com\/pl\/facebook-chat-widget\/woocommerce\/"]}]},{"@type":"BreadcrumbList","@id":"https:\/\/elfsight.com\/pl\/facebook-chat-widget\/woocommerce\/#breadcrumb","itemListElement":[{"@type":"ListItem","position":1,"name":"Home","item":"https:\/\/elfsight.com\/pl\/"},{"@type":"ListItem","position":2,"name":"Facebook Chat","item":"https:\/\/elfsight.com\/pl\/facebook-chat-widget\/"},{"@type":"ListItem","position":3,"name":"Facebook Chat &#8211; WooCommerce"}]},{"@type":"WebSite","@id":"https:\/\/elfsight.com\/pl\/#website","url":"https:\/\/elfsight.com\/pl\/","name":"Elfsight PL","description":"Just another Elfsight Sites site","potentialAction":[{"@type":"SearchAction","target":{"@type":"EntryPoint","urlTemplate":"https:\/\/elfsight.com\/pl\/?s={search_term_string}"},"query-input":{"@type":"PropertyValueSpecification","valueRequired":true,"valueName":"search_term_string"}}],"inLanguage":"pl-PL"}]}},"meta_box":{"industry":"","seo_heading":"","heading":"","description":"","cta_heading":"","cta_description":"","application":"897","h1":"Wtyczka WooCommerce do czatu na Facebooku","h1_caption":"Dodaj aplikacj\u0119 do czatowania na Facebooku do swojej witryny, zapewniaj\u0105c u\u017cytkownikom \u0142atwy spos\u00f3b na bezproblemowe kontaktowanie si\u0119 z Tob\u0105 w witrynie WooCommerce.","application_category":[],"applications_title":"","applications_request_title":"","applications_request_button_text":"","hero_text":"","hero_video":"","hero_video_schema_markup":"","selling_points_title":"","selling_points_caption":"","selling_points":[],"selling_points_cta_text":"","features_title":"","features":"","ed_cta_examples_text":"","ed_cta_examples_hidden":"","ed_cta_demo_text":"","ed_cta_demo_hidden":"","why_caption":"","why_editor_title":"","why_editor_text":"","why_team_title":"","why_team_text":"","why_service_title":"","why_service_text":"","template_catalog_visible":"","template_catalog_title":"","template_catalog_text":"","template_catalog_categories_visible":"","demo_title":"Utw\u00f3rz aplikacj\u0119 do czatowania na Facebooku","demo_caption":"Skonfiguruj sw\u00f3j czat na Facebooku i dodaj go do swojej witryny WooCommerce za darmo!","default_faq_hidden":"","app_template_category":[],"platform":"335","template_public_id":"","codecanyon_url":"","codecanyon_item_id":"","codecanyon_price":"","pricing_caption":"","pricing_elfsight_apps_hide_column":"","pricing_elfsight_apps_url":"","pricing_codecanyon_price_caption":"","integration_category":[],"integration_request_title":"","integration_request_cta":"","integration_platform":"","integrations":[],"platform_category":[],"video_schema_markup":"","price":"od 0 USD \/ miesi\u0105c","trial":"","benefits":[{"text":"Bezp\u0142atna us\u0142uga monta\u017cu"},{"text":"Wsparcie premium"},{"text":"14-dniowa gwarancja zwrotu pieni\u0119dzy"}],"button_url":"#demo","button_target_blank":"","button_nofollow":"","attributes":[{"name":"Instaluje"},{"name":"Czu\u0142y"},{"name":"Kompatybilne przegl\u0105darki"}],"tags":[],"tags_disable_links":"","hide_more_platforms":"","video_object":"","demo_hide_cta":"","demo_hide_cloud_options":"","pricing_title":"","pricing":[{"pricing_icon":"platform","pricing_title":"Elfsight Apps","pricing_title_caption":"Wersja wieloplatformowa","pricing_price":"od 0 USD \/ miesi\u0105c","pricing_price_caption":"zacznij od bezp\u0142atnego planu","pricing_benefits":[{"text":"Nielimitowane domeny"},{"text":"Wsparcie premium i na czas"},{"text":"Bezp\u0142atna pomoc w monta\u017cu"},{"text":"Elastyczny projekt"}],"pricing_button_text":"Dodaj do witryny","pricing_button_url":"#demo"}],"related_apps_title":"","related_apps_hidden":"","author":"","image":[],"title":"","job":"","social_networks":[]},"_links":{"self":[{"href":"https:\/\/elfsight.com\/pl\/wp-json\/wp\/v2\/pages\/4990","targetHints":{"allow":["GET"]}}],"collection":[{"href":"https:\/\/elfsight.com\/pl\/wp-json\/wp\/v2\/pages"}],"about":[{"href":"https:\/\/elfsight.com\/pl\/wp-json\/wp\/v2\/types\/page"}],"author":[{"embeddable":true,"href":"https:\/\/elfsight.com\/pl\/wp-json\/wp\/v2\/users\/9"}],"replies":[{"embeddable":true,"href":"https:\/\/elfsight.com\/pl\/wp-json\/wp\/v2\/comments?post=4990"}],"version-history":[{"count":1,"href":"https:\/\/elfsight.com\/pl\/wp-json\/wp\/v2\/pages\/4990\/revisions"}],"predecessor-version":[{"id":4994,"href":"https:\/\/elfsight.com\/pl\/wp-json\/wp\/v2\/pages\/4990\/revisions\/4994"}],"up":[{"embeddable":true,"href":"https:\/\/elfsight.com\/pl\/wp-json\/wp\/v2\/pages\/898"}],"wp:attachment":[{"href":"https:\/\/elfsight.com\/pl\/wp-json\/wp\/v2\/media?parent=4990"}],"curies":[{"name":"wp","href":"https:\/\/api.w.org\/{rel}","templated":true}]}}