{"id":4984,"date":"2024-05-03T06:35:19","date_gmt":"2024-05-03T06:35:19","guid":{"rendered":"https:\/\/elfsight.com\/pl\/?page_id=4984"},"modified":"2024-11-14T08:52:17","modified_gmt":"2024-11-14T08:52:17","slug":"google-sites","status":"publish","type":"page","link":"https:\/\/elfsight.com\/pl\/facebook-chat-widget\/google-sites\/","title":{"rendered":"Facebook Chat &#8211; Google Sites"},"content":{"rendered":"<div class=\"application-platform-content-item-description application-platform-content-item\" id=\"description\" data-nav-section=\"description\"> <h2>Umie\u015b\u0107 czat na Facebooku w Witrynach Google za pomoc\u0105 wid\u017cetu Elfsight<\/h2> <p>Widget komunikatora Facebooka dla Witryn Google opracowany przez Elfsight jest naj\u0142atwiejszy spos\u00f3b, w jaki u\u017cytkownicy Twojej witryny mog\u0105 si\u0119 z Tob\u0105 komunikowa\u0107 i uzyskiwa\u0107 odpowiedzi na swoje pytania. B\u0105d\u017a w ka\u017cdej chwili dost\u0119pny na \u017cywo dla swoich klient\u00f3w w najbardziej ukochanym komunikatorze. Skonfiguruj czat na swojej stronie i pozw\u00f3l, aby pojawia\u0142 si\u0119 na najwa\u017cniejszych stronach lub dla okre\u015blonych typ\u00f3w klient\u00f3w, wybierz wyzwalacze rozpocz\u0119cia czatu, zaprezentuj swoj\u0105 unikaln\u0105 wiadomo\u015b\u0107 powitaln\u0105, zmie\u0144 ikony i wiele wi\u0119cej. Dzi\u0119ki wbudowanemu w witryn\u0119 czatowi na \u017cywo na Facebooku b\u0119dziesz dost\u0119pny dla odwiedzaj\u0105cych w ka\u017cdej chwili i niezale\u017cnie od miejsca, w kt\u00f3rym si\u0119 znajdujesz.<\/p> <p><b>Uczy\u0144 swoj\u0105 witryn\u0119 bardziej efektywn\u0105 pod k\u0105tem cel\u00f3w biznesowych dzi\u0119ki Czatowi na Facebooku<\/b><\/p> <\/div> <div class=\"application-platform-content-item-features application-platform-content-item\" id=\"features\" data-nav-section=\"features\"> <h2>Oto lista najbardziej przydatnych funkcji: <\/h2> <ul><li>Wklej komunikator Facebook na swojej stronie internetowej, aby pozosta\u0107 w kontakcie z widzami; <\/li><li>Komunikuj si\u0119 bezpo\u015brednio ze swojego konta na Facebooku; <\/li><li>Wypr\u00f3buj trzy warianty uk\u0142adu czatu: jako p\u0142ywaj\u0105ca ba\u0144ka, osadzona ba\u0144ka i osadzenie okna czatu; <\/li><li>Odkryj kolekcj\u0119 ikon b\u0105belk\u00f3w do wyboru; <\/li><li>Edytowalny tekst w dymku. <\/li><\/ul><p><a href=\"#demo\">Sprawd\u017a wszystkie funkcje personalizacji w pe\u0142ni funkcjonalnej wersji demonstracyjnej<\/a><\/p> <\/div> <div class=\"application-platform-content-item-installation application-platform-content-item\" id=\"installation\" data-nav-section=\"installation\"> <h2>Jak mog\u0119 doda\u0107 czat na Facebooku do moich Witryn Google? <\/h2> <p>Wystarczy zastosowa\u0107 si\u0119 do poni\u017cszych instrukcji, aby osadzi\u0107 wid\u017cet. <\/p> <ol><li><b>Otw\u00f3rz nasze bezp\u0142atne demo i zacznij tworzy\u0107 sw\u00f3j w\u0142asny instrument. <\/b><br> Okre\u015bl odpowiedni projekt i specyfikacje wid\u017cetu i zapisz zmiany. <\/li> <li><b>Zdob\u0105d\u017a sw\u00f3j unikalny kod, kt\u00f3ry pojawi si\u0119 w polu aplikacji Elfsight. <\/b><br> Zaraz po zako\u0144czeniu tworzenia narz\u0119dzia skopiuj ekskluzywny kod w wy\u015bwietlonym oknie i zapisz go do dalszego wykorzystania. <\/li> <li><b>Zainicjuj korzystanie z komunikatora Facebook na stronie internetowej Witryn Google. <\/b><br> Wprowad\u017a kod, kt\u00f3ry wcze\u015bniej zapisa\u0142e\u015b na swojej stronie i zapisz zmiany. <\/li> <li><b>Gotowe! Osadzanie zosta\u0142o w pe\u0142ni wykonane. <\/b><br> Przejd\u017a do swojej witryny i sprawd\u017a, jak dzia\u0142a narz\u0119dzie. <\/li><\/ol> <div class=\"tip-yellow tip\"><b>Ze wzgl\u0119du na specyfik\u0119 dzia\u0142ania Witryn Google wid\u017cet mo\u017ce wygl\u0105da\u0107 inaczej ni\u017c wersja demonstracyjna online. Przepraszamy za wszelkie niedogodno\u015bci.<\/b><\/div><p>Je\u015bli masz pytania lub napotkasz jakiekolwiek problemy, nie wahaj si\u0119 zwr\u00f3ci\u0107 do naszego zespo\u0142u wsparcia. Nasi ludzie z przyjemno\u015bci\u0105 rozwi\u0105\u017c\u0105 wszystkie problemy, jakie mo\u017cesz mie\u0107 z wtyczk\u0105. <\/p> <div class=\"faq\" data-component=\"FAQ\"> <div class=\"faq-item\">\r\n\t\t\t\t\t<div class=\"faq-item-question\">\r\n\t\t\t\t\t\t<h3 class=\"faq-item-question-text\">Jak mog\u0119 doda\u0107 Czat na Facebooku do mojej witryny Witryn Google bez umiej\u0119tno\u015bci kodowania?<\/h3>\r\n\r\n\t\t\t\t\t\t<div class=\"faq-item-question-icon\"><\/div>\r\n\t\t\t\t\t<\/div>\r\n\r\n\t\t\t\t\t<div class=\"faq-item-answer\">\r\n\t\t\t\t\t\t<div class=\"faq-item-answer-text\"> <p>Elfsight zapewnia rozwi\u0105zanie SaaS, kt\u00f3re pozwala samodzielnie utworzy\u0107 wid\u017cet Czatu na Facebooku. Zobacz, jakie to proste Proces ten jest nast\u0119puj\u0105cy: Pracuj bezpo\u015brednio w edytorze online, aby utworzy\u0107 wid\u017cet czatu na Facebooku, kt\u00f3ry chcesz widzie\u0107 w swojej witrynie Witryn Google. Wybierz jeden z gotowych szablon\u00f3w i dostosuj ustawienia czatu na Facebooku, dodaj tre\u015b\u0107, zmie\u0144 uk\u0142ad i kolory bez umiej\u0119tno\u015bci kodowania. Zapisz czat na Facebooku i skopiuj jego kod instalacyjny, kt\u00f3ry mo\u017cesz \u0142atwo doda\u0107 do swojej witryny Google Sites bez konieczno\u015bci kupowania wersji p\u0142atnej. Dzi\u0119ki naszemu intuicyjnemu edytorowi ka\u017cdy u\u017cytkownik Internetu mo\u017ce utworzy\u0107 wid\u017cet Czatu na Facebooku online i \u0142atwo osadzi\u0107 go na swojej witrynie Google Sites. Aby uzyska\u0107 dost\u0119p do us\u0142ugi, nie trzeba p\u0142aci\u0107 ani wprowadza\u0107 danych uwierzytelniaj\u0105cych karty. Je\u015bli na kt\u00f3rymkolwiek etapie napotkasz jakiekolwiek problemy, skontaktuj si\u0119 z naszym zespo\u0142em pomocy technicznej.<\/p> <\/div>\r\n\t\t\t\t\t<\/div>\r\n\t\t\t\t<\/div> <\/div> <\/div><p><\/p>","protected":false},"excerpt":{"rendered":"","protected":false},"author":9,"featured_media":0,"parent":898,"menu_order":0,"comment_status":"closed","ping_status":"closed","template":"templates\/template-application-platform.php","meta":{"publish_to_discourse":"","publish_post_category":"","wpdc_auto_publish_overridden":"","wpdc_topic_tags":"","wpdc_pin_topic":"","wpdc_pin_until":"","discourse_post_id":"","discourse_permalink":"","wpdc_publishing_response":"","wpdc_publishing_error":"","footnotes":""},"class_list":["post-4984","page","type-page","status-publish","hentry"],"yoast_head":"<!-- This site is optimized with the Yoast SEO plugin v25.3.1 - https:\/\/yoast.com\/wordpress\/plugins\/seo\/ -->\n<title>Czat na Facebooku \u2014 dodaj wid\u017cet Facebook Messenger do Witryn Google (2025)<\/title>\n<meta name=\"description\" content=\"Zaimplementuj responsywny wid\u017cet czatu na Facebooku w swoich Witrynach Google. Skorzystaj z wersji demonstracyjnej komunikatora Elfsight na Facebooku, aby zbudowa\u0107 swoj\u0105 spersonalizowan\u0105 funkcj\u0119.\" \/>\n<meta name=\"robots\" content=\"index, follow, max-snippet:-1, max-image-preview:large, max-video-preview:-1\" \/>\n<link rel=\"canonical\" href=\"https:\/\/elfsight.com\/pl\/facebook-chat-widget\/google-sites\/\" \/>\n<meta property=\"og:locale\" content=\"pl_PL\" \/>\n<meta property=\"og:type\" content=\"article\" \/>\n<meta property=\"og:title\" content=\"Czat na Facebooku \u2014 dodaj wid\u017cet Facebook Messenger do Witryn Google (2025)\" \/>\n<meta property=\"og:description\" content=\"Zaimplementuj responsywny wid\u017cet czatu na Facebooku w swoich Witrynach Google. Skorzystaj z wersji demonstracyjnej komunikatora Elfsight na Facebooku, aby zbudowa\u0107 swoj\u0105 spersonalizowan\u0105 funkcj\u0119.\" \/>\n<meta property=\"og:url\" content=\"https:\/\/elfsight.com\/pl\/facebook-chat-widget\/google-sites\/\" \/>\n<meta property=\"og:site_name\" content=\"Elfsight PL\" \/>\n<meta property=\"article:modified_time\" content=\"2024-11-14T08:52:17+00:00\" \/>\n<meta name=\"twitter:card\" content=\"summary_large_image\" \/>\n<meta name=\"twitter:label1\" content=\"Szacowany czas czytania\" \/>\n\t<meta name=\"twitter:data1\" content=\"3 minuty\" \/>\n<!-- \/ Yoast SEO plugin. -->","yoast_head_json":{"title":"Czat na Facebooku \u2014 dodaj wid\u017cet Facebook Messenger do Witryn Google (2025)","description":"Zaimplementuj responsywny wid\u017cet czatu na Facebooku w swoich Witrynach Google. Skorzystaj z wersji demonstracyjnej komunikatora Elfsight na Facebooku, aby zbudowa\u0107 swoj\u0105 spersonalizowan\u0105 funkcj\u0119.","robots":{"index":"index","follow":"follow","max-snippet":"max-snippet:-1","max-image-preview":"max-image-preview:large","max-video-preview":"max-video-preview:-1"},"canonical":"https:\/\/elfsight.com\/pl\/facebook-chat-widget\/google-sites\/","og_locale":"pl_PL","og_type":"article","og_title":"Czat na Facebooku \u2014 dodaj wid\u017cet Facebook Messenger do Witryn Google (2025)","og_description":"Zaimplementuj responsywny wid\u017cet czatu na Facebooku w swoich Witrynach Google. Skorzystaj z wersji demonstracyjnej komunikatora Elfsight na Facebooku, aby zbudowa\u0107 swoj\u0105 spersonalizowan\u0105 funkcj\u0119.","og_url":"https:\/\/elfsight.com\/pl\/facebook-chat-widget\/google-sites\/","og_site_name":"Elfsight PL","article_modified_time":"2024-11-14T08:52:17+00:00","twitter_card":"summary_large_image","twitter_misc":{"Szacowany czas czytania":"3 minuty"},"schema":{"@context":"https:\/\/schema.org","@graph":[{"@type":"WebPage","@id":"https:\/\/elfsight.com\/pl\/facebook-chat-widget\/google-sites\/","url":"https:\/\/elfsight.com\/pl\/facebook-chat-widget\/google-sites\/","name":"Czat na Facebooku \u2014 dodaj wid\u017cet Facebook Messenger do Witryn Google (2025)","isPartOf":{"@id":"https:\/\/elfsight.com\/pl\/#website"},"datePublished":"2024-05-03T06:35:19+00:00","dateModified":"2024-11-14T08:52:17+00:00","description":"Zaimplementuj responsywny wid\u017cet czatu na Facebooku w swoich Witrynach Google. Skorzystaj z wersji demonstracyjnej komunikatora Elfsight na Facebooku, aby zbudowa\u0107 swoj\u0105 spersonalizowan\u0105 funkcj\u0119.","breadcrumb":{"@id":"https:\/\/elfsight.com\/pl\/facebook-chat-widget\/google-sites\/#breadcrumb"},"inLanguage":"pl-PL","potentialAction":[{"@type":"ReadAction","target":["https:\/\/elfsight.com\/pl\/facebook-chat-widget\/google-sites\/"]}]},{"@type":"BreadcrumbList","@id":"https:\/\/elfsight.com\/pl\/facebook-chat-widget\/google-sites\/#breadcrumb","itemListElement":[{"@type":"ListItem","position":1,"name":"Home","item":"https:\/\/elfsight.com\/pl\/"},{"@type":"ListItem","position":2,"name":"Facebook Chat","item":"https:\/\/elfsight.com\/pl\/facebook-chat-widget\/"},{"@type":"ListItem","position":3,"name":"Facebook Chat &#8211; Google Sites"}]},{"@type":"WebSite","@id":"https:\/\/elfsight.com\/pl\/#website","url":"https:\/\/elfsight.com\/pl\/","name":"Elfsight PL","description":"Just another Elfsight Sites site","potentialAction":[{"@type":"SearchAction","target":{"@type":"EntryPoint","urlTemplate":"https:\/\/elfsight.com\/pl\/?s={search_term_string}"},"query-input":{"@type":"PropertyValueSpecification","valueRequired":true,"valueName":"search_term_string"}}],"inLanguage":"pl-PL"}]}},"meta_box":{"industry":"","seo_heading":"","heading":"","description":"","cta_heading":"","cta_description":"","application":"897","h1":"Wid\u017cet czatu na Facebooku w Witrynach Google","h1_caption":"Dodaj wid\u017cet czatu na Facebooku do swojej witryny, aby u\u017cytkownicy mogli w \u0142atwy spos\u00f3b kontaktowa\u0107 si\u0119 z Tob\u0105 w Witrynach Google.","application_category":[],"applications_title":"","applications_request_title":"","applications_request_button_text":"","hero_text":"","hero_video":"","hero_video_schema_markup":"","selling_points_title":"","selling_points_caption":"","selling_points":[],"selling_points_cta_text":"","features_title":"","features":"","ed_cta_examples_text":"","ed_cta_examples_hidden":"","ed_cta_demo_text":"","ed_cta_demo_hidden":"","why_caption":"","why_editor_title":"","why_editor_text":"","why_team_title":"","why_team_text":"","why_service_title":"","why_service_text":"","template_catalog_visible":"","template_catalog_title":"","template_catalog_text":"","template_catalog_categories_visible":"","demo_title":"Utw\u00f3rz wid\u017cet czatu na Facebooku","demo_caption":"Skonfiguruj sw\u00f3j czat na Facebooku i dodaj go do swojej witryny Google Sites za darmo!","default_faq_hidden":"","app_template_category":[],"platform":"484","template_public_id":"","codecanyon_url":"","codecanyon_item_id":"","codecanyon_price":"","pricing_caption":"","pricing_elfsight_apps_hide_column":"","pricing_elfsight_apps_url":"","pricing_codecanyon_price_caption":"","integration_category":[],"integration_request_title":"","integration_request_cta":"","integration_platform":"","integrations":[],"platform_category":[],"video_schema_markup":"","price":"od 0 USD \/ miesi\u0105c","trial":"","benefits":[{"text":"Bezp\u0142atna pomoc w monta\u017cu"},{"text":"Kompetentna obs\u0142uga klienta"},{"text":"14-dniowa gwarancja zwrotu pieni\u0119dzy"}],"button_url":"#demo","button_target_blank":"","button_nofollow":"","attributes":[{"name":"Instaluje"},{"name":"Czu\u0142y"},{"name":"Kompatybilne przegl\u0105darki"}],"tags":[],"tags_disable_links":"","hide_more_platforms":"","video_object":"","demo_hide_cta":"","demo_hide_cloud_options":"","pricing_title":"","pricing":[{"pricing_icon":"platform","pricing_title":"Elfsight Apps","pricing_title_caption":"Wieloplatformowe rozwi\u0105zanie cyfrowe","pricing_price":"od 0 USD \/ miesi\u0105c","pricing_price_caption":"zacznij od bezp\u0142atnego planu","pricing_benefits":[{"text":"Nielimitowane strony internetowe"},{"text":"Profesjonalna obs\u0142uga klienta"},{"text":"Bezp\u0142atna us\u0142uga monta\u017cu"},{"text":"Specjalna cena za wiele aplikacji"}],"pricing_button_text":"Dodaj do witryny","pricing_button_url":"#demo"}],"related_apps_title":"","related_apps_hidden":"","author":"","image":[],"title":"","job":"","social_networks":[]},"_links":{"self":[{"href":"https:\/\/elfsight.com\/pl\/wp-json\/wp\/v2\/pages\/4984","targetHints":{"allow":["GET"]}}],"collection":[{"href":"https:\/\/elfsight.com\/pl\/wp-json\/wp\/v2\/pages"}],"about":[{"href":"https:\/\/elfsight.com\/pl\/wp-json\/wp\/v2\/types\/page"}],"author":[{"embeddable":true,"href":"https:\/\/elfsight.com\/pl\/wp-json\/wp\/v2\/users\/9"}],"replies":[{"embeddable":true,"href":"https:\/\/elfsight.com\/pl\/wp-json\/wp\/v2\/comments?post=4984"}],"version-history":[{"count":1,"href":"https:\/\/elfsight.com\/pl\/wp-json\/wp\/v2\/pages\/4984\/revisions"}],"predecessor-version":[{"id":4988,"href":"https:\/\/elfsight.com\/pl\/wp-json\/wp\/v2\/pages\/4984\/revisions\/4988"}],"up":[{"embeddable":true,"href":"https:\/\/elfsight.com\/pl\/wp-json\/wp\/v2\/pages\/898"}],"wp:attachment":[{"href":"https:\/\/elfsight.com\/pl\/wp-json\/wp\/v2\/media?parent=4984"}],"curies":[{"name":"wp","href":"https:\/\/api.w.org\/{rel}","templated":true}]}}