{"id":4975,"date":"2024-05-03T06:35:14","date_gmt":"2024-05-03T06:35:14","guid":{"rendered":"https:\/\/elfsight.com\/pl\/?page_id=4975"},"modified":"2024-11-14T09:26:21","modified_gmt":"2024-11-14T09:26:21","slug":"bigcommerce","status":"publish","type":"page","link":"https:\/\/elfsight.com\/pl\/event-calendar-widget\/bigcommerce\/","title":{"rendered":"Event Calendar &#8211; BigCommerce"},"content":{"rendered":"<div class=\"application-platform-content-item-description application-platform-content-item\" id=\"description\" data-nav-section=\"description\"> <h2>Osad\u017a kalendarz wydarze\u0144 za pomoc\u0105 wid\u017cetu Elfsight<\/h2> <p>Wid\u017cet Kalendarz Elfsight to niezwyk\u0142a aplikacja umo\u017cliwiaj\u0105ca p\u0142ynne udost\u0119pnianie swoich dzia\u0142a\u0144 swoim znajomym go\u015bcie. Oferuje wiele mo\u017cliwo\u015bci zaprezentowania nadchodz\u0105cych wydarze\u0144 w najbardziej efektowny spos\u00f3b. Dostosuj go, aby po\u0142\u0105czy\u0107 projekt z estetyk\u0105 swojej strony. Tw\u00f3rz nieograniczon\u0105 liczb\u0119 wydarze\u0144, dodawaj wiele tag\u00f3w, przesy\u0142aj niestandardowe obrazy i filmy i informuj odbiorc\u00f3w o swoim programie. <\/p> <p><b>Nasza aplikacja Kalendarz mo\u017ce pom\u00f3c Ci szybko og\u0142osi\u0107 przysz\u0142e dzia\u0142ania i zwi\u0119kszy\u0107 wsp\u00f3\u0142czynnik zaanga\u017cowania w Twojej witrynie. <\/b><\/p> <\/div> <div class=\"application-platform-content-item-features application-platform-content-item\" id=\"features\" data-nav-section=\"features\"> <h2>G\u0142\u00f3wne cechy Widgetu Kalendarza Wydarze\u0144<\/h2> <p>Sprawd\u017a list\u0119 wszystkich funkcji Kalendarza Wydarze\u0144 dla BigCommerce. Mo\u017cesz je dostosowa\u0107 bezpo\u015brednio w edytorze, co pomo\u017ce Ci stworzy\u0107 wid\u017cet pasuj\u0105cy do Twojego przypadku u\u017cycia. <\/p> <ul> <li>Wykorzystaj mo\u017cliwo\u015bci wykorzystania praktycznych tre\u015bci, aby dostosowa\u0107 narz\u0119dzie do swojego rodzaju dzia\u0142a\u0144. <\/li> <li>Pozw\u00f3l u\u017cytkownikom dodawa\u0107 zdarzenia do najcz\u0119\u015bciej u\u017cywanych aplikacji. <\/li> <li>Tw\u00f3rz r\u00f3\u017cne typy wydarze\u0144, okre\u015blaj lokalizacje i dodawaj gospodarzy. <\/li> <li>Skategoryzuj wszystkie swoje wydarzenia i przypisz im tagi. <\/li> <li>Wybierz jedn\u0105 z 4 opcji uk\u0142adu. <\/li> <\/ul> <p><a href=\"#demo\">Zobacz, jak dzia\u0142aj\u0105 wszystkie funkcje w naszej wersji demonstracyjnej<\/a><\/p> <\/div> <div class=\"application-platform-content-item-installation application-platform-content-item\" id=\"installation\" data-nav-section=\"installation\"> <h2>Jak doda\u0107 Kalendarz wydarze\u0144 w BigCommerce? <\/h2> <div class=\"video-container\"><iframe width=\"720\" height=\"405\" src=\"https:\/\/www.youtube.com\/embed\/8i_4hgrHmco\" frameborder=\"0\" allowfullscreen=\"\"><\/iframe><\/div><p>Aby rozpocz\u0105\u0107 korzystanie z aplikacji, post\u0119puj zgodnie z poni\u017cszymi wskaz\u00f3wkami. <\/p> <ol><li><b>Skorzystaj z naszego bezp\u0142atnego edytora i rozpocznij prac\u0119 z w\u0142asnym widgetem. <\/b><br> Okre\u015bl wybrany wygl\u0105d i cechy funkcjonalne wid\u017cetu i zastosuj wszystkie poprawki. <\/li> <li><b>Skopiuj sw\u00f3j indywidualny kod pojawiaj\u0105cy si\u0119 w polu aplikacji Elfsight. <\/b><br> Po zako\u0144czeniu konfiguracji wid\u017cetu Kalendarza wydarze\u0144 skopiuj kod w wy\u015bwietlonym polu i zapisz go na przysz\u0142o\u015b\u0107. <\/li> <li><b>Rozpocznij korzystanie z wid\u017cetu na swojej stronie BigCommerce. <\/b><br> Zintegruj zapisany wcze\u015bniej kod ze swoj\u0105 witryn\u0105 i zapisz zmiany. <\/li> <li><b>Konfiguracja zosta\u0142a w pe\u0142ni uko\u0144czona. <\/b><br> Otw\u00f3rz swoj\u0105 witryn\u0119, aby sprawdzi\u0107 dzia\u0142anie widgetu. <\/li><\/ol><p>Nie wahaj si\u0119 skontaktowa\u0107 z obs\u0142ug\u0105 klienta, je\u015bli potrzebujesz pomocy lub masz pytania. Nasi specjali\u015bci s\u0142u\u017c\u0105 pomoc\u0105 przy ka\u017cdym zapytaniu. <\/p> <\/div><div class=\"faq\" data-component=\"FAQ\"><div class=\"faq-item\">\r\n\t\t\t\t\t<div class=\"faq-item-question\">\r\n\t\t\t\t\t\t<h3 class=\"faq-item-question-text\">Jak mog\u0119 osadzi\u0107 Kalendarz wydarze\u0144 w witrynie BigCommerce?<\/h3>\r\n\r\n\t\t\t\t\t\t<div class=\"faq-item-question-icon\"><\/div>\r\n\t\t\t\t\t<\/div>\r\n\r\n\t\t\t\t\t<div class=\"faq-item-answer\">\r\n\t\t\t\t\t\t<div class=\"faq-item-answer-text\"><p>Tworzenie wid\u017cetu zostanie wykonane w ramach us\u0142ugi Elfsight i nie musisz kodowa\u0107. Zastosuj aktywne demo, aby dostosowa\u0107 swoj\u0105 osobist\u0105 wtyczk\u0119, zdob\u0105d\u017a kod i zaimplementuj go na swojej stronie. <\/p><\/div>\r\n\t\t\t\t\t<\/div>\r\n\t\t\t\t<\/div><div class=\"faq-item\">\r\n\t\t\t\t\t<div class=\"faq-item-question\">\r\n\t\t\t\t\t\t<h3 class=\"faq-item-question-text\">Najlepsze przyk\u0142ady wykorzystania integracji wid\u017cet\u00f3w Kalendarza<\/h3>\r\n\r\n\t\t\t\t\t\t<div class=\"faq-item-question-icon\"><\/div>\r\n\t\t\t\t\t<\/div>\r\n\r\n\t\t\t\t\t<div class=\"faq-item-answer\">\r\n\t\t\t\t\t\t<div class=\"faq-item-answer-text\"><p>Mamy wiele mo\u017cliwo\u015bci personalizacji: pe\u0142nowymiarowe wid\u017cety do wdro\u017cenia w strefie tre\u015bci, p\u0142ywaj\u0105ce wid\u017cety z opcjami przewijania, uk\u0142ady stopki witryny, nag\u0142\u00f3wka i wszystkie odmiany opcji pionowych pask\u00f3w bocznych i menu. <\/p><\/div>\r\n\t\t\t\t\t<\/div>\r\n\t\t\t\t<\/div><div class=\"faq-item\">\r\n\t\t\t\t\t<div class=\"faq-item-question\">\r\n\t\t\t\t\t\t<h3 class=\"faq-item-question-text\">Jak za pomoc\u0105 edytora zbudowa\u0107 kalendarz nadchodz\u0105cych wydarze\u0144 lub sal koncertowych?<\/h3>\r\n\r\n\t\t\t\t\t\t<div class=\"faq-item-question-icon\"><\/div>\r\n\t\t\t\t\t<\/div>\r\n\r\n\t\t\t\t\t<div class=\"faq-item-answer\">\r\n\t\t\t\t\t\t<div class=\"faq-item-answer-text\"><p>Mo\u017cesz dowolnie kszta\u0142towa\u0107 modyfikacje wid\u017cetu. W edytorze dost\u0119pnych jest wiele uk\u0142ad\u00f3w, a ka\u017cdy z nich mo\u017cna \u0142atwo spersonalizowa\u0107 wed\u0142ug potrzeb. <\/p><\/div>\r\n\t\t\t\t\t<\/div>\r\n\t\t\t\t<\/div><\/div>","protected":false},"excerpt":{"rendered":"","protected":false},"author":9,"featured_media":0,"parent":2321,"menu_order":0,"comment_status":"closed","ping_status":"closed","template":"templates\/template-application-platform.php","meta":{"publish_to_discourse":"","publish_post_category":"","wpdc_auto_publish_overridden":"","wpdc_topic_tags":"","wpdc_pin_topic":"","wpdc_pin_until":"","discourse_post_id":"","discourse_permalink":"","wpdc_publishing_response":"","wpdc_publishing_error":"","footnotes":""},"class_list":["post-4975","page","type-page","status-publish","hentry"],"yoast_head":"<!-- This site is optimized with the Yoast SEO plugin v25.3.1 - https:\/\/yoast.com\/wordpress\/plugins\/seo\/ -->\n<title>Kalendarz wydarze\u0144 \u2014 dodaj aplikacj\u0119 Kalendarz do witryny BigCommerce (2025)<\/title>\n<meta name=\"description\" content=\"Dzi\u0119ki Elfsight zaprojektuj wtyczk\u0119 Kalendarza wydarze\u0144 i szybko dodaj j\u0105 na swojej stronie BigCommerce. Oferujemy bezp\u0142atn\u0105 obs\u0142ug\u0119 klienta i inne bonusy.\" \/>\n<meta name=\"robots\" content=\"index, follow, max-snippet:-1, max-image-preview:large, max-video-preview:-1\" \/>\n<link rel=\"canonical\" href=\"https:\/\/elfsight.com\/pl\/event-calendar-widget\/bigcommerce\/\" \/>\n<meta property=\"og:locale\" content=\"pl_PL\" \/>\n<meta property=\"og:type\" content=\"article\" \/>\n<meta property=\"og:title\" content=\"Kalendarz wydarze\u0144 \u2014 dodaj aplikacj\u0119 Kalendarz do witryny BigCommerce (2025)\" \/>\n<meta property=\"og:description\" content=\"Dzi\u0119ki Elfsight zaprojektuj wtyczk\u0119 Kalendarza wydarze\u0144 i szybko dodaj j\u0105 na swojej stronie BigCommerce. Oferujemy bezp\u0142atn\u0105 obs\u0142ug\u0119 klienta i inne bonusy.\" \/>\n<meta property=\"og:url\" content=\"https:\/\/elfsight.com\/pl\/event-calendar-widget\/bigcommerce\/\" \/>\n<meta property=\"og:site_name\" content=\"Elfsight PL\" \/>\n<meta property=\"article:modified_time\" content=\"2024-11-14T09:26:21+00:00\" \/>\n<meta name=\"twitter:card\" content=\"summary_large_image\" \/>\n<meta name=\"twitter:label1\" content=\"Szacowany czas czytania\" \/>\n\t<meta name=\"twitter:data1\" content=\"3 minuty\" \/>\n<!-- \/ Yoast SEO plugin. -->","yoast_head_json":{"title":"Kalendarz wydarze\u0144 \u2014 dodaj aplikacj\u0119 Kalendarz do witryny BigCommerce (2025)","description":"Dzi\u0119ki Elfsight zaprojektuj wtyczk\u0119 Kalendarza wydarze\u0144 i szybko dodaj j\u0105 na swojej stronie BigCommerce. Oferujemy bezp\u0142atn\u0105 obs\u0142ug\u0119 klienta i inne bonusy.","robots":{"index":"index","follow":"follow","max-snippet":"max-snippet:-1","max-image-preview":"max-image-preview:large","max-video-preview":"max-video-preview:-1"},"canonical":"https:\/\/elfsight.com\/pl\/event-calendar-widget\/bigcommerce\/","og_locale":"pl_PL","og_type":"article","og_title":"Kalendarz wydarze\u0144 \u2014 dodaj aplikacj\u0119 Kalendarz do witryny BigCommerce (2025)","og_description":"Dzi\u0119ki Elfsight zaprojektuj wtyczk\u0119 Kalendarza wydarze\u0144 i szybko dodaj j\u0105 na swojej stronie BigCommerce. Oferujemy bezp\u0142atn\u0105 obs\u0142ug\u0119 klienta i inne bonusy.","og_url":"https:\/\/elfsight.com\/pl\/event-calendar-widget\/bigcommerce\/","og_site_name":"Elfsight PL","article_modified_time":"2024-11-14T09:26:21+00:00","twitter_card":"summary_large_image","twitter_misc":{"Szacowany czas czytania":"3 minuty"},"schema":{"@context":"https:\/\/schema.org","@graph":[{"@type":"WebPage","@id":"https:\/\/elfsight.com\/pl\/event-calendar-widget\/bigcommerce\/","url":"https:\/\/elfsight.com\/pl\/event-calendar-widget\/bigcommerce\/","name":"Kalendarz wydarze\u0144 \u2014 dodaj aplikacj\u0119 Kalendarz do witryny BigCommerce (2025)","isPartOf":{"@id":"https:\/\/elfsight.com\/pl\/#website"},"datePublished":"2024-05-03T06:35:14+00:00","dateModified":"2024-11-14T09:26:21+00:00","description":"Dzi\u0119ki Elfsight zaprojektuj wtyczk\u0119 Kalendarza wydarze\u0144 i szybko dodaj j\u0105 na swojej stronie BigCommerce. Oferujemy bezp\u0142atn\u0105 obs\u0142ug\u0119 klienta i inne bonusy.","breadcrumb":{"@id":"https:\/\/elfsight.com\/pl\/event-calendar-widget\/bigcommerce\/#breadcrumb"},"inLanguage":"pl-PL","potentialAction":[{"@type":"ReadAction","target":["https:\/\/elfsight.com\/pl\/event-calendar-widget\/bigcommerce\/"]}]},{"@type":"BreadcrumbList","@id":"https:\/\/elfsight.com\/pl\/event-calendar-widget\/bigcommerce\/#breadcrumb","itemListElement":[{"@type":"ListItem","position":1,"name":"Home","item":"https:\/\/elfsight.com\/pl\/"},{"@type":"ListItem","position":2,"name":"Event Calendar","item":"https:\/\/elfsight.com\/pl\/event-calendar-widget\/"},{"@type":"ListItem","position":3,"name":"Event Calendar &#8211; BigCommerce"}]},{"@type":"WebSite","@id":"https:\/\/elfsight.com\/pl\/#website","url":"https:\/\/elfsight.com\/pl\/","name":"Elfsight PL","description":"Just another Elfsight Sites site","potentialAction":[{"@type":"SearchAction","target":{"@type":"EntryPoint","urlTemplate":"https:\/\/elfsight.com\/pl\/?s={search_term_string}"},"query-input":{"@type":"PropertyValueSpecification","valueRequired":true,"valueName":"search_term_string"}}],"inLanguage":"pl-PL"}]}},"meta_box":{"industry":"","seo_heading":"","heading":"","description":"","cta_heading":"","cta_description":"","application":"2320","h1":"Aplikacja do kalendarza wydarze\u0144 BigCommerce","h1_caption":"Zarz\u0105dzaj i udost\u0119pniaj wydarzenia w swojej witrynie za pomoc\u0105 interaktywnego i przyjaznego dla u\u017cytkownika kalendarza wydarze\u0144 w witrynie BigCommerce bez wysi\u0142ku.","application_category":[],"applications_title":"","applications_request_title":"","applications_request_button_text":"","hero_text":"","hero_video":"","hero_video_schema_markup":"","selling_points_title":"","selling_points_caption":"","selling_points":[],"selling_points_cta_text":"","features_title":"","features":"","ed_cta_examples_text":"","ed_cta_examples_hidden":"","ed_cta_demo_text":"","ed_cta_demo_hidden":"","why_caption":"","why_editor_title":"","why_editor_text":"","why_team_title":"","why_team_text":"","why_service_title":"","why_service_text":"","template_catalog_visible":"","template_catalog_title":"","template_catalog_text":"","template_catalog_categories_visible":"","demo_title":"Utw\u00f3rz aplikacj\u0119 Kalendarza wydarze\u0144","demo_caption":"Skonfiguruj sw\u00f3j Kalendarz wydarze\u0144 i dodaj go do swojej witryny BigCommerce za darmo!","default_faq_hidden":"","app_template_category":[],"platform":"41","template_public_id":"","codecanyon_url":"","codecanyon_item_id":"","codecanyon_price":"","pricing_caption":"","pricing_elfsight_apps_hide_column":"","pricing_elfsight_apps_url":"","pricing_codecanyon_price_caption":"","integration_category":[],"integration_request_title":"","integration_request_cta":"","integration_platform":"","integrations":[],"platform_category":[],"video_schema_markup":"","price":"od 0 USD \/ miesi\u0105c","trial":"","benefits":[{"text":"Bezp\u0142atna pomoc w monta\u017cu"},{"text":"Do\u015bwiadczona obs\u0142uga klienta"},{"text":"14-dniowa gwarancja zwrotu pieni\u0119dzy"}],"button_url":"#demo","button_target_blank":"","button_nofollow":"","attributes":[{"name":"Instaluje"},{"name":"Czu\u0142y"},{"name":"Kompatybilne przegl\u0105darki"}],"tags":[],"tags_disable_links":"","hide_more_platforms":"","video_object":"","demo_hide_cta":"","demo_hide_cloud_options":"","pricing_title":"","pricing":[{"pricing_icon":"platform","pricing_title":"Elfsight Apps","pricing_title_caption":"Niezale\u017cne od platformy rozwi\u0105zanie cyfrowe","pricing_price":"od 0 USD \/ miesi\u0105c","pricing_price_caption":"zacznij od bezp\u0142atnego planu","pricing_benefits":[{"text":"Nielimitowane strony internetowe"},{"text":"Bezp\u0142atne i terminowe wsparcie oraz dobrze udokumentowane"},{"text":"Bezp\u0142atna pomoc przy instalacji"},{"text":"Elastyczny projekt"}],"pricing_button_text":"Dodaj do witryny","pricing_button_url":"#demo"}],"related_apps_title":"","related_apps_hidden":"","author":"","image":[],"title":"","job":"","social_networks":[]},"_links":{"self":[{"href":"https:\/\/elfsight.com\/pl\/wp-json\/wp\/v2\/pages\/4975","targetHints":{"allow":["GET"]}}],"collection":[{"href":"https:\/\/elfsight.com\/pl\/wp-json\/wp\/v2\/pages"}],"about":[{"href":"https:\/\/elfsight.com\/pl\/wp-json\/wp\/v2\/types\/page"}],"author":[{"embeddable":true,"href":"https:\/\/elfsight.com\/pl\/wp-json\/wp\/v2\/users\/9"}],"replies":[{"embeddable":true,"href":"https:\/\/elfsight.com\/pl\/wp-json\/wp\/v2\/comments?post=4975"}],"version-history":[{"count":2,"href":"https:\/\/elfsight.com\/pl\/wp-json\/wp\/v2\/pages\/4975\/revisions"}],"predecessor-version":[{"id":7757,"href":"https:\/\/elfsight.com\/pl\/wp-json\/wp\/v2\/pages\/4975\/revisions\/7757"}],"up":[{"embeddable":true,"href":"https:\/\/elfsight.com\/pl\/wp-json\/wp\/v2\/pages\/2321"}],"wp:attachment":[{"href":"https:\/\/elfsight.com\/pl\/wp-json\/wp\/v2\/media?parent=4975"}],"curies":[{"name":"wp","href":"https:\/\/api.w.org\/{rel}","templated":true}]}}