{"id":4974,"date":"2024-05-03T06:35:13","date_gmt":"2024-05-03T06:35:13","guid":{"rendered":"https:\/\/elfsight.com\/pl\/?page_id=4974"},"modified":"2024-11-14T09:26:21","modified_gmt":"2024-11-14T09:26:21","slug":"blogger","status":"publish","type":"page","link":"https:\/\/elfsight.com\/pl\/event-calendar-widget\/blogger\/","title":{"rendered":"Event Calendar &#8211; Blogger"},"content":{"rendered":"<div class=\"application-platform-content-item-description application-platform-content-item\" id=\"description\" data-nav-section=\"description\"> <h2>Osad\u017a kalendarz wydarze\u0144 za pomoc\u0105 wid\u017cetu Elfsight<\/h2> <p>Kalendarz Elfsight to pot\u0119\u017cny widget, kt\u00f3ry pozwala szybko dzieli\u0107 si\u0119 swoimi dzia\u0142aniami z reszt\u0105 na \u015bwiecie. Zawiera wiele mo\u017cliwo\u015bci pokazania nadchodz\u0105cych wydarze\u0144 w najbardziej reprezentacyjny spos\u00f3b. Dostosuj go, aby po\u0142\u0105czy\u0107 projekt ze stylem swojej witryny. Tw\u00f3rz nieograniczon\u0105 liczb\u0119 wydarze\u0144, dodawaj r\u00f3\u017cne tagi, przesy\u0142aj w\u0142asne zdj\u0119cia i filmy i informuj odwiedzaj\u0105cych o swoich projektach. <\/p> <p>Dodaj kalendarz wydarze\u0144 do swojej witryny Bloggera, aby zwi\u0119kszy\u0107 \u015bwiadomo\u015b\u0107 dzia\u0142a\u0144 swojej organizacji. Co wa\u017cniejsze, zwi\u0119ksza widoczno\u015b\u0107 Twojej marki w miar\u0119 tworzenia wi\u0119kszej liczby wydarze\u0144. Mo\u017cesz opublikowa\u0107 sw\u00f3j kalendarz wydarze\u0144 na wszystkich stronach swojej witryny Bloggera lub tylko na wybranych. Kalendarz wydarze\u0144 na Twojej stronie umo\u017cliwia tak\u017ce osadzanie nowych tre\u015bci w Twojej witrynie, co jest zawsze dobre dla wyszukiwarek. Wyszukiwarki zawsze przegl\u0105daj\u0105 Twoj\u0105 witryn\u0119 i znajduj\u0105c now\u0105 tre\u015b\u0107, oceniaj\u0105 j\u0105 jako bardziej trafn\u0105 i mog\u0105 zwi\u0119kszy\u0107 szanse na znalezienie Twojej witryny, gdy ludzie b\u0119d\u0105 szuka\u0107 jej w Internecie. Opr\u00f3cz wydarze\u0144 dodanie kalendarza mo\u017ce zwi\u0119kszy\u0107 warto\u015b\u0107 Twojej witryny w oczach klient\u00f3w. Mo\u017cesz u\u017cy\u0107 kalendarza wydarze\u0144, aby zwi\u0119kszy\u0107 interakcj\u0119 mi\u0119dzy klientami. Podobnie jak post na blogu, kalendarz mo\u017ce pom\u00f3c w interakcji z klientami, umo\u017cliwiaj\u0105c im zapisanie si\u0119 na niekt\u00f3re wydarzenia, a nawet sugerowanie innych wydarze\u0144, w kt\u00f3rych mog\u0105 chcie\u0107 wzi\u0105\u0107 udzia\u0142. Zintegrowanie takiej opcji w celu prezentowania wydarze\u0144 w witrynie Bloggera jest naprawd\u0119 \u0142atwe.<\/p><p><b>Widget Kalendarz wydarze\u0144 mo\u017ce pom\u00f3c w wygodnym prezentowaniu przysz\u0142ych dzia\u0142a\u0144 i zwi\u0119kszeniu wska\u017anika zaanga\u017cowania w Twojej witrynie. <\/b><\/p> <\/div> <div class=\"application-platform-content-item-features application-platform-content-item\" id=\"features\" data-nav-section=\"features\"> <h2>G\u0142\u00f3wne cechy Widgetu Kalendarza wydarze\u0144<\/h2> <p>Sprawd\u017a wszystkie cechy funkcjonalne Kalendarza wydarze\u0144. Mo\u017cesz nimi zarz\u0105dza\u0107 bezpo\u015brednio w edytorze, a one pomog\u0105 Ci ukszta\u0142towa\u0107 wid\u017cet odpowiednio do Twoich potrzeb. <\/p> <ul> <li>Korzystaj z mo\u017cliwo\u015bci dostosowania tre\u015bci, aby zrozumie\u0107 kalendarz wydarze\u0144 swojego typu. <\/li> <li>Daj u\u017cytkownikom mo\u017cliwo\u015b\u0107 dodawania wydarze\u0144 do cz\u0119sto u\u017cywanych kalendarzy. <\/li> <li>Tw\u00f3rz r\u00f3\u017cnego rodzaju wydarzenia, zaznaczaj lokalizacje i dodawaj gospodarzy. <\/li> <li>Sklasyfikuj wszystkie swoje dzia\u0142ania i przypisz im tagi. <\/li> <li>Prze\u0142\u0105czaj pomi\u0119dzy 4 wariantami uk\u0142adu. <\/li> <\/ul> <p><a href=\"#demo\">Mo\u017cesz wypr\u00f3bowa\u0107 wszystkie funkcje widgetu bezpo\u015brednio w wersji demonstracyjnej<\/a><\/p> <\/div> <div class=\"application-platform-content-item-installation application-platform-content-item\" id=\"installation\" data-nav-section=\"installation\"> <h2>Jak osadzi\u0107 Kalendarz wydarze\u0144 na stronie Bloggera? <\/h2> <div class=\"video-container\"><iframe width=\"720\" height=\"405\" src=\"https:\/\/www.youtube.com\/embed\/o7BkhXCBf-w\" frameborder=\"0\" allowfullscreen=\"\"><\/iframe><\/div><p>Aby wprowadzi\u0107 widget, wykonaj te kr\u00f3tkie kroki. <\/p> <ul> <li><b>Stw\u00f3rz spersonalizowany wid\u017cet Kalendarza<\/b><br> Korzystaj\u0105c z naszego bezp\u0142atnego konfiguratora, uzyskaj wtyczk\u0119 z preferowanym sk\u0142adem i funkcjami. <\/li> <li><b>Zdob\u0105d\u017a osobisty kod, aby wy\u015bwietli\u0107 wid\u017cet<\/b><br> Po dostosowaniu wid\u017cetu otrzymasz kod instalacyjny z powiadomienia pojawiaj\u0105cego si\u0119 w aplikacjach Elfsight. Skopiuj go do dalszego wykorzystania. <\/li> <li><b>Osad\u017a wid\u017cet Kalendarza wydarze\u0144 na swojej stronie<\/b><br> Znajd\u017a miejsce, w kt\u00f3rym chcesz umie\u015bci\u0107 wtyczk\u0119 i tam dodaj zapisany kod. Opublikuj zmiany. <\/li> <li><b>Gotowe! <\/b><br> Przejd\u017a do swojej witryny i obejrzyj swoj\u0105 prac\u0119. <\/li> <\/ul> <p>Nie zastanawiaj si\u0119 dwa razy i skontaktuj si\u0119 z obs\u0142ug\u0105 techniczn\u0105 Elfsight, je\u015bli potrzebujesz pomocy lub masz problemy. Przy ka\u017cdym zapytaniu pomo\u017cemy. <\/p> <\/div><div class=\"faq\" data-component=\"FAQ\"><div class=\"faq-item\">\r\n\t\t\t\t\t<div class=\"faq-item-question\">\r\n\t\t\t\t\t\t<h3 class=\"faq-item-question-text\">Czy istnieje spos\u00f3b na dodanie Kalendarza wydarze\u0144 do mojej strony g\u0142\u00f3wnej Bloggera bez kodowania?<\/h3>\r\n\r\n\t\t\t\t\t\t<div class=\"faq-item-question-icon\"><\/div>\r\n\t\t\t\t\t<\/div>\r\n\r\n\t\t\t\t\t<div class=\"faq-item-answer\">\r\n\t\t\t\t\t\t<div class=\"faq-item-answer-text\"><p>Firma Elfsight dostarcza Rozwi\u0105zanie SaaS, kt\u00f3re umo\u017cliwia szerokiemu gronu odbiorc\u00f3w samodzielne utworzenie sekcji Kalendarza wydarze\u0144. Obejrzyj proste instrukcje: <\/p><ul><li>Przejd\u017a do wersji demonstracyjnej online, aby utworzy\u0107 sekcj\u0119 Kalendarza wydarze\u0144, kt\u00f3ra ma by\u0107 wy\u015bwietlana na stronie g\u0142\u00f3wnej Bloggera.<\/li><li>Kliknij jeden z wielu gotowych szablon\u00f3w i dostosuj ustawienia Kalendarza wydarze\u0144, dodaj tre\u015b\u0107, zmie\u0144 uk\u0142ad i kolory bez \u017cadnego kodowania.<\/li><li>Kliknij, aby zapisa\u0107 wprowadzone ustawienia do Kalendarza wydarze\u0144 i skopiuj kod instalacyjny, kt\u00f3ry mo\u017cna \u0142atwo osadzi\u0107 na stronie Bloggera bez konieczno\u015bci zakupu wersji p\u0142atnej. <\/li><\/ul><p>Dzi\u0119ki prostemu konfiguratorowi ka\u017cdy u\u017cytkownik Internetu mo\u017ce stworzy\u0107 Kalendarz wydarze\u0144 online i bez problemu umie\u015bci\u0107 go w dowolnej witrynie Bloggera. Aby skorzysta\u0107 z naszego serwisu, nie trzeba wykupi\u0107 p\u0142atnego abonamentu ani podawa\u0107 danych karty. Je\u015bli na kt\u00f3rymkolwiek etapie napotkasz jakiekolwiek problemy, skontaktuj si\u0119 z naszym personelem pomocy technicznej.<\/p><\/div>\r\n\t\t\t\t\t<\/div>\r\n\t\t\t\t<\/div><\/div>","protected":false},"excerpt":{"rendered":"","protected":false},"author":9,"featured_media":0,"parent":2321,"menu_order":0,"comment_status":"closed","ping_status":"closed","template":"templates\/template-application-platform.php","meta":{"publish_to_discourse":"","publish_post_category":"","wpdc_auto_publish_overridden":"","wpdc_topic_tags":"","wpdc_pin_topic":"","wpdc_pin_until":"","discourse_post_id":"","discourse_permalink":"","wpdc_publishing_response":"","wpdc_publishing_error":"","footnotes":""},"class_list":["post-4974","page","type-page","status-publish","hentry"],"yoast_head":"<!-- This site is optimized with the Yoast SEO plugin v25.3.1 - https:\/\/yoast.com\/wordpress\/plugins\/seo\/ -->\n<title>Kalendarz wydarze\u0144 \u2014 dodaj aplikacj\u0119 Kalendarz do witryny Bloggera [2026]<\/title>\n<meta name=\"description\" content=\"Dzi\u0119ki Elfsight zaprojektuj wtyczk\u0119 Kalendarza wydarze\u0144 i szybko dodaj j\u0105 do swojej witryny Bloggera. Oferujemy bezp\u0142atn\u0105 obs\u0142ug\u0119 klienta i inne bonusy.\" \/>\n<meta name=\"robots\" content=\"index, follow, max-snippet:-1, max-image-preview:large, max-video-preview:-1\" \/>\n<link rel=\"canonical\" href=\"https:\/\/elfsight.com\/pl\/event-calendar-widget\/blogger\/\" \/>\n<meta property=\"og:locale\" content=\"pl_PL\" \/>\n<meta property=\"og:type\" content=\"article\" \/>\n<meta property=\"og:title\" content=\"Kalendarz wydarze\u0144 \u2014 dodaj aplikacj\u0119 Kalendarz do witryny Bloggera [2026]\" \/>\n<meta property=\"og:description\" content=\"Dzi\u0119ki Elfsight zaprojektuj wtyczk\u0119 Kalendarza wydarze\u0144 i szybko dodaj j\u0105 do swojej witryny Bloggera. Oferujemy bezp\u0142atn\u0105 obs\u0142ug\u0119 klienta i inne bonusy.\" \/>\n<meta property=\"og:url\" content=\"https:\/\/elfsight.com\/pl\/event-calendar-widget\/blogger\/\" \/>\n<meta property=\"og:site_name\" content=\"Elfsight PL\" \/>\n<meta property=\"article:modified_time\" content=\"2024-11-14T09:26:21+00:00\" \/>\n<meta name=\"twitter:card\" content=\"summary_large_image\" \/>\n<meta name=\"twitter:label1\" content=\"Szacowany czas czytania\" \/>\n\t<meta name=\"twitter:data1\" content=\"4 minuty\" \/>\n<!-- \/ Yoast SEO plugin. -->","yoast_head_json":{"title":"Kalendarz wydarze\u0144 \u2014 dodaj aplikacj\u0119 Kalendarz do witryny Bloggera [2026]","description":"Dzi\u0119ki Elfsight zaprojektuj wtyczk\u0119 Kalendarza wydarze\u0144 i szybko dodaj j\u0105 do swojej witryny Bloggera. Oferujemy bezp\u0142atn\u0105 obs\u0142ug\u0119 klienta i inne bonusy.","robots":{"index":"index","follow":"follow","max-snippet":"max-snippet:-1","max-image-preview":"max-image-preview:large","max-video-preview":"max-video-preview:-1"},"canonical":"https:\/\/elfsight.com\/pl\/event-calendar-widget\/blogger\/","og_locale":"pl_PL","og_type":"article","og_title":"Kalendarz wydarze\u0144 \u2014 dodaj aplikacj\u0119 Kalendarz do witryny Bloggera [2026]","og_description":"Dzi\u0119ki Elfsight zaprojektuj wtyczk\u0119 Kalendarza wydarze\u0144 i szybko dodaj j\u0105 do swojej witryny Bloggera. Oferujemy bezp\u0142atn\u0105 obs\u0142ug\u0119 klienta i inne bonusy.","og_url":"https:\/\/elfsight.com\/pl\/event-calendar-widget\/blogger\/","og_site_name":"Elfsight PL","article_modified_time":"2024-11-14T09:26:21+00:00","twitter_card":"summary_large_image","twitter_misc":{"Szacowany czas czytania":"4 minuty"},"schema":{"@context":"https:\/\/schema.org","@graph":[{"@type":"WebPage","@id":"https:\/\/elfsight.com\/pl\/event-calendar-widget\/blogger\/","url":"https:\/\/elfsight.com\/pl\/event-calendar-widget\/blogger\/","name":"Kalendarz wydarze\u0144 \u2014 dodaj aplikacj\u0119 Kalendarz do witryny Bloggera [2026]","isPartOf":{"@id":"https:\/\/elfsight.com\/pl\/#website"},"datePublished":"2024-05-03T06:35:13+00:00","dateModified":"2024-11-14T09:26:21+00:00","description":"Dzi\u0119ki Elfsight zaprojektuj wtyczk\u0119 Kalendarza wydarze\u0144 i szybko dodaj j\u0105 do swojej witryny Bloggera. Oferujemy bezp\u0142atn\u0105 obs\u0142ug\u0119 klienta i inne bonusy.","breadcrumb":{"@id":"https:\/\/elfsight.com\/pl\/event-calendar-widget\/blogger\/#breadcrumb"},"inLanguage":"pl-PL","potentialAction":[{"@type":"ReadAction","target":["https:\/\/elfsight.com\/pl\/event-calendar-widget\/blogger\/"]}]},{"@type":"BreadcrumbList","@id":"https:\/\/elfsight.com\/pl\/event-calendar-widget\/blogger\/#breadcrumb","itemListElement":[{"@type":"ListItem","position":1,"name":"Home","item":"https:\/\/elfsight.com\/pl\/"},{"@type":"ListItem","position":2,"name":"Event Calendar","item":"https:\/\/elfsight.com\/pl\/event-calendar-widget\/"},{"@type":"ListItem","position":3,"name":"Event Calendar &#8211; Blogger"}]},{"@type":"WebSite","@id":"https:\/\/elfsight.com\/pl\/#website","url":"https:\/\/elfsight.com\/pl\/","name":"Elfsight PL","description":"Just another Elfsight Sites site","potentialAction":[{"@type":"SearchAction","target":{"@type":"EntryPoint","urlTemplate":"https:\/\/elfsight.com\/pl\/?s={search_term_string}"},"query-input":{"@type":"PropertyValueSpecification","valueRequired":true,"valueName":"search_term_string"}}],"inLanguage":"pl-PL"}]}},"meta_box":{"industry":"","seo_heading":"","heading":"","description":"","cta_heading":"","cta_description":"","application":"2320","h1":"Wid\u017cet Kalendarza wydarze\u0144 Bloggera","h1_caption":"Zarz\u0105dzaj wydarzeniami w swojej witrynie i udost\u0119pniaj je w witrynie Bloggera za pomoc\u0105 interaktywnego i przyjaznego dla u\u017cytkownika kalendarza wydarze\u0144.","application_category":[],"applications_title":"","applications_request_title":"","applications_request_button_text":"","hero_text":"","hero_video":"","hero_video_schema_markup":"","selling_points_title":"","selling_points_caption":"","selling_points":[],"selling_points_cta_text":"","features_title":"","features":"","ed_cta_examples_text":"","ed_cta_examples_hidden":"","ed_cta_demo_text":"","ed_cta_demo_hidden":"","why_caption":"","why_editor_title":"","why_editor_text":"","why_team_title":"","why_team_text":"","why_service_title":"","why_service_text":"","template_catalog_visible":"","template_catalog_title":"","template_catalog_text":"","template_catalog_categories_visible":"","demo_title":"Utw\u00f3rz wid\u017cet Kalendarza wydarze\u0144","demo_caption":"Skonfiguruj sw\u00f3j Kalendarz wydarze\u0144 i dodaj go za darmo do swojej witryny Bloggera!","default_faq_hidden":"","app_template_category":[],"platform":"44","template_public_id":"","codecanyon_url":"","codecanyon_item_id":"","codecanyon_price":"","pricing_caption":"","pricing_elfsight_apps_hide_column":"","pricing_elfsight_apps_url":"","pricing_codecanyon_price_caption":"","integration_category":[],"integration_request_title":"","integration_request_cta":"","integration_platform":"","integrations":[],"platform_category":[],"video_schema_markup":"","price":"od 0 USD \/ miesi\u0105c","trial":"","benefits":[{"text":"Bezp\u0142atna pomoc w monta\u017cu"},{"text":"Skuteczna obs\u0142uga klienta"},{"text":"14-dniowa gwarancja zwrotu pieni\u0119dzy"}],"button_url":"#demo","button_target_blank":"","button_nofollow":"","attributes":[{"name":"Instaluje"},{"name":"Czu\u0142y"},{"name":"Kompatybilne przegl\u0105darki"}],"tags":[],"tags_disable_links":"","hide_more_platforms":"","video_object":"","demo_hide_cta":"","demo_hide_cloud_options":"","pricing_title":"","pricing":[{"pricing_icon":"platform","pricing_title":"Elfsight Apps","pricing_title_caption":"Wersja wieloplatformowa, kt\u00f3ra dzia\u0142a na ka\u017cdej stronie internetowej","pricing_price":"od 0 USD \/ miesi\u0105c","pricing_price_caption":"zacznij od bezp\u0142atnego planu","pricing_benefits":[{"text":"Nielimitowane domeny"},{"text":"Wsparcie premium i dobrze udokumentowane"},{"text":"Bezp\u0142atna pomoc w monta\u017cu"},{"text":"Elastyczny projekt"}],"pricing_button_text":"Dodaj do witryny","pricing_button_url":"#demo"}],"related_apps_title":"","related_apps_hidden":"","author":"","image":[],"title":"","job":"","social_networks":[]},"_links":{"self":[{"href":"https:\/\/elfsight.com\/pl\/wp-json\/wp\/v2\/pages\/4974","targetHints":{"allow":["GET"]}}],"collection":[{"href":"https:\/\/elfsight.com\/pl\/wp-json\/wp\/v2\/pages"}],"about":[{"href":"https:\/\/elfsight.com\/pl\/wp-json\/wp\/v2\/types\/page"}],"author":[{"embeddable":true,"href":"https:\/\/elfsight.com\/pl\/wp-json\/wp\/v2\/users\/9"}],"replies":[{"embeddable":true,"href":"https:\/\/elfsight.com\/pl\/wp-json\/wp\/v2\/comments?post=4974"}],"version-history":[{"count":2,"href":"https:\/\/elfsight.com\/pl\/wp-json\/wp\/v2\/pages\/4974\/revisions"}],"predecessor-version":[{"id":7756,"href":"https:\/\/elfsight.com\/pl\/wp-json\/wp\/v2\/pages\/4974\/revisions\/7756"}],"up":[{"embeddable":true,"href":"https:\/\/elfsight.com\/pl\/wp-json\/wp\/v2\/pages\/2321"}],"wp:attachment":[{"href":"https:\/\/elfsight.com\/pl\/wp-json\/wp\/v2\/media?parent=4974"}],"curies":[{"name":"wp","href":"https:\/\/api.w.org\/{rel}","templated":true}]}}