{"id":4968,"date":"2024-05-03T06:35:11","date_gmt":"2024-05-03T06:35:11","guid":{"rendered":"https:\/\/elfsight.com\/pl\/?page_id=4968"},"modified":"2024-09-13T13:25:08","modified_gmt":"2024-09-13T13:25:08","slug":"facebook","status":"publish","type":"page","link":"https:\/\/elfsight.com\/pl\/event-calendar-widget\/facebook\/","title":{"rendered":"Event Calendar &#8211; Facebook"},"content":{"rendered":"<div class=\"application-platform-content-item-description application-platform-content-item\" id=\"description\" data-nav-section=\"description\"> <h2>Osad\u017a kalendarz wydarze\u0144 za pomoc\u0105 wid\u017cetu Elfsight<\/h2> <p>Wid\u017cet Kalendarz to niezwyk\u0142e narz\u0119dzie umo\u017cliwiaj\u0105ce \u0142atwe udost\u0119pnianie odwiedzaj\u0105cym informacji o swoich dzia\u0142aniach . Zawiera wiele mo\u017cliwo\u015bci pokazania nadchodz\u0105cych wydarze\u0144 w najbardziej reprezentacyjny spos\u00f3b. Spersonalizuj go, aby po\u0142\u0105czy\u0107 projekt ze stylem swojej witryny. Tw\u00f3rz nieograniczon\u0105 liczb\u0119 wydarze\u0144, dodawaj r\u00f3\u017cne tagi z kalendarzem na swojej stronie na Facebooku, przesy\u0142aj w\u0142asne zdj\u0119cia i filmy i informuj odbiorc\u00f3w o swoich planach. <\/p> <p><b>Wid\u017cet Kalendarza wydarze\u0144 Elfsight mo\u017ce pom\u00f3c Ci bez wysi\u0142ku zaprezentowa\u0107 nadchodz\u0105ce dzia\u0142ania i zwi\u0119kszy\u0107 wsp\u00f3\u0142czynnik zaanga\u017cowania na Twojej stronie internetowej. <\/b><\/p> <\/div> <div class=\"application-platform-content-item-features application-platform-content-item\" id=\"features\" data-nav-section=\"features\"> <h2>G\u0142\u00f3wne cechy Widgetu Kalendarza wydarze\u0144<\/h2> <p>Tutaj mo\u017cesz zobaczy\u0107 wszystkie cechy funkcjonalne Kalendarza wydarze\u0144. S\u0105 one dost\u0119pne bezpo\u015brednio w edytorze i pomog\u0105 Ci stworzy\u0107 widget dostosowany do Twoich potrzeb. <\/p> <ul> <li>Wykorzystaj mo\u017cliwo\u015bci dostosowania tre\u015bci, aby zrozumie\u0107 narz\u0119dzie dla swojego rodzaju dzia\u0142a\u0144. <\/li> <li>Pozw\u00f3l u\u017cytkownikom dodawa\u0107 Twoje wydarzenia do najcz\u0119\u015bciej u\u017cywanych aplikacji. <\/li> <li>Tw\u00f3rz r\u00f3\u017cne typy wydarze\u0144, zaznaczaj lokalizacje i dodawaj gospodarzy. <\/li> <li>Sklasyfikuj wszystkie swoje wydarzenia i nadaj im tagi. <\/li> <li>Wyr\u00f3\u017cnij 4 opcje uk\u0142adu. <\/li> <\/ul> <p><a href=\"#demo\">Przetestuj wszystkie inne funkcje w wersji demonstracyjnej<\/a><\/p> <\/div> <div class=\"application-platform-content-item-installation application-platform-content-item\" id=\"installation\" data-nav-section=\"installation\"> <h2> Jak zintegrowa\u0107 zak\u0142adk\u0119 Kalendarz wydarze\u0144 ze stron\u0105 na Facebooku? <\/h2> <p>Aby rozpocz\u0105\u0107 korzystanie z wid\u017cetu, wystarczy zastosowa\u0107 si\u0119 do poni\u017cszych instrukcji. <\/p> <ul> <li><b>Wygeneruj w\u0142asny wid\u017cet Kalendarza<\/b><br> Korzystaj\u0105c z naszego bezp\u0142atnego edytora, skonfiguruj wtyczk\u0119 o preferowanym sk\u0142adzie i funkcjonalno\u015bci. <\/li> <li><b>Odbierz osobisty kod umo\u017cliwiaj\u0105cy wy\u015bwietlenie wid\u017cetu<\/b><br> Po skonfigurowaniu wid\u017cetu otrzymasz kod instalacyjny w postaci powiadomienia pojawiaj\u0105cego si\u0119 w aplikacjach Elfsight. Skopiuj kod. <\/li> <li><b>Dodaj wid\u017cet do strony na Facebooku<\/b><br> Stw\u00f3rz w\u0142asn\u0105 zak\u0142adk\u0119 na Facebooku. Wpisz w zak\u0142adce kod otrzymany w aplikacji elfsight. Je\u015bli masz jakiekolwiek problemy, po prostu zapoznaj si\u0119 z naszym przewodnikiem na stronie <a href=\"https:\/\/elfsight.com\/blog\/how-to-add-custom-tab-to-facebook-page\/\" target=\"_blank\" rel=\"noopener noreferrer\">tworzenie niestandardowej zak\u0142adki na Facebooku<\/a><\/li><li><b>Integracja przebieg\u0142a pomy\u015blnie! <\/b><br> Odwied\u017a swoj\u0105 stron\u0119, aby zobaczy\u0107 swoj\u0105 prac\u0119. <\/li> <\/ul> <p>Nie zastanawiaj si\u0119 dwa razy, aby skontaktowa\u0107 si\u0119 z obs\u0142ug\u0105 klienta, je\u015bli potrzebujesz porady lub masz pytania. Nasi specjali\u015bci s\u0142u\u017c\u0105 pomoc\u0105 przy ka\u017cdym zapytaniu. <\/p> <div class=\"faq\" data-component=\"FAQ\"><div class=\"faq-item\">\r\n\t\t\t\t\t<div class=\"faq-item-question\">\r\n\t\t\t\t\t\t<h3 class=\"faq-item-question-text\">Jak mog\u0119 doda\u0107 statystyki dotycz\u0105ce koronawiru do mojej witryny na Facebooku bez umiej\u0119tno\u015bci kodowania?<\/h3>\r\n\r\n\t\t\t\t\t\t<div class=\"faq-item-question-icon\"><\/div>\r\n\t\t\t\t\t<\/div>\r\n\r\n\t\t\t\t\t<div class=\"faq-item-answer\">\r\n\t\t\t\t\t\t<div class=\"faq-item-answer-text\"> <p>Elfsight zapewnia rozwi\u0105zanie SaaS, kt\u00f3re pozwala na samodzielne utworzenie wid\u017cetu statystyk koronawirusa. Zobacz, jak \u0142atwo jest to zrobi\u0107 proces jest nast\u0119puj\u0105cy: Pracuj bezpo\u015brednio w edytorze online, aby utworzy\u0107 wid\u017cet statystyk dotycz\u0105cych koronaawirusa, kt\u00f3ry chcesz zobaczy\u0107 na swojej stronie na Facebooku. Wybierz jeden z gotowych szablon\u00f3w i dostosuj ustawienia statystyk dotycz\u0105cych wirusa korony, dodaj tre\u015b\u0107, zmie\u0144 uk\u0142ad i kolory bez umiej\u0119tno\u015bci kodowania. Zapisz statystyki dotycz\u0105ce wirusa korony i skopiuj jego kod instalacyjny, kt\u00f3ry mo\u017cesz po prostu osadzi\u0107 na swojej stronie na Facebooku, bez konieczno\u015bci zakupu p\u0142atnej subskrypcji. Dzi\u0119ki naszemu intuicyjnemu edytorowi ka\u017cdy u\u017cytkownik Internetu mo\u017ce stworzy\u0107 wid\u017cet Statystyki Koronawirusa online i \u0142atwo osadzi\u0107 go na swojej stronie na Facebooku. Aby uzyska\u0107 dost\u0119p do us\u0142ugi, nie trzeba p\u0142aci\u0107 ani wprowadza\u0107 danych uwierzytelniaj\u0105cych karty. Je\u015bli na kt\u00f3rymkolwiek etapie napotkasz jakiekolwiek problemy, skontaktuj si\u0119 z naszym zespo\u0142em pomocy technicznej.<\/p> <\/div>\r\n\t\t\t\t\t<\/div>\r\n\t\t\t\t<\/div> <\/div><\/div>","protected":false},"excerpt":{"rendered":"","protected":false},"author":9,"featured_media":0,"parent":2321,"menu_order":0,"comment_status":"closed","ping_status":"closed","template":"templates\/template-application-platform.php","meta":{"publish_to_discourse":"","publish_post_category":"","wpdc_auto_publish_overridden":"","wpdc_topic_tags":"","wpdc_pin_topic":"","wpdc_pin_until":"","discourse_post_id":"","discourse_permalink":"","wpdc_publishing_response":"","wpdc_publishing_error":"","footnotes":""},"class_list":["post-4968","page","type-page","status-publish","hentry"],"yoast_head":"<!-- This site is optimized with the Yoast SEO plugin v25.3.1 - https:\/\/yoast.com\/wordpress\/plugins\/seo\/ -->\n<title>Kalendarz wydarze\u0144 \u2014 dodaj wid\u017cet Kalendarza do strony na Facebooku (2025)<\/title>\n<meta name=\"description\" content=\"Dzi\u0119ki Elfsight zaprojektuj wid\u017cet Kalendarza wydarze\u0144 i szybko dodaj go na karcie swojej strony na Facebooku. Oferujemy bezp\u0142atn\u0105 obs\u0142ug\u0119 klienta i inne bonusy.\" \/>\n<meta name=\"robots\" content=\"index, follow, max-snippet:-1, max-image-preview:large, max-video-preview:-1\" \/>\n<link rel=\"canonical\" href=\"https:\/\/elfsight.com\/pl\/event-calendar-widget\/facebook\/\" \/>\n<meta property=\"og:locale\" content=\"pl_PL\" \/>\n<meta property=\"og:type\" content=\"article\" \/>\n<meta property=\"og:title\" content=\"Kalendarz wydarze\u0144 \u2014 dodaj wid\u017cet Kalendarza do strony na Facebooku (2025)\" \/>\n<meta property=\"og:description\" content=\"Dzi\u0119ki Elfsight zaprojektuj wid\u017cet Kalendarza wydarze\u0144 i szybko dodaj go na karcie swojej strony na Facebooku. Oferujemy bezp\u0142atn\u0105 obs\u0142ug\u0119 klienta i inne bonusy.\" \/>\n<meta property=\"og:url\" content=\"https:\/\/elfsight.com\/pl\/event-calendar-widget\/facebook\/\" \/>\n<meta property=\"og:site_name\" content=\"Elfsight PL\" \/>\n<meta property=\"article:modified_time\" content=\"2024-09-13T13:25:08+00:00\" \/>\n<meta name=\"twitter:card\" content=\"summary_large_image\" \/>\n<meta name=\"twitter:label1\" content=\"Szacowany czas czytania\" \/>\n\t<meta name=\"twitter:data1\" content=\"3 minuty\" \/>\n<!-- \/ Yoast SEO plugin. -->","yoast_head_json":{"title":"Kalendarz wydarze\u0144 \u2014 dodaj wid\u017cet Kalendarza do strony na Facebooku (2025)","description":"Dzi\u0119ki Elfsight zaprojektuj wid\u017cet Kalendarza wydarze\u0144 i szybko dodaj go na karcie swojej strony na Facebooku. Oferujemy bezp\u0142atn\u0105 obs\u0142ug\u0119 klienta i inne bonusy.","robots":{"index":"index","follow":"follow","max-snippet":"max-snippet:-1","max-image-preview":"max-image-preview:large","max-video-preview":"max-video-preview:-1"},"canonical":"https:\/\/elfsight.com\/pl\/event-calendar-widget\/facebook\/","og_locale":"pl_PL","og_type":"article","og_title":"Kalendarz wydarze\u0144 \u2014 dodaj wid\u017cet Kalendarza do strony na Facebooku (2025)","og_description":"Dzi\u0119ki Elfsight zaprojektuj wid\u017cet Kalendarza wydarze\u0144 i szybko dodaj go na karcie swojej strony na Facebooku. Oferujemy bezp\u0142atn\u0105 obs\u0142ug\u0119 klienta i inne bonusy.","og_url":"https:\/\/elfsight.com\/pl\/event-calendar-widget\/facebook\/","og_site_name":"Elfsight PL","article_modified_time":"2024-09-13T13:25:08+00:00","twitter_card":"summary_large_image","twitter_misc":{"Szacowany czas czytania":"3 minuty"},"schema":{"@context":"https:\/\/schema.org","@graph":[{"@type":"WebPage","@id":"https:\/\/elfsight.com\/pl\/event-calendar-widget\/facebook\/","url":"https:\/\/elfsight.com\/pl\/event-calendar-widget\/facebook\/","name":"Kalendarz wydarze\u0144 \u2014 dodaj wid\u017cet Kalendarza do strony na Facebooku (2025)","isPartOf":{"@id":"https:\/\/elfsight.com\/pl\/#website"},"datePublished":"2024-05-03T06:35:11+00:00","dateModified":"2024-09-13T13:25:08+00:00","description":"Dzi\u0119ki Elfsight zaprojektuj wid\u017cet Kalendarza wydarze\u0144 i szybko dodaj go na karcie swojej strony na Facebooku. Oferujemy bezp\u0142atn\u0105 obs\u0142ug\u0119 klienta i inne bonusy.","breadcrumb":{"@id":"https:\/\/elfsight.com\/pl\/event-calendar-widget\/facebook\/#breadcrumb"},"inLanguage":"pl-PL","potentialAction":[{"@type":"ReadAction","target":["https:\/\/elfsight.com\/pl\/event-calendar-widget\/facebook\/"]}]},{"@type":"BreadcrumbList","@id":"https:\/\/elfsight.com\/pl\/event-calendar-widget\/facebook\/#breadcrumb","itemListElement":[{"@type":"ListItem","position":1,"name":"Home","item":"https:\/\/elfsight.com\/pl\/"},{"@type":"ListItem","position":2,"name":"Event Calendar","item":"https:\/\/elfsight.com\/pl\/event-calendar-widget\/"},{"@type":"ListItem","position":3,"name":"Event Calendar &#8211; Facebook"}]},{"@type":"WebSite","@id":"https:\/\/elfsight.com\/pl\/#website","url":"https:\/\/elfsight.com\/pl\/","name":"Elfsight PL","description":"Just another Elfsight Sites site","potentialAction":[{"@type":"SearchAction","target":{"@type":"EntryPoint","urlTemplate":"https:\/\/elfsight.com\/pl\/?s={search_term_string}"},"query-input":{"@type":"PropertyValueSpecification","valueRequired":true,"valueName":"search_term_string"}}],"inLanguage":"pl-PL"}]}},"meta_box":{"industry":"","seo_heading":"","heading":"","description":"","cta_heading":"","cta_description":"","application":"2320","h1":"Widget Kalendarza wydarze\u0144 na Facebooku","h1_caption":"U\u0142atw sobie wyszukiwanie wydarze\u0144 za pomoc\u0105 Kalendarza","application_category":[],"applications_title":"","applications_request_title":"","applications_request_button_text":"","hero_text":"","hero_video":"","hero_video_schema_markup":"","selling_points_title":"","selling_points_caption":"","selling_points":[],"selling_points_cta_text":"","features_title":"","features":"","ed_cta_examples_text":"","ed_cta_examples_hidden":"","ed_cta_demo_text":"","ed_cta_demo_hidden":"","why_caption":"","why_editor_title":"","why_editor_text":"","why_team_title":"","why_team_text":"","why_service_title":"","why_service_text":"","template_catalog_visible":"","template_catalog_title":"","template_catalog_text":"","template_catalog_categories_visible":"","demo_title":"W mgnieniu oka stw\u00f3rz w\u0142asny kalendarz wydarze\u0144 na Facebooku!","demo_caption":"Mo\u017cesz ju\u017c teraz dostosowa\u0107 wid\u017cet i osadzi\u0107 go na swojej stronie internetowej bezpo\u015brednio poprzez demonstracj\u0119 na \u017cywo.","default_faq_hidden":"","app_template_category":[],"platform":"319","template_public_id":"","codecanyon_url":"","codecanyon_item_id":"","codecanyon_price":"","pricing_caption":"","pricing_elfsight_apps_hide_column":"","pricing_elfsight_apps_url":"","pricing_codecanyon_price_caption":"","integration_category":[],"integration_request_title":"","integration_request_cta":"","integration_platform":"","integrations":[],"platform_category":[],"video_schema_markup":"","price":"od 0 USD \/ miesi\u0105c","trial":"","benefits":[{"text":"Bezp\u0142atna pomoc w monta\u017cu"},{"text":"Wsparcie premium"},{"text":"14-dniowa gwarancja zwrotu pieni\u0119dzy"}],"button_url":"#demo","button_target_blank":"","button_nofollow":"","attributes":[{"name":"Instaluje"},{"name":"Czu\u0142y"},{"name":"Kompatybilne przegl\u0105darki"}],"tags":[],"tags_disable_links":"","hide_more_platforms":"","video_object":"","demo_hide_cta":"","demo_hide_cloud_options":"","pricing_title":"","pricing":[{"pricing_icon":"platform","pricing_title":"Elfsight Apps","pricing_title_caption":"Niezale\u017cne od platformy rozwi\u0105zanie, kt\u00f3re pasuje do ka\u017cdej witryny internetowej","pricing_price":"od 0 USD \/ miesi\u0105c","pricing_price_caption":"zacznij od bezp\u0142atnego planu","pricing_benefits":[{"text":"Nielimitowane domeny"},{"text":"Wsparcie firmy premium"},{"text":"Bezp\u0142atna pomoc przy instalacji"},{"text":"Elastyczny projekt"}],"pricing_button_text":"Dodaj do witryny","pricing_button_url":"#demo"}],"related_apps_title":"","related_apps_hidden":"","author":"","image":[],"title":"","job":"","social_networks":[]},"_links":{"self":[{"href":"https:\/\/elfsight.com\/pl\/wp-json\/wp\/v2\/pages\/4968","targetHints":{"allow":["GET"]}}],"collection":[{"href":"https:\/\/elfsight.com\/pl\/wp-json\/wp\/v2\/pages"}],"about":[{"href":"https:\/\/elfsight.com\/pl\/wp-json\/wp\/v2\/types\/page"}],"author":[{"embeddable":true,"href":"https:\/\/elfsight.com\/pl\/wp-json\/wp\/v2\/users\/9"}],"replies":[{"embeddable":true,"href":"https:\/\/elfsight.com\/pl\/wp-json\/wp\/v2\/comments?post=4968"}],"version-history":[{"count":1,"href":"https:\/\/elfsight.com\/pl\/wp-json\/wp\/v2\/pages\/4968\/revisions"}],"predecessor-version":[{"id":4972,"href":"https:\/\/elfsight.com\/pl\/wp-json\/wp\/v2\/pages\/4968\/revisions\/4972"}],"up":[{"embeddable":true,"href":"https:\/\/elfsight.com\/pl\/wp-json\/wp\/v2\/pages\/2321"}],"wp:attachment":[{"href":"https:\/\/elfsight.com\/pl\/wp-json\/wp\/v2\/media?parent=4968"}],"curies":[{"name":"wp","href":"https:\/\/api.w.org\/{rel}","templated":true}]}}