{"id":4967,"date":"2024-05-03T06:35:10","date_gmt":"2024-05-03T06:35:10","guid":{"rendered":"https:\/\/elfsight.com\/pl\/?page_id=4967"},"modified":"2025-12-18T16:52:34","modified_gmt":"2025-12-18T16:52:34","slug":"elementor","status":"publish","type":"page","link":"https:\/\/elfsight.com\/pl\/event-calendar-widget\/elementor\/","title":{"rendered":"Event Calendar &#8211; Elementor"},"content":{"rendered":"<div class=\"application-platform-content-item-description application-platform-content-item\" id=\"description\" data-nav-section=\"description\"> <h2>Osad\u017a kalendarz wydarze\u0144 za pomoc\u0105 wid\u017cetu Elfsight<\/h2> <p>Wid\u017cet Kalendarza Elfsight to pot\u0119\u017cne narz\u0119dzie, kt\u00f3re pozwala \u0142atwo udost\u0119pnia\u0107 swoje dzia\u0142ania swoim znajomym publiczno\u015b\u0107. Daje mn\u00f3stwo mo\u017cliwo\u015bci zaprezentowania nadchodz\u0105cych wydarze\u0144 w najbardziej reprezentatywny spos\u00f3b. Dostosuj go, aby po\u0142\u0105czy\u0107 projekt z estetyk\u0105 swojej strony. Tw\u00f3rz nieograniczon\u0105 liczb\u0119 wydarze\u0144, dodawaj wiele tag\u00f3w, przesy\u0142aj w\u0142asne zdj\u0119cia i filmy i informuj u\u017cytkownik\u00f3w o swoim programie. <\/p> <p><b>Wtyczka Kalendarz wydarze\u0144 mo\u017ce pom\u00f3c Ci w wygodnym prezentowaniu przysz\u0142ych dzia\u0142a\u0144 i zwi\u0119kszeniu poziomu zaanga\u017cowania w Twojej witrynie. <\/b><\/p> <\/div> <div class=\"application-platform-content-item-features application-platform-content-item\" id=\"features\" data-nav-section=\"features\"> <h2>G\u0142\u00f3wne cechy wtyczki Kalendarza wydarze\u0144<\/h2> <p>Sprawd\u017a wszystkie funkcje Kalendarza wydarze\u0144 Elementor. Mo\u017cesz je ustawi\u0107 bezpo\u015brednio w edytorze, a one pomog\u0105 Ci skonstruowa\u0107 wid\u017cet najbardziej odpowiedni dla Twojego przypadku. Nasza wtyczka wydarze\u0144 Elementor zosta\u0142a zaprojektowana, aby zaspokoi\u0107 r\u00f3\u017cne potrzeby biznesowe i przyci\u0105gn\u0105\u0107 u\u017cytkownik\u00f3w do witryny.<\/p> <ul> <li>Korzystaj z elastycznych opcji tre\u015bci, aby uwzgl\u0119dni\u0107 kalendarz dla swojego rodzaju dzia\u0142a\u0144. <\/li> <li>Pom\u00f3\u017c u\u017cytkownikom dodawa\u0107 wydarzenia do ich ulubionych aplikacji. <\/li> <li>Tw\u00f3rz r\u00f3\u017cne typy wydarze\u0144, okre\u015blaj lokalizacje i dodawaj gospodarzy. <\/li> <li>Sklasyfikuj wszystkie swoje wydarzenia i przypisz im tagi. <\/li> <li>Rozr\u00f3\u017cnij cztery warianty uk\u0142adu. <\/li> <\/ul> <p><a href=\"#demo\">Zobacz, jak dzia\u0142aj\u0105 wszystkie funkcje w naszej wersji demonstracyjnej<\/a><\/p> <\/div> <div class=\"application-platform-content-item-installation application-platform-content-item\" id=\"installation\" data-nav-section=\"installation\"> <h2>Jak doda\u0107 Kalendarz wydarze\u0144 do mojej witryny Elementor? <\/h2><div class=\"video-container\"><iframe width=\"720\" height=\"405\" src=\"https:\/\/www.youtube.com\/embed\/sx1bqF8qz0c?si=ItNMjkchI8Blp_Rj\" frameborder=\"0\" allowfullscreen=\"\"><\/iframe><\/div>  <p>Aby wstawi\u0107 wid\u017cet, po prostu wykonaj nast\u0119puj\u0105ce kr\u00f3tkie kroki.<\/p> <ul> <li><b>Stw\u00f3rz w\u0142asn\u0105 wtyczk\u0119 Kalendarza<\/b><br> Korzystaj\u0105c z naszego bezp\u0142atnego demo, utw\u00f3rz wtyczk\u0119 z wybranym interfejsem i cechami funkcjonalnymi. <\/li> <li><b>Odbierz indywidualny kod do zainstalowania wid\u017cetu<\/b><br> Po wygenerowaniu wid\u017cetu otrzymasz unikalny kod z wyskakuj\u0105cego okna aplikacji Elfsight. Skopiuj ten kod do p\u00f3\u017aniejszego wykorzystania. <\/li> <li><b>Osad\u017a wid\u017cet Kalendarza wydarze\u0144 na swojej stronie<\/b><br> Wybierz obszar, w kt\u00f3rym chcesz osadzi\u0107 wtyczk\u0119 i wklej tam zapisany kod. Opublikuj zmiany. <\/li> <li><b>Gotowe! <\/b><br> Wejd\u017a na stron\u0119, aby zobaczy\u0107 sw\u00f3j widget. <\/li> <\/ul> <p>Je\u015bli potrzebujesz pomocy lub masz o co\u015b zapyta\u0107, mo\u017cesz zwr\u00f3ci\u0107 si\u0119 do naszego klienta z pomoc\u0105 techniczn\u0105. Ch\u0119tnie pomo\u017cemy w ka\u017cdej sprawie dotycz\u0105cej wid\u017cetu kalendarza Elementor. <\/p> <\/div><div class=\"faq\" data-component=\"FAQ\"><div class=\"faq-item\">\r\n\t\t\t\t\t<div class=\"faq-item-question\">\r\n\t\t\t\t\t\t<h3 class=\"faq-item-question-text\">Jakie korzy\u015bci odnios\u0119 z osadzenia Kalendarza wydarze\u0144 w mojej witrynie Elementor?<\/h3>\r\n\r\n\t\t\t\t\t\t<div class=\"faq-item-question-icon\"><\/div>\r\n\t\t\t\t\t<\/div>\r\n\r\n\t\t\t\t\t<div class=\"faq-item-answer\">\r\n\t\t\t\t\t\t<div class=\"faq-item-answer-text\"><p>Kalendarz wydarze\u0144 tworzy \u015bwiadomo\u015b\u0107 dzia\u0142a\u0144 Twojej organizacji na Twojej stronie internetowej Elementor. Co wa\u017cniejsze, zwi\u0119ksza widoczno\u015b\u0107 Twojej marki w miar\u0119 tworzenia wi\u0119kszej liczby wydarze\u0144. Mo\u017cesz opublikowa\u0107 wtyczk\u0119 kalendarza wydarze\u0144 Elementor na wszystkich stronach swojej witryny Elementor lub tylko na wybranych. Kalendarz wydarze\u0144 na Twojej stronie umo\u017cliwia tak\u017ce osadzanie nowych tre\u015bci w Twojej witrynie, co jest zawsze dobre dla wyszukiwarek. Wyszukiwarki zawsze przegl\u0105daj\u0105 Twoj\u0105 witryn\u0119 i znajduj\u0105c now\u0105 tre\u015b\u0107, oceniaj\u0105 Twoj\u0105 witryn\u0119 jako bardziej trafn\u0105 i mog\u0105 zwi\u0119kszy\u0107 szanse na znalezienie Twojej witryny, gdy ludzie wyszukuj\u0105 j\u0105 w Internecie.<\/p> <p>Opr\u00f3cz wydarze\u0144 dodanie kalendarza mo\u017ce doda\u0107 warto\u015b\u0107 dodan\u0105 na Twoj\u0105 stron\u0119 internetow\u0105 w oczach Twoich klient\u00f3w. Mo\u017cesz u\u017cy\u0107 najlepszej wtyczki kalendarza, aby zwi\u0119kszy\u0107 interakcj\u0119 mi\u0119dzy klientami na swojej stronie internetowej Elementor. Podobnie jak post na blogu, kalendarz mo\u017ce pom\u00f3c w interakcji z klientami, umo\u017cliwiaj\u0105c im zapisanie si\u0119 na niekt\u00f3re wydarzenia, a nawet sugerowanie innych wydarze\u0144, w kt\u00f3rych mog\u0105 chcie\u0107 wzi\u0105\u0107 udzia\u0142. Zintegrowanie takiej opcji w celu zaprezentowania wydarze\u0144 w witrynie Elementor jest naprawd\u0119 \u0142atwe.<\/p><\/div>\r\n\t\t\t\t\t<\/div>\r\n\t\t\t\t<\/div><\/div>","protected":false},"excerpt":{"rendered":"","protected":false},"author":9,"featured_media":0,"parent":2321,"menu_order":0,"comment_status":"closed","ping_status":"closed","template":"templates\/template-application-platform.php","meta":{"publish_to_discourse":"","publish_post_category":"","wpdc_auto_publish_overridden":"","wpdc_topic_tags":"","wpdc_pin_topic":"","wpdc_pin_until":"","discourse_post_id":"","discourse_permalink":"","wpdc_publishing_response":"","wpdc_publishing_error":"","footnotes":""},"class_list":["post-4967","page","type-page","status-publish","hentry"],"yoast_head":"<!-- This site is optimized with the Yoast SEO plugin v25.3.1 - https:\/\/yoast.com\/wordpress\/plugins\/seo\/ -->\n<title>Wid\u017cet kalendarza wydarze\u0144 Elementora - dodaj kalendarz wydarze\u0144 do Elementora [ 2025 ]<\/title>\n<meta name=\"description\" content=\"Zaprojektuj wtyczk\u0119 Kalendarza wydarze\u0144 i szybko dodaj j\u0105 na swojej stronie internetowej Elementor. Oferujemy bezp\u0142atn\u0105 obs\u0142ug\u0119 klienta i inne bonusy.\" \/>\n<meta name=\"robots\" content=\"index, follow, max-snippet:-1, max-image-preview:large, max-video-preview:-1\" \/>\n<link rel=\"canonical\" href=\"https:\/\/elfsight.com\/pl\/event-calendar-widget\/elementor\/\" \/>\n<meta property=\"og:locale\" content=\"pl_PL\" \/>\n<meta property=\"og:type\" content=\"article\" \/>\n<meta property=\"og:title\" content=\"Wid\u017cet kalendarza wydarze\u0144 Elementora - dodaj kalendarz wydarze\u0144 do Elementora [ 2025 ]\" \/>\n<meta property=\"og:description\" content=\"Zaprojektuj wtyczk\u0119 Kalendarza wydarze\u0144 i szybko dodaj j\u0105 na swojej stronie internetowej Elementor. Oferujemy bezp\u0142atn\u0105 obs\u0142ug\u0119 klienta i inne bonusy.\" \/>\n<meta property=\"og:url\" content=\"https:\/\/elfsight.com\/pl\/event-calendar-widget\/elementor\/\" \/>\n<meta property=\"og:site_name\" content=\"Elfsight PL\" \/>\n<meta property=\"article:modified_time\" content=\"2025-12-18T16:52:34+00:00\" \/>\n<meta name=\"twitter:card\" content=\"summary_large_image\" \/>\n<meta name=\"twitter:label1\" content=\"Szacowany czas czytania\" \/>\n\t<meta name=\"twitter:data1\" content=\"3 minuty\" \/>\n<!-- \/ Yoast SEO plugin. -->","yoast_head_json":{"title":"Wid\u017cet kalendarza wydarze\u0144 Elementora - dodaj kalendarz wydarze\u0144 do Elementora [ 2025 ]","description":"Zaprojektuj wtyczk\u0119 Kalendarza wydarze\u0144 i szybko dodaj j\u0105 na swojej stronie internetowej Elementor. Oferujemy bezp\u0142atn\u0105 obs\u0142ug\u0119 klienta i inne bonusy.","robots":{"index":"index","follow":"follow","max-snippet":"max-snippet:-1","max-image-preview":"max-image-preview:large","max-video-preview":"max-video-preview:-1"},"canonical":"https:\/\/elfsight.com\/pl\/event-calendar-widget\/elementor\/","og_locale":"pl_PL","og_type":"article","og_title":"Wid\u017cet kalendarza wydarze\u0144 Elementora - dodaj kalendarz wydarze\u0144 do Elementora [ 2025 ]","og_description":"Zaprojektuj wtyczk\u0119 Kalendarza wydarze\u0144 i szybko dodaj j\u0105 na swojej stronie internetowej Elementor. Oferujemy bezp\u0142atn\u0105 obs\u0142ug\u0119 klienta i inne bonusy.","og_url":"https:\/\/elfsight.com\/pl\/event-calendar-widget\/elementor\/","og_site_name":"Elfsight PL","article_modified_time":"2025-12-18T16:52:34+00:00","twitter_card":"summary_large_image","twitter_misc":{"Szacowany czas czytania":"3 minuty"},"schema":{"@context":"https:\/\/schema.org","@graph":[{"@type":"WebPage","@id":"https:\/\/elfsight.com\/pl\/event-calendar-widget\/elementor\/","url":"https:\/\/elfsight.com\/pl\/event-calendar-widget\/elementor\/","name":"Wid\u017cet kalendarza wydarze\u0144 Elementora - dodaj kalendarz wydarze\u0144 do Elementora [ 2025 ]","isPartOf":{"@id":"https:\/\/elfsight.com\/pl\/#website"},"datePublished":"2024-05-03T06:35:10+00:00","dateModified":"2025-12-18T16:52:34+00:00","description":"Zaprojektuj wtyczk\u0119 Kalendarza wydarze\u0144 i szybko dodaj j\u0105 na swojej stronie internetowej Elementor. Oferujemy bezp\u0142atn\u0105 obs\u0142ug\u0119 klienta i inne bonusy.","breadcrumb":{"@id":"https:\/\/elfsight.com\/pl\/event-calendar-widget\/elementor\/#breadcrumb"},"inLanguage":"pl-PL","potentialAction":[{"@type":"ReadAction","target":["https:\/\/elfsight.com\/pl\/event-calendar-widget\/elementor\/"]}]},{"@type":"BreadcrumbList","@id":"https:\/\/elfsight.com\/pl\/event-calendar-widget\/elementor\/#breadcrumb","itemListElement":[{"@type":"ListItem","position":1,"name":"Home","item":"https:\/\/elfsight.com\/pl\/"},{"@type":"ListItem","position":2,"name":"Event Calendar","item":"https:\/\/elfsight.com\/pl\/event-calendar-widget\/"},{"@type":"ListItem","position":3,"name":"Event Calendar &#8211; Elementor"}]},{"@type":"WebSite","@id":"https:\/\/elfsight.com\/pl\/#website","url":"https:\/\/elfsight.com\/pl\/","name":"Elfsight PL","description":"Just another Elfsight Sites site","potentialAction":[{"@type":"SearchAction","target":{"@type":"EntryPoint","urlTemplate":"https:\/\/elfsight.com\/pl\/?s={search_term_string}"},"query-input":{"@type":"PropertyValueSpecification","valueRequired":true,"valueName":"search_term_string"}}],"inLanguage":"pl-PL"}]}},"meta_box":{"industry":"","seo_heading":"","heading":"","description":"","cta_heading":"","cta_description":"","application":"2320","h1":"Wtyczka Kalendarza wydarze\u0144 Elementor","h1_caption":"Zarz\u0105dzaj i udost\u0119pniaj wydarzenia w swojej witrynie internetowej za pomoc\u0105 interaktywnego i przyjaznego dla u\u017cytkownika kalendarza wydarze\u0144 w witrynie Elementor.","application_category":[],"applications_title":"","applications_request_title":"","applications_request_button_text":"","hero_text":"","hero_video":"","hero_video_schema_markup":"","selling_points_title":"","selling_points_caption":"","selling_points":[],"selling_points_cta_text":"","features_title":"","features":"","ed_cta_examples_text":"","ed_cta_examples_hidden":"","ed_cta_demo_text":"","ed_cta_demo_hidden":"","why_caption":"","why_editor_title":"","why_editor_text":"","why_team_title":"","why_team_text":"","why_service_title":"","why_service_text":"","template_catalog_visible":"0","template_catalog_title":"","template_catalog_text":"","template_catalog_categories_visible":"","demo_title":"Utw\u00f3rz wid\u017cet Kalendarza wydarze\u0144","demo_caption":"Skonfiguruj sw\u00f3j Kalendarz wydarze\u0144 i dodaj go do swojej witryny Elementor za darmo!","default_faq_hidden":"","app_template_category":[],"platform":"268","template_public_id":"","codecanyon_url":"","codecanyon_item_id":"","codecanyon_price":"","pricing_caption":"","pricing_elfsight_apps_hide_column":"","pricing_elfsight_apps_url":"","pricing_codecanyon_price_caption":"","integration_category":[],"integration_request_title":"","integration_request_cta":"","integration_platform":"","integrations":[],"platform_category":[],"video_schema_markup":"","price":"od 0 USD \/ miesi\u0105c","trial":"","benefits":[{"text":"Bezp\u0142atna pomoc w monta\u017cu"},{"text":"Do\u015bwiadczona obs\u0142uga klienta"},{"text":"14-dniowa gwarancja zwrotu pieni\u0119dzy"}],"button_url":"#demo","button_target_blank":"0","button_nofollow":"0","attributes":[{"name":"Instaluje","content":"100,000 - 500,000"},{"name":"Czu\u0142y","content":"Tak"},{"name":"Kompatybilne przegl\u0105darki","content":"IE11, Firefox, Safari, Opera, Chrome, Edge"}],"tags":[],"tags_disable_links":"0","hide_more_platforms":"0","video_object":"","demo_hide_cta":"0","demo_hide_cloud_options":"0","pricing_title":"","pricing":[{"pricing_icon":"platform","pricing_title":"Elfsight Apps","pricing_title_caption":"Wieloplatformowe rozwi\u0105zanie cyfrowe","pricing_price":"od 0 USD \/ miesi\u0105c","pricing_price_caption":"zacznij od bezp\u0142atnego planu","pricing_benefits":[{"text":"Nielimitowane domeny"},{"text":"Ca\u0142odobowe wsparcie firmy"},{"text":"Bezp\u0142atna pomoc przy instalacji"},{"text":"\u015awietna oferta na wiele aplikacji"}],"pricing_button_text":"Dodaj do witryny","pricing_button_url":"#demo"}],"related_apps_title":"","related_apps_hidden":"0","author":"","image":[],"title":"","job":"","social_networks":[]},"_links":{"self":[{"href":"https:\/\/elfsight.com\/pl\/wp-json\/wp\/v2\/pages\/4967","targetHints":{"allow":["GET"]}}],"collection":[{"href":"https:\/\/elfsight.com\/pl\/wp-json\/wp\/v2\/pages"}],"about":[{"href":"https:\/\/elfsight.com\/pl\/wp-json\/wp\/v2\/types\/page"}],"author":[{"embeddable":true,"href":"https:\/\/elfsight.com\/pl\/wp-json\/wp\/v2\/users\/9"}],"replies":[{"embeddable":true,"href":"https:\/\/elfsight.com\/pl\/wp-json\/wp\/v2\/comments?post=4967"}],"version-history":[{"count":3,"href":"https:\/\/elfsight.com\/pl\/wp-json\/wp\/v2\/pages\/4967\/revisions"}],"predecessor-version":[{"id":10822,"href":"https:\/\/elfsight.com\/pl\/wp-json\/wp\/v2\/pages\/4967\/revisions\/10822"}],"up":[{"embeddable":true,"href":"https:\/\/elfsight.com\/pl\/wp-json\/wp\/v2\/pages\/2321"}],"wp:attachment":[{"href":"https:\/\/elfsight.com\/pl\/wp-json\/wp\/v2\/media?parent=4967"}],"curies":[{"name":"wp","href":"https:\/\/api.w.org\/{rel}","templated":true}]}}