{"id":4966,"date":"2024-05-03T06:35:09","date_gmt":"2024-05-03T06:35:09","guid":{"rendered":"https:\/\/elfsight.com\/pl\/?page_id=4966"},"modified":"2024-11-14T09:26:14","modified_gmt":"2024-11-14T09:26:14","slug":"joomla","status":"publish","type":"page","link":"https:\/\/elfsight.com\/pl\/event-calendar-widget\/joomla\/","title":{"rendered":"Event Calendar &#8211; Joomla"},"content":{"rendered":"<div class=\"application-platform-content-item-description application-platform-content-item\" id=\"description\" data-nav-section=\"description\"> <h2>Osad\u017a kalendarz wydarze\u0144 za pomoc\u0105 wid\u017cetu Elfsight<\/h2> <p>Modu\u0142 kalendarza Elfsight to niezwyk\u0142e narz\u0119dzie umo\u017cliwiaj\u0105ce p\u0142ynne udost\u0119pnianie wydarze\u0144 innym osobom na \u015bwiecie. Zawiera wiele mo\u017cliwo\u015bci pokazania nadchodz\u0105cych wydarze\u0144 w najbardziej reprezentacyjny spos\u00f3b. Dostosuj go, aby po\u0142\u0105czy\u0107 projekt z estetyk\u0105 Twojej witryny. Tw\u00f3rz nieograniczon\u0105 liczb\u0119 wydarze\u0144, dodawaj tagi, przesy\u0142aj niestandardowe obrazy i filmy i informuj odwiedzaj\u0105cych na bie\u017c\u0105co o swoich projektach.<\/p><p>Rozszerzenie kalendarza wydarze\u0144 online Joomla zwi\u0119ksza \u015bwiadomo\u015b\u0107 interes\u00f3w biznesowych Twojego przedsi\u0119biorstwa. Ponadto poprawia widoczno\u015b\u0107 Twojej firmy w miar\u0119 tworzenia wi\u0119kszej liczby wydarze\u0144. Masz mo\u017cliwo\u015b\u0107 zademonstrowania wtyczki kalendarza Joomla na wszystkich stronach swojej witryny Joomla lub tylko na wybranych. Kalendarz wydarze\u0144 na Twojej stronie pozwala r\u00f3wnie\u017c na dodanie wi\u0119kszej ilo\u015bci tre\u015bci do Twojej witryny, co jest zawsze dobrym znakiem dla wyszukiwarek. Wyszukiwarki zawsze oceniaj\u0105 Twoj\u0105 witryn\u0119 i odkrywaj\u0105c now\u0105 tre\u015b\u0107, oceniaj\u0105 strony Twojej witryny jako znacznie trafniejsze i mog\u0105 zwi\u0119kszy\u0107 szanse na odkrycie Twojej witryny, gdy u\u017cytkownicy wyszukuj\u0105 j\u0105 w Internecie. Opr\u00f3cz wydarzenia dodanie elementu kalendarza mo\u017ce wnie\u015b\u0107 warto\u015b\u0107 do Twojej witryny Joomla w oczach Twoich klient\u00f3w. Mo\u017cesz swobodnie korzysta\u0107 z kalendarza, aby uzyska\u0107 wi\u0119cej interakcji mi\u0119dzy u\u017cytkownikami. Podobnie jak wpisy na blogu, modu\u0142 kalendarza wydarze\u0144 Joomla jest w stanie pom\u00f3c Ci w komunikacji z odbiorcami, motywuj\u0105c ich do zapisania si\u0119 na okre\u015blone wydarzenia, a co wi\u0119cej &#8211; mo\u017ce sugerowa\u0107 inne wydarzenia, w kt\u00f3rych chc\u0105 wzi\u0105\u0107 udzia\u0142. Zintegrowanie takiej opcji w celu zaprezentowania wydarze\u0144 w witrynie Joomla jest szybkie.<\/p> <p><b>Rozszerzenie Kalendarza wydarze\u0144 Elfsight mo\u017ce pom\u00f3c w bezproblemowym promowaniu nadchodz\u0105cych dzia\u0142a\u0144 i podniesieniu poziomu zaanga\u017cowania w Twojej witrynie. <\/b><\/p> <\/div><div class=\"application-platform-content-item-features application-platform-content-item\" id=\"features\" data-nav-section=\"features\"> <h2>G\u0142\u00f3wne cechy modu\u0142u Kalendarza wydarze\u0144<\/h2> <p>Oto lista wszystkich funkcji Kalendarza wydarze\u0144 Joomla. S\u0105 one dost\u0119pne bezpo\u015brednio w edytorze i pomog\u0105 Ci skonfigurowa\u0107 widget specjalnie dla Twojego przypadku u\u017cycia. <\/p> <ul> <li>Korzystaj z elastycznych mo\u017cliwo\u015bci dotycz\u0105cych tre\u015bci, aby dopasowa\u0107 narz\u0119dzie do swojego rodzaju wydarze\u0144. <\/li> <li>Pom\u00f3\u017c u\u017cytkownikom dodawa\u0107 wydarzenia do najcz\u0119\u015bciej u\u017cywanych kalendarzy. <\/li> <li>Tw\u00f3rz r\u00f3\u017cne typy wydarze\u0144, okre\u015blaj lokalizacje i dodawaj gospodarzy. <\/li> <li>Sklasyfikuj wszystkie swoje dzia\u0142ania i przypisz im tagi. <\/li> <li>Rozr\u00f3\u017cnij cztery warianty uk\u0142adu. <\/li> <\/ul> <p><a href=\"#demo\">Wypr\u00f3buj wszystkie inne funkcje w wersji demonstracyjnej<\/a><\/p> <\/div><div class=\"application-platform-content-item-installation application-platform-content-item\" id=\"installation\" data-nav-section=\"installation\"> <h2> Jak doda\u0107 rozszerzenie Kalendarza wydarze\u0144 do mojej witryny Joomla? <\/h2> <p>Aby osadzi\u0107 wtyczk\u0119 Kalendarza, wykonaj kilka szybkich krok\u00f3w. <\/p> <ol><li><b>Skorzystaj z naszej bezp\u0142atnej wersji demonstracyjnej i zacznij tworzy\u0107 spersonalizowane rozszerzenie. <\/b><br> Okre\u015bl wybrany uk\u0142ad i opcje rozszerzenia oraz zapisz wszystkie zmiany. <\/li> <li><b>Skopiuj kod osobisty pojawiaj\u0105cy si\u0119 w oknie aplikacji Elfsight. <\/b><br> Zaraz po zako\u0144czeniu tworzenia rozszerzenia skopiuj kod z wy\u015bwietlonego okna i zachowaj go do wykorzystania w przysz\u0142o\u015bci. <\/li> <li><b>Wpisz opcj\u0119 korzystania z rozszerzenia w witrynie Joomla. <\/b><br> Umie\u015b\u0107 ostatnio skopiowany kod w swojej witrynie i zapisz zmiany. <\/li> <li><b>Instalacja zosta\u0142a ca\u0142kowicie zako\u0144czona. <\/b><br> Otw\u00f3rz witryn\u0119, aby sprawdzi\u0107 dzia\u0142anie rozszerzenia. <\/li><\/ol><p>Je\u015bli potrzebujesz porady lub masz pytania, skontaktuj si\u0119 z naszym dzia\u0142em obs\u0142ugi klienta. Nasi specjali\u015bci ch\u0119tnie pomog\u0105 w ka\u017cdym zapytaniu. <\/p> <\/div><div class=\"faq\" data-component=\"FAQ\"><div class=\"faq-item\">\r\n\t\t\t\t\t<div class=\"faq-item-question\">\r\n\t\t\t\t\t\t<h3 class=\"faq-item-question-text\">W jaki spos\u00f3b mog\u0119 osadzi\u0107 Kalendarz wydarze\u0144 w witrynie Joomla? <\/h3>\r\n\r\n\t\t\t\t\t\t<div class=\"faq-item-question-icon\"><\/div>\r\n\t\t\t\t\t<\/div>\r\n\r\n\t\t\t\t\t<div class=\"faq-item-answer\">\r\n\t\t\t\t\t\t<div class=\"faq-item-answer-text\"><p>Konstrukcja wid\u017cetu jest wykonywane w witrynie Elfsight i nie ma potrzeby kodowania. Otw\u00f3rz nasze demo na \u017cywo, aby zbudowa\u0107 w\u0142asn\u0105 aplikacj\u0119, zdob\u0105d\u017a kod i wklej go na swojej stronie internetowej. <\/p><\/div>\r\n\t\t\t\t\t<\/div>\r\n\t\t\t\t<\/div><div class=\"faq-item\">\r\n\t\t\t\t\t<div class=\"faq-item-question\">\r\n\t\t\t\t\t\t<h3 class=\"faq-item-question-text\">Najlepsze sposoby wykorzystania integracji kalendarza online<\/h3>\r\n\r\n\t\t\t\t\t\t<div class=\"faq-item-question-icon\"><\/div>\r\n\t\t\t\t\t<\/div>\r\n\r\n\t\t\t\t\t<div class=\"faq-item-answer\">\r\n\t\t\t\t\t\t<div class=\"faq-item-answer-text\"><p>Oferujemy wiele opcji dostosowywania: pe\u0142nowymiarowe wid\u017cety do wstawiania do strefy tre\u015bci, wid\u017cety p\u0142ywaj\u0105ce do mo\u017cliwo\u015bci przewijania, miniatury stopki witryny, sekcji nag\u0142\u00f3wka i wszystkich odmian mo\u017cliwo\u015bci pionowych pask\u00f3w bocznych i menu witryny. <\/p><\/div>\r\n\t\t\t\t\t<\/div>\r\n\t\t\t\t<\/div><div class=\"faq-item\">\r\n\t\t\t\t\t<div class=\"faq-item-question\">\r\n\t\t\t\t\t\t<h3 class=\"faq-item-question-text\">Jak zbudowa\u0107 Wydarzenia Klubowe lub Kalendarz Slider za po\u015brednictwem redaktora? <\/h3>\r\n\r\n\t\t\t\t\t\t<div class=\"faq-item-question-icon\"><\/div>\r\n\t\t\t\t\t<\/div>\r\n\r\n\t\t\t\t\t<div class=\"faq-item-answer\">\r\n\t\t\t\t\t\t<div class=\"faq-item-answer-text\"><p>Mo\u017cesz tworzy\u0107 zmiany w dowolnym wid\u017cecie. W edytorze dost\u0119pnych jest wiele uk\u0142ad\u00f3w, a ka\u017cdy z nich mo\u017cna \u0142atwo spersonalizowa\u0107 wed\u0142ug w\u0142asnych potrzeb. <\/p><\/div>\r\n\t\t\t\t\t<\/div>\r\n\t\t\t\t<\/div><\/div>","protected":false},"excerpt":{"rendered":"","protected":false},"author":9,"featured_media":0,"parent":2321,"menu_order":0,"comment_status":"closed","ping_status":"closed","template":"templates\/template-application-platform.php","meta":{"publish_to_discourse":"","publish_post_category":"","wpdc_auto_publish_overridden":"","wpdc_topic_tags":"","wpdc_pin_topic":"","wpdc_pin_until":"","discourse_post_id":"","discourse_permalink":"","wpdc_publishing_response":"","wpdc_publishing_error":"","footnotes":""},"class_list":["post-4966","page","type-page","status-publish","hentry"],"yoast_head":"<!-- This site is optimized with the Yoast SEO plugin v25.3.1 - https:\/\/yoast.com\/wordpress\/plugins\/seo\/ -->\n<title>Kalendarz wydarze\u0144 \u2014 Dodaj rozszerzenie Kalendarza do witryny Joomla [2025]<\/title>\n<meta name=\"description\" content=\"Dzi\u0119ki Elfsight zaprojektuj wid\u017cet Kalendarza wydarze\u0144 i szybko dodaj go do swojej witryny Joomla. Oferujemy bezp\u0142atn\u0105 obs\u0142ug\u0119 klienta i inne bonusy.\" \/>\n<meta name=\"robots\" content=\"index, follow, max-snippet:-1, max-image-preview:large, max-video-preview:-1\" \/>\n<link rel=\"canonical\" href=\"https:\/\/elfsight.com\/pl\/event-calendar-widget\/joomla\/\" \/>\n<meta property=\"og:locale\" content=\"pl_PL\" \/>\n<meta property=\"og:type\" content=\"article\" \/>\n<meta property=\"og:title\" content=\"Kalendarz wydarze\u0144 \u2014 Dodaj rozszerzenie Kalendarza do witryny Joomla [2025]\" \/>\n<meta property=\"og:description\" content=\"Dzi\u0119ki Elfsight zaprojektuj wid\u017cet Kalendarza wydarze\u0144 i szybko dodaj go do swojej witryny Joomla. Oferujemy bezp\u0142atn\u0105 obs\u0142ug\u0119 klienta i inne bonusy.\" \/>\n<meta property=\"og:url\" content=\"https:\/\/elfsight.com\/pl\/event-calendar-widget\/joomla\/\" \/>\n<meta property=\"og:site_name\" content=\"Elfsight PL\" \/>\n<meta property=\"article:modified_time\" content=\"2024-11-14T09:26:14+00:00\" \/>\n<meta name=\"twitter:card\" content=\"summary_large_image\" \/>\n<meta name=\"twitter:label1\" content=\"Szacowany czas czytania\" \/>\n\t<meta name=\"twitter:data1\" content=\"4 minuty\" \/>\n<!-- \/ Yoast SEO plugin. -->","yoast_head_json":{"title":"Kalendarz wydarze\u0144 \u2014 Dodaj rozszerzenie Kalendarza do witryny Joomla [2025]","description":"Dzi\u0119ki Elfsight zaprojektuj wid\u017cet Kalendarza wydarze\u0144 i szybko dodaj go do swojej witryny Joomla. Oferujemy bezp\u0142atn\u0105 obs\u0142ug\u0119 klienta i inne bonusy.","robots":{"index":"index","follow":"follow","max-snippet":"max-snippet:-1","max-image-preview":"max-image-preview:large","max-video-preview":"max-video-preview:-1"},"canonical":"https:\/\/elfsight.com\/pl\/event-calendar-widget\/joomla\/","og_locale":"pl_PL","og_type":"article","og_title":"Kalendarz wydarze\u0144 \u2014 Dodaj rozszerzenie Kalendarza do witryny Joomla [2025]","og_description":"Dzi\u0119ki Elfsight zaprojektuj wid\u017cet Kalendarza wydarze\u0144 i szybko dodaj go do swojej witryny Joomla. Oferujemy bezp\u0142atn\u0105 obs\u0142ug\u0119 klienta i inne bonusy.","og_url":"https:\/\/elfsight.com\/pl\/event-calendar-widget\/joomla\/","og_site_name":"Elfsight PL","article_modified_time":"2024-11-14T09:26:14+00:00","twitter_card":"summary_large_image","twitter_misc":{"Szacowany czas czytania":"4 minuty"},"schema":{"@context":"https:\/\/schema.org","@graph":[{"@type":"WebPage","@id":"https:\/\/elfsight.com\/pl\/event-calendar-widget\/joomla\/","url":"https:\/\/elfsight.com\/pl\/event-calendar-widget\/joomla\/","name":"Kalendarz wydarze\u0144 \u2014 Dodaj rozszerzenie Kalendarza do witryny Joomla [2025]","isPartOf":{"@id":"https:\/\/elfsight.com\/pl\/#website"},"datePublished":"2024-05-03T06:35:09+00:00","dateModified":"2024-11-14T09:26:14+00:00","description":"Dzi\u0119ki Elfsight zaprojektuj wid\u017cet Kalendarza wydarze\u0144 i szybko dodaj go do swojej witryny Joomla. Oferujemy bezp\u0142atn\u0105 obs\u0142ug\u0119 klienta i inne bonusy.","breadcrumb":{"@id":"https:\/\/elfsight.com\/pl\/event-calendar-widget\/joomla\/#breadcrumb"},"inLanguage":"pl-PL","potentialAction":[{"@type":"ReadAction","target":["https:\/\/elfsight.com\/pl\/event-calendar-widget\/joomla\/"]}]},{"@type":"BreadcrumbList","@id":"https:\/\/elfsight.com\/pl\/event-calendar-widget\/joomla\/#breadcrumb","itemListElement":[{"@type":"ListItem","position":1,"name":"Home","item":"https:\/\/elfsight.com\/pl\/"},{"@type":"ListItem","position":2,"name":"Event Calendar","item":"https:\/\/elfsight.com\/pl\/event-calendar-widget\/"},{"@type":"ListItem","position":3,"name":"Event Calendar &#8211; Joomla"}]},{"@type":"WebSite","@id":"https:\/\/elfsight.com\/pl\/#website","url":"https:\/\/elfsight.com\/pl\/","name":"Elfsight PL","description":"Just another Elfsight Sites site","potentialAction":[{"@type":"SearchAction","target":{"@type":"EntryPoint","urlTemplate":"https:\/\/elfsight.com\/pl\/?s={search_term_string}"},"query-input":{"@type":"PropertyValueSpecification","valueRequired":true,"valueName":"search_term_string"}}],"inLanguage":"pl-PL"}]}},"meta_box":{"industry":"","seo_heading":"","heading":"","description":"","cta_heading":"","cta_description":"","application":"2320","h1":"Rozszerzenie Kalendarza Wydarze\u0144 Joomla","h1_caption":"Zarz\u0105dzaj i udost\u0119pniaj wydarzenia na swojej stronie internetowej za pomoc\u0105 interaktywnego i przyjaznego dla u\u017cytkownika kalendarza wydarze\u0144 na swojej stronie Joomla.","application_category":[],"applications_title":"","applications_request_title":"","applications_request_button_text":"","hero_text":"","hero_video":"","hero_video_schema_markup":"","selling_points_title":"","selling_points_caption":"","selling_points":[],"selling_points_cta_text":"","features_title":"","features":"","ed_cta_examples_text":"","ed_cta_examples_hidden":"","ed_cta_demo_text":"","ed_cta_demo_hidden":"","why_caption":"","why_editor_title":"","why_editor_text":"","why_team_title":"","why_team_text":"","why_service_title":"","why_service_text":"","template_catalog_visible":"","template_catalog_title":"","template_catalog_text":"","template_catalog_categories_visible":"","demo_title":"Utw\u00f3rz wtyczk\u0119 Kalendarza wydarze\u0144","demo_caption":"Skonfiguruj sw\u00f3j Kalendarz wydarze\u0144 i dodaj go do swojej witryny Joomla za darmo!","default_faq_hidden":"","app_template_category":[],"platform":"53","template_public_id":"","codecanyon_url":"","codecanyon_item_id":"","codecanyon_price":"","pricing_caption":"","pricing_elfsight_apps_hide_column":"","pricing_elfsight_apps_url":"","pricing_codecanyon_price_caption":"","integration_category":[],"integration_request_title":"","integration_request_cta":"","integration_platform":"","integrations":[],"platform_category":[],"video_schema_markup":"","price":"od 0 USD \/ miesi\u0105c","trial":"","benefits":[{"text":"Bezp\u0142atna us\u0142uga monta\u017cu"},{"text":"Kompetentna obs\u0142uga klienta"},{"text":"14-dniowa gwarancja zwrotu pieni\u0119dzy"}],"button_url":"#demo","button_target_blank":"","button_nofollow":"","attributes":[{"name":"Instaluje"},{"name":"Czu\u0142y"},{"name":"Kompatybilne przegl\u0105darki"}],"tags":[],"tags_disable_links":"","hide_more_platforms":"","video_object":"","demo_hide_cta":"","demo_hide_cloud_options":"","pricing_title":"","pricing":[{"pricing_icon":"platform","pricing_title":"Elfsight Apps","pricing_title_caption":"Wieloplatformowe rozwi\u0105zanie cyfrowe","pricing_price":"od 0 USD \/ miesi\u0105c","pricing_price_caption":"zacznij od bezp\u0142atnego planu","pricing_benefits":[{"text":"Nielimitowane domeny"},{"text":"Szybkie wsparcie firmy"},{"text":"Bezp\u0142atna us\u0142uga monta\u017cu"},{"text":"Oferta specjalna na wiele aplikacji"}],"pricing_button_text":"Dodaj do witryny","pricing_button_url":"#demo"}],"related_apps_title":"","related_apps_hidden":"","author":"","image":[],"title":"","job":"","social_networks":[]},"_links":{"self":[{"href":"https:\/\/elfsight.com\/pl\/wp-json\/wp\/v2\/pages\/4966","targetHints":{"allow":["GET"]}}],"collection":[{"href":"https:\/\/elfsight.com\/pl\/wp-json\/wp\/v2\/pages"}],"about":[{"href":"https:\/\/elfsight.com\/pl\/wp-json\/wp\/v2\/types\/page"}],"author":[{"embeddable":true,"href":"https:\/\/elfsight.com\/pl\/wp-json\/wp\/v2\/users\/9"}],"replies":[{"embeddable":true,"href":"https:\/\/elfsight.com\/pl\/wp-json\/wp\/v2\/comments?post=4966"}],"version-history":[{"count":1,"href":"https:\/\/elfsight.com\/pl\/wp-json\/wp\/v2\/pages\/4966\/revisions"}],"predecessor-version":[{"id":4970,"href":"https:\/\/elfsight.com\/pl\/wp-json\/wp\/v2\/pages\/4966\/revisions\/4970"}],"up":[{"embeddable":true,"href":"https:\/\/elfsight.com\/pl\/wp-json\/wp\/v2\/pages\/2321"}],"wp:attachment":[{"href":"https:\/\/elfsight.com\/pl\/wp-json\/wp\/v2\/media?parent=4966"}],"curies":[{"name":"wp","href":"https:\/\/api.w.org\/{rel}","templated":true}]}}