{"id":4965,"date":"2024-05-03T06:35:08","date_gmt":"2024-05-03T06:35:08","guid":{"rendered":"https:\/\/elfsight.com\/pl\/?page_id=4965"},"modified":"2024-11-14T09:26:14","modified_gmt":"2024-11-14T09:26:14","slug":"jquery","status":"publish","type":"page","link":"https:\/\/elfsight.com\/pl\/event-calendar-widget\/jquery\/","title":{"rendered":"Event Calendar &#8211; jQuery"},"content":{"rendered":"<div class=\"application-platform-content-item-description application-platform-content-item\" id=\"description\" data-nav-section=\"description\"> <h2>Osad\u017a kalendarz wydarze\u0144 za pomoc\u0105 wid\u017cetu Elfsight<\/h2> <p>Kalendarz Elfsight to pot\u0119\u017cna wtyczka umo\u017cliwiaj\u0105ca \u0142atwe udost\u0119pnianie swoich dzia\u0142a\u0144 innym osobom na \u015bwiecie. Zawiera wiele opcji wy\u015bwietlania nadchodz\u0105cych wydarze\u0144 w najbardziej reprezentatywny spos\u00f3b. Spersonalizuj go, aby dopasowa\u0107 projekt do stylu swojej witryny. Tw\u00f3rz nieograniczon\u0105 liczb\u0119 wydarze\u0144, dodawaj wiele tag\u00f3w, przesy\u0142aj niestandardowe obrazy i filmy i informuj u\u017cytkownik\u00f3w o swoim planie.<\/p><p>Interaktywna wtyczka kalendarza jQuery zwi\u0119ksza \u015bwiadomo\u015b\u0107 obszaru zainteresowa\u0144 Twojej firmy. Poza tym zwi\u0119ksza popularno\u015b\u0107 Twojej firmy, tworz\u0105c wi\u0119cej wydarze\u0144. Masz mo\u017cliwo\u015b\u0107 opublikowania wid\u017cetu kalendarza wydarze\u0144 jQuery na wszystkich stronach swojej witryny jQuery lub tylko na wybranych. Kalendarz wydarze\u0144 jQuery na Twojej stronie internetowej umo\u017cliwia r\u00f3wnie\u017c osadzenie wi\u0119kszej ilo\u015bci tre\u015bci w Twojej witrynie, co jest zawsze dobre dla wyszukiwarek jako przyk\u0142ad pracy, kt\u00f3r\u0105 wykonujesz w swojej witrynie. Wyszukiwarki zawsze przegl\u0105daj\u0105 Twoj\u0105 witryn\u0119 i znajduj\u0105c now\u0105 tre\u015b\u0107, np. responsywny kalendarz wydarze\u0144, oceniaj\u0105 Twoj\u0105 witryn\u0119 jako znacznie bardziej odpowiedni\u0105 i mog\u0105 zwi\u0119kszy\u0107 szanse na wybranie Twojej witryny, gdy u\u017cytkownicy przeprowadzaj\u0105 wyszukiwanie online. Opr\u00f3cz wydarze\u0144 dodanie kalendarza mo\u017ce zwi\u0119kszy\u0107 warto\u015b\u0107 Twojej witryny w oczach klient\u00f3w. Mo\u017cesz skorzysta\u0107 z kalendarza planowania jQuery, aby zwi\u0119kszy\u0107 uczestnictwo swoich klient\u00f3w. Podobnie jak post na blogu, responsywny kalendarz wydarze\u0144 jQuery pomaga w interakcji z klientami, motywuj\u0105c ich do zapisania si\u0119 na okre\u015blone wydarzenia, a nawet umo\u017cliwia rekomendowanie innych okazji, kt\u00f3re mog\u0105 chcie\u0107 odwiedzi\u0107. Zintegrowanie takiej opcji wy\u015bwietlania wydarze\u0144 w witrynie jQuery jest \u0142atwe.<\/p><p><b>Nasz wid\u017cet Kalendarz wydarze\u0144 mo\u017ce pom\u00f3c Ci szybko wy\u015bwietli\u0107 przysz\u0142e wydarzenia i zwi\u0119kszy\u0107 poziom zaanga\u017cowania w Twojej witrynie.<\/b><\/p><\/div><div class=\"application-platform-content-item-features application-platform-content-item\" id=\"features\" data-nav-section=\"features\"> <h2>G\u0142\u00f3wne cechy wtyczki Kalendarza wydarze\u0144<\/h2> <p>Sprawd\u017a wszystkie cechy funkcjonalne Kalendarza wydarze\u0144 jQuery. S\u0105 one dost\u0119pne bezpo\u015brednio w edytorze i pomog\u0105 Ci stworzy\u0107 widget dostosowany do Twoich potrzeb. <\/p> <ul> <li>Wykorzystaj mo\u017cliwo\u015bci wykorzystania praktycznych tre\u015bci, aby dostosowa\u0107 kalendarz do swojego rodzaju wydarze\u0144. <\/li> <li>Daj u\u017cytkownikom mo\u017cliwo\u015b\u0107 dodania Twoich wydarze\u0144 do najcz\u0119\u015bciej u\u017cywanych kalendarzy. <\/li> <li>Generuj r\u00f3\u017cnego rodzaju wydarzenia, zaznaczaj lokalizacje i dodawaj gospodarzy. <\/li> <li>Sklasyfikuj wszystkie swoje wydarzenia i nadaj im tagi. <\/li> <li>Wybierz jedn\u0105 z 4 opcji uk\u0142adu. <\/li> <\/ul> <p><a href=\"#demo\">Sprawd\u017a wszystkie pozosta\u0142e funkcje w wersji demonstracyjnej<\/a><\/p> <\/div><div class=\"application-platform-content-item-installation application-platform-content-item\" id=\"installation\" data-nav-section=\"installation\"> <h2> Jak doda\u0107 Kalendarz wydarze\u0144 na mojej stronie internetowej jQuery? <\/h2> <p>Aby doda\u0107 wid\u017cet, post\u0119puj zgodnie z poni\u017cszymi instrukcjami. <\/p> <ul> <li><b>Utw\u00f3rz swoj\u0105 osobist\u0105 wtyczk\u0119 Kalendarza wydarze\u0144<\/b><br> Zarz\u0105dzaj\u0105c nasz\u0105 bezp\u0142atn\u0105 wersj\u0105 demonstracyjn\u0105, utw\u00f3rz wid\u017cet z niestandardowym uk\u0142adem i cechami funkcjonalnymi.<\/li> <li><b>Odbierz osobisty kod do opublikowania wtyczki<\/b><br> Po utworzeniu wid\u017cetu otrzymasz kod instalacyjny z wyskakuj\u0105cego powiadomienia w aplikacji Elfsight. Skopiuj kod do dalszego wykorzystania. <\/li> <li><b>Osad\u017a wtyczk\u0119 na swojej stronie<\/b><br> Okre\u015bl miejsce, w kt\u00f3rym chcesz zintegrowa\u0107 widget i wklej tam zapisany kod. Zapisz zmiany. <\/li> <li><b>Gotowe! <\/b><br> Wejd\u017a na swoj\u0105 stron\u0119 internetow\u0105, aby zobaczy\u0107 wid\u017cet Kalendarza. <\/li> <\/ul> <p>Po\u015bwi\u0119\u0107 chwil\u0119, aby skontaktowa\u0107 si\u0119 z naszym dzia\u0142em obs\u0142ugi klienta, je\u015bli potrzebujesz pomocy lub masz pytania. Nasi specjali\u015bci ch\u0119tnie pomog\u0105 w ka\u017cdym zapytaniu.<\/p> <\/div><div class=\"faq\" data-component=\"FAQ\"><div class=\"faq-item\">\r\n\t\t\t\t\t<div class=\"faq-item-question\">\r\n\t\t\t\t\t\t<h3 class=\"faq-item-question-text\">W jaki spos\u00f3b mog\u0119 osadzi\u0107 Kalendarz wydarze\u0144 w witrynie Joomla? <\/h3>\r\n\r\n\t\t\t\t\t\t<div class=\"faq-item-question-icon\"><\/div>\r\n\t\t\t\t\t<\/div>\r\n\r\n\t\t\t\t\t<div class=\"faq-item-answer\">\r\n\t\t\t\t\t\t<div class=\"faq-item-answer-text\"><p>Konstrukcja widgetu odbywa si\u0119 w witrynie Elfsight i nie ma potrzeby kodowania. Otw\u00f3rz nasze demo na \u017cywo, aby zbudowa\u0107 w\u0142asn\u0105 aplikacj\u0119, zdob\u0105d\u017a kod i wklej go na swojej stronie internetowej. <\/p><\/div>\r\n\t\t\t\t\t<\/div>\r\n\t\t\t\t<\/div><div class=\"faq-item\">\r\n\t\t\t\t\t<div class=\"faq-item-question\">\r\n\t\t\t\t\t\t<h3 class=\"faq-item-question-text\">Najlepsze sposoby wykorzystania integracji kalendarza online<\/h3>\r\n\r\n\t\t\t\t\t\t<div class=\"faq-item-question-icon\"><\/div>\r\n\t\t\t\t\t<\/div>\r\n\r\n\t\t\t\t\t<div class=\"faq-item-answer\">\r\n\t\t\t\t\t\t<div class=\"faq-item-answer-text\"><p>Oferujemy wiele opcji dostosowywania: pe\u0142nowymiarowe wid\u017cety do wstawiania do strefy tre\u015bci, wid\u017cety p\u0142ywaj\u0105ce do mo\u017cliwo\u015bci przewijania, miniatury stopki witryny, sekcji nag\u0142\u00f3wka i wszystkich odmian mo\u017cliwo\u015bci pionowych pask\u00f3w bocznych i menu witryny. <\/p><\/div>\r\n\t\t\t\t\t<\/div>\r\n\t\t\t\t<\/div><div class=\"faq-item\">\r\n\t\t\t\t\t<div class=\"faq-item-question\">\r\n\t\t\t\t\t\t<h3 class=\"faq-item-question-text\">Jak zbudowa\u0107 Wydarzenia Klubowe lub Kalendarz Slider za po\u015brednictwem redaktora? <\/h3>\r\n\r\n\t\t\t\t\t\t<div class=\"faq-item-question-icon\"><\/div>\r\n\t\t\t\t\t<\/div>\r\n\r\n\t\t\t\t\t<div class=\"faq-item-answer\">\r\n\t\t\t\t\t\t<div class=\"faq-item-answer-text\"><p>Mo\u017cesz tworzy\u0107 zmiany w dowolnym wid\u017cecie. W edytorze dost\u0119pnych jest wiele uk\u0142ad\u00f3w, a ka\u017cdy z nich mo\u017cna \u0142atwo spersonalizowa\u0107 wed\u0142ug w\u0142asnych potrzeb. <\/p><\/div>\r\n\t\t\t\t\t<\/div>\r\n\t\t\t\t<\/div><\/div>","protected":false},"excerpt":{"rendered":"","protected":false},"author":9,"featured_media":0,"parent":2321,"menu_order":0,"comment_status":"closed","ping_status":"closed","template":"templates\/template-application-platform.php","meta":{"publish_to_discourse":"","publish_post_category":"","wpdc_auto_publish_overridden":"","wpdc_topic_tags":"","wpdc_pin_topic":"","wpdc_pin_until":"","discourse_post_id":"","discourse_permalink":"","wpdc_publishing_response":"","wpdc_publishing_error":"","footnotes":""},"class_list":["post-4965","page","type-page","status-publish","hentry"],"yoast_head":"<!-- This site is optimized with the Yoast SEO plugin v25.3.1 - https:\/\/yoast.com\/wordpress\/plugins\/seo\/ -->\n<title>Kalendarz wydarze\u0144 \u2014 Dodaj wid\u017cet Kalendarza do witryny jQuery [2025]<\/title>\n<meta name=\"description\" content=\"Dzi\u0119ki Elfsight zaprojektuj wtyczk\u0119 Kalendarza wydarze\u0144 i szybko dodaj j\u0105 do swojej witryny jQuery. Oferujemy bezp\u0142atn\u0105 obs\u0142ug\u0119 klienta i inne bonusy.\" \/>\n<meta name=\"robots\" content=\"index, follow, max-snippet:-1, max-image-preview:large, max-video-preview:-1\" \/>\n<link rel=\"canonical\" href=\"https:\/\/elfsight.com\/pl\/event-calendar-widget\/jquery\/\" \/>\n<meta property=\"og:locale\" content=\"pl_PL\" \/>\n<meta property=\"og:type\" content=\"article\" \/>\n<meta property=\"og:title\" content=\"Kalendarz wydarze\u0144 \u2014 Dodaj wid\u017cet Kalendarza do witryny jQuery [2025]\" \/>\n<meta property=\"og:description\" content=\"Dzi\u0119ki Elfsight zaprojektuj wtyczk\u0119 Kalendarza wydarze\u0144 i szybko dodaj j\u0105 do swojej witryny jQuery. Oferujemy bezp\u0142atn\u0105 obs\u0142ug\u0119 klienta i inne bonusy.\" \/>\n<meta property=\"og:url\" content=\"https:\/\/elfsight.com\/pl\/event-calendar-widget\/jquery\/\" \/>\n<meta property=\"og:site_name\" content=\"Elfsight PL\" \/>\n<meta property=\"article:modified_time\" content=\"2024-11-14T09:26:14+00:00\" \/>\n<meta name=\"twitter:card\" content=\"summary_large_image\" \/>\n<meta name=\"twitter:label1\" content=\"Szacowany czas czytania\" \/>\n\t<meta name=\"twitter:data1\" content=\"4 minuty\" \/>\n<!-- \/ Yoast SEO plugin. -->","yoast_head_json":{"title":"Kalendarz wydarze\u0144 \u2014 Dodaj wid\u017cet Kalendarza do witryny jQuery [2025]","description":"Dzi\u0119ki Elfsight zaprojektuj wtyczk\u0119 Kalendarza wydarze\u0144 i szybko dodaj j\u0105 do swojej witryny jQuery. Oferujemy bezp\u0142atn\u0105 obs\u0142ug\u0119 klienta i inne bonusy.","robots":{"index":"index","follow":"follow","max-snippet":"max-snippet:-1","max-image-preview":"max-image-preview:large","max-video-preview":"max-video-preview:-1"},"canonical":"https:\/\/elfsight.com\/pl\/event-calendar-widget\/jquery\/","og_locale":"pl_PL","og_type":"article","og_title":"Kalendarz wydarze\u0144 \u2014 Dodaj wid\u017cet Kalendarza do witryny jQuery [2025]","og_description":"Dzi\u0119ki Elfsight zaprojektuj wtyczk\u0119 Kalendarza wydarze\u0144 i szybko dodaj j\u0105 do swojej witryny jQuery. Oferujemy bezp\u0142atn\u0105 obs\u0142ug\u0119 klienta i inne bonusy.","og_url":"https:\/\/elfsight.com\/pl\/event-calendar-widget\/jquery\/","og_site_name":"Elfsight PL","article_modified_time":"2024-11-14T09:26:14+00:00","twitter_card":"summary_large_image","twitter_misc":{"Szacowany czas czytania":"4 minuty"},"schema":{"@context":"https:\/\/schema.org","@graph":[{"@type":"WebPage","@id":"https:\/\/elfsight.com\/pl\/event-calendar-widget\/jquery\/","url":"https:\/\/elfsight.com\/pl\/event-calendar-widget\/jquery\/","name":"Kalendarz wydarze\u0144 \u2014 Dodaj wid\u017cet Kalendarza do witryny jQuery [2025]","isPartOf":{"@id":"https:\/\/elfsight.com\/pl\/#website"},"datePublished":"2024-05-03T06:35:08+00:00","dateModified":"2024-11-14T09:26:14+00:00","description":"Dzi\u0119ki Elfsight zaprojektuj wtyczk\u0119 Kalendarza wydarze\u0144 i szybko dodaj j\u0105 do swojej witryny jQuery. Oferujemy bezp\u0142atn\u0105 obs\u0142ug\u0119 klienta i inne bonusy.","breadcrumb":{"@id":"https:\/\/elfsight.com\/pl\/event-calendar-widget\/jquery\/#breadcrumb"},"inLanguage":"pl-PL","potentialAction":[{"@type":"ReadAction","target":["https:\/\/elfsight.com\/pl\/event-calendar-widget\/jquery\/"]}]},{"@type":"BreadcrumbList","@id":"https:\/\/elfsight.com\/pl\/event-calendar-widget\/jquery\/#breadcrumb","itemListElement":[{"@type":"ListItem","position":1,"name":"Home","item":"https:\/\/elfsight.com\/pl\/"},{"@type":"ListItem","position":2,"name":"Event Calendar","item":"https:\/\/elfsight.com\/pl\/event-calendar-widget\/"},{"@type":"ListItem","position":3,"name":"Event Calendar &#8211; jQuery"}]},{"@type":"WebSite","@id":"https:\/\/elfsight.com\/pl\/#website","url":"https:\/\/elfsight.com\/pl\/","name":"Elfsight PL","description":"Just another Elfsight Sites site","potentialAction":[{"@type":"SearchAction","target":{"@type":"EntryPoint","urlTemplate":"https:\/\/elfsight.com\/pl\/?s={search_term_string}"},"query-input":{"@type":"PropertyValueSpecification","valueRequired":true,"valueName":"search_term_string"}}],"inLanguage":"pl-PL"}]}},"meta_box":{"industry":"","seo_heading":"","heading":"","description":"","cta_heading":"","cta_description":"","application":"2320","h1":"Wtyczka Kalendarza wydarze\u0144 jQuery","h1_caption":"Zarz\u0105dzaj wydarzeniami w swojej witrynie i udost\u0119pniaj je bez wysi\u0142ku za pomoc\u0105 interaktywnego i przyjaznego dla u\u017cytkownika kalendarza wydarze\u0144 w witrynie jQuery.","application_category":[],"applications_title":"","applications_request_title":"","applications_request_button_text":"","hero_text":"","hero_video":"","hero_video_schema_markup":"","selling_points_title":"","selling_points_caption":"","selling_points":[],"selling_points_cta_text":"","features_title":"","features":"","ed_cta_examples_text":"","ed_cta_examples_hidden":"","ed_cta_demo_text":"","ed_cta_demo_hidden":"","why_caption":"","why_editor_title":"","why_editor_text":"","why_team_title":"","why_team_text":"","why_service_title":"","why_service_text":"","template_catalog_visible":"","template_catalog_title":"","template_catalog_text":"","template_catalog_categories_visible":"","demo_title":"Utw\u00f3rz wtyczk\u0119 Kalendarza wydarze\u0144","demo_caption":"Skonfiguruj sw\u00f3j Kalendarz wydarze\u0144 i dodaj go do swojej witryny jQuery za darmo!","default_faq_hidden":"","app_template_category":[],"platform":"56","template_public_id":"","codecanyon_url":"","codecanyon_item_id":"","codecanyon_price":"","pricing_caption":"","pricing_elfsight_apps_hide_column":"","pricing_elfsight_apps_url":"","pricing_codecanyon_price_caption":"","integration_category":[],"integration_request_title":"","integration_request_cta":"","integration_platform":"","integrations":[],"platform_category":[],"video_schema_markup":"","price":"od 0 USD \/ miesi\u0105c","trial":"","benefits":[{"text":"Bezp\u0142atna pomoc w monta\u017cu"},{"text":"Do\u015bwiadczona obs\u0142uga klienta"},{"text":"14-dniowa gwarancja zwrotu pieni\u0119dzy"}],"button_url":"#demo","button_target_blank":"","button_nofollow":"","attributes":[{"name":"Instaluje"},{"name":"Czu\u0142y"},{"name":"Kompatybilne przegl\u0105darki"}],"tags":[],"tags_disable_links":"","hide_more_platforms":"","video_object":"","demo_hide_cta":"","demo_hide_cloud_options":"","pricing_title":"","pricing":[{"pricing_icon":"platform","pricing_title":"Elfsight Apps","pricing_title_caption":"Rozwi\u0105zanie wieloplatformowe, kt\u00f3re pasuje do ka\u017cdej witryny","pricing_price":"od 0 USD \/ miesi\u0105c","pricing_price_caption":"zacznij od bezp\u0142atnego planu","pricing_benefits":[{"text":"Nielimitowane strony internetowe"},{"text":"Dedykowane i terminowe wsparcie"},{"text":"Bezp\u0142atna pomoc w monta\u017cu"},{"text":"100% konfigurowalny"}],"pricing_button_text":"Dodaj do witryny","pricing_button_url":"#demo"}],"related_apps_title":"","related_apps_hidden":"","author":"","image":[],"title":"","job":"","social_networks":[]},"_links":{"self":[{"href":"https:\/\/elfsight.com\/pl\/wp-json\/wp\/v2\/pages\/4965","targetHints":{"allow":["GET"]}}],"collection":[{"href":"https:\/\/elfsight.com\/pl\/wp-json\/wp\/v2\/pages"}],"about":[{"href":"https:\/\/elfsight.com\/pl\/wp-json\/wp\/v2\/types\/page"}],"author":[{"embeddable":true,"href":"https:\/\/elfsight.com\/pl\/wp-json\/wp\/v2\/users\/9"}],"replies":[{"embeddable":true,"href":"https:\/\/elfsight.com\/pl\/wp-json\/wp\/v2\/comments?post=4965"}],"version-history":[{"count":1,"href":"https:\/\/elfsight.com\/pl\/wp-json\/wp\/v2\/pages\/4965\/revisions"}],"predecessor-version":[{"id":4969,"href":"https:\/\/elfsight.com\/pl\/wp-json\/wp\/v2\/pages\/4965\/revisions\/4969"}],"up":[{"embeddable":true,"href":"https:\/\/elfsight.com\/pl\/wp-json\/wp\/v2\/pages\/2321"}],"wp:attachment":[{"href":"https:\/\/elfsight.com\/pl\/wp-json\/wp\/v2\/media?parent=4965"}],"curies":[{"name":"wp","href":"https:\/\/api.w.org\/{rel}","templated":true}]}}