{"id":4959,"date":"2024-05-03T06:35:06","date_gmt":"2024-05-03T06:35:06","guid":{"rendered":"https:\/\/elfsight.com\/pl\/?page_id=4959"},"modified":"2024-11-14T09:26:06","modified_gmt":"2024-11-14T09:26:06","slug":"magento","status":"publish","type":"page","link":"https:\/\/elfsight.com\/pl\/event-calendar-widget\/magento\/","title":{"rendered":"Event Calendar &#8211; Magento"},"content":{"rendered":"<div class=\"application-platform-content-item-description application-platform-content-item\" id=\"description\" data-nav-section=\"description\"> <h2>Osad\u017a kalendarz wydarze\u0144 za pomoc\u0105 wid\u017cetu Elfsight<\/h2> <p>Kalendarz Elfsight to pot\u0119\u017cne rozszerzenie umo\u017cliwiaj\u0105ce szybkie udost\u0119pnianie swoich dzia\u0142a\u0144 odbiorcom . Zawiera wiele opcji wy\u015bwietlania nadchodz\u0105cych dzia\u0142a\u0144 w najbardziej reprezentacyjny spos\u00f3b. Spersonalizuj go, aby dopasowa\u0107 projekt do stylu swojej witryny. Tw\u00f3rz wiele wydarze\u0144, dodawaj r\u00f3\u017cne tagi, przesy\u0142aj niestandardowe zdj\u0119cia i filmy i informuj odbiorc\u00f3w na bie\u017c\u0105co o swoich planach. <\/p> <p><b>Nasze rozszerzenie Kalendarza wydarze\u0144 mo\u017ce pom\u00f3c w wygodnym prezentowaniu przysz\u0142ych dzia\u0142a\u0144 i zwi\u0119kszaniu wsp\u00f3\u0142czynnika zaanga\u017cowania w Twojej witrynie. <\/b><\/p> <\/div> <div class=\"application-platform-content-item-features application-platform-content-item\" id=\"features\" data-nav-section=\"features\"> <h2>G\u0142\u00f3wne cechy Widgetu Kalendarza Wydarze\u0144<\/h2> <p>Tutaj mo\u017cesz zobaczy\u0107 wszystkie funkcje Kalendarza Wydarze\u0144 Magento. Mo\u017cesz nimi zarz\u0105dza\u0107 bezpo\u015brednio w edytorze, co pomo\u017ce Ci stworzy\u0107 wid\u017cet pasuj\u0105cy do Twojego przypadku u\u017cycia. <\/p> <ul> <li>Wykorzystaj mo\u017cliwo\u015bci dostosowywania tre\u015bci, aby uwzgl\u0119dni\u0107 wid\u017cet pod k\u0105tem swojego rodzaju aktywno\u015bci. <\/li> <li>Pozw\u00f3l u\u017cytkownikom dodawa\u0107 wydarzenia do swoich ulubionych aplikacji. <\/li> <li>Tw\u00f3rz r\u00f3\u017cne typy wydarze\u0144, zaznaczaj lokalizacje i dodawaj gospodarzy. <\/li> <li>Skategoryzuj wszystkie swoje wydarzenia i nadaj im tagi. <\/li> <li>Rozr\u00f3\u017cnij cztery warianty uk\u0142adu. <\/li> <\/ul> <p><a href=\"#demo\">Wypr\u00f3buj wszystkie inne funkcje w wersji demonstracyjnej<\/a><\/p> <\/div> <div class=\"application-platform-content-item-installation application-platform-content-item\" id=\"installation\" data-nav-section=\"installation\"> <h2> Jak doda\u0107 Kalendarz wydarze\u0144 do strony Magento? <\/h2> <p>Aby aktywowa\u0107 wtyczk\u0119, post\u0119puj zgodnie z poni\u017csz\u0105 instrukcj\u0105.<\/p> <ol><li><b>Skorzystaj z naszego bezp\u0142atnego konfiguratora i zacznij tworzy\u0107 swoje spersonalizowane rozszerzenie. <\/b><br> Okre\u015bl niestandardow\u0105 form\u0119 i opcje rozszerzenia oraz zapisz wszystkie poprawki. <\/li> <li><b>Pobierz indywidualny kod pokazany w oknie aplikacji Elfsight. <\/b><br> Po zako\u0144czeniu dostosowywania osobistego numeru wewn\u0119trznego skopiuj indywidualny kod z wy\u015bwietlonego pola i zachowaj go do wykorzystania w przysz\u0142o\u015bci. <\/li> <li><b>Zainicjuj u\u017cycie rozszerzenia na stronie Magento. <\/b><br> Wstaw skopiowany ostatnio kod na swoj\u0105 stron\u0119 i zapisz poprawki. <\/li> <li><b>Konfiguracja zosta\u0142a w pe\u0142ni uko\u0144czona. <\/b><br> Przejd\u017a do swojej witryny i sprawd\u017a dzia\u0142anie rozszerzenia. <\/li><\/ol><p>Je\u015bli potrzebujesz pomocy lub masz problemy, mo\u017cesz zwr\u00f3ci\u0107 si\u0119 do naszego dzia\u0142u wsparcia. Nasi specjali\u015bci ch\u0119tnie pomog\u0105 w ka\u017cdej sprawie. <\/p> <\/div><div class=\"faq\" data-component=\"FAQ\"><div class=\"faq-item\">\r\n\t\t\t\t\t<div class=\"faq-item-question\">\r\n\t\t\t\t\t\t<h3 class=\"faq-item-question-text\">Czy istnieje spos\u00f3b na dodanie Kalendarza wydarze\u0144 do mojej strony internetowej Magento bez znajomo\u015bci kodowania?<\/h3>\r\n\r\n\t\t\t\t\t\t<div class=\"faq-item-question-icon\"><\/div>\r\n\t\t\t\t\t<\/div>\r\n\r\n\t\t\t\t\t<div class=\"faq-item-answer\">\r\n\t\t\t\t\t\t<div class=\"faq-item-answer-text\"><p>Firma Elfsight oferuje rozwi\u0105zanie w chmurze, kt\u00f3re umo\u017cliwia u\u017cytkownikom samodzielne zbudowanie sekcji Kalendarza wydarze\u0144, obejrzyj proste kroki: <\/p><ul><li>Rozpocznij prac\u0119 bezpo\u015brednio w wersji demonstracyjnej online, aby zbudowa\u0107 sekcj\u0119 Kalendarza wydarze\u0144, kt\u00f3r\u0105 chcesz zintegrowa\u0107 ze swoim Magento .<\/li><li>Wybierz jeden z naszych gotowych szablon\u00f3w i dostosuj ustawienia Kalendarza wydarze\u0144, zmie\u0144 uk\u0142ad i kolory, dodaj tre\u015bci bez znajomo\u015bci kodowania.<\/li><li>Kliknij, aby zapisa\u0107 Kalendarz wydarze\u0144 i uzyska\u0107 kod instalacyjny, kt\u00f3ry mo\u017cesz \u0142atwo i bezp\u0142atnie osadzi\u0107 na swojej stronie internetowej Magento. <\/li><\/ul><p>Dzi\u0119ki naszemu intuicyjnemu Edytorowi ka\u017cdy u\u017cytkownik Internetu mo\u017ce utworzy\u0107 wtyczk\u0119 Kalendarza Wydarze\u0144 online i doda\u0107 j\u0105 do witryny Magento. Aby uzyska\u0107 dost\u0119p do us\u0142ugi Elfsight, nie wolno p\u0142aci\u0107 ani podawa\u0107 danych uwierzytelniaj\u0105cych karty. Je\u015bli napotkasz jakiekolwiek problemy, nie wahaj si\u0119 skontaktowa\u0107 z naszym technicznym dzia\u0142em obs\u0142ugi klienta.<\/p><\/div>\r\n\t\t\t\t\t<\/div>\r\n\t\t\t\t<\/div><\/div>","protected":false},"excerpt":{"rendered":"","protected":false},"author":9,"featured_media":0,"parent":2321,"menu_order":0,"comment_status":"closed","ping_status":"closed","template":"templates\/template-application-platform.php","meta":{"publish_to_discourse":"","publish_post_category":"","wpdc_auto_publish_overridden":"","wpdc_topic_tags":"","wpdc_pin_topic":"","wpdc_pin_until":"","discourse_post_id":"","discourse_permalink":"","wpdc_publishing_response":"","wpdc_publishing_error":"","footnotes":""},"class_list":["post-4959","page","type-page","status-publish","hentry"],"yoast_head":"<!-- This site is optimized with the Yoast SEO plugin v25.3.1 - https:\/\/yoast.com\/wordpress\/plugins\/seo\/ -->\n<title>Kalendarz wydarze\u0144 \u2014 Dodaj wid\u017cet Kalendarza do strony Magento [2025]<\/title>\n<meta name=\"description\" content=\"Dzi\u0119ki Elfsight zaprojektuj wtyczk\u0119 Kalendarza wydarze\u0144 i szybko dodaj j\u0105 do swojej witryny Magento. Oferujemy bezp\u0142atn\u0105 obs\u0142ug\u0119 klienta i inne bonusy.\" \/>\n<meta name=\"robots\" content=\"index, follow, max-snippet:-1, max-image-preview:large, max-video-preview:-1\" \/>\n<link rel=\"canonical\" href=\"https:\/\/elfsight.com\/pl\/event-calendar-widget\/magento\/\" \/>\n<meta property=\"og:locale\" content=\"pl_PL\" \/>\n<meta property=\"og:type\" content=\"article\" \/>\n<meta property=\"og:title\" content=\"Kalendarz wydarze\u0144 \u2014 Dodaj wid\u017cet Kalendarza do strony Magento [2025]\" \/>\n<meta property=\"og:description\" content=\"Dzi\u0119ki Elfsight zaprojektuj wtyczk\u0119 Kalendarza wydarze\u0144 i szybko dodaj j\u0105 do swojej witryny Magento. Oferujemy bezp\u0142atn\u0105 obs\u0142ug\u0119 klienta i inne bonusy.\" \/>\n<meta property=\"og:url\" content=\"https:\/\/elfsight.com\/pl\/event-calendar-widget\/magento\/\" \/>\n<meta property=\"og:site_name\" content=\"Elfsight PL\" \/>\n<meta property=\"article:modified_time\" content=\"2024-11-14T09:26:06+00:00\" \/>\n<meta name=\"twitter:card\" content=\"summary_large_image\" \/>\n<meta name=\"twitter:label1\" content=\"Szacowany czas czytania\" \/>\n\t<meta name=\"twitter:data1\" content=\"3 minuty\" \/>\n<!-- \/ Yoast SEO plugin. -->","yoast_head_json":{"title":"Kalendarz wydarze\u0144 \u2014 Dodaj wid\u017cet Kalendarza do strony Magento [2025]","description":"Dzi\u0119ki Elfsight zaprojektuj wtyczk\u0119 Kalendarza wydarze\u0144 i szybko dodaj j\u0105 do swojej witryny Magento. Oferujemy bezp\u0142atn\u0105 obs\u0142ug\u0119 klienta i inne bonusy.","robots":{"index":"index","follow":"follow","max-snippet":"max-snippet:-1","max-image-preview":"max-image-preview:large","max-video-preview":"max-video-preview:-1"},"canonical":"https:\/\/elfsight.com\/pl\/event-calendar-widget\/magento\/","og_locale":"pl_PL","og_type":"article","og_title":"Kalendarz wydarze\u0144 \u2014 Dodaj wid\u017cet Kalendarza do strony Magento [2025]","og_description":"Dzi\u0119ki Elfsight zaprojektuj wtyczk\u0119 Kalendarza wydarze\u0144 i szybko dodaj j\u0105 do swojej witryny Magento. Oferujemy bezp\u0142atn\u0105 obs\u0142ug\u0119 klienta i inne bonusy.","og_url":"https:\/\/elfsight.com\/pl\/event-calendar-widget\/magento\/","og_site_name":"Elfsight PL","article_modified_time":"2024-11-14T09:26:06+00:00","twitter_card":"summary_large_image","twitter_misc":{"Szacowany czas czytania":"3 minuty"},"schema":{"@context":"https:\/\/schema.org","@graph":[{"@type":"WebPage","@id":"https:\/\/elfsight.com\/pl\/event-calendar-widget\/magento\/","url":"https:\/\/elfsight.com\/pl\/event-calendar-widget\/magento\/","name":"Kalendarz wydarze\u0144 \u2014 Dodaj wid\u017cet Kalendarza do strony Magento [2025]","isPartOf":{"@id":"https:\/\/elfsight.com\/pl\/#website"},"datePublished":"2024-05-03T06:35:06+00:00","dateModified":"2024-11-14T09:26:06+00:00","description":"Dzi\u0119ki Elfsight zaprojektuj wtyczk\u0119 Kalendarza wydarze\u0144 i szybko dodaj j\u0105 do swojej witryny Magento. Oferujemy bezp\u0142atn\u0105 obs\u0142ug\u0119 klienta i inne bonusy.","breadcrumb":{"@id":"https:\/\/elfsight.com\/pl\/event-calendar-widget\/magento\/#breadcrumb"},"inLanguage":"pl-PL","potentialAction":[{"@type":"ReadAction","target":["https:\/\/elfsight.com\/pl\/event-calendar-widget\/magento\/"]}]},{"@type":"BreadcrumbList","@id":"https:\/\/elfsight.com\/pl\/event-calendar-widget\/magento\/#breadcrumb","itemListElement":[{"@type":"ListItem","position":1,"name":"Home","item":"https:\/\/elfsight.com\/pl\/"},{"@type":"ListItem","position":2,"name":"Event Calendar","item":"https:\/\/elfsight.com\/pl\/event-calendar-widget\/"},{"@type":"ListItem","position":3,"name":"Event Calendar &#8211; Magento"}]},{"@type":"WebSite","@id":"https:\/\/elfsight.com\/pl\/#website","url":"https:\/\/elfsight.com\/pl\/","name":"Elfsight PL","description":"Just another Elfsight Sites site","potentialAction":[{"@type":"SearchAction","target":{"@type":"EntryPoint","urlTemplate":"https:\/\/elfsight.com\/pl\/?s={search_term_string}"},"query-input":{"@type":"PropertyValueSpecification","valueRequired":true,"valueName":"search_term_string"}}],"inLanguage":"pl-PL"}]}},"meta_box":{"industry":"","seo_heading":"","heading":"","description":"","cta_heading":"","cta_description":"","application":"2320","h1":"Rozszerzenie Kalendarza Wydarze\u0144 Magento","h1_caption":"Zarz\u0105dzaj i udost\u0119pniaj wydarzenia na swojej stronie internetowej za pomoc\u0105 interaktywnego i przyjaznego dla u\u017cytkownika kalendarza wydarze\u0144 na swojej stronie Magento.","application_category":[],"applications_title":"","applications_request_title":"","applications_request_button_text":"","hero_text":"","hero_video":"","hero_video_schema_markup":"","selling_points_title":"","selling_points_caption":"","selling_points":[],"selling_points_cta_text":"","features_title":"","features":"","ed_cta_examples_text":"","ed_cta_examples_hidden":"","ed_cta_demo_text":"","ed_cta_demo_hidden":"","why_caption":"","why_editor_title":"","why_editor_text":"","why_team_title":"","why_team_text":"","why_service_title":"","why_service_text":"","template_catalog_visible":"","template_catalog_title":"","template_catalog_text":"","template_catalog_categories_visible":"","demo_title":"Utw\u00f3rz rozszerzenie Kalendarza wydarze\u0144","demo_caption":"Skonfiguruj sw\u00f3j Kalendarz wydarze\u0144 i dodaj go za darmo do swojej witryny Magento!","default_faq_hidden":"","app_template_category":[],"platform":"92","template_public_id":"","codecanyon_url":"","codecanyon_item_id":"","codecanyon_price":"","pricing_caption":"","pricing_elfsight_apps_hide_column":"","pricing_elfsight_apps_url":"","pricing_codecanyon_price_caption":"","integration_category":[],"integration_request_title":"","integration_request_cta":"","integration_platform":"","integrations":[],"platform_category":[],"video_schema_markup":"","price":"od 0 USD \/ miesi\u0105c","trial":"","benefits":[{"text":"Bezp\u0142atna pomoc w instalacji"},{"text":"Do\u015bwiadczona obs\u0142uga klienta"},{"text":"14-dniowa gwarancja zwrotu pieni\u0119dzy"}],"button_url":"#demo","button_target_blank":"","button_nofollow":"","attributes":[{"name":"Instaluje"},{"name":"Czu\u0142y"},{"name":"Kompatybilne przegl\u0105darki"}],"tags":[],"tags_disable_links":"","hide_more_platforms":"","video_object":"","demo_hide_cta":"","demo_hide_cloud_options":"","pricing_title":"","pricing":[{"pricing_icon":"platform","pricing_title":"Elfsight Apps","pricing_title_caption":"Wieloplatformowe rozwi\u0105zanie cyfrowe, kt\u00f3re pasuje do ka\u017cdej witryny internetowej","pricing_price":"od 0 USD \/ miesi\u0105c","pricing_price_caption":"zacznij od bezp\u0142atnego planu","pricing_benefits":[{"text":"Nielimitowane domeny"},{"text":"Ca\u0142odobowe i terminowe wsparcie oraz dobrze udokumentowane"},{"text":"Bezp\u0142atna pomoc w monta\u017cu"},{"text":"Elastyczny projekt"}],"pricing_button_text":"Dodaj do witryny","pricing_button_url":"#demo"}],"related_apps_title":"","related_apps_hidden":"","author":"","image":[],"title":"","job":"","social_networks":[]},"_links":{"self":[{"href":"https:\/\/elfsight.com\/pl\/wp-json\/wp\/v2\/pages\/4959","targetHints":{"allow":["GET"]}}],"collection":[{"href":"https:\/\/elfsight.com\/pl\/wp-json\/wp\/v2\/pages"}],"about":[{"href":"https:\/\/elfsight.com\/pl\/wp-json\/wp\/v2\/types\/page"}],"author":[{"embeddable":true,"href":"https:\/\/elfsight.com\/pl\/wp-json\/wp\/v2\/users\/9"}],"replies":[{"embeddable":true,"href":"https:\/\/elfsight.com\/pl\/wp-json\/wp\/v2\/comments?post=4959"}],"version-history":[{"count":1,"href":"https:\/\/elfsight.com\/pl\/wp-json\/wp\/v2\/pages\/4959\/revisions"}],"predecessor-version":[{"id":4963,"href":"https:\/\/elfsight.com\/pl\/wp-json\/wp\/v2\/pages\/4959\/revisions\/4963"}],"up":[{"embeddable":true,"href":"https:\/\/elfsight.com\/pl\/wp-json\/wp\/v2\/pages\/2321"}],"wp:attachment":[{"href":"https:\/\/elfsight.com\/pl\/wp-json\/wp\/v2\/media?parent=4959"}],"curies":[{"name":"wp","href":"https:\/\/api.w.org\/{rel}","templated":true}]}}