{"id":4958,"date":"2024-05-03T06:35:05","date_gmt":"2024-05-03T06:35:05","guid":{"rendered":"https:\/\/elfsight.com\/pl\/?page_id=4958"},"modified":"2024-11-14T09:26:06","modified_gmt":"2024-11-14T09:26:06","slug":"html","status":"publish","type":"page","link":"https:\/\/elfsight.com\/pl\/event-calendar-widget\/html\/","title":{"rendered":"Event Calendar &#8211; HTML"},"content":{"rendered":"<div class=\"application-platform-content-item-description application-platform-content-item\" id=\"description\" data-nav-section=\"description\"> <h2>Osad\u017a kalendarz wydarze\u0144 za pomoc\u0105 wid\u017cetu Elfsight<\/h2> <p>Kod kalendarza Elfsight to prosty i wydajny widget umo\u017cliwiaj\u0105cy p\u0142ynne udost\u0119pnianie wydarze\u0144 ze swoj\u0105 publiczno\u015bci\u0105. Zawiera wiele opcji prezentowania nadchodz\u0105cych wydarze\u0144 w najbardziej reprezentacyjny spos\u00f3b. Dostosuj go, aby po\u0142\u0105czy\u0107 projekt z estetyk\u0105 Twojej witryny. Tw\u00f3rz nieograniczon\u0105 liczb\u0119 wydarze\u0144, dodawaj r\u00f3\u017cne tagi, przesy\u0142aj w\u0142asne zdj\u0119cia i filmy oraz informuj odwiedzaj\u0105cych o swoim harmonogramie.<\/p> <p><b>Widget Kalendarz wydarze\u0144 mo\u017ce pom\u00f3c Ci szybko promowa\u0107 przysz\u0142e dzia\u0142ania i powi\u0119ksza\u0107 poziom zaanga\u017cowania w Twojej witrynie.<\/b><\/p> <\/div><div class=\"application-platform-content-item-features application-platform-content-item\" id=\"features\" data-nav-section=\"features\"> <h2>G\u0142\u00f3wne funkcje wid\u017cetu Kalendarza wydarze\u0144<\/h2> <p>Nasz wid\u017cet kalendarza HTML zosta\u0142 zaprojektowany tak, aby mie\u0107 mn\u00f3stwo przydatnych funkcji. Sprawd\u017a wszystkie cechy funkcjonalne Kalendarza wydarze\u0144 HTML. S\u0105 one dost\u0119pne bezpo\u015brednio w edytorze i pomog\u0105 Ci skonstruowa\u0107 widget dok\u0142adnie dla Twojego przypadku. <\/p> <ul> <li>Wykorzystaj mo\u017cliwo\u015bci dostosowywania tre\u015bci, aby uwzgl\u0119dni\u0107 wid\u017cet Kalendarza dla swojego rodzaju wydarze\u0144. <\/li> <li>Daj u\u017cytkownikom mo\u017cliwo\u015b\u0107 dodawania wydarze\u0144 do swoich ulubionych aplikacji. <\/li> <li>Generuj r\u00f3\u017cnego rodzaju wydarzenia, zaznaczaj lokalizacje i dodawaj gospodarzy. <\/li> <li>Skategoryzuj wszystkie swoje wydarzenia i przypisz im tagi. <\/li> <li>Wybierz jedn\u0105 z czterech opcji uk\u0142adu. <\/li> <\/ul> <p><a href=\"#demo\">Mo\u017cesz wypr\u00f3bowa\u0107 wszystkie funkcje wid\u017cetu bezpo\u015brednio w wersji demonstracyjnej<\/a><\/p> <\/div><div class=\"application-platform-content-item-installation application-platform-content-item\" id=\"installation\" data-nav-section=\"installation\"> <h2>Jak mog\u0119 osadzi\u0107 kod Kalendarza wydarze\u0144 w mojej witrynie HTML? <\/h2><div class=\"video-container\"><iframe width=\"720\" height=\"405\" src=\"https:\/\/www.youtube.com\/embed\/y032IzGTFmc\" frameborder=\"0\" allowfullscreen=\"\"><\/iframe><\/div> <p>Aby aktywowa\u0107 widget, post\u0119puj zgodnie z poni\u017cszymi wskaz\u00f3wkami. <\/p> <ul> <li><b>Utw\u00f3rz prosty wid\u017cet Kalendarza<\/b><br> W naszej bezp\u0142atnej wersji demonstracyjnej pobierz wtyczk\u0119 z preferowanym uk\u0142adem i cechami funkcjonalnymi. <\/li> <li><b>Otrzymaj prosty i indywidualny kod do opublikowania wid\u017cetu<\/b><br> Po wygenerowaniu wtyczki otrzymasz instalacyjny kod HTML z powiadomienia, kt\u00f3re pojawi\u0142o si\u0119 w aplikacji Elfsight. Skopiuj to. <\/li> <li><b>Osad\u017a kod widgetu na swojej stronie<\/b><br> Znajd\u017a obszar, w kt\u00f3rym chcesz udost\u0119pni\u0107 wtyczk\u0119 i dodaj tam skopiowany kod. Zapisz zmiany. <\/li> <li><b>Gotowe! <\/b><br> Wejd\u017a na swoj\u0105 stron\u0119 i zobacz swoj\u0105 prac\u0119. <\/li> <\/ul> <p>Nie zastanawiaj si\u0119 dwa razy, aby skontaktowa\u0107 si\u0119 z obs\u0142ug\u0105 klienta Elfsight, je\u015bli potrzebujesz pomocy lub masz pytania. Przy ka\u017cdej pro\u015bbie wyci\u0105gniemy pomocn\u0105 d\u0142o\u0144. <\/p> <\/div><div class=\"faq\" data-component=\"FAQ\"><div class=\"faq-item\">\r\n\t\t\t\t\t<div class=\"faq-item-question\">\r\n\t\t\t\t\t\t<h3 class=\"faq-item-question-text\">Jakie s\u0105 korzy\u015bci z dodania kalendarza do mojej witryny internetowej?<\/h3>\r\n\r\n\t\t\t\t\t\t<div class=\"faq-item-question-icon\"><\/div>\r\n\t\t\t\t\t<\/div>\r\n\r\n\t\t\t\t\t<div class=\"faq-item-answer\">\r\n\t\t\t\t\t\t<div class=\"faq-item-answer-text\"><p>Interaktywny widget kalendarza wydarze\u0144 HTML zwi\u0119ksza \u015bwiadomo\u015b\u0107 nad dzia\u0142alno\u015bci\u0105 Twojej organizacji. Zwi\u0119ksza tak\u017ce popularno\u015b\u0107 Twojej marki w miar\u0119 tworzenia wi\u0119kszej liczby wydarze\u0144. Mo\u017cesz doda\u0107 sw\u00f3j kalendarz wydarze\u0144 do kodu wszystkich stron swojej witryny HTML lub tylko do wybranych. Wtyczka wydarzenia na Twojej stronie umo\u017cliwia tak\u017ce dodanie wi\u0119kszej ilo\u015bci tre\u015bci do Twojej witryny, co jest zawsze dobrym znakiem dla wyszukiwarek. Zawsze oceniaj\u0105 one Twoj\u0105 witryn\u0119 i wykrywaj\u0105c now\u0105 tre\u015b\u0107, oceniaj\u0105 j\u0105 jako bardziej odpowiedni\u0105 i mog\u0105 zwi\u0119kszy\u0107 szanse na wy\u015bwietlenie Twojej witryny, gdy u\u017cytkownicy przeprowadzaj\u0105 wyszukiwanie online.<\/p> <p>Opr\u00f3cz wydarze\u0144, osadzenie kalendarza mo\u017ce doda\u0107 warto\u015b\u0107 do Twojej witryny w oczach Twoich klient\u00f3w. Mo\u017cesz wykorzysta\u0107 kalendarz wydarze\u0144, aby zwi\u0119kszy\u0107 interakcj\u0119 mi\u0119dzy klientami. Podobnie jak post na blogu, kalendarz wydarze\u0144 ma pom\u00f3c Ci w interakcji z odbiorcami, pomagaj\u0105c im zapisa\u0107 si\u0119 na okre\u015blone wydarzenia, a co wi\u0119cej \u2013 oferowa\u0107 inne wydarzenia, w kt\u00f3rych chc\u0105 wzi\u0105\u0107 udzia\u0142. Dodanie takiej opcji, aby wy\u015bwietla\u0107 wydarzenia w witrynie HTML jest \u0142atwe.<\/p><\/div>\r\n\t\t\t\t\t<\/div>\r\n\t\t\t\t<\/div><div class=\"faq-item\">\r\n\t\t\t\t\t<div class=\"faq-item-question\">\r\n\t\t\t\t\t\t<h3 class=\"faq-item-question-text\">Najlepsze sposoby wykorzystania integracji kalendarza online<\/h3>\r\n\r\n\t\t\t\t\t\t<div class=\"faq-item-question-icon\"><\/div>\r\n\t\t\t\t\t<\/div>\r\n\r\n\t\t\t\t\t<div class=\"faq-item-answer\">\r\n\t\t\t\t\t\t<div class=\"faq-item-answer-text\"><p>Zapewniamy Ci mn\u00f3stwo mo\u017cliwo\u015bci mo\u017cliwo\u015bci personalizacji: pe\u0142nowymiarowe wid\u017cety do wdro\u017cenia w strefie tre\u015bci, p\u0142ywaj\u0105ce wtyczki do opcji przewijania, uk\u0142ady stopki, nag\u0142\u00f3wka i wszystkie warianty mo\u017cliwo\u015bci pionowych pask\u00f3w bocznych i menu. <\/p><\/div>\r\n\t\t\t\t\t<\/div>\r\n\t\t\t\t<\/div><div class=\"faq-item\">\r\n\t\t\t\t\t<div class=\"faq-item-question\">\r\n\t\t\t\t\t\t<h3 class=\"faq-item-question-text\">Jak utworzy\u0107 sk\u0142ad festiwalu lub kalendarz centrum kongresowego za pomoc\u0105 edytora? <\/h3>\r\n\r\n\t\t\t\t\t\t<div class=\"faq-item-question-icon\"><\/div>\r\n\t\t\t\t\t<\/div>\r\n\r\n\t\t\t\t\t<div class=\"faq-item-answer\">\r\n\t\t\t\t\t\t<div class=\"faq-item-answer-text\"><p>Mo\u017cesz wprowadza\u0107 modyfikacje dowolnego wid\u017cetu. W edytorze dost\u0119pnych jest wiele uk\u0142ad\u00f3w, a ka\u017cdy z nich mo\u017cna \u0142atwo dostosowa\u0107 tak, jak Ci brakuje. <\/p><\/div>\r\n\t\t\t\t\t<\/div>\r\n\t\t\t\t<\/div><\/div><p>Skontaktuj si\u0119 z naszym Centrum pomocy, je\u015bli masz problemy z wid\u017cetem kalendarza HTML<\/p>","protected":false},"excerpt":{"rendered":"Skontaktuj si\u0119 z naszym Centrum pomocy, je\u015bli masz problemy z wid\u017cetem kalendarza HTML","protected":false},"author":9,"featured_media":0,"parent":2321,"menu_order":0,"comment_status":"closed","ping_status":"closed","template":"templates\/template-application-platform.php","meta":{"publish_to_discourse":"","publish_post_category":"","wpdc_auto_publish_overridden":"","wpdc_topic_tags":"","wpdc_pin_topic":"","wpdc_pin_until":"","discourse_post_id":"","discourse_permalink":"","wpdc_publishing_response":"","wpdc_publishing_error":"","footnotes":""},"class_list":["post-4958","page","type-page","status-publish","hentry"],"yoast_head":"<!-- This site is optimized with the Yoast SEO plugin v25.3.1 - https:\/\/yoast.com\/wordpress\/plugins\/seo\/ -->\n<title>Widget Kalendarza Wydarze\u0144 HTML - Dodaj Kalendarz Wydarze\u0144 do Strony HTML [2025]<\/title>\n<meta name=\"description\" content=\"Dzi\u0119ki Elfsight zaprojektuj prosty wid\u017cet Kalendarza wydarze\u0144 i szybko umie\u015b\u0107 go w kodzie HTML swojej witryny. Oferujemy bezp\u0142atn\u0105 obs\u0142ug\u0119 klienta i inne bonusy.\" \/>\n<meta name=\"robots\" content=\"index, follow, max-snippet:-1, max-image-preview:large, max-video-preview:-1\" \/>\n<link rel=\"canonical\" href=\"https:\/\/elfsight.com\/pl\/event-calendar-widget\/html\/\" \/>\n<meta property=\"og:locale\" content=\"pl_PL\" \/>\n<meta property=\"og:type\" content=\"article\" \/>\n<meta property=\"og:title\" content=\"Widget Kalendarza Wydarze\u0144 HTML - Dodaj Kalendarz Wydarze\u0144 do Strony HTML [2025]\" \/>\n<meta property=\"og:description\" content=\"Dzi\u0119ki Elfsight zaprojektuj prosty wid\u017cet Kalendarza wydarze\u0144 i szybko umie\u015b\u0107 go w kodzie HTML swojej witryny. Oferujemy bezp\u0142atn\u0105 obs\u0142ug\u0119 klienta i inne bonusy.\" \/>\n<meta property=\"og:url\" content=\"https:\/\/elfsight.com\/pl\/event-calendar-widget\/html\/\" \/>\n<meta property=\"og:site_name\" content=\"Elfsight PL\" \/>\n<meta property=\"article:modified_time\" content=\"2024-11-14T09:26:06+00:00\" \/>\n<meta name=\"twitter:card\" content=\"summary_large_image\" \/>\n<meta name=\"twitter:label1\" content=\"Szacowany czas czytania\" \/>\n\t<meta name=\"twitter:data1\" content=\"4 minuty\" \/>\n<!-- \/ Yoast SEO plugin. -->","yoast_head_json":{"title":"Widget Kalendarza Wydarze\u0144 HTML - Dodaj Kalendarz Wydarze\u0144 do Strony HTML [2025]","description":"Dzi\u0119ki Elfsight zaprojektuj prosty wid\u017cet Kalendarza wydarze\u0144 i szybko umie\u015b\u0107 go w kodzie HTML swojej witryny. Oferujemy bezp\u0142atn\u0105 obs\u0142ug\u0119 klienta i inne bonusy.","robots":{"index":"index","follow":"follow","max-snippet":"max-snippet:-1","max-image-preview":"max-image-preview:large","max-video-preview":"max-video-preview:-1"},"canonical":"https:\/\/elfsight.com\/pl\/event-calendar-widget\/html\/","og_locale":"pl_PL","og_type":"article","og_title":"Widget Kalendarza Wydarze\u0144 HTML - Dodaj Kalendarz Wydarze\u0144 do Strony HTML [2025]","og_description":"Dzi\u0119ki Elfsight zaprojektuj prosty wid\u017cet Kalendarza wydarze\u0144 i szybko umie\u015b\u0107 go w kodzie HTML swojej witryny. Oferujemy bezp\u0142atn\u0105 obs\u0142ug\u0119 klienta i inne bonusy.","og_url":"https:\/\/elfsight.com\/pl\/event-calendar-widget\/html\/","og_site_name":"Elfsight PL","article_modified_time":"2024-11-14T09:26:06+00:00","twitter_card":"summary_large_image","twitter_misc":{"Szacowany czas czytania":"4 minuty"},"schema":{"@context":"https:\/\/schema.org","@graph":[{"@type":"WebPage","@id":"https:\/\/elfsight.com\/pl\/event-calendar-widget\/html\/","url":"https:\/\/elfsight.com\/pl\/event-calendar-widget\/html\/","name":"Widget Kalendarza Wydarze\u0144 HTML - Dodaj Kalendarz Wydarze\u0144 do Strony HTML [2025]","isPartOf":{"@id":"https:\/\/elfsight.com\/pl\/#website"},"datePublished":"2024-05-03T06:35:05+00:00","dateModified":"2024-11-14T09:26:06+00:00","description":"Dzi\u0119ki Elfsight zaprojektuj prosty wid\u017cet Kalendarza wydarze\u0144 i szybko umie\u015b\u0107 go w kodzie HTML swojej witryny. Oferujemy bezp\u0142atn\u0105 obs\u0142ug\u0119 klienta i inne bonusy.","breadcrumb":{"@id":"https:\/\/elfsight.com\/pl\/event-calendar-widget\/html\/#breadcrumb"},"inLanguage":"pl-PL","potentialAction":[{"@type":"ReadAction","target":["https:\/\/elfsight.com\/pl\/event-calendar-widget\/html\/"]}]},{"@type":"BreadcrumbList","@id":"https:\/\/elfsight.com\/pl\/event-calendar-widget\/html\/#breadcrumb","itemListElement":[{"@type":"ListItem","position":1,"name":"Home","item":"https:\/\/elfsight.com\/pl\/"},{"@type":"ListItem","position":2,"name":"Event Calendar","item":"https:\/\/elfsight.com\/pl\/event-calendar-widget\/"},{"@type":"ListItem","position":3,"name":"Event Calendar &#8211; HTML"}]},{"@type":"WebSite","@id":"https:\/\/elfsight.com\/pl\/#website","url":"https:\/\/elfsight.com\/pl\/","name":"Elfsight PL","description":"Just another Elfsight Sites site","potentialAction":[{"@type":"SearchAction","target":{"@type":"EntryPoint","urlTemplate":"https:\/\/elfsight.com\/pl\/?s={search_term_string}"},"query-input":{"@type":"PropertyValueSpecification","valueRequired":true,"valueName":"search_term_string"}}],"inLanguage":"pl-PL"}]}},"meta_box":{"industry":"","seo_heading":"","heading":"","description":"","cta_heading":"","cta_description":"","application":"2320","h1":"Widget Kalendarza wydarze\u0144 HTML","h1_caption":"Zarz\u0105dzaj wydarzeniami w swojej witrynie i udost\u0119pniaj je bez wysi\u0142ku za pomoc\u0105 interaktywnego i przyjaznego dla u\u017cytkownika kalendarza wydarze\u0144 w witrynie HTML.","application_category":[],"applications_title":"","applications_request_title":"","applications_request_button_text":"","hero_text":"","hero_video":"","hero_video_schema_markup":"","selling_points_title":"","selling_points_caption":"","selling_points":[],"selling_points_cta_text":"","features_title":"","features":"","ed_cta_examples_text":"","ed_cta_examples_hidden":"","ed_cta_demo_text":"","ed_cta_demo_hidden":"","why_caption":"","why_editor_title":"","why_editor_text":"","why_team_title":"","why_team_text":"","why_service_title":"","why_service_text":"","template_catalog_visible":"0","template_catalog_title":"","template_catalog_text":"","template_catalog_categories_visible":"","demo_title":"Utw\u00f3rz wid\u017cet Kalendarza wydarze\u0144","demo_caption":"Skonfiguruj sw\u00f3j Kalendarz wydarze\u0144 i dodaj go do swojej witryny HTML za darmo!","default_faq_hidden":"","app_template_category":[],"platform":"50","template_public_id":"","codecanyon_url":"","codecanyon_item_id":"","codecanyon_price":"","pricing_caption":"","pricing_elfsight_apps_hide_column":"","pricing_elfsight_apps_url":"","pricing_codecanyon_price_caption":"","integration_category":[],"integration_request_title":"","integration_request_cta":"","integration_platform":"","integrations":[],"platform_category":[],"video_schema_markup":"","price":"od 0 USD \/ miesi\u0105c","trial":"","benefits":[{"text":"Bezp\u0142atna us\u0142uga monta\u017cu"},{"text":"Kompetentna obs\u0142uga klienta"},{"text":"14-dniowa gwarancja zwrotu pieni\u0119dzy"}],"button_url":"#demo","button_target_blank":"0","button_nofollow":"0","attributes":[{"name":"Instaluje","content":"100,000 - 500,000"},{"name":"Czu\u0142y","content":"Tak"},{"name":"Kompatybilne przegl\u0105darki","content":"IE11, Firefox, Safari, Opera, Chrome, Edge"}],"tags":[],"tags_disable_links":"0","hide_more_platforms":"","video_object":"","demo_hide_cta":"0","demo_hide_cloud_options":"0","pricing_title":"","pricing":[{"pricing_icon":"platform","pricing_title":"Elfsight Apps","pricing_title_caption":"Rozwi\u0105zanie wieloplatformowe, kt\u00f3re dzia\u0142a na dowolnej witrynie","pricing_price":"od 0 USD \/ miesi\u0105c","pricing_price_caption":"zacznij od bezp\u0142atnego planu","pricing_benefits":[{"text":"Nielimitowane strony internetowe"},{"text":"Szybka obs\u0142uga klienta"},{"text":"Bezp\u0142atna us\u0142uga monta\u017cu"},{"text":"Cena do z\u0142apania dla wielu aplikacji"}],"pricing_button_text":"Dodaj do witryny","pricing_button_url":"#demo"}],"related_apps_title":"","related_apps_hidden":"0","author":"","image":[],"title":"","job":"","social_networks":[]},"_links":{"self":[{"href":"https:\/\/elfsight.com\/pl\/wp-json\/wp\/v2\/pages\/4958","targetHints":{"allow":["GET"]}}],"collection":[{"href":"https:\/\/elfsight.com\/pl\/wp-json\/wp\/v2\/pages"}],"about":[{"href":"https:\/\/elfsight.com\/pl\/wp-json\/wp\/v2\/types\/page"}],"author":[{"embeddable":true,"href":"https:\/\/elfsight.com\/pl\/wp-json\/wp\/v2\/users\/9"}],"replies":[{"embeddable":true,"href":"https:\/\/elfsight.com\/pl\/wp-json\/wp\/v2\/comments?post=4958"}],"version-history":[{"count":2,"href":"https:\/\/elfsight.com\/pl\/wp-json\/wp\/v2\/pages\/4958\/revisions"}],"predecessor-version":[{"id":7754,"href":"https:\/\/elfsight.com\/pl\/wp-json\/wp\/v2\/pages\/4958\/revisions\/7754"}],"up":[{"embeddable":true,"href":"https:\/\/elfsight.com\/pl\/wp-json\/wp\/v2\/pages\/2321"}],"wp:attachment":[{"href":"https:\/\/elfsight.com\/pl\/wp-json\/wp\/v2\/media?parent=4958"}],"curies":[{"name":"wp","href":"https:\/\/api.w.org\/{rel}","templated":true}]}}