{"id":4952,"date":"2024-05-03T06:35:03","date_gmt":"2024-05-03T06:35:03","guid":{"rendered":"https:\/\/elfsight.com\/pl\/?page_id=4952"},"modified":"2024-11-14T09:26:06","modified_gmt":"2024-11-14T09:26:06","slug":"opencart","status":"publish","type":"page","link":"https:\/\/elfsight.com\/pl\/event-calendar-widget\/opencart\/","title":{"rendered":"Event Calendar &#8211; OpenCart"},"content":{"rendered":"<div class=\"application-platform-content-item-description application-platform-content-item\" id=\"description\" data-nav-section=\"description\"> <h2>Osad\u017a kalendarz wydarze\u0144 za pomoc\u0105 wid\u017cetu Elfsight<\/h2> <p>Widget Kalendarz wydarze\u0144 to niezwyk\u0142y modu\u0142 umo\u017cliwiaj\u0105cy p\u0142ynne udost\u0119pnianie swoich dzia\u0142a\u0144 z reszta \u015bwiata. Zawiera wiele opcji pozwalaj\u0105cych pokaza\u0107 nadchodz\u0105ce wydarzenia w najbardziej efektowny spos\u00f3b. Spersonalizuj go, aby po\u0142\u0105czy\u0107 projekt z estetyk\u0105 Twojej witryny. Tw\u00f3rz wiele wydarze\u0144, dodawaj tagi, przesy\u0142aj niestandardowe zdj\u0119cia i filmy oraz informuj odbiorc\u00f3w o swoim programie.<\/p> <p><b>Modu\u0142 Kalendarza wydarze\u0144 mo\u017ce pom\u00f3c Ci bez wysi\u0142ku zaprezentowa\u0107 przysz\u0142e wydarzenia i zwi\u0119kszy\u0107 poziom zaanga\u017cowania na Twojej stronie internetowej.<\/b><\/p> <\/div><div class=\"application-platform-content-item-features application-platform-content-item\" id=\"features\" data-nav-section=\"features\"> <h2>G\u0142\u00f3wne funkcje wid\u017cetu Kalendarza wydarze\u0144<\/h2> <p>Zobacz wszystkie funkcje Kalendarza wydarze\u0144 OpenCart. Mo\u017cesz je dostosowa\u0107 bezpo\u015brednio w edytorze, co pomo\u017ce Ci ukszta\u0142towa\u0107 wid\u017cet odpowiednio do Twojego przypadku. <\/p> <ul> <li>Korzystaj z elastycznych mo\u017cliwo\u015bci w zakresie zawarto\u015bci, aby uwzgl\u0119dni\u0107 kalendarz dla swojego rodzaju dzia\u0142a\u0144. <\/li> <li>Pom\u00f3\u017c u\u017cytkownikom dodawa\u0107 Twoje wydarzenia do cz\u0119sto u\u017cywanych aplikacji. <\/li> <li>Tw\u00f3rz r\u00f3\u017cne typy wydarze\u0144, okre\u015blaj lokalizacje i dodawaj gospodarzy. <\/li> <li>Sklasyfikuj wszystkie swoje dzia\u0142ania i nadaj im znaczniki. <\/li> <li>Wyr\u00f3\u017cnij cztery opcje uk\u0142adu. <\/li> <\/ul> <p><a href=\"#demo\">Sprawd\u017a, jak dzia\u0142aj\u0105 wszystkie funkcje w naszej wersji demonstracyjnej<\/a><\/p> <\/div><div class=\"application-platform-content-item-installation application-platform-content-item\" id=\"installation\" data-nav-section=\"installation\"> <h2>Jak doda\u0107 wtyczk\u0119 Kalendarza wydarze\u0144 do mojej witryny OpenCart? <\/h2> <p>Aby wstawi\u0107 rozszerzenie, wykonaj te kr\u00f3tkie kroki. <\/p> <ol><li><b>Skorzystaj z naszego bezp\u0142atnego konfiguratora i rozpocznij prac\u0119 z w\u0142asnym rozszerzeniem. <\/b><br> Wybierz niestandardowy uk\u0142ad i aspekty rozszerzenia i zapisz wszystkie poprawki. <\/li> <li><b>Odbierz sw\u00f3j indywidualny kod pojawiaj\u0105cy si\u0119 w specjalnym formularzu w aplikacjach Elfsight. <\/b><br> Zaraz po zako\u0144czeniu konfiguracji rozszerzenia skopiuj kod w wy\u015bwietlonym oknie i zapisz go do dalszego wykorzystania. <\/li> <li><b>Rozpocznij korzystanie z rozszerzenia na swojej stronie internetowej OpenCart. <\/b><br> Wstaw skopiowany wcze\u015bniej kod na swoj\u0105 stron\u0119 i zastosuj poprawki. <\/li> <li><b>Gotowe! Osadzanie zosta\u0142o w pe\u0142ni wykonane. <\/b><br> Przejd\u017a na swoj\u0105 stron\u0119 internetow\u0105 i zobacz, jak dzia\u0142a rozszerzenie. <\/li><\/ol><p>Nie zastanawiaj si\u0119 dwa razy i skontaktuj si\u0119 z obs\u0142ug\u0105 klienta Elfsight, je\u015bli potrzebujesz pomocy lub masz pytania. Nasi specjali\u015bci s\u0142u\u017c\u0105 pomoc\u0105 przy ka\u017cdym zapytaniu. <\/p> <\/div><div class=\"faq\" data-component=\"FAQ\"><div class=\"faq-item\">\r\n\t\t\t\t\t<div class=\"faq-item-question\">\r\n\t\t\t\t\t\t<h3 class=\"faq-item-question-text\">W jaki spos\u00f3b mo\u017cna osadzi\u0107 Kalendarz wydarze\u0144 na mojej stronie internetowej OpenCart bez znajomo\u015bci kodowania?<\/h3>\r\n\r\n\t\t\t\t\t\t<div class=\"faq-item-question-icon\"><\/div>\r\n\t\t\t\t\t<\/div>\r\n\r\n\t\t\t\t\t<div class=\"faq-item-answer\">\r\n\t\t\t\t\t\t<div class=\"faq-item-answer-text\"><p> Firma Elfsight oferuje rozwi\u0105zanie, kt\u00f3re pozwala w\u0142a\u015bcicielom witryn samodzielnie zbudowa\u0107 wtyczk\u0119 Kalendarza wydarze\u0144 i przekona\u0107 si\u0119, jakie to proste: <\/p><ul><li>Rozpocznij prac\u0119 bezpo\u015brednio w edytorze online, aby utworzy\u0107 sekcj\u0119 Kalendarza wydarze\u0144, kt\u00f3r\u0105 chcesz zintegrowa\u0107 na stronie OpenCart.<\/li><li>Wybierz jeden z gotowych szablon\u00f3w i zmie\u0144 ustawienia Kalendarza wydarze\u0144, dodaj swoj\u0105 tre\u015b\u0107, zmie\u0144 uk\u0142ad i kolory bez znajomo\u015bci kodowania.<\/li><li>Zapisz Kalendarz wydarze\u0144 i otrzymaj kod do instalacji, kt\u00f3ry bez problemu wkleisz na stronie OpenCart bez konieczno\u015bci zakupu wersji p\u0142atnej. <\/li><\/ul><p>Za pomoc\u0105 intuicyjnego Konfiguratora ka\u017cdy internauta mo\u017ce stworzy\u0107 wid\u017cet Kalendarza Wydarze\u0144 online i \u0142atwo umie\u015bci\u0107 go na stronie OpenCart. Aby skorzysta\u0107 z us\u0142ugi Elfsight, nie jest wymagana p\u0142atno\u015b\u0107 ani ujawnianie danych uwierzytelniaj\u0105cych karty. Je\u015bli na kt\u00f3rymkolwiek etapie napotkasz jakiekolwiek przeszkody, nie wahaj si\u0119 zwr\u00f3ci\u0107 do naszego personelu pomocy technicznej.<\/p><\/div>\r\n\t\t\t\t\t<\/div>\r\n\t\t\t\t<\/div><\/div>","protected":false},"excerpt":{"rendered":"","protected":false},"author":9,"featured_media":0,"parent":2321,"menu_order":0,"comment_status":"closed","ping_status":"closed","template":"templates\/template-application-platform.php","meta":{"publish_to_discourse":"","publish_post_category":"","wpdc_auto_publish_overridden":"","wpdc_topic_tags":"","wpdc_pin_topic":"","wpdc_pin_until":"","discourse_post_id":"","discourse_permalink":"","wpdc_publishing_response":"","wpdc_publishing_error":"","footnotes":""},"class_list":["post-4952","page","type-page","status-publish","hentry"],"yoast_head":"<!-- This site is optimized with the Yoast SEO plugin v25.3.1 - https:\/\/yoast.com\/wordpress\/plugins\/seo\/ -->\n<title>Kalendarz wydarze\u0144 \u2014 Dodaj modu\u0142 Kalendarza do witryny OpenCart [2025]<\/title>\n<meta name=\"description\" content=\"Dzi\u0119ki Elfsight zaprojektuj wid\u017cet Kalendarza wydarze\u0144 i szybko dodaj go na swojej stronie OpenCart. Oferujemy bezp\u0142atn\u0105 obs\u0142ug\u0119 klienta i inne bonusy.\" \/>\n<meta name=\"robots\" content=\"index, follow, max-snippet:-1, max-image-preview:large, max-video-preview:-1\" \/>\n<link rel=\"canonical\" href=\"https:\/\/elfsight.com\/pl\/event-calendar-widget\/opencart\/\" \/>\n<meta property=\"og:locale\" content=\"pl_PL\" \/>\n<meta property=\"og:type\" content=\"article\" \/>\n<meta property=\"og:title\" content=\"Kalendarz wydarze\u0144 \u2014 Dodaj modu\u0142 Kalendarza do witryny OpenCart [2025]\" \/>\n<meta property=\"og:description\" content=\"Dzi\u0119ki Elfsight zaprojektuj wid\u017cet Kalendarza wydarze\u0144 i szybko dodaj go na swojej stronie OpenCart. Oferujemy bezp\u0142atn\u0105 obs\u0142ug\u0119 klienta i inne bonusy.\" \/>\n<meta property=\"og:url\" content=\"https:\/\/elfsight.com\/pl\/event-calendar-widget\/opencart\/\" \/>\n<meta property=\"og:site_name\" content=\"Elfsight PL\" \/>\n<meta property=\"article:modified_time\" content=\"2024-11-14T09:26:06+00:00\" \/>\n<meta name=\"twitter:card\" content=\"summary_large_image\" \/>\n<meta name=\"twitter:label1\" content=\"Szacowany czas czytania\" \/>\n\t<meta name=\"twitter:data1\" content=\"3 minuty\" \/>\n<!-- \/ Yoast SEO plugin. -->","yoast_head_json":{"title":"Kalendarz wydarze\u0144 \u2014 Dodaj modu\u0142 Kalendarza do witryny OpenCart [2025]","description":"Dzi\u0119ki Elfsight zaprojektuj wid\u017cet Kalendarza wydarze\u0144 i szybko dodaj go na swojej stronie OpenCart. Oferujemy bezp\u0142atn\u0105 obs\u0142ug\u0119 klienta i inne bonusy.","robots":{"index":"index","follow":"follow","max-snippet":"max-snippet:-1","max-image-preview":"max-image-preview:large","max-video-preview":"max-video-preview:-1"},"canonical":"https:\/\/elfsight.com\/pl\/event-calendar-widget\/opencart\/","og_locale":"pl_PL","og_type":"article","og_title":"Kalendarz wydarze\u0144 \u2014 Dodaj modu\u0142 Kalendarza do witryny OpenCart [2025]","og_description":"Dzi\u0119ki Elfsight zaprojektuj wid\u017cet Kalendarza wydarze\u0144 i szybko dodaj go na swojej stronie OpenCart. Oferujemy bezp\u0142atn\u0105 obs\u0142ug\u0119 klienta i inne bonusy.","og_url":"https:\/\/elfsight.com\/pl\/event-calendar-widget\/opencart\/","og_site_name":"Elfsight PL","article_modified_time":"2024-11-14T09:26:06+00:00","twitter_card":"summary_large_image","twitter_misc":{"Szacowany czas czytania":"3 minuty"},"schema":{"@context":"https:\/\/schema.org","@graph":[{"@type":"WebPage","@id":"https:\/\/elfsight.com\/pl\/event-calendar-widget\/opencart\/","url":"https:\/\/elfsight.com\/pl\/event-calendar-widget\/opencart\/","name":"Kalendarz wydarze\u0144 \u2014 Dodaj modu\u0142 Kalendarza do witryny OpenCart [2025]","isPartOf":{"@id":"https:\/\/elfsight.com\/pl\/#website"},"datePublished":"2024-05-03T06:35:03+00:00","dateModified":"2024-11-14T09:26:06+00:00","description":"Dzi\u0119ki Elfsight zaprojektuj wid\u017cet Kalendarza wydarze\u0144 i szybko dodaj go na swojej stronie OpenCart. Oferujemy bezp\u0142atn\u0105 obs\u0142ug\u0119 klienta i inne bonusy.","breadcrumb":{"@id":"https:\/\/elfsight.com\/pl\/event-calendar-widget\/opencart\/#breadcrumb"},"inLanguage":"pl-PL","potentialAction":[{"@type":"ReadAction","target":["https:\/\/elfsight.com\/pl\/event-calendar-widget\/opencart\/"]}]},{"@type":"BreadcrumbList","@id":"https:\/\/elfsight.com\/pl\/event-calendar-widget\/opencart\/#breadcrumb","itemListElement":[{"@type":"ListItem","position":1,"name":"Home","item":"https:\/\/elfsight.com\/pl\/"},{"@type":"ListItem","position":2,"name":"Event Calendar","item":"https:\/\/elfsight.com\/pl\/event-calendar-widget\/"},{"@type":"ListItem","position":3,"name":"Event Calendar &#8211; OpenCart"}]},{"@type":"WebSite","@id":"https:\/\/elfsight.com\/pl\/#website","url":"https:\/\/elfsight.com\/pl\/","name":"Elfsight PL","description":"Just another Elfsight Sites site","potentialAction":[{"@type":"SearchAction","target":{"@type":"EntryPoint","urlTemplate":"https:\/\/elfsight.com\/pl\/?s={search_term_string}"},"query-input":{"@type":"PropertyValueSpecification","valueRequired":true,"valueName":"search_term_string"}}],"inLanguage":"pl-PL"}]}},"meta_box":{"industry":"","seo_heading":"","heading":"","description":"","cta_heading":"","cta_description":"","application":"2320","h1":"Modu\u0142 Kalendarza Wydarze\u0144 OpenCart","h1_caption":"Zarz\u0105dzaj i udost\u0119pniaj wydarzenia na swojej stronie internetowej za pomoc\u0105 interaktywnego i przyjaznego dla u\u017cytkownika kalendarza wydarze\u0144 na swojej stronie Opencart bez wysi\u0142ku.","application_category":[],"applications_title":"","applications_request_title":"","applications_request_button_text":"","hero_text":"","hero_video":"","hero_video_schema_markup":"","selling_points_title":"","selling_points_caption":"","selling_points":[],"selling_points_cta_text":"","features_title":"","features":"","ed_cta_examples_text":"","ed_cta_examples_hidden":"","ed_cta_demo_text":"","ed_cta_demo_hidden":"","why_caption":"","why_editor_title":"","why_editor_text":"","why_team_title":"","why_team_text":"","why_service_title":"","why_service_text":"","template_catalog_visible":"","template_catalog_title":"","template_catalog_text":"","template_catalog_categories_visible":"","demo_title":"Utw\u00f3rz rozszerzenie Kalendarza wydarze\u0144","demo_caption":"Skonfiguruj sw\u00f3j Kalendarz wydarze\u0144 i dodaj go do swojej witryny OpenCart za darmo!","default_faq_hidden":"","app_template_category":[],"platform":"107","template_public_id":"","codecanyon_url":"","codecanyon_item_id":"","codecanyon_price":"","pricing_caption":"","pricing_elfsight_apps_hide_column":"","pricing_elfsight_apps_url":"","pricing_codecanyon_price_caption":"","integration_category":[],"integration_request_title":"","integration_request_cta":"","integration_platform":"","integrations":[],"platform_category":[],"video_schema_markup":"","price":"od 0 USD \/ miesi\u0105c","trial":"","benefits":[{"text":"Bezp\u0142atna pomoc w instalacji"},{"text":"Do\u015bwiadczona obs\u0142uga klienta"},{"text":"14-dniowa gwarancja zwrotu pieni\u0119dzy"}],"button_url":"#demo","button_target_blank":"","button_nofollow":"","attributes":[{"name":"Instaluje"},{"name":"Czu\u0142y"},{"name":"Kompatybilne przegl\u0105darki"}],"tags":[],"tags_disable_links":"","hide_more_platforms":"","video_object":"","demo_hide_cta":"","demo_hide_cloud_options":"","pricing_title":"","pricing":[{"pricing_icon":"platform","pricing_title":"Elfsight Apps","pricing_title_caption":"Niezale\u017cne od platformy rozwi\u0105zanie cyfrowe, kt\u00f3re pasuje do ka\u017cdej witryny internetowej","pricing_price":"od 0 USD \/ miesi\u0105c","pricing_price_caption":"zacznij od bezp\u0142atnego planu","pricing_benefits":[{"text":"Nielimitowane domeny"},{"text":"Najwy\u017csza obs\u0142uga klienta"},{"text":"Bezp\u0142atna pomoc w instalacji"},{"text":"100% konfigurowalny"}],"pricing_button_text":"Dodaj do witryny","pricing_button_url":"#demo"}],"related_apps_title":"","related_apps_hidden":"","author":"","image":[],"title":"","job":"","social_networks":[]},"_links":{"self":[{"href":"https:\/\/elfsight.com\/pl\/wp-json\/wp\/v2\/pages\/4952","targetHints":{"allow":["GET"]}}],"collection":[{"href":"https:\/\/elfsight.com\/pl\/wp-json\/wp\/v2\/pages"}],"about":[{"href":"https:\/\/elfsight.com\/pl\/wp-json\/wp\/v2\/types\/page"}],"author":[{"embeddable":true,"href":"https:\/\/elfsight.com\/pl\/wp-json\/wp\/v2\/users\/9"}],"replies":[{"embeddable":true,"href":"https:\/\/elfsight.com\/pl\/wp-json\/wp\/v2\/comments?post=4952"}],"version-history":[{"count":1,"href":"https:\/\/elfsight.com\/pl\/wp-json\/wp\/v2\/pages\/4952\/revisions"}],"predecessor-version":[{"id":4956,"href":"https:\/\/elfsight.com\/pl\/wp-json\/wp\/v2\/pages\/4952\/revisions\/4956"}],"up":[{"embeddable":true,"href":"https:\/\/elfsight.com\/pl\/wp-json\/wp\/v2\/pages\/2321"}],"wp:attachment":[{"href":"https:\/\/elfsight.com\/pl\/wp-json\/wp\/v2\/media?parent=4952"}],"curies":[{"name":"wp","href":"https:\/\/api.w.org\/{rel}","templated":true}]}}