{"id":4951,"date":"2024-05-03T06:35:02","date_gmt":"2024-05-03T06:35:02","guid":{"rendered":"https:\/\/elfsight.com\/pl\/?page_id=4951"},"modified":"2024-11-14T09:25:58","modified_gmt":"2024-11-14T09:25:58","slug":"shopify","status":"publish","type":"page","link":"https:\/\/elfsight.com\/pl\/event-calendar-widget\/shopify\/","title":{"rendered":"Event Calendar &#8211; Shopify"},"content":{"rendered":"<div class=\"application-platform-content-item-description application-platform-content-item\" id=\"description\" data-nav-section=\"description\"> <h2>Osad\u017a kalendarz wydarze\u0144 za pomoc\u0105 wid\u017cetu Elfsight<\/h2> <p>Aplikacja Kalendarz Elfsight dla Shopify to imponuj\u0105ca aplikacja, kt\u00f3ra pozwala szybko udost\u0119pnia\u0107 swoje dzia\u0142ania ze swoimi go\u015b\u0107mi. Posiada wiele opcji wy\u015bwietlania nadchodz\u0105cych wydarze\u0144 w najbardziej efektowny spos\u00f3b. Spersonalizuj go, aby po\u0142\u0105czy\u0107 projekt ze stylem swojej witryny. Tw\u00f3rz wiele wydarze\u0144, dodawaj r\u00f3\u017cne tagi, przesy\u0142aj w\u0142asne zdj\u0119cia i filmy oraz informuj go\u015bci o swoim programie.<\/p> <p><b>Aplikacja Kalendarz wydarze\u0144 Elfsight mo\u017ce pom\u00f3c Ci \u0142atwo wy\u015bwietli\u0107 nadchodz\u0105ce dzia\u0142ania i zwi\u0119kszy\u0107 ich skuteczno\u015b\u0107 wsp\u00f3\u0142czynnik zaanga\u017cowania w Twojej witrynie. <\/b><\/p> <\/div> <div class=\"application-platform-content-item-features application-platform-content-item\" id=\"features\" data-nav-section=\"features\"> <h2>G\u0142\u00f3wne funkcje aplikacji Kalendarz wydarze\u0144<\/h2> <p>Zobacz wszystkie funkcje Shopify Kalendarz wydarze\u0144. S\u0105 one dost\u0119pne bezpo\u015brednio w edytorze i pomog\u0105 Ci stworzy\u0107 widget dok\u0142adnie dostosowany do Twoich potrzeb. <\/p> <ul> <li>Korzystaj z opcji zawarto\u015bci, kt\u00f3re mo\u017cna dostosowa\u0107, aby uwzgl\u0119dni\u0107 kalendarz w zale\u017cno\u015bci od rodzaju zaj\u0119\u0107. <\/li> <li>Daj u\u017cytkownikom mo\u017cliwo\u015b\u0107 dodania Twoich wydarze\u0144 do cz\u0119sto u\u017cywanych aplikacji. <\/li> <li>Generuj r\u00f3\u017cnego rodzaju wydarzenia, okre\u015blaj lokalizacje i dodawaj gospodarzy. <\/li> <li>Sklasyfikuj wszystkie swoje wydarzenia i nadaj im tagi. <\/li> <li>Wybierz jeden z 4 wariant\u00f3w uk\u0142adu. <\/li> <\/ul> <p><a href=\"#demo\">Zobacz, jak dzia\u0142aj\u0105 wszystkie funkcje w naszej wersji demonstracyjnej<\/a><\/p> <\/div> <div class=\"application-platform-content-item-installation application-platform-content-item\" id=\"installation\" data-nav-section=\"installation\"> <h2>Jak mog\u0119 osadzi\u0107 Kalendarz wydarze\u0144 w mojej witrynie Shopify?<\/h2> <div class=\"video-container\"><iframe width=\"720\" height=\"405\" src=\"https:\/\/www.youtube.com\/embed\/VgysQmu9Z0c\" frameborder=\"0\" allowfullscreen=\"\"><\/iframe><\/div><p>Aby osadzi\u0107 aplikacj\u0119 Shopify Event Calendar, po prostu post\u0119puj zgodnie z poni\u017cszymi instrukcjami.<\/p> <ol><li><b>Skorzystaj z naszego bezp\u0142atnego konfiguratora i zacznij tworzy\u0107 swoj\u0105 spersonalizowan\u0105 aplikacj\u0119. <\/b><br> Okre\u015bl po\u017c\u0105dany uk\u0142ad i specyfikacje aplikacji i zapisz wszystkie zmiany. <\/li> <li><b>Skopiuj sw\u00f3j indywidualny kod pokazany w polu w aplikacjach Elfsight. <\/b><br> Zaraz po zako\u0144czeniu tworzenia aplikacji skopiuj osobisty kod z wy\u015bwietlonego pola i zachowaj go na p\u00f3\u017aniej. <\/li> <li><b>Wpisz ch\u0119\u0107 korzystania z aplikacji w witrynie Shopify. <\/b><br> Dodaj wcze\u015bniej zapisany kod do swojej strony i zastosuj modyfikacje. <\/li> <li><b>Konfiguracja zosta\u0142a pomy\u015blnie przeprowadzona. <\/b><br> Przejd\u017a do swojej witryny, aby zobaczy\u0107, jak dzia\u0142a aplikacja. <\/li><\/ol><p>Nie wahaj si\u0119 skontaktowa\u0107 z obs\u0142ug\u0105 klienta Elfsight, je\u015bli potrzebujesz pomocy lub masz pytania. Z przyjemno\u015bci\u0105 pomo\u017cemy Ci osadzi\u0107 Kalendarz wydarze\u0144 Shopify. <\/p> <\/div>","protected":false},"excerpt":{"rendered":"","protected":false},"author":9,"featured_media":0,"parent":2321,"menu_order":0,"comment_status":"closed","ping_status":"closed","template":"templates\/template-application-platform.php","meta":{"publish_to_discourse":"","publish_post_category":"","wpdc_auto_publish_overridden":"","wpdc_topic_tags":"","wpdc_pin_topic":"","wpdc_pin_until":"","discourse_post_id":"","discourse_permalink":"","wpdc_publishing_response":"","wpdc_publishing_error":"","footnotes":""},"class_list":["post-4951","page","type-page","status-publish","hentry"],"yoast_head":"<!-- This site is optimized with the Yoast SEO plugin v25.3.1 - https:\/\/yoast.com\/wordpress\/plugins\/seo\/ -->\n<title>Wid\u017cet kalendarza wydarze\u0144 Shopify \u2014 dodaj kalendarz wydarze\u0144 do witryny Shopify [2025]<\/title>\n<meta name=\"description\" content=\"Dzi\u0119ki Elfsight zaprojektuj prost\u0105 wtyczk\u0119 Kalendarza wydarze\u0144 i szybko osad\u017a j\u0105 w kodzie swojej witryny Shopify. Oferujemy bezp\u0142atn\u0105 obs\u0142ug\u0119 klienta i inne bonusy.\" \/>\n<meta name=\"robots\" content=\"index, follow, max-snippet:-1, max-image-preview:large, max-video-preview:-1\" \/>\n<link rel=\"canonical\" href=\"https:\/\/elfsight.com\/pl\/event-calendar-widget\/shopify\/\" \/>\n<meta property=\"og:locale\" content=\"pl_PL\" \/>\n<meta property=\"og:type\" content=\"article\" \/>\n<meta property=\"og:title\" content=\"Wid\u017cet kalendarza wydarze\u0144 Shopify \u2014 dodaj kalendarz wydarze\u0144 do witryny Shopify [2025]\" \/>\n<meta property=\"og:description\" content=\"Dzi\u0119ki Elfsight zaprojektuj prost\u0105 wtyczk\u0119 Kalendarza wydarze\u0144 i szybko osad\u017a j\u0105 w kodzie swojej witryny Shopify. Oferujemy bezp\u0142atn\u0105 obs\u0142ug\u0119 klienta i inne bonusy.\" \/>\n<meta property=\"og:url\" content=\"https:\/\/elfsight.com\/pl\/event-calendar-widget\/shopify\/\" \/>\n<meta property=\"og:site_name\" content=\"Elfsight PL\" \/>\n<meta property=\"article:modified_time\" content=\"2024-11-14T09:25:58+00:00\" \/>\n<meta name=\"twitter:card\" content=\"summary_large_image\" \/>\n<meta name=\"twitter:label1\" content=\"Szacowany czas czytania\" \/>\n\t<meta name=\"twitter:data1\" content=\"2 minuty\" \/>\n<!-- \/ Yoast SEO plugin. -->","yoast_head_json":{"title":"Wid\u017cet kalendarza wydarze\u0144 Shopify \u2014 dodaj kalendarz wydarze\u0144 do witryny Shopify [2025]","description":"Dzi\u0119ki Elfsight zaprojektuj prost\u0105 wtyczk\u0119 Kalendarza wydarze\u0144 i szybko osad\u017a j\u0105 w kodzie swojej witryny Shopify. Oferujemy bezp\u0142atn\u0105 obs\u0142ug\u0119 klienta i inne bonusy.","robots":{"index":"index","follow":"follow","max-snippet":"max-snippet:-1","max-image-preview":"max-image-preview:large","max-video-preview":"max-video-preview:-1"},"canonical":"https:\/\/elfsight.com\/pl\/event-calendar-widget\/shopify\/","og_locale":"pl_PL","og_type":"article","og_title":"Wid\u017cet kalendarza wydarze\u0144 Shopify \u2014 dodaj kalendarz wydarze\u0144 do witryny Shopify [2025]","og_description":"Dzi\u0119ki Elfsight zaprojektuj prost\u0105 wtyczk\u0119 Kalendarza wydarze\u0144 i szybko osad\u017a j\u0105 w kodzie swojej witryny Shopify. Oferujemy bezp\u0142atn\u0105 obs\u0142ug\u0119 klienta i inne bonusy.","og_url":"https:\/\/elfsight.com\/pl\/event-calendar-widget\/shopify\/","og_site_name":"Elfsight PL","article_modified_time":"2024-11-14T09:25:58+00:00","twitter_card":"summary_large_image","twitter_misc":{"Szacowany czas czytania":"2 minuty"},"schema":{"@context":"https:\/\/schema.org","@graph":[{"@type":"WebPage","@id":"https:\/\/elfsight.com\/pl\/event-calendar-widget\/shopify\/","url":"https:\/\/elfsight.com\/pl\/event-calendar-widget\/shopify\/","name":"Wid\u017cet kalendarza wydarze\u0144 Shopify \u2014 dodaj kalendarz wydarze\u0144 do witryny Shopify [2025]","isPartOf":{"@id":"https:\/\/elfsight.com\/pl\/#website"},"datePublished":"2024-05-03T06:35:02+00:00","dateModified":"2024-11-14T09:25:58+00:00","description":"Dzi\u0119ki Elfsight zaprojektuj prost\u0105 wtyczk\u0119 Kalendarza wydarze\u0144 i szybko osad\u017a j\u0105 w kodzie swojej witryny Shopify. Oferujemy bezp\u0142atn\u0105 obs\u0142ug\u0119 klienta i inne bonusy.","breadcrumb":{"@id":"https:\/\/elfsight.com\/pl\/event-calendar-widget\/shopify\/#breadcrumb"},"inLanguage":"pl-PL","potentialAction":[{"@type":"ReadAction","target":["https:\/\/elfsight.com\/pl\/event-calendar-widget\/shopify\/"]}]},{"@type":"BreadcrumbList","@id":"https:\/\/elfsight.com\/pl\/event-calendar-widget\/shopify\/#breadcrumb","itemListElement":[{"@type":"ListItem","position":1,"name":"Home","item":"https:\/\/elfsight.com\/pl\/"},{"@type":"ListItem","position":2,"name":"Event Calendar","item":"https:\/\/elfsight.com\/pl\/event-calendar-widget\/"},{"@type":"ListItem","position":3,"name":"Event Calendar &#8211; Shopify"}]},{"@type":"WebSite","@id":"https:\/\/elfsight.com\/pl\/#website","url":"https:\/\/elfsight.com\/pl\/","name":"Elfsight PL","description":"Just another Elfsight Sites site","potentialAction":[{"@type":"SearchAction","target":{"@type":"EntryPoint","urlTemplate":"https:\/\/elfsight.com\/pl\/?s={search_term_string}"},"query-input":{"@type":"PropertyValueSpecification","valueRequired":true,"valueName":"search_term_string"}}],"inLanguage":"pl-PL"}]}},"meta_box":{"industry":"","seo_heading":"","heading":"","description":"","cta_heading":"","cta_description":"","application":"2320","h1":"Aplikacja Shopify Kalendarz wydarze\u0144","h1_caption":"Zarz\u0105dzaj wydarzeniami w swojej witrynie i udost\u0119pniaj je bez wysi\u0142ku za pomoc\u0105 interaktywnego i przyjaznego dla u\u017cytkownika kalendarza wydarze\u0144 w witrynie Shopify.","application_category":[],"applications_title":"","applications_request_title":"","applications_request_button_text":"","hero_text":"","hero_video":"","hero_video_schema_markup":"","selling_points_title":"","selling_points_caption":"","selling_points":[],"selling_points_cta_text":"","features_title":"","features":"","ed_cta_examples_text":"","ed_cta_examples_hidden":"","ed_cta_demo_text":"","ed_cta_demo_hidden":"","why_caption":"","why_editor_title":"","why_editor_text":"","why_team_title":"","why_team_text":"","why_service_title":"","why_service_text":"","template_catalog_visible":"0","template_catalog_title":"","template_catalog_text":"","template_catalog_categories_visible":"","demo_title":"Utw\u00f3rz aplikacj\u0119 Kalendarza wydarze\u0144","demo_caption":"Skonfiguruj sw\u00f3j Kalendarz wydarze\u0144 i dodaj go za darmo do swojej witryny Shopify!","default_faq_hidden":"","app_template_category":[],"platform":"7580","template_public_id":"","codecanyon_url":"","codecanyon_item_id":"","codecanyon_price":"","pricing_caption":"","pricing_elfsight_apps_hide_column":"","pricing_elfsight_apps_url":"","pricing_codecanyon_price_caption":"","integration_category":[],"integration_request_title":"","integration_request_cta":"","integration_platform":"","integrations":[],"platform_category":[],"video_schema_markup":"","price":"od 0 USD \/ miesi\u0105c","trial":"","benefits":[{"text":"Bezp\u0142atna us\u0142uga monta\u017cu"},{"text":"Wsparcie premium"},{"text":"14-dniowa gwarancja zwrotu pieni\u0119dzy"}],"button_url":"#demo","button_target_blank":"0","button_nofollow":"0","attributes":[{"name":"Instaluje","content":"100,000 - 500,000"},{"name":"Czu\u0142y","content":"Tak"},{"name":"Kompatybilne przegl\u0105darki","content":"IE11, Firefox, Safari, Opera, Chrome, Edge"}],"tags":[],"tags_disable_links":"0","hide_more_platforms":"","video_object":"","demo_hide_cta":"0","demo_hide_cloud_options":"0","pricing_title":"","pricing":[{"pricing_icon":"cloud","pricing_title":"Elfsight Apps","pricing_title_caption":"Wersja wieloplatformowa, kt\u00f3ra dzia\u0142a na ka\u017cdej stronie internetowej","pricing_price":"od 0 USD \/ miesi\u0105c","pricing_price_caption":"zacznij od bezp\u0142atnego planu","pricing_benefits":[{"text":"Nielimitowane strony internetowe"},{"text":"Wsparcie premium"},{"text":"Bezp\u0142atna us\u0142uga monta\u017cu"},{"text":"Oferta specjalna na wiele aplikacji"}],"pricing_button_text":"Dodaj do witryny","pricing_button_url":"#demo"}],"related_apps_title":"","related_apps_hidden":"0","author":"","image":[],"title":"","job":"","social_networks":[]},"_links":{"self":[{"href":"https:\/\/elfsight.com\/pl\/wp-json\/wp\/v2\/pages\/4951","targetHints":{"allow":["GET"]}}],"collection":[{"href":"https:\/\/elfsight.com\/pl\/wp-json\/wp\/v2\/pages"}],"about":[{"href":"https:\/\/elfsight.com\/pl\/wp-json\/wp\/v2\/types\/page"}],"author":[{"embeddable":true,"href":"https:\/\/elfsight.com\/pl\/wp-json\/wp\/v2\/users\/9"}],"replies":[{"embeddable":true,"href":"https:\/\/elfsight.com\/pl\/wp-json\/wp\/v2\/comments?post=4951"}],"version-history":[{"count":2,"href":"https:\/\/elfsight.com\/pl\/wp-json\/wp\/v2\/pages\/4951\/revisions"}],"predecessor-version":[{"id":7753,"href":"https:\/\/elfsight.com\/pl\/wp-json\/wp\/v2\/pages\/4951\/revisions\/7753"}],"up":[{"embeddable":true,"href":"https:\/\/elfsight.com\/pl\/wp-json\/wp\/v2\/pages\/2321"}],"wp:attachment":[{"href":"https:\/\/elfsight.com\/pl\/wp-json\/wp\/v2\/media?parent=4951"}],"curies":[{"name":"wp","href":"https:\/\/api.w.org\/{rel}","templated":true}]}}