{"id":4950,"date":"2024-05-03T06:35:01","date_gmt":"2024-05-03T06:35:01","guid":{"rendered":"https:\/\/elfsight.com\/pl\/?page_id=4950"},"modified":"2024-11-14T09:25:58","modified_gmt":"2024-11-14T09:25:58","slug":"squarespace","status":"publish","type":"page","link":"https:\/\/elfsight.com\/pl\/event-calendar-widget\/squarespace\/","title":{"rendered":"Event Calendar &#8211; Squarespace"},"content":{"rendered":"<div class=\"application-platform-content-item-description application-platform-content-item\" id=\"description\" data-nav-section=\"description\"> <h2>Osad\u017a kalendarz wydarze\u0144 za pomoc\u0105 wid\u017cetu Elfsight<\/h2> <p>Wtyczka Kalendarza Elfsight to niezwyk\u0142e narz\u0119dzie umo\u017cliwiaj\u0105ce p\u0142ynne udost\u0119pnianie wydarze\u0144 osobom odwiedzaj\u0105cym . Zawiera wiele opcji wy\u015bwietlania nadchodz\u0105cych dzia\u0142a\u0144 w najbardziej efektowny spos\u00f3b. Dostosuj go, aby po\u0142\u0105czy\u0107 projekt z estetyk\u0105 swojej strony. Tw\u00f3rz wiele wydarze\u0144, dodawaj tagi, przesy\u0142aj niestandardowe zdj\u0119cia i filmy oraz informuj odwiedzaj\u0105cych o swoich planach.<\/p> <p><b>Nasz wid\u017cet Kalendarz wydarze\u0144 mo\u017ce pom\u00f3c Ci w wygodnym wy\u015bwietlaniu przysz\u0142ych dzia\u0142a\u0144 i zwi\u0119kszaniu zaanga\u017cowania stawk\u0119 na swojej stronie internetowej.<\/b><\/p> <\/div> <div class=\"application-platform-content-item-features application-platform-content-item\" id=\"features\" data-nav-section=\"features\"> <h2>G\u0142\u00f3wne cechy wtyczki Kalendarza wydarze\u0144<\/h2> <p>Sprawd\u017a list\u0119 wszystkich funkcji Squarespace Kalendarz wydarze\u0144. Mo\u017cesz ustawi\u0107 je bezpo\u015brednio w edytorze, co pomo\u017ce Ci ukszta\u0142towa\u0107 wid\u017cet odpowiednio do Twojego przypadku u\u017cycia. <\/p> <ul> <li>U\u017cyj opcji tre\u015bci, kt\u00f3re mo\u017cna dostosowa\u0107, aby dostosowa\u0107 wid\u017cet do rodzaju wydarze\u0144. <\/li> <li>Pozw\u00f3l u\u017cytkownikom dodawa\u0107 Twoje wydarzenia do najcz\u0119\u015bciej u\u017cywanych aplikacji. <\/li> <li>Inicjuj r\u00f3\u017cne typy wydarze\u0144, okre\u015blaj lokalizacje i dodawaj gospodarzy. <\/li> <li>Skategoryzuj wszystkie swoje dzia\u0142ania i nadaj im tagi. <\/li> <li>Wyr\u00f3\u017cnij cztery opcje uk\u0142adu. <\/li> <\/ul> <p><a href=\"#demo\">Mo\u017cesz wypr\u00f3bowa\u0107 wszystkie funkcje widgetu bezpo\u015brednio w wersji demonstracyjnej<\/a><\/p> <\/div> <div class=\"application-platform-content-item-installation application-platform-content-item\" id=\"installation\" data-nav-section=\"installation\"> <h2>Jak doda\u0107 kalendarz wydarze\u0144 do Squarespace?<\/h2> <div class=\"video-container\"><iframe width=\"720\" height=\"405\" src=\"https:\/\/www.youtube.com\/embed\/PqWwiGmLOkM\" frameborder=\"0\" allowfullscreen=\"\"><\/iframe><\/div><p>Kalendarz wydarze\u0144 Squarespace charakteryzuje si\u0119 prostym procesem integracji. Po utworzeniu widgetu otrzymasz specjalny kod HTML, kt\u00f3ry mo\u017cesz doda\u0107 do swojej witryny w celu doko\u0144czenia integracji. Aby osadzi\u0107 wtyczk\u0119, post\u0119puj zgodnie z poni\u017cszymi instrukcjami. <\/p> <ul> <li><b>Zaprojektuj w\u0142asn\u0105 wtyczk\u0119 Kalendarza<\/b><br> Korzystaj\u0105c z naszej bezp\u0142atnej wersji demonstracyjnej, mo\u017cesz stworzy\u0107 wid\u017cet o niestandardowym wygl\u0105dzie i cechach funkcjonalnych. <\/li> <li><b>Uzyskaj osobisty kod umo\u017cliwiaj\u0105cy wy\u015bwietlenie wtyczki<\/b><br> Po utworzeniu wid\u017cetu otrzymasz kod instalacyjny z powiadomienia pojawiaj\u0105cego si\u0119 w aplikacjach Elfsight. Skopiuj ten kod. <\/li> <li><b>Zintegruj kalendarz na swojej stronie<\/b><br> Okre\u015bl obszar, w kt\u00f3rym planujesz wy\u015bwietla\u0107 wtyczk\u0119 i dodaj tam zapisany kod. Zastosuj zmiany. <\/li> <li><b>Gotowe! <\/b><br> Odwied\u017a witryn\u0119, aby zobaczy\u0107 swoj\u0105 wtyczk\u0119.<\/li> <\/ul> <p>Po\u015bwi\u0119\u0107 chwil\u0119, aby skontaktowa\u0107 si\u0119 z naszym dzia\u0142em pomocy technicznej, je\u015bli potrzebujesz pomocy lub masz o co\u015b zapyta\u0107. Ch\u0119tnie pomo\u017cemy w ka\u017cdym zapytaniu. <\/p> <\/div><div class=\"faq\" data-component=\"FAQ\"><div class=\"faq-item\">\r\n\t\t\t\t\t<div class=\"faq-item-question\">\r\n\t\t\t\t\t\t<h3 class=\"faq-item-question-text\">Jakie korzy\u015bci odnios\u0119 z osadzania kalendarza wydarze\u0144 na moich stronach Squarespace?<\/h3>\r\n\r\n\t\t\t\t\t\t<div class=\"faq-item-question-icon\"><\/div>\r\n\t\t\t\t\t<\/div>\r\n\r\n\t\t\t\t\t<div class=\"faq-item-answer\">\r\n\t\t\t\t\t\t<div class=\"faq-item-answer-text\"><p>Wtyczka kalendarza wydarze\u0144 online for Squarespace tworzy \u015bwiadomo\u015b\u0107 dzia\u0142a\u0144 Twojej organizacji. Co wa\u017cniejsze, zwi\u0119ksza widoczno\u015b\u0107 Twojej marki w miar\u0119 tworzenia wi\u0119kszej liczby wydarze\u0144. Mo\u017cesz opublikowa\u0107 sw\u00f3j kalendarz wydarze\u0144 na wszystkich stronach swojej witryny Squarespace lub tylko na wybranych. Kalendarz wydarze\u0144 cyklicznych w Twojej witrynie umo\u017cliwia tak\u017ce osadzanie nowych tre\u015bci w witrynie, co jest zawsze dobre dla wyszukiwarek. Wyszukiwarki zawsze przegl\u0105daj\u0105 Twoj\u0105 witryn\u0119 i znajduj\u0105c now\u0105 tre\u015b\u0107, oceniaj\u0105 Twoj\u0105 witryn\u0119 jako bardziej trafn\u0105 i mog\u0105 zwi\u0119kszy\u0107 szanse na znalezienie Twojej witryny, gdy ludzie wyszukuj\u0105 j\u0105 w Internecie.<\/p> <p>Opr\u00f3cz wydarze\u0144, je\u015bli zdecydujesz si\u0119 osadzi\u0107 plik kalendarza do Twojej witryny Squarespace, mo\u017ce to doda\u0107 warto\u015b\u0107 Twojej witrynie w oczach Twoich klient\u00f3w. Mo\u017cesz u\u017cy\u0107 kalendarza wydarze\u0144, aby zwi\u0119kszy\u0107 interakcj\u0119 mi\u0119dzy klientami, tworz\u0105c powtarzaj\u0105ce si\u0119 wydarzenia. Podobnie jak post na blogu, kalendarz Squarespace mo\u017ce pom\u00f3c Ci w interakcji z klientami, umo\u017cliwiaj\u0105c im zapisanie si\u0119 na niekt\u00f3re wydarzenia cykliczne, a nawet sugerowanie innych, w kt\u00f3rych mog\u0105 chcie\u0107 wzi\u0105\u0107 udzia\u0142. Zintegrowanie takiej opcji wy\u015bwietlania wydarze\u0144 w witrynie Squarespace jest naprawd\u0119 \u0142atwe.<\/p><\/div>\r\n\t\t\t\t\t<\/div>\r\n\t\t\t\t<\/div><\/div>","protected":false},"excerpt":{"rendered":"","protected":false},"author":9,"featured_media":0,"parent":2321,"menu_order":0,"comment_status":"closed","ping_status":"closed","template":"templates\/template-application-platform.php","meta":{"publish_to_discourse":"","publish_post_category":"","wpdc_auto_publish_overridden":"","wpdc_topic_tags":"","wpdc_pin_topic":"","wpdc_pin_until":"","discourse_post_id":"","discourse_permalink":"","wpdc_publishing_response":"","wpdc_publishing_error":"","footnotes":""},"class_list":["post-4950","page","type-page","status-publish","hentry"],"yoast_head":"<!-- This site is optimized with the Yoast SEO plugin v25.3.1 - https:\/\/yoast.com\/wordpress\/plugins\/seo\/ -->\n<title>Wid\u017cet kalendarza wydarze\u0144 Squarespace - dodaj kalendarz wydarze\u0144 do Squarespace [2025]<\/title>\n<meta name=\"description\" content=\"Dzi\u0119ki Elfsight zaprojektuj najlepsz\u0105 wtyczk\u0119 Kalendarza wydarze\u0144 i szybko dodaj j\u0105 do swojej witryny Squarespace. Oferujemy bezp\u0142atn\u0105 obs\u0142ug\u0119 klienta i inne bonusy.\" \/>\n<meta name=\"robots\" content=\"index, follow, max-snippet:-1, max-image-preview:large, max-video-preview:-1\" \/>\n<link rel=\"canonical\" href=\"https:\/\/elfsight.com\/pl\/event-calendar-widget\/squarespace\/\" \/>\n<meta property=\"og:locale\" content=\"pl_PL\" \/>\n<meta property=\"og:type\" content=\"article\" \/>\n<meta property=\"og:title\" content=\"Wid\u017cet kalendarza wydarze\u0144 Squarespace - dodaj kalendarz wydarze\u0144 do Squarespace [2025]\" \/>\n<meta property=\"og:description\" content=\"Dzi\u0119ki Elfsight zaprojektuj najlepsz\u0105 wtyczk\u0119 Kalendarza wydarze\u0144 i szybko dodaj j\u0105 do swojej witryny Squarespace. Oferujemy bezp\u0142atn\u0105 obs\u0142ug\u0119 klienta i inne bonusy.\" \/>\n<meta property=\"og:url\" content=\"https:\/\/elfsight.com\/pl\/event-calendar-widget\/squarespace\/\" \/>\n<meta property=\"og:site_name\" content=\"Elfsight PL\" \/>\n<meta property=\"article:modified_time\" content=\"2024-11-14T09:25:58+00:00\" \/>\n<meta name=\"twitter:card\" content=\"summary_large_image\" \/>\n<meta name=\"twitter:label1\" content=\"Szacowany czas czytania\" \/>\n\t<meta name=\"twitter:data1\" content=\"3 minuty\" \/>\n<!-- \/ Yoast SEO plugin. -->","yoast_head_json":{"title":"Wid\u017cet kalendarza wydarze\u0144 Squarespace - dodaj kalendarz wydarze\u0144 do Squarespace [2025]","description":"Dzi\u0119ki Elfsight zaprojektuj najlepsz\u0105 wtyczk\u0119 Kalendarza wydarze\u0144 i szybko dodaj j\u0105 do swojej witryny Squarespace. Oferujemy bezp\u0142atn\u0105 obs\u0142ug\u0119 klienta i inne bonusy.","robots":{"index":"index","follow":"follow","max-snippet":"max-snippet:-1","max-image-preview":"max-image-preview:large","max-video-preview":"max-video-preview:-1"},"canonical":"https:\/\/elfsight.com\/pl\/event-calendar-widget\/squarespace\/","og_locale":"pl_PL","og_type":"article","og_title":"Wid\u017cet kalendarza wydarze\u0144 Squarespace - dodaj kalendarz wydarze\u0144 do Squarespace [2025]","og_description":"Dzi\u0119ki Elfsight zaprojektuj najlepsz\u0105 wtyczk\u0119 Kalendarza wydarze\u0144 i szybko dodaj j\u0105 do swojej witryny Squarespace. Oferujemy bezp\u0142atn\u0105 obs\u0142ug\u0119 klienta i inne bonusy.","og_url":"https:\/\/elfsight.com\/pl\/event-calendar-widget\/squarespace\/","og_site_name":"Elfsight PL","article_modified_time":"2024-11-14T09:25:58+00:00","twitter_card":"summary_large_image","twitter_misc":{"Szacowany czas czytania":"3 minuty"},"schema":{"@context":"https:\/\/schema.org","@graph":[{"@type":"WebPage","@id":"https:\/\/elfsight.com\/pl\/event-calendar-widget\/squarespace\/","url":"https:\/\/elfsight.com\/pl\/event-calendar-widget\/squarespace\/","name":"Wid\u017cet kalendarza wydarze\u0144 Squarespace - dodaj kalendarz wydarze\u0144 do Squarespace [2025]","isPartOf":{"@id":"https:\/\/elfsight.com\/pl\/#website"},"datePublished":"2024-05-03T06:35:01+00:00","dateModified":"2024-11-14T09:25:58+00:00","description":"Dzi\u0119ki Elfsight zaprojektuj najlepsz\u0105 wtyczk\u0119 Kalendarza wydarze\u0144 i szybko dodaj j\u0105 do swojej witryny Squarespace. Oferujemy bezp\u0142atn\u0105 obs\u0142ug\u0119 klienta i inne bonusy.","breadcrumb":{"@id":"https:\/\/elfsight.com\/pl\/event-calendar-widget\/squarespace\/#breadcrumb"},"inLanguage":"pl-PL","potentialAction":[{"@type":"ReadAction","target":["https:\/\/elfsight.com\/pl\/event-calendar-widget\/squarespace\/"]}]},{"@type":"BreadcrumbList","@id":"https:\/\/elfsight.com\/pl\/event-calendar-widget\/squarespace\/#breadcrumb","itemListElement":[{"@type":"ListItem","position":1,"name":"Home","item":"https:\/\/elfsight.com\/pl\/"},{"@type":"ListItem","position":2,"name":"Event Calendar","item":"https:\/\/elfsight.com\/pl\/event-calendar-widget\/"},{"@type":"ListItem","position":3,"name":"Event Calendar &#8211; Squarespace"}]},{"@type":"WebSite","@id":"https:\/\/elfsight.com\/pl\/#website","url":"https:\/\/elfsight.com\/pl\/","name":"Elfsight PL","description":"Just another Elfsight Sites site","potentialAction":[{"@type":"SearchAction","target":{"@type":"EntryPoint","urlTemplate":"https:\/\/elfsight.com\/pl\/?s={search_term_string}"},"query-input":{"@type":"PropertyValueSpecification","valueRequired":true,"valueName":"search_term_string"}}],"inLanguage":"pl-PL"}]}},"meta_box":{"industry":"","seo_heading":"","heading":"","description":"","cta_heading":"","cta_description":"","application":"2320","h1":"Wtyczka Kalendarza wydarze\u0144 Squarespace","h1_caption":"Zarz\u0105dzaj i udost\u0119pniaj wydarzenia w swojej witrynie za pomoc\u0105 interaktywnego i przyjaznego dla u\u017cytkownika kalendarza wydarze\u0144 w witrynie Squarespace bez wysi\u0142ku.","application_category":[],"applications_title":"","applications_request_title":"","applications_request_button_text":"","hero_text":"","hero_video":"","hero_video_schema_markup":"","selling_points_title":"","selling_points_caption":"","selling_points":[],"selling_points_cta_text":"","features_title":"","features":"","ed_cta_examples_text":"","ed_cta_examples_hidden":"","ed_cta_demo_text":"","ed_cta_demo_hidden":"","why_caption":"","why_editor_title":"","why_editor_text":"","why_team_title":"","why_team_text":"","why_service_title":"","why_service_text":"","template_catalog_visible":"0","template_catalog_title":"","template_catalog_text":"","template_catalog_categories_visible":"","demo_title":"Utw\u00f3rz wtyczk\u0119 Kalendarza wydarze\u0144","demo_caption":"Skonfiguruj sw\u00f3j Kalendarz wydarze\u0144 i dodaj go do swojej witryny Squarespace za darmo!","default_faq_hidden":"","app_template_category":[],"platform":"7588","template_public_id":"","codecanyon_url":"","codecanyon_item_id":"","codecanyon_price":"","pricing_caption":"","pricing_elfsight_apps_hide_column":"","pricing_elfsight_apps_url":"","pricing_codecanyon_price_caption":"","integration_category":[],"integration_request_title":"","integration_request_cta":"","integration_platform":"","integrations":[],"platform_category":[],"video_schema_markup":"","price":"od 0 USD \/ miesi\u0105c","trial":"","benefits":[{"text":"Bezp\u0142atna pomoc w monta\u017cu"},{"text":"Kompetentna obs\u0142uga klienta"},{"text":"14-dniowa gwarancja zwrotu pieni\u0119dzy"}],"button_url":"#demo","button_target_blank":"0","button_nofollow":"0","attributes":[{"name":"Instaluje","content":"100,000 - 500,000"},{"name":"Czu\u0142y","content":"Tak"},{"name":"Kompatybilne przegl\u0105darki","content":"IE11, Firefox, Safari, Opera, Chrome, Edge"}],"tags":[],"tags_disable_links":"0","hide_more_platforms":"","video_object":"","demo_hide_cta":"0","demo_hide_cloud_options":"0","pricing_title":"","pricing":[{"pricing_icon":"platform","pricing_title":"Elfsight Apps","pricing_title_caption":"Wersja wieloplatformowa, kt\u00f3ra dzia\u0142a na ka\u017cdej stronie internetowej","pricing_price":"od 0 USD \/ miesi\u0105c","pricing_price_caption":"zacznij od bezp\u0142atnego planu","pricing_benefits":[{"text":"Nielimitowane domeny"},{"text":"Ca\u0142odobowa obs\u0142uga klienta, dobrze udokumentowana"},{"text":"Bezp\u0142atna pomoc w instalacji"},{"text":"100% konfigurowalny"}],"pricing_button_text":"Dodaj do witryny","pricing_button_url":"#demo"}],"related_apps_title":"","related_apps_hidden":"0","author":"","image":[],"title":"","job":"","social_networks":[]},"_links":{"self":[{"href":"https:\/\/elfsight.com\/pl\/wp-json\/wp\/v2\/pages\/4950","targetHints":{"allow":["GET"]}}],"collection":[{"href":"https:\/\/elfsight.com\/pl\/wp-json\/wp\/v2\/pages"}],"about":[{"href":"https:\/\/elfsight.com\/pl\/wp-json\/wp\/v2\/types\/page"}],"author":[{"embeddable":true,"href":"https:\/\/elfsight.com\/pl\/wp-json\/wp\/v2\/users\/9"}],"replies":[{"embeddable":true,"href":"https:\/\/elfsight.com\/pl\/wp-json\/wp\/v2\/comments?post=4950"}],"version-history":[{"count":2,"href":"https:\/\/elfsight.com\/pl\/wp-json\/wp\/v2\/pages\/4950\/revisions"}],"predecessor-version":[{"id":7752,"href":"https:\/\/elfsight.com\/pl\/wp-json\/wp\/v2\/pages\/4950\/revisions\/7752"}],"up":[{"embeddable":true,"href":"https:\/\/elfsight.com\/pl\/wp-json\/wp\/v2\/pages\/2321"}],"wp:attachment":[{"href":"https:\/\/elfsight.com\/pl\/wp-json\/wp\/v2\/media?parent=4950"}],"curies":[{"name":"wp","href":"https:\/\/api.w.org\/{rel}","templated":true}]}}