{"id":4949,"date":"2024-05-03T06:35:00","date_gmt":"2024-05-03T06:35:00","guid":{"rendered":"https:\/\/elfsight.com\/pl\/?page_id=4949"},"modified":"2024-11-14T09:25:58","modified_gmt":"2024-11-14T09:25:58","slug":"webflow","status":"publish","type":"page","link":"https:\/\/elfsight.com\/pl\/event-calendar-widget\/webflow\/","title":{"rendered":"Event Calendar &#8211; Webflow"},"content":{"rendered":"\n<div class=\"application-platform-content-item-description application-platform-content-item\" id=\"description\" data-nav-section=\"description\"> <h2>Osad\u017a kalendarz wydarze\u0144 za pomoc\u0105 wid\u017cetu Elfsight<\/h2> <p>Kalendarz wydarze\u0144 Elfsight Webflow to imponuj\u0105cy widget umo\u017cliwiaj\u0105cy \u0142atwe udost\u0119pnianie wydarze\u0144 swoim znajomym publiczno\u015b\u0107. Zawiera wiele opcji prezentowania nadchodz\u0105cych wydarze\u0144 w najbardziej reprezentatywny spos\u00f3b. Spersonalizuj go, aby po\u0142\u0105czy\u0107 projekt z estetyk\u0105 Twojej witryny. Tw\u00f3rz wiele wydarze\u0144, dodawaj r\u00f3\u017cne tagi, przesy\u0142aj w\u0142asne zdj\u0119cia i filmy dzi\u0119ki integracji z kalendarzem Webflow i informuj u\u017cytkownik\u00f3w o swoim planie.<\/p> <p><b>Kalendarz wydarze\u0144 mo\u017ce pom\u00f3c Ci szybko wy\u015bwietli\u0107 przysz\u0142e wydarzenia i podnie\u015b wsp\u00f3\u0142czynnik zaanga\u017cowania na swojej stronie.<\/b><\/p> <\/div> <div class=\"application-platform-content-item-features application-platform-content-item\" id=\"features\" data-nav-section=\"features\"> <h2>G\u0142\u00f3wne cechy Widgetu Kalendarza wydarze\u0144<\/h2> <p>Sprawd\u017a wszystkie cechy funkcjonalne Kalendarz wydarze\u0144 Webflow. S\u0105 one dost\u0119pne bezpo\u015brednio w edytorze i pomog\u0105 Ci dostosowa\u0107 widget do Twoich potrzeb. <\/p> <ul> <li>Wykorzystaj praktyczne mo\u017cliwo\u015bci dotycz\u0105ce tre\u015bci, aby dostosowa\u0107 wid\u017cet do swojego rodzaju aktywno\u015bci. <\/li> <li>Pozw\u00f3l u\u017cytkownikom dodawa\u0107 wydarzenia do najcz\u0119\u015bciej u\u017cywanych kalendarzy. <\/li> <li>Tw\u00f3rz r\u00f3\u017cne typy wydarze\u0144, okre\u015blaj lokalizacje i dodawaj gospodarzy. <\/li> <li>Skategoryzuj wszystkie swoje dzia\u0142ania i nadaj im tagi. <\/li> <li>Wyr\u00f3\u017cnij 4 opcje uk\u0142adu. <\/li> <\/ul> <p><a href=\"#demo\">Mo\u017cesz wypr\u00f3bowa\u0107 wszystkie funkcje wid\u017cetu bezpo\u015brednio w wersji demonstracyjnej<\/a><\/p> <\/div> <div class=\"application-platform-content-item-installation application-platform-content-item\" id=\"installation\" data-nav-section=\"installation\"> <h2>Jak mog\u0119 zintegrowa\u0107 Kalendarz wydarze\u0144 z Webflow? <\/h2> <div class=\"video-container\"><iframe width=\"720\" height=\"405\" src=\"https:\/\/www.youtube.com\/embed\/BGvdF7bCzQM\" frameborder=\"0\" allowfullscreen=\"\"><\/iframe><\/div><p>Integracja kalendarza jest prosta i przejrzysta dla ka\u017cdego redaktora strony internetowej. Aby aktywowa\u0107 widget, wykonaj kilka szybkich krok\u00f3w. <\/p> <ul> <li><b>Zaprojektuj sw\u00f3j spersonalizowany wid\u017cet Kalendarza<\/b><br> Korzystaj\u0105c z naszej bezp\u0142atnej wersji demonstracyjnej, utw\u00f3rz wtyczk\u0119 o preferowanym sk\u0142adzie i funkcjach. <\/li> <li><b>Zdob\u0105d\u017a indywidualny kod, aby doda\u0107 wid\u017cet<\/b><br> Po ustawieniu wid\u017cetu otrzymasz unikalny kod z wyskakuj\u0105cego okna aplikacji Elfsight. Skopiuj to. <\/li> <li><b>Opublikuj wid\u017cet na swojej stronie internetowej<\/b><br> Wybierz miejsce, w kt\u00f3rym chcesz <a href=\"https:\/\/elfsight.com\/blog\/how-to-add-event-calendar-to-webflow-for-free\/\">osad\u017a wtyczk\u0119 Kalendarza wydarze\u0144 na stronie Webflow<\/a> i wklej tam zapisany kod. Zastosuj zmiany. <\/li><li><b>Integracja z kalendarzem zosta\u0142a zako\u0144czona<\/b><br> Wejd\u017a na stron\u0119, aby sprawdzi\u0107 sw\u00f3j kalendarz. <\/li> <\/ul> <p>Nie zastanawiaj si\u0119 dwa razy, aby skontaktowa\u0107 si\u0119 z dzia\u0142em pomocy technicznej, gdy potrzebujesz porady lub masz problemy. Nasi specjali\u015bci s\u0142u\u017c\u0105 pomoc\u0105 przy ka\u017cdym zapytaniu. <\/p> <\/div>\n","protected":false},"excerpt":{"rendered":"","protected":false},"author":9,"featured_media":0,"parent":2321,"menu_order":0,"comment_status":"closed","ping_status":"closed","template":"templates\/template-application-platform.php","meta":{"publish_to_discourse":"","publish_post_category":"","wpdc_auto_publish_overridden":"","wpdc_topic_tags":"","wpdc_pin_topic":"","wpdc_pin_until":"","discourse_post_id":"","discourse_permalink":"","wpdc_publishing_response":"","wpdc_publishing_error":"","footnotes":""},"class_list":["post-4949","page","type-page","status-publish","hentry"],"yoast_head":"<!-- This site is optimized with the Yoast SEO plugin v25.3.1 - https:\/\/yoast.com\/wordpress\/plugins\/seo\/ -->\n<title>Widget kalendarza wydarze\u0144 Webflow - dodaj kalendarz wydarze\u0144 do witryny Webflow [2025]<\/title>\n<meta name=\"description\" content=\"Dzi\u0119ki Elfsight zaprojektuj wid\u017cet Kalendarza wydarze\u0144 i szybko dodaj go do swojej witryny Webflow. Oferujemy bezp\u0142atn\u0105 obs\u0142ug\u0119 klienta i inne bonusy.\" \/>\n<meta name=\"robots\" content=\"index, follow, max-snippet:-1, max-image-preview:large, max-video-preview:-1\" \/>\n<link rel=\"canonical\" href=\"https:\/\/elfsight.com\/pl\/event-calendar-widget\/webflow\/\" \/>\n<meta property=\"og:locale\" content=\"pl_PL\" \/>\n<meta property=\"og:type\" content=\"article\" \/>\n<meta property=\"og:title\" content=\"Widget kalendarza wydarze\u0144 Webflow - dodaj kalendarz wydarze\u0144 do witryny Webflow [2025]\" \/>\n<meta property=\"og:description\" content=\"Dzi\u0119ki Elfsight zaprojektuj wid\u017cet Kalendarza wydarze\u0144 i szybko dodaj go do swojej witryny Webflow. Oferujemy bezp\u0142atn\u0105 obs\u0142ug\u0119 klienta i inne bonusy.\" \/>\n<meta property=\"og:url\" content=\"https:\/\/elfsight.com\/pl\/event-calendar-widget\/webflow\/\" \/>\n<meta property=\"og:site_name\" content=\"Elfsight PL\" \/>\n<meta property=\"article:modified_time\" content=\"2024-11-14T09:25:58+00:00\" \/>\n<meta name=\"twitter:card\" content=\"summary_large_image\" \/>\n<meta name=\"twitter:label1\" content=\"Szacowany czas czytania\" \/>\n\t<meta name=\"twitter:data1\" content=\"2 minuty\" \/>\n<!-- \/ Yoast SEO plugin. -->","yoast_head_json":{"title":"Widget kalendarza wydarze\u0144 Webflow - dodaj kalendarz wydarze\u0144 do witryny Webflow [2025]","description":"Dzi\u0119ki Elfsight zaprojektuj wid\u017cet Kalendarza wydarze\u0144 i szybko dodaj go do swojej witryny Webflow. Oferujemy bezp\u0142atn\u0105 obs\u0142ug\u0119 klienta i inne bonusy.","robots":{"index":"index","follow":"follow","max-snippet":"max-snippet:-1","max-image-preview":"max-image-preview:large","max-video-preview":"max-video-preview:-1"},"canonical":"https:\/\/elfsight.com\/pl\/event-calendar-widget\/webflow\/","og_locale":"pl_PL","og_type":"article","og_title":"Widget kalendarza wydarze\u0144 Webflow - dodaj kalendarz wydarze\u0144 do witryny Webflow [2025]","og_description":"Dzi\u0119ki Elfsight zaprojektuj wid\u017cet Kalendarza wydarze\u0144 i szybko dodaj go do swojej witryny Webflow. Oferujemy bezp\u0142atn\u0105 obs\u0142ug\u0119 klienta i inne bonusy.","og_url":"https:\/\/elfsight.com\/pl\/event-calendar-widget\/webflow\/","og_site_name":"Elfsight PL","article_modified_time":"2024-11-14T09:25:58+00:00","twitter_card":"summary_large_image","twitter_misc":{"Szacowany czas czytania":"2 minuty"},"schema":{"@context":"https:\/\/schema.org","@graph":[{"@type":"WebPage","@id":"https:\/\/elfsight.com\/pl\/event-calendar-widget\/webflow\/","url":"https:\/\/elfsight.com\/pl\/event-calendar-widget\/webflow\/","name":"Widget kalendarza wydarze\u0144 Webflow - dodaj kalendarz wydarze\u0144 do witryny Webflow [2025]","isPartOf":{"@id":"https:\/\/elfsight.com\/pl\/#website"},"datePublished":"2024-05-03T06:35:00+00:00","dateModified":"2024-11-14T09:25:58+00:00","description":"Dzi\u0119ki Elfsight zaprojektuj wid\u017cet Kalendarza wydarze\u0144 i szybko dodaj go do swojej witryny Webflow. Oferujemy bezp\u0142atn\u0105 obs\u0142ug\u0119 klienta i inne bonusy.","breadcrumb":{"@id":"https:\/\/elfsight.com\/pl\/event-calendar-widget\/webflow\/#breadcrumb"},"inLanguage":"pl-PL","potentialAction":[{"@type":"ReadAction","target":["https:\/\/elfsight.com\/pl\/event-calendar-widget\/webflow\/"]}]},{"@type":"BreadcrumbList","@id":"https:\/\/elfsight.com\/pl\/event-calendar-widget\/webflow\/#breadcrumb","itemListElement":[{"@type":"ListItem","position":1,"name":"Home","item":"https:\/\/elfsight.com\/pl\/"},{"@type":"ListItem","position":2,"name":"Event Calendar","item":"https:\/\/elfsight.com\/pl\/event-calendar-widget\/"},{"@type":"ListItem","position":3,"name":"Event Calendar &#8211; Webflow"}]},{"@type":"WebSite","@id":"https:\/\/elfsight.com\/pl\/#website","url":"https:\/\/elfsight.com\/pl\/","name":"Elfsight PL","description":"Just another Elfsight Sites site","potentialAction":[{"@type":"SearchAction","target":{"@type":"EntryPoint","urlTemplate":"https:\/\/elfsight.com\/pl\/?s={search_term_string}"},"query-input":{"@type":"PropertyValueSpecification","valueRequired":true,"valueName":"search_term_string"}}],"inLanguage":"pl-PL"}]}},"meta_box":{"industry":"","seo_heading":"","heading":"","description":"","cta_heading":"","cta_description":"","application":"2320","h1":"Widget Kalendarza wydarze\u0144 Webflow","h1_caption":"Zarz\u0105dzaj i udost\u0119pniaj wydarzenia w swojej witrynie internetowej za pomoc\u0105 interaktywnego i przyjaznego dla u\u017cytkownika kalendarza wydarze\u0144 w witrynie Webflow.","application_category":[],"applications_title":"","applications_request_title":"","applications_request_button_text":"","hero_text":"","hero_video":"","hero_video_schema_markup":"","selling_points_title":"","selling_points_caption":"","selling_points":[],"selling_points_cta_text":"","features_title":"","features":"","ed_cta_examples_text":"","ed_cta_examples_hidden":"","ed_cta_demo_text":"","ed_cta_demo_hidden":"","why_caption":"","why_editor_title":"","why_editor_text":"","why_team_title":"","why_team_text":"","why_service_title":"","why_service_text":"","template_catalog_visible":"0","template_catalog_title":"","template_catalog_text":"","template_catalog_categories_visible":"","demo_title":"Utw\u00f3rz wid\u017cet Kalendarza wydarze\u0144","demo_caption":"Skonfiguruj sw\u00f3j Kalendarz wydarze\u0144 i dodaj go za darmo do swojej witryny Webflow!","default_faq_hidden":"","app_template_category":[],"platform":"127","template_public_id":"","codecanyon_url":"","codecanyon_item_id":"","codecanyon_price":"","pricing_caption":"","pricing_elfsight_apps_hide_column":"","pricing_elfsight_apps_url":"","pricing_codecanyon_price_caption":"","integration_category":[],"integration_request_title":"","integration_request_cta":"","integration_platform":"","integrations":[],"platform_category":[],"video_schema_markup":"","price":"od 0 USD \/ miesi\u0105c","trial":"","benefits":[{"text":"Bezp\u0142atna pomoc w monta\u017cu"},{"text":"Do\u015bwiadczona obs\u0142uga klienta"},{"text":"14-dniowa gwarancja zwrotu pieni\u0119dzy"}],"button_url":"#demo","button_target_blank":"0","button_nofollow":"0","attributes":[{"name":"Instaluje","content":"100,000 - 500,000"},{"name":"Czu\u0142y","content":"Tak"},{"name":"Kompatybilne przegl\u0105darki","content":"IE11, Firefox, Safari, Opera, Chrome, Edge"}],"tags":[],"tags_disable_links":"0","hide_more_platforms":"","video_object":"","demo_hide_cta":"0","demo_hide_cloud_options":"0","pricing_title":"","pricing":[{"pricing_icon":"platform","pricing_title":"Elfsight Apps","pricing_title_caption":"Oprogramowanie niezale\u017cne od platformy","pricing_price":"od 0 USD \/ miesi\u0105c","pricing_price_caption":"zacznij od bezp\u0142atnego planu","pricing_benefits":[{"text":"Nielimitowane strony internetowe"},{"text":"Szybka obs\u0142uga klienta"},{"text":"Bezp\u0142atna us\u0142uga monta\u017cu"},{"text":"Oferta specjalna na wiele aplikacji"}],"pricing_button_text":"Dodaj do witryny","pricing_button_url":"#demo"}],"related_apps_title":"","related_apps_hidden":"0","author":"","image":[],"title":"","job":"","social_networks":[]},"_links":{"self":[{"href":"https:\/\/elfsight.com\/pl\/wp-json\/wp\/v2\/pages\/4949","targetHints":{"allow":["GET"]}}],"collection":[{"href":"https:\/\/elfsight.com\/pl\/wp-json\/wp\/v2\/pages"}],"about":[{"href":"https:\/\/elfsight.com\/pl\/wp-json\/wp\/v2\/types\/page"}],"author":[{"embeddable":true,"href":"https:\/\/elfsight.com\/pl\/wp-json\/wp\/v2\/users\/9"}],"replies":[{"embeddable":true,"href":"https:\/\/elfsight.com\/pl\/wp-json\/wp\/v2\/comments?post=4949"}],"version-history":[{"count":3,"href":"https:\/\/elfsight.com\/pl\/wp-json\/wp\/v2\/pages\/4949\/revisions"}],"predecessor-version":[{"id":8502,"href":"https:\/\/elfsight.com\/pl\/wp-json\/wp\/v2\/pages\/4949\/revisions\/8502"}],"up":[{"embeddable":true,"href":"https:\/\/elfsight.com\/pl\/wp-json\/wp\/v2\/pages\/2321"}],"wp:attachment":[{"href":"https:\/\/elfsight.com\/pl\/wp-json\/wp\/v2\/media?parent=4949"}],"curies":[{"name":"wp","href":"https:\/\/api.w.org\/{rel}","templated":true}]}}