{"id":4942,"date":"2024-05-03T06:34:57","date_gmt":"2024-05-03T06:34:57","guid":{"rendered":"https:\/\/elfsight.com\/pl\/?page_id=4942"},"modified":"2025-12-18T17:24:48","modified_gmt":"2025-12-18T17:24:48","slug":"wix","status":"publish","type":"page","link":"https:\/\/elfsight.com\/pl\/event-calendar-widget\/wix\/","title":{"rendered":"Event Calendar &#8211; Wix"},"content":{"rendered":"<div class=\"application-platform-content-item-description application-platform-content-item\" id=\"description\" data-nav-section=\"description\"> <h2>Osad\u017a kalendarz wydarze\u0144 za pomoc\u0105 wid\u017cetu Elfsight<\/h2> <p>Kalendarz Elfsight to zaawansowana aplikacja, kt\u00f3ra umo\u017cliwia \u0142atwe udost\u0119pnianie wydarze\u0144 innym osobom \u015bwiat. Daje wiele mo\u017cliwo\u015bci pokazania nadchodz\u0105cych dzia\u0142a\u0144 w najbardziej reprezentatywny spos\u00f3b. Spersonalizuj go, aby po\u0142\u0105czy\u0107 projekt z estetyk\u0105 Twojej witryny. Tw\u00f3rz wiele wydarze\u0144, dodawaj tagi, przesy\u0142aj w\u0142asne zdj\u0119cia i filmy i informuj odbiorc\u00f3w o swoim harmonogramie. Wid\u017cet kalendarza ma wszystko, aby zwi\u0119kszy\u0107 zaanga\u017cowanie u\u017cytkownik\u00f3w.<\/p><p><b>Aplikacja Kalendarz wydarze\u0144 Elfsight mo\u017ce pom\u00f3c Ci bez wysi\u0142ku wy\u015bwietla\u0107 nadchodz\u0105ce wydarzenia i zwi\u0119ksza\u0107 wska\u017anik zaanga\u017cowania w Twojej witrynie. Skorzystaj z wid\u017cetu kalendarza i jego mo\u017cliwo\u015bci zarz\u0105dzania wydarzeniami.<\/b><\/p> <\/div><div class=\"application-platform-content-item-features application-platform-content-item\" id=\"features\" data-nav-section=\"features\"> <h2>G\u0142\u00f3wne funkcje aplikacji Kalendarz wydarze\u0144<\/h2> <p>Kalendarz widget jest wyposa\u017cony we wszystko, co mo\u017ce Ci s\u0142u\u017cy\u0107. Mo\u017cesz osadza\u0107 i porz\u0105dkowa\u0107 wydarzenia w kalendarzu Wix dzi\u0119ki jego elastycznym ustawieniom. Oto lista wszystkich cech funkcjonalnych Kalendarza Wydarze\u0144 Wix. S\u0105 one dost\u0119pne bezpo\u015brednio w edytorze i pomog\u0105 Ci ukszta\u0142towa\u0107 widget dok\u0142adnie pod Tw\u00f3j przypadek. <\/p> <ul> <li>Korzystaj z opcji tre\u015bci, kt\u00f3re mo\u017cna dostosowa\u0107, aby dostosowa\u0107 narz\u0119dzie do swojego rodzaju dzia\u0142a\u0144. <\/li> <li>Pozw\u00f3l u\u017cytkownikom dodawa\u0107 wydarzenia do cz\u0119sto u\u017cywanych kalendarzy. <\/li> <li>Generuj r\u00f3\u017cne typy wydarze\u0144, okre\u015blaj lokalizacje i dodawaj gospodarzy. <\/li> <li>Skategoryzuj wszystkie swoje wydarzenia i nadaj im tagi. <\/li> <li>Wybierz jedn\u0105 z czterech opcji uk\u0142adu. <\/li> <\/ul> <p><a href=\"#demo\">Sprawd\u017a wszystkie pozosta\u0142e funkcje w wersji demonstracyjnej<\/a><\/p> <\/div><div class=\"application-platform-content-item-installation application-platform-content-item\" id=\"installation\" data-nav-section=\"installation\"> <h2> Jak doda\u0107 Kalendarz wydarze\u0144 do Wix?<\/h2> <div class=\"video-container\"><iframe width=\"720\" height=\"405\" src=\"https:\/\/www.youtube.com\/embed\/gXzGsQjsh9Y?si=Dl3uBIAVlqJaPn_B\" frameborder=\"0\" allowfullscreen=\"\"><\/iframe><\/div><p>Aby osadzi\u0107 wid\u017cet, post\u0119puj zgodnie z poni\u017cszymi instrukcjami. <\/p> <ul> <li><b>Wygeneruj w\u0142asn\u0105 aplikacj\u0119 Events<\/b><br> Zarz\u0105dzaj\u0105c naszym bezp\u0142atnym konfiguratorem, wygeneruj widget z wybranym uk\u0142adem i cechami funkcjonalnymi. <\/li> <li><b>Odbierz osobisty kod do skonfigurowania aplikacji<\/b><br> Po wygenerowaniu wid\u017cetu otrzymasz indywidualny kod z wy\u015bwietlonego okna aplikacji Elfsight. Skopiuj ten kod do p\u00f3\u017aniejszego wykorzystania. <\/li> <li><b>Dodaj Kalendarz do swojej witryny<\/b><br> Okre\u015bl miejsce, w kt\u00f3rym planujesz wy\u015bwietla\u0107 wid\u017cet i wstaw tam skopiowany kod. Zapisz wyniki. <\/li> <li><b>Gratulacje! W\u0142a\u015bnie skonfigurowa\u0142e\u015b aplikacj\u0119!<\/b><br> Wejd\u017a na stron\u0119 i obejrzyj swoj\u0105 prac\u0119. <\/li> <\/ul> <p>Nie wahaj si\u0119 skontaktowa\u0107 z obs\u0142ug\u0105 klienta, je\u015bli potrzebujesz porady lub masz pytania. Ch\u0119tnie pomo\u017cemy w ka\u017cdym zapytaniu. <\/p> <\/div><div class=\"faq\" data-component=\"FAQ\"><div class=\"faq-item\">\r\n\t\t\t\t\t<div class=\"faq-item-question\">\r\n\t\t\t\t\t\t<h3 class=\"faq-item-question-text\">Dlaczego firmy dodaj\u0105 Kalendarz wydarze\u0144 do stron Wix?<\/h3>\r\n\r\n\t\t\t\t\t\t<div class=\"faq-item-question-icon\"><\/div>\r\n\t\t\t\t\t<\/div>\r\n\r\n\t\t\t\t\t<div class=\"faq-item-answer\">\r\n\t\t\t\t\t\t<div class=\"faq-item-answer-text\"><p>Interaktywny kalendarz wydarze\u0144 dla Wix generuje \u015bwiadomo\u015b\u0107 na temat w najlepszy spos\u00f3b obszar zainteresowa\u0144 Twojego przedsi\u0119biorstwa. Co wa\u017cniejsze, poprawia widoczno\u015b\u0107 Twojej firmy w miar\u0119 tworzenia wi\u0119kszej liczby wydarze\u0144. Mo\u017cesz wy\u015bwietli\u0107 aplikacj\u0119 kalendarza wydarze\u0144 na wszystkich stronach swojej witryny Wix lub tylko na wybranych.<\/p><p>Kalendarz wydarze\u0144 na Twojej witrynie pozwala tak\u017ce na osadzanie nowych tre\u015bci na Twojej witrynie, co zawsze jest dobrym znakiem dla wyszukiwania silniki. Osoby te zawsze przegl\u0105daj\u0105 Twoj\u0105 witryn\u0119 i odkrywaj\u0105c nowe tre\u015bci, oceniaj\u0105 j\u0105 jako znacznie trafniejsz\u0105 i mog\u0105 zwi\u0119kszy\u0107 szanse na wy\u015bwietlenie Twojej witryny, gdy potencjalni klienci b\u0119d\u0105 szuka\u0107 jej w Internecie. Opr\u00f3cz wydarze\u0144, je\u015bli zdecydujesz si\u0119 doda\u0107 kalendarz na swojej stronie Wix, mo\u017ce on wnie\u015b\u0107 warto\u015b\u0107 dla Twojej firmy w oczach Twoich klient\u00f3w.<\/p> <p>Mo\u017cesz skorzysta\u0107 z kalendarza wydarze\u0144, aby zapewni\u0107 wi\u0119cej interakcji w\u015br\u00f3d swoich klient\u00f3w. Podobnie jak w przypadku post\u00f3w na blogu, integracja kalendarza Wix mo\u017ce pom\u00f3c Ci w interakcji z klientami, umo\u017cliwiaj\u0105c im zapisanie si\u0119 na okre\u015blone wydarzenia, a nawet mo\u017cliwo\u015b\u0107 rekomendowania innych wydarze\u0144, w kt\u00f3rych mog\u0105 chcie\u0107 wzi\u0105\u0107 udzia\u0142. Zaimplementowanie takiej funkcji w celu zademonstrowania zdarze\u0144 na Twojej witrynie Wix jest naprawd\u0119 \u0142atwe.<\/p> <\/div>\r\n\t\t\t\t\t<\/div>\r\n\t\t\t\t<\/div><\/div>","protected":false},"excerpt":{"rendered":"","protected":false},"author":9,"featured_media":0,"parent":2321,"menu_order":0,"comment_status":"closed","ping_status":"closed","template":"templates\/template-application-platform.php","meta":{"publish_to_discourse":"","publish_post_category":"","wpdc_auto_publish_overridden":"","wpdc_topic_tags":"","wpdc_pin_topic":"","wpdc_pin_until":"","discourse_post_id":"","discourse_permalink":"","wpdc_publishing_response":"","wpdc_publishing_error":"","footnotes":""},"class_list":["post-4942","page","type-page","status-publish","hentry"],"yoast_head":"<!-- This site is optimized with the Yoast SEO plugin v25.3.1 - https:\/\/yoast.com\/wordpress\/plugins\/seo\/ -->\n<title>Widget Kalendarza Wydarze\u0144 Wix - Dodaj Kalendarz Wydarze\u0144 do Strony Wix [ 2026 ]<\/title>\n<meta name=\"description\" content=\"Dzi\u0119ki Elfsight zaprojektuj wtyczk\u0119 Kalendarza Wydarze\u0144 i szybko dodaj j\u0105 na swojej stronie Wix. Oferujemy bezp\u0142atn\u0105 obs\u0142ug\u0119 klienta i inne bonusy.\" \/>\n<meta name=\"robots\" content=\"index, follow, max-snippet:-1, max-image-preview:large, max-video-preview:-1\" \/>\n<link rel=\"canonical\" href=\"https:\/\/elfsight.com\/pl\/event-calendar-widget\/wix\/\" \/>\n<meta property=\"og:locale\" content=\"pl_PL\" \/>\n<meta property=\"og:type\" content=\"article\" \/>\n<meta property=\"og:title\" content=\"Widget Kalendarza Wydarze\u0144 Wix - Dodaj Kalendarz Wydarze\u0144 do Strony Wix [ 2026 ]\" \/>\n<meta property=\"og:description\" content=\"Dzi\u0119ki Elfsight zaprojektuj wtyczk\u0119 Kalendarza Wydarze\u0144 i szybko dodaj j\u0105 na swojej stronie Wix. Oferujemy bezp\u0142atn\u0105 obs\u0142ug\u0119 klienta i inne bonusy.\" \/>\n<meta property=\"og:url\" content=\"https:\/\/elfsight.com\/pl\/event-calendar-widget\/wix\/\" \/>\n<meta property=\"og:site_name\" content=\"Elfsight PL\" \/>\n<meta property=\"article:modified_time\" content=\"2025-12-18T17:24:48+00:00\" \/>\n<meta name=\"twitter:card\" content=\"summary_large_image\" \/>\n<meta name=\"twitter:label1\" content=\"Szacowany czas czytania\" \/>\n\t<meta name=\"twitter:data1\" content=\"3 minuty\" \/>\n<!-- \/ Yoast SEO plugin. -->","yoast_head_json":{"title":"Widget Kalendarza Wydarze\u0144 Wix - Dodaj Kalendarz Wydarze\u0144 do Strony Wix [ 2026 ]","description":"Dzi\u0119ki Elfsight zaprojektuj wtyczk\u0119 Kalendarza Wydarze\u0144 i szybko dodaj j\u0105 na swojej stronie Wix. Oferujemy bezp\u0142atn\u0105 obs\u0142ug\u0119 klienta i inne bonusy.","robots":{"index":"index","follow":"follow","max-snippet":"max-snippet:-1","max-image-preview":"max-image-preview:large","max-video-preview":"max-video-preview:-1"},"canonical":"https:\/\/elfsight.com\/pl\/event-calendar-widget\/wix\/","og_locale":"pl_PL","og_type":"article","og_title":"Widget Kalendarza Wydarze\u0144 Wix - Dodaj Kalendarz Wydarze\u0144 do Strony Wix [ 2026 ]","og_description":"Dzi\u0119ki Elfsight zaprojektuj wtyczk\u0119 Kalendarza Wydarze\u0144 i szybko dodaj j\u0105 na swojej stronie Wix. Oferujemy bezp\u0142atn\u0105 obs\u0142ug\u0119 klienta i inne bonusy.","og_url":"https:\/\/elfsight.com\/pl\/event-calendar-widget\/wix\/","og_site_name":"Elfsight PL","article_modified_time":"2025-12-18T17:24:48+00:00","twitter_card":"summary_large_image","twitter_misc":{"Szacowany czas czytania":"3 minuty"},"schema":{"@context":"https:\/\/schema.org","@graph":[{"@type":"WebPage","@id":"https:\/\/elfsight.com\/pl\/event-calendar-widget\/wix\/","url":"https:\/\/elfsight.com\/pl\/event-calendar-widget\/wix\/","name":"Widget Kalendarza Wydarze\u0144 Wix - Dodaj Kalendarz Wydarze\u0144 do Strony Wix [ 2026 ]","isPartOf":{"@id":"https:\/\/elfsight.com\/pl\/#website"},"datePublished":"2024-05-03T06:34:57+00:00","dateModified":"2025-12-18T17:24:48+00:00","description":"Dzi\u0119ki Elfsight zaprojektuj wtyczk\u0119 Kalendarza Wydarze\u0144 i szybko dodaj j\u0105 na swojej stronie Wix. Oferujemy bezp\u0142atn\u0105 obs\u0142ug\u0119 klienta i inne bonusy.","breadcrumb":{"@id":"https:\/\/elfsight.com\/pl\/event-calendar-widget\/wix\/#breadcrumb"},"inLanguage":"pl-PL","potentialAction":[{"@type":"ReadAction","target":["https:\/\/elfsight.com\/pl\/event-calendar-widget\/wix\/"]}]},{"@type":"BreadcrumbList","@id":"https:\/\/elfsight.com\/pl\/event-calendar-widget\/wix\/#breadcrumb","itemListElement":[{"@type":"ListItem","position":1,"name":"Home","item":"https:\/\/elfsight.com\/pl\/"},{"@type":"ListItem","position":2,"name":"Event Calendar","item":"https:\/\/elfsight.com\/pl\/event-calendar-widget\/"},{"@type":"ListItem","position":3,"name":"Event Calendar &#8211; Wix"}]},{"@type":"WebSite","@id":"https:\/\/elfsight.com\/pl\/#website","url":"https:\/\/elfsight.com\/pl\/","name":"Elfsight PL","description":"Just another Elfsight Sites site","potentialAction":[{"@type":"SearchAction","target":{"@type":"EntryPoint","urlTemplate":"https:\/\/elfsight.com\/pl\/?s={search_term_string}"},"query-input":{"@type":"PropertyValueSpecification","valueRequired":true,"valueName":"search_term_string"}}],"inLanguage":"pl-PL"}]}},"meta_box":{"industry":"","seo_heading":"","heading":"","description":"","cta_heading":"","cta_description":"","application":"2320","h1":"Aplikacja Kalendarza Wydarze\u0144 Wix","h1_caption":"Zarz\u0105dzaj i udost\u0119pniaj wydarzenia na swojej stronie internetowej za pomoc\u0105 interaktywnego i przyjaznego dla u\u017cytkownika kalendarza wydarze\u0144 na swojej stronie Wix.","application_category":[],"applications_title":"","applications_request_title":"","applications_request_button_text":"","hero_text":"","hero_video":"","hero_video_schema_markup":"","selling_points_title":"","selling_points_caption":"","selling_points":[],"selling_points_cta_text":"","features_title":"","features":"","ed_cta_examples_text":"","ed_cta_examples_hidden":"","ed_cta_demo_text":"","ed_cta_demo_hidden":"","why_caption":"","why_editor_title":"","why_editor_text":"","why_team_title":"","why_team_text":"","why_service_title":"","why_service_text":"","template_catalog_visible":"0","template_catalog_title":"","template_catalog_text":"","template_catalog_categories_visible":"","demo_title":"Utw\u00f3rz aplikacj\u0119 Kalendarza wydarze\u0144","demo_caption":"Skonfiguruj sw\u00f3j Kalendarz wydarze\u0144 i dodaj go do swojej witryny Wix za darmo!","default_faq_hidden":"","app_template_category":[],"platform":"30","template_public_id":"","codecanyon_url":"","codecanyon_item_id":"","codecanyon_price":"","pricing_caption":"","pricing_elfsight_apps_hide_column":"","pricing_elfsight_apps_url":"","pricing_codecanyon_price_caption":"","integration_category":[],"integration_request_title":"","integration_request_cta":"","integration_platform":"","integrations":[],"platform_category":[],"video_schema_markup":"","price":"od 0 USD \/ miesi\u0105c","trial":"","benefits":[{"text":"Bezp\u0142atna pomoc w monta\u017cu"},{"text":"Kompetentna obs\u0142uga klienta"},{"text":"14-dniowa gwarancja zwrotu pieni\u0119dzy"}],"button_url":"#demo","button_target_blank":"0","button_nofollow":"0","attributes":[{"name":"Instaluje","content":"100,000 - 500,000"},{"name":"Czu\u0142y","content":"Tak"},{"name":"Kompatybilne przegl\u0105darki","content":"IE11, Firefox, Safari, Opera, Chrome, Edge"}],"tags":[],"tags_disable_links":"0","hide_more_platforms":"0","video_object":"","demo_hide_cta":"0","demo_hide_cloud_options":"0","pricing_title":"","pricing":[{"pricing_icon":"platform","pricing_title":"Elfsight Apps","pricing_title_caption":"Wieloplatformowe rozwi\u0105zanie cyfrowe, kt\u00f3re dzia\u0142a w dowolnej witrynie","pricing_price":"od 0 USD \/ miesi\u0105c","pricing_price_caption":"zacznij od bezp\u0142atnego planu","pricing_benefits":[{"text":"Nieograniczona liczba domen"},{"text":"Profesjonalne wsparcie"},{"text":"Bezp\u0142atna us\u0142uga monta\u017cu"},{"text":"100% konfigurowalny"}],"pricing_button_text":"Dodaj do witryny","pricing_button_url":"#demo"}],"related_apps_title":"","related_apps_hidden":"0","author":"","image":[],"title":"","job":"","social_networks":[]},"_links":{"self":[{"href":"https:\/\/elfsight.com\/pl\/wp-json\/wp\/v2\/pages\/4942","targetHints":{"allow":["GET"]}}],"collection":[{"href":"https:\/\/elfsight.com\/pl\/wp-json\/wp\/v2\/pages"}],"about":[{"href":"https:\/\/elfsight.com\/pl\/wp-json\/wp\/v2\/types\/page"}],"author":[{"embeddable":true,"href":"https:\/\/elfsight.com\/pl\/wp-json\/wp\/v2\/users\/9"}],"replies":[{"embeddable":true,"href":"https:\/\/elfsight.com\/pl\/wp-json\/wp\/v2\/comments?post=4942"}],"version-history":[{"count":3,"href":"https:\/\/elfsight.com\/pl\/wp-json\/wp\/v2\/pages\/4942\/revisions"}],"predecessor-version":[{"id":10823,"href":"https:\/\/elfsight.com\/pl\/wp-json\/wp\/v2\/pages\/4942\/revisions\/10823"}],"up":[{"embeddable":true,"href":"https:\/\/elfsight.com\/pl\/wp-json\/wp\/v2\/pages\/2321"}],"wp:attachment":[{"href":"https:\/\/elfsight.com\/pl\/wp-json\/wp\/v2\/media?parent=4942"}],"curies":[{"name":"wp","href":"https:\/\/api.w.org\/{rel}","templated":true}]}}