{"id":4941,"date":"2024-05-03T06:34:56","date_gmt":"2024-05-03T06:34:56","guid":{"rendered":"https:\/\/elfsight.com\/pl\/?page_id=4941"},"modified":"2025-12-19T10:45:43","modified_gmt":"2025-12-19T10:45:43","slug":"wordpress","status":"publish","type":"page","link":"https:\/\/elfsight.com\/pl\/event-calendar-widget\/wordpress\/","title":{"rendered":"Event Calendar &#8211; WordPress"},"content":{"rendered":"\n<div class=\"application-platform-content-item-description application-platform-content-item\" id=\"description\" data-nav-section=\"description\"> <h2>Osad\u017a kalendarz wydarze\u0144 za pomoc\u0105 wid\u017cetu Elfsight<\/h2> <p>Wtyczka Kalendarz to niezwyk\u0142e narz\u0119dzie, kt\u00f3re pozwala bez wysi\u0142ku udost\u0119pnia\u0107 swoje wydarzenia reszta \u015bwiata. Ma wiele mo\u017cliwo\u015bci zaprezentowania nadchodz\u0105cych wydarze\u0144 w najbardziej reprezentacyjny spos\u00f3b. Spersonalizuj go, aby po\u0142\u0105czy\u0107 projekt z estetyk\u0105 swojej strony. Tw\u00f3rz wiele wydarze\u0144, dodawaj wiele tag\u00f3w, przesy\u0142aj w\u0142asne zdj\u0119cia i filmy i informuj odwiedzaj\u0105cych o swoim programie. Wszystko we wtyczce kalendarza zosta\u0142o stworzone, aby s\u0142u\u017cy\u0107 rzeczywistym potrzebom rynku i poprawia\u0107 do\u015bwiadczenia odbiorc\u00f3w.<\/p> <p><b>Wtyczka Kalendarz wydarze\u0144 mo\u017ce pom\u00f3c Ci w wygodnym promowaniu nadchodz\u0105cych dzia\u0142a\u0144 i zwi\u0119kszaniu poziomu zaanga\u017cowania w Twojej witrynie. <\/b><\/p> <\/div> <div class=\"application-platform-content-item-features application-platform-content-item\" id=\"features\" data-nav-section=\"features\"> <h2>G\u0142\u00f3wne cechy Widgetu Kalendarza wydarze\u0144<\/h2> <p>Nasz kalendarz to nie tylko rozwi\u0105zanie dla stron internetowych niewymagaj\u0105ce kodu. Wtyczka kalendarza WordPress firmy Elfsight zapewnia funkcje, kt\u00f3re firmy uwielbiaj\u0105 ogl\u0105da\u0107. Funkcje zosta\u0142y zaprojektowane w taki spos\u00f3b, aby wtyczka wydarzenia by\u0142a przyjazna dla u\u017cytkownika i wci\u0105gaj\u0105ca. Zobacz wszystkie funkcje wtyczki Best WordPress Calendar. Mo\u017cesz je ustawi\u0107 bezpo\u015brednio w edytorze, a one pomog\u0105 Ci stworzy\u0107 widget dok\u0142adnie dla Twojego przypadku. <\/p> <ul> <li>U\u017cyj praktycznych opcji tre\u015bci, aby zrozumie\u0107 wid\u017cet dostosowany do Twojego rodzaju aktywno\u015bci. <\/li> <li>Pozw\u00f3l u\u017cytkownikom dodawa\u0107 zdarzenia do cz\u0119sto u\u017cywanych aplikacji. <\/li> <li>Inicjuj r\u00f3\u017cne typy wydarze\u0144, zaznaczaj lokalizacje i dodawaj gospodarzy. <\/li> <li>Skategoryzuj wszystkie swoje wydarzenia i nadaj im tagi. <\/li> <li>Rozr\u00f3\u017cnij 4 warianty uk\u0142adu. <\/li> <\/ul> <p><a href=\"#demo\">Sprawd\u017a, jak dzia\u0142aj\u0105 wszystkie funkcje w naszej wersji demonstracyjnej<\/a><\/p> <\/div> <div class=\"application-platform-content-item-installation application-platform-content-item\" id=\"installation\" data-nav-section=\"installation\"> <h2>Jak doda\u0107 wtyczk\u0119 Kalendarza Wydarze\u0144 do WordPressa? <\/h2> <div class=\"video-container\"><iframe allowfullscreen=\"\" frameborder=\"0\" height=\"405\" src=\"https:\/\/www.youtube.com\/embed\/AvWtgopDAT8?si=9RhwkydrS9tce42U\" width=\"720\"><\/iframe><\/div><p>Kalendarz jest nie tylko \u0142atwy w zarz\u0105dzaniu, ale mo\u017cna go tak\u017ce szybko osadzi\u0107 na stronie internetowej. Nie potrzebujesz specjalnych umiej\u0119tno\u015bci, aby <a href=\"https:\/\/elfsight.com\/blog\/embed-calendar-to-wordpress\/\" target=\"_blank\" rel=\"noopener\">doda\u0107 nasz\u0105 wtyczk\u0119 kalendarza WordPress<\/a>. Aby rozpocz\u0105\u0107 korzystanie z wid\u017cetu kalendarza, wykonaj po prostu te kr\u00f3tkie kroki. <\/p> <ol><li><b>Uruchom nasz darmowy edytor i zacznij tworzy\u0107 w\u0142asn\u0105 wtyczk\u0119. <\/b><br> Wybierz preferowany uk\u0142ad i aspekty wtyczki i zapisz wszystkie poprawki. <\/li> <li><b>Skopiuj kod osobisty pokazany w specjalnym formularzu w aplikacjach Elfsight. <\/b><br> Po zako\u0144czeniu tworzenia wtyczki skopiuj kod z wy\u015bwietlonego wyskakuj\u0105cego okienka i zapisz go do p\u00f3\u017aniejszego wykorzystania. <\/li> <li><b>Zacznij korzysta\u0107 z wtyczki na stronie internetowej WordPress. <\/b><br> Dodaj kod zapisany wcze\u015bniej na swojej stronie i zastosuj ulepszenia. <\/li> <li><b>Instalacja zosta\u0142a ca\u0142kowicie zako\u0144czona. <\/b><br> Odwied\u017a swoj\u0105 stron\u0119 internetow\u0105, aby zobaczy\u0107 dzia\u0142anie wtyczki. <\/li><\/ol><p>Po\u015bwi\u0119\u0107 chwil\u0119, aby skontaktowa\u0107 si\u0119 z naszym dzia\u0142em obs\u0142ugi klienta, je\u015bli potrzebujesz pomocy lub masz pytania dotycz\u0105ce <a href=\"https:\/\/elfsight.com\/blog\/how-to-add-event-calendar-to-wordpress-without-plugin\/\" target=\"_blank\" rel=\"noopener\">dodanie Kalendarza wydarze\u0144 do WordPressa<\/a>. Nasi specjali\u015bci ch\u0119tnie pomog\u0105 w ka\u017cdym zapytaniu dotycz\u0105cym wtyczki eventowej firmy Elfsight. Mo\u017cemy tak\u017ce doradzi\u0107 Ci w kwestii lepszego wykorzystania szerokiej gamy przydatnych rozwi\u0105za\u0144 internetowych.<\/p> <\/div><div class=\"faq\" data-component=\"FAQ\"><div class=\"faq-item\">\r\n\t\t\t\t\t<div class=\"faq-item-question\">\r\n\t\t\t\t\t\t<h3 class=\"faq-item-question-text\">Najlepsze sposoby korzystania z Internetu Integracja z kalendarzem<\/h3>\r\n\r\n\t\t\t\t\t\t<div class=\"faq-item-question-icon\"><\/div>\r\n\t\t\t\t\t<\/div>\r\n\r\n\t\t\t\t\t<div class=\"faq-item-answer\">\r\n\t\t\t\t\t\t<div class=\"faq-item-answer-text\"><p>Oferujemy szerok\u0105 gam\u0119 mo\u017cliwo\u015bci personalizacji: pe\u0142nowymiarowe wid\u017cety do wdro\u017cenia w obszarze tre\u015bci, p\u0142ywaj\u0105ce wid\u017cety do przewijania, miniatury stopki, sekcji nag\u0142\u00f3wka oraz wszystkie warianty mo\u017cliwo\u015bci pionowych pask\u00f3w bocznych i menu. <\/p><\/div>\r\n\t\t\t\t\t<\/div>\r\n\t\t\t\t<\/div><div class=\"faq-item\">\r\n\t\t\t\t\t<div class=\"faq-item-question\">\r\n\t\t\t\t\t\t<h3 class=\"faq-item-question-text\">Jak zbudowa\u0107 Kalendarz wydarze\u0144 muzealnych lub miejskich przy pomocy Twojego edytora? <\/h3>\r\n\r\n\t\t\t\t\t\t<div class=\"faq-item-question-icon\"><\/div>\r\n\t\t\t\t\t<\/div>\r\n\r\n\t\t\t\t\t<div class=\"faq-item-answer\">\r\n\t\t\t\t\t\t<div class=\"faq-item-answer-text\"><p>Mo\u017cesz kszta\u0142towa\u0107 dowolne odmiany wid\u017cetu. W edytorze dost\u0119pnych jest wiele uk\u0142ad\u00f3w, a ka\u017cdy z nich mo\u017cna szybko spersonalizowa\u0107 tak, jak tego potrzebujesz. <\/p><\/div>\r\n\t\t\t\t\t<\/div>\r\n\t\t\t\t<\/div><\/div>\n","protected":false},"excerpt":{"rendered":"","protected":false},"author":9,"featured_media":0,"parent":2321,"menu_order":0,"comment_status":"closed","ping_status":"closed","template":"templates\/template-application-platform.php","meta":{"publish_to_discourse":"","publish_post_category":"","wpdc_auto_publish_overridden":"","wpdc_topic_tags":"","wpdc_pin_topic":"","wpdc_pin_until":"","discourse_post_id":"","discourse_permalink":"","wpdc_publishing_response":"","wpdc_publishing_error":"","footnotes":""},"class_list":["post-4941","page","type-page","status-publish","hentry"],"yoast_head":"<!-- This site is optimized with the Yoast SEO plugin v25.3.1 - https:\/\/yoast.com\/wordpress\/plugins\/seo\/ -->\n<title>Widget Kalendarza Wydarze\u0144 Wordpress - Dodaj Kalendarz Wydarze\u0144 do Wordpress [ 2025 ]<\/title>\n<meta name=\"description\" content=\"Dzi\u0119ki Elfsight zaprojektuj wtyczk\u0119 Kalendarza wydarze\u0144 i dodaj j\u0105 do swojej witryny WordPress. Oferujemy bezp\u0142atn\u0105 obs\u0142ug\u0119 klienta i inne bonusy.\" \/>\n<meta name=\"robots\" content=\"index, follow, max-snippet:-1, max-image-preview:large, max-video-preview:-1\" \/>\n<link rel=\"canonical\" href=\"https:\/\/elfsight.com\/pl\/event-calendar-widget\/wordpress\/\" \/>\n<meta property=\"og:locale\" content=\"pl_PL\" \/>\n<meta property=\"og:type\" content=\"article\" \/>\n<meta property=\"og:title\" content=\"Widget Kalendarza Wydarze\u0144 Wordpress - Dodaj Kalendarz Wydarze\u0144 do Wordpress [ 2025 ]\" \/>\n<meta property=\"og:description\" content=\"Dzi\u0119ki Elfsight zaprojektuj wtyczk\u0119 Kalendarza wydarze\u0144 i dodaj j\u0105 do swojej witryny WordPress. Oferujemy bezp\u0142atn\u0105 obs\u0142ug\u0119 klienta i inne bonusy.\" \/>\n<meta property=\"og:url\" content=\"https:\/\/elfsight.com\/pl\/event-calendar-widget\/wordpress\/\" \/>\n<meta property=\"og:site_name\" content=\"Elfsight PL\" \/>\n<meta property=\"article:modified_time\" content=\"2025-12-19T10:45:43+00:00\" \/>\n<meta name=\"twitter:card\" content=\"summary_large_image\" \/>\n<meta name=\"twitter:label1\" content=\"Szacowany czas czytania\" \/>\n\t<meta name=\"twitter:data1\" content=\"3 minuty\" \/>\n<!-- \/ Yoast SEO plugin. -->","yoast_head_json":{"title":"Widget Kalendarza Wydarze\u0144 Wordpress - Dodaj Kalendarz Wydarze\u0144 do Wordpress [ 2025 ]","description":"Dzi\u0119ki Elfsight zaprojektuj wtyczk\u0119 Kalendarza wydarze\u0144 i dodaj j\u0105 do swojej witryny WordPress. Oferujemy bezp\u0142atn\u0105 obs\u0142ug\u0119 klienta i inne bonusy.","robots":{"index":"index","follow":"follow","max-snippet":"max-snippet:-1","max-image-preview":"max-image-preview:large","max-video-preview":"max-video-preview:-1"},"canonical":"https:\/\/elfsight.com\/pl\/event-calendar-widget\/wordpress\/","og_locale":"pl_PL","og_type":"article","og_title":"Widget Kalendarza Wydarze\u0144 Wordpress - Dodaj Kalendarz Wydarze\u0144 do Wordpress [ 2025 ]","og_description":"Dzi\u0119ki Elfsight zaprojektuj wtyczk\u0119 Kalendarza wydarze\u0144 i dodaj j\u0105 do swojej witryny WordPress. Oferujemy bezp\u0142atn\u0105 obs\u0142ug\u0119 klienta i inne bonusy.","og_url":"https:\/\/elfsight.com\/pl\/event-calendar-widget\/wordpress\/","og_site_name":"Elfsight PL","article_modified_time":"2025-12-19T10:45:43+00:00","twitter_card":"summary_large_image","twitter_misc":{"Szacowany czas czytania":"3 minuty"},"schema":{"@context":"https:\/\/schema.org","@graph":[{"@type":"WebPage","@id":"https:\/\/elfsight.com\/pl\/event-calendar-widget\/wordpress\/","url":"https:\/\/elfsight.com\/pl\/event-calendar-widget\/wordpress\/","name":"Widget Kalendarza Wydarze\u0144 Wordpress - Dodaj Kalendarz Wydarze\u0144 do Wordpress [ 2025 ]","isPartOf":{"@id":"https:\/\/elfsight.com\/pl\/#website"},"datePublished":"2024-05-03T06:34:56+00:00","dateModified":"2025-12-19T10:45:43+00:00","description":"Dzi\u0119ki Elfsight zaprojektuj wtyczk\u0119 Kalendarza wydarze\u0144 i dodaj j\u0105 do swojej witryny WordPress. Oferujemy bezp\u0142atn\u0105 obs\u0142ug\u0119 klienta i inne bonusy.","breadcrumb":{"@id":"https:\/\/elfsight.com\/pl\/event-calendar-widget\/wordpress\/#breadcrumb"},"inLanguage":"pl-PL","potentialAction":[{"@type":"ReadAction","target":["https:\/\/elfsight.com\/pl\/event-calendar-widget\/wordpress\/"]}]},{"@type":"BreadcrumbList","@id":"https:\/\/elfsight.com\/pl\/event-calendar-widget\/wordpress\/#breadcrumb","itemListElement":[{"@type":"ListItem","position":1,"name":"Home","item":"https:\/\/elfsight.com\/pl\/"},{"@type":"ListItem","position":2,"name":"Event Calendar","item":"https:\/\/elfsight.com\/pl\/event-calendar-widget\/"},{"@type":"ListItem","position":3,"name":"Event Calendar &#8211; WordPress"}]},{"@type":"WebSite","@id":"https:\/\/elfsight.com\/pl\/#website","url":"https:\/\/elfsight.com\/pl\/","name":"Elfsight PL","description":"Just another Elfsight Sites site","potentialAction":[{"@type":"SearchAction","target":{"@type":"EntryPoint","urlTemplate":"https:\/\/elfsight.com\/pl\/?s={search_term_string}"},"query-input":{"@type":"PropertyValueSpecification","valueRequired":true,"valueName":"search_term_string"}}],"inLanguage":"pl-PL"}]}},"meta_box":{"industry":"","seo_heading":"","heading":"","description":"","cta_heading":"","cta_description":"","application":"2320","h1":"Wtyczka Kalendarza Wydarze\u0144 WordPress","h1_caption":"Zarz\u0105dzaj i udost\u0119pniaj wydarzenia w swojej witrynie za pomoc\u0105 interaktywnego i przyjaznego dla u\u017cytkownika kalendarza wydarze\u0144 w witrynie WordPress bez wysi\u0142ku.","application_category":[],"applications_title":"","applications_request_title":"","applications_request_button_text":"","hero_text":"","hero_video":"","hero_video_schema_markup":"","selling_points_title":"","selling_points_caption":"","selling_points":[],"selling_points_cta_text":"","features_title":"","features":"","ed_cta_examples_text":"","ed_cta_examples_hidden":"","ed_cta_demo_text":"","ed_cta_demo_hidden":"","why_caption":"","why_editor_title":"","why_editor_text":"","why_team_title":"","why_team_text":"","why_service_title":"","why_service_text":"","template_catalog_visible":"0","template_catalog_title":"","template_catalog_text":"","template_catalog_categories_visible":"","demo_title":"Utw\u00f3rz wtyczk\u0119 Kalendarza wydarze\u0144","demo_caption":"Skonfiguruj sw\u00f3j Kalendarz wydarze\u0144 i dodaj go za darmo do swojej witryny WordPress!","default_faq_hidden":"","app_template_category":[],"platform":"31","template_public_id":"","codecanyon_url":"","codecanyon_item_id":"","codecanyon_price":"","pricing_caption":"","pricing_elfsight_apps_hide_column":"","pricing_elfsight_apps_url":"","pricing_codecanyon_price_caption":"","integration_category":[],"integration_request_title":"","integration_request_cta":"","integration_platform":"","integrations":[],"platform_category":[],"video_schema_markup":"","price":"od 0 USD \/ miesi\u0105c","trial":"","benefits":[{"text":"Bezp\u0142atna us\u0142uga monta\u017cu"},{"text":"Profesjonalna obs\u0142uga klienta"},{"text":"14-dniowa gwarancja zwrotu pieni\u0119dzy"}],"button_url":"#demo","button_target_blank":"0","button_nofollow":"0","attributes":[{"name":"Instaluje","content":"100,000 - 500,000"},{"name":"Czu\u0142y","content":"Tak"},{"name":"Kompatybilne przegl\u0105darki","content":"IE11, Firefox, Safari, Opera, Chrome, Edge"}],"tags":[],"tags_disable_links":"0","hide_more_platforms":"0","video_object":"","demo_hide_cta":"0","demo_hide_cloud_options":"0","pricing_title":"","pricing":[{"pricing_icon":"platform","pricing_title":"Elfsight Apps","pricing_title_caption":"Wersja niezale\u017cna od platformy, kt\u00f3ra dzia\u0142a na ka\u017cdej stronie internetowej","pricing_price":"od 0 USD \/ miesi\u0105c","pricing_price_caption":"zacznij od bezp\u0142atnego planu","pricing_benefits":[{"text":"Nielimitowane domeny"},{"text":"Ca\u0142odobowa obs\u0142uga klienta"},{"text":"Bezp\u0142atna pomoc w instalacji"},{"text":"Oferta ograniczona czasowo dla wielu aplikacji"}],"pricing_button_text":"Dodaj do witryny","pricing_button_url":"#demo"}],"related_apps_title":"","related_apps_hidden":"0","author":"","image":[],"title":"","job":"","social_networks":[]},"_links":{"self":[{"href":"https:\/\/elfsight.com\/pl\/wp-json\/wp\/v2\/pages\/4941","targetHints":{"allow":["GET"]}}],"collection":[{"href":"https:\/\/elfsight.com\/pl\/wp-json\/wp\/v2\/pages"}],"about":[{"href":"https:\/\/elfsight.com\/pl\/wp-json\/wp\/v2\/types\/page"}],"author":[{"embeddable":true,"href":"https:\/\/elfsight.com\/pl\/wp-json\/wp\/v2\/users\/9"}],"replies":[{"embeddable":true,"href":"https:\/\/elfsight.com\/pl\/wp-json\/wp\/v2\/comments?post=4941"}],"version-history":[{"count":4,"href":"https:\/\/elfsight.com\/pl\/wp-json\/wp\/v2\/pages\/4941\/revisions"}],"predecessor-version":[{"id":10825,"href":"https:\/\/elfsight.com\/pl\/wp-json\/wp\/v2\/pages\/4941\/revisions\/10825"}],"up":[{"embeddable":true,"href":"https:\/\/elfsight.com\/pl\/wp-json\/wp\/v2\/pages\/2321"}],"wp:attachment":[{"href":"https:\/\/elfsight.com\/pl\/wp-json\/wp\/v2\/media?parent=4941"}],"curies":[{"name":"wp","href":"https:\/\/api.w.org\/{rel}","templated":true}]}}