{"id":4936,"date":"2024-05-03T06:34:55","date_gmt":"2024-05-03T06:34:55","guid":{"rendered":"https:\/\/elfsight.com\/pl\/?page_id=4936"},"modified":"2024-11-14T09:20:16","modified_gmt":"2024-11-14T09:20:16","slug":"woocommerce","status":"publish","type":"page","link":"https:\/\/elfsight.com\/pl\/event-calendar-widget\/woocommerce\/","title":{"rendered":"Event Calendar &#8211; WooCommerce"},"content":{"rendered":"<div class=\"application-platform-content-item-description application-platform-content-item\" id=\"description\" data-nav-section=\"description\"><h2>Osad\u017a kalendarz wydarze\u0144 za pomoc\u0105 wid\u017cetu Elfsight<\/h2><p>Kalendarz wydarze\u0144 Elfsight dla WooCommerce to niezwyk\u0142a wtyczka umo\u017cliwiaj\u0105ca p\u0142ynne udost\u0119pnianie wydarze\u0144 Twoi go\u015bcie. Zawiera wiele opcji prezentowania nadchodz\u0105cych dzia\u0142a\u0144 w najbardziej reprezentacyjny spos\u00f3b. Spersonalizuj go, aby po\u0142\u0105czy\u0107 projekt ze stylem swojej witryny. Tw\u00f3rz nieograniczon\u0105 liczb\u0119 wydarze\u0144, dodawaj wiele tag\u00f3w, przesy\u0142aj w\u0142asne zdj\u0119cia i filmy i informuj odwiedzaj\u0105cych o swoich projektach. <\/p> <p><b>Kalendarz wydarze\u0144 Elfsight mo\u017ce pom\u00f3c Ci szybko og\u0142osi\u0107 nadchodz\u0105ce wydarzenia i zwi\u0119kszy\u0107 poziom zaanga\u017cowania na Twojej stronie internetowej. <\/b><\/p> <\/div> <div class=\"application-platform-content-item-features application-platform-content-item\" id=\"features\" data-nav-section=\"features\"><h2>G\u0142\u00f3wne funkcje wtyczki Kalendarza wydarze\u0144<\/h2><ul> <li>Wykorzystaj mo\u017cliwo\u015bci praktycznej zawarto\u015bci, aby uwzgl\u0119dni\u0107 narz\u0119dzie dla swojego typu z wydarze\u0144. <\/li> <li>Pom\u00f3\u017c u\u017cytkownikom dodawa\u0107 wydarzenia do ich ulubionych kalendarzy. <\/li> <li>Generuj r\u00f3\u017cnego rodzaju wydarzenia, okre\u015blaj lokalizacje i dodawaj gospodarzy. <\/li> <li>Sklasyfikuj wszystkie swoje wydarzenia i przypisz im tagi. <\/li> <li>Wybierz jedn\u0105 z 4 opcji uk\u0142adu. <\/li> <\/ul> <p><a href=\"#demo\">Wypr\u00f3buj t\u0119 wersj\u0119 demonstracyjn\u0105, aby zobaczy\u0107, ile wart jest wid\u017cet<\/a><\/p><\/div><div class=\"application-platform-content-item-installation application-platform-content-item\" id=\"installation\" data-nav-section=\"installation\"> <h2>Jak osadzi\u0107 Kalendarz wydarze\u0144 w mojej witrynie WooCommerce?<\/h2><p>Wystarczy wykona\u0107 poni\u017csze kroki, aby zintegrowa\u0107 narz\u0119dzie.<\/p><ol><li><b>Korzystaj\u0105c z naszego bezp\u0142atnego edytora, rozpocznij tworzenie sw\u00f3j niestandardowy instrument.<\/b><br>Znajd\u017a odpowiedni wygl\u0105d i parametry wtyczki i zastosuj zmiany.<\/li><li><b>Zdob\u0105d\u017a sw\u00f3j indywidualny kod ujawniony w specjalnym formularzu w aplikacjach Elfsight.<\/li><li><b>Zdob\u0105d\u017a sw\u00f3j indywidualny kod ujawniony w specjalnym formularzu w aplikacjach Elfsight.<\/b><br>Po wygenerowaniu wtyczki skopiuj osobisty kod z wyskakuj\u0105cego okienka i zachowaj go na przysz\u0142o\u015b\u0107.<\/li><li><b>Rozpocznij korzystanie z narz\u0119dzia na stronie WooCommerce.<\/b><br>Umie\u015b\u0107 ostatnio skopiowany kod na swojej stronie i zapisz poprawki.<\/li><li><b>Instalacja zosta\u0142a pomy\u015blnie zako\u0144czona.<\/b><br>Odwied\u017a swoj\u0105 witryn\u0119, aby zobaczy\u0107 w akcji, jak dzia\u0142a dzia\u0142anie narz\u0119dzia.<\/li><\/ol><p>Je\u015bli masz pytania lub napotkasz przeszkody, skontaktuj si\u0119 z naszym dzia\u0142em obs\u0142ugi klienta. Nasi konsultanci ch\u0119tnie rozwi\u0105\u017c\u0105 wszystkie problemy, jakie mo\u017cesz mie\u0107 z produktem.<\/p><\/div><div class=\"faq\" data-component=\"FAQ\"><div class=\"faq-item\">\r\n\t\t\t\t\t<div class=\"faq-item-question\">\r\n\t\t\t\t\t\t<h3 class=\"faq-item-question-text\">W jaki spos\u00f3b doda\u0107 kalendarz wydarze\u0144 do mojego WooCommerce? <\/h3>\r\n\r\n\t\t\t\t\t\t<div class=\"faq-item-question-icon\"><\/div>\r\n\t\t\t\t\t<\/div>\r\n\r\n\t\t\t\t\t<div class=\"faq-item-answer\">\r\n\t\t\t\t\t\t<div class=\"faq-item-answer-text\"><p>Stworzenie narz\u0119dzia odbywa si\u0119 w ramach us\u0142ugi Elfsight i nie wymaga kodowania. Skorzystaj z naszej wersji demonstracyjnej na \u017cywo, aby spersonalizowa\u0107 swoj\u0105 aplikacj\u0119, zdob\u0105d\u017a kod i zaimplementuj go na swojej stronie internetowej. <\/p><\/div>\r\n\t\t\t\t\t<\/div>\r\n\t\t\t\t<\/div><div class=\"faq-item\">\r\n\t\t\t\t\t<div class=\"faq-item-question\">\r\n\t\t\t\t\t\t<h3 class=\"faq-item-question-text\">Najlepsze przyk\u0142ady wykorzystania integracji wid\u017cet\u00f3w Kalendarza<\/h3>\r\n\r\n\t\t\t\t\t\t<div class=\"faq-item-question-icon\"><\/div>\r\n\t\t\t\t\t<\/div>\r\n\r\n\t\t\t\t\t<div class=\"faq-item-answer\">\r\n\t\t\t\t\t\t<div class=\"faq-item-answer-text\"><p>Mamy szeroki zakres mo\u017cliwo\u015bci dostosowania: pe\u0142nowymiarowe wid\u017cety do wstawiania w sekcji tre\u015bci , p\u0142ywaj\u0105ce wid\u017cety z mo\u017cliwo\u015bci\u0105 przewijania, uk\u0142ady stopki, nag\u0142\u00f3wka i wszelkiego rodzaju pionowe mo\u017cliwo\u015bci pask\u00f3w bocznych i menu. <\/p><\/div>\r\n\t\t\t\t\t<\/div>\r\n\t\t\t\t<\/div><div class=\"faq-item\">\r\n\t\t\t\t\t<div class=\"faq-item-question\">\r\n\t\t\t\t\t\t<h3 class=\"faq-item-question-text\">Jak za po\u015brednictwem redaktora utworzy\u0107 Kalendarz wydarze\u0144 hotelu lub klubu? <\/h3>\r\n\r\n\t\t\t\t\t\t<div class=\"faq-item-question-icon\"><\/div>\r\n\t\t\t\t\t<\/div>\r\n\r\n\t\t\t\t\t<div class=\"faq-item-answer\">\r\n\t\t\t\t\t\t<div class=\"faq-item-answer-text\"><p>Mo\u017cesz stworzy\u0107 dowolne odmiany wid\u017cetu. W edytorze dost\u0119pnych jest wiele uk\u0142ad\u00f3w, a ka\u017cdy z nich mo\u017cna \u0142atwo dostosowa\u0107 do w\u0142asnych potrzeb. <\/p><\/div>\r\n\t\t\t\t\t<\/div>\r\n\t\t\t\t<\/div><div class=\"faq-item\">\r\n\t\t\t\t\t<div class=\"faq-item-question\">\r\n\t\t\t\t\t\t<h3 class=\"faq-item-question-text\">Czy istnieje mo\u017cliwo\u015b\u0107 dodania Kalendarza wydarze\u0144 do mojej witryny WooCommerce bez umiej\u0119tno\u015bci kodowania?<\/h3>\r\n\r\n\t\t\t\t\t\t<div class=\"faq-item-question-icon\"><\/div>\r\n\t\t\t\t\t<\/div>\r\n\r\n\t\t\t\t\t<div class=\"faq-item-answer\">\r\n\t\t\t\t\t\t<div class=\"faq-item-answer-text\"><p>Firma Elfsight zapewnia rozwi\u0105zanie w chmurze, kt\u00f3re umo\u017cliwia w\u0142a\u015bcicielom witryn wygeneruj samodzielnie aplikacj\u0119 Kalendarza wydarze\u0144, odkryj nieskomplikowany przewodnik: <\/p><ul><li>Pracuj bezpo\u015brednio w edytorze na \u017cywo, aby wygenerowa\u0107 wtyczk\u0119 Kalendarza wydarze\u0144, kt\u00f3r\u0105 chcia\u0142by\u015b zobaczy\u0107 na swojej stronie WooCommerce.<\/li><li>Wybierz jeden z naszych wst\u0119pnie zaprojektowanych szablon\u00f3w i dostosuj ustawienia Kalendarza wydarze\u0144, zmie\u0144 uk\u0142ad i kolor element\u00f3w, zaktualizuj tre\u015b\u0107 bez znajomo\u015bci kodowania.<\/li><li>Zapisz wprowadzone ustawienia w Kalendarzu wydarze\u0144 i zdob\u0105d\u017a jego kod do osadzenia, kt\u00f3ry mo\u017cesz po prostu wklei\u0107 na dowolnej stronie internetowej %platform% bezp\u0142atnie. <\/li><\/ul><p>Dzi\u0119ki intuicyjnemu Konfiguratorowi ka\u017cdy u\u017cytkownik sieci mo\u017ce wygenerowa\u0107 wtyczk\u0119 Kalendarza Wydarze\u0144 i po prostu doda\u0107 j\u0105 do swojej witryny WooCommerce. Nie powiniene\u015b otrzymywa\u0107 p\u0142atnego planu ani wprowadza\u0107 danych uwierzytelniaj\u0105cych karty, aby uzyska\u0107 dost\u0119p do Edytora Elfsight. Je\u015bli napotkasz jakiekolwiek problemy, nie wahaj si\u0119 skontaktowa\u0107 z nasz\u0105 techniczn\u0105 obs\u0142ug\u0105 klienta.<\/p><\/div>\r\n\t\t\t\t\t<\/div>\r\n\t\t\t\t<\/div><\/div>","protected":false},"excerpt":{"rendered":"","protected":false},"author":9,"featured_media":0,"parent":2321,"menu_order":0,"comment_status":"closed","ping_status":"closed","template":"templates\/template-application-platform.php","meta":{"publish_to_discourse":"","publish_post_category":"","wpdc_auto_publish_overridden":"","wpdc_topic_tags":"","wpdc_pin_topic":"","wpdc_pin_until":"","discourse_post_id":"","discourse_permalink":"","wpdc_publishing_response":"","wpdc_publishing_error":"","footnotes":""},"class_list":["post-4936","page","type-page","status-publish","hentry"],"yoast_head":"<!-- This site is optimized with the Yoast SEO plugin v25.3.1 - https:\/\/yoast.com\/wordpress\/plugins\/seo\/ -->\n<title>Kalendarz wydarze\u0144 \u2014 Dodaj wid\u017cet Kalendarza do witryny WooCommerce [2025]<\/title>\n<meta name=\"description\" content=\"Mo\u017cesz dostosowa\u0107 niestandardow\u0105 wtyczk\u0119 Kalendarza wydarze\u0144 w edytorze i doda\u0107 j\u0105 do swojej witryny WooCommerce bezpo\u015brednio w wersji demonstracyjnej.\" \/>\n<meta name=\"robots\" content=\"index, follow, max-snippet:-1, max-image-preview:large, max-video-preview:-1\" \/>\n<link rel=\"canonical\" href=\"https:\/\/elfsight.com\/pl\/event-calendar-widget\/woocommerce\/\" \/>\n<meta property=\"og:locale\" content=\"pl_PL\" \/>\n<meta property=\"og:type\" content=\"article\" \/>\n<meta property=\"og:title\" content=\"Kalendarz wydarze\u0144 \u2014 Dodaj wid\u017cet Kalendarza do witryny WooCommerce [2025]\" \/>\n<meta property=\"og:description\" content=\"Mo\u017cesz dostosowa\u0107 niestandardow\u0105 wtyczk\u0119 Kalendarza wydarze\u0144 w edytorze i doda\u0107 j\u0105 do swojej witryny WooCommerce bezpo\u015brednio w wersji demonstracyjnej.\" \/>\n<meta property=\"og:url\" content=\"https:\/\/elfsight.com\/pl\/event-calendar-widget\/woocommerce\/\" \/>\n<meta property=\"og:site_name\" content=\"Elfsight PL\" \/>\n<meta property=\"article:modified_time\" content=\"2024-11-14T09:20:16+00:00\" \/>\n<meta name=\"twitter:card\" content=\"summary_large_image\" \/>\n<meta name=\"twitter:label1\" content=\"Szacowany czas czytania\" \/>\n\t<meta name=\"twitter:data1\" content=\"3 minuty\" \/>\n<!-- \/ Yoast SEO plugin. -->","yoast_head_json":{"title":"Kalendarz wydarze\u0144 \u2014 Dodaj wid\u017cet Kalendarza do witryny WooCommerce [2025]","description":"Mo\u017cesz dostosowa\u0107 niestandardow\u0105 wtyczk\u0119 Kalendarza wydarze\u0144 w edytorze i doda\u0107 j\u0105 do swojej witryny WooCommerce bezpo\u015brednio w wersji demonstracyjnej.","robots":{"index":"index","follow":"follow","max-snippet":"max-snippet:-1","max-image-preview":"max-image-preview:large","max-video-preview":"max-video-preview:-1"},"canonical":"https:\/\/elfsight.com\/pl\/event-calendar-widget\/woocommerce\/","og_locale":"pl_PL","og_type":"article","og_title":"Kalendarz wydarze\u0144 \u2014 Dodaj wid\u017cet Kalendarza do witryny WooCommerce [2025]","og_description":"Mo\u017cesz dostosowa\u0107 niestandardow\u0105 wtyczk\u0119 Kalendarza wydarze\u0144 w edytorze i doda\u0107 j\u0105 do swojej witryny WooCommerce bezpo\u015brednio w wersji demonstracyjnej.","og_url":"https:\/\/elfsight.com\/pl\/event-calendar-widget\/woocommerce\/","og_site_name":"Elfsight PL","article_modified_time":"2024-11-14T09:20:16+00:00","twitter_card":"summary_large_image","twitter_misc":{"Szacowany czas czytania":"3 minuty"},"schema":{"@context":"https:\/\/schema.org","@graph":[{"@type":"WebPage","@id":"https:\/\/elfsight.com\/pl\/event-calendar-widget\/woocommerce\/","url":"https:\/\/elfsight.com\/pl\/event-calendar-widget\/woocommerce\/","name":"Kalendarz wydarze\u0144 \u2014 Dodaj wid\u017cet Kalendarza do witryny WooCommerce [2025]","isPartOf":{"@id":"https:\/\/elfsight.com\/pl\/#website"},"datePublished":"2024-05-03T06:34:55+00:00","dateModified":"2024-11-14T09:20:16+00:00","description":"Mo\u017cesz dostosowa\u0107 niestandardow\u0105 wtyczk\u0119 Kalendarza wydarze\u0144 w edytorze i doda\u0107 j\u0105 do swojej witryny WooCommerce bezpo\u015brednio w wersji demonstracyjnej.","breadcrumb":{"@id":"https:\/\/elfsight.com\/pl\/event-calendar-widget\/woocommerce\/#breadcrumb"},"inLanguage":"pl-PL","potentialAction":[{"@type":"ReadAction","target":["https:\/\/elfsight.com\/pl\/event-calendar-widget\/woocommerce\/"]}]},{"@type":"BreadcrumbList","@id":"https:\/\/elfsight.com\/pl\/event-calendar-widget\/woocommerce\/#breadcrumb","itemListElement":[{"@type":"ListItem","position":1,"name":"Home","item":"https:\/\/elfsight.com\/pl\/"},{"@type":"ListItem","position":2,"name":"Event Calendar","item":"https:\/\/elfsight.com\/pl\/event-calendar-widget\/"},{"@type":"ListItem","position":3,"name":"Event Calendar &#8211; WooCommerce"}]},{"@type":"WebSite","@id":"https:\/\/elfsight.com\/pl\/#website","url":"https:\/\/elfsight.com\/pl\/","name":"Elfsight PL","description":"Just another Elfsight Sites site","potentialAction":[{"@type":"SearchAction","target":{"@type":"EntryPoint","urlTemplate":"https:\/\/elfsight.com\/pl\/?s={search_term_string}"},"query-input":{"@type":"PropertyValueSpecification","valueRequired":true,"valueName":"search_term_string"}}],"inLanguage":"pl-PL"}]}},"meta_box":{"industry":"","seo_heading":"","heading":"","description":"","cta_heading":"","cta_description":"","application":"2320","h1":"Wtyczka Kalendarza wydarze\u0144 WooCommerce","h1_caption":"Zarz\u0105dzaj i udost\u0119pniaj wydarzenia w swojej witrynie za pomoc\u0105 interaktywnego i przyjaznego dla u\u017cytkownika kalendarza wydarze\u0144 w swojej witrynie WooCommerce bez wysi\u0142ku.","application_category":[],"applications_title":"","applications_request_title":"","applications_request_button_text":"","hero_text":"","hero_video":"","hero_video_schema_markup":"","selling_points_title":"","selling_points_caption":"","selling_points":[],"selling_points_cta_text":"","features_title":"","features":"","ed_cta_examples_text":"","ed_cta_examples_hidden":"","ed_cta_demo_text":"","ed_cta_demo_hidden":"","why_caption":"","why_editor_title":"","why_editor_text":"","why_team_title":"","why_team_text":"","why_service_title":"","why_service_text":"","template_catalog_visible":"","template_catalog_title":"","template_catalog_text":"","template_catalog_categories_visible":"","demo_title":"Utw\u00f3rz aplikacj\u0119 Kalendarza wydarze\u0144","demo_caption":"Skonfiguruj sw\u00f3j Kalendarz wydarze\u0144 i dodaj go do swojej witryny WooCommerce za darmo!","default_faq_hidden":"","app_template_category":[],"platform":"335","template_public_id":"","codecanyon_url":"","codecanyon_item_id":"","codecanyon_price":"","pricing_caption":"","pricing_elfsight_apps_hide_column":"","pricing_elfsight_apps_url":"","pricing_codecanyon_price_caption":"","integration_category":[],"integration_request_title":"","integration_request_cta":"","integration_platform":"","integrations":[],"platform_category":[],"video_schema_markup":"","price":"od 0 USD \/ miesi\u0105c","trial":"","benefits":[{"text":"Bezp\u0142atna pomoc w monta\u017cu"},{"text":"Kompetentna obs\u0142uga klienta"},{"text":"14-dniowa gwarancja zwrotu pieni\u0119dzy"}],"button_url":"#demo","button_target_blank":"","button_nofollow":"","attributes":[{"name":"Instaluje"},{"name":"Czu\u0142y"},{"name":"Kompatybilne przegl\u0105darki"}],"tags":[],"tags_disable_links":"","hide_more_platforms":"","video_object":"","demo_hide_cta":"","demo_hide_cloud_options":"","pricing_title":"","pricing":[{"pricing_icon":"platform","pricing_title":"Elfsight Apps","pricing_title_caption":"Wieloplatformowe rozwi\u0105zanie cyfrowe","pricing_price":"od 0 USD \/ miesi\u0105c","pricing_price_caption":"zacznij od bezp\u0142atnego planu","pricing_benefits":[{"text":"Nielimitowane strony internetowe"},{"text":"Wsparcie firmy premium i dobrze udokumentowane"},{"text":"Bezp\u0142atna pomoc w monta\u017cu"},{"text":"Elastyczny projekt"}],"pricing_button_text":"Dodaj do witryny","pricing_button_url":"#demo"}],"related_apps_title":"","related_apps_hidden":"","author":"","image":[],"title":"","job":"","social_networks":[]},"_links":{"self":[{"href":"https:\/\/elfsight.com\/pl\/wp-json\/wp\/v2\/pages\/4936","targetHints":{"allow":["GET"]}}],"collection":[{"href":"https:\/\/elfsight.com\/pl\/wp-json\/wp\/v2\/pages"}],"about":[{"href":"https:\/\/elfsight.com\/pl\/wp-json\/wp\/v2\/types\/page"}],"author":[{"embeddable":true,"href":"https:\/\/elfsight.com\/pl\/wp-json\/wp\/v2\/users\/9"}],"replies":[{"embeddable":true,"href":"https:\/\/elfsight.com\/pl\/wp-json\/wp\/v2\/comments?post=4936"}],"version-history":[{"count":1,"href":"https:\/\/elfsight.com\/pl\/wp-json\/wp\/v2\/pages\/4936\/revisions"}],"predecessor-version":[{"id":4940,"href":"https:\/\/elfsight.com\/pl\/wp-json\/wp\/v2\/pages\/4936\/revisions\/4940"}],"up":[{"embeddable":true,"href":"https:\/\/elfsight.com\/pl\/wp-json\/wp\/v2\/pages\/2321"}],"wp:attachment":[{"href":"https:\/\/elfsight.com\/pl\/wp-json\/wp\/v2\/media?parent=4936"}],"curies":[{"name":"wp","href":"https:\/\/api.w.org\/{rel}","templated":true}]}}