{"id":4934,"date":"2024-05-03T06:34:53","date_gmt":"2024-05-03T06:34:53","guid":{"rendered":"https:\/\/elfsight.com\/pl\/?page_id=4934"},"modified":"2024-11-14T08:52:57","modified_gmt":"2024-11-14T08:52:57","slug":"google-sites","status":"publish","type":"page","link":"https:\/\/elfsight.com\/pl\/event-calendar-widget\/google-sites\/","title":{"rendered":"Event Calendar &#8211; Google Sites"},"content":{"rendered":"<div class=\"application-platform-content-item-description application-platform-content-item\" id=\"description\" data-nav-section=\"description\"> <h2>Osad\u017a kalendarz wydarze\u0144 za pomoc\u0105 wid\u017cetu Elfsight<\/h2> <p>Widget Kalendarz Elfsight to pot\u0119\u017cne narz\u0119dzie dla Witryn Google, umo\u017cliwiaj\u0105ce \u0142atwe udost\u0119pnianie wydarze\u0144 z reszt\u0105 \u015bwiata. Ma wiele opcji prezentowania nadchodz\u0105cych wydarze\u0144 w najbardziej reprezentatywny spos\u00f3b. Dostosuj go, aby po\u0142\u0105czy\u0107 projekt z estetyk\u0105 swojej strony. Tw\u00f3rz wiele wydarze\u0144, dodawaj r\u00f3\u017cne tagi, przesy\u0142aj niestandardowe zdj\u0119cia i filmy oraz informuj u\u017cytkownik\u00f3w o swoim programie za pomoc\u0105 kalendarza w witrynie Google Sites.<\/p> <p><b>Kalendarz wydarze\u0144 mo\u017ce u\u0142atwi\u0107 \u0142atwe wy\u015bwietlanie swoje przysz\u0142e dzia\u0142ania i zwi\u0119ksz wsp\u00f3\u0142czynnik zaanga\u017cowania w swojej witrynie.<\/b><\/p> <\/div> <div class=\"application-platform-content-item-features application-platform-content-item\" id=\"features\" data-nav-section=\"features\"> <h2>G\u0142\u00f3wne funkcje wid\u017cetu Kalendarza wydarze\u0144<\/h2> <p>Tutaj mo\u017cesz mo\u017ce zobaczy\u0107 wszystkie cechy funkcjonalne Kalendarza wydarze\u0144. S\u0105 one dost\u0119pne bezpo\u015brednio w edytorze i pomog\u0105 Ci skonfigurowa\u0107 wid\u017cet odpowiednio do Twoich potrzeb.<\/p> <ul> <li>Wykorzystaj mo\u017cliwo\u015bci dostosowywania tre\u015bci, aby dostosowa\u0107 kalendarz do rodzaju wydarze\u0144.<\/li> <li>Pom\u00f3\u017c u\u017cytkownikom dodawa\u0107 Twoje wydarzenia do ich cz\u0119sto u\u017cywanych kalendarzy.<\/li> <li>Generuj r\u00f3\u017cnego rodzaju wydarzenia, okre\u015blaj lokalizacje i dodawaj gospodarzy. <\/li> <li>Sklasyfikuj wszystkie swoje dzia\u0142ania i nadaj im znaczniki.<\/li> <li>Wybierz 4 opcje uk\u0142adu.<\/li> <\/ul> <p><a href=\"#demo\">Sprawd\u017a jak dzia\u0142aj\u0105 wszystkie funkcje, w naszej wersji demonstracyjnej<\/a><\/p> <\/div> <div class=\"application-platform-content-item-installation application-platform-content-item\" id=\"installation\" data-nav-section=\"installation\"> <h2>Jak doda\u0107 Kalendarz wydarze\u0144 do Witryn Google?<\/h2> <p>Aby osadzi\u0107 wtyczki, po prostu wykonaj kilka szybkich krok\u00f3w.<\/p> <ul> <li><b>Zaprojektuj w\u0142asny wid\u017cet Kalendarza<\/b><br> Korzystaj\u0105c z naszego darmowego edytora, utw\u00f3rz wtyczk\u0119 z wybranym uk\u0142adem i funkcjonalno\u015bci\u0105.<\/b> li&gt; <li><b>Skopiuj kod osobisty, aby zintegrowa\u0107 widget<\/b><br> Po skonfigurowaniu wtyczki otrzymasz indywidualny kod z powiadomienia, kt\u00f3re pojawi\u0142o si\u0119 w aplikacjach Elfsight. Skopiuj kod.<\/li> <li><b>Zintegruj widget na swojej stronie<\/b><br> Przejd\u017a do obszaru, w kt\u00f3rym chcesz osadzi\u0107 wtyczk\u0119 i tam wstaw skopiowany kod. Zapisz wyniki.<\/li> <li><b>Integracja przebieg\u0142a pomy\u015blnie!<\/b><br> Odwied\u017a sklep, aby zobaczy\u0107 swoj\u0105 wtyczk\u0119.<\/li> <\/ul> <div class=\"tip-yellow tip\"><b>Poniewa\u017c ze wzgl\u0119du na specyfik\u0119 dzia\u0142ania Witryn Google, wid\u017cet mo\u017ce wygl\u0105da\u0107 inaczej ni\u017c wersja demonstracyjna online. Przepraszamy za wszelkie niedogodno\u015bci.<\/b><\/div><p>Je\u015bli potrzebujesz pomocy lub masz problemy, skontaktuj si\u0119 z naszym dzia\u0142em obs\u0142ugi klienta. Ch\u0119tnie pomo\u017cemy w ka\u017cdej sprawie.<\/p><div class=\"faq\" data-component=\"FAQ\"><div class=\"faq-item\">\r\n\t\t\t\t\t<div class=\"faq-item-question\">\r\n\t\t\t\t\t\t<h3 class=\"faq-item-question-text\">Jak doda\u0107 statystyki dotycz\u0105ce koronawiru do mojej witryny Google Sites bez umiej\u0119tno\u015bci kodowania?<\/h3>\r\n\r\n\t\t\t\t\t\t<div class=\"faq-item-question-icon\"><\/div>\r\n\t\t\t\t\t<\/div>\r\n\r\n\t\t\t\t\t<div class=\"faq-item-answer\">\r\n\t\t\t\t\t\t<div class=\"faq-item-answer-text\"> <p>Elfsight zapewnia rozwi\u0105zanie SaaS, kt\u00f3re pozwala tworzy\u0107 samodzielnie utw\u00f3rz wid\u017cet Statystyki dotycz\u0105ce koronawiru, przekonaj si\u0119, jak prosty jest ten proces: Pracuj bezpo\u015brednio w edytorze online, aby utworzy\u0107 wid\u017cet Statystyki koronowirusa, kt\u00f3ry chcesz widzie\u0107 w swojej witrynie Witryn Google. Wybierz jeden z gotowych szablon\u00f3w i dostosuj ustawienia statystyk dotycz\u0105cych wirusa korony, dodaj tre\u015b\u0107, zmie\u0144 uk\u0142ad i kolory bez umiej\u0119tno\u015bci kodowania. Zapisz statystyki dotycz\u0105ce wirusa koronawiru i skopiuj jego kod instalacyjny, kt\u00f3ry mo\u017cesz bez trudu doda\u0107 do swojej witryny Google Sites bez konieczno\u015bci kupowania p\u0142atnego planu. Dzi\u0119ki naszemu intuicyjnemu edytorowi ka\u017cdy u\u017cytkownik Internetu mo\u017ce utworzy\u0107 wid\u017cet Statystyki Koronawirusa online i \u0142atwo osadzi\u0107 go w swojej witrynie Google Sites. Aby uzyska\u0107 dost\u0119p do us\u0142ugi, nie trzeba p\u0142aci\u0107 ani wprowadza\u0107 danych uwierzytelniaj\u0105cych karty. Je\u015bli na kt\u00f3rymkolwiek etapie napotkasz jakiekolwiek problemy, skontaktuj si\u0119 z naszym zespo\u0142em pomocy technicznej.<\/p> <\/div>\r\n\t\t\t\t\t<\/div>\r\n\t\t\t\t<\/div> <\/div><\/div>","protected":false},"excerpt":{"rendered":"","protected":false},"author":9,"featured_media":0,"parent":2321,"menu_order":0,"comment_status":"closed","ping_status":"closed","template":"templates\/template-application-platform.php","meta":{"publish_to_discourse":"","publish_post_category":"","wpdc_auto_publish_overridden":"","wpdc_topic_tags":"","wpdc_pin_topic":"","wpdc_pin_until":"","discourse_post_id":"","discourse_permalink":"","wpdc_publishing_response":"","wpdc_publishing_error":"","footnotes":""},"class_list":["post-4934","page","type-page","status-publish","hentry"],"yoast_head":"<!-- This site is optimized with the Yoast SEO plugin v25.3.1 - https:\/\/yoast.com\/wordpress\/plugins\/seo\/ -->\n<title>Kalendarz wydarze\u0144 \u2014 dodaj wid\u017cet Kalendarza do witryny Google Sites [2025]<\/title>\n<meta name=\"description\" content=\"Umie\u015b\u0107 responsywn\u0105 wtyczk\u0119 Kalendarza wydarze\u0144 w swoich Witrynach Google i zdob\u0105d\u017a pe\u0142ne zaufanie. Skorzystaj z przydatnej wersji demonstracyjnej Elfsight, aby stworzy\u0107 swoje unikalne narz\u0119dzie kalendarza.\" \/>\n<meta name=\"robots\" content=\"index, follow, max-snippet:-1, max-image-preview:large, max-video-preview:-1\" \/>\n<link rel=\"canonical\" href=\"https:\/\/elfsight.com\/pl\/event-calendar-widget\/google-sites\/\" \/>\n<meta property=\"og:locale\" content=\"pl_PL\" \/>\n<meta property=\"og:type\" content=\"article\" \/>\n<meta property=\"og:title\" content=\"Kalendarz wydarze\u0144 \u2014 dodaj wid\u017cet Kalendarza do witryny Google Sites [2025]\" \/>\n<meta property=\"og:description\" content=\"Umie\u015b\u0107 responsywn\u0105 wtyczk\u0119 Kalendarza wydarze\u0144 w swoich Witrynach Google i zdob\u0105d\u017a pe\u0142ne zaufanie. Skorzystaj z przydatnej wersji demonstracyjnej Elfsight, aby stworzy\u0107 swoje unikalne narz\u0119dzie kalendarza.\" \/>\n<meta property=\"og:url\" content=\"https:\/\/elfsight.com\/pl\/event-calendar-widget\/google-sites\/\" \/>\n<meta property=\"og:site_name\" content=\"Elfsight PL\" \/>\n<meta property=\"article:modified_time\" content=\"2024-11-14T08:52:57+00:00\" \/>\n<meta name=\"twitter:card\" content=\"summary_large_image\" \/>\n<meta name=\"twitter:label1\" content=\"Szacowany czas czytania\" \/>\n\t<meta name=\"twitter:data1\" content=\"3 minuty\" \/>\n<!-- \/ Yoast SEO plugin. -->","yoast_head_json":{"title":"Kalendarz wydarze\u0144 \u2014 dodaj wid\u017cet Kalendarza do witryny Google Sites [2025]","description":"Umie\u015b\u0107 responsywn\u0105 wtyczk\u0119 Kalendarza wydarze\u0144 w swoich Witrynach Google i zdob\u0105d\u017a pe\u0142ne zaufanie. Skorzystaj z przydatnej wersji demonstracyjnej Elfsight, aby stworzy\u0107 swoje unikalne narz\u0119dzie kalendarza.","robots":{"index":"index","follow":"follow","max-snippet":"max-snippet:-1","max-image-preview":"max-image-preview:large","max-video-preview":"max-video-preview:-1"},"canonical":"https:\/\/elfsight.com\/pl\/event-calendar-widget\/google-sites\/","og_locale":"pl_PL","og_type":"article","og_title":"Kalendarz wydarze\u0144 \u2014 dodaj wid\u017cet Kalendarza do witryny Google Sites [2025]","og_description":"Umie\u015b\u0107 responsywn\u0105 wtyczk\u0119 Kalendarza wydarze\u0144 w swoich Witrynach Google i zdob\u0105d\u017a pe\u0142ne zaufanie. Skorzystaj z przydatnej wersji demonstracyjnej Elfsight, aby stworzy\u0107 swoje unikalne narz\u0119dzie kalendarza.","og_url":"https:\/\/elfsight.com\/pl\/event-calendar-widget\/google-sites\/","og_site_name":"Elfsight PL","article_modified_time":"2024-11-14T08:52:57+00:00","twitter_card":"summary_large_image","twitter_misc":{"Szacowany czas czytania":"3 minuty"},"schema":{"@context":"https:\/\/schema.org","@graph":[{"@type":"WebPage","@id":"https:\/\/elfsight.com\/pl\/event-calendar-widget\/google-sites\/","url":"https:\/\/elfsight.com\/pl\/event-calendar-widget\/google-sites\/","name":"Kalendarz wydarze\u0144 \u2014 dodaj wid\u017cet Kalendarza do witryny Google Sites [2025]","isPartOf":{"@id":"https:\/\/elfsight.com\/pl\/#website"},"datePublished":"2024-05-03T06:34:53+00:00","dateModified":"2024-11-14T08:52:57+00:00","description":"Umie\u015b\u0107 responsywn\u0105 wtyczk\u0119 Kalendarza wydarze\u0144 w swoich Witrynach Google i zdob\u0105d\u017a pe\u0142ne zaufanie. Skorzystaj z przydatnej wersji demonstracyjnej Elfsight, aby stworzy\u0107 swoje unikalne narz\u0119dzie kalendarza.","breadcrumb":{"@id":"https:\/\/elfsight.com\/pl\/event-calendar-widget\/google-sites\/#breadcrumb"},"inLanguage":"pl-PL","potentialAction":[{"@type":"ReadAction","target":["https:\/\/elfsight.com\/pl\/event-calendar-widget\/google-sites\/"]}]},{"@type":"BreadcrumbList","@id":"https:\/\/elfsight.com\/pl\/event-calendar-widget\/google-sites\/#breadcrumb","itemListElement":[{"@type":"ListItem","position":1,"name":"Home","item":"https:\/\/elfsight.com\/pl\/"},{"@type":"ListItem","position":2,"name":"Event Calendar","item":"https:\/\/elfsight.com\/pl\/event-calendar-widget\/"},{"@type":"ListItem","position":3,"name":"Event Calendar &#8211; Google Sites"}]},{"@type":"WebSite","@id":"https:\/\/elfsight.com\/pl\/#website","url":"https:\/\/elfsight.com\/pl\/","name":"Elfsight PL","description":"Just another Elfsight Sites site","potentialAction":[{"@type":"SearchAction","target":{"@type":"EntryPoint","urlTemplate":"https:\/\/elfsight.com\/pl\/?s={search_term_string}"},"query-input":{"@type":"PropertyValueSpecification","valueRequired":true,"valueName":"search_term_string"}}],"inLanguage":"pl-PL"}]}},"meta_box":{"industry":"","seo_heading":"","heading":"","description":"","cta_heading":"","cta_description":"","application":"2320","h1":"Wid\u017cet Kalendarza wydarze\u0144 w Witrynach Google","h1_caption":"Zarz\u0105dzaj wydarzeniami w swojej witrynie i udost\u0119pniaj je bez wysi\u0142ku za pomoc\u0105 interaktywnego i przyjaznego dla u\u017cytkownika kalendarza wydarze\u0144 w Witrynach Google.","application_category":[],"applications_title":"","applications_request_title":"","applications_request_button_text":"","hero_text":"","hero_video":"","hero_video_schema_markup":"","selling_points_title":"","selling_points_caption":"","selling_points":[],"selling_points_cta_text":"","features_title":"","features":"","ed_cta_examples_text":"","ed_cta_examples_hidden":"","ed_cta_demo_text":"","ed_cta_demo_hidden":"","why_caption":"","why_editor_title":"","why_editor_text":"","why_team_title":"","why_team_text":"","why_service_title":"","why_service_text":"","template_catalog_visible":"","template_catalog_title":"","template_catalog_text":"","template_catalog_categories_visible":"","demo_title":"Utw\u00f3rz wid\u017cet Kalendarza wydarze\u0144","demo_caption":"Skonfiguruj sw\u00f3j Kalendarz wydarze\u0144 i dodaj go za darmo do swojej witryny Google Sites!","default_faq_hidden":"","app_template_category":[],"platform":"484","template_public_id":"","codecanyon_url":"","codecanyon_item_id":"","codecanyon_price":"","pricing_caption":"","pricing_elfsight_apps_hide_column":"","pricing_elfsight_apps_url":"","pricing_codecanyon_price_caption":"","integration_category":[],"integration_request_title":"","integration_request_cta":"","integration_platform":"","integrations":[],"platform_category":[],"video_schema_markup":"","price":"od 0 USD \/ miesi\u0105c","trial":"","benefits":[{"text":"Bezp\u0142atna pomoc w instalacji"},{"text":"Do\u015bwiadczona obs\u0142uga klienta"},{"text":"14-dniowa gwarancja zwrotu pieni\u0119dzy"}],"button_url":"#demo","button_target_blank":"","button_nofollow":"","attributes":[{"name":"Instaluje"},{"name":"Czu\u0142y"},{"name":"Kompatybilne przegl\u0105darki"}],"tags":[],"tags_disable_links":"","hide_more_platforms":"","video_object":"","demo_hide_cta":"","demo_hide_cloud_options":"","pricing_title":"","pricing":[{"pricing_icon":"platform","pricing_title":"Elfsight Apps","pricing_title_caption":"Oprogramowanie niezale\u017cne od platformy, kt\u00f3re pasuje do ka\u017cdej witryny internetowej","pricing_price":"od 0 USD \/ miesi\u0105c","pricing_price_caption":"zacznij od bezp\u0142atnego planu","pricing_benefits":[{"text":"Nielimitowane domeny"},{"text":"Wsparcie premium"},{"text":"Bezp\u0142atna pomoc w monta\u017cu"},{"text":"Oferta specjalna na wiele aplikacji"}],"pricing_button_text":"Dodaj do witryny","pricing_button_url":"#demo"}],"related_apps_title":"","related_apps_hidden":"","author":"","image":[],"title":"","job":"","social_networks":[]},"_links":{"self":[{"href":"https:\/\/elfsight.com\/pl\/wp-json\/wp\/v2\/pages\/4934","targetHints":{"allow":["GET"]}}],"collection":[{"href":"https:\/\/elfsight.com\/pl\/wp-json\/wp\/v2\/pages"}],"about":[{"href":"https:\/\/elfsight.com\/pl\/wp-json\/wp\/v2\/types\/page"}],"author":[{"embeddable":true,"href":"https:\/\/elfsight.com\/pl\/wp-json\/wp\/v2\/users\/9"}],"replies":[{"embeddable":true,"href":"https:\/\/elfsight.com\/pl\/wp-json\/wp\/v2\/comments?post=4934"}],"version-history":[{"count":1,"href":"https:\/\/elfsight.com\/pl\/wp-json\/wp\/v2\/pages\/4934\/revisions"}],"predecessor-version":[{"id":4938,"href":"https:\/\/elfsight.com\/pl\/wp-json\/wp\/v2\/pages\/4934\/revisions\/4938"}],"up":[{"embeddable":true,"href":"https:\/\/elfsight.com\/pl\/wp-json\/wp\/v2\/pages\/2321"}],"wp:attachment":[{"href":"https:\/\/elfsight.com\/pl\/wp-json\/wp\/v2\/media?parent=4934"}],"curies":[{"name":"wp","href":"https:\/\/api.w.org\/{rel}","templated":true}]}}