{"id":4933,"date":"2024-05-03T06:34:52","date_gmt":"2024-05-03T06:34:52","guid":{"rendered":"https:\/\/elfsight.com\/pl\/?page_id=4933"},"modified":"2024-10-23T13:41:19","modified_gmt":"2024-10-23T13:41:19","slug":"godaddy","status":"publish","type":"page","link":"https:\/\/elfsight.com\/pl\/event-calendar-widget\/godaddy\/","title":{"rendered":"Event Calendar &#8211; GoDaddy"},"content":{"rendered":"<div class=\"application-platform-content-item-description application-platform-content-item\" id=\"description\" data-nav-section=\"description\"> <h2>Osad\u017a kalendarz wydarze\u0144 za pomoc\u0105 wid\u017cetu Elfsight<\/h2> <p>Kalendarz wydarze\u0144 Elfsight dla GoDaddy to zaawansowana aplikacja umo\u017cliwiaj\u0105ca \u0142atwe udost\u0119pnianie wydarze\u0144 z reszt\u0105 \u015bwiata. Ma wiele opcji prezentowania nadchodz\u0105cych wydarze\u0144 w najbardziej reprezentatywny spos\u00f3b. Dostosuj go, aby po\u0142\u0105czy\u0107 projekt z estetyk\u0105 swojej strony. Tw\u00f3rz wiele wydarze\u0144, dodawaj r\u00f3\u017cne tagi, przesy\u0142aj w\u0142asne zdj\u0119cia i filmy i informuj u\u017cytkownik\u00f3w na bie\u017c\u0105co o swoim programie. <\/p> <p><b>Kalendarz wydarze\u0144 mo\u017ce pom\u00f3c Ci bez wysi\u0142ku wy\u015bwietli\u0107 przysz\u0142e dzia\u0142ania i zwi\u0119kszy\u0107 wsp\u00f3\u0142czynnik zaanga\u017cowania w Twojej witrynie. <\/b><\/p> <\/div> <div class=\"application-platform-content-item-features application-platform-content-item\" id=\"features\" data-nav-section=\"features\"> <h2>G\u0142\u00f3wne funkcje aplikacji Kalendarz wydarze\u0144<\/h2> <p>Tutaj mo\u017cesz zobaczy\u0107 wszystkie cechy funkcjonalne Kalendarza wydarze\u0144. S\u0105 one dost\u0119pne bezpo\u015brednio w edytorze i pomog\u0105 Ci skonfigurowa\u0107 wtyczk\u0119 odpowiednio do Twoich potrzeb. <\/p> <ul> <li>Korzystaj z mo\u017cliwo\u015bci dostosowania tre\u015bci, aby dostosowa\u0107 kalendarz do swojego rodzaju wydarze\u0144. <\/li> <li>Pom\u00f3\u017c u\u017cytkownikom dodawa\u0107 Twoje wydarzenia do ich cz\u0119sto u\u017cywanych kalendarzy. <\/li> <li>Generuj r\u00f3\u017cnego rodzaju wydarzenia, okre\u015blaj lokalizacje i dodawaj gospodarzy. <\/li> <li>Sklasyfikuj wszystkie swoje dzia\u0142ania i nadaj im znaczniki. <\/li> <li>Wyr\u00f3\u017cnij 4 opcje uk\u0142adu. <\/li> <\/ul> <p><a href=\"#demo\">Sprawd\u017a, jak dzia\u0142aj\u0105 wszystkie funkcje w naszej wersji demonstracyjnej<\/a><\/p> <\/div> <div class=\"application-platform-content-item-installation application-platform-content-item\" id=\"installation\" data-nav-section=\"installation\"> <h2>Jak osadzi\u0107 Kalendarz wydarze\u0144 w GoDaddy? <\/h2> <p>Aby osadzi\u0107 Kalendarz wydarze\u0144, wykonaj kilka szybkich krok\u00f3w. <\/p> <ul> <li><b>Zaprojektuj w\u0142asn\u0105 wtyczk\u0119 Kalendarza<\/b><br> Korzystaj\u0105c z naszego darmowego edytora, utw\u00f3rz wtyczk\u0119 z wybranym uk\u0142adem i funkcjonalno\u015bci\u0105. <\/li> <li><b>Skopiuj osobisty kod, aby zintegrowa\u0107 wtyczk\u0119<\/b><br> Po skonfigurowaniu wtyczki otrzymasz indywidualny kod z powiadomienia, kt\u00f3re pojawi si\u0119 w aplikacji Elfsight. Skopiuj kod. <\/li> <li><b>Zintegruj wtyczk\u0119 na swojej stronie<\/b><br> Przejd\u017a do obszaru, w kt\u00f3rym chcesz osadzi\u0107 wtyczk\u0119 i wstaw tam skopiowany kod. Zapisz wyniki. <\/li> <li><b>Integracja przebieg\u0142a pomy\u015blnie! <\/b><br> Odwied\u017a sklep, aby zobaczy\u0107 swoj\u0105 wtyczk\u0119. <\/li> <\/ul> <p>Je\u015bli potrzebujesz pomocy lub masz problemy, skontaktuj si\u0119 z naszym dzia\u0142em obs\u0142ugi klienta. Ch\u0119tnie pomo\u017cemy w ka\u017cdej sprawie. <\/p> <\/div><div class=\"faq\" data-component=\"FAQ\"><div class=\"faq-item\">\r\n\t\t\t\t\t<div class=\"faq-item-question\">\r\n\t\t\t\t\t\t<h3 class=\"faq-item-question-text\">Czy istnieje metoda osadzania Kalendarza wydarze\u0144 w mojej witrynie GoDaddy bez do\u015bwiadczenia w programowaniu?<\/h3>\r\n\r\n\t\t\t\t\t\t<div class=\"faq-item-question-icon\"><\/div>\r\n\t\t\t\t\t<\/div>\r\n\r\n\t\t\t\t\t<div class=\"faq-item-answer\">\r\n\t\t\t\t\t\t<div class=\"faq-item-answer-text\"><p>Firma Elfsight wprowadza rozwi\u0105zanie, kt\u00f3re umo\u017cliwia samodzielne zbudowanie sekcji Kalendarza wydarze\u0144, poznaj proste kroki: <\/p><ul><li>Przejd\u017a do edytora online, aby ustawi\u0107 wtyczk\u0119 Kalendarza wydarze\u0144, kt\u00f3r\u0105 chcesz zintegrowa\u0107 ze swoim GoDaddy.<\/p><ul><li>Przejd\u017a do edytora online, aby ustawi\u0107 wtyczk\u0119 Kalendarza wydarze\u0144, kt\u00f3r\u0105 chcesz zintegrowa\u0107 ze swoim GoDaddy.<\/p><ul><li> li&gt;<li>Wybierz jeden z gotowych szablon\u00f3w i zmie\u0144 ustawienia Kalendarza wydarze\u0144, zmie\u0144 uk\u0142ad i kolor element\u00f3w, dodaj tre\u015b\u0107 bez kodowania.<\/li><li>Zapisz wprowadzone ustawienia w Event Calendar i uzyskaj jego kod instalacyjny, kt\u00f3ry mo\u017cesz wklei\u0107 na swojej stronie internetowej GoDaddy, korzystaj\u0105c z bezp\u0142atnego planu. <\/li><\/ul><p>Dzi\u0119ki naszemu przyjaznemu dla u\u017cytkownika konfiguratorowi ka\u017cdy internauta mo\u017ce utworzy\u0107 wid\u017cet Kalendarza wydarze\u0144 online i po prostu umie\u015bci\u0107 go na stronie GoDaddy. Nie powiniene\u015b otrzymywa\u0107 p\u0142atnego planu ani podawa\u0107 danych uwierzytelniaj\u0105cych karty, aby uzyska\u0107 dost\u0119p do naszego edytora. Je\u015bli na kt\u00f3rymkolwiek etapie napotkasz jakiekolwiek problemy, skontaktuj si\u0119 z naszym personelem pomocy technicznej.<\/p><\/div>\r\n\t\t\t\t\t<\/div>\r\n\t\t\t\t<\/div><\/div>","protected":false},"excerpt":{"rendered":"","protected":false},"author":9,"featured_media":0,"parent":2321,"menu_order":0,"comment_status":"closed","ping_status":"closed","template":"templates\/template-application-platform.php","meta":{"publish_to_discourse":"","publish_post_category":"","wpdc_auto_publish_overridden":"","wpdc_topic_tags":"","wpdc_pin_topic":"","wpdc_pin_until":"","discourse_post_id":"","discourse_permalink":"","wpdc_publishing_response":"","wpdc_publishing_error":"","footnotes":""},"class_list":["post-4933","page","type-page","status-publish","hentry"],"yoast_head":"<!-- This site is optimized with the Yoast SEO plugin v25.3.1 - https:\/\/yoast.com\/wordpress\/plugins\/seo\/ -->\n<title>Wtyczka Kalendarza wydarze\u0144 \u2014 dodaj wtyczk\u0119 Kalendarza wydarze\u0144 do witryny GoDaddy!<\/title>\n<meta name=\"description\" content=\"Prezentuj wszystkie nadchodz\u0105ce wydarzenia w najprostszy spos\u00f3b na swojej stronie GoDaddy, korzystaj\u0105c z wspania\u0142ej wtyczki Kalendarza wydarze\u0144!\" \/>\n<meta name=\"robots\" content=\"index, follow, max-snippet:-1, max-image-preview:large, max-video-preview:-1\" \/>\n<link rel=\"canonical\" href=\"https:\/\/elfsight.com\/pl\/event-calendar-widget\/godaddy\/\" \/>\n<meta property=\"og:locale\" content=\"pl_PL\" \/>\n<meta property=\"og:type\" content=\"article\" \/>\n<meta property=\"og:title\" content=\"Wtyczka Kalendarza wydarze\u0144 \u2014 dodaj wtyczk\u0119 Kalendarza wydarze\u0144 do witryny GoDaddy!\" \/>\n<meta property=\"og:description\" content=\"Prezentuj wszystkie nadchodz\u0105ce wydarzenia w najprostszy spos\u00f3b na swojej stronie GoDaddy, korzystaj\u0105c z wspania\u0142ej wtyczki Kalendarza wydarze\u0144!\" \/>\n<meta property=\"og:url\" content=\"https:\/\/elfsight.com\/pl\/event-calendar-widget\/godaddy\/\" \/>\n<meta property=\"og:site_name\" content=\"Elfsight PL\" \/>\n<meta property=\"article:modified_time\" content=\"2024-10-23T13:41:19+00:00\" \/>\n<meta name=\"twitter:card\" content=\"summary_large_image\" \/>\n<meta name=\"twitter:label1\" content=\"Szacowany czas czytania\" \/>\n\t<meta name=\"twitter:data1\" content=\"3 minuty\" \/>\n<!-- \/ Yoast SEO plugin. -->","yoast_head_json":{"title":"Wtyczka Kalendarza wydarze\u0144 \u2014 dodaj wtyczk\u0119 Kalendarza wydarze\u0144 do witryny GoDaddy!","description":"Prezentuj wszystkie nadchodz\u0105ce wydarzenia w najprostszy spos\u00f3b na swojej stronie GoDaddy, korzystaj\u0105c z wspania\u0142ej wtyczki Kalendarza wydarze\u0144!","robots":{"index":"index","follow":"follow","max-snippet":"max-snippet:-1","max-image-preview":"max-image-preview:large","max-video-preview":"max-video-preview:-1"},"canonical":"https:\/\/elfsight.com\/pl\/event-calendar-widget\/godaddy\/","og_locale":"pl_PL","og_type":"article","og_title":"Wtyczka Kalendarza wydarze\u0144 \u2014 dodaj wtyczk\u0119 Kalendarza wydarze\u0144 do witryny GoDaddy!","og_description":"Prezentuj wszystkie nadchodz\u0105ce wydarzenia w najprostszy spos\u00f3b na swojej stronie GoDaddy, korzystaj\u0105c z wspania\u0142ej wtyczki Kalendarza wydarze\u0144!","og_url":"https:\/\/elfsight.com\/pl\/event-calendar-widget\/godaddy\/","og_site_name":"Elfsight PL","article_modified_time":"2024-10-23T13:41:19+00:00","twitter_card":"summary_large_image","twitter_misc":{"Szacowany czas czytania":"3 minuty"},"schema":{"@context":"https:\/\/schema.org","@graph":[{"@type":"WebPage","@id":"https:\/\/elfsight.com\/pl\/event-calendar-widget\/godaddy\/","url":"https:\/\/elfsight.com\/pl\/event-calendar-widget\/godaddy\/","name":"Wtyczka Kalendarza wydarze\u0144 \u2014 dodaj wtyczk\u0119 Kalendarza wydarze\u0144 do witryny GoDaddy!","isPartOf":{"@id":"https:\/\/elfsight.com\/pl\/#website"},"datePublished":"2024-05-03T06:34:52+00:00","dateModified":"2024-10-23T13:41:19+00:00","description":"Prezentuj wszystkie nadchodz\u0105ce wydarzenia w najprostszy spos\u00f3b na swojej stronie GoDaddy, korzystaj\u0105c z wspania\u0142ej wtyczki Kalendarza wydarze\u0144!","breadcrumb":{"@id":"https:\/\/elfsight.com\/pl\/event-calendar-widget\/godaddy\/#breadcrumb"},"inLanguage":"pl-PL","potentialAction":[{"@type":"ReadAction","target":["https:\/\/elfsight.com\/pl\/event-calendar-widget\/godaddy\/"]}]},{"@type":"BreadcrumbList","@id":"https:\/\/elfsight.com\/pl\/event-calendar-widget\/godaddy\/#breadcrumb","itemListElement":[{"@type":"ListItem","position":1,"name":"Home","item":"https:\/\/elfsight.com\/pl\/"},{"@type":"ListItem","position":2,"name":"Event Calendar","item":"https:\/\/elfsight.com\/pl\/event-calendar-widget\/"},{"@type":"ListItem","position":3,"name":"Event Calendar &#8211; GoDaddy"}]},{"@type":"WebSite","@id":"https:\/\/elfsight.com\/pl\/#website","url":"https:\/\/elfsight.com\/pl\/","name":"Elfsight PL","description":"Just another Elfsight Sites site","potentialAction":[{"@type":"SearchAction","target":{"@type":"EntryPoint","urlTemplate":"https:\/\/elfsight.com\/pl\/?s={search_term_string}"},"query-input":{"@type":"PropertyValueSpecification","valueRequired":true,"valueName":"search_term_string"}}],"inLanguage":"pl-PL"}]}},"meta_box":{"industry":"","seo_heading":"","heading":"","description":"","cta_heading":"","cta_description":"","application":"2320","h1":"Wtyczka Kalendarza wydarze\u0144 GoDaddy","h1_caption":"Zarz\u0105dzaj i udost\u0119pniaj wydarzenia w swojej witrynie za pomoc\u0105 interaktywnego i przyjaznego dla u\u017cytkownika kalendarza wydarze\u0144 w witrynie GoDaddy.","application_category":[],"applications_title":"","applications_request_title":"","applications_request_button_text":"","hero_text":"","hero_video":"","hero_video_schema_markup":"","selling_points_title":"","selling_points_caption":"","selling_points":[],"selling_points_cta_text":"","features_title":"","features":"","ed_cta_examples_text":"","ed_cta_examples_hidden":"","ed_cta_demo_text":"","ed_cta_demo_hidden":"","why_caption":"","why_editor_title":"","why_editor_text":"","why_team_title":"","why_team_text":"","why_service_title":"","why_service_text":"","template_catalog_visible":"","template_catalog_title":"","template_catalog_text":"","template_catalog_categories_visible":"","demo_title":"Stw\u00f3rz w\u0142asny kalendarz wydarze\u0144 w 1-2-3!","demo_caption":"Skorzystaj z okazji, aby dostosowa\u0107 wtyczk\u0119 w edytorze i zintegrowa\u0107 j\u0105 ze swoj\u0105 witryn\u0105 bezpo\u015brednio poprzez wersj\u0119 demonstracyjn\u0105.","default_faq_hidden":"","app_template_category":[],"platform":"180","template_public_id":"","codecanyon_url":"","codecanyon_item_id":"","codecanyon_price":"","pricing_caption":"","pricing_elfsight_apps_hide_column":"","pricing_elfsight_apps_url":"","pricing_codecanyon_price_caption":"","integration_category":[],"integration_request_title":"","integration_request_cta":"","integration_platform":"","integrations":[],"platform_category":[],"video_schema_markup":"","price":"od 0 USD \/ miesi\u0105c","trial":"","benefits":[{"text":"Bezp\u0142atna pomoc w monta\u017cu"},{"text":"Do\u015bwiadczona obs\u0142uga klienta"},{"text":"14-dniowa gwarancja zwrotu pieni\u0119dzy"}],"button_url":"#demo","button_target_blank":"","button_nofollow":"","attributes":[{"name":"Instaluje"},{"name":"Czu\u0142y"},{"name":"Kompatybilne przegl\u0105darki"}],"tags":[],"tags_disable_links":"","hide_more_platforms":"","video_object":"","demo_hide_cta":"","demo_hide_cloud_options":"","pricing_title":"","pricing":[{"pricing_icon":"platform","pricing_title":"Elfsight Apps","pricing_title_caption":"Wersja wieloplatformowa","pricing_price":"od 0 USD \/ miesi\u0105c","pricing_price_caption":"zacznij od bezp\u0142atnego planu","pricing_benefits":[{"text":"Nielimitowane domeny"},{"text":"Bezp\u0142atne i terminowe wsparcie"},{"text":"Bezp\u0142atna pomoc w monta\u017cu"},{"text":"Elastyczny projekt"}],"pricing_button_text":"Dodaj do witryny","pricing_button_url":"#demo"}],"related_apps_title":"","related_apps_hidden":"","author":"","image":[],"title":"","job":"","social_networks":[]},"_links":{"self":[{"href":"https:\/\/elfsight.com\/pl\/wp-json\/wp\/v2\/pages\/4933","targetHints":{"allow":["GET"]}}],"collection":[{"href":"https:\/\/elfsight.com\/pl\/wp-json\/wp\/v2\/pages"}],"about":[{"href":"https:\/\/elfsight.com\/pl\/wp-json\/wp\/v2\/types\/page"}],"author":[{"embeddable":true,"href":"https:\/\/elfsight.com\/pl\/wp-json\/wp\/v2\/users\/9"}],"replies":[{"embeddable":true,"href":"https:\/\/elfsight.com\/pl\/wp-json\/wp\/v2\/comments?post=4933"}],"version-history":[{"count":1,"href":"https:\/\/elfsight.com\/pl\/wp-json\/wp\/v2\/pages\/4933\/revisions"}],"predecessor-version":[{"id":4937,"href":"https:\/\/elfsight.com\/pl\/wp-json\/wp\/v2\/pages\/4933\/revisions\/4937"}],"up":[{"embeddable":true,"href":"https:\/\/elfsight.com\/pl\/wp-json\/wp\/v2\/pages\/2321"}],"wp:attachment":[{"href":"https:\/\/elfsight.com\/pl\/wp-json\/wp\/v2\/media?parent=4933"}],"curies":[{"name":"wp","href":"https:\/\/api.w.org\/{rel}","templated":true}]}}