{"id":493,"date":"2020-11-20T08:09:29","date_gmt":"2020-11-20T08:09:29","guid":{"rendered":"https:\/\/elfsight.com\/pl\/?page_id=493"},"modified":"2021-04-21T13:46:33","modified_gmt":"2021-04-21T13:46:33","slug":"hubspot-plugins","status":"publish","type":"page","link":"https:\/\/elfsight.com\/pl\/hubspot-plugins\/","title":{"rendered":"HubSpot plugins"},"content":{"rendered":"\n<h2>Najdoskonalsze wid\u017cety Elfsight dla unowocze\u015bnienia twojej strony www HubSpot<\/h2>\n\n<p>Na przestrzeni 9 lat nasz team profesjonalist\u00f3w Elfsight stwarza proste i dostosowywane wtyczki chmurowe dla Twojej strony www. Zapewniamy szybkie wsparcie i szybko\u015b\u0107 wczytywania. Us\u0142ugi aplikacyjne Elfsight s\u0142u\u017c\u0105 w\u0142a\u015bcicielom serwis\u00f3w internetowych, edukacyjnych i innym z ca\u0142ego \u015bwiata poradzi\u0107 sobie z g\u0142\u00f3wnymi dzia\u0142aniami wydajniej. \n<\/p>\n\n<p>Mo\u017cesz zwi\u0119kszy\u0107 liczb\u0119 lead\u00f3w, pokaza\u0107 pozytywny feedback na swoje us\u0142ugi, zwi\u0119kszy\u0107 zaufanie do swojej marki, poprzez wbudowanie element\u00f3w interfejsu do Twojej strony internetowej. Nasze plany subskrypcji wahaj\u0105 si\u0119 od bezp\u0142atnych do premium. \u0141atwo do\u0142\u0105czy\u0107 wszelkie odpowiednie aplikacji korzystaj\u0105c z naszej demonstracji i spotkaj jak bardzo to b\u0119dzie po\u017cyteczne w kwestii rozwoju strony internetowej Pa\u0144stwa firmy. <\/p>\n\n<h2>Co sprawia, \u017ce nasze aplikacji Elfsight s\u0105 wyj\u0105tkowymi rozwi\u0105zaniami dla Ciebie? <\/h2>\n\n<p> Tu jest spis silnych cech naszych aplikacji, kt\u00f3re umo\u017cliwiaj\u0105 nam wyprzedzi\u0107 konkurencj\u0119: <\/p>\n\n\n<ul>\n<li> Nieodp\u0142atna i natychmiastowa obs\u0142uga przy wbudowaniu lub personalizacji rozszerze\u0144; <\/li>\n<li> Automatyczne dostosowanie do wszystkich rozdzielczo\u015bci stron internetowych i przyjazne dla urz\u0105dze\u0144 mobilnych; <\/li>\n<li> Nie musisz prosi\u0107 o pomoc programisty; <\/li>\n<li> Szeroki wyb\u00f3r opcji dostosowywania; <\/li>\n<li> Przechowywanie danych chmurze pomagaj\u0105 zwi\u0119kszy\u0107 pr\u0119dko\u015b\u0107 \u0142adowania serwisu; <\/li>\n<li> Wszystkie dost\u0119pne poprawki s\u0105 bezp\u0142atne i regularne; <\/li>\n<li> Uczciwe ceny; <\/li>\n<li> Sta\u0142a pomoc w przypadku problem\u00f3w. <\/li>\n<\/ul>\n\n<p> Poznaj wolne wersje Lite naszych rozszerze\u0144 i zastosuj jej potencja\u0142 lub zainstaluj dowolne wymagane rozwi\u0105zanie z 20% rabatem. <\/p>\n\n\n<h2> Jak wstawi\u0107 dodatki Elfsight na Pa\u0144stwa stronie Web HubSpot <\/h2>\n\n<p> Mo\u017cesz zamie\u015bci\u0107 widgety, wykonuj\u0105c nast\u0119pnie czynno\u015bci z nieskomplikowanej wskaz\u00f3wki: <\/p>\n\n\n<ol>\n<li> Naci\u015bnij wymagany plugin; <\/li>\n<li> Skonfiguruj wszystkie potrzebne ustawienia; <\/li>\n<li> Nie zapomnij zapisa\u0107 zmiany; <\/li>\n<li> Skopiuj wygenerowany kod; <\/li>\n<li> Dodaj kod w dost\u0119pnym miejscu Twojej strony lub szablonu; <\/li>\n<li> Gotowe! Zainstalowa\u0142e\u015b wid\u017cet. <\/li>\n<\/ol>\n\n<p> Je\u015bli chcesz uzyska\u0107 pomoc, nie wahaj si\u0119 skontaktowa\u0107 si\u0119 z zespo\u0142em pomocy technicznej Elfsight. <\/p>\n","protected":false},"excerpt":{"rendered":"Najdoskonalsze wid\u017cety Elfsight dla unowocze\u015bnienia twojej strony www HubSpot Na przestrzeni 9 lat nasz team profesjonalist\u00f3w Elfsight stwarza proste i dostosowywane wtyczki chmurowe dla Twojej strony www. Zapewniamy szybkie wsparcie i szybko\u015b\u0107 wczytywania. Us\u0142ugi aplikacyjne Elfsight s\u0142u\u017c\u0105 w\u0142a\u015bcicielom serwis\u00f3w internetowych, edukacyjnych i innym z ca\u0142ego \u015bwiata poradzi\u0107 sobie z g\u0142\u00f3wnymi&#8230;","protected":false},"author":13,"featured_media":0,"parent":0,"menu_order":0,"comment_status":"closed","ping_status":"closed","template":"templates\/template-platform.php","meta":{"publish_to_discourse":"","publish_post_category":"","wpdc_auto_publish_overridden":"","wpdc_topic_tags":"","wpdc_pin_topic":"","wpdc_pin_until":"","discourse_post_id":"","discourse_permalink":"","wpdc_publishing_response":"","wpdc_publishing_error":"","footnotes":""},"class_list":["post-493","page","type-page","status-publish","hentry"],"yoast_head":"<!-- This site is optimized with the Yoast SEO plugin v25.3.1 - https:\/\/yoast.com\/wordpress\/plugins\/seo\/ -->\n<title>Ponad 80 darmowych HubSpot plugin\u00f3w dla strony internetowej<\/title>\n<meta name=\"description\" content=\"Kolekcja testowanych plugin\u00f3w pierwszej klasy dla twojej witryny internetowej HubSpot. Pom\u00f3c z dostosowywaniem oraz szeroka gama mo\u017cliwo\u015bci.\" \/>\n<meta name=\"robots\" content=\"index, follow, max-snippet:-1, max-image-preview:large, max-video-preview:-1\" \/>\n<link rel=\"canonical\" href=\"https:\/\/elfsight.com\/pl\/hubspot-plugins\/\" \/>\n<meta property=\"og:locale\" content=\"pl_PL\" \/>\n<meta property=\"og:type\" content=\"article\" \/>\n<meta property=\"og:title\" content=\"Ponad 80 darmowych HubSpot plugin\u00f3w dla strony internetowej\" \/>\n<meta property=\"og:description\" content=\"Kolekcja testowanych plugin\u00f3w pierwszej klasy dla twojej witryny internetowej HubSpot. Pom\u00f3c z dostosowywaniem oraz szeroka gama mo\u017cliwo\u015bci.\" \/>\n<meta property=\"og:url\" content=\"https:\/\/elfsight.com\/pl\/hubspot-plugins\/\" \/>\n<meta property=\"og:site_name\" content=\"Elfsight PL\" \/>\n<meta property=\"article:modified_time\" content=\"2021-04-21T13:46:33+00:00\" \/>\n<meta name=\"twitter:card\" content=\"summary_large_image\" \/>\n<meta name=\"twitter:label1\" content=\"Szacowany czas czytania\" \/>\n\t<meta name=\"twitter:data1\" content=\"2 minuty\" \/>\n<!-- \/ Yoast SEO plugin. -->","yoast_head_json":{"title":"Ponad 80 darmowych HubSpot plugin\u00f3w dla strony internetowej","description":"Kolekcja testowanych plugin\u00f3w pierwszej klasy dla twojej witryny internetowej HubSpot. Pom\u00f3c z dostosowywaniem oraz szeroka gama mo\u017cliwo\u015bci.","robots":{"index":"index","follow":"follow","max-snippet":"max-snippet:-1","max-image-preview":"max-image-preview:large","max-video-preview":"max-video-preview:-1"},"canonical":"https:\/\/elfsight.com\/pl\/hubspot-plugins\/","og_locale":"pl_PL","og_type":"article","og_title":"Ponad 80 darmowych HubSpot plugin\u00f3w dla strony internetowej","og_description":"Kolekcja testowanych plugin\u00f3w pierwszej klasy dla twojej witryny internetowej HubSpot. Pom\u00f3c z dostosowywaniem oraz szeroka gama mo\u017cliwo\u015bci.","og_url":"https:\/\/elfsight.com\/pl\/hubspot-plugins\/","og_site_name":"Elfsight PL","article_modified_time":"2021-04-21T13:46:33+00:00","twitter_card":"summary_large_image","twitter_misc":{"Szacowany czas czytania":"2 minuty"},"schema":{"@context":"https:\/\/schema.org","@graph":[{"@type":"WebPage","@id":"https:\/\/elfsight.com\/pl\/hubspot-plugins\/","url":"https:\/\/elfsight.com\/pl\/hubspot-plugins\/","name":"Ponad 80 darmowych HubSpot plugin\u00f3w dla strony internetowej","isPartOf":{"@id":"https:\/\/elfsight.com\/pl\/#website"},"datePublished":"2020-11-20T08:09:29+00:00","dateModified":"2021-04-21T13:46:33+00:00","description":"Kolekcja testowanych plugin\u00f3w pierwszej klasy dla twojej witryny internetowej HubSpot. Pom\u00f3c z dostosowywaniem oraz szeroka gama mo\u017cliwo\u015bci.","breadcrumb":{"@id":"https:\/\/elfsight.com\/pl\/hubspot-plugins\/#breadcrumb"},"inLanguage":"pl-PL","potentialAction":[{"@type":"ReadAction","target":["https:\/\/elfsight.com\/pl\/hubspot-plugins\/"]}]},{"@type":"BreadcrumbList","@id":"https:\/\/elfsight.com\/pl\/hubspot-plugins\/#breadcrumb","itemListElement":[{"@type":"ListItem","position":1,"name":"Home","item":"https:\/\/elfsight.com\/pl\/"},{"@type":"ListItem","position":2,"name":"HubSpot plugins"}]},{"@type":"WebSite","@id":"https:\/\/elfsight.com\/pl\/#website","url":"https:\/\/elfsight.com\/pl\/","name":"Elfsight PL","description":"Just another Elfsight Sites site","potentialAction":[{"@type":"SearchAction","target":{"@type":"EntryPoint","urlTemplate":"https:\/\/elfsight.com\/pl\/?s={search_term_string}"},"query-input":{"@type":"PropertyValueSpecification","valueRequired":true,"valueName":"search_term_string"}}],"inLanguage":"pl-PL"}]}},"meta_box":{"industry":"","seo_heading":"","heading":"","description":"","cta_heading":"","cta_description":"","application":"","h1":"Najlepsze pluginy HubSpot","h1_caption":"Nieodp\u0142atny odbi\u00f3r Plug&Play plugin\u00f3w wysokiej klasy z szerokim wachlarzem mo\u017cliwo\u015bci dla powi\u0119kszania zapotrzebowania u\u017cytkownika oraz wykonania wszystkich podstawowych cel\u00f3w o charakterze handlowym. Nieskomplikowana implementacja, obszerny wyb\u00f3r opcji modyfikacji a tak\u017ce do\u017cywotni serwis pomocy klienta.","application_category":[],"applications_title":"Spotkaj najlepsze pluginy dla twojej strony internetowej w\u015br\u00f3d wszystkich aplikacji nieodp\u0142atnych w edytorze internetowym","applications_request_title":"Nie mo\u017cesz znale\u017a\u0107 odpowiedniego plugina?","applications_request_button_text":"Zam\u00f3w plugin","hero_text":"","hero_video":"","hero_video_schema_markup":"","selling_points_title":"","selling_points_caption":"","selling_points":[],"selling_points_cta_text":"","features_title":"","features":"","ed_cta_examples_text":"","ed_cta_examples_hidden":"","ed_cta_demo_text":"","ed_cta_demo_hidden":"","why_caption":"","why_editor_title":"","why_editor_text":"","why_team_title":"","why_team_text":"","why_service_title":"","why_service_text":"","template_catalog_visible":"","template_catalog_title":"","template_catalog_text":"","template_catalog_categories_visible":"","demo_title":"","demo_caption":"","default_faq_hidden":"","app_template_category":[],"platform":"490","template_public_id":"","codecanyon_url":"","codecanyon_item_id":"","codecanyon_price":"","pricing_caption":"","pricing_elfsight_apps_hide_column":"","pricing_elfsight_apps_url":"","pricing_codecanyon_price_caption":"","integration_category":[],"integration_request_title":"","integration_request_cta":"","integration_platform":"","integrations":[],"platform_category":[],"video_schema_markup":"","price":"","trial":"","benefits":[],"button_url":"","button_target_blank":"","button_nofollow":"","attributes":[],"tags":[],"tags_disable_links":"","hide_more_platforms":"","video_object":"","demo_hide_cta":"","demo_hide_cloud_options":"","pricing_title":"","pricing":[],"related_apps_title":"","related_apps_hidden":"","author":"","image":[],"title":"","job":"","social_networks":[]},"_links":{"self":[{"href":"https:\/\/elfsight.com\/pl\/wp-json\/wp\/v2\/pages\/493","targetHints":{"allow":["GET"]}}],"collection":[{"href":"https:\/\/elfsight.com\/pl\/wp-json\/wp\/v2\/pages"}],"about":[{"href":"https:\/\/elfsight.com\/pl\/wp-json\/wp\/v2\/types\/page"}],"author":[{"embeddable":true,"href":"https:\/\/elfsight.com\/pl\/wp-json\/wp\/v2\/users\/13"}],"replies":[{"embeddable":true,"href":"https:\/\/elfsight.com\/pl\/wp-json\/wp\/v2\/comments?post=493"}],"version-history":[{"count":2,"href":"https:\/\/elfsight.com\/pl\/wp-json\/wp\/v2\/pages\/493\/revisions"}],"predecessor-version":[{"id":495,"href":"https:\/\/elfsight.com\/pl\/wp-json\/wp\/v2\/pages\/493\/revisions\/495"}],"wp:attachment":[{"href":"https:\/\/elfsight.com\/pl\/wp-json\/wp\/v2\/media?parent=493"}],"curies":[{"name":"wp","href":"https:\/\/api.w.org\/{rel}","templated":true}]}}