{"id":4927,"date":"2024-05-03T06:34:50","date_gmt":"2024-05-03T06:34:50","guid":{"rendered":"https:\/\/elfsight.com\/pl\/?page_id=4927"},"modified":"2024-10-23T13:41:11","modified_gmt":"2024-10-23T13:41:11","slug":"jimdo","status":"publish","type":"page","link":"https:\/\/elfsight.com\/pl\/event-calendar-widget\/jimdo\/","title":{"rendered":"Event Calendar &#8211; Jimdo"},"content":{"rendered":"<div class=\"application-platform-content-item-description application-platform-content-item\" id=\"description\" data-nav-section=\"description\"> <h2>Osad\u017a kalendarz wydarze\u0144 za pomoc\u0105 wid\u017cetu Elfsight<\/h2> <p>Kalendarz wydarze\u0144 Elfsight to imponuj\u0105ce narz\u0119dzie, kt\u00f3re pozwala \u0142atwo udost\u0119pnia\u0107 swoje dzia\u0142ania reszta \u015bwiata. Oferuje wiele mo\u017cliwo\u015bci pokazania nadchodz\u0105cych wydarze\u0144 w najbardziej efektowny spos\u00f3b. Dostosuj go, aby po\u0142\u0105czy\u0107 projekt ze stylem swojej witryny. Tw\u00f3rz nieograniczon\u0105 liczb\u0119 wydarze\u0144, dodawaj r\u00f3\u017cne tagi, przesy\u0142aj w\u0142asne zdj\u0119cia i filmy i informuj odwiedzaj\u0105cych o swoim harmonogramie. <\/p><p><b>Nasz kalendarz wydarze\u0144 mo\u017ce pom\u00f3c Ci w atrakcyjny spos\u00f3b zaprezentowa\u0107 nadchodz\u0105ce wydarzenia i zwi\u0119kszy\u0107 wsp\u00f3\u0142czynnik zaanga\u017cowania w Twojej witrynie. <\/b><\/p><\/div> <div class=\"application-platform-content-item-features application-platform-content-item\" id=\"features\" data-nav-section=\"features\"> <h2>G\u0142\u00f3wne funkcje wid\u017cetu kalendarza wydarze\u0144<\/h2> <ul><li>Wykorzystaj mo\u017cliwo\u015bci dostosowywania tre\u015bci, aby zrozumie\u0107 kalendarz dla swojego typu z wydarze\u0144. <\/li><li>Daj u\u017cytkownikom mo\u017cliwo\u015b\u0107 dodawania wydarze\u0144 do cz\u0119sto u\u017cywanych kalendarzy. <\/li><li>Tw\u00f3rz r\u00f3\u017cnego rodzaju wydarzenia, dodawaj gospodarzy i zaznaczaj lokalizacje. <\/li><li>przypisz im tagi i klasyfikuj wszystkie swoje dzia\u0142ania. <\/li><li>Prze\u0142\u0105czaj pomi\u0119dzy 4 wariantami uk\u0142adu. <\/li><\/ul><p><a href=\"#demo\">Mo\u017cesz poczu\u0107, jaki widget jest wart wypr\u00f3bowania w wersji demonstracyjnej<\/a><\/p> <\/div> <div class=\"application-platform-content-item-installation  application-platform-content-item\" id=\"installation \" data-nav-section=\"installation \"> <h2>Jak mog\u0119 osadzi\u0107 Kalendarz wydarze\u0144 na mojej stronie internetowej Jimdo? <\/h2> <p>Wystarczy zastosowa\u0107 si\u0119 do poni\u017cszych instrukcji, aby osadzi\u0107 narz\u0119dzie. <\/p> <ol><li><b>Wykorzystaj nasz darmowy edytor i zacznij budowa\u0107 sw\u00f3j w\u0142asny instrument. <\/b><br> Okre\u015bl preferowany interfejs i opcje wid\u017cetu i zapisz zmiany. <\/li> <li><b>Zdob\u0105d\u017a sw\u00f3j unikalny kod pojawiaj\u0105cy si\u0119 w specjalnym formularzu w aplikacjach Elfsight. <\/b><br> Zaraz po skonfigurowaniu osobistego widgetu skopiuj ekskluzywny kod z wy\u015bwietlonego pola i zapisz go do dalszego wykorzystania. <\/li> <li><b>Zacznij korzysta\u0107 z narz\u0119dzia na swojej stronie internetowej Jimdo. <\/b><br> Wklej zapisany wcze\u015bniej kod na swoj\u0105 stron\u0119 i zapisz zmiany. <\/li> <li><b>Instalacja zosta\u0142a w pe\u0142ni przeprowadzona. <\/b><br> Przejd\u017a na swoj\u0105 stron\u0119, aby sprawdzi\u0107 dzia\u0142anie wid\u017cetu. <\/li><\/ol> <p>Je\u015bli napotkasz jakiekolwiek trudno\u015bci, skontaktuj si\u0119 z naszym zespo\u0142em pomocy. Nasi pracownicy z przyjemno\u015bci\u0105 rozwi\u0105\u017c\u0105 wszystkie problemy, jakie mo\u017cesz mie\u0107 z produktem. <\/p> <\/div><div class=\"faq\" data-component=\"FAQ\"><div class=\"faq-item\">\r\n\t\t\t\t\t<div class=\"faq-item-question\">\r\n\t\t\t\t\t\t<h3 class=\"faq-item-question-text\">Czy istnieje metoda dodania Kalendarza wydarze\u0144 do mojej strony internetowej Jimdo bez kodowania?<\/h3>\r\n\r\n\t\t\t\t\t\t<div class=\"faq-item-question-icon\"><\/div>\r\n\t\t\t\t\t<\/div>\r\n\r\n\t\t\t\t\t<div class=\"faq-item-answer\">\r\n\t\t\t\t\t\t<div class=\"faq-item-answer-text\"><p>Firma Elfsight wprowadza rozwi\u0105zanie SaaS, kt\u00f3re pozwala u\u017cytkownikom samodzielnie stworzy\u0107 aplikacj\u0119 Kalendarza wydarze\u0144. Przekonaj si\u0119, jakie to proste: <\/p><ul><li>Przejd\u017a do wersji demonstracyjnej online, aby wygenerowa\u0107 wid\u017cet Kalendarza wydarze\u0144, kt\u00f3ry chcesz osadzi\u0107 w sieci Jimdo stron\u0119.<\/li><li>Wybierz jeden z gotowych szablon\u00f3w i zmie\u0144 ustawienia Kalendarza wydarze\u0144, do\u0142\u0105cz swoj\u0105 tre\u015b\u0107, zmie\u0144 uk\u0142ad i kolory bez znajomo\u015bci kodowania.<\/li><li>Zapisz Kalendarz wydarze\u0144 i skopiuj kod instalacyjny, kt\u00f3ry mo\u017cna \u0142atwo doda\u0107 na stronie Jimdo bez konieczno\u015bci zakupu wersji p\u0142atnej. <\/li><\/ul><p>Dzi\u0119ki naszemu przyjaznemu dla u\u017cytkownika konfiguratorowi ka\u017cdy u\u017cytkownik Internetu mo\u017ce wygenerowa\u0107 Kalendarz wydarze\u0144 online i \u0142atwo osadzi\u0107 go na dowolnej witrynie Jimdo. Aby uzyska\u0107 dost\u0119p do us\u0142ugi, nie jest konieczne posiadanie p\u0142atnego planu ani przesy\u0142anie danych uwierzytelniaj\u0105cych karty. Je\u015bli na kt\u00f3rymkolwiek etapie napotkasz jakiekolwiek problemy, skontaktuj si\u0119 z naszym dzia\u0142em obs\u0142ugi klienta.<\/p><\/div>\r\n\t\t\t\t\t<\/div>\r\n\t\t\t\t<\/div><\/div>","protected":false},"excerpt":{"rendered":"","protected":false},"author":9,"featured_media":0,"parent":2321,"menu_order":0,"comment_status":"closed","ping_status":"closed","template":"templates\/template-application-platform.php","meta":{"publish_to_discourse":"","publish_post_category":"","wpdc_auto_publish_overridden":"","wpdc_topic_tags":"","wpdc_pin_topic":"","wpdc_pin_until":"","discourse_post_id":"","discourse_permalink":"","wpdc_publishing_response":"","wpdc_publishing_error":"","footnotes":""},"class_list":["post-4927","page","type-page","status-publish","hentry"],"yoast_head":"<!-- This site is optimized with the Yoast SEO plugin v25.3.1 - https:\/\/yoast.com\/wordpress\/plugins\/seo\/ -->\n<title>Kalendarz wydarze\u0144 \u2014 Dodaj wid\u017cet Kalendarza do strony Jimdo [2025]<\/title>\n<meta name=\"description\" content=\"Dzi\u0119ki Elfsight zaprojektuj wid\u017cet Kalendarza wydarze\u0144 i szybko dodaj go do strony internetowej Jimdo. Oferujemy bezp\u0142atn\u0105 obs\u0142ug\u0119 klienta i inne bonusy.\" \/>\n<meta name=\"robots\" content=\"index, follow, max-snippet:-1, max-image-preview:large, max-video-preview:-1\" \/>\n<link rel=\"canonical\" href=\"https:\/\/elfsight.com\/pl\/event-calendar-widget\/jimdo\/\" \/>\n<meta property=\"og:locale\" content=\"pl_PL\" \/>\n<meta property=\"og:type\" content=\"article\" \/>\n<meta property=\"og:title\" content=\"Kalendarz wydarze\u0144 \u2014 Dodaj wid\u017cet Kalendarza do strony Jimdo [2025]\" \/>\n<meta property=\"og:description\" content=\"Dzi\u0119ki Elfsight zaprojektuj wid\u017cet Kalendarza wydarze\u0144 i szybko dodaj go do strony internetowej Jimdo. Oferujemy bezp\u0142atn\u0105 obs\u0142ug\u0119 klienta i inne bonusy.\" \/>\n<meta property=\"og:url\" content=\"https:\/\/elfsight.com\/pl\/event-calendar-widget\/jimdo\/\" \/>\n<meta property=\"og:site_name\" content=\"Elfsight PL\" \/>\n<meta property=\"article:modified_time\" content=\"2024-10-23T13:41:11+00:00\" \/>\n<meta name=\"twitter:card\" content=\"summary_large_image\" \/>\n<meta name=\"twitter:label1\" content=\"Szacowany czas czytania\" \/>\n\t<meta name=\"twitter:data1\" content=\"3 minuty\" \/>\n<!-- \/ Yoast SEO plugin. -->","yoast_head_json":{"title":"Kalendarz wydarze\u0144 \u2014 Dodaj wid\u017cet Kalendarza do strony Jimdo [2025]","description":"Dzi\u0119ki Elfsight zaprojektuj wid\u017cet Kalendarza wydarze\u0144 i szybko dodaj go do strony internetowej Jimdo. Oferujemy bezp\u0142atn\u0105 obs\u0142ug\u0119 klienta i inne bonusy.","robots":{"index":"index","follow":"follow","max-snippet":"max-snippet:-1","max-image-preview":"max-image-preview:large","max-video-preview":"max-video-preview:-1"},"canonical":"https:\/\/elfsight.com\/pl\/event-calendar-widget\/jimdo\/","og_locale":"pl_PL","og_type":"article","og_title":"Kalendarz wydarze\u0144 \u2014 Dodaj wid\u017cet Kalendarza do strony Jimdo [2025]","og_description":"Dzi\u0119ki Elfsight zaprojektuj wid\u017cet Kalendarza wydarze\u0144 i szybko dodaj go do strony internetowej Jimdo. Oferujemy bezp\u0142atn\u0105 obs\u0142ug\u0119 klienta i inne bonusy.","og_url":"https:\/\/elfsight.com\/pl\/event-calendar-widget\/jimdo\/","og_site_name":"Elfsight PL","article_modified_time":"2024-10-23T13:41:11+00:00","twitter_card":"summary_large_image","twitter_misc":{"Szacowany czas czytania":"3 minuty"},"schema":{"@context":"https:\/\/schema.org","@graph":[{"@type":"WebPage","@id":"https:\/\/elfsight.com\/pl\/event-calendar-widget\/jimdo\/","url":"https:\/\/elfsight.com\/pl\/event-calendar-widget\/jimdo\/","name":"Kalendarz wydarze\u0144 \u2014 Dodaj wid\u017cet Kalendarza do strony Jimdo [2025]","isPartOf":{"@id":"https:\/\/elfsight.com\/pl\/#website"},"datePublished":"2024-05-03T06:34:50+00:00","dateModified":"2024-10-23T13:41:11+00:00","description":"Dzi\u0119ki Elfsight zaprojektuj wid\u017cet Kalendarza wydarze\u0144 i szybko dodaj go do strony internetowej Jimdo. Oferujemy bezp\u0142atn\u0105 obs\u0142ug\u0119 klienta i inne bonusy.","breadcrumb":{"@id":"https:\/\/elfsight.com\/pl\/event-calendar-widget\/jimdo\/#breadcrumb"},"inLanguage":"pl-PL","potentialAction":[{"@type":"ReadAction","target":["https:\/\/elfsight.com\/pl\/event-calendar-widget\/jimdo\/"]}]},{"@type":"BreadcrumbList","@id":"https:\/\/elfsight.com\/pl\/event-calendar-widget\/jimdo\/#breadcrumb","itemListElement":[{"@type":"ListItem","position":1,"name":"Home","item":"https:\/\/elfsight.com\/pl\/"},{"@type":"ListItem","position":2,"name":"Event Calendar","item":"https:\/\/elfsight.com\/pl\/event-calendar-widget\/"},{"@type":"ListItem","position":3,"name":"Event Calendar &#8211; Jimdo"}]},{"@type":"WebSite","@id":"https:\/\/elfsight.com\/pl\/#website","url":"https:\/\/elfsight.com\/pl\/","name":"Elfsight PL","description":"Just another Elfsight Sites site","potentialAction":[{"@type":"SearchAction","target":{"@type":"EntryPoint","urlTemplate":"https:\/\/elfsight.com\/pl\/?s={search_term_string}"},"query-input":{"@type":"PropertyValueSpecification","valueRequired":true,"valueName":"search_term_string"}}],"inLanguage":"pl-PL"}]}},"meta_box":{"industry":"","seo_heading":"","heading":"","description":"","cta_heading":"","cta_description":"","application":"2320","h1":"Wid\u017cet kalendarza wydarze\u0144 Jimdo","h1_caption":"Zarz\u0105dzaj i udost\u0119pniaj wydarzenia na swojej stronie internetowej za pomoc\u0105 interaktywnego i przyjaznego dla u\u017cytkownika kalendarza wydarze\u0144 na swojej stronie internetowej Jimdo bez wysi\u0142ku.","application_category":[],"applications_title":"","applications_request_title":"","applications_request_button_text":"","hero_text":"","hero_video":"","hero_video_schema_markup":"","selling_points_title":"","selling_points_caption":"","selling_points":[],"selling_points_cta_text":"","features_title":"","features":"","ed_cta_examples_text":"","ed_cta_examples_hidden":"","ed_cta_demo_text":"","ed_cta_demo_hidden":"","why_caption":"","why_editor_title":"","why_editor_text":"","why_team_title":"","why_team_text":"","why_service_title":"","why_service_text":"","template_catalog_visible":"","template_catalog_title":"","template_catalog_text":"","template_catalog_categories_visible":"","demo_title":"Stw\u00f3rz teraz sw\u00f3j w\u0142asny kalendarz wydarze\u0144 Squarespace!","demo_caption":"Ju\u017c teraz mo\u017cesz spersonalizowa\u0107 wtyczk\u0119 i wprowadzi\u0107 j\u0105 na swoj\u0105 stron\u0119 prosto z dema na \u017cywo.","default_faq_hidden":"","app_template_category":[],"platform":"193","template_public_id":"","codecanyon_url":"","codecanyon_item_id":"","codecanyon_price":"","pricing_caption":"","pricing_elfsight_apps_hide_column":"","pricing_elfsight_apps_url":"","pricing_codecanyon_price_caption":"","integration_category":[],"integration_request_title":"","integration_request_cta":"","integration_platform":"","integrations":[],"platform_category":[],"video_schema_markup":"","price":"od 0 USD \/ miesi\u0105c","trial":"","benefits":[{"text":"Bezp\u0142atna pomoc w monta\u017cu"},{"text":"Kompetentna obs\u0142uga klienta"},{"text":"14-dniowa gwarancja zwrotu pieni\u0119dzy"}],"button_url":"#demo","button_target_blank":"","button_nofollow":"","attributes":[{"name":"Instaluje"},{"name":"Czu\u0142y"},{"name":"Kompatybilne przegl\u0105darki"}],"tags":[],"tags_disable_links":"","hide_more_platforms":"","video_object":"","demo_hide_cta":"","demo_hide_cloud_options":"","pricing_title":"","pricing":[{"pricing_icon":"platform","pricing_title":"Elfsight Apps","pricing_title_caption":"Wersja wieloplatformowa, kt\u00f3ra dzia\u0142a na ka\u017cdej stronie internetowej","pricing_price":"od 0 USD \/ miesi\u0105c","pricing_price_caption":"zacznij od bezp\u0142atnego planu","pricing_benefits":[{"text":"Nielimitowane domeny"},{"text":"Ca\u0142odobowa obs\u0142uga klienta, dobrze udokumentowana"},{"text":"Bezp\u0142atna pomoc w instalacji"},{"text":"100% konfigurowalny"}],"pricing_button_text":"Dodaj do witryny","pricing_button_url":"#demo"}],"related_apps_title":"","related_apps_hidden":"","author":"","image":[],"title":"","job":"","social_networks":[]},"_links":{"self":[{"href":"https:\/\/elfsight.com\/pl\/wp-json\/wp\/v2\/pages\/4927","targetHints":{"allow":["GET"]}}],"collection":[{"href":"https:\/\/elfsight.com\/pl\/wp-json\/wp\/v2\/pages"}],"about":[{"href":"https:\/\/elfsight.com\/pl\/wp-json\/wp\/v2\/types\/page"}],"author":[{"embeddable":true,"href":"https:\/\/elfsight.com\/pl\/wp-json\/wp\/v2\/users\/9"}],"replies":[{"embeddable":true,"href":"https:\/\/elfsight.com\/pl\/wp-json\/wp\/v2\/comments?post=4927"}],"version-history":[{"count":1,"href":"https:\/\/elfsight.com\/pl\/wp-json\/wp\/v2\/pages\/4927\/revisions"}],"predecessor-version":[{"id":4931,"href":"https:\/\/elfsight.com\/pl\/wp-json\/wp\/v2\/pages\/4927\/revisions\/4931"}],"up":[{"embeddable":true,"href":"https:\/\/elfsight.com\/pl\/wp-json\/wp\/v2\/pages\/2321"}],"wp:attachment":[{"href":"https:\/\/elfsight.com\/pl\/wp-json\/wp\/v2\/media?parent=4927"}],"curies":[{"name":"wp","href":"https:\/\/api.w.org\/{rel}","templated":true}]}}