{"id":4926,"date":"2024-05-03T06:34:49","date_gmt":"2024-05-03T06:34:49","guid":{"rendered":"https:\/\/elfsight.com\/pl\/?page_id=4926"},"modified":"2024-10-23T13:32:37","modified_gmt":"2024-10-23T13:32:37","slug":"shopify","status":"publish","type":"page","link":"https:\/\/elfsight.com\/pl\/etsy-reviews-widget\/shopify\/","title":{"rendered":"Etsy Reviews &#8211; Shopify"},"content":{"rendered":"<div class=\"application-platform-content-item-description application-platform-content-item\" id=\"description\" data-nav-section=\"description\"><h2>Ulepsz swoj\u0105 witryn\u0119 Shopify dzi\u0119ki recenzjom Elfsight Etsy<\/h2><p>Elfsight Recenzje Etsy to przyjazna dla u\u017cytkownika wtyczka, kt\u00f3ra usprawnia Twoj\u0105 witryn\u0119 Shopify z mo\u017cliwo\u015bci\u0105 prezentowania recenzji klient\u00f3w na temat Twoich produkt\u00f3w i us\u0142ug bezpo\u015brednio z platformy Etsy. Ten wszechstronny wid\u017cet zapewnia szereg filtr\u00f3w umo\u017cliwiaj\u0105cych \u0142atwe przegl\u0105danie recenzji, wy\u015bwietlanie ocen w postaci gwiazdek i opinii liczbowych z Etsy, dostarczanie dodatkowych informacji o autorach tych recenzji oraz bezproblemow\u0105 integracj\u0119 przycisku wezwania do dzia\u0142ania, kt\u00f3ry prowadzi osobom odwiedzaj\u0105cym Twoj\u0105 witryn\u0119 mo\u017cliwo\u015b\u0107 pozostawiania w\u0142asnych recenzji na Etsy. Wykorzystuj\u0105c Elfsight, mo\u017cesz wzmocni\u0107 dow\u00f3d spo\u0142eczny swojej witryny, zwi\u0119kszy\u0107 swoj\u0105 wiarygodno\u015b\u0107 i ostatecznie zwi\u0119kszy\u0107 sprzeda\u017c.<\/p><div class=\"faq\" data-component=\"FAQ\"><div class=\"faq-item\">\r\n\t\t\t\t\t<div class=\"faq-item-question\">\r\n\t\t\t\t\t\t<h3 class=\"faq-item-question-text\">Gdzie mo\u017cesz doda\u0107 recenzje Elfsight Etsy do swojej witryny Shopify?<\/h3>\r\n\r\n\t\t\t\t\t\t<div class=\"faq-item-question-icon\"><\/div>\r\n\t\t\t\t\t<\/div>\r\n\r\n\t\t\t\t\t<div class=\"faq-item-answer\">\r\n\t\t\t\t\t\t<div class=\"faq-item-answer-text\"><p>Dzi\u0119ki naszej wtyczce Elfsight Etsy Reviews mo\u017cesz swobodnie osadza\u0107 wid\u017cet recenzji klient\u00f3w na dowolnej stronie swojej witryny Shopify lub zintegrowa\u0107 go z szablonem witryny, zapewniaj\u0105c jego sp\u00f3jne wy\u015bwietlanie na wszystkich stronach. Wp\u0142yw tych recenzji jest szczeg\u00f3lnie silny na stronach produkt\u00f3w i w sekcji \u201eO nas\u201d, gdzie mo\u017cesz w widocznym miejscu zaprezentowa\u0107 swoje znakomite oceny i entuzjastyczne recenzje.<\/p><\/div>\r\n\t\t\t\t\t<\/div>\r\n\t\t\t\t<\/div><div class=\"faq-item\">\r\n\t\t\t\t\t<div class=\"faq-item-question\">\r\n\t\t\t\t\t\t<h3 class=\"faq-item-question-text\"><\/h3>\r\n\r\n\t\t\t\t\t\t<div class=\"faq-item-question-icon\"><\/div>\r\n\t\t\t\t\t<\/div>\r\n\r\n\t\t\t\t\t<div class=\"faq-item-answer\">\r\n\t\t\t\t\t\t<div class=\"faq-item-answer-text\"><p>Autentyczne recenzje prawdziwych klient\u00f3w nios\u0105 ze sob\u0105 ogromn\u0105 wiarygodno\u015b\u0107 i sygnalizuj\u0105 odwiedzaj\u0105cym Twoj\u0105 witryn\u0119, \u017ce Twoja firma jest partnerem godnym zaufania. Prezentuj\u0105c wysok\u0105 ocen\u0119 i pozytywne referencje, mo\u017cesz znacznie podnie\u015b\u0107 wsp\u00f3\u0142czynniki konwersji w swojej witrynie Shopify. Co wi\u0119cej, strategicznie umieszczony przycisk CTA zach\u0119ca wi\u0119cej u\u017cytkownik\u00f3w do dzielenia si\u0119 swoimi do\u015bwiadczeniami i pozostawiania recenzji na Etsy, co jeszcze bardziej umacnia Twoj\u0105 obecno\u015b\u0107 w Internecie.<\/p><\/div>\r\n\t\t\t\t\t<\/div>\r\n\t\t\t\t<\/div><div class=\"faq-item\">\r\n\t\t\t\t\t<div class=\"faq-item-question\">\r\n\t\t\t\t\t\t<h3 class=\"faq-item-question-text\"><\/h3>\r\n\r\n\t\t\t\t\t\t<div class=\"faq-item-question-icon\"><\/div>\r\n\t\t\t\t\t<\/div>\r\n\r\n\t\t\t\t\t<div class=\"faq-item-answer\">\r\n\t\t\t\t\t\t<div class=\"faq-item-answer-text\"><p>Proces jest szybki i bezproblemowy i zajmuje tylko kilka minut. Nie ma potrzeby posiadania \u017cadnych umiej\u0119tno\u015bci kodowania; to takie proste! Wid\u017cet mo\u017cna bezproblemowo doda\u0107 bezpo\u015brednio za po\u015brednictwem naszej us\u0142ugi lub za po\u015brednictwem rynku Shopify. Masz swobod\u0119 wyboru opcji, kt\u00f3ra najbardziej Ci odpowiada, dzi\u0119ki czemu proces instalacji jest bardzo prosty.<\/p><\/div>\r\n\t\t\t\t\t<\/div>\r\n\t\t\t\t<\/div><\/div><\/div><div class=\"application-platform-content-item-features application-platform-content-item\" id=\"features\" data-nav-section=\"features\"><h2>Odblokuj pe\u0142n\u0105 Potencja\u0142 recenzji Elfsight Etsy dla Shopify<\/h2><p>Aby w pe\u0142ni zrozumie\u0107 mo\u017cliwo\u015bci naszego wid\u017cetu, przyjrzyjmy si\u0119 jego g\u0142\u00f3wnym funkcjom, kt\u00f3re maj\u0105 na celu usprawnienie Twojej witryny Shopify:<\/p><ul><li>Trzy konfigurowalne filtry: sortuj recenzje wed\u0142ug typu, wykluczaj okre\u015blone lub ustawiaj pr\u00f3g liczby wy\u015bwietlanych recenzji.<\/li><li>Wybierz jeden z czterech predefiniowanych uk\u0142ad\u00f3w: lista, siatka, mur i suwak, dzi\u0119ki czemu Twoje recenzje b\u0119d\u0105 idealnie dopasowane w projekt swojej witryny.<\/li><li>Ciesz si\u0119 pe\u0142n\u0105 kontrol\u0105 nad nag\u0142\u00f3wkiem wid\u017cetu, aby mie\u0107 pewno\u015b\u0107, \u017ce jest on zgodny z estetyk\u0105 i mark\u0105 Twojej witryny.<\/li><li>Do\u0142\u0105cz strategiczny przycisk \u201ePro\u015bba o sprawdzenie\u201d, p\u0142ynnie prowadz\u0105cy u\u017cytkownik\u00f3w do zostawiaj w\u0142asne recenzje na Etsy.<\/li><li>Dostosuj sze\u015b\u0107 kluczowych element\u00f3w interfejsu u\u017cytkownika, w tym nazwiska autor\u00f3w, zdj\u0119cia, tekst rekomendacji, daty, ikony Google i oceny w gwiazdkach, co pozwala na dostosowanie wygl\u0105du.<\/li><li>Wybierz jeden z dw\u00f3ch scenariuszy po wys\u0142aniu \u017c\u0105dania: wy\u015bwietl niestandardow\u0105 wiadomo\u015b\u0107 lub ca\u0142kowicie ukryj przycisk, zapewniaj\u0105c elastyczno\u015b\u0107 w obs\u0142udze.<\/li><\/ul><p><a href=\"#demo\">Aby zapozna\u0107 si\u0119 z kompleksow\u0105 demonstracj\u0105, kliknij tutaj<\/a><\/p><p><\/p><\/div><div class=\"application-platform-content-item-installation application-platform-content-item\" id=\"installation\" data-nav-section=\"installation\"><h2>Osadzanie recenzji Elfsight Etsy w Twojej witrynie Shopify<\/h2> <p>Udost\u0119pnienie mocy recenzji Elfsight Etsy w witrynie Shopify jest proste. Aby rozpocz\u0105\u0107, wykonaj te proste kroki:<\/p><ol><li><b>Wykorzystaj bezp\u0142atn\u0105 wersj\u0119 demonstracyjn\u0105 i dostosuj sw\u00f3j wid\u017cet z recenzjami Elfsight Etsy:<\/b><br>Zacznij od wybrania \u017c\u0105danej formy i cech funkcjonalnych wtyczk\u0119. Wprowad\u017a niezb\u0119dne zmiany i zapisz zmiany.<\/li><li><b>Odzyskaj sw\u00f3j unikalny kod do umieszczenia na stronie:<\/b><br>Po dostosowaniu wid\u017cetu w aplikacjach Elfsight zostanie wygenerowany unikalny kod. Skopiuj ten kod, poniewa\u017c b\u0119dzie Ci potrzebny w kolejnych krokach.<\/li><li><b>Zintegruj wid\u017cet ze swoj\u0105 witryn\u0105 Shopify:<\/b><br>Wklej kod skopiowany w poprzednim kroku do swoj\u0105 stron\u0119 Shopify i zapisz zmiany.<\/li><li><b>Wszystko gotowe!<\/b><br>Tw\u00f3j widget zosta\u0142 teraz pomy\u015blnie zintegrowany. Odwied\u017a swoj\u0105 stron\u0119 Shopify, aby zobaczy\u0107, jak dzia\u0142a.<\/li><\/ol><p>Je\u015bli napotkasz jakie\u015b wyzwania lub masz ci\u0105g\u0142e pytania dotycz\u0105ce osadzania recenzji Elfsight Etsy w swojej witrynie Shopify, nie wahaj si\u0119 skontaktowa\u0107 z nasz\u0105 dedykowan\u0105 obs\u0142ug\u0105 klienta zesp\u00f3\u0142. Jeste\u015bmy tutaj, aby odpowiedzie\u0107 na wszelkie pytania.<\/p><p>W\u0142\u0105czenie recenzji Elfsight Etsy do Twojej witryny Shopify to strategiczne posuni\u0119cie maj\u0105ce na celu zwi\u0119kszenie wiarygodno\u015bci Twojej platformy. Dzi\u0119ki naszej wtyczce mo\u017cesz bez wysi\u0142ku wy\u015bwietla\u0107 autentyczne recenzje na Etsy, prezentuj\u0105c swoje wysokie oceny i zapewniaj\u0105c cenny dow\u00f3d spo\u0142eczno\u015bciowy. Proces instalacji jest prosty i nie wymaga u\u017cycia kodu, dzi\u0119ki czemu ka\u017cdy mo\u017ce skorzysta\u0107 z tego pot\u0119\u017cnego wid\u017cetu. Dostosuj go tak, aby pasowa\u0142 do projektu Twojej witryny i pozw\u00f3l, aby zadzia\u0142a\u0142 magia, zach\u0119caj\u0105c wi\u0119cej klient\u00f3w do pozostawienia recenzji w Twojej witrynie Shopify. Nie przegap okazji, aby zwi\u0119kszy\u0107 swoj\u0105 wiarygodno\u015b\u0107 w Internecie i zwi\u0119kszy\u0107 sprzeda\u017c \u2013 zintegruj recenzje Elfsight Etsy ju\u017c dzi\u015b!<\/p><\/div>","protected":false},"excerpt":{"rendered":"","protected":false},"author":9,"featured_media":0,"parent":1555,"menu_order":0,"comment_status":"closed","ping_status":"closed","template":"templates\/template-application-platform.php","meta":{"publish_to_discourse":"","publish_post_category":"","wpdc_auto_publish_overridden":"","wpdc_topic_tags":"","wpdc_pin_topic":"","wpdc_pin_until":"","discourse_post_id":"","discourse_permalink":"","wpdc_publishing_response":"","wpdc_publishing_error":"","footnotes":""},"class_list":["post-4926","page","type-page","status-publish","hentry"],"yoast_head":"<!-- This site is optimized with the Yoast SEO plugin v25.3.1 - https:\/\/yoast.com\/wordpress\/plugins\/seo\/ -->\n<title>Ulepsz sw\u00f3j sklep Shopify dzi\u0119ki recenzjom Elfsight Etsy<\/title>\n<meta name=\"description\" content=\"Odkryj, jak recenzje Elfsight Etsy dotycz\u0105ce Shopify mog\u0105 zwi\u0119kszy\u0107 wiarygodno\u015b\u0107 Twojego sklepu dzi\u0119ki autentycznym opiniom klient\u00f3w. Z \u0142atwo\u015bci\u0105 integruj recenzje Etsy, oceny w postaci gwiazdek i dowody spo\u0142eczno\u015bciowe, aby zwi\u0119kszy\u0107 sprzeda\u017c. Uaktualnij swoj\u0105 witryn\u0119 Shopify ju\u017c dzi\u015b!\" \/>\n<meta name=\"robots\" content=\"index, follow, max-snippet:-1, max-image-preview:large, max-video-preview:-1\" \/>\n<link rel=\"canonical\" href=\"https:\/\/elfsight.com\/pl\/etsy-reviews-widget\/shopify\/\" \/>\n<meta property=\"og:locale\" content=\"pl_PL\" \/>\n<meta property=\"og:type\" content=\"article\" \/>\n<meta property=\"og:title\" content=\"Ulepsz sw\u00f3j sklep Shopify dzi\u0119ki recenzjom Elfsight Etsy\" \/>\n<meta property=\"og:description\" content=\"Odkryj, jak recenzje Elfsight Etsy dotycz\u0105ce Shopify mog\u0105 zwi\u0119kszy\u0107 wiarygodno\u015b\u0107 Twojego sklepu dzi\u0119ki autentycznym opiniom klient\u00f3w. Z \u0142atwo\u015bci\u0105 integruj recenzje Etsy, oceny w postaci gwiazdek i dowody spo\u0142eczno\u015bciowe, aby zwi\u0119kszy\u0107 sprzeda\u017c. Uaktualnij swoj\u0105 witryn\u0119 Shopify ju\u017c dzi\u015b!\" \/>\n<meta property=\"og:url\" content=\"https:\/\/elfsight.com\/pl\/etsy-reviews-widget\/shopify\/\" \/>\n<meta property=\"og:site_name\" content=\"Elfsight PL\" \/>\n<meta property=\"article:modified_time\" content=\"2024-10-23T13:32:37+00:00\" \/>\n<meta name=\"twitter:card\" content=\"summary_large_image\" \/>\n<meta name=\"twitter:label1\" content=\"Szacowany czas czytania\" \/>\n\t<meta name=\"twitter:data1\" content=\"4 minuty\" \/>\n<!-- \/ Yoast SEO plugin. -->","yoast_head_json":{"title":"Ulepsz sw\u00f3j sklep Shopify dzi\u0119ki recenzjom Elfsight Etsy","description":"Odkryj, jak recenzje Elfsight Etsy dotycz\u0105ce Shopify mog\u0105 zwi\u0119kszy\u0107 wiarygodno\u015b\u0107 Twojego sklepu dzi\u0119ki autentycznym opiniom klient\u00f3w. Z \u0142atwo\u015bci\u0105 integruj recenzje Etsy, oceny w postaci gwiazdek i dowody spo\u0142eczno\u015bciowe, aby zwi\u0119kszy\u0107 sprzeda\u017c. Uaktualnij swoj\u0105 witryn\u0119 Shopify ju\u017c dzi\u015b!","robots":{"index":"index","follow":"follow","max-snippet":"max-snippet:-1","max-image-preview":"max-image-preview:large","max-video-preview":"max-video-preview:-1"},"canonical":"https:\/\/elfsight.com\/pl\/etsy-reviews-widget\/shopify\/","og_locale":"pl_PL","og_type":"article","og_title":"Ulepsz sw\u00f3j sklep Shopify dzi\u0119ki recenzjom Elfsight Etsy","og_description":"Odkryj, jak recenzje Elfsight Etsy dotycz\u0105ce Shopify mog\u0105 zwi\u0119kszy\u0107 wiarygodno\u015b\u0107 Twojego sklepu dzi\u0119ki autentycznym opiniom klient\u00f3w. Z \u0142atwo\u015bci\u0105 integruj recenzje Etsy, oceny w postaci gwiazdek i dowody spo\u0142eczno\u015bciowe, aby zwi\u0119kszy\u0107 sprzeda\u017c. Uaktualnij swoj\u0105 witryn\u0119 Shopify ju\u017c dzi\u015b!","og_url":"https:\/\/elfsight.com\/pl\/etsy-reviews-widget\/shopify\/","og_site_name":"Elfsight PL","article_modified_time":"2024-10-23T13:32:37+00:00","twitter_card":"summary_large_image","twitter_misc":{"Szacowany czas czytania":"4 minuty"},"schema":{"@context":"https:\/\/schema.org","@graph":[{"@type":"WebPage","@id":"https:\/\/elfsight.com\/pl\/etsy-reviews-widget\/shopify\/","url":"https:\/\/elfsight.com\/pl\/etsy-reviews-widget\/shopify\/","name":"Ulepsz sw\u00f3j sklep Shopify dzi\u0119ki recenzjom Elfsight Etsy","isPartOf":{"@id":"https:\/\/elfsight.com\/pl\/#website"},"datePublished":"2024-05-03T06:34:49+00:00","dateModified":"2024-10-23T13:32:37+00:00","description":"Odkryj, jak recenzje Elfsight Etsy dotycz\u0105ce Shopify mog\u0105 zwi\u0119kszy\u0107 wiarygodno\u015b\u0107 Twojego sklepu dzi\u0119ki autentycznym opiniom klient\u00f3w. Z \u0142atwo\u015bci\u0105 integruj recenzje Etsy, oceny w postaci gwiazdek i dowody spo\u0142eczno\u015bciowe, aby zwi\u0119kszy\u0107 sprzeda\u017c. Uaktualnij swoj\u0105 witryn\u0119 Shopify ju\u017c dzi\u015b!","breadcrumb":{"@id":"https:\/\/elfsight.com\/pl\/etsy-reviews-widget\/shopify\/#breadcrumb"},"inLanguage":"pl-PL","potentialAction":[{"@type":"ReadAction","target":["https:\/\/elfsight.com\/pl\/etsy-reviews-widget\/shopify\/"]}]},{"@type":"BreadcrumbList","@id":"https:\/\/elfsight.com\/pl\/etsy-reviews-widget\/shopify\/#breadcrumb","itemListElement":[{"@type":"ListItem","position":1,"name":"Home","item":"https:\/\/elfsight.com\/pl\/"},{"@type":"ListItem","position":2,"name":"Etsy Reviews","item":"https:\/\/elfsight.com\/pl\/etsy-reviews-widget\/"},{"@type":"ListItem","position":3,"name":"Etsy Reviews &#8211; Shopify"}]},{"@type":"WebSite","@id":"https:\/\/elfsight.com\/pl\/#website","url":"https:\/\/elfsight.com\/pl\/","name":"Elfsight PL","description":"Just another Elfsight Sites site","potentialAction":[{"@type":"SearchAction","target":{"@type":"EntryPoint","urlTemplate":"https:\/\/elfsight.com\/pl\/?s={search_term_string}"},"query-input":{"@type":"PropertyValueSpecification","valueRequired":true,"valueName":"search_term_string"}}],"inLanguage":"pl-PL"}]}},"meta_box":{"industry":"","seo_heading":"","heading":"","description":"","cta_heading":"","cta_description":"","application":"1553","h1":"Jak osadzi\u0107 recenzje Etsy w witrynie Shopify","h1_caption":"Wy\u015bwietlaj recenzje ze swojego sklepu Etsy bezpo\u015brednio w swojej witrynie, bez wysi\u0142ku zwi\u0119kszaj\u0105c wiarygodno\u015b\u0107 swojego sklepu w witrynie Shopify.","application_category":[],"applications_title":"","applications_request_title":"","applications_request_button_text":"","hero_text":"","hero_video":"","hero_video_schema_markup":"","selling_points_title":"","selling_points_caption":"","selling_points":[],"selling_points_cta_text":"","features_title":"","features":"","ed_cta_examples_text":"","ed_cta_examples_hidden":"","ed_cta_demo_text":"","ed_cta_demo_hidden":"","why_caption":"","why_editor_title":"","why_editor_text":"","why_team_title":"","why_team_text":"","why_service_title":"","why_service_text":"","template_catalog_visible":"","template_catalog_title":"","template_catalog_text":"","template_catalog_categories_visible":"","demo_title":"Formularz Recenzje Shopify Etsy maksymalnie szybko!","demo_caption":"Mo\u017cesz dostosowa\u0107 ustawienia w wersji demonstracyjnej, aby stworzy\u0107 w\u0142asny widget i zintegrowa\u0107 go ze swoj\u0105 witryn\u0105.","default_faq_hidden":"","app_template_category":[],"platform":"112","template_public_id":"","codecanyon_url":"","codecanyon_item_id":"","codecanyon_price":"","pricing_caption":"","pricing_elfsight_apps_hide_column":"","pricing_elfsight_apps_url":"","pricing_codecanyon_price_caption":"","integration_category":[],"integration_request_title":"","integration_request_cta":"","integration_platform":"","integrations":[],"platform_category":[],"video_schema_markup":"","price":"od 0 USD \/ miesi\u0105c","trial":"","benefits":[{"text":"Bezp\u0142atna pomoc w monta\u017cu"},{"text":"Profesjonalna obs\u0142uga klienta"},{"text":"14-dniowa gwarancja zwrotu pieni\u0119dzy"}],"button_url":"#demo","button_target_blank":"","button_nofollow":"","attributes":[{"name":"Instaluje"},{"name":"Czu\u0142y"},{"name":"Kompatybilne przegl\u0105darki"}],"tags":[],"tags_disable_links":"","hide_more_platforms":"","video_object":"","demo_hide_cta":"","demo_hide_cloud_options":"","pricing_title":"","pricing":[{"pricing_icon":"platform","pricing_title":"Elfsight Apps","pricing_title_caption":"Oprogramowanie wieloplatformowe","pricing_price":"od 0 USD \/ miesi\u0105c","pricing_price_caption":"zacznij od bezp\u0142atnego planu","pricing_benefits":[{"text":"Nielimitowane strony internetowe"},{"text":"Ca\u0142odobowa obs\u0142uga klienta"},{"text":"Bezp\u0142atna us\u0142uga monta\u017cu"},{"text":"W pe\u0142ni konfigurowalny"}],"pricing_button_text":"Dodaj do witryny","pricing_button_url":"#demo"}],"related_apps_title":"","related_apps_hidden":"","author":"","image":[],"title":"","job":"","social_networks":[]},"_links":{"self":[{"href":"https:\/\/elfsight.com\/pl\/wp-json\/wp\/v2\/pages\/4926","targetHints":{"allow":["GET"]}}],"collection":[{"href":"https:\/\/elfsight.com\/pl\/wp-json\/wp\/v2\/pages"}],"about":[{"href":"https:\/\/elfsight.com\/pl\/wp-json\/wp\/v2\/types\/page"}],"author":[{"embeddable":true,"href":"https:\/\/elfsight.com\/pl\/wp-json\/wp\/v2\/users\/9"}],"replies":[{"embeddable":true,"href":"https:\/\/elfsight.com\/pl\/wp-json\/wp\/v2\/comments?post=4926"}],"version-history":[{"count":1,"href":"https:\/\/elfsight.com\/pl\/wp-json\/wp\/v2\/pages\/4926\/revisions"}],"predecessor-version":[{"id":4930,"href":"https:\/\/elfsight.com\/pl\/wp-json\/wp\/v2\/pages\/4926\/revisions\/4930"}],"up":[{"embeddable":true,"href":"https:\/\/elfsight.com\/pl\/wp-json\/wp\/v2\/pages\/1555"}],"wp:attachment":[{"href":"https:\/\/elfsight.com\/pl\/wp-json\/wp\/v2\/media?parent=4926"}],"curies":[{"name":"wp","href":"https:\/\/api.w.org\/{rel}","templated":true}]}}