{"id":4871,"date":"2024-05-03T06:34:22","date_gmt":"2024-05-03T06:34:22","guid":{"rendered":"https:\/\/elfsight.com\/pl\/?page_id=4871"},"modified":"2024-11-14T12:44:18","modified_gmt":"2024-11-14T12:44:18","slug":"bigcommerce","status":"publish","type":"page","link":"https:\/\/elfsight.com\/pl\/countdown-timer-widget\/bigcommerce\/","title":{"rendered":"Countdown Timer &#8211; BigCommerce"},"content":{"rendered":"<div class=\"application-platform-content-item-description application-platform-content-item\" id=\"description\" data-nav-section=\"description\"><h2>Opis<\/h2><p>Pokazuj liczniki promuj\u0105ce sprzeda\u017c na swojej stronie internetowej za pomoc\u0105 licznika czasu Elfsight. Podgrzej atmosfer\u0119 i wywo\u0142aj poczucie ograniczonej dost\u0119pno\u015bci Twoich produkt\u00f3w, pokazuj\u0105c, \u017ce na oczach klient\u00f3w rozchodz\u0105 si\u0119 jak ciep\u0142e bu\u0142eczki. Stymuluj aktywno\u015b\u0107 zakupow\u0105 wraz z up\u0142ywem czasu do ko\u0144ca okresu oferty specjalnej. Og\u0142aszaj nadchodz\u0105ce okazje lub \u015bwi\u0119ta, pokazuj\u0105c licznik odliczaj\u0105cy czas i spraw, aby klienci nie mogli si\u0119 doczeka\u0107 pocz\u0105tku.<\/p><p><b>Rozbud\u017a entuzjazm zakupowy i zach\u0119\u0107 kupuj\u0105cych do wi\u0119kszych zakup\u00f3w. <\/b><\/p><p><b>Zach\u0119caj klient\u00f3w do zakupu, buduj\u0105c poczucie pilno\u015bci. <\/b><br> Dodaj licznik czasu, kt\u00f3ry poka\u017ce czas pozosta\u0142y do \u200b\u200bzako\u0144czenia wyprzeda\u017cy i ofert specjalnych. Wzbudzi to poczucie pilno\u015bci i pobudzi klient\u00f3w do szybszego podj\u0119cia decyzji o zakupie.<\/p><p><b>Poka\u017c spadek zapas\u00f3w, aby zwi\u0119kszy\u0107 postrzegan\u0105 warto\u015b\u0107 produkt\u00f3w.<\/b><br> Wyka\u017c to Twoje produkty s\u0105 szybko kupowane i staj\u0105 si\u0119 mniej dost\u0119pne dzi\u0119ki specjalnemu licznikowi zapas\u00f3w. Sprawi, \u017ce u\u017cytkownicy bardziej doceni\u0105 te przedmioty i te\u017c b\u0119d\u0105 chcieli je zdoby\u0107.<\/p><p><b>Przyci\u0105gnij wi\u0119ksz\u0105 uwag\u0119 do swojej sprzeda\u017cy za pomoc\u0105 jasnego paska odliczania o tematyce \u015bwi\u0105tecznej.<\/b><br> Skonfiguruj atrakcyjny tematyczny pasek sprzeda\u017cy na festiwale i wydarzenia specjalne. Doda \u015bwi\u0105tecznej atmosfery i b\u0119dzie promowa\u0107 \u015bwietne oferty, co pomo\u017ce Ci zwi\u0119kszy\u0107 sprzeda\u017c w sezonie.<\/p><\/div><div class=\"application-platform-content-item-features application-platform-content-item\" id=\"features\" data-nav-section=\"features\"><h2>Funkcje<\/h2><p>Dlaczego Elfsight Countdown jest najlepszy w\u015br\u00f3d wysokiej jako\u015bci wid\u017cet\u00f3w BigCommerce? Odkryj nasze prze\u0142omowe cechy:<\/p><ul><li>Licznik w g\u00f3r\u0119 i w d\u00f3\u0142;<\/li><li>Opcja ustawienia \u0142\u0105cza przycisku do przekierowania;<\/li><li>Edytowalne etykiety jednostek czasu;<\/li><li>5 motyw\u00f3w \u015bwi\u0105tecznych na najpopularniejsze okazje;<\/li><li>Mo\u017cliwo\u015b\u0107 ustawienia rozmiaru czcionki wiadomo\u015bci.<\/li><\/ul><p><a href=\"#demo\">Oce\u0144 pe\u0142ny zestaw funkcji w wersji demonstracyjnej!<\/a><\/p><\/div><div class=\"application-platform-content-item-installation application-platform-content-item\" id=\"installation\" data-nav-section=\"installation\"><h2>Jak doda\u0107 licznik czasu do witryny BigCommerce<\/h2><div class=\"video-container \"><iframe width=\"720\" height=\"405\" src=\"https:\/\/www.youtube.com\/embed\/l6n7KvHbBoo\" frameborder=\"0\" allowfullscreen=\"\"><\/iframe><\/div><p>Wystarczy zastosowa\u0107 si\u0119 do poni\u017cszych instrukcji, aby wstawi\u0107 wid\u017cet na BigCommerce.<\/p> <ol><li><b>Skorzystaj z naszego bezp\u0142atnego konfiguratora i zacznij tworzy\u0107 w\u0142asn\u0105 aplikacj\u0119. <\/b><br> Okre\u015bl preferowany wygl\u0105d i opcje wid\u017cetu i zapisz zmiany. <\/li> <li><b>Skopiuj sw\u00f3j unikalny kod pokazany w specjalnym formularzu w aplikacjach Elfsight. <\/b><br> Po zako\u0144czeniu tworzenia osobistego licznika czasu skopiuj ekskluzywny kod z wy\u015bwietlonego wyskakuj\u0105cego okienka i zachowaj go do wykorzystania w przysz\u0142o\u015bci. <\/li> <li><b>Rozpocznij korzystanie z widgetu na stronie BigCommerce. <\/b><br> Wprowad\u017a skopiowany wcze\u015bniej kod na swoj\u0105 stron\u0119 i zapisz poprawki. <\/li> <li><b>Instalacja zosta\u0142a pomy\u015blnie przeprowadzona. <\/b><br> Przejd\u017a do swojej witryny, aby sprawdzi\u0107 dzia\u0142anie narz\u0119dzia. <\/li><\/ol><p>Wyst\u0105pi\u0142y jakie\u015b problemy podczas dodawania lub tworzenia wtyczki? Skontaktuj si\u0119 z naszym Centrum pomocy lub zapoznaj si\u0119 z <a href=\"https:\/\/elfsight.com\/tutorials\/how-to-add-countdown-timer-to-bigcommerce\/\" target=\"_blank\" rel=\"noopener noreferrer\">obszern\u0105 ofert\u0119 artyku\u0142<\/a>.<\/p><div class=\"faq\" data-component=\"FAQ\"> <div class=\"faq-item\">\r\n\t\t\t\t\t<div class=\"faq-item-question\">\r\n\t\t\t\t\t\t<h3 class=\"faq-item-question-text\">Jak doda\u0107 licznik czasu do mojej witryny BigCommerce bez umiej\u0119tno\u015bci kodowania?<\/h3>\r\n\r\n\t\t\t\t\t\t<div class=\"faq-item-question-icon\"><\/div>\r\n\t\t\t\t\t<\/div>\r\n\r\n\t\t\t\t\t<div class=\"faq-item-answer\">\r\n\t\t\t\t\t\t<div class=\"faq-item-answer-text\"> <p>Elfsight zapewnia rozwi\u0105zanie SaaS, kt\u00f3re pozwala utworzy\u0107 wid\u017cet licznika czasu sam przekonaj si\u0119, jak \u0142atwy jest ten proces: Pracuj bezpo\u015brednio w edytorze online, aby utworzy\u0107 wid\u017cet licznika czasu, kt\u00f3ry chcia\u0142by\u015b zobaczy\u0107 na swojej stronie BigCommerce. Wybierz jeden z gotowych szablon\u00f3w i dostosuj ustawienia licznika czasu, dodaj tre\u015b\u0107, zmie\u0144 uk\u0142ad i schemat kolor\u00f3w bez umiej\u0119tno\u015bci kodowania. Zapisz licznik czasu i skopiuj jego kod instalacyjny, aby\u015b m\u00f3g\u0142 doda\u0107 go do swojej witryny BigCommerce bez kupowania wersji p\u0142atnej. Dzi\u0119ki naszemu intuicyjnemu edytorowi ka\u017cdy u\u017cytkownik Internetu mo\u017ce stworzy\u0107 wid\u017cet Minutnik online i \u0142atwo osadzi\u0107 go na swojej stronie BigCommerce. Aby uzyska\u0107 dost\u0119p do us\u0142ugi, nie trzeba p\u0142aci\u0107 ani wprowadza\u0107 danych uwierzytelniaj\u0105cych karty. Je\u015bli na kt\u00f3rymkolwiek etapie napotkasz jakiekolwiek problemy, skontaktuj si\u0119 z naszym zespo\u0142em pomocy technicznej.<\/p> <\/div>\r\n\t\t\t\t\t<\/div>\r\n\t\t\t\t<\/div> <\/div> <\/div>","protected":false},"excerpt":{"rendered":"","protected":false},"author":9,"featured_media":0,"parent":1879,"menu_order":0,"comment_status":"closed","ping_status":"closed","template":"templates\/template-application-platform.php","meta":{"publish_to_discourse":"","publish_post_category":"","wpdc_auto_publish_overridden":"","wpdc_topic_tags":"","wpdc_pin_topic":"","wpdc_pin_until":"","discourse_post_id":"","discourse_permalink":"","wpdc_publishing_response":"","wpdc_publishing_error":"","footnotes":""},"class_list":["post-4871","page","type-page","status-publish","hentry"],"yoast_head":"<!-- This site is optimized with the Yoast SEO plugin v25.3.1 - https:\/\/yoast.com\/wordpress\/plugins\/seo\/ -->\n<title>Najlepsza aplikacja odliczaj\u0105ca czas BigCommerce dla witryny internetowej (2025)<\/title>\n<meta name=\"description\" content=\"Zainstaluj aplikacj\u0119 Countdown Timer na swojej stronie BigCommerce tylko w ci\u0105gu kilku minut. Poznaj szybki i \u0142atwy spos\u00f3b tworzenia r\u00f3\u017cnych wtyczek internetowych przez Elfsight.\" \/>\n<meta name=\"robots\" content=\"index, follow, max-snippet:-1, max-image-preview:large, max-video-preview:-1\" \/>\n<link rel=\"canonical\" href=\"https:\/\/elfsight.com\/pl\/countdown-timer-widget\/bigcommerce\/\" \/>\n<meta property=\"og:locale\" content=\"pl_PL\" \/>\n<meta property=\"og:type\" content=\"article\" \/>\n<meta property=\"og:title\" content=\"Najlepsza aplikacja odliczaj\u0105ca czas BigCommerce dla witryny internetowej (2025)\" \/>\n<meta property=\"og:description\" content=\"Zainstaluj aplikacj\u0119 Countdown Timer na swojej stronie BigCommerce tylko w ci\u0105gu kilku minut. Poznaj szybki i \u0142atwy spos\u00f3b tworzenia r\u00f3\u017cnych wtyczek internetowych przez Elfsight.\" \/>\n<meta property=\"og:url\" content=\"https:\/\/elfsight.com\/pl\/countdown-timer-widget\/bigcommerce\/\" \/>\n<meta property=\"og:site_name\" content=\"Elfsight PL\" \/>\n<meta property=\"article:modified_time\" content=\"2024-11-14T12:44:18+00:00\" \/>\n<meta name=\"twitter:card\" content=\"summary_large_image\" \/>\n<meta name=\"twitter:label1\" content=\"Szacowany czas czytania\" \/>\n\t<meta name=\"twitter:data1\" content=\"3 minuty\" \/>\n<!-- \/ Yoast SEO plugin. -->","yoast_head_json":{"title":"Najlepsza aplikacja odliczaj\u0105ca czas BigCommerce dla witryny internetowej (2025)","description":"Zainstaluj aplikacj\u0119 Countdown Timer na swojej stronie BigCommerce tylko w ci\u0105gu kilku minut. Poznaj szybki i \u0142atwy spos\u00f3b tworzenia r\u00f3\u017cnych wtyczek internetowych przez Elfsight.","robots":{"index":"index","follow":"follow","max-snippet":"max-snippet:-1","max-image-preview":"max-image-preview:large","max-video-preview":"max-video-preview:-1"},"canonical":"https:\/\/elfsight.com\/pl\/countdown-timer-widget\/bigcommerce\/","og_locale":"pl_PL","og_type":"article","og_title":"Najlepsza aplikacja odliczaj\u0105ca czas BigCommerce dla witryny internetowej (2025)","og_description":"Zainstaluj aplikacj\u0119 Countdown Timer na swojej stronie BigCommerce tylko w ci\u0105gu kilku minut. Poznaj szybki i \u0142atwy spos\u00f3b tworzenia r\u00f3\u017cnych wtyczek internetowych przez Elfsight.","og_url":"https:\/\/elfsight.com\/pl\/countdown-timer-widget\/bigcommerce\/","og_site_name":"Elfsight PL","article_modified_time":"2024-11-14T12:44:18+00:00","twitter_card":"summary_large_image","twitter_misc":{"Szacowany czas czytania":"3 minuty"},"schema":{"@context":"https:\/\/schema.org","@graph":[{"@type":"WebPage","@id":"https:\/\/elfsight.com\/pl\/countdown-timer-widget\/bigcommerce\/","url":"https:\/\/elfsight.com\/pl\/countdown-timer-widget\/bigcommerce\/","name":"Najlepsza aplikacja odliczaj\u0105ca czas BigCommerce dla witryny internetowej (2025)","isPartOf":{"@id":"https:\/\/elfsight.com\/pl\/#website"},"datePublished":"2024-05-03T06:34:22+00:00","dateModified":"2024-11-14T12:44:18+00:00","description":"Zainstaluj aplikacj\u0119 Countdown Timer na swojej stronie BigCommerce tylko w ci\u0105gu kilku minut. Poznaj szybki i \u0142atwy spos\u00f3b tworzenia r\u00f3\u017cnych wtyczek internetowych przez Elfsight.","breadcrumb":{"@id":"https:\/\/elfsight.com\/pl\/countdown-timer-widget\/bigcommerce\/#breadcrumb"},"inLanguage":"pl-PL","potentialAction":[{"@type":"ReadAction","target":["https:\/\/elfsight.com\/pl\/countdown-timer-widget\/bigcommerce\/"]}]},{"@type":"BreadcrumbList","@id":"https:\/\/elfsight.com\/pl\/countdown-timer-widget\/bigcommerce\/#breadcrumb","itemListElement":[{"@type":"ListItem","position":1,"name":"Home","item":"https:\/\/elfsight.com\/pl\/"},{"@type":"ListItem","position":2,"name":"Countdown Timer","item":"https:\/\/elfsight.com\/pl\/countdown-timer-widget\/"},{"@type":"ListItem","position":3,"name":"Countdown Timer &#8211; BigCommerce"}]},{"@type":"WebSite","@id":"https:\/\/elfsight.com\/pl\/#website","url":"https:\/\/elfsight.com\/pl\/","name":"Elfsight PL","description":"Just another Elfsight Sites site","potentialAction":[{"@type":"SearchAction","target":{"@type":"EntryPoint","urlTemplate":"https:\/\/elfsight.com\/pl\/?s={search_term_string}"},"query-input":{"@type":"PropertyValueSpecification","valueRequired":true,"valueName":"search_term_string"}}],"inLanguage":"pl-PL"}]}},"meta_box":{"industry":"","seo_heading":"","heading":"","description":"","cta_heading":"","cta_description":"","application":"1878","h1":"Aplikacja odliczaj\u0105ca czas BigCommerce","h1_caption":"Ustaw odliczanie do wa\u017cnych wydarze\u0144 lub promocji, tworz\u0105c poczucie pilno\u015bci dla odwiedzaj\u0105cych Twoj\u0105 witryn\u0119 BigCommerce bez wysi\u0142ku.","application_category":[],"applications_title":"","applications_request_title":"","applications_request_button_text":"","hero_text":"","hero_video":"","hero_video_schema_markup":"","selling_points_title":"","selling_points_caption":"","selling_points":[],"selling_points_cta_text":"","features_title":"","features":"","ed_cta_examples_text":"","ed_cta_examples_hidden":"","ed_cta_demo_text":"","ed_cta_demo_hidden":"","why_caption":"","why_editor_title":"","why_editor_text":"","why_team_title":"","why_team_text":"","why_service_title":"","why_service_text":"","template_catalog_visible":"","template_catalog_title":"","template_catalog_text":"","template_catalog_categories_visible":"","demo_title":"Utw\u00f3rz aplikacj\u0119 ze stoperem","demo_caption":"Skonfiguruj licznik czasu i dodaj go do swojej witryny BigCommerce za darmo!","default_faq_hidden":"","app_template_category":[],"platform":"41","template_public_id":"","codecanyon_url":"","codecanyon_item_id":"","codecanyon_price":"","pricing_caption":"","pricing_elfsight_apps_hide_column":"","pricing_elfsight_apps_url":"","pricing_codecanyon_price_caption":"","integration_category":[],"integration_request_title":"","integration_request_cta":"","integration_platform":"","integrations":[],"platform_category":[],"video_schema_markup":"","price":"od 0 USD \/ miesi\u0105c","trial":"","benefits":[{"text":"Bezp\u0142atna pomoc w monta\u017cu"},{"text":"Wyj\u0105tkowe wsparcie"},{"text":"14-dniowa gwarancja zwrotu pieni\u0119dzy"}],"button_url":"#demo","button_target_blank":"","button_nofollow":"","attributes":[{"name":"Instaluje"},{"name":"Czu\u0142y"},{"name":"Kompatybilne przegl\u0105darki"}],"tags":[],"tags_disable_links":"","hide_more_platforms":"","video_object":"","demo_hide_cta":"","demo_hide_cloud_options":"","pricing_title":"","pricing":[{"pricing_icon":"platform","pricing_title":"Elfsight Apps","pricing_title_caption":"Wieloplatformowe rozwi\u0105zanie cyfrowe, kt\u00f3re pasuje do ka\u017cdej witryny internetowej","pricing_price":"od 0 USD \/ miesi\u0105c","pricing_price_caption":"zacznij od bezp\u0142atnego planu","pricing_benefits":[{"text":"Nielimitowane domeny"},{"text":"Profesjonalna obs\u0142uga klienta"},{"text":"Bezp\u0142atna us\u0142uga monta\u017cu"},{"text":"100% konfigurowalny"}],"pricing_button_text":"Dodaj do witryny","pricing_button_url":"#demo"}],"related_apps_title":"","related_apps_hidden":"","author":"","image":[],"title":"","job":"","social_networks":[]},"_links":{"self":[{"href":"https:\/\/elfsight.com\/pl\/wp-json\/wp\/v2\/pages\/4871","targetHints":{"allow":["GET"]}}],"collection":[{"href":"https:\/\/elfsight.com\/pl\/wp-json\/wp\/v2\/pages"}],"about":[{"href":"https:\/\/elfsight.com\/pl\/wp-json\/wp\/v2\/types\/page"}],"author":[{"embeddable":true,"href":"https:\/\/elfsight.com\/pl\/wp-json\/wp\/v2\/users\/9"}],"replies":[{"embeddable":true,"href":"https:\/\/elfsight.com\/pl\/wp-json\/wp\/v2\/comments?post=4871"}],"version-history":[{"count":2,"href":"https:\/\/elfsight.com\/pl\/wp-json\/wp\/v2\/pages\/4871\/revisions"}],"predecessor-version":[{"id":7747,"href":"https:\/\/elfsight.com\/pl\/wp-json\/wp\/v2\/pages\/4871\/revisions\/7747"}],"up":[{"embeddable":true,"href":"https:\/\/elfsight.com\/pl\/wp-json\/wp\/v2\/pages\/1879"}],"wp:attachment":[{"href":"https:\/\/elfsight.com\/pl\/wp-json\/wp\/v2\/media?parent=4871"}],"curies":[{"name":"wp","href":"https:\/\/api.w.org\/{rel}","templated":true}]}}