{"id":4870,"date":"2024-05-03T06:34:21","date_gmt":"2024-05-03T06:34:21","guid":{"rendered":"https:\/\/elfsight.com\/pl\/?page_id=4870"},"modified":"2025-06-25T15:57:09","modified_gmt":"2025-06-25T15:57:09","slug":"drupal","status":"publish","type":"page","link":"https:\/\/elfsight.com\/pl\/countdown-timer-widget\/drupal\/","title":{"rendered":"Countdown Timer &#8211; Drupal"},"content":{"rendered":"<div class=\"application-platform-content-item-description application-platform-content-item\" id=\"description\" data-nav-section=\"description\">\n<h2>Opis<\/h2>\n<p>Mo\u017cesz u\u017cy\u0107 modu\u0142u zegara odliczaj\u0105cego Elfsight do wy\u015bwietlania r\u00f3\u017cnego rodzaju licznik\u00f3w i timer\u00f3w, kt\u00f3re stymuluj\u0105 klient\u00f3w do zakup\u00f3w. Liczba zapas\u00f3w lub sprzeda\u017cy wywo\u0142a poczucie deficytu i konkurencji; Odliczanie wyprzeda\u017cy pobudzi kupuj\u0105cych do zakup\u00f3w, zanim du\u017co strac\u0105. Osobiste odliczanie pobudzi ka\u017cdego klienta do skorzystania z osobistej oferty ju\u017c teraz; \u015bwi\u0105teczne banery z ofertami specjalnymi przyci\u0105gn\u0105 uwag\u0119 dzi\u0119ki tematycznemu projektowi.<\/p>\n<p><b>Spraw, aby Twoje wydarzenia i wyprzeda\u017ce nie mog\u0142y zosta\u0107 przeoczone i przyci\u0105gn\u0119\u0142y wi\u0119cej zakup\u00f3w.<\/b><\/p>\n<p><b>Zainspiruj u\u017cytkownik\u00f3w do zakup\u00f3w, wywo\u0142uj\u0105c poczucie pilno\u015bci.<\/b><br> Spraw, aby Twoi klienci bali si\u0119, \u017ce przegapi\u0105 \u015bwietn\u0105 ofert\u0119, pokazuj\u0105c czas up\u0142ywaj\u0105cy do jej zako\u0144czenia. Sprawi, \u017ce odwiedzaj\u0105cy b\u0119d\u0105 kupowa\u0107 szybciej i zwi\u0119kszy\u0107 sprzeda\u017c w Twojej witrynie.<\/p>\n<p><b>Zademonstruj spadek zapas\u00f3w, aby zwi\u0119kszy\u0107 warto\u015b\u0107 produkt\u00f3w.<\/b><br> Buduj poczucie rywalizacji o swoje produkty, pokazuj\u0105c, jak ilo\u015b\u0107 zakup\u00f3w ro\u015bnie, a zapasy malej\u0105. Postrzegana warto\u015b\u0107 produktu wzro\u015bnie, a u\u017cytkownicy te\u017c b\u0119d\u0105 chcieli go zdoby\u0107.<\/p>\n<p><b>Zwr\u00f3\u0107 wi\u0119ksz\u0105 uwag\u0119 na swoj\u0105 sprzeda\u017c za pomoc\u0105 specjalnego paska czasowego w \u015bwi\u0105tecznym stylu.<\/b><br> Korzystanie z atrakcyjnych pask\u00f3w tematycznych , mo\u017cesz reklamowa\u0107 swoje sezonowe oferty i wyprzeda\u017ce. Wykorzystaj najlepiej wakacyjny czas, aby zwi\u0119kszy\u0107 sprzeda\u017c w swojej witrynie.<\/p>\n<\/div>\n\n<div class=\"application-platform-content-item-features application-platform-content-item\" id=\"features\" data-nav-section=\"features\">\n<h2>Funkcje<\/h2>\n<p>5 funkcji, dzi\u0119ki kt\u00f3rym Elfsight Countdown jest niezb\u0119dnym rozwi\u0105zaniem dla witryny Drupal:<\/p>\n<ul>\n    <li>Dwie akcje po zako\u0144czeniu timera: ukryj timer lub poka\u017c wiadomo\u015b\u0107;<\/li>\n    <li>Opcja otwarcia przycisku linku w nowej karcie;<\/li>\n    <li>Cztery jednostki czasu: dni, godziny, minuty, sekundy;<\/li>\n    <li>Dopasuj warianty do niestandardowej pozycji: lewa, prawa, \u015brodek;<\/li>\n    <li>Responsywny interfejs z automatycznym dostosowywaniem si\u0119 do rozmiaru ekranu.<\/li>\n<\/ul>\n<p><a href=\"#demo\">Wypr\u00f3buj wszystkie szczeg\u00f3\u0142y<\/a><\/p>\n<\/div>\n\n<div class=\"application-platform-content-item-installation application-platform-content-item\" id=\"installation\" data-nav-section=\"installation\">\n<h2>Jak doda\u0107 minutnik do witryny Drupala<\/h2>\n<div class=\"video-container\"><iframe width=\"720\" height=\"405\" src=\"https:\/\/www.youtube.com\/embed\/DQ_PODhRgU4\" frameborder=\"0\" allowfullscreen=\"\"><\/iframe><\/div>\n<p>Prosty podr\u0119cznik tworzenia zegar\u00f3w i licznik\u00f3w dla strony internetowej, kt\u00f3ry nie wymaga wiedzy programistycznej. Implementacja instrukcji zajmie nie wi\u0119cej ni\u017c kilka minut.<\/p>\n<ol>\n    <li><b>Uruchom nasz darmowy edytor i zacznij zbuduj sw\u00f3j unikalny modu\u0142 Timera. <\/b><br> Wybierz preferowany projekt i parametry modu\u0142u i zastosuj zmiany. <\/li>\n    <li><b>Odbierz unikalny kod wy\u015bwietlany w oknie aplikacji Elfsight. <\/b><br> Po zako\u0144czeniu konfiguracji modu\u0142u osobistego skopiuj ekskluzywny kod z wy\u015bwietlonego wyskakuj\u0105cego okienka i zapisz go na przysz\u0142o\u015b\u0107. <\/li>\n    <li><b>Zaanga\u017cuj si\u0119 w korzystanie z wtyczki na stronie Drupal. <\/b><br> Umie\u015b\u0107 ostatnio zapisany kod na swojej stronie i zastosuj modyfikacje. <\/li>\n    <li><b>Gotowe! Integracja zosta\u0142a pomy\u015blnie przeprowadzona. <\/b><br> Przejd\u017a na swoj\u0105 stron\u0119 i sprawd\u017a dzia\u0142anie modu\u0142u. <\/li>\n<\/ol>\n<p>Masz pytania podczas korzystania z instrukcji? Skontaktuj si\u0119 z obs\u0142ug\u0105 techniczn\u0105 Elfsight lub zobacz <a href=\"https:\/\/elfsight.com\/tutorials\/how-to-add-countdown-timer-to-drupal\/\" target=\"_blank\" rel=\"noopener noreferrer\">szczeg\u00f3\u0142owe informacje tekst przewodnika<\/a> i doko\u0144cz dodawanie samodzielnie.<\/p>\n<div class=\"faq\" data-component=\"FAQ\">\n    <div class=\"faq-item\">\r\n\t\t\t\t\t<div class=\"faq-item-question\">\r\n\t\t\t\t\t\t<h3 class=\"faq-item-question-text\">Jak doda\u0107 licznik czasu do mojej witryny Drupal bez umiej\u0119tno\u015bci kodowania?<\/h3>\r\n\r\n\t\t\t\t\t\t<div class=\"faq-item-question-icon\"><\/div>\r\n\t\t\t\t\t<\/div>\r\n\r\n\t\t\t\t\t<div class=\"faq-item-answer\">\r\n\t\t\t\t\t\t<div class=\"faq-item-answer-text\">\n    <p>Elfsight zapewnia rozwi\u0105zanie SaaS kt\u00f3ry pozwala Ci samodzielnie utworzy\u0107 wid\u017cet Minutnika, przekonaj si\u0119, jak \u0142atwy jest ten proces: Pracuj bezpo\u015brednio w edytorze online, aby utworzy\u0107 wid\u017cet Minutnika, kt\u00f3ry chcia\u0142by\u015b zobaczy\u0107 na swojej stronie Drupal. Wybierz jeden z gotowych szablon\u00f3w i dostosuj ustawienia licznika czasu, dodaj tre\u015b\u0107, zmie\u0144 uk\u0142ad i kolory bez umiej\u0119tno\u015bci kodowania. Zapisz Minutnik i skopiuj jego kod instalacyjny, kt\u00f3ry mo\u017cesz po prostu wklei\u0107 na swojej stronie Drupal bez konieczno\u015bci zakupu p\u0142atnej subskrypcji. Dzi\u0119ki naszemu intuicyjnemu edytorowi ka\u017cdy u\u017cytkownik Internetu mo\u017ce stworzy\u0107 wid\u017cet Minutnik online i \u0142atwo osadzi\u0107 go na swojej stronie Drupal. Aby uzyska\u0107 dost\u0119p do us\u0142ugi, nie trzeba p\u0142aci\u0107 ani wprowadza\u0107 danych uwierzytelniaj\u0105cych karty. Je\u015bli na kt\u00f3rymkolwiek etapie napotkasz jakiekolwiek problemy, skontaktuj si\u0119 z naszym zespo\u0142em pomocy technicznej.<\/p>\n    <\/div>\r\n\t\t\t\t\t<\/div>\r\n\t\t\t\t<\/div>\n<\/div>\n<\/div>","protected":false},"excerpt":{"rendered":"","protected":false},"author":9,"featured_media":0,"parent":1879,"menu_order":0,"comment_status":"closed","ping_status":"closed","template":"templates\/template-application-platform.php","meta":{"publish_to_discourse":"","publish_post_category":"","wpdc_auto_publish_overridden":"","wpdc_topic_tags":"","wpdc_pin_topic":"","wpdc_pin_until":"","discourse_post_id":"","discourse_permalink":"","wpdc_publishing_response":"","wpdc_publishing_error":"","footnotes":""},"class_list":["post-4870","page","type-page","status-publish","hentry"],"yoast_head":"<!-- This site is optimized with the Yoast SEO plugin v25.3.1 - https:\/\/yoast.com\/wordpress\/plugins\/seo\/ -->\n<title>Najlepszy modu\u0142 Drupala Countdown Timer dla strony internetowej (2026)<\/title>\n<meta name=\"description\" content=\"Stw\u00f3rz najlepszy modu\u0142 licznika czasu dla swojej witryny Drupal. Poznaj nasz elastyczny edytor i wygeneruj osobist\u0105 wtyczk\u0119 w zaledwie 1 minut\u0119.\" \/>\n<meta name=\"robots\" content=\"index, follow, max-snippet:-1, max-image-preview:large, max-video-preview:-1\" \/>\n<link rel=\"canonical\" href=\"https:\/\/elfsight.com\/pl\/countdown-timer-widget\/drupal\/\" \/>\n<meta property=\"og:locale\" content=\"pl_PL\" \/>\n<meta property=\"og:type\" content=\"article\" \/>\n<meta property=\"og:title\" content=\"Najlepszy modu\u0142 Drupala Countdown Timer dla strony internetowej (2026)\" \/>\n<meta property=\"og:description\" content=\"Stw\u00f3rz najlepszy modu\u0142 licznika czasu dla swojej witryny Drupal. Poznaj nasz elastyczny edytor i wygeneruj osobist\u0105 wtyczk\u0119 w zaledwie 1 minut\u0119.\" \/>\n<meta property=\"og:url\" content=\"https:\/\/elfsight.com\/pl\/countdown-timer-widget\/drupal\/\" \/>\n<meta property=\"og:site_name\" content=\"Elfsight PL\" \/>\n<meta property=\"article:modified_time\" content=\"2025-06-25T15:57:09+00:00\" \/>\n<meta name=\"twitter:card\" content=\"summary_large_image\" \/>\n<meta name=\"twitter:label1\" content=\"Szacowany czas czytania\" \/>\n\t<meta name=\"twitter:data1\" content=\"4 minuty\" \/>\n<!-- \/ Yoast SEO plugin. -->","yoast_head_json":{"title":"Najlepszy modu\u0142 Drupala Countdown Timer dla strony internetowej (2026)","description":"Stw\u00f3rz najlepszy modu\u0142 licznika czasu dla swojej witryny Drupal. Poznaj nasz elastyczny edytor i wygeneruj osobist\u0105 wtyczk\u0119 w zaledwie 1 minut\u0119.","robots":{"index":"index","follow":"follow","max-snippet":"max-snippet:-1","max-image-preview":"max-image-preview:large","max-video-preview":"max-video-preview:-1"},"canonical":"https:\/\/elfsight.com\/pl\/countdown-timer-widget\/drupal\/","og_locale":"pl_PL","og_type":"article","og_title":"Najlepszy modu\u0142 Drupala Countdown Timer dla strony internetowej (2026)","og_description":"Stw\u00f3rz najlepszy modu\u0142 licznika czasu dla swojej witryny Drupal. Poznaj nasz elastyczny edytor i wygeneruj osobist\u0105 wtyczk\u0119 w zaledwie 1 minut\u0119.","og_url":"https:\/\/elfsight.com\/pl\/countdown-timer-widget\/drupal\/","og_site_name":"Elfsight PL","article_modified_time":"2025-06-25T15:57:09+00:00","twitter_card":"summary_large_image","twitter_misc":{"Szacowany czas czytania":"4 minuty"},"schema":{"@context":"https:\/\/schema.org","@graph":[{"@type":"WebPage","@id":"https:\/\/elfsight.com\/pl\/countdown-timer-widget\/drupal\/","url":"https:\/\/elfsight.com\/pl\/countdown-timer-widget\/drupal\/","name":"Najlepszy modu\u0142 Drupala Countdown Timer dla strony internetowej (2026)","isPartOf":{"@id":"https:\/\/elfsight.com\/pl\/#website"},"datePublished":"2024-05-03T06:34:21+00:00","dateModified":"2025-06-25T15:57:09+00:00","description":"Stw\u00f3rz najlepszy modu\u0142 licznika czasu dla swojej witryny Drupal. Poznaj nasz elastyczny edytor i wygeneruj osobist\u0105 wtyczk\u0119 w zaledwie 1 minut\u0119.","breadcrumb":{"@id":"https:\/\/elfsight.com\/pl\/countdown-timer-widget\/drupal\/#breadcrumb"},"inLanguage":"pl-PL","potentialAction":[{"@type":"ReadAction","target":["https:\/\/elfsight.com\/pl\/countdown-timer-widget\/drupal\/"]}]},{"@type":"BreadcrumbList","@id":"https:\/\/elfsight.com\/pl\/countdown-timer-widget\/drupal\/#breadcrumb","itemListElement":[{"@type":"ListItem","position":1,"name":"Home","item":"https:\/\/elfsight.com\/pl\/"},{"@type":"ListItem","position":2,"name":"Countdown Timer","item":"https:\/\/elfsight.com\/pl\/countdown-timer-widget\/"},{"@type":"ListItem","position":3,"name":"Countdown Timer &#8211; Drupal"}]},{"@type":"WebSite","@id":"https:\/\/elfsight.com\/pl\/#website","url":"https:\/\/elfsight.com\/pl\/","name":"Elfsight PL","description":"Just another Elfsight Sites site","potentialAction":[{"@type":"SearchAction","target":{"@type":"EntryPoint","urlTemplate":"https:\/\/elfsight.com\/pl\/?s={search_term_string}"},"query-input":{"@type":"PropertyValueSpecification","valueRequired":true,"valueName":"search_term_string"}}],"inLanguage":"pl-PL"}]}},"meta_box":{"industry":"","seo_heading":"","heading":"","description":"","cta_heading":"","cta_description":"","application":"1878","h1":"Modu\u0142 odliczania czasu w Drupalu","h1_caption":"Ustaw odliczanie do wa\u017cnych wydarze\u0144 lub promocji, tworz\u0105c poczucie pilno\u015bci dla odwiedzaj\u0105cych Twoj\u0105 witryn\u0119 Drupal.","application_category":[],"applications_title":"","applications_request_title":"","applications_request_button_text":"","hero_text":"","hero_video":"","hero_video_schema_markup":"","selling_points_title":"","selling_points_caption":"","selling_points":[],"selling_points_cta_text":"","features_title":"","features":"","ed_cta_examples_text":"","ed_cta_examples_hidden":"","ed_cta_demo_text":"","ed_cta_demo_hidden":"","why_caption":"","why_editor_title":"","why_editor_text":"","why_team_title":"","why_team_text":"","why_service_title":"","why_service_text":"","template_catalog_visible":"0","template_catalog_title":"","template_catalog_text":"","template_catalog_categories_visible":"","demo_title":"Utw\u00f3rz modu\u0142 minutnika","demo_caption":"Skonfiguruj licznik czasu i dodaj go do swojej witryny Drupal za darmo!","default_faq_hidden":"","app_template_category":[],"platform":"47","template_public_id":"","codecanyon_url":"","codecanyon_item_id":"","codecanyon_price":"","pricing_caption":"","pricing_elfsight_apps_hide_column":"","pricing_elfsight_apps_url":"","pricing_codecanyon_price_caption":"","integration_category":[],"integration_request_title":"","integration_request_cta":"","integration_platform":"","integrations":[],"platform_category":[],"video_schema_markup":"","price":"od 0 USD \/ miesi\u0105c","trial":"","benefits":[{"text":"Bezp\u0142atna us\u0142uga monta\u017cu"},{"text":"Do\u015bwiadczona obs\u0142uga klienta"},{"text":"14-dniowa gwarancja zwrotu pieni\u0119dzy"}],"button_url":"#demo","button_target_blank":"0","button_nofollow":"0","attributes":[{"name":"Instaluje"},{"name":"Czu\u0142y"},{"name":"Kompatybilne przegl\u0105darki"}],"tags":[],"tags_disable_links":"0","hide_more_platforms":"0","video_object":"","demo_hide_cta":"0","demo_hide_cloud_options":"0","pricing_title":"","pricing":[{"pricing_icon":"platform","pricing_title":"Elfsight Apps","pricing_title_caption":"Rozwi\u0105zanie wieloplatformowe","pricing_price":"od 0 USD \/ miesi\u0105c","pricing_price_caption":"zacznij od bezp\u0142atnego planu","pricing_benefits":[{"text":"Nielimitowane strony internetowe"},{"text":"Profesjonalne wsparcie"},{"text":"Bezp\u0142atna pomoc w monta\u017cu"},{"text":"Specjalna oferta na wiele aplikacji"}],"pricing_button_text":"Dodaj do witryny","pricing_button_url":"#demo"}],"related_apps_title":"","related_apps_hidden":"0","author":"","image":[],"title":"","job":"","social_networks":[]},"_links":{"self":[{"href":"https:\/\/elfsight.com\/pl\/wp-json\/wp\/v2\/pages\/4870","targetHints":{"allow":["GET"]}}],"collection":[{"href":"https:\/\/elfsight.com\/pl\/wp-json\/wp\/v2\/pages"}],"about":[{"href":"https:\/\/elfsight.com\/pl\/wp-json\/wp\/v2\/types\/page"}],"author":[{"embeddable":true,"href":"https:\/\/elfsight.com\/pl\/wp-json\/wp\/v2\/users\/9"}],"replies":[{"embeddable":true,"href":"https:\/\/elfsight.com\/pl\/wp-json\/wp\/v2\/comments?post=4870"}],"version-history":[{"count":3,"href":"https:\/\/elfsight.com\/pl\/wp-json\/wp\/v2\/pages\/4870\/revisions"}],"predecessor-version":[{"id":10511,"href":"https:\/\/elfsight.com\/pl\/wp-json\/wp\/v2\/pages\/4870\/revisions\/10511"}],"up":[{"embeddable":true,"href":"https:\/\/elfsight.com\/pl\/wp-json\/wp\/v2\/pages\/1879"}],"wp:attachment":[{"href":"https:\/\/elfsight.com\/pl\/wp-json\/wp\/v2\/media?parent=4870"}],"curies":[{"name":"wp","href":"https:\/\/api.w.org\/{rel}","templated":true}]}}