{"id":4862,"date":"2024-05-03T06:34:17","date_gmt":"2024-05-03T06:34:17","guid":{"rendered":"https:\/\/elfsight.com\/pl\/?page_id=4862"},"modified":"2025-06-25T15:55:40","modified_gmt":"2025-06-25T15:55:40","slug":"blogger","status":"publish","type":"page","link":"https:\/\/elfsight.com\/pl\/countdown-timer-widget\/blogger\/","title":{"rendered":"Countdown Timer &#8211; Blogger"},"content":{"rendered":"<div class=\"application-platform-content-item-description application-platform-content-item\" id=\"description\" data-nav-section=\"description\">\n<h2>Opis<\/h2>\n<p>Zegara odliczaj\u0105cego Elfsight mo\u017cesz u\u017cywa\u0107 do tworzenia r\u00f3\u017cnorodnych licznik\u00f3w i timer\u00f3w, kt\u00f3re b\u0119d\u0105 zach\u0119ca\u0107 klient\u00f3w do zakup\u00f3w wi\u0119cej i szybciej. Liczba zapas\u00f3w lub sprzeda\u017cy wywo\u0142a poczucie ograniczonej dost\u0119pno\u015bci i konkurencji; odliczanie sprzeda\u017cy popchnie odbiorc\u00f3w do szybszych zakup\u00f3w. Indywidualne odliczanie zach\u0119ci ka\u017cdego u\u017cytkownika do szybszego skorzystania z osobistej oferty; banery wyprzeda\u017cy \u015bwi\u0105tecznej przyci\u0105gn\u0105 uwag\u0119 dzi\u0119ki \u015bwietnemu stylowi tematycznemu.<\/p>\n<p><b>Zwi\u0119ksz sprzeda\u017c online dzi\u0119ki licznikom i licznikom pozwalaj\u0105cym na tworzenie pilnych sytuacji.<\/b><\/p>\n<p><b>Push klientom, aby dokonali zakupu ju\u017c teraz, daj\u0105c poczucie pilno\u015bci.<\/b><br> Stw\u00f3rz strach, \u017ce przegapisz ofert\u0119 specjaln\u0105 lub wyprzeda\u017c, pokazuj\u0105c, \u017ce czas up\u0142ywa do ostatniego dnia. Dzi\u0119ki temu klienci b\u0119d\u0105 szybciej kupowa\u0107 i zwi\u0119ksza\u0107 sprzeda\u017c na Twojej stronie.<\/p>\n<p><b>Poka\u017c zmniejszanie si\u0119 zapas\u00f3w w celu podniesienia warto\u015bci produkt\u00f3w.<\/b><br> Poka\u017c, \u017ce Twoje towary s\u0105 szybko sprzedawane i staj\u0105 si\u0119 deficytowe, przy specjalnej inwentaryzacji. Sprawi, \u017ce ludzie b\u0119d\u0105 bardziej ceni\u0107 oferty i stan\u0105 si\u0119 zazdro\u015bni o ich nabycie.<\/p>\n<p><b>Zwr\u00f3\u0107 wi\u0119ksz\u0105 uwag\u0119 na sprzeda\u017c za pomoc\u0105 specjalnego paska czasowego z motywem \u015bwi\u0105tecznym.<\/b><br> Stw\u00f3rz jasn\u0105 atmosfer\u0119 Tematyczny bar wyprzeda\u017cowy na \u015bwi\u0119ta i specjalne okazje. Wprowadzi \u015bwi\u0105teczn\u0105 atmosfer\u0119 i zwi\u0119kszy Twoje zyskowne oferty, aby pom\u00f3c Ci sprzedawa\u0107 wi\u0119cej w sezonie.<\/p>\n<\/div>\n\n<div class=\"application-platform-content-item-features application-platform-content-item\" id=\"features\" data-nav-section=\"features\">\n<h2>Funkcje<\/h2>\n<p>Niekt\u00f3re z g\u0142\u00f3wnych cechy, kt\u00f3re sprawiaj\u0105, \u017ce Elfsight Countdown jest najlepszym wyborem dla witryny Bloggera:<\/p>\n<ul>\n    <li>Trzy typy licznik\u00f3w czasu: od pocz\u0105tku do ko\u0144ca, pozosta\u0142y czas na odwiedzaj\u0105cego, licznik od pocz\u0105tku do ko\u0144ca;<\/li>\n    <li>Edytowany tekst wiadomo\u015bci z formatowaniem;<\/li>\n    <li>Mo\u017cliwo\u015b\u0107 wy\u0142\u0105czenia dowolnej jednostki czasu;<\/li>\n    <li>5 motyw\u00f3w \u015bwi\u0105tecznych na najpopularniejsze okazje;<\/li>\n    <li>Opcja aby ustawi\u0107 rozmiar czcionki wiadomo\u015bci.<\/li>\n<\/ul>\n<p><a href=\"#demo\">Wypr\u00f3buj wi\u0119cej w\u0142a\u015bciwo\u015bci w darmowym edytorze<\/a><\/p>\n<\/div>\n\n<div class=\"application-platform-content-item-installation application-platform-content-item\" id=\"installation\" data-nav-section=\"installation\">\n<h2>Jak doda\u0107 licznik czasu do witryny Bloggera<\/h2>\n<div class=\"video-container\"><iframe width=\"720\" height=\"405\" src=\"https:\/\/www.youtube.com\/embed\/fqq3aWXclWw\" frameborder=\"0\" allowfullscreen=\"\"><\/iframe><\/div>\n<p>Prosty podr\u0119cznik tworzenia zegar\u00f3w i licznik\u00f3w dla strony internetowej, kt\u00f3ry nie wymaga wiedzy programistycznej. Implementacja instrukcji zajmie nie wi\u0119cej ni\u017c kilka minut.<\/p>\n<ol>\n    <li><b>Stw\u00f3rz sw\u00f3j w\u0142asny minutnik<\/b>.<br> Korzystaj\u0105c z naszej bezp\u0142atnej wersji demonstracyjnej, utw\u00f3rz wtyczk\u0119 z preferowanym szablonem i mo\u017cliwo\u015bci.<\/li>\n    <li><b>Odbierz kod umo\u017cliwiaj\u0105cy wy\u015bwietlenie wtyczki na Twojej stronie<\/b>.<br> Po dostosowaniu interfejsu wid\u017cetu odbierz kod wtyczki Countdown z wyskakuj\u0105cego powiadomienia w aplikacjach Elfsight.<\/li>\n    <li><b>Odkryj wtyczk\u0119 w witrynie Bloggera<\/b>.<br> Umie\u015b\u0107 wtyczk\u0119 w wybranym miejscu strony i zastosuj wyniki.<\/li>\n    <li><b>Gotowe!<\/b><br> Przejd\u017a do swojej witryny i zobacz swoj\u0105 prac\u0119.<\/li>\n<\/ol>\n<p>Masz trudno\u015bci lub pytania dotycz\u0105ce instrukcji lub nie mo\u017cesz ustawi\u0107 w\u0142asnej wtyczki? Napisz do naszego centrum pomocy, a zesp\u00f3\u0142 Elfsight z przyjemno\u015bci\u0105 Ci pomo\u017ce lub przeczytaj <a href=\"https:\/\/elfsight.com\/tutorials\/how-to-add-countdown-timer-to-blogger\/\" target=\"_blank\" rel=\"noopener noreferrer\">instrukcja informacyjna<\/a>!<\/p>\n<div class=\"faq\" data-component=\"FAQ\">\n    <div class=\"faq-item\">\r\n\t\t\t\t\t<div class=\"faq-item-question\">\r\n\t\t\t\t\t\t<h3 class=\"faq-item-question-text\">Jak doda\u0107 licznik czasu do mojej witryny Bloggera bez umiej\u0119tno\u015bci kodowania?<\/h3>\r\n\r\n\t\t\t\t\t\t<div class=\"faq-item-question-icon\"><\/div>\r\n\t\t\t\t\t<\/div>\r\n\r\n\t\t\t\t\t<div class=\"faq-item-answer\">\r\n\t\t\t\t\t\t<div class=\"faq-item-answer-text\">\n    <p>Elfsight zapewnia SaaS rozwi\u0105zania umo\u017cliwiaj\u0105cego samodzielne utworzenie wid\u017cetu Minutnik, przekonaj si\u0119, jakie to proste: Pracuj bezpo\u015brednio w edytorze online, aby utworzy\u0107 wid\u017cet Minutnik, kt\u00f3ry chcesz widzie\u0107 w swojej witrynie Bloggera. Wybierz jeden z gotowych szablon\u00f3w i dostosuj ustawienia licznika czasu, dodaj tre\u015b\u0107, zmie\u0144 uk\u0142ad i schemat kolor\u00f3w bez umiej\u0119tno\u015bci kodowania. Zapisz licznik czasu i skopiuj jego kod instalacyjny, kt\u00f3ry mo\u017cesz wklei\u0107 na swojej stronie Bloggera bez konieczno\u015bci kupowania p\u0142atnej subskrypcji. Dzi\u0119ki naszemu intuicyjnemu edytorowi ka\u017cdy u\u017cytkownik Internetu mo\u017ce utworzy\u0107 wid\u017cet Minutnik online i \u0142atwo osadzi\u0107 go na swojej witrynie Bloggera. Aby uzyska\u0107 dost\u0119p do us\u0142ugi, nie trzeba p\u0142aci\u0107 ani wprowadza\u0107 danych uwierzytelniaj\u0105cych karty. Je\u015bli na kt\u00f3rymkolwiek etapie napotkasz jakiekolwiek problemy, skontaktuj si\u0119 z naszym zespo\u0142em pomocy technicznej.<\/p>\n    <\/div>\r\n\t\t\t\t\t<\/div>\r\n\t\t\t\t<\/div>\n<\/div>\n<\/div>","protected":false},"excerpt":{"rendered":"","protected":false},"author":9,"featured_media":0,"parent":1879,"menu_order":0,"comment_status":"closed","ping_status":"closed","template":"templates\/template-application-platform.php","meta":{"publish_to_discourse":"","publish_post_category":"","wpdc_auto_publish_overridden":"","wpdc_topic_tags":"","wpdc_pin_topic":"","wpdc_pin_until":"","discourse_post_id":"","discourse_permalink":"","wpdc_publishing_response":"","wpdc_publishing_error":"","footnotes":""},"class_list":["post-4862","page","type-page","status-publish","hentry"],"yoast_head":"<!-- This site is optimized with the Yoast SEO plugin v25.3.1 - https:\/\/yoast.com\/wordpress\/plugins\/seo\/ -->\n<title>Najlepszy wid\u017cet licznika czasu Bloggera dla witryny internetowej (2026)<\/title>\n<meta name=\"description\" content=\"Stw\u00f3rz sw\u00f3j unikalny wid\u017cet Minutnik dla Bloggera w zaledwie 70 sekund. Przetestuj najprostsze wid\u017cety paneli konstruowane przez Elfsight ca\u0142kowicie za darmo.\" \/>\n<meta name=\"robots\" content=\"index, follow, max-snippet:-1, max-image-preview:large, max-video-preview:-1\" \/>\n<link rel=\"canonical\" href=\"https:\/\/elfsight.com\/pl\/countdown-timer-widget\/blogger\/\" \/>\n<meta property=\"og:locale\" content=\"pl_PL\" \/>\n<meta property=\"og:type\" content=\"article\" \/>\n<meta property=\"og:title\" content=\"Najlepszy wid\u017cet licznika czasu Bloggera dla witryny internetowej (2026)\" \/>\n<meta property=\"og:description\" content=\"Stw\u00f3rz sw\u00f3j unikalny wid\u017cet Minutnik dla Bloggera w zaledwie 70 sekund. Przetestuj najprostsze wid\u017cety paneli konstruowane przez Elfsight ca\u0142kowicie za darmo.\" \/>\n<meta property=\"og:url\" content=\"https:\/\/elfsight.com\/pl\/countdown-timer-widget\/blogger\/\" \/>\n<meta property=\"og:site_name\" content=\"Elfsight PL\" \/>\n<meta property=\"article:modified_time\" content=\"2025-06-25T15:55:40+00:00\" \/>\n<meta name=\"twitter:card\" content=\"summary_large_image\" \/>\n<meta name=\"twitter:label1\" content=\"Szacowany czas czytania\" \/>\n\t<meta name=\"twitter:data1\" content=\"4 minuty\" \/>\n<!-- \/ Yoast SEO plugin. -->","yoast_head_json":{"title":"Najlepszy wid\u017cet licznika czasu Bloggera dla witryny internetowej (2026)","description":"Stw\u00f3rz sw\u00f3j unikalny wid\u017cet Minutnik dla Bloggera w zaledwie 70 sekund. Przetestuj najprostsze wid\u017cety paneli konstruowane przez Elfsight ca\u0142kowicie za darmo.","robots":{"index":"index","follow":"follow","max-snippet":"max-snippet:-1","max-image-preview":"max-image-preview:large","max-video-preview":"max-video-preview:-1"},"canonical":"https:\/\/elfsight.com\/pl\/countdown-timer-widget\/blogger\/","og_locale":"pl_PL","og_type":"article","og_title":"Najlepszy wid\u017cet licznika czasu Bloggera dla witryny internetowej (2026)","og_description":"Stw\u00f3rz sw\u00f3j unikalny wid\u017cet Minutnik dla Bloggera w zaledwie 70 sekund. Przetestuj najprostsze wid\u017cety paneli konstruowane przez Elfsight ca\u0142kowicie za darmo.","og_url":"https:\/\/elfsight.com\/pl\/countdown-timer-widget\/blogger\/","og_site_name":"Elfsight PL","article_modified_time":"2025-06-25T15:55:40+00:00","twitter_card":"summary_large_image","twitter_misc":{"Szacowany czas czytania":"4 minuty"},"schema":{"@context":"https:\/\/schema.org","@graph":[{"@type":"WebPage","@id":"https:\/\/elfsight.com\/pl\/countdown-timer-widget\/blogger\/","url":"https:\/\/elfsight.com\/pl\/countdown-timer-widget\/blogger\/","name":"Najlepszy wid\u017cet licznika czasu Bloggera dla witryny internetowej (2026)","isPartOf":{"@id":"https:\/\/elfsight.com\/pl\/#website"},"datePublished":"2024-05-03T06:34:17+00:00","dateModified":"2025-06-25T15:55:40+00:00","description":"Stw\u00f3rz sw\u00f3j unikalny wid\u017cet Minutnik dla Bloggera w zaledwie 70 sekund. Przetestuj najprostsze wid\u017cety paneli konstruowane przez Elfsight ca\u0142kowicie za darmo.","breadcrumb":{"@id":"https:\/\/elfsight.com\/pl\/countdown-timer-widget\/blogger\/#breadcrumb"},"inLanguage":"pl-PL","potentialAction":[{"@type":"ReadAction","target":["https:\/\/elfsight.com\/pl\/countdown-timer-widget\/blogger\/"]}]},{"@type":"BreadcrumbList","@id":"https:\/\/elfsight.com\/pl\/countdown-timer-widget\/blogger\/#breadcrumb","itemListElement":[{"@type":"ListItem","position":1,"name":"Home","item":"https:\/\/elfsight.com\/pl\/"},{"@type":"ListItem","position":2,"name":"Countdown Timer","item":"https:\/\/elfsight.com\/pl\/countdown-timer-widget\/"},{"@type":"ListItem","position":3,"name":"Countdown Timer &#8211; Blogger"}]},{"@type":"WebSite","@id":"https:\/\/elfsight.com\/pl\/#website","url":"https:\/\/elfsight.com\/pl\/","name":"Elfsight PL","description":"Just another Elfsight Sites site","potentialAction":[{"@type":"SearchAction","target":{"@type":"EntryPoint","urlTemplate":"https:\/\/elfsight.com\/pl\/?s={search_term_string}"},"query-input":{"@type":"PropertyValueSpecification","valueRequired":true,"valueName":"search_term_string"}}],"inLanguage":"pl-PL"}]}},"meta_box":{"industry":"","seo_heading":"","heading":"","description":"","cta_heading":"","cta_description":"","application":"1878","h1":"Wid\u017cet licznika czasu Bloggera","h1_caption":"Ustaw odliczanie do wa\u017cnych wydarze\u0144 lub promocji, aby bez wysi\u0142ku wywo\u0142a\u0107 u os\u00f3b odwiedzaj\u0105cych Twoj\u0105 witryn\u0119 Bloggera poczucie pilno\u015bci.","application_category":[],"applications_title":"","applications_request_title":"","applications_request_button_text":"","hero_text":"","hero_video":"","hero_video_schema_markup":"","selling_points_title":"","selling_points_caption":"","selling_points":[],"selling_points_cta_text":"","features_title":"","features":"","ed_cta_examples_text":"","ed_cta_examples_hidden":"","ed_cta_demo_text":"","ed_cta_demo_hidden":"","why_caption":"","why_editor_title":"","why_editor_text":"","why_team_title":"","why_team_text":"","why_service_title":"","why_service_text":"","template_catalog_visible":"0","template_catalog_title":"","template_catalog_text":"","template_catalog_categories_visible":"","demo_title":"Utw\u00f3rz wid\u017cet licznika czasu","demo_caption":"Skonfiguruj licznik czasu i dodaj go za darmo do swojej witryny Bloggera!","default_faq_hidden":"","app_template_category":[],"platform":"44","template_public_id":"","codecanyon_url":"","codecanyon_item_id":"","codecanyon_price":"","pricing_caption":"","pricing_elfsight_apps_hide_column":"","pricing_elfsight_apps_url":"","pricing_codecanyon_price_caption":"","integration_category":[],"integration_request_title":"","integration_request_cta":"","integration_platform":"","integrations":[],"platform_category":[],"video_schema_markup":"","price":"od 0 USD \/ miesi\u0105c","trial":"","benefits":[{"text":"Bezp\u0142atna us\u0142uga monta\u017cu"},{"text":"Wyj\u0105tkowe wsparcie"},{"text":"14-dniowa gwarancja zwrotu pieni\u0119dzy"}],"button_url":"#demo","button_target_blank":"0","button_nofollow":"0","attributes":[{"name":"Instaluje"},{"name":"Czu\u0142y"},{"name":"Kompatybilne przegl\u0105darki"}],"tags":[],"tags_disable_links":"0","hide_more_platforms":"0","video_object":"","demo_hide_cta":"0","demo_hide_cloud_options":"0","pricing_title":"","pricing":[{"pricing_icon":"platform","pricing_title":"Elfsight Apps","pricing_title_caption":"Rozwi\u0105zanie wieloplatformowe, kt\u00f3re dzia\u0142a na dowolnej witrynie","pricing_price":"od 0 USD \/ miesi\u0105c","pricing_price_caption":"zacznij od bezp\u0142atnego planu","pricing_benefits":[{"text":"Nielimitowane strony internetowe"},{"text":"Ca\u0142odobowe wsparcie i dobrze udokumentowane"},{"text":"Bezp\u0142atna pomoc w instalacji"},{"text":"W pe\u0142ni konfigurowalny"}],"pricing_button_text":"Dodaj do witryny","pricing_button_url":"#demo"}],"related_apps_title":"","related_apps_hidden":"0","author":"","image":[],"title":"","job":"","social_networks":[]},"_links":{"self":[{"href":"https:\/\/elfsight.com\/pl\/wp-json\/wp\/v2\/pages\/4862","targetHints":{"allow":["GET"]}}],"collection":[{"href":"https:\/\/elfsight.com\/pl\/wp-json\/wp\/v2\/pages"}],"about":[{"href":"https:\/\/elfsight.com\/pl\/wp-json\/wp\/v2\/types\/page"}],"author":[{"embeddable":true,"href":"https:\/\/elfsight.com\/pl\/wp-json\/wp\/v2\/users\/9"}],"replies":[{"embeddable":true,"href":"https:\/\/elfsight.com\/pl\/wp-json\/wp\/v2\/comments?post=4862"}],"version-history":[{"count":3,"href":"https:\/\/elfsight.com\/pl\/wp-json\/wp\/v2\/pages\/4862\/revisions"}],"predecessor-version":[{"id":10509,"href":"https:\/\/elfsight.com\/pl\/wp-json\/wp\/v2\/pages\/4862\/revisions\/10509"}],"up":[{"embeddable":true,"href":"https:\/\/elfsight.com\/pl\/wp-json\/wp\/v2\/pages\/1879"}],"wp:attachment":[{"href":"https:\/\/elfsight.com\/pl\/wp-json\/wp\/v2\/media?parent=4862"}],"curies":[{"name":"wp","href":"https:\/\/api.w.org\/{rel}","templated":true}]}}