{"id":4861,"date":"2024-05-03T06:34:16","date_gmt":"2024-05-03T06:34:16","guid":{"rendered":"https:\/\/elfsight.com\/pl\/?page_id=4861"},"modified":"2025-02-12T16:14:52","modified_gmt":"2025-02-12T16:14:52","slug":"squarespace","status":"publish","type":"page","link":"https:\/\/elfsight.com\/pl\/countdown-timer-widget\/squarespace\/","title":{"rendered":"Countdown Timer &#8211; Squarespace"},"content":{"rendered":"\n<div class=\"application-platform-content-item-description application-platform-content-item\" id=\"description\" data-nav-section=\"description\"><h2>Osad\u017a licznik czasu w Squarespace za pomoc\u0105 wid\u017cetu Elfsight<\/h2><p>U\u017cyj licznika czasu Elfsight, aby wy\u015bwietla\u0107 r\u00f3\u017cne liczniki i timery, kt\u00f3re zach\u0119caj\u0105 klient\u00f3w do sklepu. Liczba zapas\u00f3w lub sprzeda\u017cy wywo\u0142a poczucie niedoboru i rywalizacji o produkty; odliczanie wyprzeda\u017cy zainspiruje klient\u00f3w do zakupu, zanim strac\u0105 wiele. Osobiste odliczanie pobudzi ka\u017cdego klienta do skorzystania z osobistej oferty ju\u017c teraz; \u015awi\u0105teczne wyprzeda\u017ce barowe przyci\u0105gn\u0105 maksymaln\u0105 uwag\u0119 dzi\u0119ki tematycznej dekoracji.<\/p><p><b>Zwi\u0119ksz zamieszanie zwi\u0105zane z zakupami i zach\u0119\u0107 odbiorc\u00f3w do wi\u0119kszych zakup\u00f3w. <\/b><\/p><p><b>Zainspiruj odwiedzaj\u0105cych do zakupu, daj\u0105c poczucie pilno\u015bci.<\/b><br> Uruchom liczniki odliczaj\u0105ce, kt\u00f3re poka\u017c\u0105 czas pozosta\u0142y do \u200b\u200bzako\u0144czenia wyprzeda\u017cy i ofert specjalnych. Wzbudz\u0105 poczucie pilno\u015bci i zach\u0119c\u0105 odwiedzaj\u0105cych do szybszego podj\u0119cia decyzji o zakupie.<\/p><p><b>Poka\u017c spadek zapas\u00f3w, aby podnie\u015b\u0107 postrzegan\u0105 przez u\u017cytkownik\u00f3w warto\u015b\u0107 produkt\u00f3w.<\/b><br> Display \u017ce Twoje towary szybko si\u0119 wyprzedaj\u0105 i staj\u0105 si\u0119 deficytowe, co pokazuje specjalny stan zapas\u00f3w. Sprawi, \u017ce klienci b\u0119d\u0105 bardziej ceni\u0107 oferty i te\u017c b\u0119d\u0105 zazdro\u015bni, aby je kupowa\u0107.<\/p><p><b>Przyci\u0105gnij wi\u0119ksz\u0105 uwag\u0119 do sprzeda\u017cy dzi\u0119ki specjalnemu paskowi odliczania w \u015bwi\u0105tecznym stylu.<\/b><br> Z pomoc\u0105 dzi\u0119ki przyci\u0105gaj\u0105cym wzrok paskom tematycznym mo\u017cesz skuteczniej promowa\u0107 \u015bwietne oferty i wyprzeda\u017ce sezonowe. Wykorzystaj maksymalnie okres \u015bwi\u0105teczny, aby zwi\u0119kszy\u0107 sprzeda\u017c w swojej witrynie.<\/p><div class=\"faq\" data-component=\"FAQ\"><div class=\"faq-item\">\r\n\t\t\t\t\t<div class=\"faq-item-question\">\r\n\t\t\t\t\t\t<h3 class=\"faq-item-question-text\">Jak doda\u0107 licznik czasu do witryny Squarespace?<\/h3>\r\n\r\n\t\t\t\t\t\t<div class=\"faq-item-question-icon\"><\/div>\r\n\t\t\t\t\t<\/div>\r\n\r\n\t\t\t\t\t<div class=\"faq-item-answer\">\r\n\t\t\t\t\t\t<div class=\"faq-item-answer-text\"><p>Instalacja zajmie oko\u0142o kilka chwil. Co wi\u0119cej, nie musisz posiada\u0107 \u017cadnych umiej\u0119tno\u015bci programowania. Dostosuj wtyczk\u0119 licznika czasu Squarespace w darmowym konfiguratorze, kliknij kod, aby go skopiowa\u0107, osad\u017a kod w odpowiednim miejscu szablonu witryny.<\/p><p>To wszystko! Konfiguracja wtyczki Timer na Squarespace zostanie zako\u0144czona! <\/p><p>Je\u015bli wyst\u0105pi\u0105 jakiekolwiek problemy z umieszczeniem wtyczki w Squarespace, mo\u017cesz zapozna\u0107 si\u0119 z pe\u0142nym przewodnikiem na tej stronie. <\/p><\/div>\r\n\t\t\t\t\t<\/div>\r\n\t\t\t\t<\/div><div class=\"faq-item\">\r\n\t\t\t\t\t<div class=\"faq-item-question\">\r\n\t\t\t\t\t\t<h3 class=\"faq-item-question-text\">Czy mam mo\u017cliwo\u015b\u0107 zobaczenia, jak b\u0119dzie wygl\u0105da\u0142 wid\u017cet na mojej stronie?<\/h3>\r\n\r\n\t\t\t\t\t\t<div class=\"faq-item-question-icon\"><\/div>\r\n\t\t\t\t\t<\/div>\r\n\r\n\t\t\t\t\t<div class=\"faq-item-answer\">\r\n\t\t\t\t\t\t<div class=\"faq-item-answer-text\"><p>Tak, mo\u017cesz! Tworz\u0105c wtyczk\u0119 Squarespace Timer w <a href=\"https:\/\/elfsight.com\/countdown-timer-widget\/#demo\">bezp\u0142atnym edytorze online<\/a>, uwzgl\u0119dnisz wszystkie zmiany po prawej stronie. Twoje odliczanie b\u0119dzie wygl\u0105da\u0107 tak samo, jak na stronie Squarespace. <\/p><\/div>\r\n\t\t\t\t\t<\/div>\r\n\t\t\t\t<\/div><div class=\"faq-item\">\r\n\t\t\t\t\t<div class=\"faq-item-question\">\r\n\t\t\t\t\t\t<h3 class=\"faq-item-question-text\">Jakie inne wid\u017cety s\u0105 niezb\u0119dne w witrynie Squarespace?<\/h3>\r\n\r\n\t\t\t\t\t\t<div class=\"faq-item-question-icon\"><\/div>\r\n\t\t\t\t\t<\/div>\r\n\r\n\t\t\t\t\t<div class=\"faq-item-answer\">\r\n\t\t\t\t\t\t<div class=\"faq-item-answer-text\"><p>Mo\u017cesz ulepszy\u0107 swoj\u0105 Squarespace za pomoc\u0105 licznych wtyczek Elfsight.<\/p><p> Na przyk\u0142ad <a href=\"https:\/\/elfsight.com\/qr-code-widget\/squarespace\/\">kod QR<\/a> poprowadzi do profili spo\u0142eczno\u015bciowych lub szczeg\u00f3\u0142owych informacji na innej stronie internetowej, <a href=\"\/\/elfsight.com\/event-calendar-widget\/squarespace\/\">Kalendarz wydarze\u0144<\/a> i <a href=\"https:\/\/elfsight.com\/countdown-timer-widget\/squarespace\/\">Odliczanie Timer<\/a> usprawni FOMO i zwi\u0119kszy zaanga\u017cowanie w Twojej witrynie. <a href=\"https:\/\/elfsight.com\/google-reviews-widget\/squarespace\/\">Recenzje Google<\/a> pomog\u0105 w zwi\u0119kszeniu sprzeda\u017cy, a <a href=\"https:\/\/elfsight.com\/ whatsapp-chat-widget\/squarespace\/\">Czat WhatsApp<\/a> jest niezb\u0119dny do poprawy obs\u0142ugi klienta i komunikacji z klientami.<\/p><\/div>\r\n\t\t\t\t\t<\/div>\r\n\t\t\t\t<\/div><\/div><\/div><div class=\"application-platform-content-item- funkcje application-platform-content-item\" id=\" funkcje\" data-nav-section=\" funkcje\"><h2>G\u0142\u00f3wne cechy wid\u017cetu Minutnik<\/h2><p>Kt\u00f3re funkcje sprawiaj\u0105, \u017ce wtyczka Elfsight jest najlepsza dla ka\u017cdej witryny Squarespace? Poznaj jego kluczowe cechy:<\/p><ul><li>Licznik w g\u00f3r\u0119 i w d\u00f3\u0142;<\/li><li>Opcja wy\u015bwietlania komunikatu przed licznikiem czasu;<\/li><li>Cztery jednostki czasu: dni, godziny, minuty, sekundy;<\/li><li>Mo\u017cliwo\u015b\u0107 zmiany koloru timera, przycisku, etykiet i komunikatu;<\/li><li>Responsywny interfejs z automatycznym dostosowywaniem si\u0119 do rozmiaru ekranu.<\/li><\/ul><p><a href=\"#demo\">Sprawd\u017a wszystkie funkcje w wersji demonstracyjnej na \u017cywo<\/a><\/p><\/div><div class=\"application-platform-content-item-installation application-platform-content-item\" id=\"installation\" data-nav-section=\"installation\"><h2>Jak doda\u0107 minutnik do Witryna Squarespace<\/h2><div class=\"video-container\"><iframe width=\"720\" height=\"405\" src=\"https:\/\/www.youtube.com\/embed\/HiVdkFb8_m0\" frameborder=\"0\" allowfullscreen=\"\"><\/iframe><\/div><p>Aby wykona\u0107 osadzanie, nie potrzebujesz kompetencji w programowaniu stron internetowych ani du\u017cej ilo\u015bci czasu. Tylko 4 proste kroki i 1 minuta Twojego czasu.<\/p><ol><li><b>Zaprojektuj sw\u00f3j indywidualny minutnik<\/b>.<br> Za pomoc\u0105 naszego bezp\u0142atnego konfiguratora utw\u00f3rz wtyczk\u0119 o preferowanym uk\u0142adzie i opcje.<\/li><li><b>Odbierz kod do osadzenia wtyczki<\/b>.<br> Po dostosowaniu wid\u017cetu pobierz kod wtyczki Countdown z wyskakuj\u0105cego powiadomienia w aplikacjach Elfsight.<\/li> <li><b>Wy\u015bwietl wtyczk\u0119 w witrynie Squarespace<\/b>.<br> Wklej wtyczk\u0119 w wybranym miejscu witryny i zastosuj wyniki.<\/li><li><b>Instalacja zosta\u0142a zako\u0144czona<\/b>.<br> Odwied\u017a swoj\u0105 witryn\u0119, aby zobaczy\u0107 swoj\u0105 prac\u0119.<\/li><\/ol><p>Masz pytania dotycz\u0105ce przeprowadzenia instalacji lub wygenerowania niestandardowej wtyczki? Skontaktuj si\u0119 z obs\u0142ug\u0105 klienta, a z przyjemno\u015bci\u0105 pomo\u017cemy Ci w wygenerowaniu i dodaniu wtyczki na Twoj\u0105 stron\u0119. Mo\u017cesz te\u017c zapozna\u0107 si\u0119 z <a href=\"https:\/\/elfsight.com\/tutorials\/how-to-add-countdown-timer-to-squarespace-website\/\" target=\"_blank\" rel=\"noopener noreferrer\">pe\u0142ny samouczek<\/a>.<\/p><\/div>\n","protected":false},"excerpt":{"rendered":"","protected":false},"author":9,"featured_media":0,"parent":1879,"menu_order":0,"comment_status":"closed","ping_status":"closed","template":"templates\/template-application-platform.php","meta":{"publish_to_discourse":"","publish_post_category":"","wpdc_auto_publish_overridden":"","wpdc_topic_tags":"","wpdc_pin_topic":"","wpdc_pin_until":"","discourse_post_id":"","discourse_permalink":"","wpdc_publishing_response":"","wpdc_publishing_error":"","footnotes":""},"class_list":["post-4861","page","type-page","status-publish","hentry"],"yoast_head":"<!-- This site is optimized with the Yoast SEO plugin v25.3.1 - https:\/\/yoast.com\/wordpress\/plugins\/seo\/ -->\n<title>Najlepsza wtyczka Squarespace Countdown Timer dla strony internetowej (2025)<\/title>\n<meta name=\"description\" content=\"Dowiedz si\u0119, jak bezp\u0142atnie doda\u0107 minutnik do Squarespace. U\u017cyj najlepszego interaktywnego zegara odliczaj\u0105cego, aby stworzy\u0107 piln\u0105 potrzeb\u0119 sprzeda\u017cy na stronie internetowej.\" \/>\n<meta name=\"robots\" content=\"index, follow, max-snippet:-1, max-image-preview:large, max-video-preview:-1\" \/>\n<link rel=\"canonical\" href=\"https:\/\/elfsight.com\/pl\/countdown-timer-widget\/squarespace\/\" \/>\n<meta property=\"og:locale\" content=\"pl_PL\" \/>\n<meta property=\"og:type\" content=\"article\" \/>\n<meta property=\"og:title\" content=\"Najlepsza wtyczka Squarespace Countdown Timer dla strony internetowej (2025)\" \/>\n<meta property=\"og:description\" content=\"Dowiedz si\u0119, jak bezp\u0142atnie doda\u0107 minutnik do Squarespace. U\u017cyj najlepszego interaktywnego zegara odliczaj\u0105cego, aby stworzy\u0107 piln\u0105 potrzeb\u0119 sprzeda\u017cy na stronie internetowej.\" \/>\n<meta property=\"og:url\" content=\"https:\/\/elfsight.com\/pl\/countdown-timer-widget\/squarespace\/\" \/>\n<meta property=\"og:site_name\" content=\"Elfsight PL\" \/>\n<meta property=\"article:modified_time\" content=\"2025-02-12T16:14:52+00:00\" \/>\n<meta name=\"twitter:card\" content=\"summary_large_image\" \/>\n<meta name=\"twitter:label1\" content=\"Szacowany czas czytania\" \/>\n\t<meta name=\"twitter:data1\" content=\"4 minuty\" \/>\n<!-- \/ Yoast SEO plugin. -->","yoast_head_json":{"title":"Najlepsza wtyczka Squarespace Countdown Timer dla strony internetowej (2025)","description":"Dowiedz si\u0119, jak bezp\u0142atnie doda\u0107 minutnik do Squarespace. U\u017cyj najlepszego interaktywnego zegara odliczaj\u0105cego, aby stworzy\u0107 piln\u0105 potrzeb\u0119 sprzeda\u017cy na stronie internetowej.","robots":{"index":"index","follow":"follow","max-snippet":"max-snippet:-1","max-image-preview":"max-image-preview:large","max-video-preview":"max-video-preview:-1"},"canonical":"https:\/\/elfsight.com\/pl\/countdown-timer-widget\/squarespace\/","og_locale":"pl_PL","og_type":"article","og_title":"Najlepsza wtyczka Squarespace Countdown Timer dla strony internetowej (2025)","og_description":"Dowiedz si\u0119, jak bezp\u0142atnie doda\u0107 minutnik do Squarespace. U\u017cyj najlepszego interaktywnego zegara odliczaj\u0105cego, aby stworzy\u0107 piln\u0105 potrzeb\u0119 sprzeda\u017cy na stronie internetowej.","og_url":"https:\/\/elfsight.com\/pl\/countdown-timer-widget\/squarespace\/","og_site_name":"Elfsight PL","article_modified_time":"2025-02-12T16:14:52+00:00","twitter_card":"summary_large_image","twitter_misc":{"Szacowany czas czytania":"4 minuty"},"schema":{"@context":"https:\/\/schema.org","@graph":[{"@type":"WebPage","@id":"https:\/\/elfsight.com\/pl\/countdown-timer-widget\/squarespace\/","url":"https:\/\/elfsight.com\/pl\/countdown-timer-widget\/squarespace\/","name":"Najlepsza wtyczka Squarespace Countdown Timer dla strony internetowej (2025)","isPartOf":{"@id":"https:\/\/elfsight.com\/pl\/#website"},"datePublished":"2024-05-03T06:34:16+00:00","dateModified":"2025-02-12T16:14:52+00:00","description":"Dowiedz si\u0119, jak bezp\u0142atnie doda\u0107 minutnik do Squarespace. U\u017cyj najlepszego interaktywnego zegara odliczaj\u0105cego, aby stworzy\u0107 piln\u0105 potrzeb\u0119 sprzeda\u017cy na stronie internetowej.","breadcrumb":{"@id":"https:\/\/elfsight.com\/pl\/countdown-timer-widget\/squarespace\/#breadcrumb"},"inLanguage":"pl-PL","potentialAction":[{"@type":"ReadAction","target":["https:\/\/elfsight.com\/pl\/countdown-timer-widget\/squarespace\/"]}]},{"@type":"BreadcrumbList","@id":"https:\/\/elfsight.com\/pl\/countdown-timer-widget\/squarespace\/#breadcrumb","itemListElement":[{"@type":"ListItem","position":1,"name":"Home","item":"https:\/\/elfsight.com\/pl\/"},{"@type":"ListItem","position":2,"name":"Countdown Timer","item":"https:\/\/elfsight.com\/pl\/countdown-timer-widget\/"},{"@type":"ListItem","position":3,"name":"Countdown Timer &#8211; Squarespace"}]},{"@type":"WebSite","@id":"https:\/\/elfsight.com\/pl\/#website","url":"https:\/\/elfsight.com\/pl\/","name":"Elfsight PL","description":"Just another Elfsight Sites site","potentialAction":[{"@type":"SearchAction","target":{"@type":"EntryPoint","urlTemplate":"https:\/\/elfsight.com\/pl\/?s={search_term_string}"},"query-input":{"@type":"PropertyValueSpecification","valueRequired":true,"valueName":"search_term_string"}}],"inLanguage":"pl-PL"}]}},"meta_box":{"industry":"","seo_heading":"","heading":"","description":"","cta_heading":"","cta_description":"","application":"1878","h1":"Wtyczka zegara odliczaj\u0105cego Squarespace","h1_caption":"Skonfiguruj odliczanie do wa\u017cnych wydarze\u0144 lub promocji, tworz\u0105c poczucie pilno\u015bci dla os\u00f3b odwiedzaj\u0105cych Twoj\u0105 witryn\u0119 Squarespace.","application_category":[],"applications_title":"","applications_request_title":"","applications_request_button_text":"","hero_text":"","hero_video":"","hero_video_schema_markup":"","selling_points_title":"","selling_points_caption":"","selling_points":[],"selling_points_cta_text":"","features_title":"","features":"","ed_cta_examples_text":"","ed_cta_examples_hidden":"","ed_cta_demo_text":"","ed_cta_demo_hidden":"","why_caption":"","why_editor_title":"","why_editor_text":"","why_team_title":"","why_team_text":"","why_service_title":"","why_service_text":"","template_catalog_visible":"0","template_catalog_title":"","template_catalog_text":"","template_catalog_categories_visible":"","demo_title":"Utw\u00f3rz wtyczk\u0119 Minutnika","demo_caption":"Skonfiguruj licznik czasu i dodaj go do swojej witryny Squarespace za darmo!","default_faq_hidden":"","app_template_category":[],"platform":"7588","template_public_id":"","codecanyon_url":"","codecanyon_item_id":"","codecanyon_price":"","pricing_caption":"","pricing_elfsight_apps_hide_column":"","pricing_elfsight_apps_url":"","pricing_codecanyon_price_caption":"","integration_category":[],"integration_request_title":"","integration_request_cta":"","integration_platform":"","integrations":[],"platform_category":[],"video_schema_markup":"","price":"od 0 USD \/ miesi\u0105c","trial":"","benefits":[{"text":"Bezp\u0142atna us\u0142uga monta\u017cu"},{"text":"Profesjonalna obs\u0142uga klienta"},{"text":"14-dniowa gwarancja zwrotu pieni\u0119dzy"}],"button_url":"#demo","button_target_blank":"0","button_nofollow":"0","attributes":[{"name":"Instaluje","content":"100,000 - 500,000"},{"name":"Czu\u0142y","content":"Tak"},{"name":"Kompatybilne przegl\u0105darki","content":"IE11, Firefox, Safari, Opera, Chrome, Edge"}],"tags":[],"tags_disable_links":"0","hide_more_platforms":"0","video_object":"","demo_hide_cta":"0","demo_hide_cloud_options":"0","pricing_title":"","pricing":[{"pricing_icon":"platform","pricing_title":"Elfsight Apps","pricing_title_caption":"Oprogramowanie niezale\u017cne od platformy, kt\u00f3re dzia\u0142a na ka\u017cdej stronie internetowej","pricing_price":"od 0 USD \/ miesi\u0105c","pricing_price_caption":"zacznij od bezp\u0142atnego planu","pricing_benefits":[{"text":"Nielimitowane strony internetowe"},{"text":"Ca\u0142odobowa obs\u0142uga klienta"},{"text":"Bezp\u0142atna us\u0142uga monta\u017cu"},{"text":"Elastyczny projekt"}],"pricing_button_text":"Dodaj do witryny","pricing_button_url":"#demo"}],"related_apps_title":"","related_apps_hidden":"0","author":"","image":[],"title":"","job":"","social_networks":[]},"_links":{"self":[{"href":"https:\/\/elfsight.com\/pl\/wp-json\/wp\/v2\/pages\/4861","targetHints":{"allow":["GET"]}}],"collection":[{"href":"https:\/\/elfsight.com\/pl\/wp-json\/wp\/v2\/pages"}],"about":[{"href":"https:\/\/elfsight.com\/pl\/wp-json\/wp\/v2\/types\/page"}],"author":[{"embeddable":true,"href":"https:\/\/elfsight.com\/pl\/wp-json\/wp\/v2\/users\/9"}],"replies":[{"embeddable":true,"href":"https:\/\/elfsight.com\/pl\/wp-json\/wp\/v2\/comments?post=4861"}],"version-history":[{"count":5,"href":"https:\/\/elfsight.com\/pl\/wp-json\/wp\/v2\/pages\/4861\/revisions"}],"predecessor-version":[{"id":9813,"href":"https:\/\/elfsight.com\/pl\/wp-json\/wp\/v2\/pages\/4861\/revisions\/9813"}],"up":[{"embeddable":true,"href":"https:\/\/elfsight.com\/pl\/wp-json\/wp\/v2\/pages\/1879"}],"wp:attachment":[{"href":"https:\/\/elfsight.com\/pl\/wp-json\/wp\/v2\/media?parent=4861"}],"curies":[{"name":"wp","href":"https:\/\/api.w.org\/{rel}","templated":true}]}}