{"id":4856,"date":"2024-05-03T06:34:15","date_gmt":"2024-05-03T06:34:15","guid":{"rendered":"https:\/\/elfsight.com\/pl\/?page_id=4856"},"modified":"2024-12-25T07:38:19","modified_gmt":"2024-12-25T07:38:19","slug":"webflow","status":"publish","type":"page","link":"https:\/\/elfsight.com\/pl\/countdown-timer-widget\/webflow\/","title":{"rendered":"Countdown Timer &#8211; Webflow"},"content":{"rendered":"\n<div class=\"application-platform-content-item-description application-platform-content-item\" id=\"description\" data-nav-section=\"description\"><h2>Umie\u015b\u0107 licznik czasu w Webflow za pomoc\u0105 wid\u017cetu Elfsight<\/h2><p>Ustaw liczniki promuj\u0105ce sprzeda\u017c w swojej witrynie za pomoc\u0105 zegara odliczaj\u0105cego Elfsight. Podgrzej atmosfer\u0119 i wywo\u0142aj poczucie niedoboru swoich produkt\u00f3w, pokazuj\u0105c, jak szybko sprzedaj\u0105 si\u0119 na oczach odwiedzaj\u0105cych. Wraz z up\u0142ywem czasu obowi\u0105zywania oferty specjalnej odwiedzaj\u0105cy b\u0119d\u0105 odczuwa\u0107 potrzeb\u0119 dokonania zakupu. Przyci\u0105gnij uwag\u0119 do przysz\u0142ych wydarze\u0144 lub specjalnych okazji i spraw, aby klienci z niecierpliwo\u015bci\u0105 czekali na pocz\u0105tek, stosuj\u0105c <a href=\"https:\/\/elfsight.com\/blog\/the-best-countdown-timer-widget-for-webflow-how-to-add-it-to-website\/\" target=\"_blank\" rel=\"noopener\">dodanie licznika czasu do Webflow<\/a>.<\/p><p><b>Wywo\u0142aj zamieszanie zwi\u0105zane z zakupami i sk\u0142o\u0144 u\u017cytkownik\u00f3w do zakupu wi\u0119cej.<\/b><\/p><p><b>Zach\u0119\u0107 kupuj\u0105cych do zakup\u00f3w, wywo\u0142uj\u0105c poczucie pilno\u015bci.<\/b><br> Osad\u017a liczniki czasu, kt\u00f3re b\u0119d\u0105 odmierza\u0107 czas pozosta\u0142y do \u200b\u200bko\u0144ca okresu wyprzeda\u017cy i specjalne oferty. Wywo\u0142uj\u0105 poczucie pilno\u015bci i zach\u0119caj\u0105 ludzi do szybszego podj\u0119cia decyzji o zakupie.<\/p><p><b>Pokazuj\u0105, \u017ce zapasy produkt\u00f3w zmniejszaj\u0105 i podnosz\u0105 postrzegan\u0105 warto\u015b\u0107 przedmiot\u00f3w.<\/b><br> Wywo\u0142uj\u0105 poczucie konkurencji o Twoje produkty, pokazuj\u0105c, \u017ce poziom sprzeda\u017cy ro\u015bnie, a zapasy malej\u0105. Warto\u015b\u0107 produktu wzro\u015bnie, a klienci te\u017c b\u0119d\u0105 chcieli kupowa\u0107.<\/p><p><b>Przyci\u0105gnij wi\u0119ksz\u0105 uwag\u0119 do swojej sezonowej wyprzeda\u017cy za pomoc\u0105 specjalnego paska czasowego w \u015bwi\u0105tecznym stylu.<\/b><br> Przyci\u0105gaj\u0105ce wzrok paski tematyczne pomo\u017ce Ci promowa\u0107 oferty specjalne i wyprzeda\u017ce. Wykorzystaj maksymalnie okres \u015bwi\u0105teczny, aby zwi\u0119kszy\u0107 sprzeda\u017c w swojej witrynie.<\/p><\/div><div class=\"application-platform-content-item-features application-platform-content-item\" id=\"features\" data-nav-section=\"features\"><h2>G\u0142\u00f3wne funkcje wid\u017cetu Minutnik<\/h2><p>Nasz licznik czasu przep\u0142ywu w sieci to z ustawieniami i dostosowaniami, kt\u00f3re pomog\u0105 Ci realizowa\u0107 cele biznesowe i utrzymywa\u0107 atrakcyjno\u015b\u0107 witryny. Najbardziej cenione cechy tego widgetu, kt\u00f3re sprawiaj\u0105, \u017ce jest to najlepsza wtyczka Webflow do osadzenia:<\/p><ul><li>Licznik g\u00f3ra i d\u00f3\u0142;<\/li><li>Mo\u017cliwo\u015b\u0107 otwierania przycisku linku w nowej karcie; <\/li><li>Mo\u017cliwo\u015b\u0107 wy\u0142\u0105czenia dowolnej jednostki czasu;<\/li><li>5 motyw\u00f3w \u015bwi\u0105tecznych na najpopularniejsze okazje;<\/li><li>Mo\u017cliwo\u015b\u0107 dostosowania rozmiar\u00f3w timera i przycisku.<\/li><\/ul><p><a href=\"#demo\">Sprawd\u017a wszystkie<\/a><\/p><\/div><div class=\"application-platform-content-item-installation application-platform-content-item\" id=\"installation\" data-nav-section=\"installation\"><h2>Jak doda\u0107 licznik czasu do witryny Webflow<\/h2>\n\n<div class=\"video-container\"><iframe width=\"720\" height=\"405\" src=\"https:\/\/www.youtube.com\/embed\/h5bZyE7Aads\" frameborder=\"0\" allowfullscreen=\"\"><\/iframe><\/div>\n\n<p>Przeczytaj t\u0119 zwi\u0119z\u0142\u0105 instrukcj\u0119, aby skonfigurowa\u0107 licznik czasu bez kompetencji w zakresie programowania lub zatrudniania dodatkowego programisty internetowego. Aby osadzi\u0107 wtyczk\u0119, potrzebujesz tylko kilku minut.<\/p><ol><li><b>Utw\u00f3rz sw\u00f3j unikalny wid\u017cet Odliczanie<\/b>.<br> Za pomoc\u0105 naszego bezp\u0142atnego edytora wygeneruj wtyczk\u0119 o po\u017c\u0105danym wygl\u0105dzie i funkcje.<\/li><li><b>Odbierz kod do konfiguracji wtyczki<\/b>.<br> Po ustawieniu wid\u017cetu uzyskaj kod wtyczki Countdown z wyskakuj\u0105cego powiadomienia w aplikacjach Elfsight.<\/li><li><b>Poka\u017c wtyczk\u0119 na swojej stronie<\/b>.<br> Osad\u017a wtyczk\u0119 w wybranym miejscu strony i opublikuj zmiany.<\/li><li><b>Gotowe!<\/b><br> Przejd\u017a do swojej witryny, aby zobaczy\u0107 swoj\u0105 wtyczk\u0119.<\/li><\/ol><p>Je\u015bli potrzebujesz pomocy przy tworzeniu lub osadzaniu wtyczki, nasz zesp\u00f3\u0142 b\u0119dzie tutaj, aby doradzi\u0107 i zaproponowa\u0107 rozwi\u0105zanie lub zobacz nasz\u0105 instrukcj\u0119 na temat <a href=\"https:\/\/elfsight.com\/blog\/how-to-add-a-countdown-timer-to-webflow-for-free\/\" target=\"_blank\" rel=\"noopener noreferrer\">dodawanie odlicza\u0144 do Webflow<\/a>!<\/p><\/div>\n\n<div class=\"faq\" data-component=\"FAQ\">\n<div class=\"faq-item\">\r\n\t\t\t\t\t<div class=\"faq-item-question\">\r\n\t\t\t\t\t\t<h3 class=\"faq-item-question-text\">Czy mam mo\u017cliwo\u015b\u0107 zobaczenia, jak widget b\u0119dzie wygl\u0105da\u0142 na stronie internetowej?<\/h3>\r\n\r\n\t\t\t\t\t\t<div class=\"faq-item-question-icon\"><\/div>\r\n\t\t\t\t\t<\/div>\r\n\r\n\t\t\t\t\t<div class=\"faq-item-answer\">\r\n\t\t\t\t\t\t<div class=\"faq-item-answer-text\"> <p>Zdecydowanie! Tworz\u0105c wtyczk\u0119 Webflow Timer w <a href=\"https:\/\/elfsight.com\/pl\/countdown-timer-widget\/create\" target=\"_blank\" rel=\"noopener\">darmowym narz\u0119dziu do tworzenia wid\u017cet\u00f3w na \u017cywo<\/a>, we\u017amiesz pod uwag\u0119 wszystkie wersje po prawej stronie. Twoje odliczanie b\u0119dzie wygl\u0105da\u0107 dok\u0142adnie tak samo, jak w witrynie Webflow.<\/p><\/div>\r\n\t\t\t\t\t<\/div>\r\n\t\t\t\t<\/div>\n\n<div class=\"faq-item\">\r\n\t\t\t\t\t<div class=\"faq-item-question\">\r\n\t\t\t\t\t\t<h3 class=\"faq-item-question-text\">Jakie jeszcze wid\u017cety s\u0105 niezb\u0119dne w witrynie Webflow?<\/h3>\r\n\r\n\t\t\t\t\t\t<div class=\"faq-item-question-icon\"><\/div>\r\n\t\t\t\t\t<\/div>\r\n\r\n\t\t\t\t\t<div class=\"faq-item-answer\">\r\n\t\t\t\t\t\t<div class=\"faq-item-answer-text\">\n<p>Webflow to platforma umo\u017cliwiaj\u0105ca ka\u017cdemu tworzenie dowolnego rodzaju witryn internetowych bez kodowania i dobrym pomys\u0142em jest dodanie wid\u017cet\u00f3w Elfsight w celu zwi\u0119kszenia funkcjonalno\u015bci witryn Webflow.<\/p><p>Na przyk\u0142ad Kreator formularzy b\u0119dzie pomocny w zbieraniu opinii i niezb\u0119dnych informacji od klient\u00f3w, baner zgody na pliki cookie i wid\u017cet wyskakuj\u0105cy b\u0119d\u0105 tam dost\u0119pne do og\u0142aszania. Korzystaj\u0105c z wid\u017cet\u00f3w Instagram Feed i Slider, b\u0119dziesz m\u00f3g\u0142 zaprezentowa\u0107 pi\u0119kne wizualizacje swoich produkt\u00f3w. Dost\u0119pnych jest tak\u017ce wiele czat\u00f3w, rozwi\u0105za\u0144 e-commerce i formularzy, dzi\u0119ki kt\u00f3rym mo\u017cesz zwi\u0119kszy\u0107 sprzeda\u017c i u\u0142atwi\u0107 komunikacj\u0119 z klientami.<\/p><\/div>\r\n\t\t\t\t\t<\/div>\r\n\t\t\t\t<\/div>\n<\/div>\n","protected":false},"excerpt":{"rendered":"","protected":false},"author":9,"featured_media":0,"parent":1879,"menu_order":0,"comment_status":"closed","ping_status":"closed","template":"templates\/template-application-platform.php","meta":{"publish_to_discourse":"","publish_post_category":"","wpdc_auto_publish_overridden":"","wpdc_topic_tags":"","wpdc_pin_topic":"","wpdc_pin_until":"","discourse_post_id":"","discourse_permalink":"","wpdc_publishing_response":"","wpdc_publishing_error":"","footnotes":""},"class_list":["post-4856","page","type-page","status-publish","hentry"],"yoast_head":"<!-- This site is optimized with the Yoast SEO plugin v25.3.1 - https:\/\/yoast.com\/wordpress\/plugins\/seo\/ -->\n<title>Widget licznika czasu Webflow \u2014 dodaj licznik czasu do Webflow [2025]<\/title>\n<meta name=\"description\" content=\"Odkryj darmowy wid\u017cet Premium Minutnik dla witryny Webflow! Zbuduj osobisty widget za pomoc\u0105 Elfsight tylko w 2 minuty.\" \/>\n<meta name=\"robots\" content=\"index, follow, max-snippet:-1, max-image-preview:large, max-video-preview:-1\" \/>\n<link rel=\"canonical\" href=\"https:\/\/elfsight.com\/pl\/countdown-timer-widget\/webflow\/\" \/>\n<meta property=\"og:locale\" content=\"pl_PL\" \/>\n<meta property=\"og:type\" content=\"article\" \/>\n<meta property=\"og:title\" content=\"Widget licznika czasu Webflow \u2014 dodaj licznik czasu do Webflow [2025]\" \/>\n<meta property=\"og:description\" content=\"Odkryj darmowy wid\u017cet Premium Minutnik dla witryny Webflow! Zbuduj osobisty widget za pomoc\u0105 Elfsight tylko w 2 minuty.\" \/>\n<meta property=\"og:url\" content=\"https:\/\/elfsight.com\/pl\/countdown-timer-widget\/webflow\/\" \/>\n<meta property=\"og:site_name\" content=\"Elfsight PL\" \/>\n<meta property=\"article:modified_time\" content=\"2024-12-25T07:38:19+00:00\" \/>\n<meta name=\"twitter:card\" content=\"summary_large_image\" \/>\n<meta name=\"twitter:label1\" content=\"Szacowany czas czytania\" \/>\n\t<meta name=\"twitter:data1\" content=\"4 minuty\" \/>\n<!-- \/ Yoast SEO plugin. -->","yoast_head_json":{"title":"Widget licznika czasu Webflow \u2014 dodaj licznik czasu do Webflow [2025]","description":"Odkryj darmowy wid\u017cet Premium Minutnik dla witryny Webflow! Zbuduj osobisty widget za pomoc\u0105 Elfsight tylko w 2 minuty.","robots":{"index":"index","follow":"follow","max-snippet":"max-snippet:-1","max-image-preview":"max-image-preview:large","max-video-preview":"max-video-preview:-1"},"canonical":"https:\/\/elfsight.com\/pl\/countdown-timer-widget\/webflow\/","og_locale":"pl_PL","og_type":"article","og_title":"Widget licznika czasu Webflow \u2014 dodaj licznik czasu do Webflow [2025]","og_description":"Odkryj darmowy wid\u017cet Premium Minutnik dla witryny Webflow! Zbuduj osobisty widget za pomoc\u0105 Elfsight tylko w 2 minuty.","og_url":"https:\/\/elfsight.com\/pl\/countdown-timer-widget\/webflow\/","og_site_name":"Elfsight PL","article_modified_time":"2024-12-25T07:38:19+00:00","twitter_card":"summary_large_image","twitter_misc":{"Szacowany czas czytania":"4 minuty"},"schema":{"@context":"https:\/\/schema.org","@graph":[{"@type":"WebPage","@id":"https:\/\/elfsight.com\/pl\/countdown-timer-widget\/webflow\/","url":"https:\/\/elfsight.com\/pl\/countdown-timer-widget\/webflow\/","name":"Widget licznika czasu Webflow \u2014 dodaj licznik czasu do Webflow [2025]","isPartOf":{"@id":"https:\/\/elfsight.com\/pl\/#website"},"datePublished":"2024-05-03T06:34:15+00:00","dateModified":"2024-12-25T07:38:19+00:00","description":"Odkryj darmowy wid\u017cet Premium Minutnik dla witryny Webflow! Zbuduj osobisty widget za pomoc\u0105 Elfsight tylko w 2 minuty.","breadcrumb":{"@id":"https:\/\/elfsight.com\/pl\/countdown-timer-widget\/webflow\/#breadcrumb"},"inLanguage":"pl-PL","potentialAction":[{"@type":"ReadAction","target":["https:\/\/elfsight.com\/pl\/countdown-timer-widget\/webflow\/"]}]},{"@type":"BreadcrumbList","@id":"https:\/\/elfsight.com\/pl\/countdown-timer-widget\/webflow\/#breadcrumb","itemListElement":[{"@type":"ListItem","position":1,"name":"Home","item":"https:\/\/elfsight.com\/pl\/"},{"@type":"ListItem","position":2,"name":"Countdown Timer","item":"https:\/\/elfsight.com\/pl\/countdown-timer-widget\/"},{"@type":"ListItem","position":3,"name":"Countdown Timer &#8211; Webflow"}]},{"@type":"WebSite","@id":"https:\/\/elfsight.com\/pl\/#website","url":"https:\/\/elfsight.com\/pl\/","name":"Elfsight PL","description":"Just another Elfsight Sites site","potentialAction":[{"@type":"SearchAction","target":{"@type":"EntryPoint","urlTemplate":"https:\/\/elfsight.com\/pl\/?s={search_term_string}"},"query-input":{"@type":"PropertyValueSpecification","valueRequired":true,"valueName":"search_term_string"}}],"inLanguage":"pl-PL"}]}},"meta_box":{"industry":"","seo_heading":"","heading":"","description":"","cta_heading":"","cta_description":"","application":"1878","h1":"Wid\u017cet licznika czasu Webflow","h1_caption":"Skonfiguruj odliczanie do wa\u017cnych wydarze\u0144 lub promocji, tworz\u0105c poczucie pilno\u015bci dla os\u00f3b odwiedzaj\u0105cych Twoj\u0105 witryn\u0119 Webflow.","application_category":[],"applications_title":"","applications_request_title":"","applications_request_button_text":"","hero_text":"","hero_video":"","hero_video_schema_markup":"","selling_points_title":"","selling_points_caption":"","selling_points":[],"selling_points_cta_text":"","features_title":"","features":"","ed_cta_examples_text":"","ed_cta_examples_hidden":"","ed_cta_demo_text":"","ed_cta_demo_hidden":"","why_caption":"","why_editor_title":"","why_editor_text":"","why_team_title":"","why_team_text":"","why_service_title":"","why_service_text":"","template_catalog_visible":"0","template_catalog_title":"","template_catalog_text":"","template_catalog_categories_visible":"","demo_title":"Utw\u00f3rz wid\u017cet licznika czasu","demo_caption":"Skonfiguruj licznik czasu i dodaj go za darmo do swojej witryny Webflow!","default_faq_hidden":"","app_template_category":[],"platform":"127","template_public_id":"","codecanyon_url":"","codecanyon_item_id":"","codecanyon_price":"","pricing_caption":"","pricing_elfsight_apps_hide_column":"","pricing_elfsight_apps_url":"","pricing_codecanyon_price_caption":"","integration_category":[],"integration_request_title":"","integration_request_cta":"","integration_platform":"","integrations":[],"platform_category":[],"video_schema_markup":"","price":"od 0 USD \/ miesi\u0105c","trial":"","benefits":[{"text":"Bezp\u0142atna us\u0142uga monta\u017cu"},{"text":"Kompetentna obs\u0142uga klienta"},{"text":"14-dniowa gwarancja zwrotu pieni\u0119dzy"}],"button_url":"#demo","button_target_blank":"0","button_nofollow":"0","attributes":[{"name":"Instaluje","content":"100,000 - 500,000"},{"name":"Czu\u0142y","content":"Tak"},{"name":"Kompatybilne przegl\u0105darki","content":"IE11, Firefox, Safari, Opera, Chrome, Edge"}],"tags":[],"tags_disable_links":"0","hide_more_platforms":"","video_object":"","demo_hide_cta":"0","demo_hide_cloud_options":"0","pricing_title":"","pricing":[{"pricing_icon":"platform","pricing_title":"Elfsight Apps","pricing_title_caption":"Wieloplatformowe rozwi\u0105zanie cyfrowe, kt\u00f3re pasuje do ka\u017cdej witryny internetowej","pricing_price":"od 0 USD \/ miesi\u0105c","pricing_price_caption":"zacznij od bezp\u0142atnego planu","pricing_benefits":[{"text":"Nielimitowane strony internetowe"},{"text":"Najwy\u017csza obs\u0142uga klienta"},{"text":"Bezp\u0142atna pomoc w instalacji"},{"text":"Elastyczny projekt"}],"pricing_button_text":"Dodaj do witryny","pricing_button_url":"#demo"}],"related_apps_title":"","related_apps_hidden":"0","author":"","image":[],"title":"","job":"","social_networks":[]},"_links":{"self":[{"href":"https:\/\/elfsight.com\/pl\/wp-json\/wp\/v2\/pages\/4856","targetHints":{"allow":["GET"]}}],"collection":[{"href":"https:\/\/elfsight.com\/pl\/wp-json\/wp\/v2\/pages"}],"about":[{"href":"https:\/\/elfsight.com\/pl\/wp-json\/wp\/v2\/types\/page"}],"author":[{"embeddable":true,"href":"https:\/\/elfsight.com\/pl\/wp-json\/wp\/v2\/users\/9"}],"replies":[{"embeddable":true,"href":"https:\/\/elfsight.com\/pl\/wp-json\/wp\/v2\/comments?post=4856"}],"version-history":[{"count":4,"href":"https:\/\/elfsight.com\/pl\/wp-json\/wp\/v2\/pages\/4856\/revisions"}],"predecessor-version":[{"id":9635,"href":"https:\/\/elfsight.com\/pl\/wp-json\/wp\/v2\/pages\/4856\/revisions\/9635"}],"up":[{"embeddable":true,"href":"https:\/\/elfsight.com\/pl\/wp-json\/wp\/v2\/pages\/1879"}],"wp:attachment":[{"href":"https:\/\/elfsight.com\/pl\/wp-json\/wp\/v2\/media?parent=4856"}],"curies":[{"name":"wp","href":"https:\/\/api.w.org\/{rel}","templated":true}]}}