{"id":4855,"date":"2024-05-03T06:34:14","date_gmt":"2024-05-03T06:34:14","guid":{"rendered":"https:\/\/elfsight.com\/pl\/?page_id=4855"},"modified":"2024-11-14T12:44:02","modified_gmt":"2024-11-14T12:44:02","slug":"joomla","status":"publish","type":"page","link":"https:\/\/elfsight.com\/pl\/countdown-timer-widget\/joomla\/","title":{"rendered":"Countdown Timer &#8211; Joomla"},"content":{"rendered":"<div class=\"application-platform-content-item-description application-platform-content-item\" id=\"description\" data-nav-section=\"description\"><h2>Opis<\/h2><p>Tw\u00f3rz liczniki czasu zwi\u0119kszaj\u0105ce sprzeda\u017c dla swojej witryny za pomoc\u0105 modu\u0142u Elfsight Countdown. Podkr\u0119\u0107 atmosfer\u0119 i wywo\u0142aj poczucie deficytu swoich ofert, pokazuj\u0105c, jak szybko s\u0105 one wyprzedane. Naciskaj u\u017cytkownik\u00f3w, aby kupowali, a\u017c do ko\u0144ca okresu oferty specjalnej. Og\u0142aszaj przysz\u0142e okazje lub premier\u0119 produktu i spraw, aby klienci z niecierpliwo\u015bci\u0105 na nie czekali, pokazuj\u0105c odliczanie do pocz\u0105tku.<\/p><p><b>Spraw, aby Twoich wydarze\u0144 i wyprzeda\u017cy nie mo\u017cna by\u0142o przegapi\u0107 i przyci\u0105gaj wi\u0119cej zakup\u00f3w. <\/b><\/p><p><b>Zach\u0119\u0107 odwiedzaj\u0105cych do zakup\u00f3w, wywo\u0142uj\u0105c poczucie pilno\u015bci. <\/b><br> Spraw, aby Twoi klienci poczuli strach, \u017ce przegapi\u0105 Twoje niskie ceny, podczas gdy czas up\u0142ywa do ich zako\u0144czenia. Dzi\u0119ki temu klienci b\u0119d\u0105 mogli szybciej dokonywa\u0107 zakup\u00f3w i zwi\u0119ksza\u0107 sprzeda\u017c w Twojej witrynie.<\/p><p><b>Poka\u017c, \u017ce zapasy si\u0119 zmniejszaj\u0105, aby zwi\u0119kszy\u0107 postrzegan\u0105 warto\u015b\u0107 produkt\u00f3w.<\/b><br> Utw\u00f3rz licznik zapas\u00f3w, pokazuj\u0105c, \u017ce Twoje towary rozchodz\u0105 si\u0119 jak ciep\u0142e bu\u0142eczki i staj\u0105 si\u0119 deficytowe. Sprawi, \u017ce ludzie b\u0119d\u0105 bardziej ceni\u0107 te przedmioty i ch\u0119tniej je nab\u0119d\u0105.<\/p><p><b>Przyci\u0105gnij wi\u0119ksz\u0105 uwag\u0119 do swoich sprzeda\u017cy, korzystaj\u0105c ze specjalnego paska odliczania o tematyce \u015bwi\u0105tecznej.<\/b><br> Wy\u015bwietlaj anga\u017cuj\u0105cy wzrok tematyczny bar sprzeda\u017cowy na \u015bwi\u0119ta i imprezy specjalne. Odzwierciedli \u015bwi\u0105teczny nastr\u00f3j i b\u0119dzie promowa\u0107 Twoje \u015bwietne oferty, aby pom\u00f3c Ci sprzedawa\u0107 w dochodowym sezonie.<\/p><\/div><div class=\"application-platform-content-item-features application-platform-content-item\" id=\"features\" data-nav-section=\"features\"><h2>Funkcje<\/h2><p>5 atrybut\u00f3w , kt\u00f3re czyni\u0105 z naszego modu\u0142u idealne rozwi\u0105zanie dla witryny Joomla:<\/p><ul><li>Mo\u017cliwo\u015b\u0107 ustawienia daty i godziny rozpocz\u0119cia i zako\u0144czenia;<\/li><li>Edytowalny tekst przycisku;<\/li><li>Cztery jednostki czasu: dni, godziny, minuty, sekundy;<\/li><li>5 motyw\u00f3w \u015bwi\u0105tecznych na najpopularniejsze okazje;<\/li><li>Mo\u017cliwo\u015b\u0107 dostosowania rozmiar\u00f3w minutnika i przycisku.<\/li><\/ul><p><a href=\"#demo\">Przetestuj pe\u0142n\u0105 list\u0119 funkcji w wersji demonstracyjnej!<\/a><\/p><\/div><div class=\"application-platform-content-item-installation application-platform-content-item\" id=\"installation\" data-nav-section=\"installation\"><h2>Jak doda\u0107 licznik czasu do Witryna Joomla<\/h2><div class=\"video-container\"><iframe width=\"720\" height=\"405\" src=\"https:\/\/www.youtube.com\/embed\/sp1GYC0i__Q\" frameborder=\"0\" allowfullscreen=\"\"><\/iframe><\/div><p>Wystarczy wykona\u0107 kroki podane poni\u017cej, aby aktywowa\u0107 rozszerzenie w Joomla.<\/p> <ol><li><b>Uruchom nasze bezp\u0142atne demo i zacznij kszta\u0142towa\u0107 swoje widget wykonany na zam\u00f3wienie. <\/b><br> Okre\u015bl odpowiedni projekt i specyfikacje rozszerzenia i zapisz zmiany. <\/li> <li><b>Zdob\u0105d\u017a sw\u00f3j unikalny kod, kt\u00f3ry jest widoczny w polu w aplikacjach Elfsight. <\/b><br> Po zako\u0144czeniu dostosowywania osobistego rozszerzenia Minutnika skopiuj indywidualny kod z wy\u015bwietlonego okna i zachowaj go do wykorzystania w przysz\u0142o\u015bci. <\/li> <li><b>Rozpocznij korzystanie z wtyczki w swojej witrynie Joomla. <\/b><br> Umie\u015b\u0107 ostatnio zapisany kod w swojej witrynie i zapisz ulepszenia. <\/li> <li><b>Gotowe! Osadzanie zosta\u0142o w pe\u0142ni wykonane. <\/b><br> Odwied\u017a swoj\u0105 stron\u0119, aby sprawdzi\u0107, jak dzia\u0142a wtyczka. <\/li><\/ol><p>Je\u015bli masz jakie\u015b problemy lub pytania dotycz\u0105ce instalacji? Zostaw wiadomo\u015b\u0107 zespo\u0142owi wsparcia Elfsight z wyja\u015bnieniem problemu. Do\u0142o\u017cymy wszelkich stara\u0144, aby zapewni\u0107 rozwi\u0105zania. Mo\u017cesz te\u017c spr\u00f3bowa\u0107 skorzysta\u0107 z <a href=\"https:\/\/elfsight.com\/tutorials\/how-to-add-countdown-timer-to-joomla\/\" target=\"_blank\" rel=\"noopener noreferrer\">dok\u0142adnej instrukcji<\/a>.<\/p><div class=\"faq\" data-component=\"FAQ\"> <div class=\"faq-item\">\r\n\t\t\t\t\t<div class=\"faq-item-question\">\r\n\t\t\t\t\t\t<h3 class=\"faq-item-question-text\">Jak mog\u0119 doda\u0107 licznik czasu do mojej witryny Joomla bez umiej\u0119tno\u015bci kodowania?<\/h3>\r\n\r\n\t\t\t\t\t\t<div class=\"faq-item-question-icon\"><\/div>\r\n\t\t\t\t\t<\/div>\r\n\r\n\t\t\t\t\t<div class=\"faq-item-answer\">\r\n\t\t\t\t\t\t<div class=\"faq-item-answer-text\"> <p>Elfsight zapewnia rozwi\u0105zanie SaaS, kt\u00f3re umo\u017cliwia samodzielne utworzenie wid\u017cetu licznika czasu , przekonaj si\u0119, jak \u0142atwy jest ten proces: Pracuj bezpo\u015brednio w edytorze online, aby utworzy\u0107 wid\u017cet licznika czasu, kt\u00f3ry chcesz zobaczy\u0107 na swojej stronie Joomla. Wybierz jeden z gotowych szablon\u00f3w i dostosuj ustawienia licznika czasu, dodaj tre\u015b\u0107, zmie\u0144 uk\u0142ad i kolory bez umiej\u0119tno\u015bci kodowania. Zapisz licznik czasu i skopiuj jego kod instalacyjny, kt\u00f3ry mo\u017cesz \u0142atwo doda\u0107 do swojej witryny Joomla bez konieczno\u015bci kupowania p\u0142atnego planu. Dzi\u0119ki naszemu intuicyjnemu edytorowi ka\u017cdy u\u017cytkownik Internetu mo\u017ce stworzy\u0107 wid\u017cet Minutnika online i \u0142atwo osadzi\u0107 go na swojej stronie Joomla. Aby uzyska\u0107 dost\u0119p do us\u0142ugi, nie trzeba p\u0142aci\u0107 ani wprowadza\u0107 danych uwierzytelniaj\u0105cych karty. Je\u015bli na kt\u00f3rymkolwiek etapie napotkasz jakiekolwiek problemy, skontaktuj si\u0119 z naszym zespo\u0142em pomocy technicznej.<\/p> <\/div>\r\n\t\t\t\t\t<\/div>\r\n\t\t\t\t<\/div> <\/div> <\/div>","protected":false},"excerpt":{"rendered":"","protected":false},"author":9,"featured_media":0,"parent":1879,"menu_order":0,"comment_status":"closed","ping_status":"closed","template":"templates\/template-application-platform.php","meta":{"publish_to_discourse":"","publish_post_category":"","wpdc_auto_publish_overridden":"","wpdc_topic_tags":"","wpdc_pin_topic":"","wpdc_pin_until":"","discourse_post_id":"","discourse_permalink":"","wpdc_publishing_response":"","wpdc_publishing_error":"","footnotes":""},"class_list":["post-4855","page","type-page","status-publish","hentry"],"yoast_head":"<!-- This site is optimized with the Yoast SEO plugin v25.3.1 - https:\/\/yoast.com\/wordpress\/plugins\/seo\/ -->\n<title>Najlepszy modu\u0142 licznika czasu Joomla dla strony internetowej (2025)<\/title>\n<meta name=\"description\" content=\"Ustaw sw\u00f3j indywidualny modu\u0142 licznika czasu dla Joomla w zaledwie 1 minut\u0119. Sprawd\u017a najszybsze demo generowania wid\u017cet\u00f3w przez Elfsight. To nic nie kosztuje.\" \/>\n<meta name=\"robots\" content=\"index, follow, max-snippet:-1, max-image-preview:large, max-video-preview:-1\" \/>\n<link rel=\"canonical\" href=\"https:\/\/elfsight.com\/pl\/countdown-timer-widget\/joomla\/\" \/>\n<meta property=\"og:locale\" content=\"pl_PL\" \/>\n<meta property=\"og:type\" content=\"article\" \/>\n<meta property=\"og:title\" content=\"Najlepszy modu\u0142 licznika czasu Joomla dla strony internetowej (2025)\" \/>\n<meta property=\"og:description\" content=\"Ustaw sw\u00f3j indywidualny modu\u0142 licznika czasu dla Joomla w zaledwie 1 minut\u0119. Sprawd\u017a najszybsze demo generowania wid\u017cet\u00f3w przez Elfsight. To nic nie kosztuje.\" \/>\n<meta property=\"og:url\" content=\"https:\/\/elfsight.com\/pl\/countdown-timer-widget\/joomla\/\" \/>\n<meta property=\"og:site_name\" content=\"Elfsight PL\" \/>\n<meta property=\"article:modified_time\" content=\"2024-11-14T12:44:02+00:00\" \/>\n<meta name=\"twitter:card\" content=\"summary_large_image\" \/>\n<meta name=\"twitter:label1\" content=\"Szacowany czas czytania\" \/>\n\t<meta name=\"twitter:data1\" content=\"3 minuty\" \/>\n<!-- \/ Yoast SEO plugin. -->","yoast_head_json":{"title":"Najlepszy modu\u0142 licznika czasu Joomla dla strony internetowej (2025)","description":"Ustaw sw\u00f3j indywidualny modu\u0142 licznika czasu dla Joomla w zaledwie 1 minut\u0119. Sprawd\u017a najszybsze demo generowania wid\u017cet\u00f3w przez Elfsight. To nic nie kosztuje.","robots":{"index":"index","follow":"follow","max-snippet":"max-snippet:-1","max-image-preview":"max-image-preview:large","max-video-preview":"max-video-preview:-1"},"canonical":"https:\/\/elfsight.com\/pl\/countdown-timer-widget\/joomla\/","og_locale":"pl_PL","og_type":"article","og_title":"Najlepszy modu\u0142 licznika czasu Joomla dla strony internetowej (2025)","og_description":"Ustaw sw\u00f3j indywidualny modu\u0142 licznika czasu dla Joomla w zaledwie 1 minut\u0119. Sprawd\u017a najszybsze demo generowania wid\u017cet\u00f3w przez Elfsight. To nic nie kosztuje.","og_url":"https:\/\/elfsight.com\/pl\/countdown-timer-widget\/joomla\/","og_site_name":"Elfsight PL","article_modified_time":"2024-11-14T12:44:02+00:00","twitter_card":"summary_large_image","twitter_misc":{"Szacowany czas czytania":"3 minuty"},"schema":{"@context":"https:\/\/schema.org","@graph":[{"@type":"WebPage","@id":"https:\/\/elfsight.com\/pl\/countdown-timer-widget\/joomla\/","url":"https:\/\/elfsight.com\/pl\/countdown-timer-widget\/joomla\/","name":"Najlepszy modu\u0142 licznika czasu Joomla dla strony internetowej (2025)","isPartOf":{"@id":"https:\/\/elfsight.com\/pl\/#website"},"datePublished":"2024-05-03T06:34:14+00:00","dateModified":"2024-11-14T12:44:02+00:00","description":"Ustaw sw\u00f3j indywidualny modu\u0142 licznika czasu dla Joomla w zaledwie 1 minut\u0119. Sprawd\u017a najszybsze demo generowania wid\u017cet\u00f3w przez Elfsight. To nic nie kosztuje.","breadcrumb":{"@id":"https:\/\/elfsight.com\/pl\/countdown-timer-widget\/joomla\/#breadcrumb"},"inLanguage":"pl-PL","potentialAction":[{"@type":"ReadAction","target":["https:\/\/elfsight.com\/pl\/countdown-timer-widget\/joomla\/"]}]},{"@type":"BreadcrumbList","@id":"https:\/\/elfsight.com\/pl\/countdown-timer-widget\/joomla\/#breadcrumb","itemListElement":[{"@type":"ListItem","position":1,"name":"Home","item":"https:\/\/elfsight.com\/pl\/"},{"@type":"ListItem","position":2,"name":"Countdown Timer","item":"https:\/\/elfsight.com\/pl\/countdown-timer-widget\/"},{"@type":"ListItem","position":3,"name":"Countdown Timer &#8211; Joomla"}]},{"@type":"WebSite","@id":"https:\/\/elfsight.com\/pl\/#website","url":"https:\/\/elfsight.com\/pl\/","name":"Elfsight PL","description":"Just another Elfsight Sites site","potentialAction":[{"@type":"SearchAction","target":{"@type":"EntryPoint","urlTemplate":"https:\/\/elfsight.com\/pl\/?s={search_term_string}"},"query-input":{"@type":"PropertyValueSpecification","valueRequired":true,"valueName":"search_term_string"}}],"inLanguage":"pl-PL"}]}},"meta_box":{"industry":"","seo_heading":"","heading":"","description":"","cta_heading":"","cta_description":"","application":"1878","h1":"Modu\u0142 licznika czasu Joomla","h1_caption":"Ustaw odliczanie do wa\u017cnych wydarze\u0144 lub promocji, tworz\u0105c poczucie pilno\u015bci dla odwiedzaj\u0105cych Twoj\u0105 witryn\u0119 Joomla.","application_category":[],"applications_title":"","applications_request_title":"","applications_request_button_text":"","hero_text":"","hero_video":"","hero_video_schema_markup":"","selling_points_title":"","selling_points_caption":"","selling_points":[],"selling_points_cta_text":"","features_title":"","features":"","ed_cta_examples_text":"","ed_cta_examples_hidden":"","ed_cta_demo_text":"","ed_cta_demo_hidden":"","why_caption":"","why_editor_title":"","why_editor_text":"","why_team_title":"","why_team_text":"","why_service_title":"","why_service_text":"","template_catalog_visible":"","template_catalog_title":"","template_catalog_text":"","template_catalog_categories_visible":"","demo_title":"Utw\u00f3rz wtyczk\u0119 Minutnika","demo_caption":"Skonfiguruj licznik czasu i dodaj go do swojej witryny Joomla za darmo!","default_faq_hidden":"","app_template_category":[],"platform":"53","template_public_id":"","codecanyon_url":"","codecanyon_item_id":"","codecanyon_price":"","pricing_caption":"","pricing_elfsight_apps_hide_column":"","pricing_elfsight_apps_url":"","pricing_codecanyon_price_caption":"","integration_category":[],"integration_request_title":"","integration_request_cta":"","integration_platform":"","integrations":[],"platform_category":[],"video_schema_markup":"","price":"od 0 USD \/ miesi\u0105c","trial":"","benefits":[{"text":"Bezp\u0142atna us\u0142uga monta\u017cu"},{"text":"Do\u015bwiadczona obs\u0142uga klienta"},{"text":"14-dniowa gwarancja zwrotu pieni\u0119dzy"}],"button_url":"#demo","button_target_blank":"","button_nofollow":"","attributes":[{"name":"Instaluje"},{"name":"Czu\u0142y"},{"name":"Kompatybilne przegl\u0105darki"}],"tags":[],"tags_disable_links":"","hide_more_platforms":"","video_object":"","demo_hide_cta":"","demo_hide_cloud_options":"","pricing_title":"","pricing":[{"pricing_icon":"cloud","pricing_title":"Elfsight Apps","pricing_title_caption":"Wieloplatformowe rozwi\u0105zanie cyfrowe, kt\u00f3re dzia\u0142a w dowolnej witrynie","pricing_price":"od 0 USD \/ miesi\u0105c","pricing_price_caption":"zacznij od bezp\u0142atnego planu","pricing_benefits":[{"text":"Nielimitowane domeny"},{"text":"Dedykowane wsparcie"},{"text":"Bezp\u0142atna pomoc w monta\u017cu"},{"text":"Specjalna oferta na wiele aplikacji"}],"pricing_button_text":"Dodaj do witryny","pricing_button_url":"#demo"}],"related_apps_title":"","related_apps_hidden":"","author":"","image":[],"title":"","job":"","social_networks":[]},"_links":{"self":[{"href":"https:\/\/elfsight.com\/pl\/wp-json\/wp\/v2\/pages\/4855","targetHints":{"allow":["GET"]}}],"collection":[{"href":"https:\/\/elfsight.com\/pl\/wp-json\/wp\/v2\/pages"}],"about":[{"href":"https:\/\/elfsight.com\/pl\/wp-json\/wp\/v2\/types\/page"}],"author":[{"embeddable":true,"href":"https:\/\/elfsight.com\/pl\/wp-json\/wp\/v2\/users\/9"}],"replies":[{"embeddable":true,"href":"https:\/\/elfsight.com\/pl\/wp-json\/wp\/v2\/comments?post=4855"}],"version-history":[{"count":2,"href":"https:\/\/elfsight.com\/pl\/wp-json\/wp\/v2\/pages\/4855\/revisions"}],"predecessor-version":[{"id":7741,"href":"https:\/\/elfsight.com\/pl\/wp-json\/wp\/v2\/pages\/4855\/revisions\/7741"}],"up":[{"embeddable":true,"href":"https:\/\/elfsight.com\/pl\/wp-json\/wp\/v2\/pages\/1879"}],"wp:attachment":[{"href":"https:\/\/elfsight.com\/pl\/wp-json\/wp\/v2\/media?parent=4855"}],"curies":[{"name":"wp","href":"https:\/\/api.w.org\/{rel}","templated":true}]}}