{"id":4854,"date":"2024-05-03T06:34:13","date_gmt":"2024-05-03T06:34:13","guid":{"rendered":"https:\/\/elfsight.com\/pl\/?page_id=4854"},"modified":"2024-11-14T12:44:02","modified_gmt":"2024-11-14T12:44:02","slug":"magento","status":"publish","type":"page","link":"https:\/\/elfsight.com\/pl\/countdown-timer-widget\/magento\/","title":{"rendered":"Countdown Timer &#8211; Magento"},"content":{"rendered":"<div class=\"application-platform-content-item-description application-platform-content-item\" id=\"description\" data-nav-section=\"description\"><h2>Opis<\/h2><p>Wy\u015bwietlaj liczniki czasu generuj\u0105ce sprzeda\u017c dla Twojej witryny dzi\u0119ki rozszerzeniu Elfsight Countdown. Podgrzej atmosfer\u0119 i wywo\u0142aj poczucie ograniczonej dost\u0119pno\u015bci swojego towaru, pokazuj\u0105c, jak szybko zostaje on zakupiony na oczach odbiorc\u00f3w. Przekonaj u\u017cytkownik\u00f3w do zakupu ju\u017c teraz, pokazuj\u0105c odliczanie okresu obowi\u0105zywania oferty specjalnej. Przyci\u0105gnij uwag\u0119 do swoich przysz\u0142ych wydarze\u0144 lub wakacji. Odliczaj do nich dni i spraw, aby Twoi odbiorcy nie mogli si\u0119 doczeka\u0107 ich rozpocz\u0119cia.<\/p><p><b>Spraw, aby Twoje przysz\u0142e wydarzenia i wyprzeda\u017ce nie mog\u0142y zosta\u0107 przeoczone i zwi\u0119ksz swoje zyski.<\/b><\/p><p> <b>Zach\u0119caj odbiorc\u00f3w do zakup\u00f3w, wzbudzaj\u0105c w nich poczucie pilno\u015bci. <\/b><br> Spraw, aby Twoi odbiorcy poczuli strach, \u017ce przegapi\u0105 Twoj\u0105 ofert\u0119 specjaln\u0105 lub wyprzeda\u017c wraz z up\u0142ywem czasu. B\u0119dzie to \u015bwietny bodziec do szybszych zakup\u00f3w i zwi\u0119kszy sprzeda\u017c na Twojej stronie.<\/p><p><b>Poka\u017c, \u017ce zapasy malej\u0105 i zwi\u0119ksz postrzegan\u0105 warto\u015b\u0107 i popularno\u015b\u0107 Twoich towar\u00f3w.<\/b><br> Wzbud\u017a poczucie rywalizacji o swoje produkty, pokazuj\u0105c, jak ro\u015bnie liczba sprzeda\u017cy i spada poziom zapas\u00f3w. Pozw\u00f3l u\u017cytkownikom poczu\u0107, \u017ce mog\u0105 przegapi\u0107 ofert\u0119 i spieszy\u0107 si\u0119, aby j\u0105 zdoby\u0107 ju\u017c teraz.<\/p><p><b>Przyci\u0105gnij wi\u0119ksz\u0105 uwag\u0119 do okresu wyprzeda\u017cy za pomoc\u0105 przyci\u0105gaj\u0105cego wzrok paska odliczania w \u015bwi\u0105tecznym stylu.<\/b> <br> Ustaw jasny pasek sprzeda\u017cy tematycznej na \u015bwi\u0119ta i specjalne wydarzenia. Doda \u015bwi\u0105tecznego nastroju Twojej witrynie i wypromuje Twoje dochodowe oferty, tak aby nikt nie m\u00f3g\u0142 ich przeoczy\u0107. Sprzedawaj wi\u0119cej w dochodowym sezonie.<\/p><div class=\"faq\" data-component=\"FAQ\"><div class=\"faq-item\">\r\n\t\t\t\t\t<div class=\"faq-item-question\">\r\n\t\t\t\t\t\t<h3 class=\"faq-item-question-text\">Jak doda\u0107 licznik czasu do strony Magento?<\/h3>\r\n\r\n\t\t\t\t\t\t<div class=\"faq-item-question-icon\"><\/div>\r\n\t\t\t\t\t<\/div>\r\n\r\n\t\t\t\t\t<div class=\"faq-item-answer\">\r\n\t\t\t\t\t\t<div class=\"faq-item-answer-text\"><p>Dodasz wtyczk\u0119 licznika czasu do strony kilka sekund. Nie musisz posiada\u0107 wiedzy z zakresu programowania sieciowego. <\/p><ol><li>Ureguluj rozszerzenie licznika czasu dla Magento w darmowym konfiguratorze. <\/li> <li>Kliknij kod, aby go otrzyma\u0107. <\/li> <li>Osad\u017a kod w wymaganym miejscu w szablonie Magento. <\/li> <li>Rozumiem! Integracja wtyczki licznika czasu na Magento dobieg\u0142a ko\u0144ca! <\/li><\/ol><p>Masz problemy z umieszczeniem wtyczki na stronie lub ustawieniem minutnika? Szczeg\u00f3\u0142owy przewodnik <a href=\"https:\/\/elfsight.com\/tutorials\/how-to-add-countdown-timer-to-any-website\/#magento-2-countdown-timer\">na tej stronie <\/a>. <\/p><\/div>\r\n\t\t\t\t\t<\/div>\r\n\t\t\t\t<\/div><div class=\"faq-item\">\r\n\t\t\t\t\t<div class=\"faq-item-question\">\r\n\t\t\t\t\t\t<h3 class=\"faq-item-question-text\">Czy jest szansa, aby zobaczy\u0107, jak wtyczka b\u0119dzie wygl\u0105da\u0107 na stronie internetowej?<\/h3>\r\n\r\n\t\t\t\t\t\t<div class=\"faq-item-question-icon\"><\/div>\r\n\t\t\t\t\t<\/div>\r\n\r\n\t\t\t\t\t<div class=\"faq-item-answer\">\r\n\t\t\t\t\t\t<div class=\"faq-item-answer-text\"><p>Absolutnie! Tworz\u0105c wtyczk\u0119 Magento Timer <a href=\"https:\/\/elfsight.com\/countdown-timer-widget\/#demo\">w edytorze online<\/a>, uwzgl\u0119dnisz wszystkie wersje w prawej cz\u0119\u015bci To. Twoje odliczanie b\u0119dzie wygl\u0105da\u0107 tak samo, jak na stronie Magento. <\/p><\/div>\r\n\t\t\t\t\t<\/div>\r\n\t\t\t\t<\/div><div class=\"faq-item\">\r\n\t\t\t\t\t<div class=\"faq-item-question\">\r\n\t\t\t\t\t\t<h3 class=\"faq-item-question-text\">Jakie inne wid\u017cety s\u0105 niezb\u0119dne w witrynie Magento?<\/h3>\r\n\r\n\t\t\t\t\t\t<div class=\"faq-item-question-icon\"><\/div>\r\n\t\t\t\t\t<\/div>\r\n\r\n\t\t\t\t\t<div class=\"faq-item-answer\">\r\n\t\t\t\t\t\t<div class=\"faq-item-answer-text\"><p>Magento jest u\u017cywane przez wielu do tworzenia anga\u017cuj\u0105cych mo\u017cliwo\u015bci zakup\u00f3w w witrynach e-commerce. Aby poprawi\u0107 wydajno\u015b\u0107 online i zwi\u0119kszy\u0107 wsp\u00f3\u0142czynniki konwersji, mo\u017cesz skorzysta\u0107 z wielu produkt\u00f3w Elfsight.<\/p><p>Dzi\u0119ki Elfsight <a href=\"https:\/\/elfsight.com\/whatsapp-chat-widget\/magento\/\">Czat WhatsApp <\/a> i przyciski <a href=\"https:\/\/elfsight.com\/facebook-chat-widget\/magento\/\">Czat na Facebooku<\/a> zwi\u0119kszysz sprzeda\u017c i usprawnisz komunikacj\u0119 z klientami dzi\u0119ki <a href=\"https:\/\/elfsight.com\/amazon-reviews-widget\/magento\/\">Amazon<\/a> i <a href=\"https:\/\/elfsight.com\/google-reviews-widget\/magento\/\">Google Recenzje<\/a>, dzi\u0119ki <a href=\"https:\/\/elfsight.com\/instagram-feed-instashow\/magento\/\">kana\u0142owi na Instagramie<\/a> mo\u017cesz dzieli\u0107 si\u0119 \u015bwietnymi opiniami na temat swoich obecnych klient\u00f3w pobior\u0119 wspania\u0142\u0105 galeri\u0119 zdj\u0119\u0107 z Twojego niesamowitego profilu.<\/p><\/div>\r\n\t\t\t\t\t<\/div>\r\n\t\t\t\t<\/div><\/div><\/div><div class=\"application-platform-content-item-features application-platform-content-item\" id=\"features\" data-nav-section=\"features\"><h2>Funkcje<\/h2><p>Klucz Funkcje Elfsight Countdown, kt\u00f3re go reorganizuj\u0105. Idealne rozwi\u0105zanie Magento do wstawiania rozszerzenia:<\/p><ul><li>Dwie akcje po zako\u0144czeniu timera: ukryj timer lub poka\u017c wiadomo\u015b\u0107;<\/li><li>Opcja otwarcia przycisku link w nowej karcie;<\/li><li>Edytowalny tekst komunikatu o zako\u0144czeniu timera;<\/li><li>Cztery warianty pozycji: statyczna g\u00f3ra, p\u0142ywaj\u0105ca g\u00f3ra lub d\u00f3\u0142 oraz pozycja niestandardowa;<\/li><li> Przejrzysty projekt zapewniaj\u0105cy bezproblemow\u0105 integracj\u0119 z dowoln\u0105 koncepcj\u0105 strony internetowej.<\/li><\/ul><p><a href=\"#demo\">Przetestuj wszystko<\/a><\/p><\/div><div class=\"application-platform-content-item- instalacja application-platform-content-item\" id=\" instalacja\" data-nav-section=\" instalacja\"><h2>Jak doda\u0107 licznik czasu do witryny Magento<\/h2><p>Wystarczy post\u0119powa\u0107 zgodnie z poni\u017cszymi wskaz\u00f3wkami, aby doda\u0107 narz\u0119dzie do Magento.<\/p> <ol><li><b>Wykonaj nasz\u0105 bezp\u0142atn\u0105 wersj\u0119 demonstracyjn\u0105 i zacznij tworzy\u0107 w\u0142asne rozszerzenie Timera. <\/b><br> Wybierz niestandardowy uk\u0142ad i charakterystyk\u0119 wid\u017cetu i zapisz poprawki. <\/li> <li><b>Odbierz osobisty kod widoczny w polu w aplikacjach Elfsight. <\/b><br> Po zako\u0144czeniu generowania osobistego rozszerzenia skopiuj ekskluzywny kod z wy\u015bwietlonego okna i zapisz go do p\u00f3\u017aniejszego wykorzystania. <\/li> <li><b>Rozpocznij korzystanie z narz\u0119dzia na stronie g\u0142\u00f3wnej Magento. <\/b><br> Zintegruj skopiowany wcze\u015bniej kod ze swoj\u0105 stron\u0105 g\u0142\u00f3wn\u0105 i zastosuj zmiany. <\/li> <li><b>Instalacja zosta\u0142a pomy\u015blnie przeprowadzona. <\/b><br> Przejd\u017a do swojej witryny i sprawd\u017a, jak dzia\u0142a rozszerzenie. <\/li><\/ol><p>Masz problemy z utworzeniem lub dostosowaniem wtyczki na stronie internetowej? Wy\u015blij swoje pytanie do naszego zespo\u0142u pomocy technicznej lub zapoznaj si\u0119 z nasz\u0105 <a href=\"https:\/\/elfsight.com\/tutorials\/how-to-add-countdown-timer-to-magento-website\/\" target=\"_blank\" rel=\"noopener noreferrer\">szczeg\u00f3\u0142owy samouczek<\/a>.<\/p><\/div>","protected":false},"excerpt":{"rendered":"","protected":false},"author":9,"featured_media":0,"parent":1879,"menu_order":0,"comment_status":"closed","ping_status":"closed","template":"templates\/template-application-platform.php","meta":{"publish_to_discourse":"","publish_post_category":"","wpdc_auto_publish_overridden":"","wpdc_topic_tags":"","wpdc_pin_topic":"","wpdc_pin_until":"","discourse_post_id":"","discourse_permalink":"","wpdc_publishing_response":"","wpdc_publishing_error":"","footnotes":""},"class_list":["post-4854","page","type-page","status-publish","hentry"],"yoast_head":"<!-- This site is optimized with the Yoast SEO plugin v25.3.1 - https:\/\/yoast.com\/wordpress\/plugins\/seo\/ -->\n<title>Najlepsze rozszerzenie Magento Countdown Timer dla strony internetowej (2026)<\/title>\n<meta name=\"description\" content=\"Przetestuj za darmo najlepsze rozszerzenie Countdown Timer dla Magento. \u0141atwa i szybka konfiguracja bez umiej\u0119tno\u015bci kodowania w zaledwie 2 minuty.\" \/>\n<meta name=\"robots\" content=\"index, follow, max-snippet:-1, max-image-preview:large, max-video-preview:-1\" \/>\n<link rel=\"canonical\" href=\"https:\/\/elfsight.com\/pl\/countdown-timer-widget\/magento\/\" \/>\n<meta property=\"og:locale\" content=\"pl_PL\" \/>\n<meta property=\"og:type\" content=\"article\" \/>\n<meta property=\"og:title\" content=\"Najlepsze rozszerzenie Magento Countdown Timer dla strony internetowej (2026)\" \/>\n<meta property=\"og:description\" content=\"Przetestuj za darmo najlepsze rozszerzenie Countdown Timer dla Magento. \u0141atwa i szybka konfiguracja bez umiej\u0119tno\u015bci kodowania w zaledwie 2 minuty.\" \/>\n<meta property=\"og:url\" content=\"https:\/\/elfsight.com\/pl\/countdown-timer-widget\/magento\/\" \/>\n<meta property=\"og:site_name\" content=\"Elfsight PL\" \/>\n<meta property=\"article:modified_time\" content=\"2024-11-14T12:44:02+00:00\" \/>\n<meta name=\"twitter:card\" content=\"summary_large_image\" \/>\n<meta name=\"twitter:label1\" content=\"Szacowany czas czytania\" \/>\n\t<meta name=\"twitter:data1\" content=\"4 minuty\" \/>\n<!-- \/ Yoast SEO plugin. -->","yoast_head_json":{"title":"Najlepsze rozszerzenie Magento Countdown Timer dla strony internetowej (2026)","description":"Przetestuj za darmo najlepsze rozszerzenie Countdown Timer dla Magento. \u0141atwa i szybka konfiguracja bez umiej\u0119tno\u015bci kodowania w zaledwie 2 minuty.","robots":{"index":"index","follow":"follow","max-snippet":"max-snippet:-1","max-image-preview":"max-image-preview:large","max-video-preview":"max-video-preview:-1"},"canonical":"https:\/\/elfsight.com\/pl\/countdown-timer-widget\/magento\/","og_locale":"pl_PL","og_type":"article","og_title":"Najlepsze rozszerzenie Magento Countdown Timer dla strony internetowej (2026)","og_description":"Przetestuj za darmo najlepsze rozszerzenie Countdown Timer dla Magento. \u0141atwa i szybka konfiguracja bez umiej\u0119tno\u015bci kodowania w zaledwie 2 minuty.","og_url":"https:\/\/elfsight.com\/pl\/countdown-timer-widget\/magento\/","og_site_name":"Elfsight PL","article_modified_time":"2024-11-14T12:44:02+00:00","twitter_card":"summary_large_image","twitter_misc":{"Szacowany czas czytania":"4 minuty"},"schema":{"@context":"https:\/\/schema.org","@graph":[{"@type":"WebPage","@id":"https:\/\/elfsight.com\/pl\/countdown-timer-widget\/magento\/","url":"https:\/\/elfsight.com\/pl\/countdown-timer-widget\/magento\/","name":"Najlepsze rozszerzenie Magento Countdown Timer dla strony internetowej (2026)","isPartOf":{"@id":"https:\/\/elfsight.com\/pl\/#website"},"datePublished":"2024-05-03T06:34:13+00:00","dateModified":"2024-11-14T12:44:02+00:00","description":"Przetestuj za darmo najlepsze rozszerzenie Countdown Timer dla Magento. \u0141atwa i szybka konfiguracja bez umiej\u0119tno\u015bci kodowania w zaledwie 2 minuty.","breadcrumb":{"@id":"https:\/\/elfsight.com\/pl\/countdown-timer-widget\/magento\/#breadcrumb"},"inLanguage":"pl-PL","potentialAction":[{"@type":"ReadAction","target":["https:\/\/elfsight.com\/pl\/countdown-timer-widget\/magento\/"]}]},{"@type":"BreadcrumbList","@id":"https:\/\/elfsight.com\/pl\/countdown-timer-widget\/magento\/#breadcrumb","itemListElement":[{"@type":"ListItem","position":1,"name":"Home","item":"https:\/\/elfsight.com\/pl\/"},{"@type":"ListItem","position":2,"name":"Countdown Timer","item":"https:\/\/elfsight.com\/pl\/countdown-timer-widget\/"},{"@type":"ListItem","position":3,"name":"Countdown Timer &#8211; Magento"}]},{"@type":"WebSite","@id":"https:\/\/elfsight.com\/pl\/#website","url":"https:\/\/elfsight.com\/pl\/","name":"Elfsight PL","description":"Just another Elfsight Sites site","potentialAction":[{"@type":"SearchAction","target":{"@type":"EntryPoint","urlTemplate":"https:\/\/elfsight.com\/pl\/?s={search_term_string}"},"query-input":{"@type":"PropertyValueSpecification","valueRequired":true,"valueName":"search_term_string"}}],"inLanguage":"pl-PL"}]}},"meta_box":{"industry":"","seo_heading":"","heading":"","description":"","cta_heading":"","cta_description":"","application":"1878","h1":"Rozszerzenie Magento Countdown Timer","h1_caption":"Ustaw odliczanie do wa\u017cnych wydarze\u0144 lub promocji, tworz\u0105c poczucie pilno\u015bci dla odwiedzaj\u0105cych Twoj\u0105 witryn\u0119 Magento.","application_category":[],"applications_title":"","applications_request_title":"","applications_request_button_text":"","hero_text":"","hero_video":"","hero_video_schema_markup":"","selling_points_title":"","selling_points_caption":"","selling_points":[],"selling_points_cta_text":"","features_title":"","features":"","ed_cta_examples_text":"","ed_cta_examples_hidden":"","ed_cta_demo_text":"","ed_cta_demo_hidden":"","why_caption":"","why_editor_title":"","why_editor_text":"","why_team_title":"","why_team_text":"","why_service_title":"","why_service_text":"","template_catalog_visible":"","template_catalog_title":"","template_catalog_text":"","template_catalog_categories_visible":"","demo_title":"Utw\u00f3rz rozszerzenie licznika czasu","demo_caption":"Skonfiguruj licznik czasu i dodaj go do swojej witryny Magento za darmo!","default_faq_hidden":"","app_template_category":[],"platform":"92","template_public_id":"","codecanyon_url":"","codecanyon_item_id":"","codecanyon_price":"","pricing_caption":"","pricing_elfsight_apps_hide_column":"","pricing_elfsight_apps_url":"","pricing_codecanyon_price_caption":"","integration_category":[],"integration_request_title":"","integration_request_cta":"","integration_platform":"","integrations":[],"platform_category":[],"video_schema_markup":"","price":"od 0 USD \/ miesi\u0105c","trial":"","benefits":[{"text":"Bezp\u0142atna pomoc w monta\u017cu"},{"text":"Wyj\u0105tkowe wsparcie"},{"text":"14-dniowa gwarancja zwrotu pieni\u0119dzy"}],"button_url":"#demo","button_target_blank":"","button_nofollow":"","attributes":[{"name":"Instaluje"},{"name":"Czu\u0142y"},{"name":"Kompatybilne przegl\u0105darki"}],"tags":[],"tags_disable_links":"","hide_more_platforms":"","video_object":"","demo_hide_cta":"","demo_hide_cloud_options":"","pricing_title":"","pricing":[{"pricing_icon":"platform","pricing_title":"Elfsight Apps","pricing_title_caption":"Rozwi\u0105zanie wieloplatformowe, kt\u00f3re dzia\u0142a na dowolnej witrynie","pricing_price":"od 0 USD \/ miesi\u0105c","pricing_price_caption":"zacznij od bezp\u0142atnego planu","pricing_benefits":[{"text":"Nielimitowane strony internetowe"},{"text":"Bezp\u0142atne i terminowe wsparcie"},{"text":"Bezp\u0142atna pomoc w instalacji"},{"text":"100% konfigurowalny"}],"pricing_button_text":"Dodaj do witryny","pricing_button_url":"#demo"}],"related_apps_title":"","related_apps_hidden":"","author":"","image":[],"title":"","job":"","social_networks":[]},"_links":{"self":[{"href":"https:\/\/elfsight.com\/pl\/wp-json\/wp\/v2\/pages\/4854","targetHints":{"allow":["GET"]}}],"collection":[{"href":"https:\/\/elfsight.com\/pl\/wp-json\/wp\/v2\/pages"}],"about":[{"href":"https:\/\/elfsight.com\/pl\/wp-json\/wp\/v2\/types\/page"}],"author":[{"embeddable":true,"href":"https:\/\/elfsight.com\/pl\/wp-json\/wp\/v2\/users\/9"}],"replies":[{"embeddable":true,"href":"https:\/\/elfsight.com\/pl\/wp-json\/wp\/v2\/comments?post=4854"}],"version-history":[{"count":1,"href":"https:\/\/elfsight.com\/pl\/wp-json\/wp\/v2\/pages\/4854\/revisions"}],"predecessor-version":[{"id":4858,"href":"https:\/\/elfsight.com\/pl\/wp-json\/wp\/v2\/pages\/4854\/revisions\/4858"}],"up":[{"embeddable":true,"href":"https:\/\/elfsight.com\/pl\/wp-json\/wp\/v2\/pages\/1879"}],"wp:attachment":[{"href":"https:\/\/elfsight.com\/pl\/wp-json\/wp\/v2\/media?parent=4854"}],"curies":[{"name":"wp","href":"https:\/\/api.w.org\/{rel}","templated":true}]}}