{"id":4848,"date":"2024-05-03T06:34:11","date_gmt":"2024-05-03T06:34:11","guid":{"rendered":"https:\/\/elfsight.com\/pl\/?page_id=4848"},"modified":"2024-11-14T12:43:52","modified_gmt":"2024-11-14T12:43:52","slug":"opencart","status":"publish","type":"page","link":"https:\/\/elfsight.com\/pl\/countdown-timer-widget\/opencart\/","title":{"rendered":"Countdown Timer &#8211; OpenCart"},"content":{"rendered":"<div class=\"application-platform-content-item-description application-platform-content-item\" id=\"description\" data-nav-section=\"description\"><h2>Opis<\/h2><p>Mo\u017cesz u\u017cy\u0107 rozszerzenia Elfsight Countdown, aby zaprojektowa\u0107 w\u0142asne liczniki i timery, kt\u00f3re zach\u0119c\u0105 klient\u00f3w do cz\u0119stszych zakup\u00f3w Na twojej stronie. Liczba zapas\u00f3w lub sprzeda\u017cy zbuduje poczucie ograniczonej dost\u0119pno\u015bci i konkurencji; Odliczanie wyprzeda\u017cy zach\u0119ci kupuj\u0105cych do zakupu przed zako\u0144czeniem wyprzeda\u017cy. Indywidualne odliczanie zach\u0119ci ka\u017cdego klienta do szybszego skorzystania z indywidualnej oferty; banery \u015bwi\u0105tecznej wyprzeda\u017cy dzi\u0119ki tematycznej dekoracji zwr\u00f3c\u0105 wi\u0119ksz\u0105 uwag\u0119 na Twoje towary.<\/p><p><b>Zwi\u0119ksz entuzjazm zakupowy i popchnij odwiedzaj\u0105cych do cz\u0119stszych zakup\u00f3w.<\/b><\/p><p><b>Inspiruj odbiorc\u00f3w do zakupu w Twojej witrynie, wywo\u0142uj\u0105c poczucie pilno\u015bci.<\/b><br> Spraw, aby Twoi odbiorcy poczuli strach przed utrat\u0105 zyskownej oferty i sprzeda\u017cy w miar\u0119 up\u0142ywu czasu. Dzi\u0119ki temu u\u017cytkownicy b\u0119d\u0105 kupowa\u0107 szybciej i zwi\u0119ksza\u0107 sprzeda\u017c w Twojej witrynie.<\/p><p><b>Wyka\u017c, \u017ce zapasy spadaj\u0105, aby zwi\u0119kszy\u0107 warto\u015b\u0107 produkt\u00f3w.<\/b><br> Stw\u00f3rz poczucie konkurencji dla swojej witryny oferty, pokazuj\u0105c, jak ro\u015bnie liczba zakup\u00f3w, a zapasy malej\u0105. Postrzegana warto\u015b\u0107 przedmiot\u00f3w wzro\u015bnie, a klienci te\u017c b\u0119d\u0105 chcieli je kupi\u0107.<\/p><p><b>Zwr\u00f3\u0107 wi\u0119ksz\u0105 uwag\u0119 na sprzeda\u017c za pomoc\u0105 jasnego paska czasowego w \u015bwi\u0105tecznym stylu.<\/b><br> Dzi\u0119ki za pomoc\u0105 przyci\u0105gaj\u0105cych wzrok pask\u00f3w tematycznych mo\u017cesz zaprezentowa\u0107 swoje sezonowe oferty specjalne i wyprzeda\u017ce. Wykorzystaj maksimum sezonu, aby zwi\u0119kszy\u0107 sprzeda\u017c w swojej witrynie.<\/p><\/div><div class=\"application-platform-content-item-features application-platform-content-item\" id=\"features\" data-nav-section=\"features\"><h2>Funkcje<\/h2><p>Oto cechy, kt\u00f3re sprawiaj\u0105, \u017ce nasze rozszerzenie jest optymalne wyb\u00f3r dla witryny OpenCart:<\/p><ul><li>Licznik w g\u00f3r\u0119 i w d\u00f3\u0142;<\/li><li>Edytowalny tekst przycisku;<\/li><li>Edytowalny tekst komunikatu o zako\u0144czeniu timera;<\/li><li>Mo\u017cliwo\u015b\u0107 zmiany koloru timera, przycisku, etykiet i komunikatu;<\/li><li>Przejrzysty projekt zapewniaj\u0105cy bezproblemow\u0105 integracj\u0119 z dowoln\u0105 koncepcj\u0105 strony internetowej.<\/li><\/ul><a href=\"#demo\">Odkryj pe\u0142en zestaw zalet w wersji demonstracyjnej!<\/a><\/div><div class=\"application-platform-content-item-installation application-platform-content-item\" id=\"installation\" data-nav-section=\"installation\"><h2>Jak doda\u0107 licznik czasu do witryny OpenCart<\/h2><p>Wystarczy post\u0119powa\u0107 zgodnie z poni\u017cszymi wskaz\u00f3wkami, aby osadzi\u0107 narz\u0119dzie na platformie OpenCart.<\/p> <ol><li><b>Skorzystaj z naszego bezp\u0142atnego konfiguratora i zacznij tworzy\u0107 w\u0142asny widget. <\/b><br> Znajd\u017a preferowany interfejs i opcje wid\u017cetu i zastosuj poprawki. <\/li> <li><b>Skopiuj sw\u00f3j indywidualny kod pokazany w oknie aplikacji Elfsight. <\/b><br> Po zako\u0144czeniu konfiguracji licznika czasu skopiuj kod osobisty z wy\u015bwietlonego wyskakuj\u0105cego okienka i zapisz go na przysz\u0142o\u015b\u0107. <\/li> <li><b>Zaanga\u017cuj si\u0119 w korzystanie z wid\u017cetu na swojej stronie OpenCart. <\/b><br> Wklej ostatnio skopiowany kod na swoj\u0105 stron\u0119 i zastosuj modyfikacje. <\/li> <li><b>Gotowe! Integracja zosta\u0142a pomy\u015blnie przeprowadzona. <\/b><br> Przejd\u017a na swoj\u0105 stron\u0119, aby zobaczy\u0107 dzia\u0142anie wid\u017cetu. <\/li><\/ol> <p>W przypadku problem\u00f3w z utworzeniem rozszerzenia lub jego ustawieniami mo\u017cesz skontaktowa\u0107 si\u0119 z naszym zespo\u0142em wsparcia. Mo\u017cesz te\u017c przeczyta\u0107 <a href=\"https:\/\/elfsight.com\/tutorials\/how-to-add-countdown-timer-to-opencart\/\" target=\"_blank\" rel=\"noopener noreferrer\">szczeg\u00f3\u0142owy samouczek<\/a>.<\/p><div class=\"faq\" data-component=\"FAQ\"> <div class=\"faq-item\">\r\n\t\t\t\t\t<div class=\"faq-item-question\">\r\n\t\t\t\t\t\t<h3 class=\"faq-item-question-text\">Jak doda\u0107 licznik czasu do mojej witryny OpenCart bez umiej\u0119tno\u015bci kodowania?<\/h3>\r\n\r\n\t\t\t\t\t\t<div class=\"faq-item-question-icon\"><\/div>\r\n\t\t\t\t\t<\/div>\r\n\r\n\t\t\t\t\t<div class=\"faq-item-answer\">\r\n\t\t\t\t\t\t<div class=\"faq-item-answer-text\"> <p>Elfsight zapewnia rozwi\u0105zanie SaaS, kt\u00f3re umo\u017cliwia samodzielne utworzenie wid\u017cetu licznika czasu, przekonaj si\u0119, jak \u0142atwy jest ten proces: Pracuj bezpo\u015brednio w edytorze online, aby utworzy\u0107 wid\u017cet licznika czasu, kt\u00f3ry chcia\u0142by\u015b zobaczy\u0107 na swojej stronie OpenCart. Wybierz jeden z gotowych szablon\u00f3w i dostosuj ustawienia licznika czasu, dodaj tre\u015b\u0107, zmie\u0144 uk\u0142ad i schemat kolor\u00f3w bez umiej\u0119tno\u015bci kodowania. Zapisz licznik czasu i skopiuj jego kod instalacyjny, kt\u00f3ry mo\u017cesz \u0142atwo osadzi\u0107 na swojej stronie OpenCart bez konieczno\u015bci zakupu p\u0142atnej subskrypcji. Dzi\u0119ki naszemu intuicyjnemu edytorowi ka\u017cdy u\u017cytkownik Internetu mo\u017ce stworzy\u0107 wid\u017cet Minutnik online i \u0142atwo osadzi\u0107 go na swojej stronie internetowej OpenCart. Aby uzyska\u0107 dost\u0119p do us\u0142ugi, nie trzeba p\u0142aci\u0107 ani wprowadza\u0107 danych uwierzytelniaj\u0105cych karty. Je\u015bli na kt\u00f3rymkolwiek etapie napotkasz jakiekolwiek problemy, skontaktuj si\u0119 z naszym zespo\u0142em pomocy technicznej.<\/p> <\/div>\r\n\t\t\t\t\t<\/div>\r\n\t\t\t\t<\/div> <\/div> <\/div>","protected":false},"excerpt":{"rendered":"","protected":false},"author":9,"featured_media":0,"parent":1879,"menu_order":0,"comment_status":"closed","ping_status":"closed","template":"templates\/template-application-platform.php","meta":{"publish_to_discourse":"","publish_post_category":"","wpdc_auto_publish_overridden":"","wpdc_topic_tags":"","wpdc_pin_topic":"","wpdc_pin_until":"","discourse_post_id":"","discourse_permalink":"","wpdc_publishing_response":"","wpdc_publishing_error":"","footnotes":""},"class_list":["post-4848","page","type-page","status-publish","hentry"],"yoast_head":"<!-- This site is optimized with the Yoast SEO plugin v25.3.1 - https:\/\/yoast.com\/wordpress\/plugins\/seo\/ -->\n<title>Najlepsze rozszerzenie licznika czasu OpenCart dla witryny internetowej (2026)<\/title>\n<meta name=\"description\" content=\"Przetestuj teraz rozszerzenie Elfsight Countdown Timer dla OpenCart. Stw\u00f3rz indywidualnie zaprojektowane ikony dla swojej witryny w zaledwie kilka minut!\" \/>\n<meta name=\"robots\" content=\"index, follow, max-snippet:-1, max-image-preview:large, max-video-preview:-1\" \/>\n<link rel=\"canonical\" href=\"https:\/\/elfsight.com\/pl\/countdown-timer-widget\/opencart\/\" \/>\n<meta property=\"og:locale\" content=\"pl_PL\" \/>\n<meta property=\"og:type\" content=\"article\" \/>\n<meta property=\"og:title\" content=\"Najlepsze rozszerzenie licznika czasu OpenCart dla witryny internetowej (2026)\" \/>\n<meta property=\"og:description\" content=\"Przetestuj teraz rozszerzenie Elfsight Countdown Timer dla OpenCart. Stw\u00f3rz indywidualnie zaprojektowane ikony dla swojej witryny w zaledwie kilka minut!\" \/>\n<meta property=\"og:url\" content=\"https:\/\/elfsight.com\/pl\/countdown-timer-widget\/opencart\/\" \/>\n<meta property=\"og:site_name\" content=\"Elfsight PL\" \/>\n<meta property=\"article:modified_time\" content=\"2024-11-14T12:43:52+00:00\" \/>\n<meta name=\"twitter:card\" content=\"summary_large_image\" \/>\n<meta name=\"twitter:label1\" content=\"Szacowany czas czytania\" \/>\n\t<meta name=\"twitter:data1\" content=\"3 minuty\" \/>\n<!-- \/ Yoast SEO plugin. -->","yoast_head_json":{"title":"Najlepsze rozszerzenie licznika czasu OpenCart dla witryny internetowej (2026)","description":"Przetestuj teraz rozszerzenie Elfsight Countdown Timer dla OpenCart. Stw\u00f3rz indywidualnie zaprojektowane ikony dla swojej witryny w zaledwie kilka minut!","robots":{"index":"index","follow":"follow","max-snippet":"max-snippet:-1","max-image-preview":"max-image-preview:large","max-video-preview":"max-video-preview:-1"},"canonical":"https:\/\/elfsight.com\/pl\/countdown-timer-widget\/opencart\/","og_locale":"pl_PL","og_type":"article","og_title":"Najlepsze rozszerzenie licznika czasu OpenCart dla witryny internetowej (2026)","og_description":"Przetestuj teraz rozszerzenie Elfsight Countdown Timer dla OpenCart. Stw\u00f3rz indywidualnie zaprojektowane ikony dla swojej witryny w zaledwie kilka minut!","og_url":"https:\/\/elfsight.com\/pl\/countdown-timer-widget\/opencart\/","og_site_name":"Elfsight PL","article_modified_time":"2024-11-14T12:43:52+00:00","twitter_card":"summary_large_image","twitter_misc":{"Szacowany czas czytania":"3 minuty"},"schema":{"@context":"https:\/\/schema.org","@graph":[{"@type":"WebPage","@id":"https:\/\/elfsight.com\/pl\/countdown-timer-widget\/opencart\/","url":"https:\/\/elfsight.com\/pl\/countdown-timer-widget\/opencart\/","name":"Najlepsze rozszerzenie licznika czasu OpenCart dla witryny internetowej (2026)","isPartOf":{"@id":"https:\/\/elfsight.com\/pl\/#website"},"datePublished":"2024-05-03T06:34:11+00:00","dateModified":"2024-11-14T12:43:52+00:00","description":"Przetestuj teraz rozszerzenie Elfsight Countdown Timer dla OpenCart. Stw\u00f3rz indywidualnie zaprojektowane ikony dla swojej witryny w zaledwie kilka minut!","breadcrumb":{"@id":"https:\/\/elfsight.com\/pl\/countdown-timer-widget\/opencart\/#breadcrumb"},"inLanguage":"pl-PL","potentialAction":[{"@type":"ReadAction","target":["https:\/\/elfsight.com\/pl\/countdown-timer-widget\/opencart\/"]}]},{"@type":"BreadcrumbList","@id":"https:\/\/elfsight.com\/pl\/countdown-timer-widget\/opencart\/#breadcrumb","itemListElement":[{"@type":"ListItem","position":1,"name":"Home","item":"https:\/\/elfsight.com\/pl\/"},{"@type":"ListItem","position":2,"name":"Countdown Timer","item":"https:\/\/elfsight.com\/pl\/countdown-timer-widget\/"},{"@type":"ListItem","position":3,"name":"Countdown Timer &#8211; OpenCart"}]},{"@type":"WebSite","@id":"https:\/\/elfsight.com\/pl\/#website","url":"https:\/\/elfsight.com\/pl\/","name":"Elfsight PL","description":"Just another Elfsight Sites site","potentialAction":[{"@type":"SearchAction","target":{"@type":"EntryPoint","urlTemplate":"https:\/\/elfsight.com\/pl\/?s={search_term_string}"},"query-input":{"@type":"PropertyValueSpecification","valueRequired":true,"valueName":"search_term_string"}}],"inLanguage":"pl-PL"}]}},"meta_box":{"industry":"","seo_heading":"","heading":"","description":"","cta_heading":"","cta_description":"","application":"1878","h1":"Rozszerzenie licznika czasu OpenCart","h1_caption":"Ustaw odliczanie do wa\u017cnych wydarze\u0144 lub promocji, tworz\u0105c poczucie pilno\u015bci dla odwiedzaj\u0105cych Twoj\u0105 witryn\u0119 Opencart.","application_category":[],"applications_title":"","applications_request_title":"","applications_request_button_text":"","hero_text":"","hero_video":"","hero_video_schema_markup":"","selling_points_title":"","selling_points_caption":"","selling_points":[],"selling_points_cta_text":"","features_title":"","features":"","ed_cta_examples_text":"","ed_cta_examples_hidden":"","ed_cta_demo_text":"","ed_cta_demo_hidden":"","why_caption":"","why_editor_title":"","why_editor_text":"","why_team_title":"","why_team_text":"","why_service_title":"","why_service_text":"","template_catalog_visible":"","template_catalog_title":"","template_catalog_text":"","template_catalog_categories_visible":"","demo_title":"Utw\u00f3rz rozszerzenie licznika czasu","demo_caption":"Skonfiguruj sw\u00f3j licznik czasu i dodaj go do swojej witryny OpenCart za darmo!","default_faq_hidden":"","app_template_category":[],"platform":"107","template_public_id":"","codecanyon_url":"","codecanyon_item_id":"","codecanyon_price":"","pricing_caption":"","pricing_elfsight_apps_hide_column":"","pricing_elfsight_apps_url":"","pricing_codecanyon_price_caption":"","integration_category":[],"integration_request_title":"","integration_request_cta":"","integration_platform":"","integrations":[],"platform_category":[],"video_schema_markup":"","price":"od 0 USD \/ miesi\u0105c","trial":"","benefits":[{"text":"Bezp\u0142atna pomoc w instalacji"},{"text":"Wsparcie premium"},{"text":"14-dniowa gwarancja zwrotu pieni\u0119dzy"}],"button_url":"#demo","button_target_blank":"","button_nofollow":"","attributes":[{"name":"Instaluje"},{"name":"Czu\u0142y"},{"name":"Kompatybilne przegl\u0105darki"}],"tags":[],"tags_disable_links":"","hide_more_platforms":"","video_object":"","demo_hide_cta":"","demo_hide_cloud_options":"","pricing_title":"","pricing":[{"pricing_icon":"cloud","pricing_title":"Elfsight Apps","pricing_title_caption":"Oprogramowanie niezale\u017cne od platformy, kt\u00f3re pasuje do ka\u017cdej witryny internetowej","pricing_price":"od 0 USD \/ miesi\u0105c","pricing_price_caption":"zacznij od bezp\u0142atnego planu","pricing_benefits":[{"text":"Nielimitowane strony internetowe"},{"text":"Szybkie i terminowe wsparcie"},{"text":"Bezp\u0142atna pomoc w instalacji"},{"text":"Elastyczny projekt"}],"pricing_button_text":"Dodaj do witryny","pricing_button_url":"#demo"}],"related_apps_title":"","related_apps_hidden":"","author":"","image":[],"title":"","job":"","social_networks":[]},"_links":{"self":[{"href":"https:\/\/elfsight.com\/pl\/wp-json\/wp\/v2\/pages\/4848","targetHints":{"allow":["GET"]}}],"collection":[{"href":"https:\/\/elfsight.com\/pl\/wp-json\/wp\/v2\/pages"}],"about":[{"href":"https:\/\/elfsight.com\/pl\/wp-json\/wp\/v2\/types\/page"}],"author":[{"embeddable":true,"href":"https:\/\/elfsight.com\/pl\/wp-json\/wp\/v2\/users\/9"}],"replies":[{"embeddable":true,"href":"https:\/\/elfsight.com\/pl\/wp-json\/wp\/v2\/comments?post=4848"}],"version-history":[{"count":1,"href":"https:\/\/elfsight.com\/pl\/wp-json\/wp\/v2\/pages\/4848\/revisions"}],"predecessor-version":[{"id":4852,"href":"https:\/\/elfsight.com\/pl\/wp-json\/wp\/v2\/pages\/4848\/revisions\/4852"}],"up":[{"embeddable":true,"href":"https:\/\/elfsight.com\/pl\/wp-json\/wp\/v2\/pages\/1879"}],"wp:attachment":[{"href":"https:\/\/elfsight.com\/pl\/wp-json\/wp\/v2\/media?parent=4848"}],"curies":[{"name":"wp","href":"https:\/\/api.w.org\/{rel}","templated":true}]}}