{"id":4847,"date":"2024-05-03T06:34:10","date_gmt":"2024-05-03T06:34:10","guid":{"rendered":"https:\/\/elfsight.com\/pl\/?page_id=4847"},"modified":"2025-11-19T15:10:02","modified_gmt":"2025-11-19T15:10:02","slug":"shopify","status":"publish","type":"page","link":"https:\/\/elfsight.com\/pl\/countdown-timer-widget\/shopify\/","title":{"rendered":"Countdown Timer &#8211; Shopify"},"content":{"rendered":"\n<div class=\"application-platform-content-item-description application-platform-content-item\" id=\"description\" data-nav-section=\"description\">\n<h2>Osad\u017a licznik czasu w Shopify za pomoc\u0105 wid\u017cetu Elfsight<\/h2>\n<p>U\u017cyj aplikacji Elfsight Countdown do projektowania r\u00f3\u017cnych licznik\u00f3w i timer\u00f3w, kt\u00f3re zach\u0119caj\u0105 odwiedzaj\u0105cych, kt\u00f3rzy chc\u0105 kupowa\u0107 szybciej i wi\u0119cej. Liczba zapas\u00f3w lub sprzeda\u017cy wywo\u0142a poczucie niedoboru i konkurencji; odliczanie sprzeda\u017cy zainspiruje u\u017cytkownik\u00f3w do zakupu, zanim strac\u0105 zyskown\u0105 transakcj\u0119. Indywidualne odliczanie pobudzi ka\u017cdego klienta do szybszego skorzystania z indywidualnej oferty; Paski wyprzeda\u017cy \u015bwi\u0105tecznej przyci\u0105gn\u0105 maksymaln\u0105 uwag\u0119 dzi\u0119ki jasnemu stylowi motywu.<\/p>\n<p><b>Zwi\u0119ksz sprzeda\u017c w Internecie za pomoc\u0105 licznik\u00f3w czasu i licznik\u00f3w buduj\u0105cych pilno\u015b\u0107.<\/b><\/p>\n<p><b>Inspiruj klient\u00f3w do zakupu, wywo\u0142uj\u0105c poczucie pilno\u015bci.<\/b><br> Ustaw liczniki odliczaj\u0105ce czas do ko\u0144ca wyprzeda\u017cy i ofert specjalnych. Wywo\u0142aj\u0105 poczucie pilno\u015bci i zach\u0119c\u0105 odbiorc\u00f3w do wcze\u015bniejszego podj\u0119cia decyzji o zakupie.<\/p>\n<p><b>Poka\u017c, \u017ce zapasy szybko si\u0119 zmniejszaj\u0105, aby podnie\u015b\u0107 postrzegan\u0105 warto\u015b\u0107 produkt\u00f3w.<\/b><br> Zademonstruj, \u017ce Twoje oferty ciesz\u0105 si\u0119 popularno\u015bci\u0105, a stany magazynowe szybko si\u0119 zmniejszaj\u0105 dzi\u0119ki specjalnej inwentaryzacji. Sprawi, \u017ce u\u017cytkownicy b\u0119d\u0105 bardziej ceni\u0107 te przedmioty i stan\u0105 si\u0119 zazdro\u015bni o ich zakup.<\/p>\n<p><b>Zwr\u00f3\u0107 wi\u0119ksz\u0105 uwag\u0119 na swoj\u0105 \u015bwi\u0105teczn\u0105 wyprzeda\u017c za pomoc\u0105 przyci\u0105gaj\u0105cego wzrok paska odliczania o tematyce \u015bwi\u0105tecznej.<\/b><br> Skonfiguruj atrakcyjny tematyczny pasek sprzeda\u017cy na czas wakacji. Stworzy atmosfer\u0119 \u015bwi\u0119towania i b\u0119dzie promowa\u0107 Twoje oferty specjalne, kt\u00f3re pomog\u0105 Ci zwi\u0119kszy\u0107 sprzeda\u017c w dochodowym sezonie.<\/p>\n<\/div>\n\n<div class=\"application-platform-content-item-features application-platform-content-item\" id=\"features\" data-nav-section=\"features\">\n<h2>G\u0142\u00f3wne funkcje wid\u017cetu Minutnik<\/h2>\n<p>Licznik odliczaj\u0105cy Shopify jest doskona\u0142y ze wzgl\u0119du na elastyczne ustawienia, kt\u00f3re pomagaj\u0105 firmom w r\u00f3\u017cnych scenariuszach. Zobacz, jakie funkcje sprawiaj\u0105, \u017ce Elfsight Countdown jest najcenniejsz\u0105 aplikacj\u0105 dla ka\u017cdej witryny Shopify.<\/p>\n<ul>\n    <li>Dwie akcje po zako\u0144czeniu timera: ukryj timer lub poka\u017c wiadomo\u015b\u0107;<\/li>\n    <li>Edytowalny tekst przycisku;<\/li>\n    <li>Edytowalne etykiety jednostek czasu;<\/li>\n    <li>Opcja zmiany koloru timera, przycisku, etykiet i komunikatu;<\/li>\n    <li>Mo\u017cliwo\u015b\u0107 dostosowania rozmiar\u00f3w timera i przycisku.<\/li>\n<\/ul>\n<a href=\"#demo\">Wi\u0119cej funkcji w edytorze Elfsight<\/a>\n<\/div>\n\n<div class=\"application-platform-content-item-installation application-platform-content-item\" id=\"installation\" data-nav-section=\"installation\">\n<h2>Jak doda\u0107 licznik czasu do witryny Shopify<\/h2>\n<div class=\"video-container\">\n<iframe width=\"720\" height=\"405\" src=\"https:\/\/www.youtube.com\/embed\/zv0oZ4POvzw?si=XtxMJURalda9-8wC\" frameborder=\"0\" allowfullscreen=\"\"><\/iframe>\n<\/div>\n<p>Ca\u0142kowity czas instalacji wynosi tylko 80 sekund, a ponadto nie potrzebujesz do\u015bwiadczenia w programowaniu internetowym, aby uzyska\u0107 niestandardowy licznik czasu Shopify.<\/p>\n<ol>\n    <li><b>Otw\u00f3rz naszego bezp\u0142atnego edytora i zacznij tworzy\u0107 w\u0142asn\u0105 aplikacj\u0119.<\/b><br> Znajd\u017a preferowany uk\u0142ad i aspekty aplikacji i zastosuj wszystkie poprawki.<\/li>\n    <li><b>Odbierz sw\u00f3j unikalny kod widoczny w pude\u0142ku w aplikacjach Elfsight.<\/b><br> Po skonfigurowaniu aplikacji osobistej skopiuj kod osobisty z wy\u015bwietlonego pola i zapisz go do dalszego wykorzystania.<\/li>\n    <li><b>Rozpocznij stosowanie aplikacji w witrynie Shopify.<\/b><br> Zaimplementuj zapisany ostatnio kod na swojej stronie i zastosuj poprawki.<\/li>\n    <li><b>Gotowe! Konfiguracja zosta\u0142a ca\u0142kowicie zako\u0144czona.<\/b><br> Otw\u00f3rz swoj\u0105 stron\u0119 internetow\u0105, aby sprawdzi\u0107 dzia\u0142anie aplikacji.<\/li>\n<\/ol>\n<p>Masz problemy z instalacj\u0105 lub dostosowywaniem wid\u017cetu? Napisz wiadomo\u015b\u0107 do naszego zespo\u0142u pomocy technicznej lub zapoznaj si\u0119 z nasz\u0105 <a href=\"https:\/\/elfsight.com\/blog\/how-to-add-countdown-timer-to-shopify-for-free\/\" target=\"_blank\" rel=\"noopener noreferrer\">samouczki dotycz\u0105ce dodawania licznika czasu do Shopify<\/a>.<\/p>\n<\/div>\n\n<div class=\"faq\" data-component=\"FAQ\">\n<div class=\"faq-item\">\r\n\t\t\t\t\t<div class=\"faq-item-question\">\r\n\t\t\t\t\t\t<h3 class=\"faq-item-question-text\">Najlepsze przyk\u0142ady u\u017cycia Integracja z zegarem odliczaj\u0105cym<\/h3>\r\n\r\n\t\t\t\t\t\t<div class=\"faq-item-question-icon\"><\/div>\r\n\t\t\t\t\t<\/div>\r\n\r\n\t\t\t\t\t<div class=\"faq-item-answer\">\r\n\t\t\t\t\t\t<div class=\"faq-item-answer-text\">\n<p>Zapewniamy szerok\u0105 gam\u0119 mo\u017cliwo\u015bci personalizacji: pe\u0142nowymiarowe wid\u017cety do wstawiania w obszarze zawarto\u015bci, p\u0142ywaj\u0105ce wid\u017cety z funkcj\u0105 przewijania, miniatury stopki, sekcji nag\u0142\u00f3wka i wszelkiego rodzaju pionowe mo\u017cliwo\u015bci pask\u00f3w bocznych i menu.<\/p>\n<\/div>\r\n\t\t\t\t\t<\/div>\r\n\t\t\t\t<\/div>\n<div class=\"faq-item\">\r\n\t\t\t\t\t<div class=\"faq-item-question\">\r\n\t\t\t\t\t\t<h3 class=\"faq-item-question-text\">Czy istnieje mo\u017cliwo\u015b\u0107 zbudowania licznika odliczania Fomo lub licznika niedoboru za pomoc\u0105 edytora?<\/h3>\r\n\r\n\t\t\t\t\t\t<div class=\"faq-item-question-icon\"><\/div>\r\n\t\t\t\t\t<\/div>\r\n\r\n\t\t\t\t\t<div class=\"faq-item-answer\">\r\n\t\t\t\t\t\t<div class=\"faq-item-answer-text\">\n<p>Mo\u017cesz kszta\u0142towa\u0107 modyfikacje dowolnego wid\u017cetu. W edytorze dost\u0119pnych jest wiele uk\u0142ad\u00f3w, a ka\u017cdy z nich mo\u017cna szybko dostosowa\u0107 do w\u0142asnych potrzeb.<\/p>\n<\/div>\r\n\t\t\t\t\t<\/div>\r\n\t\t\t\t<\/div>\n<\/div>\n","protected":false},"excerpt":{"rendered":"","protected":false},"author":9,"featured_media":0,"parent":1879,"menu_order":0,"comment_status":"closed","ping_status":"closed","template":"templates\/template-application-platform.php","meta":{"publish_to_discourse":"","publish_post_category":"","wpdc_auto_publish_overridden":"","wpdc_topic_tags":"","wpdc_pin_topic":"","wpdc_pin_until":"","discourse_post_id":"","discourse_permalink":"","wpdc_publishing_response":"","wpdc_publishing_error":"","footnotes":""},"class_list":["post-4847","page","type-page","status-publish","hentry"],"yoast_head":"<!-- This site is optimized with the Yoast SEO plugin v25.3.1 - https:\/\/yoast.com\/wordpress\/plugins\/seo\/ -->\n<title>Wid\u017cet licznika czasu Shopify \u2014 dodaj licznik czasu do witryny Shopify [ 2025 ]<\/title>\n<meta name=\"description\" content=\"Dowiedz si\u0119, jak bezp\u0142atnie doda\u0107 licznik czasu do Shopify. Skorzystaj z najlepszej aplikacji stopera Shopify, aby zwi\u0119kszy\u0107 pilno\u015b\u0107 sprzeda\u017cy produkt\u00f3w w swojej witrynie.\" \/>\n<meta name=\"robots\" content=\"index, follow, max-snippet:-1, max-image-preview:large, max-video-preview:-1\" \/>\n<link rel=\"canonical\" href=\"https:\/\/elfsight.com\/pl\/countdown-timer-widget\/shopify\/\" \/>\n<meta property=\"og:locale\" content=\"pl_PL\" \/>\n<meta property=\"og:type\" content=\"article\" \/>\n<meta property=\"og:title\" content=\"Wid\u017cet licznika czasu Shopify \u2014 dodaj licznik czasu do witryny Shopify [ 2025 ]\" \/>\n<meta property=\"og:description\" content=\"Dowiedz si\u0119, jak bezp\u0142atnie doda\u0107 licznik czasu do Shopify. Skorzystaj z najlepszej aplikacji stopera Shopify, aby zwi\u0119kszy\u0107 pilno\u015b\u0107 sprzeda\u017cy produkt\u00f3w w swojej witrynie.\" \/>\n<meta property=\"og:url\" content=\"https:\/\/elfsight.com\/pl\/countdown-timer-widget\/shopify\/\" \/>\n<meta property=\"og:site_name\" content=\"Elfsight PL\" \/>\n<meta property=\"article:modified_time\" content=\"2025-11-19T15:10:02+00:00\" \/>\n<meta name=\"twitter:card\" content=\"summary_large_image\" \/>\n<meta name=\"twitter:label1\" content=\"Szacowany czas czytania\" \/>\n\t<meta name=\"twitter:data1\" content=\"3 minuty\" \/>\n<!-- \/ Yoast SEO plugin. -->","yoast_head_json":{"title":"Wid\u017cet licznika czasu Shopify \u2014 dodaj licznik czasu do witryny Shopify [ 2025 ]","description":"Dowiedz si\u0119, jak bezp\u0142atnie doda\u0107 licznik czasu do Shopify. Skorzystaj z najlepszej aplikacji stopera Shopify, aby zwi\u0119kszy\u0107 pilno\u015b\u0107 sprzeda\u017cy produkt\u00f3w w swojej witrynie.","robots":{"index":"index","follow":"follow","max-snippet":"max-snippet:-1","max-image-preview":"max-image-preview:large","max-video-preview":"max-video-preview:-1"},"canonical":"https:\/\/elfsight.com\/pl\/countdown-timer-widget\/shopify\/","og_locale":"pl_PL","og_type":"article","og_title":"Wid\u017cet licznika czasu Shopify \u2014 dodaj licznik czasu do witryny Shopify [ 2025 ]","og_description":"Dowiedz si\u0119, jak bezp\u0142atnie doda\u0107 licznik czasu do Shopify. Skorzystaj z najlepszej aplikacji stopera Shopify, aby zwi\u0119kszy\u0107 pilno\u015b\u0107 sprzeda\u017cy produkt\u00f3w w swojej witrynie.","og_url":"https:\/\/elfsight.com\/pl\/countdown-timer-widget\/shopify\/","og_site_name":"Elfsight PL","article_modified_time":"2025-11-19T15:10:02+00:00","twitter_card":"summary_large_image","twitter_misc":{"Szacowany czas czytania":"3 minuty"},"schema":{"@context":"https:\/\/schema.org","@graph":[{"@type":"WebPage","@id":"https:\/\/elfsight.com\/pl\/countdown-timer-widget\/shopify\/","url":"https:\/\/elfsight.com\/pl\/countdown-timer-widget\/shopify\/","name":"Wid\u017cet licznika czasu Shopify \u2014 dodaj licznik czasu do witryny Shopify [ 2025 ]","isPartOf":{"@id":"https:\/\/elfsight.com\/pl\/#website"},"datePublished":"2024-05-03T06:34:10+00:00","dateModified":"2025-11-19T15:10:02+00:00","description":"Dowiedz si\u0119, jak bezp\u0142atnie doda\u0107 licznik czasu do Shopify. Skorzystaj z najlepszej aplikacji stopera Shopify, aby zwi\u0119kszy\u0107 pilno\u015b\u0107 sprzeda\u017cy produkt\u00f3w w swojej witrynie.","breadcrumb":{"@id":"https:\/\/elfsight.com\/pl\/countdown-timer-widget\/shopify\/#breadcrumb"},"inLanguage":"pl-PL","potentialAction":[{"@type":"ReadAction","target":["https:\/\/elfsight.com\/pl\/countdown-timer-widget\/shopify\/"]}]},{"@type":"BreadcrumbList","@id":"https:\/\/elfsight.com\/pl\/countdown-timer-widget\/shopify\/#breadcrumb","itemListElement":[{"@type":"ListItem","position":1,"name":"Home","item":"https:\/\/elfsight.com\/pl\/"},{"@type":"ListItem","position":2,"name":"Countdown Timer","item":"https:\/\/elfsight.com\/pl\/countdown-timer-widget\/"},{"@type":"ListItem","position":3,"name":"Countdown Timer &#8211; Shopify"}]},{"@type":"WebSite","@id":"https:\/\/elfsight.com\/pl\/#website","url":"https:\/\/elfsight.com\/pl\/","name":"Elfsight PL","description":"Just another Elfsight Sites site","potentialAction":[{"@type":"SearchAction","target":{"@type":"EntryPoint","urlTemplate":"https:\/\/elfsight.com\/pl\/?s={search_term_string}"},"query-input":{"@type":"PropertyValueSpecification","valueRequired":true,"valueName":"search_term_string"}}],"inLanguage":"pl-PL"}]}},"meta_box":{"industry":"","seo_heading":"","heading":"","description":"","cta_heading":"","cta_description":"","application":"1878","h1":"Aplikacja Shopify Minutnik","h1_caption":"Skonfiguruj odliczanie do wa\u017cnych wydarze\u0144 lub promocji, tworz\u0105c bez wysi\u0142ku poczucie pilno\u015bci dla os\u00f3b odwiedzaj\u0105cych Twoj\u0105 witryn\u0119 Shopify.","application_category":[],"applications_title":"","applications_request_title":"","applications_request_button_text":"","hero_text":"","hero_video":"","hero_video_schema_markup":"","selling_points_title":"","selling_points_caption":"","selling_points":[],"selling_points_cta_text":"","features_title":"","features":"","ed_cta_examples_text":"","ed_cta_examples_hidden":"","ed_cta_demo_text":"","ed_cta_demo_hidden":"","why_caption":"","why_editor_title":"","why_editor_text":"","why_team_title":"","why_team_text":"","why_service_title":"","why_service_text":"","template_catalog_visible":"0","template_catalog_title":"","template_catalog_text":"","template_catalog_categories_visible":"","demo_title":"Utw\u00f3rz aplikacj\u0119 ze stoperem","demo_caption":"Skonfiguruj licznik czasu i dodaj go za darmo do swojej witryny Shopify!","default_faq_hidden":"","app_template_category":[],"platform":"7580","template_public_id":"","codecanyon_url":"","codecanyon_item_id":"","codecanyon_price":"","pricing_caption":"","pricing_elfsight_apps_hide_column":"","pricing_elfsight_apps_url":"","pricing_codecanyon_price_caption":"","integration_category":[],"integration_request_title":"","integration_request_cta":"","integration_platform":"","integrations":[],"platform_category":[],"video_schema_markup":"","price":"od 0 USD \/ miesi\u0105c","trial":"","benefits":[{"text":"Bezp\u0142atna us\u0142uga monta\u017cu"},{"text":"Wsparcie premium"},{"text":"14-dniowa gwarancja zwrotu pieni\u0119dzy"}],"button_url":"#demo","button_target_blank":"0","button_nofollow":"0","attributes":[{"name":"Instaluje","content":"100,000 - 500,000"},{"name":"Czu\u0142y","content":"Tak"},{"name":"Kompatybilne przegl\u0105darki","content":"IE11, Firefox, Safari, Opera, Chrome, Edge"}],"tags":[],"tags_disable_links":"0","hide_more_platforms":"0","video_object":"","demo_hide_cta":"0","demo_hide_cloud_options":"0","pricing_title":"","pricing":[{"pricing_icon":"cloud","pricing_title":"Elfsight Apps","pricing_title_caption":"Wersja wieloplatformowa, kt\u00f3ra dzia\u0142a na ka\u017cdej stronie internetowej","pricing_price":"od 0 USD \/ miesi\u0105c","pricing_price_caption":"zacznij od bezp\u0142atnego planu","pricing_benefits":[{"text":"Nielimitowane strony internetowe"},{"text":"Wsparcie premium"},{"text":"Bezp\u0142atna us\u0142uga monta\u017cu"},{"text":"Oferta specjalna na wiele aplikacji"}],"pricing_button_text":"Dodaj do witryny","pricing_button_url":"#demo"}],"related_apps_title":"","related_apps_hidden":"0","author":"","image":[],"title":"","job":"","social_networks":[]},"_links":{"self":[{"href":"https:\/\/elfsight.com\/pl\/wp-json\/wp\/v2\/pages\/4847","targetHints":{"allow":["GET"]}}],"collection":[{"href":"https:\/\/elfsight.com\/pl\/wp-json\/wp\/v2\/pages"}],"about":[{"href":"https:\/\/elfsight.com\/pl\/wp-json\/wp\/v2\/types\/page"}],"author":[{"embeddable":true,"href":"https:\/\/elfsight.com\/pl\/wp-json\/wp\/v2\/users\/9"}],"replies":[{"embeddable":true,"href":"https:\/\/elfsight.com\/pl\/wp-json\/wp\/v2\/comments?post=4847"}],"version-history":[{"count":5,"href":"https:\/\/elfsight.com\/pl\/wp-json\/wp\/v2\/pages\/4847\/revisions"}],"predecessor-version":[{"id":10804,"href":"https:\/\/elfsight.com\/pl\/wp-json\/wp\/v2\/pages\/4847\/revisions\/10804"}],"up":[{"embeddable":true,"href":"https:\/\/elfsight.com\/pl\/wp-json\/wp\/v2\/pages\/1879"}],"wp:attachment":[{"href":"https:\/\/elfsight.com\/pl\/wp-json\/wp\/v2\/media?parent=4847"}],"curies":[{"name":"wp","href":"https:\/\/api.w.org\/{rel}","templated":true}]}}