{"id":4846,"date":"2024-05-03T06:34:09","date_gmt":"2024-05-03T06:34:09","guid":{"rendered":"https:\/\/elfsight.com\/pl\/?page_id=4846"},"modified":"2024-11-14T12:43:52","modified_gmt":"2024-11-14T12:43:52","slug":"wordpress","status":"publish","type":"page","link":"https:\/\/elfsight.com\/pl\/countdown-timer-widget\/wordpress\/","title":{"rendered":"Countdown Timer &#8211; WordPress"},"content":{"rendered":"<div class=\"application-platform-content-item-description application-platform-content-item\" id=\"description\" data-nav-section=\"description\"><h2>Osad\u017a licznik czasu w WordPress za pomoc\u0105 wid\u017cetu Elfsight<\/h2><p>U\u017cyj wtyczki Elfsight Countdown, aby utworzy\u0107 wszystkie mo\u017cliwe rodzaje licznik\u00f3w i timer\u00f3w kt\u00f3re zach\u0119caj\u0105 odwiedzaj\u0105cych do zakup\u00f3w. Liczba zapas\u00f3w lub sprzeda\u017cy przyniesie poczucie niedoboru i konkurencji; Odliczanie wyprzeda\u017cy pobudzi kupuj\u0105cych do zakupu, zanim przegapi\u0105 niskie ceny. Osobiste odliczanie zach\u0119ci ka\u017cd\u0105 osob\u0119 do szybszego skorzystania z oferty osobistej; banery \u015bwi\u0105tecznej wyprzeda\u017cy przyci\u0105gn\u0105 uwag\u0119 dzi\u0119ki tematycznemu projektowi.<\/p><p><b>Spraw, aby Twoje wydarzenia i wyprzeda\u017ce nie mog\u0142y zosta\u0107 pomini\u0119te i przyci\u0105gnij wi\u0119cej zakup\u00f3w.<\/b><\/p><p><b>Zach\u0119caj klient\u00f3w do zakup\u00f3w poprzez ustawienie poczucia pilno\u015bci.<\/b><br> Spraw, aby Twoi odbiorcy odczuli strach przed utrat\u0105 czasu na niskie ceny i wyprzeda\u017c\u0105, pokazuj\u0105c czas up\u0142ywaj\u0105cy do ko\u0144ca. Dzi\u0119ki temu odbiorcy b\u0119d\u0105 mogli szybciej dokonywa\u0107 zakup\u00f3w i zwi\u0119ksza\u0107 sprzeda\u017c w Twojej witrynie.<\/p><p><b>Poka\u017c malej\u0105ce zapasy swoich produkt\u00f3w i przekonaj u\u017cytkownik\u00f3w do zakupu.<\/b><br> Poka\u017c, \u017ce Twoje produkty s\u0105 sprzedawane szybko si\u0119 wyprzedaj\u0105 i staj\u0105 si\u0119 rzadkie, dzi\u0119ki specjalnej inwentaryzacji. Sprawi, \u017ce odbiorcy b\u0119d\u0105 bardziej ceni\u0107 te przedmioty i b\u0119d\u0105 chcieli je mie\u0107.<\/p><p><b>Przyci\u0105gnij wi\u0119ksz\u0105 uwag\u0119 do okresu wyprzeda\u017cy za pomoc\u0105 specjalnego paska odliczaj\u0105cego w \u015bwi\u0105tecznym stylu.<\/b><br> Dzi\u0119ki przyci\u0105gaj\u0105ce wzrok paski tematyczne, mo\u017cesz zaprezentowa\u0107 swoje sezonowe oferty i wyprzeda\u017ce oraz dotrze\u0107 do wi\u0119kszej liczby odbiorc\u00f3w. Wykorzystaj maksymalnie czas wakacji, aby zwi\u0119kszy\u0107 sprzeda\u017c na swojej stronie.<\/p><\/div><div class=\"application-platform-content-item-features application-platform-content-item\" id=\"features\" data-nav-section=\"features\"><h2>G\u0142\u00f3wne funkcje wid\u017cetu Minutnik<\/h2><p>Najwa\u017cniejsze funkcje naszego Countdown, kt\u00f3re czyni\u0105 z niego idealn\u0105 wtyczk\u0119 WordPress:<\/p><ul><li>Opcja ustawienia daty i godziny rozpocz\u0119cia i zako\u0144czenia;<\/li><li>Opcja ustawienia przycisku linku do przekierowania;<\/li><li>Edytowalne etykiety jednostek czasu;<\/li><li>w zestawie 5 styl\u00f3w timera;<\/li><li>Responsywny interfejs z automatycznym dostosowywaniem si\u0119 do rozmiaru ekranu.<\/li><\/ul><a href=\"#demo\">Zobacz wszystkie funkcje w dzia\u0142aniu<\/a><\/div><div class=\"application-platform-content-item-installation application-platform-content-item\" id=\"installation\" data-nav-section=\"installation\"><h2>Jak osadzi\u0107 minutnik w witrynie WordPress<\/h2><div class=\"video- kontener\"><iframe width=\"720\" height=\"405\" src=\"https:\/\/www.youtube.com\/embed\/kFaIhESkxWA\" frameborder=\"0\" allowfullscreen=\"\"><\/iframe><\/div> <p>Procedura osadzania naszego wid\u017cetu odliczaj\u0105cego WordPress jest prosta i jasna dla ka\u017cdego u\u017cytkownika. Po prostu wykonaj kilka krok\u00f3w przedstawionych poni\u017cej, aby aktywowa\u0107 wid\u017cet w WordPress.<\/p> <ol><li><b>Otw\u00f3rz nasz darmowy edytor i rozpocznij tworzenie w\u0142asnego instrumentu. <\/b><br> Znajd\u017a preferowany uk\u0142ad i funkcje wtyczki i zapisz zmiany. <\/li> <li><b>Skopiuj unikalny kod wy\u015bwietlony w polu aplikacji Elfsight. <\/b><br> Po utworzeniu osobistej wtyczki Minutnika skopiuj ekskluzywny kod z wy\u015bwietlonego okna i zapisz go do p\u00f3\u017aniejszego u\u017cycia. <\/li> <li><b>Wprowad\u017a u\u017cycie narz\u0119dzia na stronie WordPress. <\/b><br> Zintegruj kod, kt\u00f3ry ostatnio zapisa\u0142e\u015b w swojej witrynie i zastosuj zmiany. <\/li> <li><b>Gotowe! Konfiguracja zosta\u0142a pomy\u015blnie przeprowadzona. <\/b><br> Odwied\u017a swoj\u0105 stron\u0119, aby zobaczy\u0107 dzia\u0142anie wtyczki. <\/li><\/ol> <p>Masz trudno\u015bci lub pytania podczas korzystania z samouczka lub konfigurowania niestandardowej wtyczki? Zostaw pro\u015bb\u0119 w Centrum pomocy, a zesp\u00f3\u0142 wsparcia z przyjemno\u015bci\u0105 pomo\u017ce Ci w ukszta\u0142towaniu i umieszczeniu wtyczki na Twojej stronie internetowej. Ch\u0119tnie doradzimy w sprawie dodania wtyczki Countdown Timer do wybranej witryny internetowej i jej stron. Mo\u017cemy r\u00f3wnie\u017c znale\u017a\u0107 wi\u0119cej rozwi\u0105za\u0144, kt\u00f3re wzmocni\u0105 Twoj\u0105 platform\u0119 sprzeda\u017cow\u0105 lub blog. Mo\u017cesz te\u017c zapozna\u0107 si\u0119 z naszym <a href=\"https:\/\/elfsight.com\/blog\/how-to-embed-countdown-clock-to-wordpress-website\/\" target=\"_blank\" rel=\"noopener noreferrer\">przewodnikiem na temat dodawania odliczanie do WordPress<\/a>.<\/p><\/div><div class=\"faq\" data-component=\"FAQ\"><div class=\"faq-item\">\r\n\t\t\t\t\t<div class=\"faq-item-question\">\r\n\t\t\t\t\t\t<h3 class=\"faq-item-question-text\">Najlepsze przyk\u0142ady wykorzystania integracji timera online<\/h3>\r\n\r\n\t\t\t\t\t\t<div class=\"faq-item-question-icon\"><\/div>\r\n\t\t\t\t\t<\/div>\r\n\r\n\t\t\t\t\t<div class=\"faq-item-answer\">\r\n\t\t\t\t\t\t<div class=\"faq-item-answer-text\"><p>Oferujemy mn\u00f3stwo opcji personalizacji: pe\u0142nowymiarowe wid\u017cety do dodawania w sekcji tre\u015bci, p\u0142ywaj\u0105ce wtyczki z funkcj\u0105 przewijania, uk\u0142ady stopki, sekcji nag\u0142\u00f3wka i wszelkiego rodzaju pionowe opcje pask\u00f3w bocznych i menu witryny. Dzi\u0119ki temu mo\u017cesz wykorzysta\u0107 wtyczk\u0119 odliczaj\u0105c\u0105 do ofert specjalnych, zapowiedzi nowych produkt\u00f3w, zaprosze\u0144 na konferencje i webinaria itp. Mo\u017cesz szybko zwi\u0119kszy\u0107 sprzeda\u017c okre\u015blonej kategorii towar\u00f3w lub us\u0142ug, podkre\u015blaj\u0105c to za pomoc\u0105 wszechstronnej wtyczki.<\/p>[\/ faq_item][faq_item question_tag=\"h3\" schema_markup=\"1\" question=\"Czy istnieje mo\u017cliwo\u015b\u0107 sprawdzenia, jak widget b\u0119dzie wygl\u0105da\u0142 na mojej stronie?\"]<p>Oczywi\u015bcie! Tworz\u0105c wtyczk\u0119 WordPress Timer w <a href=\"https:\/\/elfsight.com\/countdown-timer-widget\/#demo\">edytorze online<\/a>, w prawej cz\u0119\u015bci zobaczysz wszystkie konfiguracje to \u017cyje. Twoje odliczanie b\u0119dzie identyczne z tym, kt\u00f3re dodasz do swojej witryny WordPress. <\/p><\/div>\r\n\t\t\t\t\t<\/div>\r\n\t\t\t\t<\/div><div class=\"faq-item\">\r\n\t\t\t\t\t<div class=\"faq-item-question\">\r\n\t\t\t\t\t\t<h3 class=\"faq-item-question-text\">Czy za po\u015brednictwem redaktora mog\u0119 zbudowa\u0107 licznik czasu Evergreen lub odliczanie akcji?<\/h3>\r\n\r\n\t\t\t\t\t\t<div class=\"faq-item-question-icon\"><\/div>\r\n\t\t\t\t\t<\/div>\r\n\r\n\t\t\t\t\t<div class=\"faq-item-answer\">\r\n\t\t\t\t\t\t<div class=\"faq-item-answer-text\"><p>Mo\u017cesz dowolnie modyfikowa\u0107 dowolne modyfikacje wid\u017cetu. W edytorze dost\u0119pnych jest wiele uk\u0142ad\u00f3w, a ka\u017cdy z nich mo\u017cna \u0142atwo dostosowa\u0107 do w\u0142asnych potrzeb. <\/p><\/div>\r\n\t\t\t\t\t<\/div>\r\n\t\t\t\t<\/div><div class=\"faq-item\">\r\n\t\t\t\t\t<div class=\"faq-item-question\">\r\n\t\t\t\t\t\t<h3 class=\"faq-item-question-text\">Jakie inne wid\u017cety s\u0105 niezb\u0119dne w witrynie opartej na WordPressie?<\/h3>\r\n\r\n\t\t\t\t\t\t<div class=\"faq-item-question-icon\"><\/div>\r\n\t\t\t\t\t<\/div>\r\n\r\n\t\t\t\t\t<div class=\"faq-item-answer\">\r\n\t\t\t\t\t\t<div class=\"faq-item-answer-text\"><p>WordPress to CMS przydatny dla biznesmen\u00f3w posiadaj\u0105cych wszelkiego rodzaju strony internetowe: od blog\u00f3w po e-sklepy. Aby Twoja witryna WordPress by\u0142a jeszcze bardziej funkcjonalna, b\u0119dziesz potrzebowa\u0107 dynamicznych instrument\u00f3w zwanych wtyczkami, a w Elfsight znajdziesz ich mn\u00f3stwo.<\/p><p>Na przyk\u0142ad za pomoc\u0105 czat\u00f3w WhatsApp i czat\u00f3w na Facebooku mo\u017cesz nawi\u0105za\u0107 kontakt z klientem \u0142atwiej udzielaj wsparcia, udost\u0119pniaj referencje za pomoc\u0105 suwaka Recenzje i Referencje Google, wstawiaj filmy za pomoc\u0105 wid\u017cetu Galeria YouTube i wiele wi\u0119cej. Na pewno znajdziesz dok\u0142adnie to, czego potrzebujesz, po prostu poruszaj si\u0119 po witrynie!<\/p><\/div>\r\n\t\t\t\t\t<\/div>\r\n\t\t\t\t<\/div><\/div>","protected":false},"excerpt":{"rendered":"","protected":false},"author":9,"featured_media":0,"parent":1879,"menu_order":0,"comment_status":"closed","ping_status":"closed","template":"templates\/template-application-platform.php","meta":{"publish_to_discourse":"","publish_post_category":"","wpdc_auto_publish_overridden":"","wpdc_topic_tags":"","wpdc_pin_topic":"","wpdc_pin_until":"","discourse_post_id":"","discourse_permalink":"","wpdc_publishing_response":"","wpdc_publishing_error":"","footnotes":""},"class_list":["post-4846","page","type-page","status-publish","hentry"],"yoast_head":"<!-- This site is optimized with the Yoast SEO plugin v25.3.1 - https:\/\/yoast.com\/wordpress\/plugins\/seo\/ -->\n<title>Widget Timera Odliczania Wordpress - Dodaj Timer Odliczania do Wordpress [2025]<\/title>\n<meta name=\"description\" content=\"Utw\u00f3rz za darmo unikaln\u0105 wtyczk\u0119 Minutnik dla WordPress. Nieskomplikowany i szybki proces instalacji bez znajomo\u015bci kodowania.\" \/>\n<meta name=\"robots\" content=\"index, follow, max-snippet:-1, max-image-preview:large, max-video-preview:-1\" \/>\n<link rel=\"canonical\" href=\"https:\/\/elfsight.com\/pl\/countdown-timer-widget\/wordpress\/\" \/>\n<meta property=\"og:locale\" content=\"pl_PL\" \/>\n<meta property=\"og:type\" content=\"article\" \/>\n<meta property=\"og:title\" content=\"Widget Timera Odliczania Wordpress - Dodaj Timer Odliczania do Wordpress [2025]\" \/>\n<meta property=\"og:description\" content=\"Utw\u00f3rz za darmo unikaln\u0105 wtyczk\u0119 Minutnik dla WordPress. Nieskomplikowany i szybki proces instalacji bez znajomo\u015bci kodowania.\" \/>\n<meta property=\"og:url\" content=\"https:\/\/elfsight.com\/pl\/countdown-timer-widget\/wordpress\/\" \/>\n<meta property=\"og:site_name\" content=\"Elfsight PL\" \/>\n<meta property=\"article:modified_time\" content=\"2024-11-14T12:43:52+00:00\" \/>\n<meta name=\"twitter:card\" content=\"summary_large_image\" \/>\n<meta name=\"twitter:label1\" content=\"Szacowany czas czytania\" \/>\n\t<meta name=\"twitter:data1\" content=\"5 minut\" \/>\n<!-- \/ Yoast SEO plugin. -->","yoast_head_json":{"title":"Widget Timera Odliczania Wordpress - Dodaj Timer Odliczania do Wordpress [2025]","description":"Utw\u00f3rz za darmo unikaln\u0105 wtyczk\u0119 Minutnik dla WordPress. Nieskomplikowany i szybki proces instalacji bez znajomo\u015bci kodowania.","robots":{"index":"index","follow":"follow","max-snippet":"max-snippet:-1","max-image-preview":"max-image-preview:large","max-video-preview":"max-video-preview:-1"},"canonical":"https:\/\/elfsight.com\/pl\/countdown-timer-widget\/wordpress\/","og_locale":"pl_PL","og_type":"article","og_title":"Widget Timera Odliczania Wordpress - Dodaj Timer Odliczania do Wordpress [2025]","og_description":"Utw\u00f3rz za darmo unikaln\u0105 wtyczk\u0119 Minutnik dla WordPress. Nieskomplikowany i szybki proces instalacji bez znajomo\u015bci kodowania.","og_url":"https:\/\/elfsight.com\/pl\/countdown-timer-widget\/wordpress\/","og_site_name":"Elfsight PL","article_modified_time":"2024-11-14T12:43:52+00:00","twitter_card":"summary_large_image","twitter_misc":{"Szacowany czas czytania":"5 minut"},"schema":{"@context":"https:\/\/schema.org","@graph":[{"@type":"WebPage","@id":"https:\/\/elfsight.com\/pl\/countdown-timer-widget\/wordpress\/","url":"https:\/\/elfsight.com\/pl\/countdown-timer-widget\/wordpress\/","name":"Widget Timera Odliczania Wordpress - Dodaj Timer Odliczania do Wordpress [2025]","isPartOf":{"@id":"https:\/\/elfsight.com\/pl\/#website"},"datePublished":"2024-05-03T06:34:09+00:00","dateModified":"2024-11-14T12:43:52+00:00","description":"Utw\u00f3rz za darmo unikaln\u0105 wtyczk\u0119 Minutnik dla WordPress. Nieskomplikowany i szybki proces instalacji bez znajomo\u015bci kodowania.","breadcrumb":{"@id":"https:\/\/elfsight.com\/pl\/countdown-timer-widget\/wordpress\/#breadcrumb"},"inLanguage":"pl-PL","potentialAction":[{"@type":"ReadAction","target":["https:\/\/elfsight.com\/pl\/countdown-timer-widget\/wordpress\/"]}]},{"@type":"BreadcrumbList","@id":"https:\/\/elfsight.com\/pl\/countdown-timer-widget\/wordpress\/#breadcrumb","itemListElement":[{"@type":"ListItem","position":1,"name":"Home","item":"https:\/\/elfsight.com\/pl\/"},{"@type":"ListItem","position":2,"name":"Countdown Timer","item":"https:\/\/elfsight.com\/pl\/countdown-timer-widget\/"},{"@type":"ListItem","position":3,"name":"Countdown Timer &#8211; WordPress"}]},{"@type":"WebSite","@id":"https:\/\/elfsight.com\/pl\/#website","url":"https:\/\/elfsight.com\/pl\/","name":"Elfsight PL","description":"Just another Elfsight Sites site","potentialAction":[{"@type":"SearchAction","target":{"@type":"EntryPoint","urlTemplate":"https:\/\/elfsight.com\/pl\/?s={search_term_string}"},"query-input":{"@type":"PropertyValueSpecification","valueRequired":true,"valueName":"search_term_string"}}],"inLanguage":"pl-PL"}]}},"meta_box":{"industry":"","seo_heading":"","heading":"","description":"","cta_heading":"","cta_description":"","application":"1878","h1":"Wtyczka WordPress do odliczania czasu","h1_caption":"Tw\u00f3rz odliczania, liczniki i liczniki czasu, aby wywo\u0142a\u0107 poczucie pilno\u015bci i niedoboru oraz zwi\u0119kszy\u0107 liczb\u0119 zakup\u00f3w w swojej witrynie","application_category":[],"applications_title":"","applications_request_title":"","applications_request_button_text":"","hero_text":"","hero_video":"","hero_video_schema_markup":"","selling_points_title":"","selling_points_caption":"","selling_points":[],"selling_points_cta_text":"","features_title":"","features":"","ed_cta_examples_text":"","ed_cta_examples_hidden":"","ed_cta_demo_text":"","ed_cta_demo_hidden":"","why_caption":"","why_editor_title":"","why_editor_text":"","why_team_title":"","why_team_text":"","why_service_title":"","why_service_text":"","template_catalog_visible":"0","template_catalog_title":"","template_catalog_text":"","template_catalog_categories_visible":"","demo_title":"Utw\u00f3rz wtyczk\u0119 Minutnika","demo_caption":"Skonfiguruj licznik czasu i dodaj go do swojej witryny WordPress za darmo!","default_faq_hidden":"","app_template_category":[],"platform":"31","template_public_id":"","codecanyon_url":"","codecanyon_item_id":"","codecanyon_price":"","pricing_caption":"","pricing_elfsight_apps_hide_column":"","pricing_elfsight_apps_url":"","pricing_codecanyon_price_caption":"","integration_category":[],"integration_request_title":"","integration_request_cta":"","integration_platform":"","integrations":[],"platform_category":[],"video_schema_markup":"","price":"od 0 USD \/ miesi\u0105c","trial":"","benefits":[{"text":"Bezp\u0142atna pomoc w monta\u017cu"},{"text":"Kompetentna obs\u0142uga klienta"},{"text":"14-dniowa gwarancja zwrotu pieni\u0119dzy"}],"button_url":"#demo","button_target_blank":"0","button_nofollow":"0","attributes":[{"name":"Instaluje","content":"100,000 - 500,000"},{"name":"Czu\u0142y","content":"Tak"},{"name":"Kompatybilne przegl\u0105darki","content":"IE11, Firefox, Safari, Opera, Chrome, Edge"}],"tags":[],"tags_disable_links":"0","hide_more_platforms":"","video_object":"","demo_hide_cta":"0","demo_hide_cloud_options":"0","pricing_title":"","pricing":[{"pricing_icon":"platform","pricing_title":"Elfsight Apps","pricing_title_caption":"Rozwi\u0105zanie wieloplatformowe","pricing_price":"od 0 USD \/ miesi\u0105c","pricing_price_caption":"zacznij od bezp\u0142atnego planu","pricing_benefits":[{"text":"Nielimitowane strony internetowe"},{"text":"Ca\u0142odobowa obs\u0142uga klienta, dobrze udokumentowana"},{"text":"Bezp\u0142atna pomoc w monta\u017cu"},{"text":"\u015awietna oferta na wiele aplikacji"}],"pricing_button_text":"Dodaj do witryny","pricing_button_url":"#demo"}],"related_apps_title":"","related_apps_hidden":"0","author":"","image":[],"title":"","job":"","social_networks":[]},"_links":{"self":[{"href":"https:\/\/elfsight.com\/pl\/wp-json\/wp\/v2\/pages\/4846","targetHints":{"allow":["GET"]}}],"collection":[{"href":"https:\/\/elfsight.com\/pl\/wp-json\/wp\/v2\/pages"}],"about":[{"href":"https:\/\/elfsight.com\/pl\/wp-json\/wp\/v2\/types\/page"}],"author":[{"embeddable":true,"href":"https:\/\/elfsight.com\/pl\/wp-json\/wp\/v2\/users\/9"}],"replies":[{"embeddable":true,"href":"https:\/\/elfsight.com\/pl\/wp-json\/wp\/v2\/comments?post=4846"}],"version-history":[{"count":2,"href":"https:\/\/elfsight.com\/pl\/wp-json\/wp\/v2\/pages\/4846\/revisions"}],"predecessor-version":[{"id":7739,"href":"https:\/\/elfsight.com\/pl\/wp-json\/wp\/v2\/pages\/4846\/revisions\/7739"}],"up":[{"embeddable":true,"href":"https:\/\/elfsight.com\/pl\/wp-json\/wp\/v2\/pages\/1879"}],"wp:attachment":[{"href":"https:\/\/elfsight.com\/pl\/wp-json\/wp\/v2\/media?parent=4846"}],"curies":[{"name":"wp","href":"https:\/\/api.w.org\/{rel}","templated":true}]}}