{"id":4845,"date":"2024-05-03T06:34:08","date_gmt":"2024-05-03T06:34:08","guid":{"rendered":"https:\/\/elfsight.com\/pl\/?page_id=4845"},"modified":"2025-11-18T14:15:51","modified_gmt":"2025-11-18T14:15:51","slug":"wix","status":"publish","type":"page","link":"https:\/\/elfsight.com\/pl\/countdown-timer-widget\/wix\/","title":{"rendered":"Countdown Timer &#8211; Wix"},"content":{"rendered":"<div class=\"application-platform-content-item-description application-platform-content-item\" id=\"description\" data-nav-section=\"description\"><h2>Opis<\/h2><p>U\u017cyj licznika czasu Elfsight do tworzenia r\u00f3\u017cnych licznik\u00f3w i timer\u00f3w, kt\u00f3re zainspiruj\u0105 klient\u00f3w do zakupu. Liczba zapas\u00f3w lub sprzeda\u017cy zbuduje poczucie ograniczonej dost\u0119pno\u015bci i konkurencji w\u015br\u00f3d odwiedzaj\u0105cych Twoj\u0105 witryn\u0119; Odliczanie wyprzeda\u017cy zach\u0119ci kupuj\u0105cych do szybszych zakup\u00f3w, aby nie przegapi\u0107 zyskownej transakcji. Indywidualne odliczanie pobudzi ka\u017cdego klienta do szybszego skorzystania z indywidualnej oferty; Banery sprzeda\u017cowe ze specjalnymi motywami \u015bwi\u0105tecznymi przyci\u0105gn\u0105 maksymaln\u0105 uwag\u0119.<\/p><p><b>Wywo\u0142aj szum zakupowy i pobud\u017a klient\u00f3w do bardziej aktywnych zakup\u00f3w. <\/b><\/p><p><b>Zach\u0119caj klient\u00f3w do zakup\u00f3w, wywo\u0142uj\u0105c poczucie pilno\u015bci. <\/b><br>Ustaw liczniki odliczaj\u0105ce, kt\u00f3re b\u0119d\u0105 pokazywa\u0107 czas pozosta\u0142y do \u200b\u200bko\u0144ca wyprzeda\u017cy i ofert specjalnych. Stworz\u0105 poczucie pilno\u015bci i pobudz\u0105 klient\u00f3w do szybszego podj\u0119cia decyzji o zakupie.<\/p><p><b>Poka\u017c, \u017ce zapasy Twoich produkt\u00f3w szybko si\u0119 zmniejszaj\u0105 i spraw, aby u\u017cytkownicy byli ch\u0119tni do zakupu. <\/b><br>Utw\u00f3rz inwentaryzacj\u0119, kt\u00f3ra wyka\u017ce ograniczon\u0105 dost\u0119pno\u015b\u0107 Twoich towar\u00f3w i sprawi, \u017ce b\u0119d\u0105 one atrakcyjne dla odwiedzaj\u0105cych. Wy\u017cej ceni\u0105 te przedmioty i te\u017c chc\u0105 je kupi\u0107.<\/p><p><b>Przyci\u0105gnij wi\u0119ksz\u0105 uwag\u0119 do okresu wyprzeda\u017cy za pomoc\u0105 przyci\u0105gaj\u0105cego wzrok paska odliczania w \u015bwi\u0105tecznym stylu. <\/b><br>Dzi\u0119ki atrakcyjnym paskom tematycznym mo\u017cesz zaprezentowa\u0107 swoje sezonowe oferty i wyprzeda\u017ce. Wykorzystaj w pe\u0142ni czas wakacji, aby zwi\u0119kszy\u0107 sprzeda\u017c na swojej stronie.<\/p><div class=\"faq\" data-component=\"FAQ\"><div class=\"faq-item\">\r\n\t\t\t\t\t<div class=\"faq-item-question\">\r\n\t\t\t\t\t\t<h3 class=\"faq-item-question-text\">Jak doda\u0107 licznik czasu do witryny Wix?<\/h3>\r\n\r\n\t\t\t\t\t\t<div class=\"faq-item-question-icon\"><\/div>\r\n\t\t\t\t\t<\/div>\r\n\r\n\t\t\t\t\t<div class=\"faq-item-answer\">\r\n\t\t\t\t\t\t<div class=\"faq-item-answer-text\"><p>Instalacja zajmuje tylko 90 sekund. Poza tym nie musisz posiada\u0107 \u017cadnej umiej\u0119tno\u015bci kodowania. <\/p><ol><li>Reguluj dzia\u0142anie wid\u017cetu licznika czasu Wix w darmowym konfiguratorze na \u017cywo. <\/li> <li>Kliknij kod, aby go skopiowa\u0107. <\/li> <li>Osad\u017a kod w wymaganym miejscu szablonu Wix. <\/li> <li>Rozumiem! Konfiguracja wid\u017cetu licznika czasu na Wix jest perfekcyjna! <\/li><\/ol><p>Masz problemy z instalacj\u0105 wtyczki do Wix lub jej formatowaniem? Pe\u0142ny przewodnik <a href=\"https:\/\/elfsight.com\/tutorials\/how-to-add-countdown-timer-to-any-website\/#wix-countdown-timer\">na tej stronie<\/a>. <\/p><\/div>\r\n\t\t\t\t\t<\/div>\r\n\t\t\t\t<\/div><div class=\"faq-item\">\r\n\t\t\t\t\t<div class=\"faq-item-question\">\r\n\t\t\t\t\t\t<h3 class=\"faq-item-question-text\">Czy mog\u0119 zobaczy\u0107, jak b\u0119dzie wygl\u0105da\u0142 wid\u017cet na mojej stronie internetowej?<\/h3>\r\n\r\n\t\t\t\t\t\t<div class=\"faq-item-question-icon\"><\/div>\r\n\t\t\t\t\t<\/div>\r\n\r\n\t\t\t\t\t<div class=\"faq-item-answer\">\r\n\t\t\t\t\t\t<div class=\"faq-item-answer-text\"><p>Absolutnie! Podczas tworzenia wid\u017cetu licznika czasu Wix w <a href=\"https:\/\/elfsight.com\/countdown-timer-widget\/#demo\">darmowym kreatorze online<\/a> we\u017amiesz pod uwag\u0119 wszystkie konfiguracje w jego prawej cz\u0119\u015bci. Odliczanie b\u0119dzie identyczne z tym, kt\u00f3re dodasz do swojej witryny Wix.<\/p><\/div>\r\n\t\t\t\t\t<\/div>\r\n\t\t\t\t<\/div><div class=\"faq-item\">\r\n\t\t\t\t\t<div class=\"faq-item-question\">\r\n\t\t\t\t\t\t<h3 class=\"faq-item-question-text\">Jakie inne wid\u017cety s\u0105 niezb\u0119dne dla Wix?<\/h3>\r\n\r\n\t\t\t\t\t\t<div class=\"faq-item-question-icon\"><\/div>\r\n\t\t\t\t\t<\/div>\r\n\r\n\t\t\t\t\t<div class=\"faq-item-answer\">\r\n\t\t\t\t\t\t<div class=\"faq-item-answer-text\"><p>Wix jest kreator stron internetowych o wyj\u0105tkowej funkcjonalno\u015bci. Je\u015bli jednak potrzebujesz wi\u0119cej instrument\u00f3w, zawsze mo\u017cesz wypr\u00f3bowa\u0107 inne produkty Elfsight.<\/p><p>Na przyk\u0142ad <a href=\"https:\/\/elfsight.com\/pdf-embed-widget\/wix\/\">PDF Umie\u015b\u0107<\/a>, <a href=\"https:\/\/elfsight.com\/instagram-feed-instashow\/wix\/\">Kana\u0142 na Instagramie<\/a> i <a href=\"https:\/\/elfsight.com\/ google-reviews-widget\/wix\/\">Recenzje Google<\/a>. Poprawi\u0105 wyniki Twojego biznesu online i zbuduj\u0105 zaufanie do Twojej marki. Dost\u0119pne s\u0105 tak\u017ce takie wid\u017cety jak przycisk <a href=\"https:\/\/elfsight.com\/whatsapp-chat-widget\/wix\/\">WhatsApp Chat<\/a> oraz przycisk <a href=\"https:\/\/elfsight.com\/ popup-widget\/wix\/\">Wyskakuj\u0105cy widget<\/a>. Daj\u0105 zielone \u015bwiat\u0142o do komunikacji z Twoimi klientami i zwi\u0119ksz\u0105 interakcj\u0119 z tre\u015bci\u0105 witryny.<\/p><\/div>\r\n\t\t\t\t\t<\/div>\r\n\t\t\t\t<\/div><\/div><\/div><div class=\"application-platform-content-item-features application-platform-content-item\" id=\"features\" data-nav-section=\"features\"><h2>Funkcje<\/h2><p>naszego wid\u017cetu, kt\u00f3ry przekszta\u0142ca go w niezb\u0119dny instrument Wix dla Twojej witryny:<\/p><ul><li>Trzy typy licznik\u00f3w czasu: od pocz\u0105tku do ko\u0144ca, pozosta\u0142y czas na odwiedzaj\u0105cego, od pocz\u0105tku do -zako\u0144cz liczenie liczb;<\/li><li>Edytowalny tekst wiadomo\u015bci z formatowaniem;<\/li><li>Edytowalne etykiety jednostek czasu;<\/li><li>Cztery warianty pozycji: statyczna g\u00f3ra, p\u0142ywaj\u0105ca g\u00f3ra lub d\u00f3\u0142 oraz pozycja niestandardowa;<\/li><li>Konfigurowalne rozmiary timera i przycisku.<\/li><\/ul><p><a href=\"#\">Wypr\u00f3buj ca\u0142\u0105 list\u0119 funkcji w wersji demonstracyjnej<\/a><\/p><\/div><div class=\"application-platform-content-item-installation application-platform-content-item\" id=\"installation\" data-nav-section=\"installation\"><h2>Jak doda\u0107 licznik czasu do witryny Wix<\/h2><div class=\"video-container\">\n<iframe width=\"720\" height=\"405\" src=\"https:\/\/www.youtube.com\/embed\/fqt7GQteAr8?si=qQ1U-yGAJjzbJHqm\" frameborder=\"0\" allowfullscreen=\"\"><\/iframe>\n<\/div><p>Ca\u0142kowity czas trwania procesu to tylko 2 min., a co wi\u0119cej, nie wymaga kompetencji w tworzeniu stron internetowych.<\/p><ol><li><b>Wybierz wid\u017cet na rynku Wix<\/b>.<br> Wybierz stron\u0119 z Minutnik i kliknij przycisk \u00abDodaj do witryny\u00bb.<\/li><li><b>Umie\u015b\u0107 wid\u017cet na stronie<\/b>.<br> W wy\u015bwietlonym oknie przejd\u017a do \u201eOtw\u00f3rz edytor\u201d i wstaw wid\u017cet na dowolnej stronie.<\/li><li><b>Dostosuj odliczanie<\/b>.<br> Ustaw \u017c\u0105dane parametry interfejsu i tre\u015bci. Zastosuj wszystkie zmiany.<\/li><li><b>Konfiguracja zosta\u0142a uko\u0144czona<\/b>.<br> Odwied\u017a witryn\u0119 Wix, aby wy\u015bwietli\u0107 licznik czasu!<\/li><\/ol><p>Je\u015bli do\u015bwiadczysz w przypadku jakichkolwiek pyta\u0144 podczas instalowania lub kszta\u0142towania wtyczki zapoznaj si\u0119 z <a href=\"https:\/\/elfsight.com\/tutorials\/how-to-add-countdown-timer-to-wix-website\/\" target=\"_blank\" rel=\"noopener noreferrer\">obszerna instrukcja<\/a> dotycz\u0105ca konfiguracji wtyczki do Wix lub skontaktuj si\u0119 z naszym Centrum Wsparcia.<\/p><\/div>","protected":false},"excerpt":{"rendered":"","protected":false},"author":9,"featured_media":0,"parent":1879,"menu_order":0,"comment_status":"closed","ping_status":"closed","template":"templates\/template-application-platform.php","meta":{"publish_to_discourse":"","publish_post_category":"","wpdc_auto_publish_overridden":"","wpdc_topic_tags":"","wpdc_pin_topic":"","wpdc_pin_until":"","discourse_post_id":"","discourse_permalink":"","wpdc_publishing_response":"","wpdc_publishing_error":"","footnotes":""},"class_list":["post-4845","page","type-page","status-publish","hentry"],"yoast_head":"<!-- This site is optimized with the Yoast SEO plugin v25.3.1 - https:\/\/yoast.com\/wordpress\/plugins\/seo\/ -->\n<title>Najlepsza aplikacja Wix Countdown Timer na stron\u0119 internetow\u0105 ( 2025 )<\/title>\n<meta name=\"description\" content=\"Wypr\u00f3buj najlepsz\u0105 aplikacj\u0119 Minutnik dla witryny Wix ju\u017c teraz! Utw\u00f3rz osobisty wid\u017cet odliczaj\u0105cy w Elfsight tylko w 3 minuty.\" \/>\n<meta name=\"robots\" content=\"index, follow, max-snippet:-1, max-image-preview:large, max-video-preview:-1\" \/>\n<link rel=\"canonical\" href=\"https:\/\/elfsight.com\/pl\/countdown-timer-widget\/wix\/\" \/>\n<meta property=\"og:locale\" content=\"pl_PL\" \/>\n<meta property=\"og:type\" content=\"article\" \/>\n<meta property=\"og:title\" content=\"Najlepsza aplikacja Wix Countdown Timer na stron\u0119 internetow\u0105 ( 2025 )\" \/>\n<meta property=\"og:description\" content=\"Wypr\u00f3buj najlepsz\u0105 aplikacj\u0119 Minutnik dla witryny Wix ju\u017c teraz! Utw\u00f3rz osobisty wid\u017cet odliczaj\u0105cy w Elfsight tylko w 3 minuty.\" \/>\n<meta property=\"og:url\" content=\"https:\/\/elfsight.com\/pl\/countdown-timer-widget\/wix\/\" \/>\n<meta property=\"og:site_name\" content=\"Elfsight PL\" \/>\n<meta property=\"article:modified_time\" content=\"2025-11-18T14:15:51+00:00\" \/>\n<meta name=\"twitter:card\" content=\"summary_large_image\" \/>\n<meta name=\"twitter:label1\" content=\"Szacowany czas czytania\" \/>\n\t<meta name=\"twitter:data1\" content=\"4 minuty\" \/>\n<!-- \/ Yoast SEO plugin. -->","yoast_head_json":{"title":"Najlepsza aplikacja Wix Countdown Timer na stron\u0119 internetow\u0105 ( 2025 )","description":"Wypr\u00f3buj najlepsz\u0105 aplikacj\u0119 Minutnik dla witryny Wix ju\u017c teraz! Utw\u00f3rz osobisty wid\u017cet odliczaj\u0105cy w Elfsight tylko w 3 minuty.","robots":{"index":"index","follow":"follow","max-snippet":"max-snippet:-1","max-image-preview":"max-image-preview:large","max-video-preview":"max-video-preview:-1"},"canonical":"https:\/\/elfsight.com\/pl\/countdown-timer-widget\/wix\/","og_locale":"pl_PL","og_type":"article","og_title":"Najlepsza aplikacja Wix Countdown Timer na stron\u0119 internetow\u0105 ( 2025 )","og_description":"Wypr\u00f3buj najlepsz\u0105 aplikacj\u0119 Minutnik dla witryny Wix ju\u017c teraz! Utw\u00f3rz osobisty wid\u017cet odliczaj\u0105cy w Elfsight tylko w 3 minuty.","og_url":"https:\/\/elfsight.com\/pl\/countdown-timer-widget\/wix\/","og_site_name":"Elfsight PL","article_modified_time":"2025-11-18T14:15:51+00:00","twitter_card":"summary_large_image","twitter_misc":{"Szacowany czas czytania":"4 minuty"},"schema":{"@context":"https:\/\/schema.org","@graph":[{"@type":"WebPage","@id":"https:\/\/elfsight.com\/pl\/countdown-timer-widget\/wix\/","url":"https:\/\/elfsight.com\/pl\/countdown-timer-widget\/wix\/","name":"Najlepsza aplikacja Wix Countdown Timer na stron\u0119 internetow\u0105 ( 2025 )","isPartOf":{"@id":"https:\/\/elfsight.com\/pl\/#website"},"datePublished":"2024-05-03T06:34:08+00:00","dateModified":"2025-11-18T14:15:51+00:00","description":"Wypr\u00f3buj najlepsz\u0105 aplikacj\u0119 Minutnik dla witryny Wix ju\u017c teraz! Utw\u00f3rz osobisty wid\u017cet odliczaj\u0105cy w Elfsight tylko w 3 minuty.","breadcrumb":{"@id":"https:\/\/elfsight.com\/pl\/countdown-timer-widget\/wix\/#breadcrumb"},"inLanguage":"pl-PL","potentialAction":[{"@type":"ReadAction","target":["https:\/\/elfsight.com\/pl\/countdown-timer-widget\/wix\/"]}]},{"@type":"BreadcrumbList","@id":"https:\/\/elfsight.com\/pl\/countdown-timer-widget\/wix\/#breadcrumb","itemListElement":[{"@type":"ListItem","position":1,"name":"Home","item":"https:\/\/elfsight.com\/pl\/"},{"@type":"ListItem","position":2,"name":"Countdown Timer","item":"https:\/\/elfsight.com\/pl\/countdown-timer-widget\/"},{"@type":"ListItem","position":3,"name":"Countdown Timer &#8211; Wix"}]},{"@type":"WebSite","@id":"https:\/\/elfsight.com\/pl\/#website","url":"https:\/\/elfsight.com\/pl\/","name":"Elfsight PL","description":"Just another Elfsight Sites site","potentialAction":[{"@type":"SearchAction","target":{"@type":"EntryPoint","urlTemplate":"https:\/\/elfsight.com\/pl\/?s={search_term_string}"},"query-input":{"@type":"PropertyValueSpecification","valueRequired":true,"valueName":"search_term_string"}}],"inLanguage":"pl-PL"}]}},"meta_box":{"industry":"","seo_heading":"","heading":"","description":"","cta_heading":"","cta_description":"","application":"1878","h1":"Aplikacja Wix Minutnik","h1_caption":"Ustaw odliczanie do wa\u017cnych wydarze\u0144 lub promocji, tworz\u0105c poczucie pilno\u015bci dla odwiedzaj\u0105cych Twoj\u0105 witryn\u0119 Wix.","application_category":[],"applications_title":"","applications_request_title":"","applications_request_button_text":"","hero_text":"","hero_video":"","hero_video_schema_markup":"","selling_points_title":"","selling_points_caption":"","selling_points":[],"selling_points_cta_text":"","features_title":"","features":"","ed_cta_examples_text":"","ed_cta_examples_hidden":"","ed_cta_demo_text":"","ed_cta_demo_hidden":"","why_caption":"","why_editor_title":"","why_editor_text":"","why_team_title":"","why_team_text":"","why_service_title":"","why_service_text":"","template_catalog_visible":"0","template_catalog_title":"","template_catalog_text":"","template_catalog_categories_visible":"","demo_title":"Utw\u00f3rz aplikacj\u0119 ze stoperem","demo_caption":"Skonfiguruj sw\u00f3j licznik czasu i dodaj go do swojej witryny Wix za darmo!","default_faq_hidden":"","app_template_category":[],"platform":"30","template_public_id":"","codecanyon_url":"","codecanyon_item_id":"","codecanyon_price":"","pricing_caption":"","pricing_elfsight_apps_hide_column":"","pricing_elfsight_apps_url":"","pricing_codecanyon_price_caption":"","integration_category":[],"integration_request_title":"","integration_request_cta":"","integration_platform":"","integrations":[],"platform_category":[],"video_schema_markup":"","price":"od 0 USD \/ miesi\u0105c","trial":"","benefits":[{"text":"Bezp\u0142atna us\u0142uga monta\u017cu"},{"text":"Kompetentna obs\u0142uga klienta"},{"text":"14-dniowa gwarancja zwrotu pieni\u0119dzy"}],"button_url":"#demo","button_target_blank":"0","button_nofollow":"0","attributes":[{"name":"Instaluje","content":"100,000 - 500,000"},{"name":"Czu\u0142y","content":"Tak"},{"name":"Kompatybilne przegl\u0105darki","content":"IE11, Firefox, Safari, Opera, Chrome, Edge"}],"tags":[],"tags_disable_links":"0","hide_more_platforms":"0","video_object":"","demo_hide_cta":"0","demo_hide_cloud_options":"0","pricing_title":"","pricing":[{"pricing_icon":"platform","pricing_title":"Elfsight Apps","pricing_title_caption":"Niezale\u017cne od platformy rozwi\u0105zanie, kt\u00f3re pasuje do ka\u017cdej witryny internetowej","pricing_price":"od 0 USD \/ miesi\u0105c","pricing_price_caption":"zacznij od bezp\u0142atnego planu","pricing_benefits":[{"text":"Nieograniczona liczba stron internetowych"},{"text":"Szybkie i terminowe wsparcie"},{"text":"Bezp\u0142atna us\u0142uga monta\u017cu"},{"text":"Specjalna cena za wiele aplikacji"}],"pricing_button_text":"Dodaj do witryny","pricing_button_url":"#demo"}],"related_apps_title":"","related_apps_hidden":"0","author":"","image":[],"title":"","job":"","social_networks":[]},"_links":{"self":[{"href":"https:\/\/elfsight.com\/pl\/wp-json\/wp\/v2\/pages\/4845","targetHints":{"allow":["GET"]}}],"collection":[{"href":"https:\/\/elfsight.com\/pl\/wp-json\/wp\/v2\/pages"}],"about":[{"href":"https:\/\/elfsight.com\/pl\/wp-json\/wp\/v2\/types\/page"}],"author":[{"embeddable":true,"href":"https:\/\/elfsight.com\/pl\/wp-json\/wp\/v2\/users\/9"}],"replies":[{"embeddable":true,"href":"https:\/\/elfsight.com\/pl\/wp-json\/wp\/v2\/comments?post=4845"}],"version-history":[{"count":3,"href":"https:\/\/elfsight.com\/pl\/wp-json\/wp\/v2\/pages\/4845\/revisions"}],"predecessor-version":[{"id":10798,"href":"https:\/\/elfsight.com\/pl\/wp-json\/wp\/v2\/pages\/4845\/revisions\/10798"}],"up":[{"embeddable":true,"href":"https:\/\/elfsight.com\/pl\/wp-json\/wp\/v2\/pages\/1879"}],"wp:attachment":[{"href":"https:\/\/elfsight.com\/pl\/wp-json\/wp\/v2\/media?parent=4845"}],"curies":[{"name":"wp","href":"https:\/\/api.w.org\/{rel}","templated":true}]}}