{"id":4840,"date":"2024-05-03T06:34:07","date_gmt":"2024-05-03T06:34:07","guid":{"rendered":"https:\/\/elfsight.com\/pl\/?page_id=4840"},"modified":"2024-11-14T12:43:44","modified_gmt":"2024-11-14T12:43:44","slug":"weebly","status":"publish","type":"page","link":"https:\/\/elfsight.com\/pl\/countdown-timer-widget\/weebly\/","title":{"rendered":"Countdown Timer &#8211; Weebly"},"content":{"rendered":"<div class=\"application-platform-content-item-description application-platform-content-item\" id=\"description\" data-nav-section=\"description\"><h2>Opis<\/h2><p>U\u017cyj licznika czasu Elfsight do kszta\u0142towania r\u00f3\u017cnych rodzaj\u00f3w licznik\u00f3w i timer\u00f3w, kt\u00f3re b\u0119d\u0105 namawia\u0107 u\u017cytkownik\u00f3w do szybszych i cz\u0119stszych zakup\u00f3w aktywnie. Liczba zapas\u00f3w lub sprzeda\u017cy wywo\u0142a wra\u017cenie ograniczonej dost\u0119pno\u015bci i konkurencji; odliczanie wyprzeda\u017cy przyspieszy klientom dokonanie zakupu ju\u017c teraz, aby nie przegapi\u0107 op\u0142acalnej oferty. Indywidualne odliczanie pobudzi ka\u017cdego klienta do szybszego skorzystania z indywidualnej oferty; \u015awi\u0105teczne paski z \u0142adnym motywem przyci\u0105gn\u0105 uwag\u0119 do Twojej sprzeda\u017cy.<\/p><p><b>Zwi\u0119ksz sprzeda\u017c w swojej witrynie za pomoc\u0105 licznik\u00f3w czasu i licznik\u00f3w. <\/b><\/p><p><b>Zach\u0119caj klient\u00f3w do zakupu, buduj\u0105c poczucie pilno\u015bci. <\/b><br> Zaprezentuj liczniki czasu, kt\u00f3re poka\u017c\u0105 czas pozosta\u0142y do \u200b\u200bko\u0144ca wyprzeda\u017cy i ofert specjalnych. Stworz\u0105 poczucie pilno\u015bci i zach\u0119c\u0105 klient\u00f3w do szybszego podj\u0119cia pozytywnej decyzji.<\/p><p><b>Poka\u017c, \u017ce zapas dost\u0119pnych artyku\u0142\u00f3w maleje, aby podnie\u015b\u0107 ich postrzegan\u0105 warto\u015b\u0107.<\/b><br> Stw\u00f3rz poczucie rywalizacji o swoje oferty, pokazuj\u0105c, \u017ce liczba sprzeda\u017cy ro\u015bnie, a zapasy spadaj\u0105. Ograniczona dost\u0119pno\u015b\u0107 sprawi, \u017ce Twoje produkty b\u0119d\u0105 wydawa\u0107 si\u0119 bardziej warto\u015bciowe, a odwiedzaj\u0105cy b\u0119d\u0105 chcieli je kupi\u0107.<\/p><p><b>Przyci\u0105gnij wi\u0119ksz\u0105 uwag\u0119 do swoich sprzeda\u017cy za pomoc\u0105 jasnego paska odliczania w \u015bwi\u0105tecznym stylu.<\/b><br> Dzi\u0119ki przyci\u0105gaj\u0105ce wzrok paski tematyczne, mo\u017cesz w \u017cywy spos\u00f3b zaprezentowa\u0107 swoje sezonowe wyprzeda\u017ce. Wykorzystaj czas festiwalu do zwi\u0119kszenia sprzeda\u017cy na swojej stronie.<\/p><\/div><div class=\"application-platform-content-item-features application-platform-content-item\" id=\"features\" data-nav-section=\"features\"><h2>Funkcje<\/h2><p>Oto zalety, kt\u00f3re czyni\u0105 nasz widget idealnym wyborem dla witryny Weebly:<\/p><ul><li>Dwie akcje po zako\u0144czeniu timera: ukryj timer lub poka\u017c wiadomo\u015b\u0107;<\/li><li>Mo\u017cliwo\u015b\u0107 ustawienia przycisku linku do przekierowania;<\/li><li>Edytowany czas etykiety jednostek;<\/li><li>w zestawie 5 styl\u00f3w timera;<\/li><li>przejrzysty projekt zapewniaj\u0105cy bezproblemow\u0105 integracj\u0119 z dowoln\u0105 koncepcj\u0105 strony internetowej.<\/li><\/ul><a href=\"#demo\">Zobacz to wszystko<\/a><\/div><div class=\"application-platform-content-item-installation application-platform-content-item\" id=\"installation\" data-nav-section=\"installation\"><h2>Jak doda\u0107 licznik czasu do witryny Weebly<\/h2><div class=\"video-container\"><iframe width=\"720\" height=\"405\" src=\"https:\/\/www.youtube.com\/embed\/HvRJIqLwdUA\" frameborder=\"0\" allowfullscreen=\"\"><\/iframe><\/div><p>Kr\u00f3tki samouczek dotycz\u0105cy konfiguracji przyciski bez do\u015bwiadczenia w programowaniu lub poszukiwaniu programisty. Czas instalacji to tylko oko\u0142o 2 minuty.<\/p><ol><li><b>Skorzystaj z naszego bezp\u0142atnego konfiguratora i zacznij tworzy\u0107 swoj\u0105 spersonalizowan\u0105 aplikacj\u0119. <\/b><br> Okre\u015bl niestandardowy uk\u0142ad i charakterystyk\u0119 aplikacji i zapisz wszystkie poprawki. <\/li> <li><b>Skopiuj sw\u00f3j unikalny kod pojawiaj\u0105cy si\u0119 w polu aplikacji Elfsight. <\/b><br> Po zako\u0144czeniu tworzenia aplikacji osobistej skopiuj kod z wyskakuj\u0105cego okienka i zapisz go do dalszego wykorzystania. <\/li> <li><b>Rozpocznij korzystanie z aplikacji w witrynie Weebly. <\/b><br> Wklej skopiowany wcze\u015bniej kod na swoj\u0105 stron\u0119 i zapisz ulepszenia. <\/li> <li><b>Instalacja zosta\u0142a pomy\u015blnie zako\u0144czona. <\/b><br> Odwied\u017a swoj\u0105 witryn\u0119, aby sprawdzi\u0107 dzia\u0142anie aplikacji. <\/li><\/ol><p>Nie uda\u0142o Ci si\u0119 doda\u0107 wtyczki na stronie? Wy\u015blij swoje pytanie do naszego zespo\u0142u pomocy lub spr\u00f3buj u\u017cy\u0107 <a href=\"https:\/\/elfsight.com\/tutorials\/how-to-add-countdown-timer-to-weebly-website\/\" target=\"_blank\" rel=\"noopener noreferrer\">dok\u0142adna instrukcja<\/a> i spr\u00f3buj sam jeszcze raz.<\/p><div class=\"faq\" data-component=\"FAQ\"> <div class=\"faq-item\">\r\n\t\t\t\t\t<div class=\"faq-item-question\">\r\n\t\t\t\t\t\t<h3 class=\"faq-item-question-text\">Jak doda\u0107 licznik czasu do mojej witryny Weebly bez umiej\u0119tno\u015bci kodowania?<\/h3>\r\n\r\n\t\t\t\t\t\t<div class=\"faq-item-question-icon\"><\/div>\r\n\t\t\t\t\t<\/div>\r\n\r\n\t\t\t\t\t<div class=\"faq-item-answer\">\r\n\t\t\t\t\t\t<div class=\"faq-item-answer-text\"> <p> Elfsight zapewnia rozwi\u0105zanie SaaS, kt\u00f3re umo\u017cliwia samodzielne utworzenie wid\u017cetu licznika czasu. Przekonaj si\u0119, jak \u0142atwy jest ten proces: Pracuj bezpo\u015brednio w edytorze online, aby utworzy\u0107 wid\u017cet licznika czasu, kt\u00f3ry chcesz widzie\u0107 w swojej witrynie Weebly. Wybierz jeden z gotowych szablon\u00f3w i dostosuj ustawienia licznika czasu, dodaj tre\u015b\u0107, zmie\u0144 uk\u0142ad i kolory bez umiej\u0119tno\u015bci kodowania. Zapisz licznik czasu i skopiuj jego kod instalacyjny, aby m\u00f3c \u0142atwo doda\u0107 go do swojej witryny Weebly bez konieczno\u015bci zakupu p\u0142atnej subskrypcji. Dzi\u0119ki naszemu intuicyjnemu edytorowi ka\u017cdy u\u017cytkownik Internetu mo\u017ce utworzy\u0107 wid\u017cet Minutnik online i \u0142atwo osadzi\u0107 go na swojej stronie internetowej Weebly. Aby uzyska\u0107 dost\u0119p do us\u0142ugi, nie trzeba p\u0142aci\u0107 ani wprowadza\u0107 danych uwierzytelniaj\u0105cych karty. Je\u015bli na kt\u00f3rymkolwiek etapie napotkasz jakiekolwiek problemy, skontaktuj si\u0119 z naszym zespo\u0142em pomocy technicznej.<\/p> <\/div>\r\n\t\t\t\t\t<\/div>\r\n\t\t\t\t<\/div> <\/div> <\/div>","protected":false},"excerpt":{"rendered":"","protected":false},"author":9,"featured_media":0,"parent":1879,"menu_order":0,"comment_status":"closed","ping_status":"closed","template":"templates\/template-application-platform.php","meta":{"publish_to_discourse":"","publish_post_category":"","wpdc_auto_publish_overridden":"","wpdc_topic_tags":"","wpdc_pin_topic":"","wpdc_pin_until":"","discourse_post_id":"","discourse_permalink":"","wpdc_publishing_response":"","wpdc_publishing_error":"","footnotes":""},"class_list":["post-4840","page","type-page","status-publish","hentry"],"yoast_head":"<!-- This site is optimized with the Yoast SEO plugin v25.3.1 - https:\/\/yoast.com\/wordpress\/plugins\/seo\/ -->\n<title>Najlepsza aplikacja Weebly Countdown Timer na stron\u0119 internetow\u0105 (2025)<\/title>\n<meta name=\"description\" content=\"Ustaw niestandardow\u0105 aplikacj\u0119 minutnika dla Weebly w zaledwie 60 sekund. Skorzystaj z edytora Elfsight, kt\u00f3ry umo\u017cliwia tworzenie wid\u017cet\u00f3w Countdown.\" \/>\n<meta name=\"robots\" content=\"index, follow, max-snippet:-1, max-image-preview:large, max-video-preview:-1\" \/>\n<link rel=\"canonical\" href=\"https:\/\/elfsight.com\/pl\/countdown-timer-widget\/weebly\/\" \/>\n<meta property=\"og:locale\" content=\"pl_PL\" \/>\n<meta property=\"og:type\" content=\"article\" \/>\n<meta property=\"og:title\" content=\"Najlepsza aplikacja Weebly Countdown Timer na stron\u0119 internetow\u0105 (2025)\" \/>\n<meta property=\"og:description\" content=\"Ustaw niestandardow\u0105 aplikacj\u0119 minutnika dla Weebly w zaledwie 60 sekund. Skorzystaj z edytora Elfsight, kt\u00f3ry umo\u017cliwia tworzenie wid\u017cet\u00f3w Countdown.\" \/>\n<meta property=\"og:url\" content=\"https:\/\/elfsight.com\/pl\/countdown-timer-widget\/weebly\/\" \/>\n<meta property=\"og:site_name\" content=\"Elfsight PL\" \/>\n<meta property=\"article:modified_time\" content=\"2024-11-14T12:43:44+00:00\" \/>\n<meta name=\"twitter:card\" content=\"summary_large_image\" \/>\n<meta name=\"twitter:label1\" content=\"Szacowany czas czytania\" \/>\n\t<meta name=\"twitter:data1\" content=\"3 minuty\" \/>\n<!-- \/ Yoast SEO plugin. -->","yoast_head_json":{"title":"Najlepsza aplikacja Weebly Countdown Timer na stron\u0119 internetow\u0105 (2025)","description":"Ustaw niestandardow\u0105 aplikacj\u0119 minutnika dla Weebly w zaledwie 60 sekund. Skorzystaj z edytora Elfsight, kt\u00f3ry umo\u017cliwia tworzenie wid\u017cet\u00f3w Countdown.","robots":{"index":"index","follow":"follow","max-snippet":"max-snippet:-1","max-image-preview":"max-image-preview:large","max-video-preview":"max-video-preview:-1"},"canonical":"https:\/\/elfsight.com\/pl\/countdown-timer-widget\/weebly\/","og_locale":"pl_PL","og_type":"article","og_title":"Najlepsza aplikacja Weebly Countdown Timer na stron\u0119 internetow\u0105 (2025)","og_description":"Ustaw niestandardow\u0105 aplikacj\u0119 minutnika dla Weebly w zaledwie 60 sekund. Skorzystaj z edytora Elfsight, kt\u00f3ry umo\u017cliwia tworzenie wid\u017cet\u00f3w Countdown.","og_url":"https:\/\/elfsight.com\/pl\/countdown-timer-widget\/weebly\/","og_site_name":"Elfsight PL","article_modified_time":"2024-11-14T12:43:44+00:00","twitter_card":"summary_large_image","twitter_misc":{"Szacowany czas czytania":"3 minuty"},"schema":{"@context":"https:\/\/schema.org","@graph":[{"@type":"WebPage","@id":"https:\/\/elfsight.com\/pl\/countdown-timer-widget\/weebly\/","url":"https:\/\/elfsight.com\/pl\/countdown-timer-widget\/weebly\/","name":"Najlepsza aplikacja Weebly Countdown Timer na stron\u0119 internetow\u0105 (2025)","isPartOf":{"@id":"https:\/\/elfsight.com\/pl\/#website"},"datePublished":"2024-05-03T06:34:07+00:00","dateModified":"2024-11-14T12:43:44+00:00","description":"Ustaw niestandardow\u0105 aplikacj\u0119 minutnika dla Weebly w zaledwie 60 sekund. Skorzystaj z edytora Elfsight, kt\u00f3ry umo\u017cliwia tworzenie wid\u017cet\u00f3w Countdown.","breadcrumb":{"@id":"https:\/\/elfsight.com\/pl\/countdown-timer-widget\/weebly\/#breadcrumb"},"inLanguage":"pl-PL","potentialAction":[{"@type":"ReadAction","target":["https:\/\/elfsight.com\/pl\/countdown-timer-widget\/weebly\/"]}]},{"@type":"BreadcrumbList","@id":"https:\/\/elfsight.com\/pl\/countdown-timer-widget\/weebly\/#breadcrumb","itemListElement":[{"@type":"ListItem","position":1,"name":"Home","item":"https:\/\/elfsight.com\/pl\/"},{"@type":"ListItem","position":2,"name":"Countdown Timer","item":"https:\/\/elfsight.com\/pl\/countdown-timer-widget\/"},{"@type":"ListItem","position":3,"name":"Countdown Timer &#8211; Weebly"}]},{"@type":"WebSite","@id":"https:\/\/elfsight.com\/pl\/#website","url":"https:\/\/elfsight.com\/pl\/","name":"Elfsight PL","description":"Just another Elfsight Sites site","potentialAction":[{"@type":"SearchAction","target":{"@type":"EntryPoint","urlTemplate":"https:\/\/elfsight.com\/pl\/?s={search_term_string}"},"query-input":{"@type":"PropertyValueSpecification","valueRequired":true,"valueName":"search_term_string"}}],"inLanguage":"pl-PL"}]}},"meta_box":{"industry":"","seo_heading":"","heading":"","description":"","cta_heading":"","cta_description":"","application":"1878","h1":"Aplikacja Weebly z odliczaniem czasu","h1_caption":"Ustaw odliczanie do wa\u017cnych wydarze\u0144 lub promocji, aby bez wysi\u0142ku wywo\u0142a\u0107 u os\u00f3b odwiedzaj\u0105cych Twoj\u0105 witryn\u0119 Weebly poczucie pilno\u015bci.","application_category":[],"applications_title":"","applications_request_title":"","applications_request_button_text":"","hero_text":"","hero_video":"","hero_video_schema_markup":"","selling_points_title":"","selling_points_caption":"","selling_points":[],"selling_points_cta_text":"","features_title":"","features":"","ed_cta_examples_text":"","ed_cta_examples_hidden":"","ed_cta_demo_text":"","ed_cta_demo_hidden":"","why_caption":"","why_editor_title":"","why_editor_text":"","why_team_title":"","why_team_text":"","why_service_title":"","why_service_text":"","template_catalog_visible":"","template_catalog_title":"","template_catalog_text":"","template_catalog_categories_visible":"","demo_title":"Utw\u00f3rz aplikacj\u0119 ze stoperem","demo_caption":"Skonfiguruj licznik czasu i dodaj go za darmo do swojej witryny Weebly!","default_faq_hidden":"","app_template_category":[],"platform":"132","template_public_id":"","codecanyon_url":"","codecanyon_item_id":"","codecanyon_price":"","pricing_caption":"","pricing_elfsight_apps_hide_column":"","pricing_elfsight_apps_url":"","pricing_codecanyon_price_caption":"","integration_category":[],"integration_request_title":"","integration_request_cta":"","integration_platform":"","integrations":[],"platform_category":[],"video_schema_markup":"","price":"od 0 USD \/ miesi\u0105c","trial":"","benefits":[{"text":"Bezp\u0142atna pomoc w monta\u017cu"},{"text":"Wyj\u0105tkowe wsparcie"},{"text":"14-dniowa gwarancja zwrotu pieni\u0119dzy"}],"button_url":"#demo","button_target_blank":"","button_nofollow":"","attributes":[{"name":"Instaluje"},{"name":"Czu\u0142y"},{"name":"Kompatybilne przegl\u0105darki"}],"tags":[],"tags_disable_links":"","hide_more_platforms":"","video_object":"","demo_hide_cta":"","demo_hide_cloud_options":"","pricing_title":"","pricing":[{"pricing_icon":"cloud","pricing_title":"Elfsight Apps","pricing_title_caption":"Niezale\u017cne od platformy rozwi\u0105zanie cyfrowe, kt\u00f3re pasuje do ka\u017cdej witryny internetowej","pricing_price":"od 0 USD \/ miesi\u0105c","pricing_price_caption":"zacznij od bezp\u0142atnego planu","pricing_benefits":[{"text":"Nielimitowane domeny"},{"text":"Dedykowane i terminowe wsparcie oraz dobrze udokumentowane"},{"text":"Bezp\u0142atne wsparcie przy instalacji"},{"text":"W pe\u0142ni konfigurowalny"}],"pricing_button_text":"Dodaj do witryny","pricing_button_url":"#demo"}],"related_apps_title":"","related_apps_hidden":"","author":"","image":[],"title":"","job":"","social_networks":[]},"_links":{"self":[{"href":"https:\/\/elfsight.com\/pl\/wp-json\/wp\/v2\/pages\/4840","targetHints":{"allow":["GET"]}}],"collection":[{"href":"https:\/\/elfsight.com\/pl\/wp-json\/wp\/v2\/pages"}],"about":[{"href":"https:\/\/elfsight.com\/pl\/wp-json\/wp\/v2\/types\/page"}],"author":[{"embeddable":true,"href":"https:\/\/elfsight.com\/pl\/wp-json\/wp\/v2\/users\/9"}],"replies":[{"embeddable":true,"href":"https:\/\/elfsight.com\/pl\/wp-json\/wp\/v2\/comments?post=4840"}],"version-history":[{"count":2,"href":"https:\/\/elfsight.com\/pl\/wp-json\/wp\/v2\/pages\/4840\/revisions"}],"predecessor-version":[{"id":7737,"href":"https:\/\/elfsight.com\/pl\/wp-json\/wp\/v2\/pages\/4840\/revisions\/7737"}],"up":[{"embeddable":true,"href":"https:\/\/elfsight.com\/pl\/wp-json\/wp\/v2\/pages\/1879"}],"wp:attachment":[{"href":"https:\/\/elfsight.com\/pl\/wp-json\/wp\/v2\/media?parent=4840"}],"curies":[{"name":"wp","href":"https:\/\/api.w.org\/{rel}","templated":true}]}}