{"id":4839,"date":"2024-05-03T06:34:06","date_gmt":"2024-05-03T06:34:06","guid":{"rendered":"https:\/\/elfsight.com\/pl\/?page_id=4839"},"modified":"2025-06-25T15:58:07","modified_gmt":"2025-06-25T15:58:07","slug":"jquery","status":"publish","type":"page","link":"https:\/\/elfsight.com\/pl\/countdown-timer-widget\/jquery\/","title":{"rendered":"Countdown Timer &#8211; jQuery"},"content":{"rendered":"<div class=\"application-platform-content-item-description application-platform-content-item\" id=\"description\" data-nav-section=\"description\">\n<h2>Opis<\/h2>\n<p>Wy\u015bwietlaj liczby generuj\u0105ce sprzeda\u017c dla Twojej witryny za pomoc\u0105 wtyczki Elfsight Countdown. Podgrzej atmosfer\u0119 i wywo\u0142aj poczucie ograniczonej dost\u0119pno\u015bci swoich towar\u00f3w, pokazuj\u0105c, jak szybko s\u0105 one sprzedawane na oczach klient\u00f3w. Przyspiesz swoich klient\u00f3w do rozpocz\u0119cia zakup\u00f3w, odliczaj\u0105c czas trwania oferty specjalnej. Tw\u00f3rz odliczanie, aby og\u0142osi\u0107 nadchodz\u0105ce okazje lub \u015bwi\u0105teczne wyprzeda\u017ce i spraw, aby klienci z niecierpliwo\u015bci\u0105 czekali na pocz\u0105tek.<\/p>\n<p><b>Zwi\u0119ksz sprzeda\u017c online, korzystaj\u0105c z pilnych licznik\u00f3w i licznik\u00f3w.<\/b><\/p>\n<p><b>Zach\u0119caj ludzi do cz\u0119stszych zakup\u00f3w w Twojej witrynie, wywo\u0142uj\u0105c poczucie pilno\u015bci.<\/b><br> Spraw, aby Twoi odbiorcy poczuli strach, \u017ce przegapi\u0105 Twoje oferty i wyprzeda\u017ce &#8211; poka\u017c im, \u017ce czas ucieka. Dzi\u0119ki temu u\u017cytkownicy b\u0119d\u0105 dokonywa\u0107 szybszych zakup\u00f3w, a Ty zapewnisz sobie now\u0105 sprzeda\u017c.<\/p>\n<p><b>Poka\u017c, \u017ce zapasy si\u0119 zmniejszaj\u0105 i wzbudz zazdro\u015b\u0107 u\u017cytkownik\u00f3w.<\/b><br> Za pomoc\u0105 specjalnego licznika zapas\u00f3w wyka\u017c, \u017ce Twoje towary s\u0105 szybko kupowane i brakuje ich. Sprawi, \u017ce odbiorcy b\u0119d\u0105 bardziej ceni\u0107 towary i te\u017c b\u0119d\u0105 zazdro\u015bni o ich zakup.<\/p>\n<p><b>Przyci\u0105gnij wi\u0119ksz\u0105 uwag\u0119 do swojej sprzeda\u017cy dzi\u0119ki specjalnemu paskowi odliczania o tematyce \u015bwi\u0105tecznej.<\/b><br> Korzystanie z atrakcyjnych element\u00f3w bary tematyczne, mo\u017cesz promowa\u0107 swoje sezonowe oferty i wyprzeda\u017ce. Nie przegap wakacji, aby zwi\u0119kszy\u0107 sprzeda\u017c w swojej witrynie.<\/p>\n<\/div>\n\n<div class=\"application-platform-content-item-features application-platform-content-item\" id=\"features\" data-nav-section=\"features\">\n<h2>Funkcje<\/h2>\n<p>Oto funkcje Elfsight Countdown, dzi\u0119ki kt\u00f3rym jest to najwa\u017cniejsza wtyczka dla ka\u017cdej witryny jQuery.<\/p>\n<ul>\n    <li>Licznik w g\u00f3r\u0119 i w d\u00f3\u0142;<\/li>\n    <li>Mo\u017cliwo\u015b\u0107 otwarcia przycisku linku w nowej karcie;<\/li>\n    <li>Cztery jednostki czasu: dni, godziny, minuty, sekundy;<\/li>\n    <li>Cztery warianty pozycji: statyczna g\u00f3ra, p\u0142ywaj\u0105ca g\u00f3ra lub d\u00f3\u0142 oraz pozycja niestandardowa;<\/li>\n    <li>Responsywny interfejs z automatycznym dostosowywaniem si\u0119 do rozmiaru ekranu.<\/li>\n<\/ul>\n<a href=\"#demo\">Wypr\u00f3buj wszystkie zalety w wersji demonstracyjnej na \u017cywo<\/a>\n<\/div>\n\n<div class=\"application-platform-content-item-installation application-platform-content-item\" id=\"installation\" data-nav-section=\"installation\">\n<h2>Jak doda\u0107 licznik czasu do witryny jQuery<\/h2>\n<p>Wtyczka Elfsight jest prosta w instalacji i nie b\u0119dzie wymaga\u0142a wiedzy programistycznej. Wykonanie instrukcji zajmie Ci oko\u0142o 1 minuty.<\/p>\n<ol>\n    <li><b>Zaprojektuj swoj\u0105 osobist\u0105 wtyczk\u0119 odliczaj\u0105c\u0105<\/b>.<br> Za pomoc\u0105 naszego bezp\u0142atnego edytora uformuj wtyczk\u0119 z po\u017c\u0105danymi parametry.<\/li>\n    <li><b>Zdob\u0105d\u017a kod do osadzenia wtyczki na swojej stronie internetowej<\/b>.<br> Po skonfigurowaniu ustawie\u0144 zdob\u0105d\u017a kod do zegara odliczaj\u0105cego z pojawiaj\u0105cego si\u0119 okna aplikacji Elfsight.<\/li>\n    <li><b>Dodaj widget na stron\u0119 jQuery<\/b>.<br> Uruchom kod strony w edytorze, zintegruj widget w wybranym miejscu (tre\u015b\u0107, stopka, pasek boczny itp.) i opublikuj zmiany.<\/li>\n    <li><b>Integracja powiod\u0142a si\u0119!<\/b><br> Wejd\u017a na stron\u0119, aby sprawdzi\u0107 swoj\u0105 wtyczk\u0119.<\/li>\n<\/ol>\n<p>Je\u015bli podczas korzystania z tutorial, pojawi\u0142y si\u0119 jakiekolwiek pytania, zostaw wiadomo\u015b\u0107 w naszym centrum pomocy lub zapoznaj si\u0119 z <a href=\"https:\/\/elfsight.com\/tutorials\/how-to-add-countdown-timer-to-jquery-website\/\" target=\"_blank\" rel=\"noopener noreferrer\">pe\u0142ny tekst<\/a> samouczka i samodzielnie doko\u0144cz tworzenie wtyczki.<\/p>\n<div class=\"faq\" data-component=\"FAQ\">\n    <div class=\"faq-item\">\r\n\t\t\t\t\t<div class=\"faq-item-question\">\r\n\t\t\t\t\t\t<h3 class=\"faq-item-question-text\">W jaki spos\u00f3b mam osadzi\u0107 wtyczk\u0119 licznik czasu do mojej witryny jQuery?<\/h3>\r\n\r\n\t\t\t\t\t\t<div class=\"faq-item-question-icon\"><\/div>\r\n\t\t\t\t\t<\/div>\r\n\r\n\t\t\t\t\t<div class=\"faq-item-answer\">\r\n\t\t\t\t\t\t<div class=\"faq-item-answer-text\">\n    <p>Tworzenie widgetu odbywa si\u0119 na stronach Elfsight i nie musisz uczy\u0107 si\u0119 kodowania. Przejd\u017a do aktywnej wersji demonstracyjnej, aby zaprojektowa\u0107 aplikacj\u0119, zdoby\u0107 kod i umie\u015bci\u0107 go na swojej stronie internetowej.<\/p>\n    <\/div>\r\n\t\t\t\t\t<\/div>\r\n\t\t\t\t<\/div>\n    <div class=\"faq-item\">\r\n\t\t\t\t\t<div class=\"faq-item-question\">\r\n\t\t\t\t\t\t<h3 class=\"faq-item-question-text\">Najlepsze przyk\u0142ady wykorzystania integracji licznika czasu<\/h3>\r\n\r\n\t\t\t\t\t\t<div class=\"faq-item-question-icon\"><\/div>\r\n\t\t\t\t\t<\/div>\r\n\r\n\t\t\t\t\t<div class=\"faq-item-answer\">\r\n\t\t\t\t\t\t<div class=\"faq-item-answer-text\">\n    <p>Zapewniamy mn\u00f3stwo mo\u017cliwo\u015bci dostosowania: pe\u0142nowymiarowe wid\u017cety do dodawania do sekcji tre\u015bci, p\u0142ywaj\u0105ce wtyczki do opcji przewijania, uk\u0142ady stopki witryny, sekcji nag\u0142\u00f3wka i wszelkiego rodzaju pionowe mo\u017cliwo\u015bci pask\u00f3w bocznych i menu witryny<\/p>\n    <\/div>\r\n\t\t\t\t\t<\/div>\r\n\t\t\t\t<\/div>\n    <div class=\"faq-item\">\r\n\t\t\t\t\t<div class=\"faq-item-question\">\r\n\t\t\t\t\t\t<h3 class=\"faq-item-question-text\">Czy istnieje opcja utworzenia prostego odliczania. lub odliczanie Evergreen za pomoc\u0105 edytora?<\/h3>\r\n\r\n\t\t\t\t\t\t<div class=\"faq-item-question-icon\"><\/div>\r\n\t\t\t\t\t<\/div>\r\n\r\n\t\t\t\t\t<div class=\"faq-item-answer\">\r\n\t\t\t\t\t\t<div class=\"faq-item-answer-text\">\n    <p>Mo\u017cesz tworzy\u0107 dowolne zmiany wid\u017cetu. W edytorze masz do dyspozycji wiele uk\u0142ad\u00f3w, a ka\u017cdy z nich mo\u017cna \u0142atwo dostosowa\u0107 do w\u0142asnych potrzeb.<\/p>\n    <\/div>\r\n\t\t\t\t\t<\/div>\r\n\t\t\t\t<\/div>\n<\/div>\n<\/div>","protected":false},"excerpt":{"rendered":"","protected":false},"author":9,"featured_media":0,"parent":1879,"menu_order":0,"comment_status":"closed","ping_status":"closed","template":"templates\/template-application-platform.php","meta":{"publish_to_discourse":"","publish_post_category":"","wpdc_auto_publish_overridden":"","wpdc_topic_tags":"","wpdc_pin_topic":"","wpdc_pin_until":"","discourse_post_id":"","discourse_permalink":"","wpdc_publishing_response":"","wpdc_publishing_error":"","footnotes":""},"class_list":["post-4839","page","type-page","status-publish","hentry"],"yoast_head":"<!-- This site is optimized with the Yoast SEO plugin v25.3.1 - https:\/\/yoast.com\/wordpress\/plugins\/seo\/ -->\n<title>Najlepsza wtyczka jQuery Countdown Timer dla strony internetowej (2026)<\/title>\n<meta name=\"description\" content=\"Ju\u017c teraz zapoznaj si\u0119 z wtyczk\u0105 Elfsight Countdown Timer dla jQuery. Zaprojektuj niestandardowy wid\u017cet odliczaj\u0105cy dla swojej witryny w ci\u0105gu kilku minut!\" \/>\n<meta name=\"robots\" content=\"index, follow, max-snippet:-1, max-image-preview:large, max-video-preview:-1\" \/>\n<link rel=\"canonical\" href=\"https:\/\/elfsight.com\/pl\/countdown-timer-widget\/jquery\/\" \/>\n<meta property=\"og:locale\" content=\"pl_PL\" \/>\n<meta property=\"og:type\" content=\"article\" \/>\n<meta property=\"og:title\" content=\"Najlepsza wtyczka jQuery Countdown Timer dla strony internetowej (2026)\" \/>\n<meta property=\"og:description\" content=\"Ju\u017c teraz zapoznaj si\u0119 z wtyczk\u0105 Elfsight Countdown Timer dla jQuery. Zaprojektuj niestandardowy wid\u017cet odliczaj\u0105cy dla swojej witryny w ci\u0105gu kilku minut!\" \/>\n<meta property=\"og:url\" content=\"https:\/\/elfsight.com\/pl\/countdown-timer-widget\/jquery\/\" \/>\n<meta property=\"og:site_name\" content=\"Elfsight PL\" \/>\n<meta property=\"article:modified_time\" content=\"2025-06-25T15:58:07+00:00\" \/>\n<meta name=\"twitter:card\" content=\"summary_large_image\" \/>\n<meta name=\"twitter:label1\" content=\"Szacowany czas czytania\" \/>\n\t<meta name=\"twitter:data1\" content=\"4 minuty\" \/>\n<!-- \/ Yoast SEO plugin. -->","yoast_head_json":{"title":"Najlepsza wtyczka jQuery Countdown Timer dla strony internetowej (2026)","description":"Ju\u017c teraz zapoznaj si\u0119 z wtyczk\u0105 Elfsight Countdown Timer dla jQuery. Zaprojektuj niestandardowy wid\u017cet odliczaj\u0105cy dla swojej witryny w ci\u0105gu kilku minut!","robots":{"index":"index","follow":"follow","max-snippet":"max-snippet:-1","max-image-preview":"max-image-preview:large","max-video-preview":"max-video-preview:-1"},"canonical":"https:\/\/elfsight.com\/pl\/countdown-timer-widget\/jquery\/","og_locale":"pl_PL","og_type":"article","og_title":"Najlepsza wtyczka jQuery Countdown Timer dla strony internetowej (2026)","og_description":"Ju\u017c teraz zapoznaj si\u0119 z wtyczk\u0105 Elfsight Countdown Timer dla jQuery. Zaprojektuj niestandardowy wid\u017cet odliczaj\u0105cy dla swojej witryny w ci\u0105gu kilku minut!","og_url":"https:\/\/elfsight.com\/pl\/countdown-timer-widget\/jquery\/","og_site_name":"Elfsight PL","article_modified_time":"2025-06-25T15:58:07+00:00","twitter_card":"summary_large_image","twitter_misc":{"Szacowany czas czytania":"4 minuty"},"schema":{"@context":"https:\/\/schema.org","@graph":[{"@type":"WebPage","@id":"https:\/\/elfsight.com\/pl\/countdown-timer-widget\/jquery\/","url":"https:\/\/elfsight.com\/pl\/countdown-timer-widget\/jquery\/","name":"Najlepsza wtyczka jQuery Countdown Timer dla strony internetowej (2026)","isPartOf":{"@id":"https:\/\/elfsight.com\/pl\/#website"},"datePublished":"2024-05-03T06:34:06+00:00","dateModified":"2025-06-25T15:58:07+00:00","description":"Ju\u017c teraz zapoznaj si\u0119 z wtyczk\u0105 Elfsight Countdown Timer dla jQuery. Zaprojektuj niestandardowy wid\u017cet odliczaj\u0105cy dla swojej witryny w ci\u0105gu kilku minut!","breadcrumb":{"@id":"https:\/\/elfsight.com\/pl\/countdown-timer-widget\/jquery\/#breadcrumb"},"inLanguage":"pl-PL","potentialAction":[{"@type":"ReadAction","target":["https:\/\/elfsight.com\/pl\/countdown-timer-widget\/jquery\/"]}]},{"@type":"BreadcrumbList","@id":"https:\/\/elfsight.com\/pl\/countdown-timer-widget\/jquery\/#breadcrumb","itemListElement":[{"@type":"ListItem","position":1,"name":"Home","item":"https:\/\/elfsight.com\/pl\/"},{"@type":"ListItem","position":2,"name":"Countdown Timer","item":"https:\/\/elfsight.com\/pl\/countdown-timer-widget\/"},{"@type":"ListItem","position":3,"name":"Countdown Timer &#8211; jQuery"}]},{"@type":"WebSite","@id":"https:\/\/elfsight.com\/pl\/#website","url":"https:\/\/elfsight.com\/pl\/","name":"Elfsight PL","description":"Just another Elfsight Sites site","potentialAction":[{"@type":"SearchAction","target":{"@type":"EntryPoint","urlTemplate":"https:\/\/elfsight.com\/pl\/?s={search_term_string}"},"query-input":{"@type":"PropertyValueSpecification","valueRequired":true,"valueName":"search_term_string"}}],"inLanguage":"pl-PL"}]}},"meta_box":{"industry":"","seo_heading":"","heading":"","description":"","cta_heading":"","cta_description":"","application":"1878","h1":"Wtyczka jQuery Minutnik","h1_caption":"Ustaw odliczanie do wa\u017cnych wydarze\u0144 lub promocji, tworz\u0105c poczucie pilno\u015bci dla os\u00f3b odwiedzaj\u0105cych Twoj\u0105 witryn\u0119 jQuery.","application_category":[],"applications_title":"","applications_request_title":"","applications_request_button_text":"","hero_text":"","hero_video":"","hero_video_schema_markup":"","selling_points_title":"","selling_points_caption":"","selling_points":[],"selling_points_cta_text":"","features_title":"","features":"","ed_cta_examples_text":"","ed_cta_examples_hidden":"","ed_cta_demo_text":"","ed_cta_demo_hidden":"","why_caption":"","why_editor_title":"","why_editor_text":"","why_team_title":"","why_team_text":"","why_service_title":"","why_service_text":"","template_catalog_visible":"0","template_catalog_title":"","template_catalog_text":"","template_catalog_categories_visible":"","demo_title":"Utw\u00f3rz wtyczk\u0119 Minutnika","demo_caption":"Skonfiguruj licznik czasu i dodaj go do swojej witryny jQuery za darmo!","default_faq_hidden":"","app_template_category":[],"platform":"56","template_public_id":"","codecanyon_url":"","codecanyon_item_id":"","codecanyon_price":"","pricing_caption":"","pricing_elfsight_apps_hide_column":"","pricing_elfsight_apps_url":"","pricing_codecanyon_price_caption":"","integration_category":[],"integration_request_title":"","integration_request_cta":"","integration_platform":"","integrations":[],"platform_category":[],"video_schema_markup":"","price":"od 0 USD \/ miesi\u0105c","trial":"","benefits":[{"text":"Bezp\u0142atna us\u0142uga monta\u017cu"},{"text":"Profesjonalna obs\u0142uga klienta"},{"text":"14-dniowa gwarancja zwrotu pieni\u0119dzy"}],"button_url":"#demo","button_target_blank":"0","button_nofollow":"0","attributes":[{"name":"Instaluje"},{"name":"Czu\u0142y"},{"name":"Kompatybilne przegl\u0105darki"}],"tags":[],"tags_disable_links":"0","hide_more_platforms":"0","video_object":"","demo_hide_cta":"0","demo_hide_cloud_options":"0","pricing_title":"","pricing":[{"pricing_icon":"platform","pricing_title":"Elfsight Apps","pricing_title_caption":"Rozwi\u0105zanie wieloplatformowe, kt\u00f3re dzia\u0142a na dowolnej witrynie","pricing_price":"od 0 USD \/ miesi\u0105c","pricing_price_caption":"zacznij od bezp\u0142atnego planu","pricing_benefits":[{"text":"Nielimitowane domeny"},{"text":"Ca\u0142odobowe i terminowe wsparcie"},{"text":"Bezp\u0142atna us\u0142uga monta\u017cu"},{"text":"W pe\u0142ni konfigurowalny"}],"pricing_button_text":"Dodaj do witryny","pricing_button_url":"#demo"}],"related_apps_title":"","related_apps_hidden":"0","author":"","image":[],"title":"","job":"","social_networks":[]},"_links":{"self":[{"href":"https:\/\/elfsight.com\/pl\/wp-json\/wp\/v2\/pages\/4839","targetHints":{"allow":["GET"]}}],"collection":[{"href":"https:\/\/elfsight.com\/pl\/wp-json\/wp\/v2\/pages"}],"about":[{"href":"https:\/\/elfsight.com\/pl\/wp-json\/wp\/v2\/types\/page"}],"author":[{"embeddable":true,"href":"https:\/\/elfsight.com\/pl\/wp-json\/wp\/v2\/users\/9"}],"replies":[{"embeddable":true,"href":"https:\/\/elfsight.com\/pl\/wp-json\/wp\/v2\/comments?post=4839"}],"version-history":[{"count":2,"href":"https:\/\/elfsight.com\/pl\/wp-json\/wp\/v2\/pages\/4839\/revisions"}],"predecessor-version":[{"id":10512,"href":"https:\/\/elfsight.com\/pl\/wp-json\/wp\/v2\/pages\/4839\/revisions\/10512"}],"up":[{"embeddable":true,"href":"https:\/\/elfsight.com\/pl\/wp-json\/wp\/v2\/pages\/1879"}],"wp:attachment":[{"href":"https:\/\/elfsight.com\/pl\/wp-json\/wp\/v2\/media?parent=4839"}],"curies":[{"name":"wp","href":"https:\/\/api.w.org\/{rel}","templated":true}]}}