{"id":4838,"date":"2024-05-03T06:34:05","date_gmt":"2024-05-03T06:34:05","guid":{"rendered":"https:\/\/elfsight.com\/pl\/?page_id=4838"},"modified":"2024-11-14T12:39:55","modified_gmt":"2024-11-14T12:39:55","slug":"elementor","status":"publish","type":"page","link":"https:\/\/elfsight.com\/pl\/countdown-timer-widget\/elementor\/","title":{"rendered":"Countdown Timer &#8211; Elementor"},"content":{"rendered":"<div class=\"application-platform-content-item-description application-platform-content-item\" id=\"description\" data-nav-section=\"description\"> <h2>Osad\u017a licznik czasu w Elementorze za pomoc\u0105 wid\u017cetu Elfsight<\/h2><p>Poka\u017c wzrost sprzeda\u017cy w swojej witrynie za pomoc\u0105 wid\u017cetu Elfsight Countdown. Podgrzej atmosfer\u0119 i wywo\u0142aj poczucie niedoboru swoich towar\u00f3w, pokazuj\u0105c, jak szybko zostaj\u0105 one zakupione na oczach klient\u00f3w. Ustaw pilno\u015b\u0107 ich zakupu, odliczaj\u0105c czas do ko\u0144ca okresu oferty specjalnej. Og\u0142aszaj przysz\u0142e okazje lub \u015bwi\u0119ta i spraw, aby Twoi odbiorcy nie mogli si\u0119 ich doczeka\u0107, wy\u015bwietlaj\u0105c licznik czasu.<\/p> <p><b>Zwi\u0119ksz sprzeda\u017c w swojej witrynie, korzystaj\u0105c z pilnych licznik\u00f3w i licznik\u00f3w oferowanych przez nasz licznik czasu Elementor. <\/b><\/p><p><b>Stymuluj kupuj\u0105cych do zakupu, buduj\u0105c poczucie pilno\u015bci.<\/b><br> Spraw, aby Twoi klienci odczuli strach, \u017ce przegapi\u0105 czas i sprzeda\u017c w niskich cenach, p\u00f3ki czas odliczaj\u0105c do ko\u0144ca. Dzi\u0119ki temu u\u017cytkownicy b\u0119d\u0105 mogli szybciej kupowa\u0107 i zwi\u0119ksza\u0107 sprzeda\u017c w Twojej witrynie.<\/p><p><b>Zademonstruj spadek zapas\u00f3w, aby podnie\u015b\u0107 postrzegan\u0105 warto\u015b\u0107 produkt\u00f3w.<\/b><br> Stw\u00f3rz poczucie rywalizacji w swojej witrynie towar\u00f3w, pokazuj\u0105c, jak wielko\u015b\u0107 sprzeda\u017cy ro\u015bnie, a zapasy malej\u0105. Postrzegana warto\u015b\u0107 produktu wzro\u015bnie, a klienci te\u017c b\u0119d\u0105 chcieli go mie\u0107.<\/p><p><b>Przyci\u0105gnij wi\u0119ksz\u0105 uwag\u0119 do sprzeda\u017cy za pomoc\u0105 przyci\u0105gaj\u0105cego wzrok paska czasu w \u015bwi\u0105tecznym stylu.<\/b><br> Stw\u00f3rz jasny tematyczny pasek wyprzeda\u017cowy na festiwale i specjalne okazje. Odzwierciedli \u015bwi\u0105teczn\u0105 atmosfer\u0119 i przyspieszy Twoje oferty specjalne, aby pom\u00f3c Ci sprzedawa\u0107 wi\u0119cej w sezonie.<\/p><\/div><div class=\"application-platform-content-item-features application-platform-content-item\" id=\"features\" data-nav-section=\"features\"> <h2>G\u0142\u00f3wne funkcje wid\u017cetu Minutnik<\/h2> <p>Jakie cechy sprawiaj\u0105, \u017ce nasz widget jest najlepszy dla ka\u017cdej witryny Elementor? Poznaj jego podstawowe zalety:<\/p><ul> <li>Licznik w g\u00f3r\u0119 i w d\u00f3\u0142;<\/li> <li>Edytowalny tekst przycisku;<\/li> <li>Mo\u017cliwo\u015b\u0107 wy\u0142\u0105czenia dowolnej jednostki czasu;<\/li> <li>Opcja zmiany koloru timera, przycisku, etykiet i wiadomo\u015bci; <\/li> <li>Konfigurowalne rozmiary timera i przycisku.<\/li><\/ul> <p><a href=\"#demo\">Mo\u017cesz pozna\u0107 wszystkie zalety za pomoc\u0105 edytora na \u017cywo<\/a><\/p><\/div><div class=\"application-platform-content-item-installation application-platform-content-item\" id=\"installation\" data-nav-section=\"installation\"><\/div> <h2>Jak doda\u0107 licznik czasu do witryny Elementor<\/h2><div class=\"video-container\"><iframe width=\"720\" height=\"405\" src=\"https:\/\/www.youtube.com\/embed\/LqcfbY8KevU\" frameborder=\"0\" allowfullscreen=\"\"><\/iframe><\/div><p>Aby przeprowadzi\u0107 osadzanie, nie b\u0119dziesz trzeba mie\u0107 kompetencje w programowaniu lub du\u017co czasu. Tylko kilka \u0142atwych etap\u00f3w i 1 minuta czasu pozwol\u0105 Ci stworzy\u0107 niestandardowy <a href=\"https:\/\/elfsight.com\/blog\/best-countdown-timer-for-elementor\/\">Licznik odliczaj\u0105cy Elementor<\/a> .<\/p><ol><li><b>Wygeneruj sw\u00f3j indywidualny wid\u017cet odliczaj\u0105cy<\/b><br> Korzystaj\u0105c z naszego bezp\u0142atnego edytora, utw\u00f3rz wtyczk\u0119 o preferowanym wygl\u0105dzie i opcjach.<\/li><li><b> Uzyskaj unikalny kod umo\u017cliwiaj\u0105cy wy\u015bwietlenie wtyczki<\/b><br> Po wygenerowaniu wid\u017cetu otrzymasz unikalny kod wtyczki Countdown z wyskakuj\u0105cego powiadomienia w aplikacji Elfsight.<\/li><li><b>Opublikuj wtyczk\u0119 na stronie Elementora<\/b><br> Zintegruj wtyczk\u0119 w wybranym miejscu serwisu i opublikuj wyniki.<\/li><li><b>Gotowe!<\/b><br> Odwied\u017a swoj\u0105 stron\u0119, aby zobaczy\u0107 jak dzia\u0142a wtyczka Elementor Countdown Timer.<\/li><\/ol><p>Masz pytania dotycz\u0105ce wy\u015bwietlania wtyczki lub dostosowywania jej? Skontaktuj si\u0119 z pomoc\u0105 techniczn\u0105 Elfsight, aby uzyska\u0107 pomoc w przypadku dowolnego problemu.<\/p>","protected":false},"excerpt":{"rendered":"Jak doda\u0107 licznik czasu do witryny ElementorAby przeprowadzi\u0107 osadzanie, nie b\u0119dziesz trzeba mie\u0107 kompetencje w programowaniu lub du\u017co czasu. Tylko kilka \u0142atwych etap\u00f3w i 1 minuta czasu pozwol\u0105 Ci stworzy\u0107 niestandardowy Licznik odliczaj\u0105cy Elementor .Wygeneruj sw\u00f3j indywidualny wid\u017cet odliczaj\u0105cy Korzystaj\u0105c z naszego bezp\u0142atnego edytora, utw\u00f3rz wtyczk\u0119 o preferowanym wygl\u0105dzie i&#8230;","protected":false},"author":9,"featured_media":0,"parent":1879,"menu_order":0,"comment_status":"closed","ping_status":"closed","template":"templates\/template-application-platform.php","meta":{"publish_to_discourse":"","publish_post_category":"","wpdc_auto_publish_overridden":"","wpdc_topic_tags":"","wpdc_pin_topic":"","wpdc_pin_until":"","discourse_post_id":"","discourse_permalink":"","wpdc_publishing_response":"","wpdc_publishing_error":"","footnotes":""},"class_list":["post-4838","page","type-page","status-publish","hentry"],"yoast_head":"<!-- This site is optimized with the Yoast SEO plugin v25.3.1 - https:\/\/yoast.com\/wordpress\/plugins\/seo\/ -->\n<title>Wid\u017cet licznika czasu Elementor - dodaj licznik czasu do Elementora [2026]<\/title>\n<meta name=\"description\" content=\"Utw\u00f3rz dostosowany wid\u017cet licznika czasu dla witryny Elementor. Dodaj rozbudowane wid\u017cety w zaledwie 3 minuty za darmo w najbardziej por\u0119cznym edytorze wtyczek.\" \/>\n<meta name=\"robots\" content=\"index, follow, max-snippet:-1, max-image-preview:large, max-video-preview:-1\" \/>\n<link rel=\"canonical\" href=\"https:\/\/elfsight.com\/pl\/countdown-timer-widget\/elementor\/\" \/>\n<meta property=\"og:locale\" content=\"pl_PL\" \/>\n<meta property=\"og:type\" content=\"article\" \/>\n<meta property=\"og:title\" content=\"Wid\u017cet licznika czasu Elementor - dodaj licznik czasu do Elementora [2026]\" \/>\n<meta property=\"og:description\" content=\"Utw\u00f3rz dostosowany wid\u017cet licznika czasu dla witryny Elementor. Dodaj rozbudowane wid\u017cety w zaledwie 3 minuty za darmo w najbardziej por\u0119cznym edytorze wtyczek.\" \/>\n<meta property=\"og:url\" content=\"https:\/\/elfsight.com\/pl\/countdown-timer-widget\/elementor\/\" \/>\n<meta property=\"og:site_name\" content=\"Elfsight PL\" \/>\n<meta property=\"article:modified_time\" content=\"2024-11-14T12:39:55+00:00\" \/>\n<meta name=\"twitter:card\" content=\"summary_large_image\" \/>\n<meta name=\"twitter:label1\" content=\"Szacowany czas czytania\" \/>\n\t<meta name=\"twitter:data1\" content=\"3 minuty\" \/>\n<!-- \/ Yoast SEO plugin. -->","yoast_head_json":{"title":"Wid\u017cet licznika czasu Elementor - dodaj licznik czasu do Elementora [2026]","description":"Utw\u00f3rz dostosowany wid\u017cet licznika czasu dla witryny Elementor. Dodaj rozbudowane wid\u017cety w zaledwie 3 minuty za darmo w najbardziej por\u0119cznym edytorze wtyczek.","robots":{"index":"index","follow":"follow","max-snippet":"max-snippet:-1","max-image-preview":"max-image-preview:large","max-video-preview":"max-video-preview:-1"},"canonical":"https:\/\/elfsight.com\/pl\/countdown-timer-widget\/elementor\/","og_locale":"pl_PL","og_type":"article","og_title":"Wid\u017cet licznika czasu Elementor - dodaj licznik czasu do Elementora [2026]","og_description":"Utw\u00f3rz dostosowany wid\u017cet licznika czasu dla witryny Elementor. Dodaj rozbudowane wid\u017cety w zaledwie 3 minuty za darmo w najbardziej por\u0119cznym edytorze wtyczek.","og_url":"https:\/\/elfsight.com\/pl\/countdown-timer-widget\/elementor\/","og_site_name":"Elfsight PL","article_modified_time":"2024-11-14T12:39:55+00:00","twitter_card":"summary_large_image","twitter_misc":{"Szacowany czas czytania":"3 minuty"},"schema":{"@context":"https:\/\/schema.org","@graph":[{"@type":"WebPage","@id":"https:\/\/elfsight.com\/pl\/countdown-timer-widget\/elementor\/","url":"https:\/\/elfsight.com\/pl\/countdown-timer-widget\/elementor\/","name":"Wid\u017cet licznika czasu Elementor - dodaj licznik czasu do Elementora [2026]","isPartOf":{"@id":"https:\/\/elfsight.com\/pl\/#website"},"datePublished":"2024-05-03T06:34:05+00:00","dateModified":"2024-11-14T12:39:55+00:00","description":"Utw\u00f3rz dostosowany wid\u017cet licznika czasu dla witryny Elementor. Dodaj rozbudowane wid\u017cety w zaledwie 3 minuty za darmo w najbardziej por\u0119cznym edytorze wtyczek.","breadcrumb":{"@id":"https:\/\/elfsight.com\/pl\/countdown-timer-widget\/elementor\/#breadcrumb"},"inLanguage":"pl-PL","potentialAction":[{"@type":"ReadAction","target":["https:\/\/elfsight.com\/pl\/countdown-timer-widget\/elementor\/"]}]},{"@type":"BreadcrumbList","@id":"https:\/\/elfsight.com\/pl\/countdown-timer-widget\/elementor\/#breadcrumb","itemListElement":[{"@type":"ListItem","position":1,"name":"Home","item":"https:\/\/elfsight.com\/pl\/"},{"@type":"ListItem","position":2,"name":"Countdown Timer","item":"https:\/\/elfsight.com\/pl\/countdown-timer-widget\/"},{"@type":"ListItem","position":3,"name":"Countdown Timer &#8211; Elementor"}]},{"@type":"WebSite","@id":"https:\/\/elfsight.com\/pl\/#website","url":"https:\/\/elfsight.com\/pl\/","name":"Elfsight PL","description":"Just another Elfsight Sites site","potentialAction":[{"@type":"SearchAction","target":{"@type":"EntryPoint","urlTemplate":"https:\/\/elfsight.com\/pl\/?s={search_term_string}"},"query-input":{"@type":"PropertyValueSpecification","valueRequired":true,"valueName":"search_term_string"}}],"inLanguage":"pl-PL"}]}},"meta_box":{"industry":"","seo_heading":"","heading":"","description":"","cta_heading":"","cta_description":"","application":"1878","h1":"Widget Minutnika Elementora","h1_caption":"Ustaw odliczanie do wa\u017cnych wydarze\u0144 lub promocji, tworz\u0105c poczucie pilno\u015bci dla os\u00f3b odwiedzaj\u0105cych Twoj\u0105 witryn\u0119 Elementor.","application_category":[],"applications_title":"","applications_request_title":"","applications_request_button_text":"","hero_text":"","hero_video":"","hero_video_schema_markup":"","selling_points_title":"","selling_points_caption":"","selling_points":[],"selling_points_cta_text":"","features_title":"","features":"","ed_cta_examples_text":"","ed_cta_examples_hidden":"","ed_cta_demo_text":"","ed_cta_demo_hidden":"","why_caption":"","why_editor_title":"","why_editor_text":"","why_team_title":"","why_team_text":"","why_service_title":"","why_service_text":"","template_catalog_visible":"0","template_catalog_title":"","template_catalog_text":"","template_catalog_categories_visible":"","demo_title":"Utw\u00f3rz wid\u017cet licznika czasu","demo_caption":"Skonfiguruj licznik czasu i dodaj go do swojej witryny Elementor za darmo!","default_faq_hidden":"","app_template_category":[],"platform":"268","template_public_id":"","codecanyon_url":"","codecanyon_item_id":"","codecanyon_price":"","pricing_caption":"","pricing_elfsight_apps_hide_column":"","pricing_elfsight_apps_url":"","pricing_codecanyon_price_caption":"","integration_category":[],"integration_request_title":"","integration_request_cta":"","integration_platform":"","integrations":[],"platform_category":[],"video_schema_markup":"","price":"od 0 USD \/ miesi\u0105c","trial":"","benefits":[{"text":"Bezp\u0142atna pomoc w monta\u017cu"},{"text":"Wsparcie premium"},{"text":"14-dniowa gwarancja zwrotu pieni\u0119dzy"}],"button_url":"#demo","button_target_blank":"0","button_nofollow":"0","attributes":[{"name":"Instaluje","content":"100,000 - 500,000"},{"name":"Czu\u0142y","content":"Tak"},{"name":"Kompatybilne przegl\u0105darki","content":"IE11, Firefox, Safari, Opera, Chrome, Edge"}],"tags":[],"tags_disable_links":"0","hide_more_platforms":"","video_object":"","demo_hide_cta":"0","demo_hide_cloud_options":"0","pricing_title":"","pricing":[{"pricing_icon":"platform","pricing_title":"Elfsight Apps","pricing_title_caption":"Wersja niezale\u017cna od platformy","pricing_price":"od 0 USD \/ miesi\u0105c","pricing_price_caption":"zacznij od bezp\u0142atnego planu","pricing_benefits":[{"text":"Nielimitowane strony internetowe"},{"text":"Dedykowane i terminowe wsparcie"},{"text":"Bezp\u0142atna pomoc w instalacji"},{"text":"Oferta ograniczona czasowo dla wielu aplikacji"}],"pricing_button_text":"Dodaj do witryny","pricing_button_url":"#demo"}],"related_apps_title":"","related_apps_hidden":"0","author":"","image":[],"title":"","job":"","social_networks":[]},"_links":{"self":[{"href":"https:\/\/elfsight.com\/pl\/wp-json\/wp\/v2\/pages\/4838","targetHints":{"allow":["GET"]}}],"collection":[{"href":"https:\/\/elfsight.com\/pl\/wp-json\/wp\/v2\/pages"}],"about":[{"href":"https:\/\/elfsight.com\/pl\/wp-json\/wp\/v2\/types\/page"}],"author":[{"embeddable":true,"href":"https:\/\/elfsight.com\/pl\/wp-json\/wp\/v2\/users\/9"}],"replies":[{"embeddable":true,"href":"https:\/\/elfsight.com\/pl\/wp-json\/wp\/v2\/comments?post=4838"}],"version-history":[{"count":2,"href":"https:\/\/elfsight.com\/pl\/wp-json\/wp\/v2\/pages\/4838\/revisions"}],"predecessor-version":[{"id":7736,"href":"https:\/\/elfsight.com\/pl\/wp-json\/wp\/v2\/pages\/4838\/revisions\/7736"}],"up":[{"embeddable":true,"href":"https:\/\/elfsight.com\/pl\/wp-json\/wp\/v2\/pages\/1879"}],"wp:attachment":[{"href":"https:\/\/elfsight.com\/pl\/wp-json\/wp\/v2\/media?parent=4838"}],"curies":[{"name":"wp","href":"https:\/\/api.w.org\/{rel}","templated":true}]}}