{"id":4837,"date":"2024-05-03T06:34:04","date_gmt":"2024-05-03T06:34:04","guid":{"rendered":"https:\/\/elfsight.com\/pl\/?page_id=4837"},"modified":"2024-11-14T09:32:10","modified_gmt":"2024-11-14T09:32:10","slug":"iframe","status":"publish","type":"page","link":"https:\/\/elfsight.com\/pl\/countdown-timer-widget\/iframe\/","title":{"rendered":"Countdown Timer &#8211; iFrame"},"content":{"rendered":"<div class=\"application-platform-content-item-description application-platform-content-item\" id=\"description\" data-nav-section=\"description\"> <h2>Osad\u017a licznik czasu w iFrame za pomoc\u0105 wid\u017cetu Elfsight<\/h2><p>Dodaj liczniki przyci\u0105gaj\u0105ce sprzeda\u017c do swojej witryny za pomoc\u0105 licznika czasu Elfsight. Podgrzej atmosfer\u0119 i wywo\u0142aj poczucie deficytu swoich ofert, pokazuj\u0105c, jak szybko wyprzedaj\u0105 si\u0119 one na oczach klient\u00f3w. Zwi\u0119kszaj pilno\u015b\u0107 zakup\u00f3w w miar\u0119 up\u0142ywu czasu a\u017c do ko\u0144ca okresu oferty specjalnej. Og\u0142aszaj przysz\u0142e okazje i spraw, aby klienci nie mogli si\u0119 doczeka\u0107 pocz\u0105tku, korzystaj\u0105c z odliczania. <\/p> <p><b>Zwi\u0119ksz sprzeda\u017c w swojej witrynie dzi\u0119ki licznikom czasu i zliczaniu pilnych potrzeb. <\/b><\/p> <p><b>Stymuluj klient\u00f3w do zakupu, wywo\u0142uj\u0105c poczucie pilno\u015bci.<\/b><br> Spraw, aby Twoi u\u017cytkownicy poczuli strach przed przegapieniem Twojej oferty specjalnej i wyprzeda\u017cy z biegiem czasu a\u017c do ostatniego dnia. Dzi\u0119ki temu ludzie b\u0119d\u0105 kupowa\u0107 szybciej i zwi\u0119kszy\u0107 sprzeda\u017c w Twojej witrynie. <\/p> <p><b>Zademonstruj zmniejszenie zapas\u00f3w w celu podniesienia warto\u015bci towar\u00f3w. <\/b><br> Stw\u00f3rz poczucie konkurencji o swoje towary, pokazuj\u0105c, jak ro\u015bnie poziom zakup\u00f3w, a maleje stan zapas\u00f3w. Postrzegana warto\u015b\u0107 produktu wzro\u015bnie, a odwiedzaj\u0105cy r\u00f3wnie\u017c b\u0119d\u0105 chcieli go naby\u0107. <\/p> <p><b>Przyci\u0105gnij wi\u0119ksz\u0105 uwag\u0119 do sprzeda\u017cy za pomoc\u0105 jasnego paska odliczaj\u0105cego o tematyce \u015bwi\u0105tecznej. <\/b><br> Za pomoc\u0105 atrakcyjnych pask\u00f3w tematycznych mo\u017cesz reklamowa\u0107 swoje sezonowe wspania\u0142e oferty i wyprzeda\u017ce. Daj nam czas na festiwal, aby\u015bmy mogli zwi\u0119kszy\u0107 sprzeda\u017c w Twojej witrynie.<\/p> <\/div><div class=\"application-platform-content-item-features application-platform-content-item\" id=\"features\" data-nav-section=\"features\"> <h2>G\u0142\u00f3wne funkcje wid\u017cetu Minutnik<\/h2> <p>Sprawd\u017a wtyczk\u0119 premium dla witryny iFrame bezp\u0142atny! Stw\u00f3rz indywidualn\u0105 wtyczk\u0119 w Elfsight w zaledwie 2 minuty. <\/p><ul> <li>Licznik g\u00f3ra\/d\u00f3\u0142; <\/li> <li>Edytowalny tekst wiadomo\u015bci z formatowaniem; <\/li> <li>Cztery jednostki czasu: dni, godziny, minuty, sekundy; <\/li> <li>Wyr\u00f3wnaj warianty do niestandardowej pozycji: do lewej, prawej, do \u015brodka; <\/li> <li>Przejrzysty projekt zapewniaj\u0105cy bezproblemow\u0105 integracj\u0119 z dowoln\u0105 koncepcj\u0105 strony internetowej.<\/li><\/ul><p><a href=\"#demo\">Sprawd\u017a najwa\u017cniejsze funkcje w wersji demonstracyjnej Elfsight<\/a><\/p><\/div> <div class=\"application-platform-content-item-setup application-platform-content-item\" id=\"setup\" data-nav-section=\"setup\"> <h2>Jak doda\u0107 licznik czasu do witryny iFrame<\/h2><p>Przeczytaj nasz\u0105 instrukcj\u0119 dotycz\u0105c\u0105 osadzania i konfigurowania wtyczki. Nie musisz posiada\u0107 umiej\u0119tno\u015bci programowania, a czas podsumowania procesu wyniesie oko\u0142o 70 sekund.<\/p><ol><li><b>Wygeneruj spersonalizowan\u0105 wtyczk\u0119 Countdown<\/b><br> Zarz\u0105dzaj naszym darmowym edytorem, pobierz wtyczka o preferowanym sk\u0142adzie i cechach funkcjonalnych. <\/li><li><b>Skopiuj indywidualny kod, aby zainstalowa\u0107 wtyczk\u0119<\/b><br> Po utworzeniu wtyczki otrzymasz unikalny kod z wy\u015bwietlonego okna aplikacji Elfsight. Skopiuj go do dalszego wykorzystania. <\/li> <li><b> Wtyczka na Twojej witrynie iFrame<\/b><br> Wybierz obszar, w kt\u00f3rym chcesz wy\u015bwietli\u0107 wtyczk\u0119 i wklej tam skopiowany kod. Zapisz zmiany. <\/li> <li><b>Gotowe!<\/b><br> Przejd\u017a do strony internetowej i sp\u00f3jrz na sw\u00f3j minutnik. <\/li> <\/ol><p>Masz trudno\u015bci podczas wykonywania przewodnika? Wy\u015blij wiadomo\u015b\u0107 do centrum pomocy technicznej Elfsight lub sprawd\u017a szczeg\u00f3\u0142owy wariant instrukcji, aby spr\u00f3bowa\u0107 samodzielnie rozwi\u0105za\u0107 problem.<\/p><div class=\"faq\" data-component=\"FAQ\"> <div class=\"faq-item\">\r\n\t\t\t\t\t<div class=\"faq-item-question\">\r\n\t\t\t\t\t\t<h3 class=\"faq-item-question-text\">Jak doda\u0107 licznik czasu do mojej witryny iFrame bez umiej\u0119tno\u015bci kodowania?<\/h3>\r\n\r\n\t\t\t\t\t\t<div class=\"faq-item-question-icon\"><\/div>\r\n\t\t\t\t\t<\/div>\r\n\r\n\t\t\t\t\t<div class=\"faq-item-answer\">\r\n\t\t\t\t\t\t<div class=\"faq-item-answer-text\"> <p>Elfsight zapewnia rozwi\u0105zanie SaaS, kt\u00f3re umo\u017cliwia samodzielne utworzenie wid\u017cetu Minutnik. Przekonaj si\u0119, jak \u0142atwy jest ten proces: Pracuj bezpo\u015brednio w edytorze online, aby utworzy\u0107 wid\u017cet Minutnika, kt\u00f3ry chcesz zobaczy\u0107 na swojej witrynie iFrame. Wybierz jeden z gotowych szablon\u00f3w i dostosuj ustawienia licznika czasu, dodaj tre\u015b\u0107, zmie\u0144 uk\u0142ad i schemat kolor\u00f3w bez umiej\u0119tno\u015bci kodowania. Zapisz licznik czasu i skopiuj jego kod instalacyjny, aby m\u00f3c \u0142atwo doda\u0107 go do swojej witryny iFrame bez konieczno\u015bci zakupu p\u0142atnego planu. Dzi\u0119ki naszemu intuicyjnemu edytorowi ka\u017cdy u\u017cytkownik Internetu mo\u017ce stworzy\u0107 wid\u017cet Minutnik online i \u0142atwo osadzi\u0107 go na swojej stronie internetowej iFrame. Aby uzyska\u0107 dost\u0119p do us\u0142ugi, nie trzeba p\u0142aci\u0107 ani wprowadza\u0107 danych uwierzytelniaj\u0105cych karty. Je\u015bli na kt\u00f3rymkolwiek etapie napotkasz jakiekolwiek problemy, skontaktuj si\u0119 z naszym zespo\u0142em pomocy technicznej.<\/p> <\/div>\r\n\t\t\t\t\t<\/div>\r\n\t\t\t\t<\/div> <\/div> <\/div>","protected":false},"excerpt":{"rendered":"","protected":false},"author":9,"featured_media":0,"parent":1879,"menu_order":0,"comment_status":"closed","ping_status":"closed","template":"templates\/template-application-platform.php","meta":{"publish_to_discourse":"","publish_post_category":"","wpdc_auto_publish_overridden":"","wpdc_topic_tags":"","wpdc_pin_topic":"","wpdc_pin_until":"","discourse_post_id":"","discourse_permalink":"","wpdc_publishing_response":"","wpdc_publishing_error":"","footnotes":""},"class_list":["post-4837","page","type-page","status-publish","hentry"],"yoast_head":"<!-- This site is optimized with the Yoast SEO plugin v25.3.1 - https:\/\/yoast.com\/wordpress\/plugins\/seo\/ -->\n<title>Wtyczka iFrame Countdown Timer na Twoj\u0105 stron\u0119 internetow\u0105 (bezp\u0142atna i szybka)<\/title>\n<meta name=\"description\" content=\"Dzi\u0119ki Elfsight zaprojektuj wtyczk\u0119 Minutnika i z \u0142atwo\u015bci\u0105 wstaw j\u0105 na stron\u0119 internetow\u0105 iFrame. Mamy bezp\u0142atn\u0105 obs\u0142ug\u0119 klienta i wi\u0119cej bonus\u00f3w.\" \/>\n<meta name=\"robots\" content=\"index, follow, max-snippet:-1, max-image-preview:large, max-video-preview:-1\" \/>\n<link rel=\"canonical\" href=\"https:\/\/elfsight.com\/pl\/countdown-timer-widget\/iframe\/\" \/>\n<meta property=\"og:locale\" content=\"pl_PL\" \/>\n<meta property=\"og:type\" content=\"article\" \/>\n<meta property=\"og:title\" content=\"Wtyczka iFrame Countdown Timer na Twoj\u0105 stron\u0119 internetow\u0105 (bezp\u0142atna i szybka)\" \/>\n<meta property=\"og:description\" content=\"Dzi\u0119ki Elfsight zaprojektuj wtyczk\u0119 Minutnika i z \u0142atwo\u015bci\u0105 wstaw j\u0105 na stron\u0119 internetow\u0105 iFrame. Mamy bezp\u0142atn\u0105 obs\u0142ug\u0119 klienta i wi\u0119cej bonus\u00f3w.\" \/>\n<meta property=\"og:url\" content=\"https:\/\/elfsight.com\/pl\/countdown-timer-widget\/iframe\/\" \/>\n<meta property=\"og:site_name\" content=\"Elfsight PL\" \/>\n<meta property=\"article:modified_time\" content=\"2024-11-14T09:32:10+00:00\" \/>\n<meta name=\"twitter:card\" content=\"summary_large_image\" \/>\n<meta name=\"twitter:label1\" content=\"Szacowany czas czytania\" \/>\n\t<meta name=\"twitter:data1\" content=\"3 minuty\" \/>\n<!-- \/ Yoast SEO plugin. -->","yoast_head_json":{"title":"Wtyczka iFrame Countdown Timer na Twoj\u0105 stron\u0119 internetow\u0105 (bezp\u0142atna i szybka)","description":"Dzi\u0119ki Elfsight zaprojektuj wtyczk\u0119 Minutnika i z \u0142atwo\u015bci\u0105 wstaw j\u0105 na stron\u0119 internetow\u0105 iFrame. Mamy bezp\u0142atn\u0105 obs\u0142ug\u0119 klienta i wi\u0119cej bonus\u00f3w.","robots":{"index":"index","follow":"follow","max-snippet":"max-snippet:-1","max-image-preview":"max-image-preview:large","max-video-preview":"max-video-preview:-1"},"canonical":"https:\/\/elfsight.com\/pl\/countdown-timer-widget\/iframe\/","og_locale":"pl_PL","og_type":"article","og_title":"Wtyczka iFrame Countdown Timer na Twoj\u0105 stron\u0119 internetow\u0105 (bezp\u0142atna i szybka)","og_description":"Dzi\u0119ki Elfsight zaprojektuj wtyczk\u0119 Minutnika i z \u0142atwo\u015bci\u0105 wstaw j\u0105 na stron\u0119 internetow\u0105 iFrame. Mamy bezp\u0142atn\u0105 obs\u0142ug\u0119 klienta i wi\u0119cej bonus\u00f3w.","og_url":"https:\/\/elfsight.com\/pl\/countdown-timer-widget\/iframe\/","og_site_name":"Elfsight PL","article_modified_time":"2024-11-14T09:32:10+00:00","twitter_card":"summary_large_image","twitter_misc":{"Szacowany czas czytania":"3 minuty"},"schema":{"@context":"https:\/\/schema.org","@graph":[{"@type":"WebPage","@id":"https:\/\/elfsight.com\/pl\/countdown-timer-widget\/iframe\/","url":"https:\/\/elfsight.com\/pl\/countdown-timer-widget\/iframe\/","name":"Wtyczka iFrame Countdown Timer na Twoj\u0105 stron\u0119 internetow\u0105 (bezp\u0142atna i szybka)","isPartOf":{"@id":"https:\/\/elfsight.com\/pl\/#website"},"datePublished":"2024-05-03T06:34:04+00:00","dateModified":"2024-11-14T09:32:10+00:00","description":"Dzi\u0119ki Elfsight zaprojektuj wtyczk\u0119 Minutnika i z \u0142atwo\u015bci\u0105 wstaw j\u0105 na stron\u0119 internetow\u0105 iFrame. Mamy bezp\u0142atn\u0105 obs\u0142ug\u0119 klienta i wi\u0119cej bonus\u00f3w.","breadcrumb":{"@id":"https:\/\/elfsight.com\/pl\/countdown-timer-widget\/iframe\/#breadcrumb"},"inLanguage":"pl-PL","potentialAction":[{"@type":"ReadAction","target":["https:\/\/elfsight.com\/pl\/countdown-timer-widget\/iframe\/"]}]},{"@type":"BreadcrumbList","@id":"https:\/\/elfsight.com\/pl\/countdown-timer-widget\/iframe\/#breadcrumb","itemListElement":[{"@type":"ListItem","position":1,"name":"Home","item":"https:\/\/elfsight.com\/pl\/"},{"@type":"ListItem","position":2,"name":"Countdown Timer","item":"https:\/\/elfsight.com\/pl\/countdown-timer-widget\/"},{"@type":"ListItem","position":3,"name":"Countdown Timer &#8211; iFrame"}]},{"@type":"WebSite","@id":"https:\/\/elfsight.com\/pl\/#website","url":"https:\/\/elfsight.com\/pl\/","name":"Elfsight PL","description":"Just another Elfsight Sites site","potentialAction":[{"@type":"SearchAction","target":{"@type":"EntryPoint","urlTemplate":"https:\/\/elfsight.com\/pl\/?s={search_term_string}"},"query-input":{"@type":"PropertyValueSpecification","valueRequired":true,"valueName":"search_term_string"}}],"inLanguage":"pl-PL"}]}},"meta_box":{"industry":"","seo_heading":"","heading":"","description":"","cta_heading":"","cta_description":"","application":"1878","h1":"Wtyczka licznika czasu iFrame","h1_caption":"Ustaw odliczanie do wa\u017cnych wydarze\u0144 lub promocji, aby bez wysi\u0142ku wywo\u0142a\u0107 u os\u00f3b odwiedzaj\u0105cych Twoj\u0105 witryn\u0119 iFrame poczucie pilno\u015bci.","application_category":[],"applications_title":"","applications_request_title":"","applications_request_button_text":"","hero_text":"","hero_video":"","hero_video_schema_markup":"","selling_points_title":"","selling_points_caption":"","selling_points":[],"selling_points_cta_text":"","features_title":"","features":"","ed_cta_examples_text":"","ed_cta_examples_hidden":"","ed_cta_demo_text":"","ed_cta_demo_hidden":"","why_caption":"","why_editor_title":"","why_editor_text":"","why_team_title":"","why_team_text":"","why_service_title":"","why_service_text":"","template_catalog_visible":"","template_catalog_title":"","template_catalog_text":"","template_catalog_categories_visible":"","demo_title":"Utw\u00f3rz wid\u017cet licznika czasu","demo_caption":"Skonfiguruj licznik czasu i dodaj go do swojej witryny iFrame za darmo!","default_faq_hidden":"","app_template_category":[],"platform":"187","template_public_id":"","codecanyon_url":"","codecanyon_item_id":"","codecanyon_price":"","pricing_caption":"","pricing_elfsight_apps_hide_column":"","pricing_elfsight_apps_url":"","pricing_codecanyon_price_caption":"","integration_category":[],"integration_request_title":"","integration_request_cta":"","integration_platform":"","integrations":[],"platform_category":[],"video_schema_markup":"","price":"od 0 USD \/ miesi\u0105c","trial":"","benefits":[{"text":"Bezp\u0142atna us\u0142uga monta\u017cu"},{"text":"Wsparcie premium"},{"text":"14-dniowa gwarancja zwrotu pieni\u0119dzy"}],"button_url":"#demo","button_target_blank":"","button_nofollow":"","attributes":[{"name":"Instaluje"},{"name":"Czu\u0142y"},{"name":"Kompatybilne przegl\u0105darki"}],"tags":[],"tags_disable_links":"","hide_more_platforms":"","video_object":"","demo_hide_cta":"","demo_hide_cloud_options":"","pricing_title":"","pricing":[{"pricing_icon":"platform","pricing_title":"Elfsight Apps","pricing_title_caption":"Wersja wieloplatformowa, kt\u00f3ra dzia\u0142a na ka\u017cdej stronie internetowej","pricing_price":"od 0 USD \/ miesi\u0105c","pricing_price_caption":"zacznij od bezp\u0142atnego planu","pricing_benefits":[{"text":"Nielimitowane strony internetowe"},{"text":"Wsparcie premium"},{"text":"Bezp\u0142atna us\u0142uga monta\u017cu"},{"text":"Oferta specjalna na wiele aplikacji"}],"pricing_button_text":"Dodaj do witryny","pricing_button_url":"#demo"}],"related_apps_title":"","related_apps_hidden":"","author":"","image":[],"title":"","job":"","social_networks":[]},"_links":{"self":[{"href":"https:\/\/elfsight.com\/pl\/wp-json\/wp\/v2\/pages\/4837","targetHints":{"allow":["GET"]}}],"collection":[{"href":"https:\/\/elfsight.com\/pl\/wp-json\/wp\/v2\/pages"}],"about":[{"href":"https:\/\/elfsight.com\/pl\/wp-json\/wp\/v2\/types\/page"}],"author":[{"embeddable":true,"href":"https:\/\/elfsight.com\/pl\/wp-json\/wp\/v2\/users\/9"}],"replies":[{"embeddable":true,"href":"https:\/\/elfsight.com\/pl\/wp-json\/wp\/v2\/comments?post=4837"}],"version-history":[{"count":1,"href":"https:\/\/elfsight.com\/pl\/wp-json\/wp\/v2\/pages\/4837\/revisions"}],"predecessor-version":[{"id":4841,"href":"https:\/\/elfsight.com\/pl\/wp-json\/wp\/v2\/pages\/4837\/revisions\/4841"}],"up":[{"embeddable":true,"href":"https:\/\/elfsight.com\/pl\/wp-json\/wp\/v2\/pages\/1879"}],"wp:attachment":[{"href":"https:\/\/elfsight.com\/pl\/wp-json\/wp\/v2\/media?parent=4837"}],"curies":[{"name":"wp","href":"https:\/\/api.w.org\/{rel}","templated":true}]}}