{"id":4832,"date":"2024-05-03T06:34:03","date_gmt":"2024-05-03T06:34:03","guid":{"rendered":"https:\/\/elfsight.com\/pl\/?page_id=4832"},"modified":"2024-11-14T09:27:54","modified_gmt":"2024-11-14T09:27:54","slug":"facebook","status":"publish","type":"page","link":"https:\/\/elfsight.com\/pl\/countdown-timer-widget\/facebook\/","title":{"rendered":"Countdown Timer &#8211; Facebook Page"},"content":{"rendered":"<div class=\"application-platform-content-item-description application-platform-content-item\" id=\"description\" data-nav-section=\"description\"><h2>Opis<\/h2><p>Przygotowujesz si\u0119 do przeprowadzenia wyprzeda\u017cy lub zorganizowania wydarzenia? W takim razie licznik czasu na \u017cywo jest idealnym narz\u0119dziem do jego promocji, a Facebook &#8211; idealn\u0105 platform\u0105 do dotarcia do szerszego grona odbiorc\u00f3w.<\/p> <p>Stworzenie poczucia pilno\u015bci i oczekiwania jest niezb\u0119dne w przypadku ka\u017cdego wydarzenia biznesowego lub dzia\u0142a\u0144 promocyjnych. Element wizualny ma kluczowe znaczenie, aby dotrze\u0107 do odbiorc\u00f3w i przekaza\u0107 niezb\u0119dne zmys\u0142y. Media spo\u0142eczno\u015bciowe to prawdopodobnie jeden z najskuteczniejszych kana\u0142\u00f3w rozpowszechniania informacji. Animowane odliczanie na Twojej stronie na Facebooku by\u0142oby idealnym narz\u0119dziem do przyci\u0105gni\u0119cia wi\u0119kszej liczby os\u00f3b i wzbudzenia emocji w zwi\u0105zku z wyprzeda\u017cami, promocjami ograniczonymi czasowo lub wydarzeniami.<\/p><p>Je\u015bli nie chcesz inwestowa\u0107 zbyt du\u017co w aplikacj\u0119 zegara rozwoju, ale chcia\u0142by\u015b mie\u0107 timer z niestandardowym projektem, wypr\u00f3buj najlepsz\u0105 aplikacj\u0119 Countdown dla strony na Facebooku firmy Elfsight. Pozwala konstruowa\u0107 wszystkie mo\u017cliwe rodzaje licznik\u00f3w i licznik\u00f3w czasu w bezbolesny, szybki i p\u0142ynny spos\u00f3b. Nadaj\u0105 si\u0119 one do ka\u017cdego zastosowania \u2013 czy to biznesowego, kreatywnego, czy non-profit. Zach\u0119caj\u0105 u\u017cytkownik\u00f3w do dokonywania zakup\u00f3w, odwiedzenia stacjonarnego sklepu lub wydarzenia w ci\u0105gu kilku godzin, dni lub tygodni przed up\u0142ywem okre\u015blonego czasu.<\/p><p>Liczniki artyku\u0142\u00f3w pozostawionych w magazynie wywo\u0142aj\u0105 poczucie braku i konkurencji w\u015br\u00f3d publiczno\u015bci, \u017ceby spieszy\u0142a si\u0119 z zam\u00f3wieniem czego\u015b ekskluzywnego i limitowanego. T\u0119 sztuczk\u0119 stosuj\u0105 najwi\u0119ksi sprzedawcy e-commerce, co potwierdza jej skuteczno\u015b\u0107.<\/p><p>Odliczanie wyprzeda\u017cy nak\u0142oni odwiedzaj\u0105cych do dokonania zakupu przed up\u0142ywem czasu promocji, a przez to wiele trac\u0105. Osobisty licznik czasu pokazuje odliczanie dla ka\u017cdego odwiedzaj\u0105cego z indywidualn\u0105 ofert\u0105, kt\u00f3ra zwykle trwa nie d\u0142u\u017cej ni\u017c 1 godzin\u0119. Zach\u0119ci to kupuj\u0105cych do korzystania z osobistego rabatu ju\u017c teraz, a\u017c do jego zako\u0144czenia.<\/p><p>Wakacyjne banery z odliczaniem, oferuj\u0105ce niskie ceny podczas \u015bwi\u0105tecznych wydarze\u0144, przyci\u0105gn\u0105 uwag\u0119 unikalnym, pasuj\u0105cym do okazji designem. Kupuj\u0105cy zwykle spodziewaj\u0105 si\u0119 takich wyprzeda\u017cy, dlatego warto je uatrakcyjni\u0107 i og\u0142osi\u0107 z wyprzedzeniem. Edytor online aplikacji Elfsight oferuje zbi\u00f3r specjalnych szablon\u00f3w odliczania do przeprowadzania promocji i wydarze\u0144 odbywaj\u0105cych si\u0119 we wszystkie popularne \u015bwi\u0119ta. Po prostu wybierz odpowiedni szablon i ustaw okres.<\/p><p><b>Zwi\u0119ksz entuzjazm zakupowy i zach\u0119\u0107 klient\u00f3w do cz\u0119stszych zakup\u00f3w dzi\u0119ki ofertom ograniczonym czasowo.<\/b><\/p><\/div><div class=\"application-platform-content-item-features application-platform-content-item\" id=\"features\" data-nav-section=\"features\"><h2>Funkcje<\/h2><p> Kluczowe zalety aplikacji Elfsight Countdown, kt\u00f3re czyni\u0105 j\u0105 idealnym sposobem na integracj\u0119 stopera lub zegara ze stron\u0105 na Facebooku: <\/p><ul><li>Wybierz jeden z trzech mo\u017cliwych typ\u00f3w licznik\u00f3w odliczania: od pocz\u0105tku do ko\u0144ca, zegar z pozosta\u0142ym czasem na odwiedzaj\u0105cego, licznik numer\u00f3w od pocz\u0105tku do ko\u0144ca;<\/li><li>Napisz w\u0142asn\u0105 niestandardow\u0105 wiadomo\u015b\u0107, dzwoni\u0105c do akcja;<\/li><li>Ca\u0142y tekst wid\u017cetu mo\u017cna sformatowa\u0107 tak, aby pasowa\u0142 do og\u00f3lnego projektu witryny;<\/li><li>Tw\u00f3rz liczniki czasu z czterema jednostkami czasu: dniami, godzinami, minutami, sekundami;<\/li> <li>Do\u0142\u0105cz elementy lub usu\u0144 te, kt\u00f3rych nie potrzebujesz, aby uzyska\u0107 wymagany wygl\u0105d licznika czasu;<\/li><li>Ustaw niestandardow\u0105 pozycj\u0119 za pomoc\u0105 dost\u0119pnych wariant\u00f3w wyr\u00f3wnania: do lewej, do prawej, do \u015brodka;<\/li><li>Lub ustaw p\u0142ywaj\u0105cy baner w g\u00f3rnej lub dolnej cz\u0119\u015bci ekranu;<\/li><li>Wybierz jeden z trzech typ\u00f3w animacji zmiany liczb.<\/li><\/ul><p><a href=\"#demo\">Zobacz wi\u0119cej cech aplikacji odliczaj\u0105cej w naszym bezp\u0142atnym edytorze.<\/a> Jest niezwykle intuicyjna i ka\u017cdy mo\u017ce stworzy\u0107 w\u0142asn\u0105 aplikacj\u0119 w ci\u0105gu kilku sekund.<\/p><\/div> <div class=\"application-platform-content-item- instalacja application-platform-content-item\" id=\" instalacja\" data-nav-section=\" instalacja\"><h2>Jak doda\u0107 licznik czasu do karty strony na Facebooku<\/h2><p>Nieskomplikowany poradnik dotycz\u0105cy konfigurowania aplikacji zegara dla strony na Facebooku bez do\u015bwiadczenia w programowaniu lub jakiejkolwiek wiedzy o kodowaniu. \u015aredni czas potrzebny na wdro\u017cenie tego samouczka dotycz\u0105cego instalacji licznika czasu wynosi mniej ni\u017c 3 minuty.<\/p><ul><li><b>Wygeneruj w\u0142asny zegar odliczaj\u0105cy<\/b><br><p>Udaj si\u0119 do naszego serwisu online konfigurator do tworzenia wid\u017cetu zegara. Najpierw musisz wybra\u0107 odpowiedni szablon. Pami\u0119taj, \u017ce zawiera tylko uk\u0142ad i wszystko inne mo\u017cna zmieni\u0107, aby uzyska\u0107 aplikacj\u0119 z preferowanym interfejsem i funkcjami.<\/p><p>Wtedy w edytorze b\u0119dziesz mie\u0107 trzy karty: Timer, Przycisk i Wygl\u0105d. Ka\u017cda zak\u0142adka zawiera list\u0119 ustawie\u0144, kt\u00f3re mo\u017cesz dostosowa\u0107 do swoich upodoba\u0144 i uzyska\u0107 optymalny wynik.<\/p><\/li><li><b>Zdob\u0105d\u017a indywidualny kod, aby osadzi\u0107 zegar odliczaj\u0105cy<\/b><br> Po wygenerowaniu widgetu kliknij przycisk 'Dodaj do serwisu&#8217;. Otrzymasz sw\u00f3j osobisty kod w pojawiaj\u0105cym si\u0119 powiadomieniu w aplikacjach Elfsight. Skopiuj ten kod.<\/li><li><b>Przenie\u015b wid\u017cet na stron\u0119 na Facebooku<\/b><br> Tutaj musisz najpierw utworzy\u0107 niestandardow\u0105 kart\u0119 na swojej stronie firmowej na Facebooku, aby doda\u0107 tam aplikacj\u0119 odliczaj\u0105c\u0105. Wstaw kod skopiowany z aplikacji elfsight do zak\u0142adki. Je\u015bli masz jakiekolwiek problemy, po prostu zapoznaj si\u0119 z naszym przewodnikiem na stronie <a href=\"https:\/\/elfsight.com\/blog\/how-to-add-custom-tab-to-facebook-page\/\" target=\"_blank\" rel=\"noopener noreferrer\">tworzenie niestandardowej karty na Facebooku<\/a>, poniewa\u017c mo\u017ce to by\u0107 trudne zadanie.<\/li><li><b>Gratulacje! W\u0142a\u015bnie umie\u015bci\u0142e\u015b widget! <\/b><br>Przejrzyj swoj\u0105 stron\u0119 na Facebooku, aby zobaczy\u0107, jak dzia\u0142a Tw\u00f3j widget.<\/li><\/ul><p>Masz trudno\u015bci z tworzeniem, dostosowywaniem lub wy\u015bwietlaniem wid\u017cetu odliczaj\u0105cego na stronie? Skontaktuj si\u0119 z naszym zespo\u0142em pomocy technicznej.<\/p><p>Oferujemy r\u00f3wnie\u017c elastyczn\u0105 polityk\u0119 cenow\u0105, kt\u00f3ra umo\u017cliwia bezp\u0142atne utworzenie i wypr\u00f3bowanie odliczania na Twojej stronie firmowej na Facebooku. Co wi\u0119cej, mo\u017cesz wybra\u0107 plan cenowy dostosowany do ruchu, jaki uzyskasz na stronie i p\u0142aci\u0107 za niego co miesi\u0105c \u2013 je\u015bli planujesz jednorazowe wydarzenie lub promocj\u0119, lub mo\u017cesz mie\u0107 roczn\u0105 subskrypcj\u0119, je\u015bli regularnie prowadzisz wyprzeda\u017ce przez ca\u0142y okres rok.<\/p><div class=\"faq\" data-component=\"FAQ\"> <div class=\"faq-item\">\r\n\t\t\t\t\t<div class=\"faq-item-question\">\r\n\t\t\t\t\t\t<h3 class=\"faq-item-question-text\">Jak mog\u0119 doda\u0107 minutnik do mojej witryny na Facebooku bez umiej\u0119tno\u015bci kodowania?<\/h3>\r\n\r\n\t\t\t\t\t\t<div class=\"faq-item-question-icon\"><\/div>\r\n\t\t\t\t\t<\/div>\r\n\r\n\t\t\t\t\t<div class=\"faq-item-answer\">\r\n\t\t\t\t\t\t<div class=\"faq-item-answer-text\"> <p>Elfsight zapewnia rozwi\u0105zanie SaaS, kt\u00f3re pozwala na samodzielne utworzenie wid\u017cetu minutnika, przekonaj si\u0119, jak \u0142atwy jest ten proces: Pracuj bezpo\u015brednio w edytorze online, aby utworzy\u0107 wid\u017cet licznika czasu, kt\u00f3ry chcesz zobaczy\u0107 na swojej stronie na Facebooku. Wybierz jeden z gotowych szablon\u00f3w i dostosuj ustawienia licznika czasu, dodaj tre\u015b\u0107, zmie\u0144 uk\u0142ad i schemat kolor\u00f3w bez umiej\u0119tno\u015bci kodowania. Zapisz licznik czasu i skopiuj jego kod instalacyjny, kt\u00f3ry mo\u017cesz bez trudu osadzi\u0107 na swojej stronie na Facebooku, bez konieczno\u015bci kupowania p\u0142atnej subskrypcji. Dzi\u0119ki naszemu intuicyjnemu edytorowi ka\u017cdy u\u017cytkownik Internetu mo\u017ce stworzy\u0107 wid\u017cet Minutnik online i \u0142atwo osadzi\u0107 go na swojej stronie na Facebooku. Aby uzyska\u0107 dost\u0119p do us\u0142ugi, nie trzeba p\u0142aci\u0107 ani wprowadza\u0107 danych uwierzytelniaj\u0105cych karty. Je\u015bli na kt\u00f3rymkolwiek etapie napotkasz jakiekolwiek problemy, skontaktuj si\u0119 z naszym zespo\u0142em pomocy technicznej.<\/p> <\/div>\r\n\t\t\t\t\t<\/div>\r\n\t\t\t\t<\/div> <\/div> <\/div>","protected":false},"excerpt":{"rendered":"","protected":false},"author":9,"featured_media":0,"parent":1879,"menu_order":0,"comment_status":"closed","ping_status":"closed","template":"templates\/template-application-platform.php","meta":{"publish_to_discourse":"","publish_post_category":"","wpdc_auto_publish_overridden":"","wpdc_topic_tags":"","wpdc_pin_topic":"","wpdc_pin_until":"","discourse_post_id":"","discourse_permalink":"","wpdc_publishing_response":"","wpdc_publishing_error":"","footnotes":""},"class_list":["post-4832","page","type-page","status-publish","hentry"],"yoast_head":"<!-- This site is optimized with the Yoast SEO plugin v25.3.1 - https:\/\/yoast.com\/wordpress\/plugins\/seo\/ -->\n<title>Dodaj wid\u017cet minutnika lub zegara do strony na Facebooku (2025)<\/title>\n<meta name=\"description\" content=\"W ci\u0105gu minuty utw\u00f3rz wid\u017cet licznika czasu lub zegara dla swojej strony na Facebooku! Wypr\u00f3buj darmowy panel Elfsight, aby stworzy\u0107 w\u0142asny zegar odliczaj\u0105cy.\" \/>\n<meta name=\"robots\" content=\"index, follow, max-snippet:-1, max-image-preview:large, max-video-preview:-1\" \/>\n<link rel=\"canonical\" href=\"https:\/\/elfsight.com\/pl\/countdown-timer-widget\/facebook\/\" \/>\n<meta property=\"og:locale\" content=\"pl_PL\" \/>\n<meta property=\"og:type\" content=\"article\" \/>\n<meta property=\"og:title\" content=\"Dodaj wid\u017cet minutnika lub zegara do strony na Facebooku (2025)\" \/>\n<meta property=\"og:description\" content=\"W ci\u0105gu minuty utw\u00f3rz wid\u017cet licznika czasu lub zegara dla swojej strony na Facebooku! Wypr\u00f3buj darmowy panel Elfsight, aby stworzy\u0107 w\u0142asny zegar odliczaj\u0105cy.\" \/>\n<meta property=\"og:url\" content=\"https:\/\/elfsight.com\/pl\/countdown-timer-widget\/facebook\/\" \/>\n<meta property=\"og:site_name\" content=\"Elfsight PL\" \/>\n<meta property=\"article:modified_time\" content=\"2024-11-14T09:27:54+00:00\" \/>\n<meta name=\"twitter:card\" content=\"summary_large_image\" \/>\n<meta name=\"twitter:label1\" content=\"Szacowany czas czytania\" \/>\n\t<meta name=\"twitter:data1\" content=\"6 minut\" \/>\n<!-- \/ Yoast SEO plugin. -->","yoast_head_json":{"title":"Dodaj wid\u017cet minutnika lub zegara do strony na Facebooku (2025)","description":"W ci\u0105gu minuty utw\u00f3rz wid\u017cet licznika czasu lub zegara dla swojej strony na Facebooku! Wypr\u00f3buj darmowy panel Elfsight, aby stworzy\u0107 w\u0142asny zegar odliczaj\u0105cy.","robots":{"index":"index","follow":"follow","max-snippet":"max-snippet:-1","max-image-preview":"max-image-preview:large","max-video-preview":"max-video-preview:-1"},"canonical":"https:\/\/elfsight.com\/pl\/countdown-timer-widget\/facebook\/","og_locale":"pl_PL","og_type":"article","og_title":"Dodaj wid\u017cet minutnika lub zegara do strony na Facebooku (2025)","og_description":"W ci\u0105gu minuty utw\u00f3rz wid\u017cet licznika czasu lub zegara dla swojej strony na Facebooku! Wypr\u00f3buj darmowy panel Elfsight, aby stworzy\u0107 w\u0142asny zegar odliczaj\u0105cy.","og_url":"https:\/\/elfsight.com\/pl\/countdown-timer-widget\/facebook\/","og_site_name":"Elfsight PL","article_modified_time":"2024-11-14T09:27:54+00:00","twitter_card":"summary_large_image","twitter_misc":{"Szacowany czas czytania":"6 minut"},"schema":{"@context":"https:\/\/schema.org","@graph":[{"@type":"WebPage","@id":"https:\/\/elfsight.com\/pl\/countdown-timer-widget\/facebook\/","url":"https:\/\/elfsight.com\/pl\/countdown-timer-widget\/facebook\/","name":"Dodaj wid\u017cet minutnika lub zegara do strony na Facebooku (2025)","isPartOf":{"@id":"https:\/\/elfsight.com\/pl\/#website"},"datePublished":"2024-05-03T06:34:03+00:00","dateModified":"2024-11-14T09:27:54+00:00","description":"W ci\u0105gu minuty utw\u00f3rz wid\u017cet licznika czasu lub zegara dla swojej strony na Facebooku! Wypr\u00f3buj darmowy panel Elfsight, aby stworzy\u0107 w\u0142asny zegar odliczaj\u0105cy.","breadcrumb":{"@id":"https:\/\/elfsight.com\/pl\/countdown-timer-widget\/facebook\/#breadcrumb"},"inLanguage":"pl-PL","potentialAction":[{"@type":"ReadAction","target":["https:\/\/elfsight.com\/pl\/countdown-timer-widget\/facebook\/"]}]},{"@type":"BreadcrumbList","@id":"https:\/\/elfsight.com\/pl\/countdown-timer-widget\/facebook\/#breadcrumb","itemListElement":[{"@type":"ListItem","position":1,"name":"Home","item":"https:\/\/elfsight.com\/pl\/"},{"@type":"ListItem","position":2,"name":"Countdown Timer","item":"https:\/\/elfsight.com\/pl\/countdown-timer-widget\/"},{"@type":"ListItem","position":3,"name":"Countdown Timer &#8211; Facebook Page"}]},{"@type":"WebSite","@id":"https:\/\/elfsight.com\/pl\/#website","url":"https:\/\/elfsight.com\/pl\/","name":"Elfsight PL","description":"Just another Elfsight Sites site","potentialAction":[{"@type":"SearchAction","target":{"@type":"EntryPoint","urlTemplate":"https:\/\/elfsight.com\/pl\/?s={search_term_string}"},"query-input":{"@type":"PropertyValueSpecification","valueRequired":true,"valueName":"search_term_string"}}],"inLanguage":"pl-PL"}]}},"meta_box":{"industry":"","seo_heading":"","heading":"","description":"","cta_heading":"","cta_description":"","application":"1878","h1":"Wid\u017cet licznika czasu dla strony na Facebooku","h1_caption":"Ustaw odliczanie do wa\u017cnych wydarze\u0144 lub promocji, aby bez wysi\u0142ku wywo\u0142a\u0107 u os\u00f3b odwiedzaj\u0105cych Twoj\u0105 stron\u0119 na Facebooku poczucie pilno\u015bci.","application_category":[],"applications_title":"","applications_request_title":"","applications_request_button_text":"","hero_text":"","hero_video":"","hero_video_schema_markup":"","selling_points_title":"","selling_points_caption":"","selling_points":[],"selling_points_cta_text":"","features_title":"","features":"","ed_cta_examples_text":"","ed_cta_examples_hidden":"","ed_cta_demo_text":"","ed_cta_demo_hidden":"","why_caption":"","why_editor_title":"","why_editor_text":"","why_team_title":"","why_team_text":"","why_service_title":"","why_service_text":"","template_catalog_visible":"","template_catalog_title":"","template_catalog_text":"","template_catalog_categories_visible":"","demo_title":"Utw\u00f3rz wid\u017cet licznika czasu","demo_caption":"Skonfiguruj licznik czasu i dodaj go za darmo do swojej strony na Facebooku!","default_faq_hidden":"","app_template_category":[],"platform":"319","template_public_id":"","codecanyon_url":"","codecanyon_item_id":"","codecanyon_price":"","pricing_caption":"","pricing_elfsight_apps_hide_column":"","pricing_elfsight_apps_url":"","pricing_codecanyon_price_caption":"","integration_category":[],"integration_request_title":"","integration_request_cta":"","integration_platform":"","integrations":[],"platform_category":[],"video_schema_markup":"","price":"od 0 USD \/ miesi\u0105c","trial":"","benefits":[{"text":"Bezp\u0142atna pomoc w monta\u017cu"},{"text":"Profesjonalna obs\u0142uga klienta"},{"text":"14-dniowa gwarancja zwrotu pieni\u0119dzy"}],"button_url":"#demo","button_target_blank":"","button_nofollow":"","attributes":[{"name":"Instaluje"},{"name":"Czu\u0142y"},{"name":"Kompatybilne przegl\u0105darki"}],"tags":[],"tags_disable_links":"","hide_more_platforms":"","video_object":"","demo_hide_cta":"","demo_hide_cloud_options":"","pricing_title":"","pricing":[{"pricing_icon":"platform","pricing_title":"Elfsight Apps","pricing_title_caption":"Oprogramowanie wieloplatformowe","pricing_price":"od 0 USD \/ miesi\u0105c","pricing_price_caption":"zacznij od bezp\u0142atnego planu","pricing_benefits":[{"text":"Nielimitowane strony internetowe"},{"text":"Bezp\u0142atne wsparcie"},{"text":"Bezp\u0142atna pomoc w monta\u017cu"},{"text":"100% konfigurowalny"}],"pricing_button_text":"Dodaj do witryny","pricing_button_url":"#demo"}],"related_apps_title":"","related_apps_hidden":"","author":"","image":[],"title":"","job":"","social_networks":[]},"_links":{"self":[{"href":"https:\/\/elfsight.com\/pl\/wp-json\/wp\/v2\/pages\/4832","targetHints":{"allow":["GET"]}}],"collection":[{"href":"https:\/\/elfsight.com\/pl\/wp-json\/wp\/v2\/pages"}],"about":[{"href":"https:\/\/elfsight.com\/pl\/wp-json\/wp\/v2\/types\/page"}],"author":[{"embeddable":true,"href":"https:\/\/elfsight.com\/pl\/wp-json\/wp\/v2\/users\/9"}],"replies":[{"embeddable":true,"href":"https:\/\/elfsight.com\/pl\/wp-json\/wp\/v2\/comments?post=4832"}],"version-history":[{"count":1,"href":"https:\/\/elfsight.com\/pl\/wp-json\/wp\/v2\/pages\/4832\/revisions"}],"predecessor-version":[{"id":4836,"href":"https:\/\/elfsight.com\/pl\/wp-json\/wp\/v2\/pages\/4832\/revisions\/4836"}],"up":[{"embeddable":true,"href":"https:\/\/elfsight.com\/pl\/wp-json\/wp\/v2\/pages\/1879"}],"wp:attachment":[{"href":"https:\/\/elfsight.com\/pl\/wp-json\/wp\/v2\/media?parent=4832"}],"curies":[{"name":"wp","href":"https:\/\/api.w.org\/{rel}","templated":true}]}}