{"id":4831,"date":"2024-05-03T06:34:02","date_gmt":"2024-05-03T06:34:02","guid":{"rendered":"https:\/\/elfsight.com\/pl\/?page_id=4831"},"modified":"2024-11-14T09:19:58","modified_gmt":"2024-11-14T09:19:58","slug":"woocommerce","status":"publish","type":"page","link":"https:\/\/elfsight.com\/pl\/countdown-timer-widget\/woocommerce\/","title":{"rendered":"Countdown Timer &#8211; WooCommerce"},"content":{"rendered":"<div class=\"application-platform-content-item-description application-platform-content-item\" id=\"description\" data-nav-section=\"description\"> <h2>Opis<\/h2><p>Zaprezentuj przyci\u0105gaj\u0105ce sprzeda\u017c odliczanie w swojej witrynie za pomoc\u0105 zegara odliczaj\u0105cego Elfsight. Podkr\u0119\u0107 atmosfer\u0119 i zbuduj poczucie niedoboru swoich towar\u00f3w, pokazuj\u0105c, jak szybko zostaj\u0105 wyprzedane na oczach u\u017cytkownik\u00f3w. Zwi\u0119kszaj nacisk na zakup wraz z up\u0142ywem czasu a\u017c do zako\u0144czenia okresu oferty specjalnej. Przyci\u0105gnij uwag\u0119 do przysz\u0142ych wydarze\u0144 lub \u015bwi\u0105t i spraw, aby Twoi klienci z niecierpliwo\u015bci\u0105 czekali na nie dzi\u0119ki licznikom czasu.<\/p><p><b>Zintegruj wtyczk\u0119 Zegara Odliczania, aby osi\u0105ga\u0107 szczyty e-commerce przy mniejszym wysi\u0142ku!<\/b><\/p><\/div> <div class=\"application-platform-content-item-features application-platform-content-item\" id=\"features\" data-nav-section=\"features\"><h2>G\u0142\u00f3wne funkcje widgetu obejmuj\u0105<\/h2><ul><li>Licznik w g\u00f3r\u0119 i w d\u00f3\u0142;<\/li><li>Opcja wy\u015bwietlania komunikatu przed timer;<\/li><li>Edytowalny tekst wiadomo\u015bci o zako\u0144czeniu timera;<\/li><li>5 \u015bwi\u0105tecznych motyw\u00f3w na najpopularniejsze okazje;<\/li><li>Mo\u017cliwo\u015b\u0107 ustawienia rozmiaru czcionki wiadomo\u015bci.<\/li> <\/ul><p><a href=\"#demo\">Mo\u017cesz zobaczy\u0107, ile wart jest widget, korzystaj\u0105c z wersji demonstracyjnej<\/a><\/p><\/div><div class=\"application-platform-content-item-installation application-platform-content-item\" id=\"installation\" data-nav-section=\"installation\"> <h2>Jak mog\u0119 osadzi\u0107 licznik czasu w mojej witrynie WooCommerce?<\/h2><p>Wystarczy wykona\u0107 poni\u017csze wskaz\u00f3wki, aby doda\u0107 narz\u0119dzie.<\/p><ol><li><b>Zarz\u0105dzaj nasz\u0105 bezp\u0142atn\u0105 wersj\u0105 demonstracyjn\u0105, rozpocznij tworzenie w\u0142asnego instrumentu.<\/b><br>Okre\u015bl niestandardowy uk\u0142ad i funkcje wtyczki oraz zastosuj modyfikacje.<\/li><li><b>Zdob\u0105d\u017a sw\u00f3j osobisty kod widoczny w oknie aplikacji Elfsight. <\/b><br>Po zako\u0144czeniu konfigurowania narz\u0119dzia skopiuj ekskluzywny kod z wy\u015bwietlonego pola i zapisz go na p\u00f3\u017aniej.<\/li><li><b>Rozpocznij korzystanie z wtyczki Countdown na stronie WooCommerce .<\/b><br>Wprowad\u017a kod, kt\u00f3ry ostatnio zapisa\u0142e\u015b na swojej stronie g\u0142\u00f3wnej i zastosuj ulepszenia.<\/li><li><b>Gotowe! Osadzanie zosta\u0142o pomy\u015blnie wykonane.<\/b><br>Odwied\u017a swoj\u0105 stron\u0119 internetow\u0105, aby sprawdzi\u0107, jak dzia\u0142a wtyczka.<\/li><\/ol><p>Je\u015bli masz do czynienia z pytaniami lub unikasz jakichkolwiek komplikacji, mo\u017cesz to zrobi\u0107 zwr\u00f3\u0107 si\u0119 do naszego personelu obs\u0142ugi klienta. Nasi konsultanci z przyjemno\u015bci\u0105 odpowiedz\u0105 na wszystkie Twoje pytania dotycz\u0105ce tego narz\u0119dzia.<\/p><\/div><div class=\"faq\" data-component=\"FAQ\"><div class=\"faq-item\">\r\n\t\t\t\t\t<div class=\"faq-item-question\">\r\n\t\t\t\t\t\t<h3 class=\"faq-item-question-text\"><\/h3>\r\n\r\n\t\t\t\t\t\t<div class=\"faq-item-question-icon\"><\/div>\r\n\t\t\t\t\t<\/div>\r\n\r\n\t\t\t\t\t<div class=\"faq-item-answer\">\r\n\t\t\t\t\t\t<div class=\"faq-item-answer-text\"><p>Podstawa widgetu odbywa si\u0119 w ramach us\u0142ugi Elfsight i nie ma potrzeby kodowania. Skorzystaj z wersji demonstracyjnej na \u017cywo, aby zbudowa\u0107 swoj\u0105 osobist\u0105 wtyczk\u0119, uzyska\u0107 kod i zintegrowa\u0107 go ze swoj\u0105 witryn\u0105. <\/p><\/div>\r\n\t\t\t\t\t<\/div>\r\n\t\t\t\t<\/div><div class=\"faq-item\">\r\n\t\t\t\t\t<div class=\"faq-item-question\">\r\n\t\t\t\t\t\t<h3 class=\"faq-item-question-text\">Najlepsze sposoby wykorzystania integracji timera online<\/h3>\r\n\r\n\t\t\t\t\t\t<div class=\"faq-item-question-icon\"><\/div>\r\n\t\t\t\t\t<\/div>\r\n\r\n\t\t\t\t\t<div class=\"faq-item-answer\">\r\n\t\t\t\t\t\t<div class=\"faq-item-answer-text\"><p>Mamy mn\u00f3stwo mo\u017cliwo\u015bci dostosowania: pe\u0142nowymiarowe wid\u017cety do wdro\u017cenia w strefie tre\u015bci, p\u0142ywaj\u0105ce wid\u017cety do funkcji przewijania, uk\u0142ad\u00f3w stopki, nag\u0142\u00f3wka i wszelkiego rodzaju mo\u017cliwo\u015bci pionowych pask\u00f3w bocznych i menu. <\/p><\/div>\r\n\t\t\t\t\t<\/div>\r\n\t\t\t\t<\/div><div class=\"faq-item\">\r\n\t\t\t\t\t<div class=\"faq-item-question\">\r\n\t\t\t\t\t\t<h3 class=\"faq-item-question-text\">Czy mog\u0119 za pomoc\u0105 edytora zbudowa\u0107 licznik ju\u017c wkr\u00f3tce lub licznik zaufania?<\/h3>\r\n\r\n\t\t\t\t\t\t<div class=\"faq-item-question-icon\"><\/div>\r\n\t\t\t\t\t<\/div>\r\n\r\n\t\t\t\t\t<div class=\"faq-item-answer\">\r\n\t\t\t\t\t\t<div class=\"faq-item-answer-text\"><p>Mo\u017cesz tworzy\u0107 dowolne modyfikacje wid\u017cetu. W edytorze dost\u0119pnych jest wiele uk\u0142ad\u00f3w, a ka\u017cdy z nich mo\u017cna szybko spersonalizowa\u0107 tak, jak Ci brakuje. <\/p><\/div>\r\n\t\t\t\t\t<\/div>\r\n\t\t\t\t<\/div><\/div>","protected":false},"excerpt":{"rendered":"","protected":false},"author":9,"featured_media":0,"parent":1879,"menu_order":0,"comment_status":"closed","ping_status":"closed","template":"templates\/template-application-platform.php","meta":{"publish_to_discourse":"","publish_post_category":"","wpdc_auto_publish_overridden":"","wpdc_topic_tags":"","wpdc_pin_topic":"","wpdc_pin_until":"","discourse_post_id":"","discourse_permalink":"","wpdc_publishing_response":"","wpdc_publishing_error":"","footnotes":""},"class_list":["post-4831","page","type-page","status-publish","hentry"],"yoast_head":"<!-- This site is optimized with the Yoast SEO plugin v25.3.1 - https:\/\/yoast.com\/wordpress\/plugins\/seo\/ -->\n<title>Wtyczka WooCommerce Countdown Timer dla Twojej witryny (2025)<\/title>\n<meta name=\"description\" content=\"Mo\u017cesz teraz dostosowa\u0107 wtyczk\u0119 Minutnik i zegar i umie\u015bci\u0107 j\u0105 na swojej stronie WooCommerce bezpo\u015brednio z wersji demonstracyjnej na \u017cywo.\" \/>\n<meta name=\"robots\" content=\"index, follow, max-snippet:-1, max-image-preview:large, max-video-preview:-1\" \/>\n<link rel=\"canonical\" href=\"https:\/\/elfsight.com\/pl\/countdown-timer-widget\/woocommerce\/\" \/>\n<meta property=\"og:locale\" content=\"pl_PL\" \/>\n<meta property=\"og:type\" content=\"article\" \/>\n<meta property=\"og:title\" content=\"Wtyczka WooCommerce Countdown Timer dla Twojej witryny (2025)\" \/>\n<meta property=\"og:description\" content=\"Mo\u017cesz teraz dostosowa\u0107 wtyczk\u0119 Minutnik i zegar i umie\u015bci\u0107 j\u0105 na swojej stronie WooCommerce bezpo\u015brednio z wersji demonstracyjnej na \u017cywo.\" \/>\n<meta property=\"og:url\" content=\"https:\/\/elfsight.com\/pl\/countdown-timer-widget\/woocommerce\/\" \/>\n<meta property=\"og:site_name\" content=\"Elfsight PL\" \/>\n<meta property=\"article:modified_time\" content=\"2024-11-14T09:19:58+00:00\" \/>\n<meta name=\"twitter:card\" content=\"summary_large_image\" \/>\n<meta name=\"twitter:label1\" content=\"Szacowany czas czytania\" \/>\n\t<meta name=\"twitter:data1\" content=\"2 minuty\" \/>\n<!-- \/ Yoast SEO plugin. -->","yoast_head_json":{"title":"Wtyczka WooCommerce Countdown Timer dla Twojej witryny (2025)","description":"Mo\u017cesz teraz dostosowa\u0107 wtyczk\u0119 Minutnik i zegar i umie\u015bci\u0107 j\u0105 na swojej stronie WooCommerce bezpo\u015brednio z wersji demonstracyjnej na \u017cywo.","robots":{"index":"index","follow":"follow","max-snippet":"max-snippet:-1","max-image-preview":"max-image-preview:large","max-video-preview":"max-video-preview:-1"},"canonical":"https:\/\/elfsight.com\/pl\/countdown-timer-widget\/woocommerce\/","og_locale":"pl_PL","og_type":"article","og_title":"Wtyczka WooCommerce Countdown Timer dla Twojej witryny (2025)","og_description":"Mo\u017cesz teraz dostosowa\u0107 wtyczk\u0119 Minutnik i zegar i umie\u015bci\u0107 j\u0105 na swojej stronie WooCommerce bezpo\u015brednio z wersji demonstracyjnej na \u017cywo.","og_url":"https:\/\/elfsight.com\/pl\/countdown-timer-widget\/woocommerce\/","og_site_name":"Elfsight PL","article_modified_time":"2024-11-14T09:19:58+00:00","twitter_card":"summary_large_image","twitter_misc":{"Szacowany czas czytania":"2 minuty"},"schema":{"@context":"https:\/\/schema.org","@graph":[{"@type":"WebPage","@id":"https:\/\/elfsight.com\/pl\/countdown-timer-widget\/woocommerce\/","url":"https:\/\/elfsight.com\/pl\/countdown-timer-widget\/woocommerce\/","name":"Wtyczka WooCommerce Countdown Timer dla Twojej witryny (2025)","isPartOf":{"@id":"https:\/\/elfsight.com\/pl\/#website"},"datePublished":"2024-05-03T06:34:02+00:00","dateModified":"2024-11-14T09:19:58+00:00","description":"Mo\u017cesz teraz dostosowa\u0107 wtyczk\u0119 Minutnik i zegar i umie\u015bci\u0107 j\u0105 na swojej stronie WooCommerce bezpo\u015brednio z wersji demonstracyjnej na \u017cywo.","breadcrumb":{"@id":"https:\/\/elfsight.com\/pl\/countdown-timer-widget\/woocommerce\/#breadcrumb"},"inLanguage":"pl-PL","potentialAction":[{"@type":"ReadAction","target":["https:\/\/elfsight.com\/pl\/countdown-timer-widget\/woocommerce\/"]}]},{"@type":"BreadcrumbList","@id":"https:\/\/elfsight.com\/pl\/countdown-timer-widget\/woocommerce\/#breadcrumb","itemListElement":[{"@type":"ListItem","position":1,"name":"Home","item":"https:\/\/elfsight.com\/pl\/"},{"@type":"ListItem","position":2,"name":"Countdown Timer","item":"https:\/\/elfsight.com\/pl\/countdown-timer-widget\/"},{"@type":"ListItem","position":3,"name":"Countdown Timer &#8211; WooCommerce"}]},{"@type":"WebSite","@id":"https:\/\/elfsight.com\/pl\/#website","url":"https:\/\/elfsight.com\/pl\/","name":"Elfsight PL","description":"Just another Elfsight Sites site","potentialAction":[{"@type":"SearchAction","target":{"@type":"EntryPoint","urlTemplate":"https:\/\/elfsight.com\/pl\/?s={search_term_string}"},"query-input":{"@type":"PropertyValueSpecification","valueRequired":true,"valueName":"search_term_string"}}],"inLanguage":"pl-PL"}]}},"meta_box":{"industry":"","seo_heading":"","heading":"","description":"","cta_heading":"","cta_description":"","application":"1878","h1":"Wtyczka WooCommerce Minutnik","h1_caption":"Zbuduj poczucie pilno\u015bci i ograniczonej dost\u0119pno\u015bci oraz zwi\u0119ksz liczb\u0119 zakup\u00f3w w swojej witrynie","application_category":[],"applications_title":"","applications_request_title":"","applications_request_button_text":"","hero_text":"","hero_video":"","hero_video_schema_markup":"","selling_points_title":"","selling_points_caption":"","selling_points":[],"selling_points_cta_text":"","features_title":"","features":"","ed_cta_examples_text":"","ed_cta_examples_hidden":"","ed_cta_demo_text":"","ed_cta_demo_hidden":"","why_caption":"","why_editor_title":"","why_editor_text":"","why_team_title":"","why_team_text":"","why_service_title":"","why_service_text":"","template_catalog_visible":"","template_catalog_title":"","template_catalog_text":"","template_catalog_categories_visible":"","demo_title":"Utw\u00f3rz aplikacj\u0119 ze stoperem","demo_caption":"Skonfiguruj licznik czasu i dodaj go do swojej witryny WooCommerce za darmo!","default_faq_hidden":"","app_template_category":[],"platform":"335","template_public_id":"","codecanyon_url":"","codecanyon_item_id":"","codecanyon_price":"","pricing_caption":"","pricing_elfsight_apps_hide_column":"","pricing_elfsight_apps_url":"","pricing_codecanyon_price_caption":"","integration_category":[],"integration_request_title":"","integration_request_cta":"","integration_platform":"","integrations":[],"platform_category":[],"video_schema_markup":"","price":"od 0 USD \/ miesi\u0105c","trial":"","benefits":[{"text":"Bezp\u0142atna us\u0142uga monta\u017cu"},{"text":"Kompetentna obs\u0142uga klienta"},{"text":"14-dniowa gwarancja zwrotu pieni\u0119dzy"}],"button_url":"#demo","button_target_blank":"","button_nofollow":"","attributes":[{"name":"Instaluje"},{"name":"Czu\u0142y"},{"name":"Kompatybilne przegl\u0105darki"}],"tags":[],"tags_disable_links":"","hide_more_platforms":"","video_object":"","demo_hide_cta":"","demo_hide_cloud_options":"","pricing_title":"","pricing":[{"pricing_icon":"platform","pricing_title":"Elfsight Apps","pricing_title_caption":"Oprogramowanie wieloplatformowe, kt\u00f3re pasuje do ka\u017cdej witryny internetowej","pricing_price":"od 0 USD \/ miesi\u0105c","pricing_price_caption":"zacznij od bezp\u0142atnego planu","pricing_benefits":[{"text":"Nielimitowane domeny"},{"text":"Ca\u0142odobowe wsparcie firmy i dobrze udokumentowane"},{"text":"Bezp\u0142atna us\u0142uga monta\u017cu"},{"text":"W pe\u0142ni konfigurowalny"}],"pricing_button_text":"Dodaj do witryny","pricing_button_url":"#demo"}],"related_apps_title":"","related_apps_hidden":"","author":"","image":[],"title":"","job":"","social_networks":[]},"_links":{"self":[{"href":"https:\/\/elfsight.com\/pl\/wp-json\/wp\/v2\/pages\/4831","targetHints":{"allow":["GET"]}}],"collection":[{"href":"https:\/\/elfsight.com\/pl\/wp-json\/wp\/v2\/pages"}],"about":[{"href":"https:\/\/elfsight.com\/pl\/wp-json\/wp\/v2\/types\/page"}],"author":[{"embeddable":true,"href":"https:\/\/elfsight.com\/pl\/wp-json\/wp\/v2\/users\/9"}],"replies":[{"embeddable":true,"href":"https:\/\/elfsight.com\/pl\/wp-json\/wp\/v2\/comments?post=4831"}],"version-history":[{"count":1,"href":"https:\/\/elfsight.com\/pl\/wp-json\/wp\/v2\/pages\/4831\/revisions"}],"predecessor-version":[{"id":4835,"href":"https:\/\/elfsight.com\/pl\/wp-json\/wp\/v2\/pages\/4831\/revisions\/4835"}],"up":[{"embeddable":true,"href":"https:\/\/elfsight.com\/pl\/wp-json\/wp\/v2\/pages\/1879"}],"wp:attachment":[{"href":"https:\/\/elfsight.com\/pl\/wp-json\/wp\/v2\/media?parent=4831"}],"curies":[{"name":"wp","href":"https:\/\/api.w.org\/{rel}","templated":true}]}}