{"id":4829,"date":"2024-05-03T06:34:00","date_gmt":"2024-05-03T06:34:00","guid":{"rendered":"https:\/\/elfsight.com\/pl\/?page_id=4829"},"modified":"2024-11-14T08:52:09","modified_gmt":"2024-11-14T08:52:09","slug":"google-sites","status":"publish","type":"page","link":"https:\/\/elfsight.com\/pl\/countdown-timer-widget\/google-sites\/","title":{"rendered":"Countdown Timer &#8211; Google Sites"},"content":{"rendered":"<div class=\"application-platform-content-item-description application-platform-content-item\" id=\"description\" data-nav-section=\"description\"> <h2>Osad\u017a licznik czasu w Witrynach Google za pomoc\u0105 wid\u017cetu Elfsight<\/h2> <p>U\u017cyj zegara odliczania Elfsight w Witrynach Google do tworzenia r\u00f3\u017cnorodnych licznik\u00f3w i timery, kt\u00f3re zach\u0119caj\u0105 u\u017cytkownik\u00f3w do zakup\u00f3w w Twojej witrynie. Liczenie zapas\u00f3w lub sprzeda\u017cy wywo\u0142a poczucie deficytu i konkurencji; odliczanie wyprzeda\u017cy zach\u0119ci odwiedzaj\u0105cych do zakupu ju\u017c teraz, zanim strac\u0105 okazj\u0119. Osobiste odliczanie pobudzi ka\u017cdego kupuj\u0105cego do wcze\u015bniejszego skorzystania z osobistej oferty; banery \u015bwi\u0105tecznej wyprzeda\u017cy przyci\u0105gn\u0105 uwag\u0119 jasnym motywem.<\/p> <p><b>Dzi\u0119ki wtyczce Countdown mo\u017cesz osi\u0105gn\u0105\u0107 solidny rozw\u00f3j biznesu i wi\u0119ksz\u0105 sprzeda\u017c <\/b><\/p> <\/div> <div class=\"application-platform-content-item-features  application-platform-content-item\" id=\"features \" data-nav-section=\"features \"> <h2>Oferujemy przydatne i proste funkcje, oto niekt\u00f3re z nich: <\/h2> <ul> <li>Trzy typy licznik\u00f3w czasu: od pocz\u0105tku do ko\u0144ca, pozosta\u0142y czas na odwiedzaj\u0105cego, liczba od pocz\u0105tku do ko\u0144ca liczy\u0107; <\/li> <li>Edytowalny tekst wiadomo\u015bci z formatowaniem; <\/li> <li>Cztery jednostki czasu: dni, godziny, minuty, sekundy; <\/li> <li>Wyr\u00f3wnaj warianty do niestandardowej pozycji: do lewej, prawej, do \u015brodka; <\/li> <li>Trzy rodzaje animacji zmiany liczb. <\/li><\/ul><p><a href=\"#demo\">Pe\u0142ne mo\u017cliwo\u015bci wid\u017cetu mo\u017cesz przetestowa\u0107 w poni\u017cszej wersji demonstracyjnej<\/a><\/p> <\/div> <div class=\"application-platform-content-item- instalacja application-platform-content-item\" id=\" instalacja\" data-nav-section=\" instalacja\"> <h2>Jak osadzi\u0107 minutnik w moich Witrynach Google?<\/h2> <div class=\"video-container\"><iframe width=\"720\" height=\"405\" src=\"https:\/\/www.youtube.com\/embed\/WSY8A6lXYGs\" frameborder=\"0\" allowfullscreen=\"\"><\/iframe><\/div><p>Wystarczy zastosowa\u0107 si\u0119 do poni\u017cszych instrukcji, aby rozpocz\u0105\u0107 korzystanie z narz\u0119dzia. <\/p> <ol><li><b>Zarz\u0105dzaj naszym darmowym edytorem i zacznij tworzy\u0107 w\u0142asn\u0105 wtyczk\u0119. <\/b><br> Okre\u015bl po\u017c\u0105dany wygl\u0105d i aspekty narz\u0119dzia oraz zastosuj modyfikacje. <\/li> <li><b>Zdob\u0105d\u017a sw\u00f3j unikalny kod widoczny w specjalnym formularzu w aplikacjach Elfsight. <\/b><br> Po zako\u0144czeniu tworzenia wtyczki skopiuj ekskluzywny kod z wyskakuj\u0105cego okienka i zachowaj go na dalsze potrzeby. <\/li> <li><b>Zacznij korzysta\u0107 z zegara odliczaj\u0105cego w swoich Witrynach Google.<\/b><br> Wklej ostatnio skopiowany kod na swoj\u0105 stron\u0119 internetow\u0105 i zastosuj zmiany. <\/li> <li><b>Gotowe! Konfiguracja zosta\u0142a pomy\u015blnie przeprowadzona. <\/b><br> Przejd\u017a do swojej witryny, aby zobaczy\u0107, jak dzia\u0142a to narz\u0119dzie. <\/li><\/ol> <div class=\"tip-yellow tip\"><b>Ze wzgl\u0119du na specyfik\u0119 dzia\u0142ania Witryn Google wid\u017cet mo\u017ce wygl\u0105da\u0107 inaczej ni\u017c wersja demonstracyjna online. Przepraszamy za wszelkie niedogodno\u015bci.<\/b><\/div><p>Je\u015bli masz pytania lub napotkasz jakiekolwiek trudno\u015bci, skontaktuj si\u0119 z naszym zespo\u0142em obs\u0142ugi klienta. Nasi ludzie z przyjemno\u015bci\u0105 rozwi\u0105\u017c\u0105 wszystkie problemy, jakie mo\u017cesz mie\u0107 z wtyczk\u0105. <\/p> <div class=\"faq\" data-component=\"FAQ\"> <div class=\"faq-item\">\r\n\t\t\t\t\t<div class=\"faq-item-question\">\r\n\t\t\t\t\t\t<h3 class=\"faq-item-question-text\">Jak doda\u0107 licznik czasu do mojej witryny Google Sites bez umiej\u0119tno\u015bci kodowania?<\/h3>\r\n\r\n\t\t\t\t\t\t<div class=\"faq-item-question-icon\"><\/div>\r\n\t\t\t\t\t<\/div>\r\n\r\n\t\t\t\t\t<div class=\"faq-item-answer\">\r\n\t\t\t\t\t\t<div class=\"faq-item-answer-text\"> <p>Elfsight zapewnia rozwi\u0105zanie SaaS, kt\u00f3re pozwala samodzielnie utworzy\u0107 wid\u017cet licznika czasu. Zobacz, jakie to proste Proces ten jest nast\u0119puj\u0105cy: Pracuj bezpo\u015brednio w edytorze online, aby utworzy\u0107 wid\u017cet licznika czasu, kt\u00f3ry chcesz widzie\u0107 w swojej witrynie Witryn Google. Wybierz jeden z gotowych szablon\u00f3w i dostosuj ustawienia licznika czasu, dodaj tre\u015b\u0107, zmie\u0144 uk\u0142ad i kolory bez umiej\u0119tno\u015bci kodowania. Zapisz licznik czasu i skopiuj jego kod instalacyjny, kt\u00f3ry mo\u017cesz po prostu umie\u015bci\u0107 w swojej witrynie Google Sites bez konieczno\u015bci kupowania wersji p\u0142atnej. Dzi\u0119ki naszemu intuicyjnemu edytorowi ka\u017cdy u\u017cytkownik Internetu mo\u017ce utworzy\u0107 wid\u017cet Minutnik online i \u0142atwo umie\u015bci\u0107 go w swojej witrynie Google Sites. Aby uzyska\u0107 dost\u0119p do us\u0142ugi, nie trzeba p\u0142aci\u0107 ani wprowadza\u0107 danych uwierzytelniaj\u0105cych karty. Je\u015bli na kt\u00f3rymkolwiek etapie napotkasz jakiekolwiek problemy, skontaktuj si\u0119 z naszym zespo\u0142em pomocy technicznej.<\/p> <\/div>\r\n\t\t\t\t\t<\/div>\r\n\t\t\t\t<\/div> <\/div> <\/div>","protected":false},"excerpt":{"rendered":"","protected":false},"author":9,"featured_media":0,"parent":1879,"menu_order":0,"comment_status":"closed","ping_status":"closed","template":"templates\/template-application-platform.php","meta":{"publish_to_discourse":"","publish_post_category":"","wpdc_auto_publish_overridden":"","wpdc_topic_tags":"","wpdc_pin_topic":"","wpdc_pin_until":"","discourse_post_id":"","discourse_permalink":"","wpdc_publishing_response":"","wpdc_publishing_error":"","footnotes":""},"class_list":["post-4829","page","type-page","status-publish","hentry"],"yoast_head":"<!-- This site is optimized with the Yoast SEO plugin v25.3.1 - https:\/\/yoast.com\/wordpress\/plugins\/seo\/ -->\n<title>Minutnik \u2013 dodaj wid\u017cet Zegara odliczaj\u0105cego do Witryn Google (2025)<\/title>\n<meta name=\"description\" content=\"Dodaj responsywny licznik czasu do swoich Witryn Google i zdob\u0105d\u017a pe\u0142ne zaufanie. Skorzystaj z por\u0119cznej wersji demonstracyjnej Elfsight, aby stworzy\u0107 sw\u00f3j spersonalizowany zegar odliczaj\u0105cy.\" \/>\n<meta name=\"robots\" content=\"index, follow, max-snippet:-1, max-image-preview:large, max-video-preview:-1\" \/>\n<link rel=\"canonical\" href=\"https:\/\/elfsight.com\/pl\/countdown-timer-widget\/google-sites\/\" \/>\n<meta property=\"og:locale\" content=\"pl_PL\" \/>\n<meta property=\"og:type\" content=\"article\" \/>\n<meta property=\"og:title\" content=\"Minutnik \u2013 dodaj wid\u017cet Zegara odliczaj\u0105cego do Witryn Google (2025)\" \/>\n<meta property=\"og:description\" content=\"Dodaj responsywny licznik czasu do swoich Witryn Google i zdob\u0105d\u017a pe\u0142ne zaufanie. Skorzystaj z por\u0119cznej wersji demonstracyjnej Elfsight, aby stworzy\u0107 sw\u00f3j spersonalizowany zegar odliczaj\u0105cy.\" \/>\n<meta property=\"og:url\" content=\"https:\/\/elfsight.com\/pl\/countdown-timer-widget\/google-sites\/\" \/>\n<meta property=\"og:site_name\" content=\"Elfsight PL\" \/>\n<meta property=\"article:modified_time\" content=\"2024-11-14T08:52:09+00:00\" \/>\n<meta name=\"twitter:card\" content=\"summary_large_image\" \/>\n<meta name=\"twitter:label1\" content=\"Szacowany czas czytania\" \/>\n\t<meta name=\"twitter:data1\" content=\"3 minuty\" \/>\n<!-- \/ Yoast SEO plugin. -->","yoast_head_json":{"title":"Minutnik \u2013 dodaj wid\u017cet Zegara odliczaj\u0105cego do Witryn Google (2025)","description":"Dodaj responsywny licznik czasu do swoich Witryn Google i zdob\u0105d\u017a pe\u0142ne zaufanie. Skorzystaj z por\u0119cznej wersji demonstracyjnej Elfsight, aby stworzy\u0107 sw\u00f3j spersonalizowany zegar odliczaj\u0105cy.","robots":{"index":"index","follow":"follow","max-snippet":"max-snippet:-1","max-image-preview":"max-image-preview:large","max-video-preview":"max-video-preview:-1"},"canonical":"https:\/\/elfsight.com\/pl\/countdown-timer-widget\/google-sites\/","og_locale":"pl_PL","og_type":"article","og_title":"Minutnik \u2013 dodaj wid\u017cet Zegara odliczaj\u0105cego do Witryn Google (2025)","og_description":"Dodaj responsywny licznik czasu do swoich Witryn Google i zdob\u0105d\u017a pe\u0142ne zaufanie. Skorzystaj z por\u0119cznej wersji demonstracyjnej Elfsight, aby stworzy\u0107 sw\u00f3j spersonalizowany zegar odliczaj\u0105cy.","og_url":"https:\/\/elfsight.com\/pl\/countdown-timer-widget\/google-sites\/","og_site_name":"Elfsight PL","article_modified_time":"2024-11-14T08:52:09+00:00","twitter_card":"summary_large_image","twitter_misc":{"Szacowany czas czytania":"3 minuty"},"schema":{"@context":"https:\/\/schema.org","@graph":[{"@type":"WebPage","@id":"https:\/\/elfsight.com\/pl\/countdown-timer-widget\/google-sites\/","url":"https:\/\/elfsight.com\/pl\/countdown-timer-widget\/google-sites\/","name":"Minutnik \u2013 dodaj wid\u017cet Zegara odliczaj\u0105cego do Witryn Google (2025)","isPartOf":{"@id":"https:\/\/elfsight.com\/pl\/#website"},"datePublished":"2024-05-03T06:34:00+00:00","dateModified":"2024-11-14T08:52:09+00:00","description":"Dodaj responsywny licznik czasu do swoich Witryn Google i zdob\u0105d\u017a pe\u0142ne zaufanie. Skorzystaj z por\u0119cznej wersji demonstracyjnej Elfsight, aby stworzy\u0107 sw\u00f3j spersonalizowany zegar odliczaj\u0105cy.","breadcrumb":{"@id":"https:\/\/elfsight.com\/pl\/countdown-timer-widget\/google-sites\/#breadcrumb"},"inLanguage":"pl-PL","potentialAction":[{"@type":"ReadAction","target":["https:\/\/elfsight.com\/pl\/countdown-timer-widget\/google-sites\/"]}]},{"@type":"BreadcrumbList","@id":"https:\/\/elfsight.com\/pl\/countdown-timer-widget\/google-sites\/#breadcrumb","itemListElement":[{"@type":"ListItem","position":1,"name":"Home","item":"https:\/\/elfsight.com\/pl\/"},{"@type":"ListItem","position":2,"name":"Countdown Timer","item":"https:\/\/elfsight.com\/pl\/countdown-timer-widget\/"},{"@type":"ListItem","position":3,"name":"Countdown Timer &#8211; Google Sites"}]},{"@type":"WebSite","@id":"https:\/\/elfsight.com\/pl\/#website","url":"https:\/\/elfsight.com\/pl\/","name":"Elfsight PL","description":"Just another Elfsight Sites site","potentialAction":[{"@type":"SearchAction","target":{"@type":"EntryPoint","urlTemplate":"https:\/\/elfsight.com\/pl\/?s={search_term_string}"},"query-input":{"@type":"PropertyValueSpecification","valueRequired":true,"valueName":"search_term_string"}}],"inLanguage":"pl-PL"}]}},"meta_box":{"industry":"","seo_heading":"","heading":"","description":"","cta_heading":"","cta_description":"","application":"1878","h1":"Wid\u017cet licznika czasu w Witrynach Google","h1_caption":"Ustaw odliczanie do wa\u017cnych wydarze\u0144 lub promocji, aby bez wysi\u0142ku wywo\u0142a\u0107 u os\u00f3b odwiedzaj\u0105cych Twoje Witryny Google poczucie pilno\u015bci.","application_category":[],"applications_title":"","applications_request_title":"","applications_request_button_text":"","hero_text":"","hero_video":"","hero_video_schema_markup":"","selling_points_title":"","selling_points_caption":"","selling_points":[],"selling_points_cta_text":"","features_title":"","features":"","ed_cta_examples_text":"","ed_cta_examples_hidden":"","ed_cta_demo_text":"","ed_cta_demo_hidden":"","why_caption":"","why_editor_title":"","why_editor_text":"","why_team_title":"","why_team_text":"","why_service_title":"","why_service_text":"","template_catalog_visible":"","template_catalog_title":"","template_catalog_text":"","template_catalog_categories_visible":"","demo_title":"Utw\u00f3rz wid\u017cet licznika czasu","demo_caption":"Skonfiguruj licznik czasu i dodaj go za darmo do swojej witryny Google Sites!","default_faq_hidden":"","app_template_category":[],"platform":"484","template_public_id":"","codecanyon_url":"","codecanyon_item_id":"","codecanyon_price":"","pricing_caption":"","pricing_elfsight_apps_hide_column":"","pricing_elfsight_apps_url":"","pricing_codecanyon_price_caption":"","integration_category":[],"integration_request_title":"","integration_request_cta":"","integration_platform":"","integrations":[],"platform_category":[],"video_schema_markup":"","price":"od 0 USD \/ miesi\u0105c","trial":"","benefits":[{"text":"Bezp\u0142atna us\u0142uga monta\u017cu"},{"text":"Skuteczna obs\u0142uga klienta"},{"text":"14-dniowa gwarancja zwrotu pieni\u0119dzy"}],"button_url":"#demo","button_target_blank":"","button_nofollow":"","attributes":[{"name":"Instaluje"},{"name":"Czu\u0142y"},{"name":"Kompatybilne przegl\u0105darki"}],"tags":[],"tags_disable_links":"","hide_more_platforms":"","video_object":"","demo_hide_cta":"","demo_hide_cloud_options":"","pricing_title":"","pricing":[{"pricing_icon":"platform","pricing_title":"Elfsight Apps","pricing_title_caption":"Oprogramowanie wieloplatformowe, kt\u00f3re pasuje do ka\u017cdej witryny internetowej","pricing_price":"od 0 USD \/ miesi\u0105c","pricing_price_caption":"zacznij od bezp\u0142atnego planu","pricing_benefits":[{"text":"Nieograniczona liczba domen"},{"text":"Bezp\u0142atne i terminowe wsparcie"},{"text":"Bezp\u0142atna pomoc w monta\u017cu"},{"text":"Oferta specjalna na wiele aplikacji"}],"pricing_button_text":"Dodaj do witryny","pricing_button_url":"#demo"}],"related_apps_title":"","related_apps_hidden":"","author":"","image":[],"title":"","job":"","social_networks":[]},"_links":{"self":[{"href":"https:\/\/elfsight.com\/pl\/wp-json\/wp\/v2\/pages\/4829","targetHints":{"allow":["GET"]}}],"collection":[{"href":"https:\/\/elfsight.com\/pl\/wp-json\/wp\/v2\/pages"}],"about":[{"href":"https:\/\/elfsight.com\/pl\/wp-json\/wp\/v2\/types\/page"}],"author":[{"embeddable":true,"href":"https:\/\/elfsight.com\/pl\/wp-json\/wp\/v2\/users\/9"}],"replies":[{"embeddable":true,"href":"https:\/\/elfsight.com\/pl\/wp-json\/wp\/v2\/comments?post=4829"}],"version-history":[{"count":2,"href":"https:\/\/elfsight.com\/pl\/wp-json\/wp\/v2\/pages\/4829\/revisions"}],"predecessor-version":[{"id":7735,"href":"https:\/\/elfsight.com\/pl\/wp-json\/wp\/v2\/pages\/4829\/revisions\/7735"}],"up":[{"embeddable":true,"href":"https:\/\/elfsight.com\/pl\/wp-json\/wp\/v2\/pages\/1879"}],"wp:attachment":[{"href":"https:\/\/elfsight.com\/pl\/wp-json\/wp\/v2\/media?parent=4829"}],"curies":[{"name":"wp","href":"https:\/\/api.w.org\/{rel}","templated":true}]}}