{"id":4824,"date":"2024-05-03T06:33:59","date_gmt":"2024-05-03T06:33:59","guid":{"rendered":"https:\/\/elfsight.com\/pl\/?page_id=4824"},"modified":"2024-09-13T13:22:25","modified_gmt":"2024-09-13T13:22:25","slug":"godaddy","status":"publish","type":"page","link":"https:\/\/elfsight.com\/pl\/countdown-timer-widget\/godaddy\/","title":{"rendered":"Countdown Timer  &#8211; GoDaddy"},"content":{"rendered":"<div class=\"application-platform-content-item-description application-platform-content-item\" id=\"description\" data-nav-section=\"description\"> <h2>Umie\u015b\u0107 licznik czasu w GoDaddy za pomoc\u0105 wid\u017cetu Elfsight<\/h2><p>Wy\u015bwietlaj odliczanie generuj\u0105ce sprzeda\u017c w swojej witrynie za pomoc\u0105 licznika czasu Elfsight. Podgrzej atmosfer\u0119 i wywo\u0142aj poczucie ograniczonej dost\u0119pno\u015bci swoich towar\u00f3w, pokazuj\u0105c, jak szybko s\u0105 one sprzedawane na oczach klient\u00f3w. Przyspiesz swoich klient\u00f3w do rozpocz\u0119cia zakup\u00f3w, odliczaj\u0105c czas trwania oferty specjalnej. Tw\u00f3rz odliczanie, aby og\u0142osi\u0107 nadchodz\u0105ce okazje lub \u015bwi\u0105teczne wyprzeda\u017ce i sprawi\u0107, by Twoi klienci z niecierpliwo\u015bci\u0105 czekali na pocz\u0105tek. <\/p> <p><b>Zwi\u0119ksz sprzeda\u017c online za pomoc\u0105 licznik\u00f3w czasu i licznik\u00f3w zwi\u0119kszaj\u0105cych pilno\u015b\u0107.<\/b><\/p> <p><b>Zach\u0119caj ludzi do cz\u0119stszych zakup\u00f3w w Twojej witrynie, wywo\u0142uj\u0105c poczucie pilno\u015bci . <\/b><br> <\/p><p>Spraw, aby Twoi odbiorcy poczuli strach, \u017ce przegapi\u0105 Twoje oferty i wyprzeda\u017ce &#8211; poka\u017c im, \u017ce czas ucieka. Dzi\u0119ki temu u\u017cytkownicy b\u0119d\u0105 dokonywa\u0107 szybszych zakup\u00f3w, a Ty zyskasz now\u0105 sprzeda\u017c. <\/p> <p><b>Poka\u017c, \u017ce zapasy malej\u0105 i wzbudz w u\u017cytkownikach zazdro\u015b\u0107 o zakup. <\/b><br> <\/p><p>Wyka\u017c, \u017ce Twoje towary s\u0105 szybko kupowane i brakuje ich, korzystaj\u0105c ze specjalnego licznika zapas\u00f3w. Sprawi, \u017ce odbiorcy b\u0119d\u0105 bardziej ceni\u0107 towary i stan\u0105 si\u0119 zazdro\u015bni, aby je kupi\u0107. <\/p> <p><b>Przyci\u0105gnij wi\u0119ksz\u0105 uwag\u0119 do swojej sprzeda\u017cy dzi\u0119ki specjalnemu paskowi odliczania o tematyce \u015bwi\u0105tecznej. <\/b><\/p> <p>Korzystaj\u0105c z atrakcyjnych pask\u00f3w tematycznych, mo\u017cesz promowa\u0107 swoje sezonowe oferty i wyprzeda\u017ce. Nie przegap wakacji, aby zwi\u0119kszy\u0107 sprzeda\u017c w swojej witrynie. <\/p> <\/div> <div class=\"application-platform-content-item-features application-platform-content-item\" id=\"features\" data-nav-section=\"features\"> <h2>G\u0142\u00f3wne cechy wid\u017cetu Minutnik<\/h2><p> Oto cechy wtyczki Elfsight, kt\u00f3re czyni\u0105 j\u0105 najwa\u017cniejsz\u0105 wtyczk\u0105 dla ka\u017cdej witryny jQuery .<\/p><ul> <li>Licznik w g\u00f3r\u0119 i w d\u00f3\u0142; <\/li> <li>Opcja otwierania przycisku linku w nowej karcie; <\/li> <li>Cztery jednostki czasu: dni, godziny, minuty, sekundy; <\/li> <li>Cztery warianty pozycji: statyczna g\u00f3ra, p\u0142ywaj\u0105ca g\u00f3ra lub d\u00f3\u0142 oraz pozycja niestandardowa; <\/li> <li>Responsywny interfejs z automatycznym dostosowywaniem si\u0119 do rozmiaru ekranu. <\/li><\/ul><p><a href=\"#demo\">Wypr\u00f3buj wszystkie zalety w wersji demonstracyjnej na \u017cywo<\/a><\/p><\/div> <div class=\"application-platform-content-item-installation application-platform-content-item\" id=\"installation\" data-nav-section=\"installation\"> <h2> Jak doda\u0107 licznik czasu do witryny GoDaddy<\/h2><p>Wtyczka Elfsight jest prosta w instalacji i nie b\u0119dzie wymaga\u0107 wiedzy programistycznej. Wykonanie instrukcji zajmie Ci oko\u0142o 1 minuty. <\/p><ol><li><b>Zaprojektuj sw\u00f3j osobisty minutnik<\/b>.<br> Za pomoc\u0105 naszego bezp\u0142atnego edytora utw\u00f3rz wtyczk\u0119 o po\u017c\u0105danych parametrach.<\/li><li><b>Zdob\u0105d\u017a kod do umieszczenia wtyczki na swojej stronie internetowej<\/b>.<br> Po skonfigurowaniu ustawie\u0144 zdob\u0105d\u017a kod wtyczki Countdown z wy\u015bwietlonego okna aplikacji Elfsight. <\/li><li><b>Dodaj wtyczk\u0119 na stronie GoDaddy<\/b>.<br> Uruchom kod strony w edytorze JQUERY, umie\u015b\u0107 wtyczk\u0119 w wybranym miejscu (tre\u015b\u0107, stopka, pasek boczny itp.) i opublikuj zmiany. <\/li><li><b>Integracja przebieg\u0142a pomy\u015blnie! <\/b>.<br> Wejd\u017a na stron\u0119 GoDaddy, aby sprawdzi\u0107 swoj\u0105 wtyczk\u0119. <\/li><\/ol><p>Je\u015bli podczas korzystania z tutoriala pojawi\u0142y si\u0119 jakie\u015b pytania, zostaw wiadomo\u015b\u0107 w naszym centrum wsparcia lub zapoznaj si\u0119 z pe\u0142nym tekstem tutoriala i samodzielnie doko\u0144cz tworzenie wtyczki. <\/p><div class=\"faq\" data-component=\"FAQ\"> <div class=\"faq-item\">\r\n\t\t\t\t\t<div class=\"faq-item-question\">\r\n\t\t\t\t\t\t<h3 class=\"faq-item-question-text\">Jak doda\u0107 licznik czasu do mojej witryny GoDaddy bez umiej\u0119tno\u015bci kodowania?<\/h3>\r\n\r\n\t\t\t\t\t\t<div class=\"faq-item-question-icon\"><\/div>\r\n\t\t\t\t\t<\/div>\r\n\r\n\t\t\t\t\t<div class=\"faq-item-answer\">\r\n\t\t\t\t\t\t<div class=\"faq-item-answer-text\"> <p>Elfsight zapewnia rozwi\u0105zanie SaaS, kt\u00f3re umo\u017cliwia samodzielne utworzenie wid\u017cetu licznika czasu. Zobacz, jak \u0142atwo proces jest nast\u0119puj\u0105cy: Pracuj bezpo\u015brednio w edytorze online, aby utworzy\u0107 wid\u017cet licznika czasu, kt\u00f3ry chcesz zobaczy\u0107 w swojej witrynie GoDaddy. Wybierz jeden z gotowych szablon\u00f3w i dostosuj ustawienia licznika czasu, dodaj tre\u015b\u0107, zmie\u0144 uk\u0142ad i schemat kolor\u00f3w bez umiej\u0119tno\u015bci kodowania. Zapisz licznik czasu i skopiuj jego kod instalacyjny, kt\u00f3ry mo\u017cesz \u0142atwo wklei\u0107 na swojej stronie GoDaddy bez konieczno\u015bci zakupu p\u0142atnego planu. Dzi\u0119ki naszemu intuicyjnemu edytorowi ka\u017cdy u\u017cytkownik Internetu mo\u017ce utworzy\u0107 wid\u017cet Minutnik online i \u0142atwo osadzi\u0107 go na swojej stronie internetowej GoDaddy. Aby uzyska\u0107 dost\u0119p do us\u0142ugi, nie trzeba p\u0142aci\u0107 ani wprowadza\u0107 danych uwierzytelniaj\u0105cych karty. Je\u015bli na kt\u00f3rymkolwiek etapie napotkasz jakiekolwiek problemy, skontaktuj si\u0119 z naszym zespo\u0142em pomocy technicznej.<\/p> <\/div>\r\n\t\t\t\t\t<\/div>\r\n\t\t\t\t<\/div> <\/div> <\/div>","protected":false},"excerpt":{"rendered":"","protected":false},"author":9,"featured_media":0,"parent":1879,"menu_order":0,"comment_status":"closed","ping_status":"closed","template":"templates\/template-application-platform.php","meta":{"publish_to_discourse":"","publish_post_category":"","wpdc_auto_publish_overridden":"","wpdc_topic_tags":"","wpdc_pin_topic":"","wpdc_pin_until":"","discourse_post_id":"","discourse_permalink":"","wpdc_publishing_response":"","wpdc_publishing_error":"","footnotes":""},"class_list":["post-4824","page","type-page","status-publish","hentry"],"yoast_head":"<!-- This site is optimized with the Yoast SEO plugin v25.3.1 - https:\/\/yoast.com\/wordpress\/plugins\/seo\/ -->\n<title>Wtyczka Minutnik \u2014 dodaj wtyczk\u0119 Minutnik do witryny GoDaddy!<\/title>\n<meta name=\"description\" content=\"Ju\u017c teraz zapoznaj si\u0119 z wtyczk\u0105 Elfsight Countdown Timer dla GoDaddy. Zaprojektuj niestandardowe liczniki czasu dla swojej witryny w ci\u0105gu kilku minut!\" \/>\n<meta name=\"robots\" content=\"index, follow, max-snippet:-1, max-image-preview:large, max-video-preview:-1\" \/>\n<link rel=\"canonical\" href=\"https:\/\/elfsight.com\/pl\/countdown-timer-widget\/godaddy\/\" \/>\n<meta property=\"og:locale\" content=\"pl_PL\" \/>\n<meta property=\"og:type\" content=\"article\" \/>\n<meta property=\"og:title\" content=\"Wtyczka Minutnik \u2014 dodaj wtyczk\u0119 Minutnik do witryny GoDaddy!\" \/>\n<meta property=\"og:description\" content=\"Ju\u017c teraz zapoznaj si\u0119 z wtyczk\u0105 Elfsight Countdown Timer dla GoDaddy. Zaprojektuj niestandardowe liczniki czasu dla swojej witryny w ci\u0105gu kilku minut!\" \/>\n<meta property=\"og:url\" content=\"https:\/\/elfsight.com\/pl\/countdown-timer-widget\/godaddy\/\" \/>\n<meta property=\"og:site_name\" content=\"Elfsight PL\" \/>\n<meta property=\"article:modified_time\" content=\"2024-09-13T13:22:25+00:00\" \/>\n<meta name=\"twitter:card\" content=\"summary_large_image\" \/>\n<meta name=\"twitter:label1\" content=\"Szacowany czas czytania\" \/>\n\t<meta name=\"twitter:data1\" content=\"3 minuty\" \/>\n<!-- \/ Yoast SEO plugin. -->","yoast_head_json":{"title":"Wtyczka Minutnik \u2014 dodaj wtyczk\u0119 Minutnik do witryny GoDaddy!","description":"Ju\u017c teraz zapoznaj si\u0119 z wtyczk\u0105 Elfsight Countdown Timer dla GoDaddy. Zaprojektuj niestandardowe liczniki czasu dla swojej witryny w ci\u0105gu kilku minut!","robots":{"index":"index","follow":"follow","max-snippet":"max-snippet:-1","max-image-preview":"max-image-preview:large","max-video-preview":"max-video-preview:-1"},"canonical":"https:\/\/elfsight.com\/pl\/countdown-timer-widget\/godaddy\/","og_locale":"pl_PL","og_type":"article","og_title":"Wtyczka Minutnik \u2014 dodaj wtyczk\u0119 Minutnik do witryny GoDaddy!","og_description":"Ju\u017c teraz zapoznaj si\u0119 z wtyczk\u0105 Elfsight Countdown Timer dla GoDaddy. Zaprojektuj niestandardowe liczniki czasu dla swojej witryny w ci\u0105gu kilku minut!","og_url":"https:\/\/elfsight.com\/pl\/countdown-timer-widget\/godaddy\/","og_site_name":"Elfsight PL","article_modified_time":"2024-09-13T13:22:25+00:00","twitter_card":"summary_large_image","twitter_misc":{"Szacowany czas czytania":"3 minuty"},"schema":{"@context":"https:\/\/schema.org","@graph":[{"@type":"WebPage","@id":"https:\/\/elfsight.com\/pl\/countdown-timer-widget\/godaddy\/","url":"https:\/\/elfsight.com\/pl\/countdown-timer-widget\/godaddy\/","name":"Wtyczka Minutnik \u2014 dodaj wtyczk\u0119 Minutnik do witryny GoDaddy!","isPartOf":{"@id":"https:\/\/elfsight.com\/pl\/#website"},"datePublished":"2024-05-03T06:33:59+00:00","dateModified":"2024-09-13T13:22:25+00:00","description":"Ju\u017c teraz zapoznaj si\u0119 z wtyczk\u0105 Elfsight Countdown Timer dla GoDaddy. Zaprojektuj niestandardowe liczniki czasu dla swojej witryny w ci\u0105gu kilku minut!","breadcrumb":{"@id":"https:\/\/elfsight.com\/pl\/countdown-timer-widget\/godaddy\/#breadcrumb"},"inLanguage":"pl-PL","potentialAction":[{"@type":"ReadAction","target":["https:\/\/elfsight.com\/pl\/countdown-timer-widget\/godaddy\/"]}]},{"@type":"BreadcrumbList","@id":"https:\/\/elfsight.com\/pl\/countdown-timer-widget\/godaddy\/#breadcrumb","itemListElement":[{"@type":"ListItem","position":1,"name":"Home","item":"https:\/\/elfsight.com\/pl\/"},{"@type":"ListItem","position":2,"name":"Countdown Timer","item":"https:\/\/elfsight.com\/pl\/countdown-timer-widget\/"},{"@type":"ListItem","position":3,"name":"Countdown Timer &#8211; GoDaddy"}]},{"@type":"WebSite","@id":"https:\/\/elfsight.com\/pl\/#website","url":"https:\/\/elfsight.com\/pl\/","name":"Elfsight PL","description":"Just another Elfsight Sites site","potentialAction":[{"@type":"SearchAction","target":{"@type":"EntryPoint","urlTemplate":"https:\/\/elfsight.com\/pl\/?s={search_term_string}"},"query-input":{"@type":"PropertyValueSpecification","valueRequired":true,"valueName":"search_term_string"}}],"inLanguage":"pl-PL"}]}},"meta_box":{"industry":"","seo_heading":"","heading":"","description":"","cta_heading":"","cta_description":"","application":"1878","h1":"Wtyczka licznika czasu odliczania GoDaddy","h1_caption":"Zwi\u0119ksz emocje zwi\u0105zane z zakupami w swojej witrynie za pomoc\u0105 licznik\u00f3w czasu i licznik\u00f3w","application_category":[],"applications_title":"","applications_request_title":"","applications_request_button_text":"","hero_text":"","hero_video":"","hero_video_schema_markup":"","selling_points_title":"","selling_points_caption":"","selling_points":[],"selling_points_cta_text":"","features_title":"","features":"","ed_cta_examples_text":"","ed_cta_examples_hidden":"","ed_cta_demo_text":"","ed_cta_demo_hidden":"","why_caption":"","why_editor_title":"","why_editor_text":"","why_team_title":"","why_team_text":"","why_service_title":"","why_service_text":"","template_catalog_visible":"","template_catalog_title":"","template_catalog_text":"","template_catalog_categories_visible":"","demo_title":"Zainstaluj osobist\u0105 wtyczk\u0119 na swojej stronie w zaledwie 1 minut\u0119!","demo_caption":"Sprawd\u017a nasz konfigurator, aby szybko stworzy\u0107 wtyczki!","default_faq_hidden":"","app_template_category":[],"platform":"180","template_public_id":"","codecanyon_url":"","codecanyon_item_id":"","codecanyon_price":"","pricing_caption":"","pricing_elfsight_apps_hide_column":"","pricing_elfsight_apps_url":"","pricing_codecanyon_price_caption":"","integration_category":[],"integration_request_title":"","integration_request_cta":"","integration_platform":"","integrations":[],"platform_category":[],"video_schema_markup":"","price":"od 0 USD \/ miesi\u0105c","trial":"","benefits":[{"text":"Bezp\u0142atna pomoc w monta\u017cu"},{"text":"Profesjonalna obs\u0142uga klienta"},{"text":"14-dniowa gwarancja zwrotu pieni\u0119dzy"}],"button_url":"#demo","button_target_blank":"","button_nofollow":"","attributes":[{"name":"Instaluje"},{"name":"Czu\u0142y"},{"name":"Kompatybilne przegl\u0105darki"}],"tags":[],"tags_disable_links":"","hide_more_platforms":"","video_object":"","demo_hide_cta":"","demo_hide_cloud_options":"","pricing_title":"","pricing":[{"pricing_icon":"platform","pricing_title":"Elfsight Apps","pricing_title_caption":"Rozwi\u0105zanie wieloplatformowe","pricing_price":"od 0 USD \/ miesi\u0105c","pricing_price_caption":"zacznij od bezp\u0142atnego planu","pricing_benefits":[{"text":"Nielimitowane strony internetowe"},{"text":"Ca\u0142odobowe wsparcie i dobrze udokumentowane"},{"text":"Bezp\u0142atna pomoc w instalacji"},{"text":"Elastyczny projekt"}],"pricing_button_text":"Dodaj do witryny","pricing_button_url":"#demo"}],"related_apps_title":"","related_apps_hidden":"","author":"","image":[],"title":"","job":"","social_networks":[]},"_links":{"self":[{"href":"https:\/\/elfsight.com\/pl\/wp-json\/wp\/v2\/pages\/4824","targetHints":{"allow":["GET"]}}],"collection":[{"href":"https:\/\/elfsight.com\/pl\/wp-json\/wp\/v2\/pages"}],"about":[{"href":"https:\/\/elfsight.com\/pl\/wp-json\/wp\/v2\/types\/page"}],"author":[{"embeddable":true,"href":"https:\/\/elfsight.com\/pl\/wp-json\/wp\/v2\/users\/9"}],"replies":[{"embeddable":true,"href":"https:\/\/elfsight.com\/pl\/wp-json\/wp\/v2\/comments?post=4824"}],"version-history":[{"count":1,"href":"https:\/\/elfsight.com\/pl\/wp-json\/wp\/v2\/pages\/4824\/revisions"}],"predecessor-version":[{"id":4828,"href":"https:\/\/elfsight.com\/pl\/wp-json\/wp\/v2\/pages\/4824\/revisions\/4828"}],"up":[{"embeddable":true,"href":"https:\/\/elfsight.com\/pl\/wp-json\/wp\/v2\/pages\/1879"}],"wp:attachment":[{"href":"https:\/\/elfsight.com\/pl\/wp-json\/wp\/v2\/media?parent=4824"}],"curies":[{"name":"wp","href":"https:\/\/api.w.org\/{rel}","templated":true}]}}